{"id":9972,"date":"2023-10-11T13:08:12","date_gmt":"2023-10-11T13:08:12","guid":{"rendered":"https:\/\/insulation.trocellen.com\/sostenibilita\/trocellens-lca-epd-certification\/"},"modified":"2024-07-22T11:21:30","modified_gmt":"2024-07-22T11:21:30","slug":"trocellens-lca-epd-certification","status":"publish","type":"page","link":"https:\/\/insulation.trocellen.com\/it\/sostenibilita\/trocellens-lca-epd-certification\/","title":{"rendered":"Certificazione EPD e studio LCA"},"content":{"rendered":"\n<p><em><strong>EPD <\/strong>(<strong>E<\/strong>nvironmental <strong>P<\/strong>roduct <strong>D<\/strong>eclaration) \u00e9 una certificazione volontaria  che descrive l&#8217;impatto ambientale di un prodotto o processo che si basa sull&#8217;analisi del Ciclo di Vita, <strong>Life Cycle Analysis (LCA), <\/strong><\/em>di quel prodotto o processo, e viene certificata da un ente terzo<em>. Lo studio LCA rappresenta la <strong>base di molte dichiarazioni ambientali  <\/strong>e sostenibili usate nel settore edile (per approfondire meglio l&#8217;argomento continuare la lettura)<\/em>.<\/p>\n\n\n\n<div class=\"wp-block-columns is-layout-flex wp-container-core-columns-is-layout-9d6595d7 wp-block-columns-is-layout-flex\">\n<div class=\"wp-block-column is-layout-flow wp-block-column-is-layout-flow\" style=\"flex-basis:66.66%\">\n<p style=\"font-size:19px\"><strong>Trocellen \u00e8 il primo produttore di schiuma PE<sup>(*)<\/sup> ad avere ottenuto la certificazione EPD per i suoi prodotti<\/strong>, a dimostrazione di quanta importanza l&#8217;azienda attribuisce agli aspetti ambientali. Il certificato non solo rende esplicita l\u2019impronta ecologica dell\u2019azienda sul mercato, ma consente anche l\u2019utilizzo dei prodotti Trocellen nei protocolli di bioedilizia in tutta Europa, <strong>Green building protocols throughout Europe.<\/strong><\/p>\n\n\n\n<p style=\"font-size:12px\"><sup>(*)<\/sup> produzione di schiuma in polietilene espanso e reticolato a celle chiuse<\/p>\n<\/div>\n\n\n\n<div class=\"wp-block-column is-layout-flow wp-block-column-is-layout-flow\" style=\"flex-basis:33.33%\"><div class=\"wp-block-image\">\n<figure class=\"aligncenter size-full\"><img loading=\"lazy\" decoding=\"async\" width=\"245\" height=\"59\" src=\"https:\/\/insulation.trocellen.com\/wp-content\/uploads\/sites\/6\/2023\/10\/EPD-logo.png\" alt=\"\" class=\"wp-image-9895\" \/><\/figure>\n<\/div><\/div>\n<\/div>\n\n\n\n<p>Per <strong>Trocellen <\/strong>la riduzione della sua impronta ambientale \u00e8 uno degli obiettivi strategici dei prossimi anni. Il primo passo \u00e8 stato quello di ottenere la <strong>certificazione EPD<\/strong> per le seguenti categorie di prodotto:<\/p>\n\n\n\n<div class=\"wp-block-columns are-vertically-aligned-center is-layout-flex wp-container-core-columns-is-layout-9d6595d7 wp-block-columns-is-layout-flex\">\n<div class=\"wp-block-column is-vertically-aligned-center is-layout-flow wp-block-column-is-layout-flow\">\n<p class=\"nomargin\"><strong>Trocellen N <\/strong>(schiuma di PE fossile)<\/p>\n<\/div>\n\n\n\n<div class=\"wp-block-column is-vertically-aligned-center is-layout-flow wp-block-column-is-layout-flow\">\n<div class=\"wp-block-buttons large is-layout-flex wp-block-buttons-is-layout-flex\">\n<div class=\"wp-block-button large\"><a class=\"wp-block-button__link wp-element-button\" href=\"https:\/\/www.environdec.com\/library\/epd4713\" target=\"_blank\" rel=\"noreferrer noopener\">Scarica il report<\/a><\/div>\n<\/div>\n<\/div>\n<\/div>\n\n\n\n<div class=\"wp-block-columns are-vertically-aligned-center is-layout-flex wp-container-core-columns-is-layout-9d6595d7 wp-block-columns-is-layout-flex\">\n<div class=\"wp-block-column is-vertically-aligned-center is-layout-flow wp-block-column-is-layout-flow\">\n<p class=\"nomargin\"><strong>Trocellen Tr-EECell <\/strong>(schiuma a base biologica)<\/p>\n<\/div>\n\n\n\n<div class=\"wp-block-column is-vertically-aligned-center is-layout-flow wp-block-column-is-layout-flow\">\n<div class=\"wp-block-buttons large is-layout-flex wp-block-buttons-is-layout-flex\">\n<div class=\"wp-block-button large\"><a class=\"wp-block-button__link wp-element-button\" href=\"https:\/\/www.environdec.com\/library\/epd4715\" target=\"_blank\" rel=\"noreferrer noopener\">Scarica il report<\/a><\/div>\n<\/div>\n<\/div>\n<\/div>\n\n\n\n<div class=\"wp-block-columns are-vertically-aligned-center is-layout-flex wp-container-core-columns-is-layout-9d6595d7 wp-block-columns-is-layout-flex\">\n<div class=\"wp-block-column is-vertically-aligned-center is-layout-flow wp-block-column-is-layout-flow\">\n<p class=\"nomargin\"><strong>Trocellen Trosil <\/strong>(schiuma utilizzata per l&#8217;isolamento  acustico di pavimenti e sottofondi)<\/p>\n<\/div>\n\n\n\n<div class=\"wp-block-column is-vertically-aligned-center is-layout-flow wp-block-column-is-layout-flow\">\n<div class=\"wp-block-buttons large is-layout-flex wp-block-buttons-is-layout-flex\">\n<div class=\"wp-block-button large\"><a class=\"wp-block-button__link wp-element-button\" href=\"https:\/\/www.environdec.com\/library\/epd4714\" target=\"_blank\" rel=\"noreferrer noopener\">Scarica il report<\/a><\/div>\n<\/div>\n<\/div>\n<\/div>\n\n\n\n<div class=\"wp-block-columns are-vertically-aligned-center is-layout-flex wp-container-core-columns-is-layout-9d6595d7 wp-block-columns-is-layout-flex\">\n<div class=\"wp-block-column is-vertically-aligned-center is-layout-flow wp-block-column-is-layout-flow\">\n<p class=\"nomargin\"><strong>Trocellen Class <\/strong>(schiuma per l&#8217;isolamento termico dei sistemi HVAC)<\/p>\n<\/div>\n\n\n\n<div class=\"wp-block-column is-vertically-aligned-center is-layout-flow wp-block-column-is-layout-flow\">\n<div class=\"wp-block-buttons large is-layout-flex wp-container-core-buttons-is-layout-c07eda73 wp-block-buttons-is-layout-flex\">\n<div class=\"wp-block-button large\"><a class=\"wp-block-button__link wp-element-button\" href=\"https:\/\/www.environdec.com\/library\/epd4708\" target=\"_blank\" rel=\"noreferrer noopener\">Scarica il report<\/a><\/div>\n<\/div>\n<\/div>\n<\/div>\n\n\n\n<p>Le certificazioni EPD sono pubblicate anche nel portale internazionale <em>Environdec<\/em> (<a href=\"https:\/\/www.environdec.com\/library\" target=\"_blank\" rel=\"noreferrer noopener\">https:\/\/www.environdec.com\/library<\/a>)<\/p>\n\n\n\n<p><em>N.B.: I dati dei prodotti nella certificazione EPD sono espressi <strong>in<\/strong> <strong>m<sup>2<\/sup><\/strong>.<\/em><\/p>\n\n\n\n<h2 class=\"wp-block-heading\">Cosa si intende esattamente per LCT, LCA, PCR?<\/h2>\n\n\n\n<p>Il settore delle costruzioni impatta in modo significativo sull&#8217;ambiente in particolare \u00e8 responsabile per oltre il 30% delle emissioni globali di CO2. \u00c8 quindi del tutto comprensibile che in questo settore debbano essere applicati sempre di pi\u00f9 i principi della sostenibilit\u00e0. Per questo si ricorre al cosiddetto <strong>Life Cycle Thinking (LCT)<\/strong>, ovvero l\u2019approccio che si utilizza per valutare la sostenibilit\u00e0 ambientale, economica e sociale di un prodotto (e\/o servizio), e all\u2019interno del quale si inserisce anche il concetto di <strong>Life Cycle Assessment (LCA)<\/strong>.<\/p>\n\n\n\n<div class=\"wp-block-columns is-layout-flex wp-container-core-columns-is-layout-9d6595d7 wp-block-columns-is-layout-flex\">\n<div class=\"wp-block-column is-layout-flow wp-block-column-is-layout-flow\" style=\"flex-basis:66.66%\">\n<p><span lang=\"EN-US\"><\/span>LCA \u00e8 un metodo analitico e sistematico che si avvale di specifici indicatori che consentono una valutazione a 360\u00b0 dei potenziali impatti ambientali di un processo (e\/o servizio) durante il suo intero ciclo di vita.<\/p>\n\n\n\n<p>Questi indicatori sono suddivisi in 3 principali gruppi:<\/p>\n\n\n\n<ul class=\"wp-block-list\">\n<li><strong>Atmosferico<\/strong>, che include il contributo alla formazione del buco dell&#8217;ozono o alle emissioni CO2.<\/li>\n\n\n\n<li><strong>Terrestre<\/strong>, identifica l&#8217;impatto sull&#8217;utilizzo di materie prime fossili e non fossili.<\/li>\n\n\n\n<li><strong>Acquatico<\/strong>, riguarda il consumo e l&#8217;inquinamento degli ambienti acquatici.<\/li>\n<\/ul>\n<\/div>\n\n\n\n<div class=\"wp-block-column is-layout-flow wp-block-column-is-layout-flow\" style=\"flex-basis:33.33%\">\n<figure class=\"wp-block-image size-full without-mask\"><img loading=\"lazy\" decoding=\"async\" width=\"250\" height=\"228\" src=\"https:\/\/insulation.trocellen.com\/wp-content\/uploads\/sites\/6\/2023\/10\/life-cycle-assessment.jpg\" alt=\"\" class=\"wp-image-9917\" \/><\/figure>\n<\/div>\n<\/div>\n\n\n\n<p>La valutazione delle fasi nell&#8217;ambito dello studio LCA \u00e8 meglio dettagliata nel seguente schema:<\/p>\n\n\n\n<figure class=\"wp-block-image size-full without-mask\"><img loading=\"lazy\" decoding=\"async\" width=\"770\" height=\"186\" src=\"https:\/\/insulation.trocellen.com\/wp-content\/uploads\/sites\/6\/2023\/10\/lca-study.jpg\" alt=\"\" class=\"wp-image-9909\" srcset=\"https:\/\/insulation.trocellen.com\/wp-content\/uploads\/sites\/6\/2023\/10\/lca-study.jpg 770w, https:\/\/insulation.trocellen.com\/wp-content\/uploads\/sites\/6\/2023\/10\/lca-study-300x72.jpg 300w, https:\/\/insulation.trocellen.com\/wp-content\/uploads\/sites\/6\/2023\/10\/lca-study-768x186.jpg 768w, https:\/\/insulation.trocellen.com\/wp-content\/uploads\/sites\/6\/2023\/10\/lca-study-570x138.jpg 570w, https:\/\/insulation.trocellen.com\/wp-content\/uploads\/sites\/6\/2023\/10\/lca-study-270x65.jpg 270w\" sizes=\"auto, (max-width: 770px) 100vw, 770px\" \/><\/figure>\n\n\n\n<p>Alcune di queste fasi (o tutte) vengono valutate secondo le regole <strong>PCR (Product Category Rules)<\/strong> a cui appartiene l&#8217;oggetto dell&#8217;analisi LCA. Le fasi studiate nel caso dei prodotti Trocellen sono le fasi A1-A2-A3-C2-C4.<\/p>\n","protected":false},"excerpt":{"rendered":"<p>EPD (Environmental Product Declaration) \u00e9 una certificazione volontaria che descrive l&#8217;impatto ambientale di un prodotto o processo che si basa sull&#8217;analisi del Ciclo di Vita, Life Cycle Analysis (LCA), di quel prodotto o processo, e viene certificata da un ente terzo. Lo studio LCA rappresenta la base di molte dichiarazioni ambientali e sostenibili usate nel [&hellip;]<\/p>\n","protected":false},"author":1,"featured_media":0,"parent":5719,"menu_order":150,"comment_status":"closed","ping_status":"closed","template":"","meta":{"_acf_changed":false,"footnotes":""},"class_list":["post-9972","page","type-page","status-publish","hentry"],"acf":[],"yoast_head":"<!-- This site is optimized with the Yoast SEO plugin v23.5 - https:\/\/yoast.com\/wordpress\/plugins\/seo\/ -->\n<title>Certificazione EPD e studio LCA - Trocellen Insulation<\/title>\n<meta name=\"robots\" content=\"index, follow, max-snippet:-1, max-image-preview:large, max-video-preview:-1\" \/>\n<link rel=\"canonical\" href=\"https:\/\/insulation.trocellen.com\/it\/sostenibilita\/trocellens-lca-epd-certification\/\" \/>\n<meta property=\"og:locale\" content=\"it_IT\" \/>\n<meta property=\"og:type\" content=\"article\" \/>\n<meta property=\"og:title\" content=\"Certificazione EPD e studio LCA - Trocellen Insulation\" \/>\n<meta property=\"og:description\" content=\"EPD (Environmental Product Declaration) \u00e9 una certificazione volontaria che descrive l&#8217;impatto ambientale di un prodotto o processo che si basa sull&#8217;analisi del Ciclo di Vita, Life Cycle Analysis (LCA), di quel prodotto o processo, e viene certificata da un ente terzo. Lo studio LCA rappresenta la base di molte dichiarazioni ambientali e sostenibili usate nel [&hellip;]\" \/>\n<meta property=\"og:url\" content=\"https:\/\/insulation.trocellen.com\/it\/sostenibilita\/trocellens-lca-epd-certification\/\" \/>\n<meta property=\"og:site_name\" content=\"Trocellen Insulation\" \/>\n<meta property=\"article:modified_time\" content=\"2024-07-22T11:21:30+00:00\" \/>\n<meta property=\"og:image\" content=\"https:\/\/insulation.trocellen.com\/wp-content\/uploads\/sites\/6\/2023\/10\/EPD-logo.png\" \/>\n<meta name=\"twitter:card\" content=\"summary_large_image\" \/>\n<meta name=\"twitter:label1\" content=\"Tempo di lettura stimato\" \/>\n\t<meta name=\"twitter:data1\" content=\"3 minuti\" \/>\n<script type=\"application\/ld+json\" class=\"yoast-schema-graph\">{\"@context\":\"https:\/\/schema.org\",\"@graph\":[{\"@type\":\"WebPage\",\"@id\":\"https:\/\/insulation.trocellen.com\/it\/sostenibilita\/trocellens-lca-epd-certification\/\",\"url\":\"https:\/\/insulation.trocellen.com\/it\/sostenibilita\/trocellens-lca-epd-certification\/\",\"name\":\"Certificazione EPD e studio LCA - Trocellen Insulation\",\"isPartOf\":{\"@id\":\"https:\/\/insulation.trocellen.com\/it\/#website\"},\"primaryImageOfPage\":{\"@id\":\"https:\/\/insulation.trocellen.com\/it\/sostenibilita\/trocellens-lca-epd-certification\/#primaryimage\"},\"image\":{\"@id\":\"https:\/\/insulation.trocellen.com\/it\/sostenibilita\/trocellens-lca-epd-certification\/#primaryimage\"},\"thumbnailUrl\":\"https:\/\/insulation.trocellen.com\/wp-content\/uploads\/sites\/6\/2023\/10\/EPD-logo.png\",\"datePublished\":\"2023-10-11T13:08:12+00:00\",\"dateModified\":\"2024-07-22T11:21:30+00:00\",\"breadcrumb\":{\"@id\":\"https:\/\/insulation.trocellen.com\/it\/sostenibilita\/trocellens-lca-epd-certification\/#breadcrumb\"},\"inLanguage\":\"it-IT\",\"potentialAction\":[{\"@type\":\"ReadAction\",\"target\":[\"https:\/\/insulation.trocellen.com\/it\/sostenibilita\/trocellens-lca-epd-certification\/\"]}]},{\"@type\":\"ImageObject\",\"inLanguage\":\"it-IT\",\"@id\":\"https:\/\/insulation.trocellen.com\/it\/sostenibilita\/trocellens-lca-epd-certification\/#primaryimage\",\"url\":\"https:\/\/insulation.trocellen.com\/wp-content\/uploads\/sites\/6\/2023\/10\/EPD-logo.png\",\"contentUrl\":\"https:\/\/insulation.trocellen.com\/wp-content\/uploads\/sites\/6\/2023\/10\/EPD-logo.png\"},{\"@type\":\"BreadcrumbList\",\"@id\":\"https:\/\/insulation.trocellen.com\/it\/sostenibilita\/trocellens-lca-epd-certification\/#breadcrumb\",\"itemListElement\":[{\"@type\":\"ListItem\",\"position\":1,\"name\":\"Home\",\"item\":\"https:\/\/insulation.trocellen.com\/it\/\"},{\"@type\":\"ListItem\",\"position\":2,\"name\":\"Sostenibilit\u00e0\",\"item\":\"https:\/\/insulation.trocellen.com\/it\/sostenibilita\/\"},{\"@type\":\"ListItem\",\"position\":3,\"name\":\"Certificazione EPD e studio LCA\"}]},{\"@type\":\"WebSite\",\"@id\":\"https:\/\/insulation.trocellen.com\/it\/#website\",\"url\":\"https:\/\/insulation.trocellen.com\/it\/\",\"name\":\"Trocellen Insulation\",\"description\":\"\",\"potentialAction\":[{\"@type\":\"SearchAction\",\"target\":{\"@type\":\"EntryPoint\",\"urlTemplate\":\"https:\/\/insulation.trocellen.com\/it\/?s={search_term_string}\"},\"query-input\":{\"@type\":\"PropertyValueSpecification\",\"valueRequired\":true,\"valueName\":\"search_term_string\"}}],\"inLanguage\":\"it-IT\"}]}<\/script>\n<!-- \/ Yoast SEO plugin. -->","yoast_head_json":{"title":"Certificazione EPD e studio LCA - Trocellen Insulation","robots":{"index":"index","follow":"follow","max-snippet":"max-snippet:-1","max-image-preview":"max-image-preview:large","max-video-preview":"max-video-preview:-1"},"canonical":"https:\/\/insulation.trocellen.com\/it\/sostenibilita\/trocellens-lca-epd-certification\/","og_locale":"it_IT","og_type":"article","og_title":"Certificazione EPD e studio LCA - Trocellen Insulation","og_description":"EPD (Environmental Product Declaration) \u00e9 una certificazione volontaria che descrive l&#8217;impatto ambientale di un prodotto o processo che si basa sull&#8217;analisi del Ciclo di Vita, Life Cycle Analysis (LCA), di quel prodotto o processo, e viene certificata da un ente terzo. Lo studio LCA rappresenta la base di molte dichiarazioni ambientali e sostenibili usate nel [&hellip;]","og_url":"https:\/\/insulation.trocellen.com\/it\/sostenibilita\/trocellens-lca-epd-certification\/","og_site_name":"Trocellen Insulation","article_modified_time":"2024-07-22T11:21:30+00:00","og_image":[{"url":"https:\/\/insulation.trocellen.com\/wp-content\/uploads\/sites\/6\/2023\/10\/EPD-logo.png"}],"twitter_card":"summary_large_image","twitter_misc":{"Tempo di lettura stimato":"3 minuti"},"schema":{"@context":"https:\/\/schema.org","@graph":[{"@type":"WebPage","@id":"https:\/\/insulation.trocellen.com\/it\/sostenibilita\/trocellens-lca-epd-certification\/","url":"https:\/\/insulation.trocellen.com\/it\/sostenibilita\/trocellens-lca-epd-certification\/","name":"Certificazione EPD e studio LCA - Trocellen Insulation","isPartOf":{"@id":"https:\/\/insulation.trocellen.com\/it\/#website"},"primaryImageOfPage":{"@id":"https:\/\/insulation.trocellen.com\/it\/sostenibilita\/trocellens-lca-epd-certification\/#primaryimage"},"image":{"@id":"https:\/\/insulation.trocellen.com\/it\/sostenibilita\/trocellens-lca-epd-certification\/#primaryimage"},"thumbnailUrl":"https:\/\/insulation.trocellen.com\/wp-content\/uploads\/sites\/6\/2023\/10\/EPD-logo.png","datePublished":"2023-10-11T13:08:12+00:00","dateModified":"2024-07-22T11:21:30+00:00","breadcrumb":{"@id":"https:\/\/insulation.trocellen.com\/it\/sostenibilita\/trocellens-lca-epd-certification\/#breadcrumb"},"inLanguage":"it-IT","potentialAction":[{"@type":"ReadAction","target":["https:\/\/insulation.trocellen.com\/it\/sostenibilita\/trocellens-lca-epd-certification\/"]}]},{"@type":"ImageObject","inLanguage":"it-IT","@id":"https:\/\/insulation.trocellen.com\/it\/sostenibilita\/trocellens-lca-epd-certification\/#primaryimage","url":"https:\/\/insulation.trocellen.com\/wp-content\/uploads\/sites\/6\/2023\/10\/EPD-logo.png","contentUrl":"https:\/\/insulation.trocellen.com\/wp-content\/uploads\/sites\/6\/2023\/10\/EPD-logo.png"},{"@type":"BreadcrumbList","@id":"https:\/\/insulation.trocellen.com\/it\/sostenibilita\/trocellens-lca-epd-certification\/#breadcrumb","itemListElement":[{"@type":"ListItem","position":1,"name":"Home","item":"https:\/\/insulation.trocellen.com\/it\/"},{"@type":"ListItem","position":2,"name":"Sostenibilit\u00e0","item":"https:\/\/insulation.trocellen.com\/it\/sostenibilita\/"},{"@type":"ListItem","position":3,"name":"Certificazione EPD e studio LCA"}]},{"@type":"WebSite","@id":"https:\/\/insulation.trocellen.com\/it\/#website","url":"https:\/\/insulation.trocellen.com\/it\/","name":"Trocellen Insulation","description":"","potentialAction":[{"@type":"SearchAction","target":{"@type":"EntryPoint","urlTemplate":"https:\/\/insulation.trocellen.com\/it\/?s={search_term_string}"},"query-input":{"@type":"PropertyValueSpecification","valueRequired":true,"valueName":"search_term_string"}}],"inLanguage":"it-IT"}]}},"_links":{"self":[{"href":"https:\/\/insulation.trocellen.com\/it\/wp-json\/wp\/v2\/pages\/9972","targetHints":{"allow":["GET"]}}],"collection":[{"href":"https:\/\/insulation.trocellen.com\/it\/wp-json\/wp\/v2\/pages"}],"about":[{"href":"https:\/\/insulation.trocellen.com\/it\/wp-json\/wp\/v2\/types\/page"}],"author":[{"embeddable":true,"href":"https:\/\/insulation.trocellen.com\/it\/wp-json\/wp\/v2\/users\/1"}],"replies":[{"embeddable":true,"href":"https:\/\/insulation.trocellen.com\/it\/wp-json\/wp\/v2\/comments?post=9972"}],"version-history":[{"count":9,"href":"https:\/\/insulation.trocellen.com\/it\/wp-json\/wp\/v2\/pages\/9972\/revisions"}],"predecessor-version":[{"id":10895,"href":"https:\/\/insulation.trocellen.com\/it\/wp-json\/wp\/v2\/pages\/9972\/revisions\/10895"}],"up":[{"embeddable":true,"href":"https:\/\/insulation.trocellen.com\/it\/wp-json\/wp\/v2\/pages\/5719"}],"wp:attachment":[{"href":"https:\/\/insulation.trocellen.com\/it\/wp-json\/wp\/v2\/media?parent=9972"}],"curies":[{"name":"wp","href":"https:\/\/api.w.org\/{rel}","templated":true}]}}