{"id":4943,"date":"2023-01-27T10:07:50","date_gmt":"2023-01-27T10:07:50","guid":{"rendered":"https:\/\/insulation-new.trocellen.com\/applications\/trocellen-class-train\/"},"modified":"2024-04-09T12:09:29","modified_gmt":"2024-04-09T12:09:29","slug":"ferroviario","status":"publish","type":"page","link":"https:\/\/insulation.trocellen.com\/it\/applicazioni\/ferroviario\/","title":{"rendered":"Ferroviario"},"content":{"rendered":"\n<p>TROCELLEN CLASS TRAIN \u00e8 la linea di prodotti certificati per l\u2019impiego in ambito ferroviario. Realizzati in polietilene reticolato espanso a celle chiuse sono accoppiati, da un lato, con un foglio di alluminio. Il prodotto \u00e8 disponibile in rotoli adesivizzati, in spessori da 3 a 40 mm.<\/p>\n\n\n\n<p>TROCELLEN CLASS TRAIN \u00e8 certificato <strong>R1 HL3<\/strong>, in conformit\u00e0 alla norma <strong>EN 45545-2 <\/strong>\u201cApplicazioni ferroviarie \u2013 Protezione al fuoco per i rotabili ferroviari. Parte 2: Requisiti per il comportamento al fuoco di materiali e componenti\u201d. Le norme della serie EN 45545 indicano i requisiti dei materiali e dei componenti da installare all\u2019interno del veicolo ferroviario affinch\u00e8 sia garantita la protezione dal fuoco dei passeggeri e dello staff, in caso di incendio a bordo. Tali norme introducono il concetto di livello di rischio di un veicolo (HL1, HL2 o HL3, in funzione della pericolosit\u00e0 crescente), come combinazione di due elementi: la categoria operativa (OC) e la categoria di progetto, ovvero la tipologia di rotabile.<\/p>\n\n\n\n<h3 class=\"wp-block-heading\">HAZARD<\/h3>\n\n\n<table class=\"green-table\" cellspacing=\"0\" cellpadding=\"0\" border=\"0\">\n<tbody>\n<tr>\n<th>&nbsp;<\/th>\n<th style=\"text-align: center\" colspan=\"4\"><strong> CATEGORIE DI PROGETTO<\/strong><\/th>\n<\/tr>\n<tr>\n<th style=\"text-align: center\">CATEGORIE OPERATIVE (OC)<\/th>\n<th style=\"text-align: center\" valign=\"top\"><strong>N<\/strong><br \/>Veicoli <br \/>standard<\/th>\n<th style=\"text-align: center\" valign=\"top\"><strong>A<\/strong><br \/>Veicoli di un treno automatico privo <br \/>di personale di bordo addestrato <br \/>per le emergenze<\/th>\n<th style=\"text-align: center\" valign=\"top\"><strong>D<\/strong><br \/>Veicoli <br \/>a due piani<\/th>\n<th style=\"text-align: center\" valign=\"top\"><strong>S<\/strong><br \/>Carrozze letto <br \/>e cuccette<\/th>\n<\/tr>\n<tr>\n<td><strong>OC 1<\/strong> <br \/>Veicoli per interventi sulle infrastrutture; tali veicoli possono <br \/>essere fermati con un minimo ritardo ed \u00e8 sempre disponibile un\u2019area di sicurezza immediatamente raggiungibile<\/td>\n<td style=\"text-align: center\">HL1<\/td>\n<td style=\"text-align: center\">HL1<\/td>\n<td style=\"text-align: center\">HL1<\/td>\n<td style=\"text-align: center\">HL2<\/td>\n<\/tr>\n<tr>\n<td><strong>OC 2<\/strong> <br \/>Veicoli per operazioni in sezioni sotterranee, tunnel o strutture in elevazione con area di evacuazione; sono presenti stazioni di ricovero, che possano offrire un riparo sicuro ai passeggeri, raggiungibili mediante un breve tragitto a piedi<\/td>\n<td style=\"text-align: center\">HL2<\/td>\n<td style=\"text-align: center\">HL2<\/td>\n<td style=\"text-align: center\">HL2<\/td>\n<td style=\"text-align: center\">HL2<\/td>\n<\/tr>\n<tr>\n<td><strong>OC 3<\/strong> <br \/>Veicoli per operazioni in sezioni sotterranee, tunnel o strutture in elevazione con area di evacuazione; sono presenti stazioni di ricovero, che possano offrire un riparo sicuro ai passeggeri, raggiungibili mediante un lungo tragitto a piedi<\/td>\n<td style=\"text-align: center\">HL2<\/td>\n<td style=\"text-align: center\">HL2<\/td>\n<td style=\"text-align: center\">HL2<\/td>\n<td style=\"text-align: center\">HL3<\/td>\n<\/tr>\n<tr>\n<td><strong>OC 4<\/strong> <br \/>Veicoli per operazioni in sezioni sotterranee, tunnel o strutture in elevazione senza area di evacuazione; sono presenti stazioni di ricovero, che possano offrire un riparo sicuro ai passeggeri, raggiungibili mediante un breve tragitto a piedi<\/td>\n<td style=\"text-align: center\">HL3<\/td>\n<td style=\"text-align: center\">HL3<\/td>\n<td style=\"text-align: center\">HL3<\/td>\n<td style=\"text-align: center\">HL3<\/td>\n<\/tr>\n<\/tbody>\n<\/table>\n\n\n<p>In base al tipo di prodotto da installare e alla sua collocazione all\u2019interno del veicolo ferroviario, la EN 45545-2 indica 26 requisiti da soddisfare. R1 \u00e8 il requisito specifico per i materiali isolanti.<\/p>\n\n\n\n<p>Per ciascun requisito vengono determinati i tests da eseguire, i parametri da valutare e i valori da soddisfare a seconda dei corrispondenti livelli di rischio (da HL1 a HL3).<\/p>\n\n\n\n<h3 class=\"wp-block-heading\">REQUISITI DEI MATERIALI PER R1<\/h3>\n\n\n<table class=\"green-table\" cellspacing=\"0\" cellpadding=\"0\" border=\"0\">\n<tbody>\n<tr>\n<th style=\"text-align: center\"><strong>R1: <\/strong><\/th>\n<th style=\"text-align: center\">Riferimento metodo <br \/>di test<\/th>\n<th style=\"text-align: center\">Parametro <br \/>ed unit\u00e0<\/th>\n<th style=\"text-align: center\">Massimo <br \/>o minimo<\/th>\n<th style=\"text-align: center\"><strong>HL1<\/strong><\/th>\n<th style=\"text-align: center\"><strong>HL2<\/strong><\/th>\n<th style=\"text-align: center\"><strong>HL3<\/strong><\/th>\n<\/tr>\n<tr>\n<td rowspan=\"5\"><strong>IN11<\/strong> \u2013 Superfici verticali interne (muri, partizioni, porte, finestre, materiali isolanti, superfici interne cucina\u2026)<br \/><strong>IN1B<\/strong> \u2013 Superfici orizzontali interne rivolte verso il basso (controsoffitti, materiali isolanti\u2026)<br \/><strong>IN1D<\/strong> \u2013 Superfici interne con cavit\u00e0 (orizzontali e verticali)<br \/><strong>IN1E<\/strong> \u2013 Superfici esterne di involucri contenenti attrezzature tecniche (all\u2019interno della scocca)<br \/><strong>IN4<\/strong> \u2013 Aree di deposito bagagli <br \/><strong>IN5<\/strong> \u2013 Postazione del conducente (pannellature e superfici della postazione del conducente)<br \/><strong>IN6A<\/strong> \u2013 Superfici interne delle passerelle (lato interno\/rivestimento della passerella)<br \/><strong>IN7 <\/strong>\u2013 Telai dei serramenti (inclusi sigillanti e guarnizioni)<br \/><strong>IN8 <\/strong>\u2013 Tende e parasoli nelle aree\/compartimenti passeggeri\/staff<br \/><strong>IN9B<\/strong> \u2013&nbsp;Superfici rivolte verso il basso di tavoli\/tavoli pieghevoli <br \/><strong>IN11<\/strong> \u2013 Cestini e posaceneri<br \/><strong>IN12A<\/strong> \u2013 Canali di ventilazione \u2013 superfici interne<br \/><strong>IN12B<\/strong> \u2013 Canali di ventilazione \u2013 superfici esterne<br \/><strong>IN14 <\/strong>\u2013 Dispositivi di informazione passeggeri (display delle informazioni nelle aree passeggeri)<br \/><strong>F5 <\/strong>\u2013 Inferiori di cuccette e posti letto<\/td>\n<td style=\"text-align: center\">T02 <br \/>ISO 5658-2<\/td>\n<td style=\"text-align: center\">CFE <br \/>kW\/m\u00b2<\/td>\n<td style=\"text-align: center\">Minimo<\/td>\n<td style=\"text-align: center\">20*<\/td>\n<td style=\"text-align: center\">20*<\/td>\n<td style=\"text-align: center\">20*<\/td>\n<\/tr>\n<tr>\n<td style=\"text-align: center\">T03.01 <br \/>ISO 5660-1: 50 kW\/m\u00b2<\/td>\n<td style=\"text-align: center\">MARHE <br \/>kW\/m\u00b2<\/td>\n<td style=\"text-align: center\">Massimo<\/td>\n<td style=\"text-align: center\">\u2013 *<\/td>\n<td style=\"text-align: center\">90<\/td>\n<td style=\"text-align: center\">60<\/td>\n<\/tr>\n<tr>\n<td style=\"text-align: center\">T10.01 <br \/>EN ISO 5659-2: <br \/>50 kW\/m\u00b2<\/td>\n<td style=\"text-align: center\">Ds(4) <br \/>adimensional<\/td>\n<td style=\"text-align: center\">Massimo<\/td>\n<td style=\"text-align: center\">600<\/td>\n<td style=\"text-align: center\">300<\/td>\n<td style=\"text-align: center\">150<\/td>\n<\/tr>\n<tr>\n<td style=\"text-align: center\">T10.02 <br \/>EN ISO 5659-2: <br \/>50 kW\/m\u00b2<\/td>\n<td style=\"text-align: center\">VOF4 min<\/td>\n<td style=\"text-align: center\">Massimo<\/td>\n<td style=\"text-align: center\">1.200<\/td>\n<td style=\"text-align: center\">600<\/td>\n<td style=\"text-align: center\">300<\/td>\n<\/tr>\n<tr>\n<td style=\"text-align: center\">T11.01 <br \/>EN ISO 5659-2: <br \/>50 kW\/m\u00b2<\/td>\n<td style=\"text-align: center\">CITG <br \/>adimensional<\/td>\n<td style=\"text-align: center\">Massimo<\/td>\n<td style=\"text-align: center\">1,2<\/td>\n<td style=\"text-align: center\">0,9<\/td>\n<td style=\"text-align: center\">0,75<\/td>\n<\/tr>\n<\/tbody>\n<\/table>\n\n\n<h3 class=\"wp-block-heading\">CARATTERISTICHE<\/h3>\n\n\n\n<p>TROCELLEN CLASS TRAIN rappresenta la soluzione ideale per l\u2019isolamento termico e la protezione antincendio nel settore ferroviario.<\/p>\n\n\n\n<p>Caratteristiche e vantaggi:<\/p>\n\n\n\n<ul class=\"wp-block-list\">\n<li>realizzato in polietilene espanso di lunga durata;<\/li>\n\n\n\n<li>ottima reazione al fuoco;<\/li>\n\n\n\n<li>classificato <strong>R1 HL3 <\/strong>secondo <strong>EN 45545-2<\/strong>;<\/li>\n\n\n\n<li>installabile in ogni categoria di rotabile, anche in carrozze letto e cuccette;<\/li>\n\n\n\n<li>ottima conducibilit\u00e0 termica (\u03bb a 0 \u00b0C: 0,038 W\/mK);<\/li>\n\n\n\n<li>valore costante dell\u2019isolamento per almeno 23 anni, probabilmente anche di pi\u00f9*;<\/li>\n\n\n\n<li>a celle chiuse, inibisce l\u2019assorbimento di acqua;<\/li>\n\n\n\n<li>pulito, non tossico, resistente a funghi e batteri, inodore;<\/li>\n\n\n\n<li>flessibile per l\u2019adattamento ad angoli impervi, ma altamente resistente agli strappi;<\/li>\n\n\n\n<li>economicamente vantaggioso.<\/li>\n<\/ul>\n\n\n\n<p>*I prodotti <code><strong>TROCELLEN <\/strong><\/code>testati dopo 23 anni di operativit\u00e0 hanno evidenziato il medesimo potere isolante. Test reports disponibili su richiesta.<\/p>\n\n\n<table class=\"green-table\" cellspacing=\"0\" cellpadding=\"0\" border=\"0\">\n<tbody>\n<tr>\n<th style=\"text-align: center\" colspan=\"4\">SCHEDA PRODOTTO<\/th>\n<\/tr>\n<tr>\n<th style=\"text-align: center\">Caratteristiche tecniche<\/th>\n<th style=\"text-align: center\"><strong>Norma<\/strong><\/th>\n<th style=\"text-align: center\">Unit\u00e0 <br \/>di misura<\/th>\n<th style=\"text-align: center\"><strong>&nbsp;Trocellen Class Train ALU adesivo<\/strong><\/th>\n<\/tr>\n<tr>\n<td>Classe di reazione al fuoco<\/td>\n<td style=\"text-align: center\">EN 45545-2<\/td>\n<td style=\"text-align: center\">\u2013<\/td>\n<td style=\"text-align: center\">R1 HL3<\/td>\n<\/tr>\n<tr>\n<td>Coefficiente di conducibilit\u00e0 termica a 0 \u00b0C (l)<\/td>\n<td style=\"text-align: center\">EN 12667<\/td>\n<td style=\"text-align: center\">W\/mK <br \/>kcal\/mh\u00b0C<\/td>\n<td style=\"text-align: center\">0,038<br \/>0,032<\/td>\n<\/tr>\n<tr>\n<td>Coefficiente di conducibilit\u00e0 termica a 23&nbsp;\u00b0C &nbsp;(l)<\/td>\n<td style=\"text-align: center\">EN 12667<\/td>\n<td style=\"text-align: center\">W\/mK <br \/>kcal\/mh\u00b0C<\/td>\n<td style=\"text-align: center\">0,040 <br \/>0,034<\/td>\n<\/tr>\n<tr>\n<td>Coefficiente di conducibilit\u00e0 termica a 40 \u00b0C (l)<\/td>\n<td style=\"text-align: center\">EN 12667<\/td>\n<td style=\"text-align: center\">W\/mK <br \/>kcal\/mh\u00b0C<\/td>\n<td style=\"text-align: center\">0,042 <br \/>0,036<\/td>\n<\/tr>\n<tr>\n<td>Coefficiente di resistenza alla diffusione del vapore acqueo (\u00b5)<\/td>\n<td style=\"text-align: center\">EN 10456<\/td>\n<td style=\"text-align: center\">\u2013<\/td>\n<td style=\"text-align: center\">\u2265 15000<\/td>\n<\/tr>\n<tr>\n<td>Densit\u00e0 (PE)<\/td>\n<td style=\"text-align: center\">EN ISO 845<\/td>\n<td style=\"text-align: center\">kg\/m\u00b3<\/td>\n<td style=\"text-align: center\">30<\/td>\n<\/tr>\n<tr>\n<td>Spessore<\/td>\n<td style=\"text-align: center\">EN ISO 1923<\/td>\n<td style=\"text-align: center\">mm<\/td>\n<td style=\"text-align: center\">da 3 a 40 (Vedi specifiche base)<\/td>\n<\/tr>\n<tr>\n<td>Colore<\/td>\n<td style=\"text-align: center\">Spec. BASE<\/td>\n<td style=\"text-align: center\">\u2013<\/td>\n<td style=\"text-align: center\">azzurro + foglio di alluminio &nbsp;<\/td>\n<\/tr>\n<tr>\n<td>Resistenza alla compressione al 25%<\/td>\n<td style=\"text-align: center\">EN ISO 3386\/1<\/td>\n<td style=\"text-align: center\">kPa<\/td>\n<td style=\"text-align: center\">35<\/td>\n<\/tr>\n<tr>\n<td>Resistenza alla compressione al 50%<\/td>\n<td style=\"text-align: center\">EN ISO 3386\/1<\/td>\n<td style=\"text-align: center\">kPa<\/td>\n<td style=\"text-align: center\">95<\/td>\n<\/tr>\n<tr>\n<td>Assorbimento d\u2019acqua dopo 28gg<\/td>\n<td style=\"text-align: center\">ISO 2896<\/td>\n<td style=\"text-align: center\">Vol.%<\/td>\n<td style=\"text-align: center\">&lt;3<\/td>\n<\/tr>\n<tr>\n<td>Stabilit\u00e0 dimensionale (&lt;5%)<\/td>\n<td style=\"text-align: center\">ISO 2796<\/td>\n<td style=\"text-align: center\">\u00b0C<\/td>\n<td style=\"text-align: center\">100<\/td>\n<\/tr>\n<tr>\n<td>Massime temperature d\u2019impiego<\/td>\n<td style=\"text-align: center\">&nbsp;<\/td>\n<td style=\"text-align: center\">\u00b0C<\/td>\n<td style=\"text-align: center\">-80\u00f7 +100<\/td>\n<\/tr>\n<tr>\n<td>Temperatura d\u2019impiego con sollecitazione <br \/>meccanica<\/td>\n<td style=\"text-align: center\">&nbsp;<\/td>\n<td style=\"text-align: center\">\u00b0C<\/td>\n<td style=\"text-align: center\">-40\u00f7 +100<\/td>\n<\/tr>\n<\/tbody>\n<\/table>\n\n\n<h2 class=\"wp-block-heading\">VOCI DI CAPITOLATO<\/h2>\n\n\n\n<h3 class=\"wp-block-heading has-text-color\" style=\"color:#4ea346;font-size:26px\"><strong>TROCELLEN CLASS TRAIN ALU ADESIVO<\/strong><\/h3>\n\n\n\n<p>Polietilene reticolato chimicamente, a celle chiuse, densit\u00e0 30 kg\/m3, color azzurro, adesivo da un lato e accoppiato, dall\u2019altro lato, con un foglio di alluminio.<br>Utilizzabile per l\u2019isolamento termico e la protezione dal fuoco per il settore ferroviario.<\/p>\n\n\n\n<ul class=\"wp-block-list\">\n<li>Reazione al fuoco: classificato R1 HL3, secondo la norma EN 45545-2<\/li>\n\n\n\n<li>Coefficiente di conducibilit\u00e0 termica a 0 \u00b0C (\u03bb) = 0,038 W\/mK (0,032 kcal\/mh\u00b0C)<\/li>\n\n\n\n<li>Coefficiente di resistenza alla diffusione del vapore acqueo (\u03bc) \u2265 15000.<\/li>\n<\/ul>\n","protected":false},"excerpt":{"rendered":"<p>TROCELLEN CLASS TRAIN \u00e8 la linea di prodotti certificati per l\u2019impiego in ambito ferroviario. Realizzati in polietilene reticolato espanso a celle chiuse sono accoppiati, da un lato, con un foglio di alluminio. Il prodotto \u00e8 disponibile in rotoli adesivizzati, in spessori da 3 a 40 mm. TROCELLEN CLASS TRAIN \u00e8 certificato R1 HL3, in conformit\u00e0 [&hellip;]<\/p>\n","protected":false},"author":1,"featured_media":8877,"parent":4887,"menu_order":670,"comment_status":"closed","ping_status":"closed","template":"templates\/marine-train-application.php","meta":{"_acf_changed":false,"footnotes":""},"class_list":["post-4943","page","type-page","status-publish","has-post-thumbnail","hentry"],"acf":[],"yoast_head":"<!-- This site is optimized with the Yoast SEO plugin v23.5 - https:\/\/yoast.com\/wordpress\/plugins\/seo\/ -->\n<title>TROCELLEN CLASS TRAIN linea prodotti certificati per ferrovie<\/title>\n<meta name=\"description\" content=\"TROCELLEN CLASS TRAIN \u00e8 la soluzione ideale per l\u2019isolamento termico dei veicoli ferroviari, con un\u2019ottima resistenza al fuoco. \u00c8 certificato R1 HL3.\" \/>\n<meta name=\"robots\" content=\"index, follow, max-snippet:-1, max-image-preview:large, max-video-preview:-1\" \/>\n<link rel=\"canonical\" href=\"https:\/\/insulation.trocellen.com\/it\/applicazioni\/ferroviario\/\" \/>\n<meta property=\"og:locale\" content=\"it_IT\" \/>\n<meta property=\"og:type\" content=\"article\" \/>\n<meta property=\"og:title\" content=\"TROCELLEN CLASS TRAIN linea prodotti certificati per ferrovie\" \/>\n<meta property=\"og:description\" content=\"TROCELLEN CLASS TRAIN \u00e8 la soluzione ideale per l\u2019isolamento termico dei veicoli ferroviari, con un\u2019ottima resistenza al fuoco. \u00c8 certificato R1 HL3.\" \/>\n<meta property=\"og:url\" content=\"https:\/\/insulation.trocellen.com\/it\/applicazioni\/ferroviario\/\" \/>\n<meta property=\"og:site_name\" content=\"Trocellen Insulation\" \/>\n<meta property=\"article:modified_time\" content=\"2024-04-09T12:09:29+00:00\" \/>\n<meta property=\"og:image\" content=\"https:\/\/insulation.trocellen.com\/wp-content\/uploads\/sites\/6\/2023\/05\/train-fejlec.jpg\" \/>\n\t<meta property=\"og:image:width\" content=\"1920\" \/>\n\t<meta property=\"og:image:height\" content=\"300\" \/>\n\t<meta property=\"og:image:type\" content=\"image\/jpeg\" \/>\n<meta name=\"twitter:card\" content=\"summary_large_image\" \/>\n<meta name=\"twitter:label1\" content=\"Tempo di lettura stimato\" \/>\n\t<meta name=\"twitter:data1\" content=\"5 minuti\" \/>\n<script type=\"application\/ld+json\" class=\"yoast-schema-graph\">{\"@context\":\"https:\/\/schema.org\",\"@graph\":[{\"@type\":\"WebPage\",\"@id\":\"https:\/\/insulation.trocellen.com\/it\/applicazioni\/ferroviario\/\",\"url\":\"https:\/\/insulation.trocellen.com\/it\/applicazioni\/ferroviario\/\",\"name\":\"TROCELLEN CLASS TRAIN linea prodotti certificati per ferrovie\",\"isPartOf\":{\"@id\":\"https:\/\/insulation.trocellen.com\/it\/#website\"},\"primaryImageOfPage\":{\"@id\":\"https:\/\/insulation.trocellen.com\/it\/applicazioni\/ferroviario\/#primaryimage\"},\"image\":{\"@id\":\"https:\/\/insulation.trocellen.com\/it\/applicazioni\/ferroviario\/#primaryimage\"},\"thumbnailUrl\":\"https:\/\/insulation.trocellen.com\/wp-content\/uploads\/sites\/6\/2023\/05\/train-fejlec.jpg\",\"datePublished\":\"2023-01-27T10:07:50+00:00\",\"dateModified\":\"2024-04-09T12:09:29+00:00\",\"description\":\"TROCELLEN CLASS TRAIN \u00e8 la soluzione ideale per l\u2019isolamento termico dei veicoli ferroviari, con un\u2019ottima resistenza al fuoco. \u00c8 certificato R1 HL3.\",\"breadcrumb\":{\"@id\":\"https:\/\/insulation.trocellen.com\/it\/applicazioni\/ferroviario\/#breadcrumb\"},\"inLanguage\":\"it-IT\",\"potentialAction\":[{\"@type\":\"ReadAction\",\"target\":[\"https:\/\/insulation.trocellen.com\/it\/applicazioni\/ferroviario\/\"]}]},{\"@type\":\"ImageObject\",\"inLanguage\":\"it-IT\",\"@id\":\"https:\/\/insulation.trocellen.com\/it\/applicazioni\/ferroviario\/#primaryimage\",\"url\":\"https:\/\/insulation.trocellen.com\/wp-content\/uploads\/sites\/6\/2023\/05\/train-fejlec.jpg\",\"contentUrl\":\"https:\/\/insulation.trocellen.com\/wp-content\/uploads\/sites\/6\/2023\/05\/train-fejlec.jpg\",\"width\":1920,\"height\":300},{\"@type\":\"BreadcrumbList\",\"@id\":\"https:\/\/insulation.trocellen.com\/it\/applicazioni\/ferroviario\/#breadcrumb\",\"itemListElement\":[{\"@type\":\"ListItem\",\"position\":1,\"name\":\"Home\",\"item\":\"https:\/\/insulation.trocellen.com\/it\/\"},{\"@type\":\"ListItem\",\"position\":2,\"name\":\"Applicazioni\",\"item\":\"https:\/\/insulation.trocellen.com\/it\/applicazioni\/\"},{\"@type\":\"ListItem\",\"position\":3,\"name\":\"Ferroviario\"}]},{\"@type\":\"WebSite\",\"@id\":\"https:\/\/insulation.trocellen.com\/it\/#website\",\"url\":\"https:\/\/insulation.trocellen.com\/it\/\",\"name\":\"Trocellen Insulation\",\"description\":\"\",\"potentialAction\":[{\"@type\":\"SearchAction\",\"target\":{\"@type\":\"EntryPoint\",\"urlTemplate\":\"https:\/\/insulation.trocellen.com\/it\/?s={search_term_string}\"},\"query-input\":{\"@type\":\"PropertyValueSpecification\",\"valueRequired\":true,\"valueName\":\"search_term_string\"}}],\"inLanguage\":\"it-IT\"}]}<\/script>\n<!-- \/ Yoast SEO plugin. -->","yoast_head_json":{"title":"TROCELLEN CLASS TRAIN linea prodotti certificati per ferrovie","description":"TROCELLEN CLASS TRAIN \u00e8 la soluzione ideale per l\u2019isolamento termico dei veicoli ferroviari, con un\u2019ottima resistenza al fuoco. \u00c8 certificato R1 HL3.","robots":{"index":"index","follow":"follow","max-snippet":"max-snippet:-1","max-image-preview":"max-image-preview:large","max-video-preview":"max-video-preview:-1"},"canonical":"https:\/\/insulation.trocellen.com\/it\/applicazioni\/ferroviario\/","og_locale":"it_IT","og_type":"article","og_title":"TROCELLEN CLASS TRAIN linea prodotti certificati per ferrovie","og_description":"TROCELLEN CLASS TRAIN \u00e8 la soluzione ideale per l\u2019isolamento termico dei veicoli ferroviari, con un\u2019ottima resistenza al fuoco. \u00c8 certificato R1 HL3.","og_url":"https:\/\/insulation.trocellen.com\/it\/applicazioni\/ferroviario\/","og_site_name":"Trocellen Insulation","article_modified_time":"2024-04-09T12:09:29+00:00","og_image":[{"width":1920,"height":300,"url":"https:\/\/insulation.trocellen.com\/wp-content\/uploads\/sites\/6\/2023\/05\/train-fejlec.jpg","type":"image\/jpeg"}],"twitter_card":"summary_large_image","twitter_misc":{"Tempo di lettura stimato":"5 minuti"},"schema":{"@context":"https:\/\/schema.org","@graph":[{"@type":"WebPage","@id":"https:\/\/insulation.trocellen.com\/it\/applicazioni\/ferroviario\/","url":"https:\/\/insulation.trocellen.com\/it\/applicazioni\/ferroviario\/","name":"TROCELLEN CLASS TRAIN linea prodotti certificati per ferrovie","isPartOf":{"@id":"https:\/\/insulation.trocellen.com\/it\/#website"},"primaryImageOfPage":{"@id":"https:\/\/insulation.trocellen.com\/it\/applicazioni\/ferroviario\/#primaryimage"},"image":{"@id":"https:\/\/insulation.trocellen.com\/it\/applicazioni\/ferroviario\/#primaryimage"},"thumbnailUrl":"https:\/\/insulation.trocellen.com\/wp-content\/uploads\/sites\/6\/2023\/05\/train-fejlec.jpg","datePublished":"2023-01-27T10:07:50+00:00","dateModified":"2024-04-09T12:09:29+00:00","description":"TROCELLEN CLASS TRAIN \u00e8 la soluzione ideale per l\u2019isolamento termico dei veicoli ferroviari, con un\u2019ottima resistenza al fuoco. \u00c8 certificato R1 HL3.","breadcrumb":{"@id":"https:\/\/insulation.trocellen.com\/it\/applicazioni\/ferroviario\/#breadcrumb"},"inLanguage":"it-IT","potentialAction":[{"@type":"ReadAction","target":["https:\/\/insulation.trocellen.com\/it\/applicazioni\/ferroviario\/"]}]},{"@type":"ImageObject","inLanguage":"it-IT","@id":"https:\/\/insulation.trocellen.com\/it\/applicazioni\/ferroviario\/#primaryimage","url":"https:\/\/insulation.trocellen.com\/wp-content\/uploads\/sites\/6\/2023\/05\/train-fejlec.jpg","contentUrl":"https:\/\/insulation.trocellen.com\/wp-content\/uploads\/sites\/6\/2023\/05\/train-fejlec.jpg","width":1920,"height":300},{"@type":"BreadcrumbList","@id":"https:\/\/insulation.trocellen.com\/it\/applicazioni\/ferroviario\/#breadcrumb","itemListElement":[{"@type":"ListItem","position":1,"name":"Home","item":"https:\/\/insulation.trocellen.com\/it\/"},{"@type":"ListItem","position":2,"name":"Applicazioni","item":"https:\/\/insulation.trocellen.com\/it\/applicazioni\/"},{"@type":"ListItem","position":3,"name":"Ferroviario"}]},{"@type":"WebSite","@id":"https:\/\/insulation.trocellen.com\/it\/#website","url":"https:\/\/insulation.trocellen.com\/it\/","name":"Trocellen Insulation","description":"","potentialAction":[{"@type":"SearchAction","target":{"@type":"EntryPoint","urlTemplate":"https:\/\/insulation.trocellen.com\/it\/?s={search_term_string}"},"query-input":{"@type":"PropertyValueSpecification","valueRequired":true,"valueName":"search_term_string"}}],"inLanguage":"it-IT"}]}},"_links":{"self":[{"href":"https:\/\/insulation.trocellen.com\/it\/wp-json\/wp\/v2\/pages\/4943","targetHints":{"allow":["GET"]}}],"collection":[{"href":"https:\/\/insulation.trocellen.com\/it\/wp-json\/wp\/v2\/pages"}],"about":[{"href":"https:\/\/insulation.trocellen.com\/it\/wp-json\/wp\/v2\/types\/page"}],"author":[{"embeddable":true,"href":"https:\/\/insulation.trocellen.com\/it\/wp-json\/wp\/v2\/users\/1"}],"replies":[{"embeddable":true,"href":"https:\/\/insulation.trocellen.com\/it\/wp-json\/wp\/v2\/comments?post=4943"}],"version-history":[{"count":7,"href":"https:\/\/insulation.trocellen.com\/it\/wp-json\/wp\/v2\/pages\/4943\/revisions"}],"predecessor-version":[{"id":10787,"href":"https:\/\/insulation.trocellen.com\/it\/wp-json\/wp\/v2\/pages\/4943\/revisions\/10787"}],"up":[{"embeddable":true,"href":"https:\/\/insulation.trocellen.com\/it\/wp-json\/wp\/v2\/pages\/4887"}],"wp:featuredmedia":[{"embeddable":true,"href":"https:\/\/insulation.trocellen.com\/it\/wp-json\/wp\/v2\/media\/8877"}],"wp:attachment":[{"href":"https:\/\/insulation.trocellen.com\/it\/wp-json\/wp\/v2\/media?parent=4943"}],"curies":[{"name":"wp","href":"https:\/\/api.w.org\/{rel}","templated":true}]}}