{"id":4406,"date":"2018-05-03T09:06:38","date_gmt":"2018-05-03T09:06:38","guid":{"rendered":"https:\/\/insulation-new.trocellen.com\/progetti\/"},"modified":"2023-07-10T11:54:58","modified_gmt":"2023-07-10T11:54:58","slug":"progetti","status":"publish","type":"page","link":"https:\/\/insulation.trocellen.com\/it\/referenze\/progetti\/","title":{"rendered":"Progetti"},"content":{"rendered":"<p><strong>Trocellen fornisce&nbsp;alle industrie del settore edile e d&#8217;ingegneria soluzioni d&#8217;isolamento avanzate. Siamo coinvolti in diversi progetti di grandi dimensioni e forniamo soluzioni a lungo termine per i nostri partner.<\/strong><\/p>\n<h2>Ospedale di P\u00e9cs<\/h2>\n<p>In uno dei progetti pi\u00f9 recenti Trocellen ha fornito prodotti isolanti per la realizzazione dell&#8217;Ospedale di P\u00e9cs (Ungheria). L&#8217;isolamento acustico per le tubazioni di acque reflue realizzato con Aplomb 11, il nostro prodotto d&#8217;isolamento acustico di qualit\u00e0 premium.<\/p>\n<table border=\"0\" align=\"center\">\n<tbody>\n<tr>\n<td><img loading=\"lazy\" decoding=\"async\" class=\"alignnone size-thumbnail wp-image-111\" src=\"https:\/\/insulation.trocellen.com\/wp-content\/uploads\/sites\/6\/2013\/12\/Pecs-1-150x150.jpg\" alt=\"Pecs 1\" width=\"150\" height=\"150\"><\/td>\n<td><img loading=\"lazy\" decoding=\"async\" class=\"alignnone size-thumbnail wp-image-112\" src=\"https:\/\/insulation.trocellen.com\/wp-content\/uploads\/sites\/6\/2013\/12\/Pecs-2-150x150.jpg\" alt=\"Pecs 2\" width=\"150\" height=\"150\"><\/td>\n<\/tr>\n<\/tbody>\n<\/table>\n<hr>\n<h2>Burj Khalifa<\/h2>\n<p>Burj Khalifa \u00e8 un grattacielo a Dubai, negli Emirati Arabi, ed \u00e8 una delle strutture artificiali pi\u00f9 alte del mondo. altezza 829,8 m e 163 piani.<br \/>\nTrocellen ha fornito la costruzione di soluzioni HVAC avanzate e durature.<\/p>\n<p><img loading=\"lazy\" decoding=\"async\" class=\"size-full wp-image-113 aligncenter\" src=\"https:\/\/insulation.trocellen.com\/wp-content\/uploads\/sites\/6\/2013\/12\/burj-khalifa.jpg\" alt=\"burj khalifa\" width=\"168\" height=\"296\"><\/p>\n<hr>\n<h2>\u201cLuxus \u00c1ruh\u00e1z\u201d<\/h2>\n<p>L&#8217;ultimo centro commerciale di Budapest, chiamato \u201cLuxus \u00c1ruh\u00e1z\u201d \u00e8 provvista della soluzione di supporto a pavimento di Trocellen: Trosil Tech.<\/p>\n<p><strong>Altre referenze<\/strong><\/p>\n<table style=\"width: 100%\" border=\"0\">\n<tbody>\n<tr>\n<td colspan=\"2\">\n<h3>HVAC<\/h3>\n<\/td>\n<\/tr>\n<tr>\n<td>Avellino Hospital \u2013 Italia<\/td>\n<td>Trocellen Duct 12 mm ALU adhesive<\/td>\n<\/tr>\n<tr>\n<td>San Raffaele Hospital -Italia<\/td>\n<td>Trocellen Duct 20 mm CL1 ALU<\/td>\n<\/tr>\n<tr>\n<td>CHIESI PHARMACEUTICAL RESEARCH CENTER\u2013 Italia<\/td>\n<td>Trocellen Duct 20-54 mm AL CL1<\/td>\n<\/tr>\n<tr>\n<td>Hangkok-Duna\u00fajv\u00e1ros \u2013 Ungheria<\/td>\n<td>Troc.Duct SLVF3010\/AL<\/td>\n<\/tr>\n<tr>\n<td>SOTEII \u2013 Ungheria<\/td>\n<td>NF 3015, NF3020<\/td>\n<\/tr>\n<tr>\n<td>Plodine mega-market \u2013 Croazia<\/td>\n<td>Trocellen duct 10-20 mm<\/td>\n<\/tr>\n<tr>\n<td>Thermal bath \u2013 Podh\u00e1jsk\u00e1 \u2013 Slovacchia<\/td>\n<td>SN3015\/AL<\/td>\n<\/tr>\n<tr>\n<td>Shopping Centre \u2013 Bratislava &#8211; Slovacchia<\/td>\n<td>SN3015\/AL<\/td>\n<\/tr>\n<tr>\n<td>Hospital Deva &#8211; Romania<\/td>\n<td>N3010,N3005<\/td>\n<\/tr>\n<tr>\n<td colspan=\"2\">\n<h3>Isolamento acustico a parete<\/h3>\n<\/td>\n<\/tr>\n<tr>\n<td>Orig\u00f3 Film Studio \u2013 Ungheria<\/td>\n<td>Aplomb 22, Aplomb 11<\/td>\n<\/tr>\n<tr>\n<td>National Theatre \u2013 Romania<\/td>\n<td>Aplomb 22<\/td>\n<\/tr>\n<tr>\n<td>GE Electric \u2013 Ungheria<\/td>\n<td>Aplomb 11<\/td>\n<\/tr>\n<tr>\n<td colspan=\"2\">\n<h3>Isolamento acustico a pavimento<\/h3>\n<\/td>\n<\/tr>\n<tr>\n<td>DAIMLER Mercedes residential building \u2013 Ungheria<\/td>\n<td>N 3010, N3005<\/td>\n<\/tr>\n<tr>\n<td>Polus Constanta &#8211; Romania<\/td>\n<td>N 3010, N3005<\/td>\n<\/tr>\n<tr>\n<td>Polus Brasov<\/td>\n<td>N 3010, N3005&nbsp;<\/td>\n<\/tr>\n<tr>\n<td>Esplanada City Center Bucharest<\/td>\n<td>N 3010, N3005&nbsp;<\/td>\n<\/tr>\n<tr>\n<td>Poznan New Transportation and Shopping complex &#8211; Polonia<\/td>\n<td>N 3010, N3005&nbsp;<\/td>\n<\/tr>\n<tr>\n<td>Bonarka for business\/Bonarka City Center &#8211; Polonia<\/td>\n<td>N 3010, N3005&nbsp;<\/td>\n<\/tr>\n<tr>\n<td colspan=\"2\">\n<h3>Referenze per isolamento termico<\/h3>\n<\/td>\n<\/tr>\n<tr>\n<td>CHIESI PHARMACEUTICAL RESEARCH CENTER \u2013 Italia<\/td>\n<td>Isocompact, Duct<\/td>\n<\/tr>\n<tr>\n<td>Tart\u00e1lypark \u2013 Orosh\u00e1za \u2013 Ungheria<\/td>\n<td>N3020, LVF3020<\/td>\n<\/tr>\n<tr>\n<td>Villa Nova residential building \u2013 Slovacchia<\/td>\n<td>N3005\/AL<\/td>\n<\/tr>\n<\/tbody>\n<\/table>\n<h3><strong>Downloads<\/strong><\/h3>\n<p>per leggere di pi\u00f9 sulle referenze di isolamento:<\/p>\n<ul>\n<li><a href=\"https:\/\/go.insulation.trocellen.com\/VINTAGE_2017_ita_web_pdf\" rel=\"\">VINTAGE<\/a><\/li>\n<\/ul>\n","protected":false},"excerpt":{"rendered":"<p>Trocellen fornisce&nbsp;alle industrie del settore edile e d&#8217;ingegneria soluzioni d&#8217;isolamento avanzate. Siamo coinvolti in diversi progetti di grandi dimensioni e forniamo soluzioni a lungo termine per i nostri partner. Ospedale di P\u00e9cs In uno dei progetti pi\u00f9 recenti Trocellen ha fornito prodotti isolanti per la realizzazione dell&#8217;Ospedale di P\u00e9cs (Ungheria). L&#8217;isolamento acustico per le tubazioni [&hellip;]<\/p>\n","protected":false},"author":1,"featured_media":8760,"parent":4102,"menu_order":100,"comment_status":"closed","ping_status":"closed","template":"","meta":{"_acf_changed":false,"footnotes":""},"class_list":["post-4406","page","type-page","status-publish","has-post-thumbnail","hentry"],"acf":[],"yoast_head":"<!-- This site is optimized with the Yoast SEO plugin v23.5 - https:\/\/yoast.com\/wordpress\/plugins\/seo\/ -->\n<title>Alcuni grossi progetti che hanno usato Trocellen Isolamento<\/title>\n<meta name=\"description\" content=\"Clienti soddisfatti: Burj Khalifa (Dubai), Chiesi Project (Italia), Centro ricerche di Parma (Italia), Zona residenziale (UAE), Ospedale di P\u00e9cs (Ungheria)\" \/>\n<meta name=\"robots\" content=\"index, follow, max-snippet:-1, max-image-preview:large, max-video-preview:-1\" \/>\n<link rel=\"canonical\" href=\"https:\/\/insulation.trocellen.com\/it\/referenze\/progetti\/\" \/>\n<meta property=\"og:locale\" content=\"it_IT\" \/>\n<meta property=\"og:type\" content=\"article\" \/>\n<meta property=\"og:title\" content=\"Alcuni grossi progetti che hanno usato Trocellen Isolamento\" \/>\n<meta property=\"og:description\" content=\"Clienti soddisfatti: Burj Khalifa (Dubai), Chiesi Project (Italia), Centro ricerche di Parma (Italia), Zona residenziale (UAE), Ospedale di P\u00e9cs (Ungheria)\" \/>\n<meta property=\"og:url\" content=\"https:\/\/insulation.trocellen.com\/it\/referenze\/progetti\/\" \/>\n<meta property=\"og:site_name\" content=\"Trocellen Insulation\" \/>\n<meta property=\"article:modified_time\" content=\"2023-07-10T11:54:58+00:00\" \/>\n<meta property=\"og:image\" content=\"https:\/\/insulation.trocellen.com\/wp-content\/uploads\/sites\/6\/2023\/05\/Projects-fejlec.jpg\" \/>\n\t<meta property=\"og:image:width\" content=\"1920\" \/>\n\t<meta property=\"og:image:height\" content=\"300\" \/>\n\t<meta property=\"og:image:type\" content=\"image\/jpeg\" \/>\n<meta name=\"twitter:card\" content=\"summary_large_image\" \/>\n<meta name=\"twitter:label1\" content=\"Tempo di lettura stimato\" \/>\n\t<meta name=\"twitter:data1\" content=\"2 minuti\" \/>\n<script type=\"application\/ld+json\" class=\"yoast-schema-graph\">{\"@context\":\"https:\/\/schema.org\",\"@graph\":[{\"@type\":\"WebPage\",\"@id\":\"https:\/\/insulation.trocellen.com\/it\/referenze\/progetti\/\",\"url\":\"https:\/\/insulation.trocellen.com\/it\/referenze\/progetti\/\",\"name\":\"Alcuni grossi progetti che hanno usato Trocellen Isolamento\",\"isPartOf\":{\"@id\":\"https:\/\/insulation.trocellen.com\/it\/#website\"},\"primaryImageOfPage\":{\"@id\":\"https:\/\/insulation.trocellen.com\/it\/referenze\/progetti\/#primaryimage\"},\"image\":{\"@id\":\"https:\/\/insulation.trocellen.com\/it\/referenze\/progetti\/#primaryimage\"},\"thumbnailUrl\":\"https:\/\/insulation.trocellen.com\/wp-content\/uploads\/sites\/6\/2023\/05\/Projects-fejlec.jpg\",\"datePublished\":\"2018-05-03T09:06:38+00:00\",\"dateModified\":\"2023-07-10T11:54:58+00:00\",\"description\":\"Clienti soddisfatti: Burj Khalifa (Dubai), Chiesi Project (Italia), Centro ricerche di Parma (Italia), Zona residenziale (UAE), Ospedale di P\u00e9cs (Ungheria)\",\"breadcrumb\":{\"@id\":\"https:\/\/insulation.trocellen.com\/it\/referenze\/progetti\/#breadcrumb\"},\"inLanguage\":\"it-IT\",\"potentialAction\":[{\"@type\":\"ReadAction\",\"target\":[\"https:\/\/insulation.trocellen.com\/it\/referenze\/progetti\/\"]}]},{\"@type\":\"ImageObject\",\"inLanguage\":\"it-IT\",\"@id\":\"https:\/\/insulation.trocellen.com\/it\/referenze\/progetti\/#primaryimage\",\"url\":\"https:\/\/insulation.trocellen.com\/wp-content\/uploads\/sites\/6\/2023\/05\/Projects-fejlec.jpg\",\"contentUrl\":\"https:\/\/insulation.trocellen.com\/wp-content\/uploads\/sites\/6\/2023\/05\/Projects-fejlec.jpg\",\"width\":1920,\"height\":300},{\"@type\":\"BreadcrumbList\",\"@id\":\"https:\/\/insulation.trocellen.com\/it\/referenze\/progetti\/#breadcrumb\",\"itemListElement\":[{\"@type\":\"ListItem\",\"position\":1,\"name\":\"Home\",\"item\":\"https:\/\/insulation.trocellen.com\/it\/\"},{\"@type\":\"ListItem\",\"position\":2,\"name\":\"Referenze\",\"item\":\"https:\/\/insulation.trocellen.com\/it\/referenze\/\"},{\"@type\":\"ListItem\",\"position\":3,\"name\":\"Progetti\"}]},{\"@type\":\"WebSite\",\"@id\":\"https:\/\/insulation.trocellen.com\/it\/#website\",\"url\":\"https:\/\/insulation.trocellen.com\/it\/\",\"name\":\"Trocellen Insulation\",\"description\":\"\",\"potentialAction\":[{\"@type\":\"SearchAction\",\"target\":{\"@type\":\"EntryPoint\",\"urlTemplate\":\"https:\/\/insulation.trocellen.com\/it\/?s={search_term_string}\"},\"query-input\":{\"@type\":\"PropertyValueSpecification\",\"valueRequired\":true,\"valueName\":\"search_term_string\"}}],\"inLanguage\":\"it-IT\"}]}<\/script>\n<!-- \/ Yoast SEO plugin. -->","yoast_head_json":{"title":"Alcuni grossi progetti che hanno usato Trocellen Isolamento","description":"Clienti soddisfatti: Burj Khalifa (Dubai), Chiesi Project (Italia), Centro ricerche di Parma (Italia), Zona residenziale (UAE), Ospedale di P\u00e9cs (Ungheria)","robots":{"index":"index","follow":"follow","max-snippet":"max-snippet:-1","max-image-preview":"max-image-preview:large","max-video-preview":"max-video-preview:-1"},"canonical":"https:\/\/insulation.trocellen.com\/it\/referenze\/progetti\/","og_locale":"it_IT","og_type":"article","og_title":"Alcuni grossi progetti che hanno usato Trocellen Isolamento","og_description":"Clienti soddisfatti: Burj Khalifa (Dubai), Chiesi Project (Italia), Centro ricerche di Parma (Italia), Zona residenziale (UAE), Ospedale di P\u00e9cs (Ungheria)","og_url":"https:\/\/insulation.trocellen.com\/it\/referenze\/progetti\/","og_site_name":"Trocellen Insulation","article_modified_time":"2023-07-10T11:54:58+00:00","og_image":[{"width":1920,"height":300,"url":"https:\/\/insulation.trocellen.com\/wp-content\/uploads\/sites\/6\/2023\/05\/Projects-fejlec.jpg","type":"image\/jpeg"}],"twitter_card":"summary_large_image","twitter_misc":{"Tempo di lettura stimato":"2 minuti"},"schema":{"@context":"https:\/\/schema.org","@graph":[{"@type":"WebPage","@id":"https:\/\/insulation.trocellen.com\/it\/referenze\/progetti\/","url":"https:\/\/insulation.trocellen.com\/it\/referenze\/progetti\/","name":"Alcuni grossi progetti che hanno usato Trocellen Isolamento","isPartOf":{"@id":"https:\/\/insulation.trocellen.com\/it\/#website"},"primaryImageOfPage":{"@id":"https:\/\/insulation.trocellen.com\/it\/referenze\/progetti\/#primaryimage"},"image":{"@id":"https:\/\/insulation.trocellen.com\/it\/referenze\/progetti\/#primaryimage"},"thumbnailUrl":"https:\/\/insulation.trocellen.com\/wp-content\/uploads\/sites\/6\/2023\/05\/Projects-fejlec.jpg","datePublished":"2018-05-03T09:06:38+00:00","dateModified":"2023-07-10T11:54:58+00:00","description":"Clienti soddisfatti: Burj Khalifa (Dubai), Chiesi Project (Italia), Centro ricerche di Parma (Italia), Zona residenziale (UAE), Ospedale di P\u00e9cs (Ungheria)","breadcrumb":{"@id":"https:\/\/insulation.trocellen.com\/it\/referenze\/progetti\/#breadcrumb"},"inLanguage":"it-IT","potentialAction":[{"@type":"ReadAction","target":["https:\/\/insulation.trocellen.com\/it\/referenze\/progetti\/"]}]},{"@type":"ImageObject","inLanguage":"it-IT","@id":"https:\/\/insulation.trocellen.com\/it\/referenze\/progetti\/#primaryimage","url":"https:\/\/insulation.trocellen.com\/wp-content\/uploads\/sites\/6\/2023\/05\/Projects-fejlec.jpg","contentUrl":"https:\/\/insulation.trocellen.com\/wp-content\/uploads\/sites\/6\/2023\/05\/Projects-fejlec.jpg","width":1920,"height":300},{"@type":"BreadcrumbList","@id":"https:\/\/insulation.trocellen.com\/it\/referenze\/progetti\/#breadcrumb","itemListElement":[{"@type":"ListItem","position":1,"name":"Home","item":"https:\/\/insulation.trocellen.com\/it\/"},{"@type":"ListItem","position":2,"name":"Referenze","item":"https:\/\/insulation.trocellen.com\/it\/referenze\/"},{"@type":"ListItem","position":3,"name":"Progetti"}]},{"@type":"WebSite","@id":"https:\/\/insulation.trocellen.com\/it\/#website","url":"https:\/\/insulation.trocellen.com\/it\/","name":"Trocellen Insulation","description":"","potentialAction":[{"@type":"SearchAction","target":{"@type":"EntryPoint","urlTemplate":"https:\/\/insulation.trocellen.com\/it\/?s={search_term_string}"},"query-input":{"@type":"PropertyValueSpecification","valueRequired":true,"valueName":"search_term_string"}}],"inLanguage":"it-IT"}]}},"_links":{"self":[{"href":"https:\/\/insulation.trocellen.com\/it\/wp-json\/wp\/v2\/pages\/4406","targetHints":{"allow":["GET"]}}],"collection":[{"href":"https:\/\/insulation.trocellen.com\/it\/wp-json\/wp\/v2\/pages"}],"about":[{"href":"https:\/\/insulation.trocellen.com\/it\/wp-json\/wp\/v2\/types\/page"}],"author":[{"embeddable":true,"href":"https:\/\/insulation.trocellen.com\/it\/wp-json\/wp\/v2\/users\/1"}],"replies":[{"embeddable":true,"href":"https:\/\/insulation.trocellen.com\/it\/wp-json\/wp\/v2\/comments?post=4406"}],"version-history":[{"count":1,"href":"https:\/\/insulation.trocellen.com\/it\/wp-json\/wp\/v2\/pages\/4406\/revisions"}],"predecessor-version":[{"id":9820,"href":"https:\/\/insulation.trocellen.com\/it\/wp-json\/wp\/v2\/pages\/4406\/revisions\/9820"}],"up":[{"embeddable":true,"href":"https:\/\/insulation.trocellen.com\/it\/wp-json\/wp\/v2\/pages\/4102"}],"wp:featuredmedia":[{"embeddable":true,"href":"https:\/\/insulation.trocellen.com\/it\/wp-json\/wp\/v2\/media\/8760"}],"wp:attachment":[{"href":"https:\/\/insulation.trocellen.com\/it\/wp-json\/wp\/v2\/media?parent=4406"}],"curies":[{"name":"wp","href":"https:\/\/api.w.org\/{rel}","templated":true}]}}