{"id":4346,"date":"2015-09-30T07:54:31","date_gmt":"2015-09-30T07:54:31","guid":{"rendered":"https:\/\/insulation-new.trocellen.com\/profili-per-coperture-tetto\/"},"modified":"2024-04-08T13:57:42","modified_gmt":"2024-04-08T13:57:42","slug":"profili-per-coperture-tetto","status":"publish","type":"page","link":"https:\/\/insulation.trocellen.com\/it\/applicazioni\/isolamento-pareti-tetti\/profili-per-coperture-tetto\/","title":{"rendered":"Profili per coperture tetto"},"content":{"rendered":"<p>La resistenza meccanica e la durabilit\u00e0 sono requisiti importanti per coperture dei tetti. Trocellen soddisfa questi requisiti con soluzioni flessibili e di alta qualit\u00e0, offrendo i materiali isolanti probabilmente pi\u00f9 durevoli sul mercato.<\/p>\n<h2>Il prodotto<\/h2>\n<ul>\n<li>Materiale: polietilene espanso reticolato chimicamente<\/li>\n<li>Densit\u00e0: 30 kg\/m\u00b3<\/li>\n<li>Spessore: da 25 a 35 mm<\/li>\n<li>Bicolore<\/li>\n<li>Pronto per essere installato, grazie al taglio preciso.<\/li>\n<\/ul>\n<h3>Caratteristiche<\/h3>\n<ul>\n<li>Resistente agli agenti chimici &#8211; senza formazione di condensa n\u00e8 batteri<\/li>\n<li>Impermeabilizzazione<\/li>\n<li>Resistenza meccanica &#8211; alta resistenza agli strappi e alle rotture<\/li>\n<li>Alto isolamento termico &#8211; riduzione delle perdite energetiche<\/li>\n<li>Materiale inodore, nessun appannamento<\/li>\n<li>Soluzioni su misura &#8211; aerazione, fissaggio<\/li>\n<li>Facile installazione &#8211; alta flessibilit\u00e0 e comportamento di ripristino<\/li>\n<\/ul>\n<h3>Benefici<\/h3>\n<ul>\n<li>Adatto per la copertura a colori e per geometrie precise<\/li>\n<li>Lavoro efficace caratterizzato da un alto risparmio sui costi e sul tempo<\/li>\n<li>Semplice manipolazione e conversione<\/li>\n<li>Semplice uso e stoccaggio<\/li>\n<li>Personalizzazione delle aspettative dei clienti<\/li>\n<\/ul>\n","protected":false},"excerpt":{"rendered":"<p>La resistenza meccanica e la durabilit\u00e0 sono requisiti importanti per coperture dei tetti. Trocellen soddisfa questi requisiti con soluzioni flessibili e di alta qualit\u00e0, offrendo i materiali isolanti probabilmente pi\u00f9 durevoli sul mercato. Il prodotto Materiale: polietilene espanso reticolato chimicamente Densit\u00e0: 30 kg\/m\u00b3 Spessore: da 25 a 35 mm Bicolore Pronto per essere installato, grazie [&hellip;]<\/p>\n","protected":false},"author":1,"featured_media":8903,"parent":4304,"menu_order":300,"comment_status":"open","ping_status":"closed","template":"templates\/applications.php","meta":{"_acf_changed":false,"footnotes":""},"class_list":["post-4346","page","type-page","status-publish","has-post-thumbnail","hentry"],"acf":[],"yoast_head":"<!-- This site is optimized with the Yoast SEO plugin v23.5 - https:\/\/yoast.com\/wordpress\/plugins\/seo\/ -->\n<title>Profili per coperture tetti adeguati per colore e precisione<\/title>\n<meta name=\"description\" content=\"Profili Trocellen di copertura tetti fatti su misura e pronti per l\u2019installazione con precisa geometria di taglio. Isolamento duraturo e facile da montare.\" \/>\n<meta name=\"robots\" content=\"index, follow, max-snippet:-1, max-image-preview:large, max-video-preview:-1\" \/>\n<link rel=\"canonical\" href=\"https:\/\/insulation.trocellen.com\/it\/applicazioni\/isolamento-pareti-tetti\/profili-per-coperture-tetto\/\" \/>\n<meta property=\"og:locale\" content=\"it_IT\" \/>\n<meta property=\"og:type\" content=\"article\" \/>\n<meta property=\"og:title\" content=\"Profili per coperture tetti adeguati per colore e precisione\" \/>\n<meta property=\"og:description\" content=\"Profili Trocellen di copertura tetti fatti su misura e pronti per l\u2019installazione con precisa geometria di taglio. Isolamento duraturo e facile da montare.\" \/>\n<meta property=\"og:url\" content=\"https:\/\/insulation.trocellen.com\/it\/applicazioni\/isolamento-pareti-tetti\/profili-per-coperture-tetto\/\" \/>\n<meta property=\"og:site_name\" content=\"Trocellen Insulation\" \/>\n<meta property=\"article:modified_time\" content=\"2024-04-08T13:57:42+00:00\" \/>\n<meta property=\"og:image\" content=\"https:\/\/insulation.trocellen.com\/wp-content\/uploads\/sites\/6\/2023\/05\/roof-fejlec.jpg\" \/>\n\t<meta property=\"og:image:width\" content=\"1920\" \/>\n\t<meta property=\"og:image:height\" content=\"300\" \/>\n\t<meta property=\"og:image:type\" content=\"image\/jpeg\" \/>\n<meta name=\"twitter:card\" content=\"summary_large_image\" \/>\n<meta name=\"twitter:label1\" content=\"Tempo di lettura stimato\" \/>\n\t<meta name=\"twitter:data1\" content=\"1 minuto\" \/>\n<script type=\"application\/ld+json\" class=\"yoast-schema-graph\">{\"@context\":\"https:\/\/schema.org\",\"@graph\":[{\"@type\":\"WebPage\",\"@id\":\"https:\/\/insulation.trocellen.com\/it\/applicazioni\/isolamento-pareti-tetti\/profili-per-coperture-tetto\/\",\"url\":\"https:\/\/insulation.trocellen.com\/it\/applicazioni\/isolamento-pareti-tetti\/profili-per-coperture-tetto\/\",\"name\":\"Profili per coperture tetti adeguati per colore e precisione\",\"isPartOf\":{\"@id\":\"https:\/\/insulation.trocellen.com\/it\/#website\"},\"primaryImageOfPage\":{\"@id\":\"https:\/\/insulation.trocellen.com\/it\/applicazioni\/isolamento-pareti-tetti\/profili-per-coperture-tetto\/#primaryimage\"},\"image\":{\"@id\":\"https:\/\/insulation.trocellen.com\/it\/applicazioni\/isolamento-pareti-tetti\/profili-per-coperture-tetto\/#primaryimage\"},\"thumbnailUrl\":\"https:\/\/insulation.trocellen.com\/wp-content\/uploads\/sites\/6\/2023\/05\/roof-fejlec.jpg\",\"datePublished\":\"2015-09-30T07:54:31+00:00\",\"dateModified\":\"2024-04-08T13:57:42+00:00\",\"description\":\"Profili Trocellen di copertura tetti fatti su misura e pronti per l\u2019installazione con precisa geometria di taglio. Isolamento duraturo e facile da montare.\",\"breadcrumb\":{\"@id\":\"https:\/\/insulation.trocellen.com\/it\/applicazioni\/isolamento-pareti-tetti\/profili-per-coperture-tetto\/#breadcrumb\"},\"inLanguage\":\"it-IT\",\"potentialAction\":[{\"@type\":\"ReadAction\",\"target\":[\"https:\/\/insulation.trocellen.com\/it\/applicazioni\/isolamento-pareti-tetti\/profili-per-coperture-tetto\/\"]}]},{\"@type\":\"ImageObject\",\"inLanguage\":\"it-IT\",\"@id\":\"https:\/\/insulation.trocellen.com\/it\/applicazioni\/isolamento-pareti-tetti\/profili-per-coperture-tetto\/#primaryimage\",\"url\":\"https:\/\/insulation.trocellen.com\/wp-content\/uploads\/sites\/6\/2023\/05\/roof-fejlec.jpg\",\"contentUrl\":\"https:\/\/insulation.trocellen.com\/wp-content\/uploads\/sites\/6\/2023\/05\/roof-fejlec.jpg\",\"width\":1920,\"height\":300},{\"@type\":\"BreadcrumbList\",\"@id\":\"https:\/\/insulation.trocellen.com\/it\/applicazioni\/isolamento-pareti-tetti\/profili-per-coperture-tetto\/#breadcrumb\",\"itemListElement\":[{\"@type\":\"ListItem\",\"position\":1,\"name\":\"Home\",\"item\":\"https:\/\/insulation.trocellen.com\/it\/\"},{\"@type\":\"ListItem\",\"position\":2,\"name\":\"Applicazioni\",\"item\":\"https:\/\/insulation.trocellen.com\/it\/applicazioni\/\"},{\"@type\":\"ListItem\",\"position\":3,\"name\":\"Isolamento Pareti &amp; Tetti\",\"item\":\"https:\/\/insulation.trocellen.com\/it\/applicazioni\/isolamento-pareti-tetti\/\"},{\"@type\":\"ListItem\",\"position\":4,\"name\":\"Profili per coperture tetto\"}]},{\"@type\":\"WebSite\",\"@id\":\"https:\/\/insulation.trocellen.com\/it\/#website\",\"url\":\"https:\/\/insulation.trocellen.com\/it\/\",\"name\":\"Trocellen Insulation\",\"description\":\"\",\"potentialAction\":[{\"@type\":\"SearchAction\",\"target\":{\"@type\":\"EntryPoint\",\"urlTemplate\":\"https:\/\/insulation.trocellen.com\/it\/?s={search_term_string}\"},\"query-input\":{\"@type\":\"PropertyValueSpecification\",\"valueRequired\":true,\"valueName\":\"search_term_string\"}}],\"inLanguage\":\"it-IT\"}]}<\/script>\n<!-- \/ Yoast SEO plugin. -->","yoast_head_json":{"title":"Profili per coperture tetti adeguati per colore e precisione","description":"Profili Trocellen di copertura tetti fatti su misura e pronti per l\u2019installazione con precisa geometria di taglio. Isolamento duraturo e facile da montare.","robots":{"index":"index","follow":"follow","max-snippet":"max-snippet:-1","max-image-preview":"max-image-preview:large","max-video-preview":"max-video-preview:-1"},"canonical":"https:\/\/insulation.trocellen.com\/it\/applicazioni\/isolamento-pareti-tetti\/profili-per-coperture-tetto\/","og_locale":"it_IT","og_type":"article","og_title":"Profili per coperture tetti adeguati per colore e precisione","og_description":"Profili Trocellen di copertura tetti fatti su misura e pronti per l\u2019installazione con precisa geometria di taglio. Isolamento duraturo e facile da montare.","og_url":"https:\/\/insulation.trocellen.com\/it\/applicazioni\/isolamento-pareti-tetti\/profili-per-coperture-tetto\/","og_site_name":"Trocellen Insulation","article_modified_time":"2024-04-08T13:57:42+00:00","og_image":[{"width":1920,"height":300,"url":"https:\/\/insulation.trocellen.com\/wp-content\/uploads\/sites\/6\/2023\/05\/roof-fejlec.jpg","type":"image\/jpeg"}],"twitter_card":"summary_large_image","twitter_misc":{"Tempo di lettura stimato":"1 minuto"},"schema":{"@context":"https:\/\/schema.org","@graph":[{"@type":"WebPage","@id":"https:\/\/insulation.trocellen.com\/it\/applicazioni\/isolamento-pareti-tetti\/profili-per-coperture-tetto\/","url":"https:\/\/insulation.trocellen.com\/it\/applicazioni\/isolamento-pareti-tetti\/profili-per-coperture-tetto\/","name":"Profili per coperture tetti adeguati per colore e precisione","isPartOf":{"@id":"https:\/\/insulation.trocellen.com\/it\/#website"},"primaryImageOfPage":{"@id":"https:\/\/insulation.trocellen.com\/it\/applicazioni\/isolamento-pareti-tetti\/profili-per-coperture-tetto\/#primaryimage"},"image":{"@id":"https:\/\/insulation.trocellen.com\/it\/applicazioni\/isolamento-pareti-tetti\/profili-per-coperture-tetto\/#primaryimage"},"thumbnailUrl":"https:\/\/insulation.trocellen.com\/wp-content\/uploads\/sites\/6\/2023\/05\/roof-fejlec.jpg","datePublished":"2015-09-30T07:54:31+00:00","dateModified":"2024-04-08T13:57:42+00:00","description":"Profili Trocellen di copertura tetti fatti su misura e pronti per l\u2019installazione con precisa geometria di taglio. Isolamento duraturo e facile da montare.","breadcrumb":{"@id":"https:\/\/insulation.trocellen.com\/it\/applicazioni\/isolamento-pareti-tetti\/profili-per-coperture-tetto\/#breadcrumb"},"inLanguage":"it-IT","potentialAction":[{"@type":"ReadAction","target":["https:\/\/insulation.trocellen.com\/it\/applicazioni\/isolamento-pareti-tetti\/profili-per-coperture-tetto\/"]}]},{"@type":"ImageObject","inLanguage":"it-IT","@id":"https:\/\/insulation.trocellen.com\/it\/applicazioni\/isolamento-pareti-tetti\/profili-per-coperture-tetto\/#primaryimage","url":"https:\/\/insulation.trocellen.com\/wp-content\/uploads\/sites\/6\/2023\/05\/roof-fejlec.jpg","contentUrl":"https:\/\/insulation.trocellen.com\/wp-content\/uploads\/sites\/6\/2023\/05\/roof-fejlec.jpg","width":1920,"height":300},{"@type":"BreadcrumbList","@id":"https:\/\/insulation.trocellen.com\/it\/applicazioni\/isolamento-pareti-tetti\/profili-per-coperture-tetto\/#breadcrumb","itemListElement":[{"@type":"ListItem","position":1,"name":"Home","item":"https:\/\/insulation.trocellen.com\/it\/"},{"@type":"ListItem","position":2,"name":"Applicazioni","item":"https:\/\/insulation.trocellen.com\/it\/applicazioni\/"},{"@type":"ListItem","position":3,"name":"Isolamento Pareti &amp; Tetti","item":"https:\/\/insulation.trocellen.com\/it\/applicazioni\/isolamento-pareti-tetti\/"},{"@type":"ListItem","position":4,"name":"Profili per coperture tetto"}]},{"@type":"WebSite","@id":"https:\/\/insulation.trocellen.com\/it\/#website","url":"https:\/\/insulation.trocellen.com\/it\/","name":"Trocellen Insulation","description":"","potentialAction":[{"@type":"SearchAction","target":{"@type":"EntryPoint","urlTemplate":"https:\/\/insulation.trocellen.com\/it\/?s={search_term_string}"},"query-input":{"@type":"PropertyValueSpecification","valueRequired":true,"valueName":"search_term_string"}}],"inLanguage":"it-IT"}]}},"_links":{"self":[{"href":"https:\/\/insulation.trocellen.com\/it\/wp-json\/wp\/v2\/pages\/4346","targetHints":{"allow":["GET"]}}],"collection":[{"href":"https:\/\/insulation.trocellen.com\/it\/wp-json\/wp\/v2\/pages"}],"about":[{"href":"https:\/\/insulation.trocellen.com\/it\/wp-json\/wp\/v2\/types\/page"}],"author":[{"embeddable":true,"href":"https:\/\/insulation.trocellen.com\/it\/wp-json\/wp\/v2\/users\/1"}],"replies":[{"embeddable":true,"href":"https:\/\/insulation.trocellen.com\/it\/wp-json\/wp\/v2\/comments?post=4346"}],"version-history":[{"count":4,"href":"https:\/\/insulation.trocellen.com\/it\/wp-json\/wp\/v2\/pages\/4346\/revisions"}],"predecessor-version":[{"id":10781,"href":"https:\/\/insulation.trocellen.com\/it\/wp-json\/wp\/v2\/pages\/4346\/revisions\/10781"}],"up":[{"embeddable":true,"href":"https:\/\/insulation.trocellen.com\/it\/wp-json\/wp\/v2\/pages\/4304"}],"wp:featuredmedia":[{"embeddable":true,"href":"https:\/\/insulation.trocellen.com\/it\/wp-json\/wp\/v2\/media\/8903"}],"wp:attachment":[{"href":"https:\/\/insulation.trocellen.com\/it\/wp-json\/wp\/v2\/media?parent=4346"}],"curies":[{"name":"wp","href":"https:\/\/api.w.org\/{rel}","templated":true}]}}