{"id":4234,"date":"2013-12-12T17:27:37","date_gmt":"2013-12-12T17:27:37","guid":{"rendered":"https:\/\/insulation-new.trocellen.com\/la-protezione-contro-gli-urti-alla-persona\/"},"modified":"2023-07-10T11:46:13","modified_gmt":"2023-07-10T11:46:13","slug":"la-protezione-contro-gli-urti-alla-persona","status":"publish","type":"page","link":"https:\/\/insulation.trocellen.com\/it\/applicazioni\/protezioni-antigraffio-per-pareti-e-colonne\/la-protezione-contro-gli-urti-alla-persona\/","title":{"rendered":"La protezione contro gli urti alla persona"},"content":{"rendered":"<p>La sicurezza alla&nbsp;persona \u00e8 la cosa pi\u00f9 preziosa. Nella vita di tutti &nbsp;giorni si \u00e8 responsabile di se stessi e del prossimo, nella&nbsp;famiglia, in ufficio, nella societ\u00e0, nell&#8217;ambiente che ci circonda.<br \/>\nGli incidenti e gli infortuni umani possono essere prevenuti o minimizzati&nbsp;con gli efficaci prodotti di protezione della persona&nbsp;Trocellen.<\/p>\n<h2><img loading=\"lazy\" decoding=\"async\" class=\"size-medium wp-image-96 alignright\" src=\"https:\/\/insulation.trocellen.com\/wp-content\/uploads\/sites\/6\/2013\/12\/sarok-kivagas-300x225.jpg\" alt=\"sarok kivagas\" width=\"300\" height=\"225\"><br \/>\nPannello antiurto &amp; Moquette per scale<\/h2>\n<ul>\n<li>Protezione alla persona&nbsp;contro incidenti e infortuni<\/li>\n<li>Alta protezione agli spigoli taglienti, agli angoli, ai gradini<\/li>\n<li>Assorbimento dell&#8217;urto con utilizzo di materiali flessibili<\/li>\n<li>Fissaggio semplice con adesivo<\/li>\n<\/ul>\n<h2>Moquette per scale<\/h2>\n<h2>Pannello antiurto &#8211; Benefici<\/h2>\n<ul>\n<li>Multifunzionale: Pu\u00f2 essere usato su pilastri e su superfici con raggio elevato<\/li>\n<li>Riduzione dell&#8217;urto, eccellente protezione<\/li>\n<li>Facile da installare, materiale flessibile e leggero<\/li>\n<li>Soluzione su misura sul posto<\/li>\n<li>Lunga durata<\/li>\n<li>Ottimo rapporto qualit\u00e0\/prezzo<\/li>\n<li>Possibilit\u00e0 di utilizzo in applicazioni industriali e domestiche<\/li>\n<\/ul>\n<h2>Pannello antiurto &#8211; Propriet\u00e0<\/h2>\n<ul>\n<li>Forma e sagoma flessibili grazie al&nbsp;materiale pronto per l&#8217;uso<\/li>\n<li>Resistenza all&#8217;urto<\/li>\n<li>Materiale inodore, no appannamento<\/li>\n<li>Atossico, esente da CFC<\/li>\n<li>Resistenza alla muffa e ai batteri<\/li>\n<li>Grande stabilit\u00e0 meccanica e resistenza<\/li>\n<li>Facile da pulire<\/li>\n<li>Autoadesivo per la facile installazione<\/li>\n<li>Consegna &#8220;pronto per il montaggio&#8221;<\/li>\n<\/ul>\n<h2>Pannello antiurto &#8211; Materiale, Specifiche<\/h2>\n<ul>\n<li>Materiale: espanso in PE chimicamente reticolato, celle chiuse<\/li>\n<li>Densit\u00e0: 30 kg\/m\u00b3<\/li>\n<li>Spessore: 10 mm<\/li>\n<li>Misure: 300 x 390 mm<\/li>\n<li>Colore: fondamentalmente giallo o su richiesta qualsiasi alto colore (p.es. foglio con strisce nere-gialle)<\/li>\n<li>Confezione: 2 pz in un cartone<\/li>\n<\/ul>\n","protected":false},"excerpt":{"rendered":"<p>La sicurezza alla&nbsp;persona \u00e8 la cosa pi\u00f9 preziosa. Nella vita di tutti &nbsp;giorni si \u00e8 responsabile di se stessi e del prossimo, nella&nbsp;famiglia, in ufficio, nella societ\u00e0, nell&#8217;ambiente che ci circonda. Gli incidenti e gli infortuni umani possono essere prevenuti o minimizzati&nbsp;con gli efficaci prodotti di protezione della persona&nbsp;Trocellen. Pannello antiurto &amp; Moquette per scale [&hellip;]<\/p>\n","protected":false},"author":1,"featured_media":8889,"parent":4132,"menu_order":300,"comment_status":"open","ping_status":"closed","template":"templates\/applications.php","meta":{"_acf_changed":false,"footnotes":""},"class_list":["post-4234","page","type-page","status-publish","has-post-thumbnail","hentry"],"acf":[],"yoast_head":"<!-- This site is optimized with the Yoast SEO plugin v23.5 - https:\/\/yoast.com\/wordpress\/plugins\/seo\/ -->\n<title>Carepad viene usato per proteggere la testa delle persone<\/title>\n<meta name=\"description\" content=\"Incidenti e lesioni possono essere evitati o ridotti al minimo con efficaci prodotti di protezione individuale Trocellen.\" \/>\n<meta name=\"robots\" content=\"index, follow, max-snippet:-1, max-image-preview:large, max-video-preview:-1\" \/>\n<link rel=\"canonical\" href=\"https:\/\/insulation.trocellen.com\/it\/applicazioni\/protezioni-antigraffio-per-pareti-e-colonne\/la-protezione-contro-gli-urti-alla-persona\/\" \/>\n<meta property=\"og:locale\" content=\"it_IT\" \/>\n<meta property=\"og:type\" content=\"article\" \/>\n<meta property=\"og:title\" content=\"Carepad viene usato per proteggere la testa delle persone\" \/>\n<meta property=\"og:description\" content=\"Incidenti e lesioni possono essere evitati o ridotti al minimo con efficaci prodotti di protezione individuale Trocellen.\" \/>\n<meta property=\"og:url\" content=\"https:\/\/insulation.trocellen.com\/it\/applicazioni\/protezioni-antigraffio-per-pareti-e-colonne\/la-protezione-contro-gli-urti-alla-persona\/\" \/>\n<meta property=\"og:site_name\" content=\"Trocellen Insulation\" \/>\n<meta property=\"article:modified_time\" content=\"2023-07-10T11:46:13+00:00\" \/>\n<meta property=\"og:image\" content=\"https:\/\/insulation.trocellen.com\/wp-content\/uploads\/sites\/6\/2023\/05\/hit-protection.jpg\" \/>\n\t<meta property=\"og:image:width\" content=\"1920\" \/>\n\t<meta property=\"og:image:height\" content=\"300\" \/>\n\t<meta property=\"og:image:type\" content=\"image\/jpeg\" \/>\n<meta name=\"twitter:card\" content=\"summary_large_image\" \/>\n<meta name=\"twitter:label1\" content=\"Tempo di lettura stimato\" \/>\n\t<meta name=\"twitter:data1\" content=\"2 minuti\" \/>\n<script type=\"application\/ld+json\" class=\"yoast-schema-graph\">{\"@context\":\"https:\/\/schema.org\",\"@graph\":[{\"@type\":\"WebPage\",\"@id\":\"https:\/\/insulation.trocellen.com\/it\/applicazioni\/protezioni-antigraffio-per-pareti-e-colonne\/la-protezione-contro-gli-urti-alla-persona\/\",\"url\":\"https:\/\/insulation.trocellen.com\/it\/applicazioni\/protezioni-antigraffio-per-pareti-e-colonne\/la-protezione-contro-gli-urti-alla-persona\/\",\"name\":\"Carepad viene usato per proteggere la testa delle persone\",\"isPartOf\":{\"@id\":\"https:\/\/insulation.trocellen.com\/it\/#website\"},\"primaryImageOfPage\":{\"@id\":\"https:\/\/insulation.trocellen.com\/it\/applicazioni\/protezioni-antigraffio-per-pareti-e-colonne\/la-protezione-contro-gli-urti-alla-persona\/#primaryimage\"},\"image\":{\"@id\":\"https:\/\/insulation.trocellen.com\/it\/applicazioni\/protezioni-antigraffio-per-pareti-e-colonne\/la-protezione-contro-gli-urti-alla-persona\/#primaryimage\"},\"thumbnailUrl\":\"https:\/\/insulation.trocellen.com\/wp-content\/uploads\/sites\/6\/2023\/05\/hit-protection.jpg\",\"datePublished\":\"2013-12-12T17:27:37+00:00\",\"dateModified\":\"2023-07-10T11:46:13+00:00\",\"description\":\"Incidenti e lesioni possono essere evitati o ridotti al minimo con efficaci prodotti di protezione individuale Trocellen.\",\"breadcrumb\":{\"@id\":\"https:\/\/insulation.trocellen.com\/it\/applicazioni\/protezioni-antigraffio-per-pareti-e-colonne\/la-protezione-contro-gli-urti-alla-persona\/#breadcrumb\"},\"inLanguage\":\"it-IT\",\"potentialAction\":[{\"@type\":\"ReadAction\",\"target\":[\"https:\/\/insulation.trocellen.com\/it\/applicazioni\/protezioni-antigraffio-per-pareti-e-colonne\/la-protezione-contro-gli-urti-alla-persona\/\"]}]},{\"@type\":\"ImageObject\",\"inLanguage\":\"it-IT\",\"@id\":\"https:\/\/insulation.trocellen.com\/it\/applicazioni\/protezioni-antigraffio-per-pareti-e-colonne\/la-protezione-contro-gli-urti-alla-persona\/#primaryimage\",\"url\":\"https:\/\/insulation.trocellen.com\/wp-content\/uploads\/sites\/6\/2023\/05\/hit-protection.jpg\",\"contentUrl\":\"https:\/\/insulation.trocellen.com\/wp-content\/uploads\/sites\/6\/2023\/05\/hit-protection.jpg\",\"width\":1920,\"height\":300},{\"@type\":\"BreadcrumbList\",\"@id\":\"https:\/\/insulation.trocellen.com\/it\/applicazioni\/protezioni-antigraffio-per-pareti-e-colonne\/la-protezione-contro-gli-urti-alla-persona\/#breadcrumb\",\"itemListElement\":[{\"@type\":\"ListItem\",\"position\":1,\"name\":\"Home\",\"item\":\"https:\/\/insulation.trocellen.com\/it\/\"},{\"@type\":\"ListItem\",\"position\":2,\"name\":\"Applicazioni\",\"item\":\"https:\/\/insulation.trocellen.com\/it\/applicazioni\/\"},{\"@type\":\"ListItem\",\"position\":3,\"name\":\"Protezioni antigraffio per pareti e colonne\",\"item\":\"https:\/\/insulation.trocellen.com\/it\/applicazioni\/protezioni-antigraffio-per-pareti-e-colonne\/\"},{\"@type\":\"ListItem\",\"position\":4,\"name\":\"La protezione contro gli urti alla persona\"}]},{\"@type\":\"WebSite\",\"@id\":\"https:\/\/insulation.trocellen.com\/it\/#website\",\"url\":\"https:\/\/insulation.trocellen.com\/it\/\",\"name\":\"Trocellen Insulation\",\"description\":\"\",\"potentialAction\":[{\"@type\":\"SearchAction\",\"target\":{\"@type\":\"EntryPoint\",\"urlTemplate\":\"https:\/\/insulation.trocellen.com\/it\/?s={search_term_string}\"},\"query-input\":{\"@type\":\"PropertyValueSpecification\",\"valueRequired\":true,\"valueName\":\"search_term_string\"}}],\"inLanguage\":\"it-IT\"}]}<\/script>\n<!-- \/ Yoast SEO plugin. -->","yoast_head_json":{"title":"Carepad viene usato per proteggere la testa delle persone","description":"Incidenti e lesioni possono essere evitati o ridotti al minimo con efficaci prodotti di protezione individuale Trocellen.","robots":{"index":"index","follow":"follow","max-snippet":"max-snippet:-1","max-image-preview":"max-image-preview:large","max-video-preview":"max-video-preview:-1"},"canonical":"https:\/\/insulation.trocellen.com\/it\/applicazioni\/protezioni-antigraffio-per-pareti-e-colonne\/la-protezione-contro-gli-urti-alla-persona\/","og_locale":"it_IT","og_type":"article","og_title":"Carepad viene usato per proteggere la testa delle persone","og_description":"Incidenti e lesioni possono essere evitati o ridotti al minimo con efficaci prodotti di protezione individuale Trocellen.","og_url":"https:\/\/insulation.trocellen.com\/it\/applicazioni\/protezioni-antigraffio-per-pareti-e-colonne\/la-protezione-contro-gli-urti-alla-persona\/","og_site_name":"Trocellen Insulation","article_modified_time":"2023-07-10T11:46:13+00:00","og_image":[{"width":1920,"height":300,"url":"https:\/\/insulation.trocellen.com\/wp-content\/uploads\/sites\/6\/2023\/05\/hit-protection.jpg","type":"image\/jpeg"}],"twitter_card":"summary_large_image","twitter_misc":{"Tempo di lettura stimato":"2 minuti"},"schema":{"@context":"https:\/\/schema.org","@graph":[{"@type":"WebPage","@id":"https:\/\/insulation.trocellen.com\/it\/applicazioni\/protezioni-antigraffio-per-pareti-e-colonne\/la-protezione-contro-gli-urti-alla-persona\/","url":"https:\/\/insulation.trocellen.com\/it\/applicazioni\/protezioni-antigraffio-per-pareti-e-colonne\/la-protezione-contro-gli-urti-alla-persona\/","name":"Carepad viene usato per proteggere la testa delle persone","isPartOf":{"@id":"https:\/\/insulation.trocellen.com\/it\/#website"},"primaryImageOfPage":{"@id":"https:\/\/insulation.trocellen.com\/it\/applicazioni\/protezioni-antigraffio-per-pareti-e-colonne\/la-protezione-contro-gli-urti-alla-persona\/#primaryimage"},"image":{"@id":"https:\/\/insulation.trocellen.com\/it\/applicazioni\/protezioni-antigraffio-per-pareti-e-colonne\/la-protezione-contro-gli-urti-alla-persona\/#primaryimage"},"thumbnailUrl":"https:\/\/insulation.trocellen.com\/wp-content\/uploads\/sites\/6\/2023\/05\/hit-protection.jpg","datePublished":"2013-12-12T17:27:37+00:00","dateModified":"2023-07-10T11:46:13+00:00","description":"Incidenti e lesioni possono essere evitati o ridotti al minimo con efficaci prodotti di protezione individuale Trocellen.","breadcrumb":{"@id":"https:\/\/insulation.trocellen.com\/it\/applicazioni\/protezioni-antigraffio-per-pareti-e-colonne\/la-protezione-contro-gli-urti-alla-persona\/#breadcrumb"},"inLanguage":"it-IT","potentialAction":[{"@type":"ReadAction","target":["https:\/\/insulation.trocellen.com\/it\/applicazioni\/protezioni-antigraffio-per-pareti-e-colonne\/la-protezione-contro-gli-urti-alla-persona\/"]}]},{"@type":"ImageObject","inLanguage":"it-IT","@id":"https:\/\/insulation.trocellen.com\/it\/applicazioni\/protezioni-antigraffio-per-pareti-e-colonne\/la-protezione-contro-gli-urti-alla-persona\/#primaryimage","url":"https:\/\/insulation.trocellen.com\/wp-content\/uploads\/sites\/6\/2023\/05\/hit-protection.jpg","contentUrl":"https:\/\/insulation.trocellen.com\/wp-content\/uploads\/sites\/6\/2023\/05\/hit-protection.jpg","width":1920,"height":300},{"@type":"BreadcrumbList","@id":"https:\/\/insulation.trocellen.com\/it\/applicazioni\/protezioni-antigraffio-per-pareti-e-colonne\/la-protezione-contro-gli-urti-alla-persona\/#breadcrumb","itemListElement":[{"@type":"ListItem","position":1,"name":"Home","item":"https:\/\/insulation.trocellen.com\/it\/"},{"@type":"ListItem","position":2,"name":"Applicazioni","item":"https:\/\/insulation.trocellen.com\/it\/applicazioni\/"},{"@type":"ListItem","position":3,"name":"Protezioni antigraffio per pareti e colonne","item":"https:\/\/insulation.trocellen.com\/it\/applicazioni\/protezioni-antigraffio-per-pareti-e-colonne\/"},{"@type":"ListItem","position":4,"name":"La protezione contro gli urti alla persona"}]},{"@type":"WebSite","@id":"https:\/\/insulation.trocellen.com\/it\/#website","url":"https:\/\/insulation.trocellen.com\/it\/","name":"Trocellen Insulation","description":"","potentialAction":[{"@type":"SearchAction","target":{"@type":"EntryPoint","urlTemplate":"https:\/\/insulation.trocellen.com\/it\/?s={search_term_string}"},"query-input":{"@type":"PropertyValueSpecification","valueRequired":true,"valueName":"search_term_string"}}],"inLanguage":"it-IT"}]}},"_links":{"self":[{"href":"https:\/\/insulation.trocellen.com\/it\/wp-json\/wp\/v2\/pages\/4234","targetHints":{"allow":["GET"]}}],"collection":[{"href":"https:\/\/insulation.trocellen.com\/it\/wp-json\/wp\/v2\/pages"}],"about":[{"href":"https:\/\/insulation.trocellen.com\/it\/wp-json\/wp\/v2\/types\/page"}],"author":[{"embeddable":true,"href":"https:\/\/insulation.trocellen.com\/it\/wp-json\/wp\/v2\/users\/1"}],"replies":[{"embeddable":true,"href":"https:\/\/insulation.trocellen.com\/it\/wp-json\/wp\/v2\/comments?post=4234"}],"version-history":[{"count":4,"href":"https:\/\/insulation.trocellen.com\/it\/wp-json\/wp\/v2\/pages\/4234\/revisions"}],"predecessor-version":[{"id":10775,"href":"https:\/\/insulation.trocellen.com\/it\/wp-json\/wp\/v2\/pages\/4234\/revisions\/10775"}],"up":[{"embeddable":true,"href":"https:\/\/insulation.trocellen.com\/it\/wp-json\/wp\/v2\/pages\/4132"}],"wp:featuredmedia":[{"embeddable":true,"href":"https:\/\/insulation.trocellen.com\/it\/wp-json\/wp\/v2\/media\/8889"}],"wp:attachment":[{"href":"https:\/\/insulation.trocellen.com\/it\/wp-json\/wp\/v2\/media?parent=4234"}],"curies":[{"name":"wp","href":"https:\/\/api.w.org\/{rel}","templated":true}]}}