{"id":4228,"date":"2013-12-12T17:27:17","date_gmt":"2013-12-12T17:27:17","guid":{"rendered":"https:\/\/insulation-new.trocellen.com\/carepad-industriale-per-pareti-pilastri-e-spigoli\/"},"modified":"2023-07-10T11:45:31","modified_gmt":"2023-07-10T11:45:31","slug":"carepad-industriale-per-pareti-pilastri-e-spigoli","status":"publish","type":"page","link":"https:\/\/insulation.trocellen.com\/it\/applicazioni\/protezioni-antigraffio-per-pareti-e-colonne\/carepad-industriale-per-pareti-pilastri-e-spigoli\/","title":{"rendered":"CarePad industriale per pareti, pilastri e spigoli"},"content":{"rendered":"\n<p>Una versione evoluta del&nbsp;pannello antiurto flessibile CarePad. Pu\u00f2 essere facilmente montata su colonne e superfici dal raggio elevato.<\/p>\n\n\n\n<p>Possedere oggetti di valore \u00e8 una cosa comune. Avere una macchina, una moto, la bicicletta o qualsiasi altro oggetto&nbsp;prezioso&nbsp;comporta una grande responsabilit\u00e0, di mantenerli&nbsp;nelle migliori condizioni e proteggerli dai danni.<\/p>\n\n\n\n<p>Quando si acquista una macchina nuova qualsiasi graffio sulla verniciatura o una piccola deformazione sul telaio pu\u00f2 sminuire enormemente il suo&nbsp;valore di mercato. Questo si traduce inoltre in elevati costi di riparazione e la probabile perdita di bonus assicurativi.<\/p>\n\n\n\n<p>In ultimo ma non meno importante, qualsiasi incidente e infortunio umano deve essere prevenuto con protezioni efficaci.<\/p>\n\n\n\n<p>Ecco perch\u00e9 \u00e8 necessario&nbsp;proteggere i nostri oggetti e garantire loro le migliori condizioni.<\/p>\n\n\n\n<p>In caso di urto in garage, il muro dell\u2019edificio potrebbe danneggiarsi ed \u00e8 proprio quello che possiamo&nbsp;prevenire con la soluzione CarePad.<\/p>\n\n\n\n<h2 class=\"wp-block-heading\">Pannello antiurto (CarePad)<\/h2>\n\n\n\n<ul class=\"wp-block-list\">\n<li>Protezione delle persone contro infortuni e lesioni<\/li>\n\n\n\n<li>Alta protezione agli spigoli taglienti, agli angoli, ai gradini<\/li>\n\n\n\n<li>Assorbimento dell&#8217;urto con l&#8217;utilizzo di materiali flessibili e morbidi<\/li>\n\n\n\n<li>Modalit\u00e0 di fissaggio semplice con sistema autoadesivo<\/li>\n<\/ul>\n\n\n\n<div class=\"wp-block-columns is-layout-flex wp-container-core-columns-is-layout-9d6595d7 wp-block-columns-is-layout-flex\">\n<div class=\"wp-block-column is-layout-flow wp-block-column-is-layout-flow\">\n<figure class=\"wp-block-image\"><img decoding=\"async\" src=\"https:\/\/insulation.trocellen.com\/wp-content\/uploads\/sites\/6\/2013\/12\/sarok-kivagas-300x225.jpg\" alt=\"sarok kivagas\" class=\"wp-image-96\"\/><\/figure>\n<\/div>\n\n\n\n<div class=\"wp-block-column is-layout-flow wp-block-column-is-layout-flow\">\n<figure class=\"wp-block-image\"><img decoding=\"async\" src=\"https:\/\/insulation.trocellen.com\/wp-content\/uploads\/sites\/6\/2013\/12\/FCS9354-300x199.jpg\" alt=\"_FCS9354\" class=\"wp-image-185\"\/><\/figure>\n<\/div>\n\n\n\n<div class=\"wp-block-column is-layout-flow wp-block-column-is-layout-flow\">\n<figure class=\"wp-block-image\"><img decoding=\"async\" src=\"https:\/\/insulation.trocellen.com\/wp-content\/uploads\/sites\/6\/2013\/12\/P1040772-copy_2-300x225.jpg\" alt=\"P1040772 copy_2\" class=\"wp-image-186\"\/><\/figure>\n<\/div>\n<\/div>\n\n\n\n<h3 class=\"wp-block-heading\">Benefici<\/h3>\n\n\n\n<ul class=\"wp-block-list\">\n<li>Multifunzionale, pu\u00f2 essere utilizzata su pilastri, su superfici dal raggio elevato e sugli spigoli<\/li>\n\n\n\n<li>Riduzione dell&#8217;urto, protezione eccellente<\/li>\n\n\n\n<li>Facile da installare, materiale&nbsp;flessibile&nbsp;e leggero<\/li>\n\n\n\n<li>Soluzioni su misura sul posto<\/li>\n\n\n\n<li>Ottimo rapporto qualit\u00e0\/prezzo<\/li>\n\n\n\n<li>Possibilit\u00e0 di utilizzo sia in applicazioni industriali che&nbsp;in quelle domestiche<\/li>\n<\/ul>\n\n\n\n<h3 class=\"wp-block-heading\">Propriet\u00e0<\/h3>\n\n\n\n<ul class=\"wp-block-list\">\n<li>Forma e sagoma flessibili grazie al&nbsp;materiale pronto per l&#8217;uso<\/li>\n\n\n\n<li>Resistenza all&#8217;impatto<\/li>\n\n\n\n<li>Materiale inodore, nessun appannamento<\/li>\n\n\n\n<li>Atossico,esente da CFC<\/li>\n\n\n\n<li>Resistenza a muffa e batteri<\/li>\n\n\n\n<li>Grande stabilit\u00e0 e resistenza meccanica<\/li>\n\n\n\n<li>Facile da pulire<\/li>\n\n\n\n<li>Autoadesivo per la facile installazione<\/li>\n\n\n\n<li>Consegna &#8220;pronto per il montaggio&#8221;<\/li>\n<\/ul>\n\n\n\n<h3 class=\"wp-block-heading\">Materiale, specifiche<\/h3>\n\n\n\n<ul class=\"wp-block-list\">\n<li>Materiale: espanso in PE chimicamente reticolato, celle chiuse<\/li>\n\n\n\n<li>Spessore: 10 mm<\/li>\n\n\n\n<li>Dimensioni: 300 x 390 mm<\/li>\n\n\n\n<li>Colore: fondamentalmente giallo o su richiesta qualsiasi alto colore (p.es. foglio con strisce nere-gialle)<\/li>\n\n\n\n<li>Confezione: 2 pz in un cartone<\/li>\n<\/ul>\n","protected":false},"excerpt":{"rendered":"<p>Una versione evoluta del&nbsp;pannello antiurto flessibile CarePad. Pu\u00f2 essere facilmente montata su colonne e superfici dal raggio elevato. Possedere oggetti di valore \u00e8 una cosa comune. Avere una macchina, una moto, la bicicletta o qualsiasi altro oggetto&nbsp;prezioso&nbsp;comporta una grande responsabilit\u00e0, di mantenerli&nbsp;nelle migliori condizioni e proteggerli dai danni. Quando si acquista una macchina nuova qualsiasi [&hellip;]<\/p>\n","protected":false},"author":1,"featured_media":8883,"parent":4132,"menu_order":200,"comment_status":"open","ping_status":"closed","template":"templates\/applications.php","meta":{"_acf_changed":false,"footnotes":""},"class_list":["post-4228","page","type-page","status-publish","has-post-thumbnail","hentry"],"acf":[],"yoast_head":"<!-- This site is optimized with the Yoast SEO plugin v23.5 - https:\/\/yoast.com\/wordpress\/plugins\/seo\/ -->\n<title>Versione industriale di Carepad per muri, colonne, bordi<\/title>\n<meta name=\"description\" content=\"Questo CarePad flessibile \u00e8 una versione sviluppata, poich\u00e9 pu\u00f2 essere facilmente messo su colonne e su superfici aventi raggio elevato.\" \/>\n<meta name=\"robots\" content=\"index, follow, max-snippet:-1, max-image-preview:large, max-video-preview:-1\" \/>\n<link rel=\"canonical\" href=\"https:\/\/insulation.trocellen.com\/it\/applicazioni\/protezioni-antigraffio-per-pareti-e-colonne\/carepad-industriale-per-pareti-pilastri-e-spigoli\/\" \/>\n<meta property=\"og:locale\" content=\"it_IT\" \/>\n<meta property=\"og:type\" content=\"article\" \/>\n<meta property=\"og:title\" content=\"Versione industriale di Carepad per muri, colonne, bordi\" \/>\n<meta property=\"og:description\" content=\"Questo CarePad flessibile \u00e8 una versione sviluppata, poich\u00e9 pu\u00f2 essere facilmente messo su colonne e su superfici aventi raggio elevato.\" \/>\n<meta property=\"og:url\" content=\"https:\/\/insulation.trocellen.com\/it\/applicazioni\/protezioni-antigraffio-per-pareti-e-colonne\/carepad-industriale-per-pareti-pilastri-e-spigoli\/\" \/>\n<meta property=\"og:site_name\" content=\"Trocellen Insulation\" \/>\n<meta property=\"article:modified_time\" content=\"2023-07-10T11:45:31+00:00\" \/>\n<meta property=\"og:image\" content=\"https:\/\/insulation.trocellen.com\/wp-content\/uploads\/sites\/6\/2023\/05\/carepad-fejlec.jpg\" \/>\n\t<meta property=\"og:image:width\" content=\"1920\" \/>\n\t<meta property=\"og:image:height\" content=\"300\" \/>\n\t<meta property=\"og:image:type\" content=\"image\/jpeg\" \/>\n<meta name=\"twitter:card\" content=\"summary_large_image\" \/>\n<meta name=\"twitter:label1\" content=\"Tempo di lettura stimato\" \/>\n\t<meta name=\"twitter:data1\" content=\"2 minuti\" \/>\n<script type=\"application\/ld+json\" class=\"yoast-schema-graph\">{\"@context\":\"https:\/\/schema.org\",\"@graph\":[{\"@type\":\"WebPage\",\"@id\":\"https:\/\/insulation.trocellen.com\/it\/applicazioni\/protezioni-antigraffio-per-pareti-e-colonne\/carepad-industriale-per-pareti-pilastri-e-spigoli\/\",\"url\":\"https:\/\/insulation.trocellen.com\/it\/applicazioni\/protezioni-antigraffio-per-pareti-e-colonne\/carepad-industriale-per-pareti-pilastri-e-spigoli\/\",\"name\":\"Versione industriale di Carepad per muri, colonne, bordi\",\"isPartOf\":{\"@id\":\"https:\/\/insulation.trocellen.com\/it\/#website\"},\"primaryImageOfPage\":{\"@id\":\"https:\/\/insulation.trocellen.com\/it\/applicazioni\/protezioni-antigraffio-per-pareti-e-colonne\/carepad-industriale-per-pareti-pilastri-e-spigoli\/#primaryimage\"},\"image\":{\"@id\":\"https:\/\/insulation.trocellen.com\/it\/applicazioni\/protezioni-antigraffio-per-pareti-e-colonne\/carepad-industriale-per-pareti-pilastri-e-spigoli\/#primaryimage\"},\"thumbnailUrl\":\"https:\/\/insulation.trocellen.com\/wp-content\/uploads\/sites\/6\/2023\/05\/carepad-fejlec.jpg\",\"datePublished\":\"2013-12-12T17:27:17+00:00\",\"dateModified\":\"2023-07-10T11:45:31+00:00\",\"description\":\"Questo CarePad flessibile \u00e8 una versione sviluppata, poich\u00e9 pu\u00f2 essere facilmente messo su colonne e su superfici aventi raggio elevato.\",\"breadcrumb\":{\"@id\":\"https:\/\/insulation.trocellen.com\/it\/applicazioni\/protezioni-antigraffio-per-pareti-e-colonne\/carepad-industriale-per-pareti-pilastri-e-spigoli\/#breadcrumb\"},\"inLanguage\":\"it-IT\",\"potentialAction\":[{\"@type\":\"ReadAction\",\"target\":[\"https:\/\/insulation.trocellen.com\/it\/applicazioni\/protezioni-antigraffio-per-pareti-e-colonne\/carepad-industriale-per-pareti-pilastri-e-spigoli\/\"]}]},{\"@type\":\"ImageObject\",\"inLanguage\":\"it-IT\",\"@id\":\"https:\/\/insulation.trocellen.com\/it\/applicazioni\/protezioni-antigraffio-per-pareti-e-colonne\/carepad-industriale-per-pareti-pilastri-e-spigoli\/#primaryimage\",\"url\":\"https:\/\/insulation.trocellen.com\/wp-content\/uploads\/sites\/6\/2023\/05\/carepad-fejlec.jpg\",\"contentUrl\":\"https:\/\/insulation.trocellen.com\/wp-content\/uploads\/sites\/6\/2023\/05\/carepad-fejlec.jpg\",\"width\":1920,\"height\":300},{\"@type\":\"BreadcrumbList\",\"@id\":\"https:\/\/insulation.trocellen.com\/it\/applicazioni\/protezioni-antigraffio-per-pareti-e-colonne\/carepad-industriale-per-pareti-pilastri-e-spigoli\/#breadcrumb\",\"itemListElement\":[{\"@type\":\"ListItem\",\"position\":1,\"name\":\"Home\",\"item\":\"https:\/\/insulation.trocellen.com\/it\/\"},{\"@type\":\"ListItem\",\"position\":2,\"name\":\"Applicazioni\",\"item\":\"https:\/\/insulation.trocellen.com\/it\/applicazioni\/\"},{\"@type\":\"ListItem\",\"position\":3,\"name\":\"Protezioni antigraffio per pareti e colonne\",\"item\":\"https:\/\/insulation.trocellen.com\/it\/applicazioni\/protezioni-antigraffio-per-pareti-e-colonne\/\"},{\"@type\":\"ListItem\",\"position\":4,\"name\":\"CarePad industriale per pareti, pilastri e spigoli\"}]},{\"@type\":\"WebSite\",\"@id\":\"https:\/\/insulation.trocellen.com\/it\/#website\",\"url\":\"https:\/\/insulation.trocellen.com\/it\/\",\"name\":\"Trocellen Insulation\",\"description\":\"\",\"potentialAction\":[{\"@type\":\"SearchAction\",\"target\":{\"@type\":\"EntryPoint\",\"urlTemplate\":\"https:\/\/insulation.trocellen.com\/it\/?s={search_term_string}\"},\"query-input\":{\"@type\":\"PropertyValueSpecification\",\"valueRequired\":true,\"valueName\":\"search_term_string\"}}],\"inLanguage\":\"it-IT\"}]}<\/script>\n<!-- \/ Yoast SEO plugin. -->","yoast_head_json":{"title":"Versione industriale di Carepad per muri, colonne, bordi","description":"Questo CarePad flessibile \u00e8 una versione sviluppata, poich\u00e9 pu\u00f2 essere facilmente messo su colonne e su superfici aventi raggio elevato.","robots":{"index":"index","follow":"follow","max-snippet":"max-snippet:-1","max-image-preview":"max-image-preview:large","max-video-preview":"max-video-preview:-1"},"canonical":"https:\/\/insulation.trocellen.com\/it\/applicazioni\/protezioni-antigraffio-per-pareti-e-colonne\/carepad-industriale-per-pareti-pilastri-e-spigoli\/","og_locale":"it_IT","og_type":"article","og_title":"Versione industriale di Carepad per muri, colonne, bordi","og_description":"Questo CarePad flessibile \u00e8 una versione sviluppata, poich\u00e9 pu\u00f2 essere facilmente messo su colonne e su superfici aventi raggio elevato.","og_url":"https:\/\/insulation.trocellen.com\/it\/applicazioni\/protezioni-antigraffio-per-pareti-e-colonne\/carepad-industriale-per-pareti-pilastri-e-spigoli\/","og_site_name":"Trocellen Insulation","article_modified_time":"2023-07-10T11:45:31+00:00","og_image":[{"width":1920,"height":300,"url":"https:\/\/insulation.trocellen.com\/wp-content\/uploads\/sites\/6\/2023\/05\/carepad-fejlec.jpg","type":"image\/jpeg"}],"twitter_card":"summary_large_image","twitter_misc":{"Tempo di lettura stimato":"2 minuti"},"schema":{"@context":"https:\/\/schema.org","@graph":[{"@type":"WebPage","@id":"https:\/\/insulation.trocellen.com\/it\/applicazioni\/protezioni-antigraffio-per-pareti-e-colonne\/carepad-industriale-per-pareti-pilastri-e-spigoli\/","url":"https:\/\/insulation.trocellen.com\/it\/applicazioni\/protezioni-antigraffio-per-pareti-e-colonne\/carepad-industriale-per-pareti-pilastri-e-spigoli\/","name":"Versione industriale di Carepad per muri, colonne, bordi","isPartOf":{"@id":"https:\/\/insulation.trocellen.com\/it\/#website"},"primaryImageOfPage":{"@id":"https:\/\/insulation.trocellen.com\/it\/applicazioni\/protezioni-antigraffio-per-pareti-e-colonne\/carepad-industriale-per-pareti-pilastri-e-spigoli\/#primaryimage"},"image":{"@id":"https:\/\/insulation.trocellen.com\/it\/applicazioni\/protezioni-antigraffio-per-pareti-e-colonne\/carepad-industriale-per-pareti-pilastri-e-spigoli\/#primaryimage"},"thumbnailUrl":"https:\/\/insulation.trocellen.com\/wp-content\/uploads\/sites\/6\/2023\/05\/carepad-fejlec.jpg","datePublished":"2013-12-12T17:27:17+00:00","dateModified":"2023-07-10T11:45:31+00:00","description":"Questo CarePad flessibile \u00e8 una versione sviluppata, poich\u00e9 pu\u00f2 essere facilmente messo su colonne e su superfici aventi raggio elevato.","breadcrumb":{"@id":"https:\/\/insulation.trocellen.com\/it\/applicazioni\/protezioni-antigraffio-per-pareti-e-colonne\/carepad-industriale-per-pareti-pilastri-e-spigoli\/#breadcrumb"},"inLanguage":"it-IT","potentialAction":[{"@type":"ReadAction","target":["https:\/\/insulation.trocellen.com\/it\/applicazioni\/protezioni-antigraffio-per-pareti-e-colonne\/carepad-industriale-per-pareti-pilastri-e-spigoli\/"]}]},{"@type":"ImageObject","inLanguage":"it-IT","@id":"https:\/\/insulation.trocellen.com\/it\/applicazioni\/protezioni-antigraffio-per-pareti-e-colonne\/carepad-industriale-per-pareti-pilastri-e-spigoli\/#primaryimage","url":"https:\/\/insulation.trocellen.com\/wp-content\/uploads\/sites\/6\/2023\/05\/carepad-fejlec.jpg","contentUrl":"https:\/\/insulation.trocellen.com\/wp-content\/uploads\/sites\/6\/2023\/05\/carepad-fejlec.jpg","width":1920,"height":300},{"@type":"BreadcrumbList","@id":"https:\/\/insulation.trocellen.com\/it\/applicazioni\/protezioni-antigraffio-per-pareti-e-colonne\/carepad-industriale-per-pareti-pilastri-e-spigoli\/#breadcrumb","itemListElement":[{"@type":"ListItem","position":1,"name":"Home","item":"https:\/\/insulation.trocellen.com\/it\/"},{"@type":"ListItem","position":2,"name":"Applicazioni","item":"https:\/\/insulation.trocellen.com\/it\/applicazioni\/"},{"@type":"ListItem","position":3,"name":"Protezioni antigraffio per pareti e colonne","item":"https:\/\/insulation.trocellen.com\/it\/applicazioni\/protezioni-antigraffio-per-pareti-e-colonne\/"},{"@type":"ListItem","position":4,"name":"CarePad industriale per pareti, pilastri e spigoli"}]},{"@type":"WebSite","@id":"https:\/\/insulation.trocellen.com\/it\/#website","url":"https:\/\/insulation.trocellen.com\/it\/","name":"Trocellen Insulation","description":"","potentialAction":[{"@type":"SearchAction","target":{"@type":"EntryPoint","urlTemplate":"https:\/\/insulation.trocellen.com\/it\/?s={search_term_string}"},"query-input":{"@type":"PropertyValueSpecification","valueRequired":true,"valueName":"search_term_string"}}],"inLanguage":"it-IT"}]}},"_links":{"self":[{"href":"https:\/\/insulation.trocellen.com\/it\/wp-json\/wp\/v2\/pages\/4228","targetHints":{"allow":["GET"]}}],"collection":[{"href":"https:\/\/insulation.trocellen.com\/it\/wp-json\/wp\/v2\/pages"}],"about":[{"href":"https:\/\/insulation.trocellen.com\/it\/wp-json\/wp\/v2\/types\/page"}],"author":[{"embeddable":true,"href":"https:\/\/insulation.trocellen.com\/it\/wp-json\/wp\/v2\/users\/1"}],"replies":[{"embeddable":true,"href":"https:\/\/insulation.trocellen.com\/it\/wp-json\/wp\/v2\/comments?post=4228"}],"version-history":[{"count":2,"href":"https:\/\/insulation.trocellen.com\/it\/wp-json\/wp\/v2\/pages\/4228\/revisions"}],"predecessor-version":[{"id":9811,"href":"https:\/\/insulation.trocellen.com\/it\/wp-json\/wp\/v2\/pages\/4228\/revisions\/9811"}],"up":[{"embeddable":true,"href":"https:\/\/insulation.trocellen.com\/it\/wp-json\/wp\/v2\/pages\/4132"}],"wp:featuredmedia":[{"embeddable":true,"href":"https:\/\/insulation.trocellen.com\/it\/wp-json\/wp\/v2\/media\/8883"}],"wp:attachment":[{"href":"https:\/\/insulation.trocellen.com\/it\/wp-json\/wp\/v2\/media?parent=4228"}],"curies":[{"name":"wp","href":"https:\/\/api.w.org\/{rel}","templated":true}]}}