{"id":4144,"date":"2013-12-12T17:18:57","date_gmt":"2013-12-12T17:18:57","guid":{"rendered":"https:\/\/insulation-new.trocellen.com\/trosil-trosil-tech\/"},"modified":"2026-02-28T08:07:57","modified_gmt":"2026-02-28T08:07:57","slug":"trosil-trosil-tech","status":"publish","type":"page","link":"https:\/\/insulation.trocellen.com\/it\/applicazioni\/anticalpestio-per-sottopavimenti\/trosil-trosil-tech\/","title":{"rendered":"Trosil\u00ae, Trosil Tech\u00ae"},"content":{"rendered":"\n<div class=\"wp-block-columns is-layout-flex wp-container-core-columns-is-layout-9d6595d7 wp-block-columns-is-layout-flex\">\n<div class=\"wp-block-column is-layout-flow wp-block-column-is-layout-flow\"><div class=\"wp-block-image\">\n<figure class=\"aligncenter\"><a href=\"https:\/\/insulation.trocellen.com\/wp-content\/uploads\/sites\/6\/2013\/12\/Trocellen_Trosil_5_web.jpg\" rel=\"attachment wp-att-1008\"><img decoding=\"async\" src=\"https:\/\/insulation.trocellen.com\/wp-content\/uploads\/sites\/6\/2013\/12\/Trocellen_Trosil_5_web-300x200.jpg\" alt=\"Trocellen_Trosil_5_web\" class=\"wp-image-1008\" \/><\/a><figcaption class=\"wp-element-caption\">Trosil<\/figcaption><\/figure>\n<\/div><\/div>\n\n\n\n<div class=\"wp-block-column is-layout-flow wp-block-column-is-layout-flow\"><div class=\"wp-block-image\">\n<figure class=\"aligncenter\"><a href=\"https:\/\/insulation.trocellen.com\/wp-content\/uploads\/sites\/6\/2013\/12\/Trocellen_Trosil-Tech_web.jpg\" rel=\"attachment wp-att-1009\"><img decoding=\"async\" src=\"https:\/\/insulation.trocellen.com\/wp-content\/uploads\/sites\/6\/2013\/12\/Trocellen_Trosil-Tech_web-300x200.jpg\" alt=\"Trocellen_Trosil-Tech_web\" class=\"wp-image-1009\" \/><\/a><figcaption class=\"wp-element-caption\">Trosil Tech<\/figcaption><\/figure>\n<\/div><\/div>\n\n\n\n<div class=\"wp-block-column is-layout-flow wp-block-column-is-layout-flow\"><div class=\"wp-block-image\">\n<figure class=\"aligncenter\"><a href=\"https:\/\/insulation.trocellen.com\/wp-content\/uploads\/sites\/6\/2013\/12\/Trocellen_Trosil-Tech_5_web.jpg\" rel=\"attachment wp-att-1010\"><img decoding=\"async\" src=\"https:\/\/insulation.trocellen.com\/wp-content\/uploads\/sites\/6\/2013\/12\/Trocellen_Trosil-Tech_5_web-300x200.jpg\" alt=\"Trocellen_Trosil-Tech_5_web\" class=\"wp-image-1010\" \/><\/a><figcaption class=\"wp-element-caption\">Trosil, Trosil Tech<\/figcaption><\/figure>\n<\/div><\/div>\n<\/div>\n\n\n\n<p>Trocellen offre una vasta gamma di soluzioni per l&#8217;isolamento acustico in&nbsp;differenti&nbsp;campi di applicazione, con lo scopo di migliorare il comfort abitativo.<\/p>\n\n\n\n<h2 class=\"wp-block-heading\">Gamma di prodotti<\/h2>\n\n\n<div class=\"wp-block-image\">\n<figure class=\"alignright\"><a href=\"https:\/\/insulation.trocellen.com\/wp-content\/uploads\/sites\/6\/2013\/12\/image001.png\"><img decoding=\"async\" src=\"https:\/\/insulation.trocellen.com\/wp-content\/uploads\/sites\/6\/2013\/12\/image001-300x232.png\" alt=\"\" class=\"wp-image-1560\" \/><\/a><\/figure>\n<\/div>\n\n\n<h3 class=\"wp-block-heading\">Trosil<\/h3>\n\n\n\n<ul class=\"wp-block-list\">\n<li>Schiuma in PE chimicamente reticolata a celle chiuse<\/li>\n\n\n\n<li>Densit\u00e0: 30* kg\/m\u00b3<\/li>\n<\/ul>\n\n\n\n<h3 class=\"wp-block-heading\">Trosil Tech:<\/h3>\n\n\n\n<ul class=\"wp-block-list\">\n<li>Schiuma in PE chimicamente reticolata laminata con tessuto non tessuto in fibra di poliestere<\/li>\n\n\n\n<li>Densit\u00e0: 30* kg\/m\u00b3<\/li>\n<\/ul>\n\n\n\n<h2 class=\"wp-block-heading\">Propriet\u00e0<\/h2>\n\n\n\n<figure class=\"wp-block-table\"><table><thead><tr><th>&nbsp;<\/th><th scope=\"col\">Norma<\/th><th scope=\"col\">Unit\u00e0<\/th><th scope=\"col\">Trosil<\/th><th scope=\"col\">Trosil Tech<\/th><\/tr><\/thead><tbody><tr><th scope=\"row\">Spessore<\/th><td>EN ISO 1923<\/td><td>mm<\/td><td>4-5-10<\/td><td>10<\/td><\/tr><tr><th scope=\"row\">Stabilit\u00e0 dimensionale (&lt;5%)<\/th><td>ISO 2796<\/td><td><sup>\u00b0<\/sup>C<\/td><td>75<\/td><td>85<\/td><\/tr><tr><th scope=\"row\">Conducibilit\u00e0 termica a 10\u00b0C (\u03bb)<\/th><td>EN 12667<\/td><td>W\/mK<br>kcal\/mh<sup>\u00b0<\/sup>C<\/td><td>0,0359<br>0,0317<\/td><td>0,0359<sup>*<\/sup><br>0,0317<sup>*<\/sup><\/td><\/tr><tr><th scope=\"row\">Impatto di isolamento sonoro \u0394Lw<\/th><td>EN ISO 140\/6-8 EN ISO 717\/2<\/td><td>dB<\/td><td>4 mm: 28<br>5 mm: 28<br>10 mm: 36<\/td><td>10 mm: 33<\/td><\/tr><tr><th scope=\"row\">Rigidit\u00e0 dinamica s&#8217;t<\/th><td>EN 29052-1<\/td><td>MN\/m<sup>3<\/sup><\/td><td>4 mm: 73<br>5 mm: 52<br>10 mm: 19<\/td><td>10 mm: 9<\/td><\/tr><\/tbody><\/table><\/figure>\n\n\n\n<p class=\"has-text-align-center\">* Valori per schiuma in PE<\/p>\n\n\n\n<h2 class=\"wp-block-heading\">Benefici<\/h2>\n\n\n\n<ul class=\"wp-block-list\">\n<li>Protezione della salute: atossico, anallergico, resistente alla muffa e riciclabile<\/li>\n\n\n\n<li>Risparmio di risorse: leggero, facile da trasportare e da manovrare<\/li>\n\n\n\n<li>Risparmio di&nbsp;tempo: flessibile, facile da installare<\/li>\n\n\n\n<li>Risparmio economico:&nbsp;dura nel tempo<\/li>\n<\/ul>\n","protected":false},"excerpt":{"rendered":"<p>Trocellen offre una vasta gamma di soluzioni per l&#8217;isolamento acustico in&nbsp;differenti&nbsp;campi di applicazione, con lo scopo di migliorare il comfort abitativo. Gamma di prodotti Trosil Trosil Tech: Propriet\u00e0 &nbsp; Norma Unit\u00e0 Trosil Trosil Tech Spessore EN ISO 1923 mm 4-5-10 10 Stabilit\u00e0 dimensionale (&lt;5%) ISO 2796 \u00b0C 75 85 Conducibilit\u00e0 termica a 10\u00b0C (\u03bb) EN [&hellip;]<\/p>\n","protected":false},"author":1,"featured_media":8857,"parent":4108,"menu_order":100,"comment_status":"open","ping_status":"closed","template":"templates\/applications.php","meta":{"_acf_changed":false,"footnotes":""},"class_list":["post-4144","page","type-page","status-publish","has-post-thumbnail","hentry"],"acf":[],"yoast_head":"<!-- This site is optimized with the Yoast SEO plugin v23.5 - https:\/\/yoast.com\/wordpress\/plugins\/seo\/ -->\n<title>Trosil e Trosil-Tech da porre sotto il pavimento galleggiante<\/title>\n<meta name=\"description\" content=\"Le soluzioni anticalpestio per sottopavimenti di Trocellen sono ideali per l\u2019isolamento acustico del rumore di calpestio. In PE chimicamente reticolato\" \/>\n<meta name=\"robots\" content=\"index, follow, max-snippet:-1, max-image-preview:large, max-video-preview:-1\" \/>\n<link rel=\"canonical\" href=\"https:\/\/insulation.trocellen.com\/it\/applicazioni\/anticalpestio-per-sottopavimenti\/trosil-trosil-tech\/\" \/>\n<meta property=\"og:locale\" content=\"it_IT\" \/>\n<meta property=\"og:type\" content=\"article\" \/>\n<meta property=\"og:title\" content=\"Trosil e Trosil-Tech da porre sotto il pavimento galleggiante\" \/>\n<meta property=\"og:description\" content=\"Le soluzioni anticalpestio per sottopavimenti di Trocellen sono ideali per l\u2019isolamento acustico del rumore di calpestio. In PE chimicamente reticolato\" \/>\n<meta property=\"og:url\" content=\"https:\/\/insulation.trocellen.com\/it\/applicazioni\/anticalpestio-per-sottopavimenti\/trosil-trosil-tech\/\" \/>\n<meta property=\"og:site_name\" content=\"Trocellen Insulation\" \/>\n<meta property=\"article:modified_time\" content=\"2026-02-28T08:07:57+00:00\" \/>\n<meta property=\"og:image\" content=\"https:\/\/insulation.trocellen.com\/wp-content\/uploads\/sites\/6\/2023\/05\/Trosil-install.jpg\" \/>\n\t<meta property=\"og:image:width\" content=\"1920\" \/>\n\t<meta property=\"og:image:height\" content=\"300\" \/>\n\t<meta property=\"og:image:type\" content=\"image\/jpeg\" \/>\n<meta name=\"twitter:card\" content=\"summary_large_image\" \/>\n<meta name=\"twitter:label1\" content=\"Tempo di lettura stimato\" \/>\n\t<meta name=\"twitter:data1\" content=\"2 minuti\" \/>\n<script type=\"application\/ld+json\" class=\"yoast-schema-graph\">{\"@context\":\"https:\/\/schema.org\",\"@graph\":[{\"@type\":\"WebPage\",\"@id\":\"https:\/\/insulation.trocellen.com\/it\/applicazioni\/anticalpestio-per-sottopavimenti\/trosil-trosil-tech\/\",\"url\":\"https:\/\/insulation.trocellen.com\/it\/applicazioni\/anticalpestio-per-sottopavimenti\/trosil-trosil-tech\/\",\"name\":\"Trosil e Trosil-Tech da porre sotto il pavimento galleggiante\",\"isPartOf\":{\"@id\":\"https:\/\/insulation.trocellen.com\/it\/#website\"},\"primaryImageOfPage\":{\"@id\":\"https:\/\/insulation.trocellen.com\/it\/applicazioni\/anticalpestio-per-sottopavimenti\/trosil-trosil-tech\/#primaryimage\"},\"image\":{\"@id\":\"https:\/\/insulation.trocellen.com\/it\/applicazioni\/anticalpestio-per-sottopavimenti\/trosil-trosil-tech\/#primaryimage\"},\"thumbnailUrl\":\"https:\/\/insulation.trocellen.com\/wp-content\/uploads\/sites\/6\/2023\/05\/Trosil-install.jpg\",\"datePublished\":\"2013-12-12T17:18:57+00:00\",\"dateModified\":\"2026-02-28T08:07:57+00:00\",\"description\":\"Le soluzioni anticalpestio per sottopavimenti di Trocellen sono ideali per l\u2019isolamento acustico del rumore di calpestio. In PE chimicamente reticolato\",\"breadcrumb\":{\"@id\":\"https:\/\/insulation.trocellen.com\/it\/applicazioni\/anticalpestio-per-sottopavimenti\/trosil-trosil-tech\/#breadcrumb\"},\"inLanguage\":\"it-IT\",\"potentialAction\":[{\"@type\":\"ReadAction\",\"target\":[\"https:\/\/insulation.trocellen.com\/it\/applicazioni\/anticalpestio-per-sottopavimenti\/trosil-trosil-tech\/\"]}]},{\"@type\":\"ImageObject\",\"inLanguage\":\"it-IT\",\"@id\":\"https:\/\/insulation.trocellen.com\/it\/applicazioni\/anticalpestio-per-sottopavimenti\/trosil-trosil-tech\/#primaryimage\",\"url\":\"https:\/\/insulation.trocellen.com\/wp-content\/uploads\/sites\/6\/2023\/05\/Trosil-install.jpg\",\"contentUrl\":\"https:\/\/insulation.trocellen.com\/wp-content\/uploads\/sites\/6\/2023\/05\/Trosil-install.jpg\",\"width\":1920,\"height\":300},{\"@type\":\"BreadcrumbList\",\"@id\":\"https:\/\/insulation.trocellen.com\/it\/applicazioni\/anticalpestio-per-sottopavimenti\/trosil-trosil-tech\/#breadcrumb\",\"itemListElement\":[{\"@type\":\"ListItem\",\"position\":1,\"name\":\"Home\",\"item\":\"https:\/\/insulation.trocellen.com\/it\/\"},{\"@type\":\"ListItem\",\"position\":2,\"name\":\"Applicazioni\",\"item\":\"https:\/\/insulation.trocellen.com\/it\/applicazioni\/\"},{\"@type\":\"ListItem\",\"position\":3,\"name\":\"Anticalpestio per sottopavimenti\",\"item\":\"https:\/\/insulation.trocellen.com\/it\/applicazioni\/anticalpestio-per-sottopavimenti\/\"},{\"@type\":\"ListItem\",\"position\":4,\"name\":\"Trosil\u00ae, Trosil Tech\u00ae\"}]},{\"@type\":\"WebSite\",\"@id\":\"https:\/\/insulation.trocellen.com\/it\/#website\",\"url\":\"https:\/\/insulation.trocellen.com\/it\/\",\"name\":\"Trocellen Insulation\",\"description\":\"\",\"potentialAction\":[{\"@type\":\"SearchAction\",\"target\":{\"@type\":\"EntryPoint\",\"urlTemplate\":\"https:\/\/insulation.trocellen.com\/it\/?s={search_term_string}\"},\"query-input\":{\"@type\":\"PropertyValueSpecification\",\"valueRequired\":true,\"valueName\":\"search_term_string\"}}],\"inLanguage\":\"it-IT\"}]}<\/script>\n<!-- \/ Yoast SEO plugin. -->","yoast_head_json":{"title":"Trosil e Trosil-Tech da porre sotto il pavimento galleggiante","description":"Le soluzioni anticalpestio per sottopavimenti di Trocellen sono ideali per l\u2019isolamento acustico del rumore di calpestio. In PE chimicamente reticolato","robots":{"index":"index","follow":"follow","max-snippet":"max-snippet:-1","max-image-preview":"max-image-preview:large","max-video-preview":"max-video-preview:-1"},"canonical":"https:\/\/insulation.trocellen.com\/it\/applicazioni\/anticalpestio-per-sottopavimenti\/trosil-trosil-tech\/","og_locale":"it_IT","og_type":"article","og_title":"Trosil e Trosil-Tech da porre sotto il pavimento galleggiante","og_description":"Le soluzioni anticalpestio per sottopavimenti di Trocellen sono ideali per l\u2019isolamento acustico del rumore di calpestio. In PE chimicamente reticolato","og_url":"https:\/\/insulation.trocellen.com\/it\/applicazioni\/anticalpestio-per-sottopavimenti\/trosil-trosil-tech\/","og_site_name":"Trocellen Insulation","article_modified_time":"2026-02-28T08:07:57+00:00","og_image":[{"width":1920,"height":300,"url":"https:\/\/insulation.trocellen.com\/wp-content\/uploads\/sites\/6\/2023\/05\/Trosil-install.jpg","type":"image\/jpeg"}],"twitter_card":"summary_large_image","twitter_misc":{"Tempo di lettura stimato":"2 minuti"},"schema":{"@context":"https:\/\/schema.org","@graph":[{"@type":"WebPage","@id":"https:\/\/insulation.trocellen.com\/it\/applicazioni\/anticalpestio-per-sottopavimenti\/trosil-trosil-tech\/","url":"https:\/\/insulation.trocellen.com\/it\/applicazioni\/anticalpestio-per-sottopavimenti\/trosil-trosil-tech\/","name":"Trosil e Trosil-Tech da porre sotto il pavimento galleggiante","isPartOf":{"@id":"https:\/\/insulation.trocellen.com\/it\/#website"},"primaryImageOfPage":{"@id":"https:\/\/insulation.trocellen.com\/it\/applicazioni\/anticalpestio-per-sottopavimenti\/trosil-trosil-tech\/#primaryimage"},"image":{"@id":"https:\/\/insulation.trocellen.com\/it\/applicazioni\/anticalpestio-per-sottopavimenti\/trosil-trosil-tech\/#primaryimage"},"thumbnailUrl":"https:\/\/insulation.trocellen.com\/wp-content\/uploads\/sites\/6\/2023\/05\/Trosil-install.jpg","datePublished":"2013-12-12T17:18:57+00:00","dateModified":"2026-02-28T08:07:57+00:00","description":"Le soluzioni anticalpestio per sottopavimenti di Trocellen sono ideali per l\u2019isolamento acustico del rumore di calpestio. In PE chimicamente reticolato","breadcrumb":{"@id":"https:\/\/insulation.trocellen.com\/it\/applicazioni\/anticalpestio-per-sottopavimenti\/trosil-trosil-tech\/#breadcrumb"},"inLanguage":"it-IT","potentialAction":[{"@type":"ReadAction","target":["https:\/\/insulation.trocellen.com\/it\/applicazioni\/anticalpestio-per-sottopavimenti\/trosil-trosil-tech\/"]}]},{"@type":"ImageObject","inLanguage":"it-IT","@id":"https:\/\/insulation.trocellen.com\/it\/applicazioni\/anticalpestio-per-sottopavimenti\/trosil-trosil-tech\/#primaryimage","url":"https:\/\/insulation.trocellen.com\/wp-content\/uploads\/sites\/6\/2023\/05\/Trosil-install.jpg","contentUrl":"https:\/\/insulation.trocellen.com\/wp-content\/uploads\/sites\/6\/2023\/05\/Trosil-install.jpg","width":1920,"height":300},{"@type":"BreadcrumbList","@id":"https:\/\/insulation.trocellen.com\/it\/applicazioni\/anticalpestio-per-sottopavimenti\/trosil-trosil-tech\/#breadcrumb","itemListElement":[{"@type":"ListItem","position":1,"name":"Home","item":"https:\/\/insulation.trocellen.com\/it\/"},{"@type":"ListItem","position":2,"name":"Applicazioni","item":"https:\/\/insulation.trocellen.com\/it\/applicazioni\/"},{"@type":"ListItem","position":3,"name":"Anticalpestio per sottopavimenti","item":"https:\/\/insulation.trocellen.com\/it\/applicazioni\/anticalpestio-per-sottopavimenti\/"},{"@type":"ListItem","position":4,"name":"Trosil\u00ae, Trosil Tech\u00ae"}]},{"@type":"WebSite","@id":"https:\/\/insulation.trocellen.com\/it\/#website","url":"https:\/\/insulation.trocellen.com\/it\/","name":"Trocellen Insulation","description":"","potentialAction":[{"@type":"SearchAction","target":{"@type":"EntryPoint","urlTemplate":"https:\/\/insulation.trocellen.com\/it\/?s={search_term_string}"},"query-input":{"@type":"PropertyValueSpecification","valueRequired":true,"valueName":"search_term_string"}}],"inLanguage":"it-IT"}]}},"_links":{"self":[{"href":"https:\/\/insulation.trocellen.com\/it\/wp-json\/wp\/v2\/pages\/4144","targetHints":{"allow":["GET"]}}],"collection":[{"href":"https:\/\/insulation.trocellen.com\/it\/wp-json\/wp\/v2\/pages"}],"about":[{"href":"https:\/\/insulation.trocellen.com\/it\/wp-json\/wp\/v2\/types\/page"}],"author":[{"embeddable":true,"href":"https:\/\/insulation.trocellen.com\/it\/wp-json\/wp\/v2\/users\/1"}],"replies":[{"embeddable":true,"href":"https:\/\/insulation.trocellen.com\/it\/wp-json\/wp\/v2\/comments?post=4144"}],"version-history":[{"count":7,"href":"https:\/\/insulation.trocellen.com\/it\/wp-json\/wp\/v2\/pages\/4144\/revisions"}],"predecessor-version":[{"id":11291,"href":"https:\/\/insulation.trocellen.com\/it\/wp-json\/wp\/v2\/pages\/4144\/revisions\/11291"}],"up":[{"embeddable":true,"href":"https:\/\/insulation.trocellen.com\/it\/wp-json\/wp\/v2\/pages\/4108"}],"wp:featuredmedia":[{"embeddable":true,"href":"https:\/\/insulation.trocellen.com\/it\/wp-json\/wp\/v2\/media\/8857"}],"wp:attachment":[{"href":"https:\/\/insulation.trocellen.com\/it\/wp-json\/wp\/v2\/media?parent=4144"}],"curies":[{"name":"wp","href":"https:\/\/api.w.org\/{rel}","templated":true}]}}