{"id":4102,"date":"2013-12-12T17:09:36","date_gmt":"2013-12-12T17:09:36","guid":{"rendered":"https:\/\/insulation-new.trocellen.com\/referenze\/"},"modified":"2013-12-12T17:09:36","modified_gmt":"2013-12-12T17:09:36","slug":"referenze","status":"publish","type":"page","link":"https:\/\/insulation.trocellen.com\/it\/referenze\/","title":{"rendered":"Referenze"},"content":{"rendered":"<p><strong>Trocellen fornisce\u00a0alle industrie del settore edile e d&#8217;ingegneria soluzioni d&#8217;isolamento avanzate. Siamo coinvolti in diversi progetti di grandi dimensioni e forniamo soluzioni a lungo termine per i nostri partner.<\/strong><\/p>\n<h2>Ospedale di P\u00e9cs<\/h2>\n<p>In uno dei progetti pi\u00f9 recenti Trocellen ha fornito prodotti isolanti per la realizzazione dell&#8217;Ospedale di P\u00e9cs (Ungheria). L&#8217;isolamento acustico per le tubazioni di acque reflue realizzato con Aplomb 11, il nostro prodotto d&#8217;isolamento acustico di qualit\u00e0 premium.<\/p>\n<table border=\"0\" align=\"center\">\n<tbody>\n<tr>\n<td><img loading=\"lazy\" decoding=\"async\" class=\"alignnone size-thumbnail wp-image-111\" src=\"https:\/\/insulation.trocellen.com\/wp-content\/uploads\/sites\/6\/2013\/12\/Pecs-1-150x150.jpg\" alt=\"Pecs 1\" width=\"150\" height=\"150\" \/><\/td>\n<td><img loading=\"lazy\" decoding=\"async\" class=\"alignnone size-thumbnail wp-image-112\" src=\"https:\/\/insulation.trocellen.com\/wp-content\/uploads\/sites\/6\/2013\/12\/Pecs-2-150x150.jpg\" alt=\"Pecs 2\" width=\"150\" height=\"150\" \/><\/td>\n<\/tr>\n<\/tbody>\n<\/table>\n<hr \/>\n<h2>Burj Khalifa<\/h2>\n<p>Burj Khalifa \u00e8 un grattacielo a Dubai, negli Emirati Arabi, ed \u00e8 una delle strutture artificiali pi\u00f9 alte del mondo. altezza 829,8 m e 163 piani.<br \/>\n Trocellen ha fornito la costruzione di soluzioni HVAC avanzate e durature.<\/p>\n<p><img loading=\"lazy\" decoding=\"async\" class=\"size-full wp-image-113 aligncenter\" src=\"https:\/\/insulation.trocellen.com\/wp-content\/uploads\/sites\/6\/2013\/12\/burj-khalifa.jpg\" alt=\"burj khalifa\" width=\"168\" height=\"296\" \/><\/p>\n<hr \/>\n<h2>\u201cLuxus \u00c1ruh\u00e1z\u201d<\/h2>\n<p>L&#8217;ultimo centro commerciale di Budapest, chiamato \u201cLuxus \u00c1ruh\u00e1z\u201d \u00e8 provvista della soluzione di supporto a pavimento di Trocellen: Trosil Tech.<\/p>\n<p><strong>Altre referenze<\/strong><\/p>\n<table style=\"width: 100%\" border=\"0\">\n<tbody>\n<tr>\n<td colspan=\"2\">\n<h3>HVAC<\/h3>\n<\/td>\n<\/tr>\n<tr>\n<td>Avellino Hospital \u2013 Italia<\/td>\n<td>Trocellen Duct 12 mm ALU adhesive<\/td>\n<\/tr>\n<tr>\n<td>San Raffaele Hospital -Italia<\/td>\n<td>Trocellen Duct 20 mm CL1 ALU<\/td>\n<\/tr>\n<tr>\n<td>CHIESI PHARMACEUTICAL RESEARCH CENTER\u2013 Italia<\/td>\n<td>Trocellen Duct 20-54 mm AL CL1<\/td>\n<\/tr>\n<tr>\n<td>Hangkok-Duna\u00fajv\u00e1ros \u2013 Ungheria<\/td>\n<td>Troc.Duct SLVF3010\/AL<\/td>\n<\/tr>\n<tr>\n<td>SOTEII \u2013 Ungheria<\/td>\n<td>NF 3015, NF3020<\/td>\n<\/tr>\n<tr>\n<td>Plodine mega-market \u2013 Croazia<\/td>\n<td>Trocellen duct 10-20 mm<\/td>\n<\/tr>\n<tr>\n<td>Thermal bath \u2013 Podh\u00e1jsk\u00e1 \u2013 Slovacchia<\/td>\n<td>SN3015\/AL<\/td>\n<\/tr>\n<tr>\n<td>Shopping Centre \u2013 Bratislava &#8211; Slovacchia<\/td>\n<td>SN3015\/AL<\/td>\n<\/tr>\n<tr>\n<td>Hospital Deva &#8211; Romania<\/td>\n<td>N3010,N3005<\/td>\n<\/tr>\n<tr>\n<td colspan=\"2\">\n<h3>Isolamento acustico a parete<\/h3>\n<\/td>\n<\/tr>\n<tr>\n<td>Orig\u00f3 Film Studio \u2013 Ungheria<\/td>\n<td>Aplomb 22, Aplomb 11<\/td>\n<\/tr>\n<tr>\n<td>National Theatre \u2013 Romania<\/td>\n<td>Aplomb 22<\/td>\n<\/tr>\n<tr>\n<td>GE Electric \u2013 Ungheria<\/td>\n<td>Aplomb 11<\/td>\n<\/tr>\n<tr>\n<td colspan=\"2\">\n<h3>Isolamento acustico a pavimento<\/h3>\n<\/td>\n<\/tr>\n<tr>\n<td>DAIMLER Mercedes residential building \u2013 Ungheria<\/td>\n<td>N 3010, N3005<\/td>\n<\/tr>\n<tr>\n<td>Polus Constanta &#8211; Romania<\/td>\n<td>N 3010, N3005<\/td>\n<\/tr>\n<tr>\n<td>Polus Brasov<\/td>\n<td>N 3010, N3005\u00a0<\/td>\n<\/tr>\n<tr>\n<td>Esplanada City Center Bucharest<\/td>\n<td>N 3010, N3005\u00a0<\/td>\n<\/tr>\n<tr>\n<td>Poznan New Transportation and Shopping complex &#8211; Polonia<\/td>\n<td>N 3010, N3005\u00a0<\/td>\n<\/tr>\n<tr>\n<td>Bonarka for business\/Bonarka City Center &#8211; Polonia<\/td>\n<td>N 3010, N3005\u00a0<\/td>\n<\/tr>\n<tr>\n<td colspan=\"2\">\n<h3>Referenze per isolamento termico<\/h3>\n<\/td>\n<\/tr>\n<tr>\n<td>CHIESI PHARMACEUTICAL RESEARCH CENTER \u2013 Italia<\/td>\n<td>Isocompact, Duct<\/td>\n<\/tr>\n<tr>\n<td>Tart\u00e1lypark \u2013 Orosh\u00e1za \u2013 Ungheria<\/td>\n<td>N3020, LVF3020<\/td>\n<\/tr>\n<tr>\n<td>Villa Nova residential building \u2013 Slovacchia<\/td>\n<td>N3005\/AL<\/td>\n<\/tr>\n<\/tbody>\n<\/table>\n<h3><strong>Downloads<\/strong><\/h3>\n<p>per leggere di pi\u00f9 sulle referenze di isolamento:<\/p>\n<ul>\n<li><a href=\"https:\/\/insulation.trocellen.com\/wp-content\/uploads\/sites\/6\/2013\/12\/VINTAGE_2017_ita_web.pdf\" rel=\"\">VINTAGE<\/a><\/li>\n<\/ul>\n","protected":false},"excerpt":{"rendered":"<p>Trocellen fornisce\u00a0alle industrie del settore edile e d&#8217;ingegneria soluzioni d&#8217;isolamento avanzate. Siamo coinvolti in diversi progetti di grandi dimensioni e forniamo soluzioni a lungo termine per i nostri partner. Ospedale di P\u00e9cs In uno dei progetti pi\u00f9 recenti Trocellen ha fornito prodotti isolanti per la realizzazione dell&#8217;Ospedale di P\u00e9cs (Ungheria). L&#8217;isolamento acustico per le tubazioni [&hellip;]<\/p>\n","protected":false},"author":1,"featured_media":0,"parent":0,"menu_order":200,"comment_status":"open","ping_status":"closed","template":"","meta":{"_acf_changed":false,"footnotes":""},"class_list":["post-4102","page","type-page","status-publish","hentry"],"acf":[],"yoast_head":"<!-- This site is optimized with the Yoast SEO plugin v23.5 - https:\/\/yoast.com\/wordpress\/plugins\/seo\/ -->\n<title>Referenze - Trocellen Insulation<\/title>\n<meta name=\"robots\" content=\"index, follow, max-snippet:-1, max-image-preview:large, max-video-preview:-1\" \/>\n<link rel=\"canonical\" href=\"https:\/\/insulation.trocellen.com\/it\/referenze\/\" \/>\n<meta property=\"og:locale\" content=\"it_IT\" \/>\n<meta property=\"og:type\" content=\"article\" \/>\n<meta property=\"og:title\" content=\"Referenze - Trocellen Insulation\" \/>\n<meta property=\"og:description\" content=\"Trocellen fornisce\u00a0alle industrie del settore edile e d&#8217;ingegneria soluzioni d&#8217;isolamento avanzate. Siamo coinvolti in diversi progetti di grandi dimensioni e forniamo soluzioni a lungo termine per i nostri partner. Ospedale di P\u00e9cs In uno dei progetti pi\u00f9 recenti Trocellen ha fornito prodotti isolanti per la realizzazione dell&#8217;Ospedale di P\u00e9cs (Ungheria). L&#8217;isolamento acustico per le tubazioni [&hellip;]\" \/>\n<meta property=\"og:url\" content=\"https:\/\/insulation.trocellen.com\/it\/referenze\/\" \/>\n<meta property=\"og:site_name\" content=\"Trocellen Insulation\" \/>\n<meta property=\"og:image\" content=\"https:\/\/insulation.trocellen.com\/wp-content\/uploads\/sites\/6\/2013\/12\/Pecs-1-150x150.jpg\" \/>\n<meta name=\"twitter:card\" content=\"summary_large_image\" \/>\n<meta name=\"twitter:label1\" content=\"Tempo di lettura stimato\" \/>\n\t<meta name=\"twitter:data1\" content=\"2 minuti\" \/>\n<script type=\"application\/ld+json\" class=\"yoast-schema-graph\">{\"@context\":\"https:\/\/schema.org\",\"@graph\":[{\"@type\":\"WebPage\",\"@id\":\"https:\/\/insulation.trocellen.com\/it\/referenze\/\",\"url\":\"https:\/\/insulation.trocellen.com\/it\/referenze\/\",\"name\":\"Referenze - Trocellen Insulation\",\"isPartOf\":{\"@id\":\"https:\/\/insulation.trocellen.com\/it\/#website\"},\"primaryImageOfPage\":{\"@id\":\"https:\/\/insulation.trocellen.com\/it\/referenze\/#primaryimage\"},\"image\":{\"@id\":\"https:\/\/insulation.trocellen.com\/it\/referenze\/#primaryimage\"},\"thumbnailUrl\":\"https:\/\/insulation.trocellen.com\/wp-content\/uploads\/sites\/6\/2013\/12\/Pecs-1-150x150.jpg\",\"datePublished\":\"2013-12-12T17:09:36+00:00\",\"dateModified\":\"2013-12-12T17:09:36+00:00\",\"breadcrumb\":{\"@id\":\"https:\/\/insulation.trocellen.com\/it\/referenze\/#breadcrumb\"},\"inLanguage\":\"it-IT\",\"potentialAction\":[{\"@type\":\"ReadAction\",\"target\":[\"https:\/\/insulation.trocellen.com\/it\/referenze\/\"]}]},{\"@type\":\"ImageObject\",\"inLanguage\":\"it-IT\",\"@id\":\"https:\/\/insulation.trocellen.com\/it\/referenze\/#primaryimage\",\"url\":\"https:\/\/insulation.trocellen.com\/wp-content\/uploads\/sites\/6\/2013\/12\/Pecs-1-150x150.jpg\",\"contentUrl\":\"https:\/\/insulation.trocellen.com\/wp-content\/uploads\/sites\/6\/2013\/12\/Pecs-1-150x150.jpg\"},{\"@type\":\"BreadcrumbList\",\"@id\":\"https:\/\/insulation.trocellen.com\/it\/referenze\/#breadcrumb\",\"itemListElement\":[{\"@type\":\"ListItem\",\"position\":1,\"name\":\"Home\",\"item\":\"https:\/\/insulation.trocellen.com\/it\/\"},{\"@type\":\"ListItem\",\"position\":2,\"name\":\"Referenze\"}]},{\"@type\":\"WebSite\",\"@id\":\"https:\/\/insulation.trocellen.com\/it\/#website\",\"url\":\"https:\/\/insulation.trocellen.com\/it\/\",\"name\":\"Trocellen Insulation\",\"description\":\"\",\"potentialAction\":[{\"@type\":\"SearchAction\",\"target\":{\"@type\":\"EntryPoint\",\"urlTemplate\":\"https:\/\/insulation.trocellen.com\/it\/?s={search_term_string}\"},\"query-input\":{\"@type\":\"PropertyValueSpecification\",\"valueRequired\":true,\"valueName\":\"search_term_string\"}}],\"inLanguage\":\"it-IT\"}]}<\/script>\n<!-- \/ Yoast SEO plugin. -->","yoast_head_json":{"title":"Referenze - Trocellen Insulation","robots":{"index":"index","follow":"follow","max-snippet":"max-snippet:-1","max-image-preview":"max-image-preview:large","max-video-preview":"max-video-preview:-1"},"canonical":"https:\/\/insulation.trocellen.com\/it\/referenze\/","og_locale":"it_IT","og_type":"article","og_title":"Referenze - Trocellen Insulation","og_description":"Trocellen fornisce\u00a0alle industrie del settore edile e d&#8217;ingegneria soluzioni d&#8217;isolamento avanzate. Siamo coinvolti in diversi progetti di grandi dimensioni e forniamo soluzioni a lungo termine per i nostri partner. Ospedale di P\u00e9cs In uno dei progetti pi\u00f9 recenti Trocellen ha fornito prodotti isolanti per la realizzazione dell&#8217;Ospedale di P\u00e9cs (Ungheria). L&#8217;isolamento acustico per le tubazioni [&hellip;]","og_url":"https:\/\/insulation.trocellen.com\/it\/referenze\/","og_site_name":"Trocellen Insulation","og_image":[{"url":"https:\/\/insulation.trocellen.com\/wp-content\/uploads\/sites\/6\/2013\/12\/Pecs-1-150x150.jpg"}],"twitter_card":"summary_large_image","twitter_misc":{"Tempo di lettura stimato":"2 minuti"},"schema":{"@context":"https:\/\/schema.org","@graph":[{"@type":"WebPage","@id":"https:\/\/insulation.trocellen.com\/it\/referenze\/","url":"https:\/\/insulation.trocellen.com\/it\/referenze\/","name":"Referenze - Trocellen Insulation","isPartOf":{"@id":"https:\/\/insulation.trocellen.com\/it\/#website"},"primaryImageOfPage":{"@id":"https:\/\/insulation.trocellen.com\/it\/referenze\/#primaryimage"},"image":{"@id":"https:\/\/insulation.trocellen.com\/it\/referenze\/#primaryimage"},"thumbnailUrl":"https:\/\/insulation.trocellen.com\/wp-content\/uploads\/sites\/6\/2013\/12\/Pecs-1-150x150.jpg","datePublished":"2013-12-12T17:09:36+00:00","dateModified":"2013-12-12T17:09:36+00:00","breadcrumb":{"@id":"https:\/\/insulation.trocellen.com\/it\/referenze\/#breadcrumb"},"inLanguage":"it-IT","potentialAction":[{"@type":"ReadAction","target":["https:\/\/insulation.trocellen.com\/it\/referenze\/"]}]},{"@type":"ImageObject","inLanguage":"it-IT","@id":"https:\/\/insulation.trocellen.com\/it\/referenze\/#primaryimage","url":"https:\/\/insulation.trocellen.com\/wp-content\/uploads\/sites\/6\/2013\/12\/Pecs-1-150x150.jpg","contentUrl":"https:\/\/insulation.trocellen.com\/wp-content\/uploads\/sites\/6\/2013\/12\/Pecs-1-150x150.jpg"},{"@type":"BreadcrumbList","@id":"https:\/\/insulation.trocellen.com\/it\/referenze\/#breadcrumb","itemListElement":[{"@type":"ListItem","position":1,"name":"Home","item":"https:\/\/insulation.trocellen.com\/it\/"},{"@type":"ListItem","position":2,"name":"Referenze"}]},{"@type":"WebSite","@id":"https:\/\/insulation.trocellen.com\/it\/#website","url":"https:\/\/insulation.trocellen.com\/it\/","name":"Trocellen Insulation","description":"","potentialAction":[{"@type":"SearchAction","target":{"@type":"EntryPoint","urlTemplate":"https:\/\/insulation.trocellen.com\/it\/?s={search_term_string}"},"query-input":{"@type":"PropertyValueSpecification","valueRequired":true,"valueName":"search_term_string"}}],"inLanguage":"it-IT"}]}},"_links":{"self":[{"href":"https:\/\/insulation.trocellen.com\/it\/wp-json\/wp\/v2\/pages\/4102","targetHints":{"allow":["GET"]}}],"collection":[{"href":"https:\/\/insulation.trocellen.com\/it\/wp-json\/wp\/v2\/pages"}],"about":[{"href":"https:\/\/insulation.trocellen.com\/it\/wp-json\/wp\/v2\/types\/page"}],"author":[{"embeddable":true,"href":"https:\/\/insulation.trocellen.com\/it\/wp-json\/wp\/v2\/users\/1"}],"replies":[{"embeddable":true,"href":"https:\/\/insulation.trocellen.com\/it\/wp-json\/wp\/v2\/comments?post=4102"}],"version-history":[{"count":0,"href":"https:\/\/insulation.trocellen.com\/it\/wp-json\/wp\/v2\/pages\/4102\/revisions"}],"wp:attachment":[{"href":"https:\/\/insulation.trocellen.com\/it\/wp-json\/wp\/v2\/media?parent=4102"}],"curies":[{"name":"wp","href":"https:\/\/api.w.org\/{rel}","templated":true}]}}