{"id":4090,"date":"2013-12-12T17:09:09","date_gmt":"2013-12-12T17:09:09","guid":{"rendered":"https:\/\/insulation-new.trocellen.com\/tecnologie\/"},"modified":"2023-07-10T11:57:14","modified_gmt":"2023-07-10T11:57:14","slug":"tecnologie","status":"publish","type":"page","link":"https:\/\/insulation.trocellen.com\/it\/tecnologie\/","title":{"rendered":"Tecnologie"},"content":{"rendered":"<p>Trocellen \u00e8 il principale produttore europeo di PO espansi reticolati sia chimicamente che fisicamente. Offrendo un&#8217;ampia gamma di materiali espansi per edilizia e ingegneria, l&#8217;azienda \u00e8 diventata uno dei pi\u00f9 importanti partner industriali di forniture affidabili nel settore della coibentazione.<\/p>\n<p>Trocellen sviluppa e produce&nbsp;soluzioni nel campo dell&#8217;edilizia e dell&#8217;ingegneria per 40 anni. Attributi chiave comuni a tutti i nostri espansi reticolati XLPO comprendono: peso leggero, resistenza al fuoco, basso assorbimento d&#8217;acqua, resilienza, propriet\u00e0 termoisolanti, resistenza chimica, installazione facile e termoformatura.<\/p>\n<p>Partendo da una solida base tecnologica e un ottimale equilibrio tra intensa esperienza derivante dal passato e l&#8217;ambizione di rompere e superare soluzioni tradizionali, Trocellen \u00e8 il partner ideale per dare valore alla vostra azienda.<\/p>\n<h2>Materiali espansi Trocellen<\/h2>\n<p><strong>Materiali espansi PE standard<\/strong> \u2013 grande variet\u00e0 di densit\u00e0 e spessori, soluzioni perfette per coibentazioni e guarnizioni<br \/>\n<strong>Materiali espansi PE rigidi<\/strong> &#8211; soluzioni adeguate per sostituire materiali con densit\u00e0 maggiori, eccellenti per termoformature<br \/>\n<strong>Materiali espansi PE morbidi<\/strong> \u2013 ampia gamma di utilizzo, grande propriet\u00e0 di comfort<br \/>\n<strong>Materiali espansi PE ultra morbidi<\/strong> \u2013 garantiscono flessibilit\u00e0 maggiori per usi particolari, resilienza superiore<br \/>\n<strong>Materiali espansi PP<\/strong> \u2013 variet\u00e0 di densit\u00e0, spessore e propriet\u00e0 del materiale, soddisfano perfettamente le esigenze dei clienti<br \/>\n<strong>Materiali espansi con speciali additivi<\/strong> \u2013 espansi ignifugi e autoestinguenti in grado di rispondere perfettamente a elevati standard di sicurezza<\/p>\n<h2>Conversione di materiali espansi per diverse soluzioni<\/h2>\n<p>Oltre a fornire materiali espansi Trocellen ha sviluppato e investito in una variet\u00e0 di conversioni possibili che aggiungono valore ai nostri prodotti di materiali espansi.<\/p>\n<ul>\n<li>Laminati (utilizzando aria calda, fiamma o infrarossi) accoppiati con altri materiali espansi, metalli, pellicole o prodotti tessili secondo le esigenze dell&#8217;industria<\/li>\n<li>Laminati di strati pesanti accoppiati a materiale espanso<\/li>\n<li>Rivestimento adesivo comprensivo di fusione a caldo e trasferimento\/PSA<\/li>\n<li>Stampaggio per compressione<\/li>\n<li>Perforazione e goffratura<\/li>\n<\/ul>\n<p>&nbsp;<\/p>\n","protected":false},"excerpt":{"rendered":"<p>Trocellen \u00e8 il principale produttore europeo di PO espansi reticolati sia chimicamente che fisicamente. Offrendo un&#8217;ampia gamma di materiali espansi per edilizia e ingegneria, l&#8217;azienda \u00e8 diventata uno dei pi\u00f9 importanti partner industriali di forniture affidabili nel settore della coibentazione. Trocellen sviluppa e produce&nbsp;soluzioni nel campo dell&#8217;edilizia e dell&#8217;ingegneria per 40 anni. Attributi chiave comuni [&hellip;]<\/p>\n","protected":false},"author":1,"featured_media":9393,"parent":0,"menu_order":400,"comment_status":"open","ping_status":"closed","template":"","meta":{"_acf_changed":false,"footnotes":""},"class_list":["post-4090","page","type-page","status-publish","has-post-thumbnail","hentry"],"acf":[],"yoast_head":"<!-- This site is optimized with the Yoast SEO plugin v23.5 - https:\/\/yoast.com\/wordpress\/plugins\/seo\/ -->\n<title>Tecnologia Trocellen per la produzione di schiuma<\/title>\n<meta name=\"description\" content=\"Trocellen \u00e8 produttore europeo leader delle schiume in PO reticolato, offre un\u2019ampia gamma di prodotti in schiuma per l\u2019edilizia e l\u2019ingegneria.\" \/>\n<meta name=\"robots\" content=\"index, follow, max-snippet:-1, max-image-preview:large, max-video-preview:-1\" \/>\n<link rel=\"canonical\" href=\"https:\/\/insulation.trocellen.com\/it\/tecnologie\/\" \/>\n<meta property=\"og:locale\" content=\"it_IT\" \/>\n<meta property=\"og:type\" content=\"article\" \/>\n<meta property=\"og:title\" content=\"Tecnologia Trocellen per la produzione di schiuma\" \/>\n<meta property=\"og:description\" content=\"Trocellen \u00e8 produttore europeo leader delle schiume in PO reticolato, offre un\u2019ampia gamma di prodotti in schiuma per l\u2019edilizia e l\u2019ingegneria.\" \/>\n<meta property=\"og:url\" content=\"https:\/\/insulation.trocellen.com\/it\/tecnologie\/\" \/>\n<meta property=\"og:site_name\" content=\"Trocellen Insulation\" \/>\n<meta property=\"article:modified_time\" content=\"2023-07-10T11:57:14+00:00\" \/>\n<meta property=\"og:image\" content=\"https:\/\/insulation.trocellen.com\/wp-content\/uploads\/sites\/6\/2023\/06\/fejlec-Technology.jpg\" \/>\n\t<meta property=\"og:image:width\" content=\"1920\" \/>\n\t<meta property=\"og:image:height\" content=\"300\" \/>\n\t<meta property=\"og:image:type\" content=\"image\/jpeg\" \/>\n<meta name=\"twitter:card\" content=\"summary_large_image\" \/>\n<meta name=\"twitter:label1\" content=\"Tempo di lettura stimato\" \/>\n\t<meta name=\"twitter:data1\" content=\"2 minuti\" \/>\n<script type=\"application\/ld+json\" class=\"yoast-schema-graph\">{\"@context\":\"https:\/\/schema.org\",\"@graph\":[{\"@type\":\"WebPage\",\"@id\":\"https:\/\/insulation.trocellen.com\/it\/tecnologie\/\",\"url\":\"https:\/\/insulation.trocellen.com\/it\/tecnologie\/\",\"name\":\"Tecnologia Trocellen per la produzione di schiuma\",\"isPartOf\":{\"@id\":\"https:\/\/insulation.trocellen.com\/it\/#website\"},\"primaryImageOfPage\":{\"@id\":\"https:\/\/insulation.trocellen.com\/it\/tecnologie\/#primaryimage\"},\"image\":{\"@id\":\"https:\/\/insulation.trocellen.com\/it\/tecnologie\/#primaryimage\"},\"thumbnailUrl\":\"https:\/\/insulation.trocellen.com\/wp-content\/uploads\/sites\/6\/2023\/06\/fejlec-Technology.jpg\",\"datePublished\":\"2013-12-12T17:09:09+00:00\",\"dateModified\":\"2023-07-10T11:57:14+00:00\",\"description\":\"Trocellen \u00e8 produttore europeo leader delle schiume in PO reticolato, offre un\u2019ampia gamma di prodotti in schiuma per l\u2019edilizia e l\u2019ingegneria.\",\"breadcrumb\":{\"@id\":\"https:\/\/insulation.trocellen.com\/it\/tecnologie\/#breadcrumb\"},\"inLanguage\":\"it-IT\",\"potentialAction\":[{\"@type\":\"ReadAction\",\"target\":[\"https:\/\/insulation.trocellen.com\/it\/tecnologie\/\"]}]},{\"@type\":\"ImageObject\",\"inLanguage\":\"it-IT\",\"@id\":\"https:\/\/insulation.trocellen.com\/it\/tecnologie\/#primaryimage\",\"url\":\"https:\/\/insulation.trocellen.com\/wp-content\/uploads\/sites\/6\/2023\/06\/fejlec-Technology.jpg\",\"contentUrl\":\"https:\/\/insulation.trocellen.com\/wp-content\/uploads\/sites\/6\/2023\/06\/fejlec-Technology.jpg\",\"width\":1920,\"height\":300},{\"@type\":\"BreadcrumbList\",\"@id\":\"https:\/\/insulation.trocellen.com\/it\/tecnologie\/#breadcrumb\",\"itemListElement\":[{\"@type\":\"ListItem\",\"position\":1,\"name\":\"Home\",\"item\":\"https:\/\/insulation.trocellen.com\/it\/\"},{\"@type\":\"ListItem\",\"position\":2,\"name\":\"Tecnologie\"}]},{\"@type\":\"WebSite\",\"@id\":\"https:\/\/insulation.trocellen.com\/it\/#website\",\"url\":\"https:\/\/insulation.trocellen.com\/it\/\",\"name\":\"Trocellen Insulation\",\"description\":\"\",\"potentialAction\":[{\"@type\":\"SearchAction\",\"target\":{\"@type\":\"EntryPoint\",\"urlTemplate\":\"https:\/\/insulation.trocellen.com\/it\/?s={search_term_string}\"},\"query-input\":{\"@type\":\"PropertyValueSpecification\",\"valueRequired\":true,\"valueName\":\"search_term_string\"}}],\"inLanguage\":\"it-IT\"}]}<\/script>\n<!-- \/ Yoast SEO plugin. -->","yoast_head_json":{"title":"Tecnologia Trocellen per la produzione di schiuma","description":"Trocellen \u00e8 produttore europeo leader delle schiume in PO reticolato, offre un\u2019ampia gamma di prodotti in schiuma per l\u2019edilizia e l\u2019ingegneria.","robots":{"index":"index","follow":"follow","max-snippet":"max-snippet:-1","max-image-preview":"max-image-preview:large","max-video-preview":"max-video-preview:-1"},"canonical":"https:\/\/insulation.trocellen.com\/it\/tecnologie\/","og_locale":"it_IT","og_type":"article","og_title":"Tecnologia Trocellen per la produzione di schiuma","og_description":"Trocellen \u00e8 produttore europeo leader delle schiume in PO reticolato, offre un\u2019ampia gamma di prodotti in schiuma per l\u2019edilizia e l\u2019ingegneria.","og_url":"https:\/\/insulation.trocellen.com\/it\/tecnologie\/","og_site_name":"Trocellen Insulation","article_modified_time":"2023-07-10T11:57:14+00:00","og_image":[{"width":1920,"height":300,"url":"https:\/\/insulation.trocellen.com\/wp-content\/uploads\/sites\/6\/2023\/06\/fejlec-Technology.jpg","type":"image\/jpeg"}],"twitter_card":"summary_large_image","twitter_misc":{"Tempo di lettura stimato":"2 minuti"},"schema":{"@context":"https:\/\/schema.org","@graph":[{"@type":"WebPage","@id":"https:\/\/insulation.trocellen.com\/it\/tecnologie\/","url":"https:\/\/insulation.trocellen.com\/it\/tecnologie\/","name":"Tecnologia Trocellen per la produzione di schiuma","isPartOf":{"@id":"https:\/\/insulation.trocellen.com\/it\/#website"},"primaryImageOfPage":{"@id":"https:\/\/insulation.trocellen.com\/it\/tecnologie\/#primaryimage"},"image":{"@id":"https:\/\/insulation.trocellen.com\/it\/tecnologie\/#primaryimage"},"thumbnailUrl":"https:\/\/insulation.trocellen.com\/wp-content\/uploads\/sites\/6\/2023\/06\/fejlec-Technology.jpg","datePublished":"2013-12-12T17:09:09+00:00","dateModified":"2023-07-10T11:57:14+00:00","description":"Trocellen \u00e8 produttore europeo leader delle schiume in PO reticolato, offre un\u2019ampia gamma di prodotti in schiuma per l\u2019edilizia e l\u2019ingegneria.","breadcrumb":{"@id":"https:\/\/insulation.trocellen.com\/it\/tecnologie\/#breadcrumb"},"inLanguage":"it-IT","potentialAction":[{"@type":"ReadAction","target":["https:\/\/insulation.trocellen.com\/it\/tecnologie\/"]}]},{"@type":"ImageObject","inLanguage":"it-IT","@id":"https:\/\/insulation.trocellen.com\/it\/tecnologie\/#primaryimage","url":"https:\/\/insulation.trocellen.com\/wp-content\/uploads\/sites\/6\/2023\/06\/fejlec-Technology.jpg","contentUrl":"https:\/\/insulation.trocellen.com\/wp-content\/uploads\/sites\/6\/2023\/06\/fejlec-Technology.jpg","width":1920,"height":300},{"@type":"BreadcrumbList","@id":"https:\/\/insulation.trocellen.com\/it\/tecnologie\/#breadcrumb","itemListElement":[{"@type":"ListItem","position":1,"name":"Home","item":"https:\/\/insulation.trocellen.com\/it\/"},{"@type":"ListItem","position":2,"name":"Tecnologie"}]},{"@type":"WebSite","@id":"https:\/\/insulation.trocellen.com\/it\/#website","url":"https:\/\/insulation.trocellen.com\/it\/","name":"Trocellen Insulation","description":"","potentialAction":[{"@type":"SearchAction","target":{"@type":"EntryPoint","urlTemplate":"https:\/\/insulation.trocellen.com\/it\/?s={search_term_string}"},"query-input":{"@type":"PropertyValueSpecification","valueRequired":true,"valueName":"search_term_string"}}],"inLanguage":"it-IT"}]}},"_links":{"self":[{"href":"https:\/\/insulation.trocellen.com\/it\/wp-json\/wp\/v2\/pages\/4090","targetHints":{"allow":["GET"]}}],"collection":[{"href":"https:\/\/insulation.trocellen.com\/it\/wp-json\/wp\/v2\/pages"}],"about":[{"href":"https:\/\/insulation.trocellen.com\/it\/wp-json\/wp\/v2\/types\/page"}],"author":[{"embeddable":true,"href":"https:\/\/insulation.trocellen.com\/it\/wp-json\/wp\/v2\/users\/1"}],"replies":[{"embeddable":true,"href":"https:\/\/insulation.trocellen.com\/it\/wp-json\/wp\/v2\/comments?post=4090"}],"version-history":[{"count":1,"href":"https:\/\/insulation.trocellen.com\/it\/wp-json\/wp\/v2\/pages\/4090\/revisions"}],"predecessor-version":[{"id":9821,"href":"https:\/\/insulation.trocellen.com\/it\/wp-json\/wp\/v2\/pages\/4090\/revisions\/9821"}],"wp:featuredmedia":[{"embeddable":true,"href":"https:\/\/insulation.trocellen.com\/it\/wp-json\/wp\/v2\/media\/9393"}],"wp:attachment":[{"href":"https:\/\/insulation.trocellen.com\/it\/wp-json\/wp\/v2\/media?parent=4090"}],"curies":[{"name":"wp","href":"https:\/\/api.w.org\/{rel}","templated":true}]}}