{"id":9971,"date":"2023-10-11T13:08:12","date_gmt":"2023-10-11T13:08:12","guid":{"rendered":"https:\/\/insulation.trocellen.com\/fenntarthatosag\/trocellens-lca-epd-certification\/"},"modified":"2024-07-30T07:55:55","modified_gmt":"2024-07-30T07:55:55","slug":"trocellens-lca-epd-certification","status":"publish","type":"page","link":"https:\/\/insulation.trocellen.com\/hu\/fenntarthatosag\/trocellens-lca-epd-certification\/","title":{"rendered":"A Trocellen \u00e9letciklus-alap\u00fa \u00e9rt\u00e9kel\u00e9s (LCA)\/k\u00f6rnyezetv\u00e9delmi term\u00e9knyilatkozata (EPD)"},"content":{"rendered":"\n<p><em>Az <strong>EPD<\/strong> (k\u00f6rnyezetv\u00e9delmi term\u00e9knyilatkozat) egy olyan \u00f6nk\u00e9ntes nyilatkozat, amely <strong>\u00e9letciklus-alap\u00fa \u00e9rt\u00e9kel\u00e9s (LCA)<\/strong> alapj\u00e1n le\u00edrja egy term\u00e9k vagy folyamat k\u00f6rnyezeti hat\u00e1s\u00e1t, \u00e9s amely egy harmadik f\u00e9l \u00e1ltal ker\u00fcl tan\u00fas\u00edt\u00e1sra. Az LCA-vizsg\u00e1lat az \u00e9p\u00edt\u0151iparban haszn\u00e1lt <strong>sz\u00e1mos k\u00f6rnyezetv\u00e9delmi \u00e9s fenntarthat\u00f3s\u00e1gi nyilatkozat alapja<\/strong>. (A rendszer teljes \u00e1ttekint\u00e9s\u00e9hez, k\u00e9rj\u00fck, olvasson tov\u00e1bb.)<\/em><\/p>\n\n\n\n<div class=\"wp-block-columns is-layout-flex wp-container-core-columns-is-layout-9d6595d7 wp-block-columns-is-layout-flex\">\n<div class=\"wp-block-column is-layout-flow wp-block-column-is-layout-flow\" style=\"flex-basis:66.66%\">\n<p style=\"font-size:19px\"><strong>A Trocellen az els\u0151 PE-habgy\u00e1rt\u00f3(*), amely term\u00e9keire vonatkoz\u00f3an rendelkezik k\u00f6rnyezetv\u00e9delmi term\u00e9knyilatkozattal (EPD)<\/strong>, bizony\u00edtva, hogy a v\u00e1llalat nagy jelent\u0151s\u00e9get tulajdon\u00edt a k\u00f6rnyezetv\u00e9delmi szempontoknak. A term\u00e9knyilatkozat nemcsak a v\u00e1llalat \u00f6kol\u00f3giai l\u00e1bnyom\u00e1t teszi egy\u00e9rtelm\u0171v\u00e9 a piacon, hanem azt is lehet\u0151v\u00e9 teszi, hogy a Trocellen term\u00e9kei <strong>Eur\u00f3pa-szerte felhaszn\u00e1lhat\u00f3k legyenek a z\u00f6ld \u00e9p\u00edt\u00e9si protokollokban.<\/strong><\/p>\n\n\n\n<p style=\"font-size:12px\"><sup>(*)<\/sup>\u00a0z\u00e1rtcell\u00e1s, megn\u00f6velt \u00e9s t\u00e9rh\u00e1l\u00f3s\u00edtott polietil\u00e9n habot el\u0151\u00e1ll\u00edt\u00f3 gy\u00e1rt\u00f3<\/p>\n<\/div>\n\n\n\n<div class=\"wp-block-column is-layout-flow wp-block-column-is-layout-flow\" style=\"flex-basis:33.33%\"><div class=\"wp-block-image\">\n<figure class=\"aligncenter size-full\"><img loading=\"lazy\" decoding=\"async\" width=\"245\" height=\"59\" src=\"https:\/\/insulation.trocellen.com\/wp-content\/uploads\/sites\/6\/2023\/10\/EPD-logo.png\" alt=\"\" class=\"wp-image-9895\" \/><\/figure>\n<\/div><\/div>\n<\/div>\n\n\n\n<p>A <strong>Trocellen<\/strong> k\u00f6vetkez\u0151 \u00e9vekre vonatkoz\u00f3 strat\u00e9giai c\u00e9lkit\u0171z\u00e9sei k\u00f6z\u00f6tt szerepel, hogy cs\u00f6kkentse \u00f6kol\u00f3giai l\u00e1bnyom\u00e1t. Ehhez els\u0151 l\u00e9p\u00e9sk\u00e9nt a v\u00e1llalat <strong>k\u00f6rnyezetv\u00e9delmi term\u00e9knyilatkozatot (EPD)<\/strong> biztos\u00edtott a k\u00f6vetkez\u0151 term\u00e9kkateg\u00f3ri\u00e1kra:<\/p>\n\n\n\n<div class=\"wp-block-columns are-vertically-aligned-center is-layout-flex wp-container-core-columns-is-layout-9d6595d7 wp-block-columns-is-layout-flex\">\n<div class=\"wp-block-column is-vertically-aligned-center is-layout-flow wp-block-column-is-layout-flow\">\n<p class=\"nomargin\"><strong>Trocellen N\u00a0<\/strong>(PE fosszilis hab)<\/p>\n<\/div>\n\n\n\n<div class=\"wp-block-column is-vertically-aligned-center is-layout-flow wp-block-column-is-layout-flow\">\n<div class=\"wp-block-buttons large is-layout-flex wp-block-buttons-is-layout-flex\">\n<div class=\"wp-block-button large\"><a class=\"wp-block-button__link wp-element-button\" href=\"https:\/\/www.environdec.com\/library\/epd4713\" target=\"_blank\" rel=\"noreferrer noopener\">Nyilatkozat let\u00f6lt\u00e9se<\/a><\/div>\n<\/div>\n<\/div>\n<\/div>\n\n\n\n<div class=\"wp-block-columns are-vertically-aligned-center is-layout-flex wp-container-core-columns-is-layout-9d6595d7 wp-block-columns-is-layout-flex\">\n<div class=\"wp-block-column is-vertically-aligned-center is-layout-flow wp-block-column-is-layout-flow\">\n<p class=\"nomargin\"><strong>Trocellen Tr-EECell\u00a0<\/strong>(Biohab)<\/p>\n<\/div>\n\n\n\n<div class=\"wp-block-column is-vertically-aligned-center is-layout-flow wp-block-column-is-layout-flow\">\n<div class=\"wp-block-buttons large is-layout-flex wp-block-buttons-is-layout-flex\">\n<div class=\"wp-block-button large\"><a class=\"wp-block-button__link wp-element-button\" href=\"https:\/\/www.environdec.com\/library\/epd4715\" target=\"_blank\" rel=\"noreferrer noopener\">Nyilatkozat let\u00f6lt\u00e9se<\/a><\/div>\n<\/div>\n<\/div>\n<\/div>\n\n\n\n<div class=\"wp-block-columns are-vertically-aligned-center is-layout-flex wp-container-core-columns-is-layout-9d6595d7 wp-block-columns-is-layout-flex\">\n<div class=\"wp-block-column is-vertically-aligned-center is-layout-flow wp-block-column-is-layout-flow\">\n<p class=\"nomargin\"><strong>Trocellen Trosil\u00a0<\/strong>(padl\u00f3lapok \u00e9s \u00fasztatott beton al\u00e1t\u00e9tek akusztikai szigetel\u00e9s\u00e9re haszn\u00e1lt hab)<\/p>\n<\/div>\n\n\n\n<div class=\"wp-block-column is-vertically-aligned-center is-layout-flow wp-block-column-is-layout-flow\">\n<div class=\"wp-block-buttons large is-layout-flex wp-block-buttons-is-layout-flex\">\n<div class=\"wp-block-button large\"><a class=\"wp-block-button__link wp-element-button\" href=\"https:\/\/www.environdec.com\/library\/epd4714\" target=\"_blank\" rel=\"noreferrer noopener\">Nyilatkozat let\u00f6lt\u00e9se<\/a><\/div>\n<\/div>\n<\/div>\n<\/div>\n\n\n\n<div class=\"wp-block-columns are-vertically-aligned-center is-layout-flex wp-container-core-columns-is-layout-9d6595d7 wp-block-columns-is-layout-flex\">\n<div class=\"wp-block-column is-vertically-aligned-center is-layout-flow wp-block-column-is-layout-flow\">\n<p class=\"nomargin\"><strong>Trocellen Class\u00a0<\/strong>(HVAC rendszerek h\u0151szigetel\u00e9s\u00e9re haszn\u00e1lt hab)<\/p>\n<\/div>\n\n\n\n<div class=\"wp-block-column is-vertically-aligned-center is-layout-flow wp-block-column-is-layout-flow\">\n<div class=\"wp-block-buttons large is-layout-flex wp-container-core-buttons-is-layout-c07eda73 wp-block-buttons-is-layout-flex\">\n<div class=\"wp-block-button large\"><a class=\"wp-block-button__link wp-element-button\" href=\"https:\/\/www.environdec.com\/library\/epd4708\" target=\"_blank\" rel=\"noreferrer noopener\">Nyilatkozat let\u00f6lt\u00e9se<\/a><\/div>\n<\/div>\n<\/div>\n<\/div>\n\n\n\n<p>A k\u00f6rnyezetv\u00e9delmi term\u00e9knyilatkozatokat (EPD) a nemzetk\u00f6zi <em>Environdec <\/em>port\u00e1lon is k\u00f6zz\u00e9tessz\u00fck (<a href=\"https:\/\/www.environdec.com\/library\" target=\"_blank\" rel=\"noreferrer noopener\">https:\/\/www.environdec.com\/library<\/a>)<\/p>\n\n\n\n<p><em><em>T\u00e1j\u00e9koztatjuk, hogy a k\u00f6rnyezetv\u00e9delmi term\u00e9knyilatkozatban szerepl\u0151 adatok <strong>egy<\/strong> <strong>m<sup>2 <\/sup><\/strong>term\u00e9kre vonatkoznak.<\/em><\/em><\/p>\n\n\n\n<h2 class=\"wp-block-heading\"><strong>Mit is jelent pontosan az LCT, az LCA \u00e9s a PCR?<\/strong><\/h2>\n\n\n\n<p>A glob\u00e1lis sz\u00e9n-dioxid-kibocs\u00e1t\u00e1s t\u00f6bb mint 30%-\u00e1\u00e9rt az \u00e9p\u00edt\u0151ipar felel. \u00cdgy mag\u00e1t\u00f3l \u00e9rtet\u0151d\u0151, hogy a fenntarthat\u00f3s\u00e1g szempontjait egyre ink\u00e1bb figyelembe kell venni ebben a szektorban is. Ennek egyik m\u00f3dszere az \u00fan. <strong>\u00e9letciklus-gondolkod\u00e1s (LCT)<\/strong>, vagyis az a megk\u00f6zel\u00edt\u00e9s, amellyel oszt\u00e1lyozzuk egy term\u00e9k (\u00e9s\/vagy szolg\u00e1ltat\u00e1s) k\u00f6rnyezeti, gazdas\u00e1gi \u00e9s t\u00e1rsadalmi fenntarthat\u00f3s\u00e1g\u00e1t, tov\u00e1bb\u00e1 ennek keretein bel\u00fcl sz\u00fcletett meg az <strong>\u00e9letciklus-alap\u00fa \u00e9rt\u00e9kel\u00e9s (LCA)<\/strong> fogalma is.<\/p>\n\n\n\n<div class=\"wp-block-columns is-layout-flex wp-container-core-columns-is-layout-9d6595d7 wp-block-columns-is-layout-flex\">\n<div class=\"wp-block-column is-layout-flow wp-block-column-is-layout-flow\" style=\"flex-basis:66.66%\">\n<p><span lang=\"EN-US\"><\/span>Az \u00e9letciklus-alap\u00fa \u00e9rt\u00e9kel\u00e9s (LCA) egy olyan analitikus \u00e9s szisztematikus m\u00f3dszer, amely meghat\u00e1rozott mutat\u00f3kat haszn\u00e1l egy folyamat (\u00e9s\/vagy szolg\u00e1ltat\u00e1s) \u00f6kol\u00f3giai l\u00e1bnyom\u00e1nak \u00e9rt\u00e9kel\u00e9s\u00e9re annak teljes \u00e9letciklusa sor\u00e1n. Ezek a mutat\u00f3k lehet\u0151v\u00e9 teszik a k\u00f6rnyezeti hat\u00e1sok r\u00e9szletes \u00e9s \u00e1tfog\u00f3 \u00e9rt\u00e9kel\u00e9s\u00e9t.<\/p>\n\n\n\n<p>3 f\u0151 csoportra oszthat\u00f3k:<\/p>\n\n\n\n<ul class=\"wp-block-list\">\n<li><strong>L\u00e9gk\u00f6ri<\/strong>, bele\u00e9rtve az \u00f3zonlyuk kialakul\u00e1s\u00e1t s\u00falyosb\u00edt\u00f3 vagy a sz\u00e9n-dioxid-kibocs\u00e1t\u00e1st fokoz\u00f3 t\u00e9nyez\u0151ket.<\/li>\n\n\n\n<li><strong>Sz\u00e1razf\u00f6ldi<\/strong>, a fosszilis \u00e9s nem fosszilis nyersanyagok felhaszn\u00e1l\u00e1s\u00e1nak hat\u00e1sai.<\/li>\n\n\n\n<li><strong>V\u00edzi<\/strong>, a v\u00edzalap\u00fa k\u00f6rnyezet felhaszn\u00e1l\u00e1s\u00e1val vagy szennyez\u00e9s\u00e9vel kapcsolatos t\u00e9nyez\u0151k.<\/li>\n<\/ul>\n<\/div>\n\n\n\n<div class=\"wp-block-column is-layout-flow wp-block-column-is-layout-flow\" style=\"flex-basis:33.33%\">\n<figure class=\"wp-block-image size-full without-mask\"><img loading=\"lazy\" decoding=\"async\" width=\"250\" height=\"228\" src=\"https:\/\/insulation.trocellen.com\/wp-content\/uploads\/sites\/6\/2023\/10\/life-cycle-assessment.jpg\" alt=\"\" class=\"wp-image-9917\" \/><\/figure>\n<\/div>\n<\/div>\n\n\n\n<p>Az \u00e9letciklus-alap\u00fa \u00e9rt\u00e9kel\u00e9sben (LCA) meg\u00e1llap\u00edtott f\u00e1zisokat az al\u00e1bbiakban ismertetj\u00fck:<\/p>\n\n\n\n<figure class=\"wp-block-image size-full without-mask\"><img loading=\"lazy\" decoding=\"async\" width=\"770\" height=\"186\" src=\"https:\/\/insulation.trocellen.com\/wp-content\/uploads\/sites\/6\/2023\/10\/lca-study.jpg\" alt=\"\" class=\"wp-image-9909\" srcset=\"https:\/\/insulation.trocellen.com\/wp-content\/uploads\/sites\/6\/2023\/10\/lca-study.jpg 770w, https:\/\/insulation.trocellen.com\/wp-content\/uploads\/sites\/6\/2023\/10\/lca-study-300x72.jpg 300w, https:\/\/insulation.trocellen.com\/wp-content\/uploads\/sites\/6\/2023\/10\/lca-study-768x186.jpg 768w, https:\/\/insulation.trocellen.com\/wp-content\/uploads\/sites\/6\/2023\/10\/lca-study-570x138.jpg 570w, https:\/\/insulation.trocellen.com\/wp-content\/uploads\/sites\/6\/2023\/10\/lca-study-270x65.jpg 270w\" sizes=\"auto, (max-width: 770px) 100vw, 770px\" \/><\/figure>\n\n\n\n<p>N\u00e9h\u00e1ny (vagy valamennyi) f\u00e1zis azon term\u00e9kkateg\u00f3ria-szab\u00e1lyoknak (<strong>PCR<\/strong>) megfelel\u0151en ker\u00fcl \u00e9rt\u00e9kel\u00e9sre, amelyhez az \u00e9letciklus-alap\u00fa \u00e9rt\u00e9kel\u00e9s (LCA) t\u00e1rgya tartozik. A Trocellen term\u00e9kek eset\u00e9ben az <em>A1-A2-A3-C2-C4<\/em> f\u00e1zisokat vizsg\u00e1lt\u00e1k.<\/p>\n","protected":false},"excerpt":{"rendered":"<p>Az EPD (k\u00f6rnyezetv\u00e9delmi term\u00e9knyilatkozat) egy olyan \u00f6nk\u00e9ntes nyilatkozat, amely \u00e9letciklus-alap\u00fa \u00e9rt\u00e9kel\u00e9s (LCA) alapj\u00e1n le\u00edrja egy term\u00e9k vagy folyamat k\u00f6rnyezeti hat\u00e1s\u00e1t, \u00e9s amely egy harmadik f\u00e9l \u00e1ltal ker\u00fcl tan\u00fas\u00edt\u00e1sra. Az LCA-vizsg\u00e1lat az \u00e9p\u00edt\u0151iparban haszn\u00e1lt sz\u00e1mos k\u00f6rnyezetv\u00e9delmi \u00e9s fenntarthat\u00f3s\u00e1gi nyilatkozat alapja. (A rendszer teljes \u00e1ttekint\u00e9s\u00e9hez, k\u00e9rj\u00fck, olvasson tov\u00e1bb.) A Trocellen az els\u0151 PE-habgy\u00e1rt\u00f3(*), amely term\u00e9keire vonatkoz\u00f3an rendelkezik [&hellip;]<\/p>\n","protected":false},"author":1,"featured_media":0,"parent":5718,"menu_order":150,"comment_status":"closed","ping_status":"closed","template":"","meta":{"_acf_changed":false,"footnotes":""},"class_list":["post-9971","page","type-page","status-publish","hentry"],"acf":[],"yoast_head":"<!-- This site is optimized with the Yoast SEO plugin v23.5 - https:\/\/yoast.com\/wordpress\/plugins\/seo\/ -->\n<title>A Trocellen \u00e9letciklus-alap\u00fa \u00e9rt\u00e9kel\u00e9s (LCA)\/k\u00f6rnyezetv\u00e9delmi term\u00e9knyilatkozata (EPD) - Trocellen Insulation<\/title>\n<meta name=\"robots\" content=\"index, follow, max-snippet:-1, max-image-preview:large, max-video-preview:-1\" \/>\n<link rel=\"canonical\" href=\"https:\/\/insulation.trocellen.com\/hu\/fenntarthatosag\/trocellens-lca-epd-certification\/\" \/>\n<meta property=\"og:locale\" content=\"hu_HU\" \/>\n<meta property=\"og:type\" content=\"article\" \/>\n<meta property=\"og:title\" content=\"A Trocellen \u00e9letciklus-alap\u00fa \u00e9rt\u00e9kel\u00e9s (LCA)\/k\u00f6rnyezetv\u00e9delmi term\u00e9knyilatkozata (EPD) - Trocellen Insulation\" \/>\n<meta property=\"og:description\" content=\"Az EPD (k\u00f6rnyezetv\u00e9delmi term\u00e9knyilatkozat) egy olyan \u00f6nk\u00e9ntes nyilatkozat, amely \u00e9letciklus-alap\u00fa \u00e9rt\u00e9kel\u00e9s (LCA) alapj\u00e1n le\u00edrja egy term\u00e9k vagy folyamat k\u00f6rnyezeti hat\u00e1s\u00e1t, \u00e9s amely egy harmadik f\u00e9l \u00e1ltal ker\u00fcl tan\u00fas\u00edt\u00e1sra. Az LCA-vizsg\u00e1lat az \u00e9p\u00edt\u0151iparban haszn\u00e1lt sz\u00e1mos k\u00f6rnyezetv\u00e9delmi \u00e9s fenntarthat\u00f3s\u00e1gi nyilatkozat alapja. (A rendszer teljes \u00e1ttekint\u00e9s\u00e9hez, k\u00e9rj\u00fck, olvasson tov\u00e1bb.) A Trocellen az els\u0151 PE-habgy\u00e1rt\u00f3(*), amely term\u00e9keire vonatkoz\u00f3an rendelkezik [&hellip;]\" \/>\n<meta property=\"og:url\" content=\"https:\/\/insulation.trocellen.com\/hu\/fenntarthatosag\/trocellens-lca-epd-certification\/\" \/>\n<meta property=\"og:site_name\" content=\"Trocellen Insulation\" \/>\n<meta property=\"article:modified_time\" content=\"2024-07-30T07:55:55+00:00\" \/>\n<meta property=\"og:image\" content=\"https:\/\/insulation.trocellen.com\/wp-content\/uploads\/sites\/6\/2023\/10\/EPD-logo.png\" \/>\n<meta name=\"twitter:card\" content=\"summary_large_image\" \/>\n<meta name=\"twitter:label1\" content=\"Becs\u00fclt olvas\u00e1si id\u0151\" \/>\n\t<meta name=\"twitter:data1\" content=\"3 perc\" \/>\n<script type=\"application\/ld+json\" class=\"yoast-schema-graph\">{\"@context\":\"https:\/\/schema.org\",\"@graph\":[{\"@type\":\"WebPage\",\"@id\":\"https:\/\/insulation.trocellen.com\/hu\/fenntarthatosag\/trocellens-lca-epd-certification\/\",\"url\":\"https:\/\/insulation.trocellen.com\/hu\/fenntarthatosag\/trocellens-lca-epd-certification\/\",\"name\":\"A Trocellen \u00e9letciklus-alap\u00fa \u00e9rt\u00e9kel\u00e9s (LCA)\/k\u00f6rnyezetv\u00e9delmi term\u00e9knyilatkozata (EPD) - Trocellen Insulation\",\"isPartOf\":{\"@id\":\"https:\/\/insulation.trocellen.com\/hu\/#website\"},\"primaryImageOfPage\":{\"@id\":\"https:\/\/insulation.trocellen.com\/hu\/fenntarthatosag\/trocellens-lca-epd-certification\/#primaryimage\"},\"image\":{\"@id\":\"https:\/\/insulation.trocellen.com\/hu\/fenntarthatosag\/trocellens-lca-epd-certification\/#primaryimage\"},\"thumbnailUrl\":\"https:\/\/insulation.trocellen.com\/wp-content\/uploads\/sites\/6\/2023\/10\/EPD-logo.png\",\"datePublished\":\"2023-10-11T13:08:12+00:00\",\"dateModified\":\"2024-07-30T07:55:55+00:00\",\"breadcrumb\":{\"@id\":\"https:\/\/insulation.trocellen.com\/hu\/fenntarthatosag\/trocellens-lca-epd-certification\/#breadcrumb\"},\"inLanguage\":\"hu\",\"potentialAction\":[{\"@type\":\"ReadAction\",\"target\":[\"https:\/\/insulation.trocellen.com\/hu\/fenntarthatosag\/trocellens-lca-epd-certification\/\"]}]},{\"@type\":\"ImageObject\",\"inLanguage\":\"hu\",\"@id\":\"https:\/\/insulation.trocellen.com\/hu\/fenntarthatosag\/trocellens-lca-epd-certification\/#primaryimage\",\"url\":\"https:\/\/insulation.trocellen.com\/wp-content\/uploads\/sites\/6\/2023\/10\/EPD-logo.png\",\"contentUrl\":\"https:\/\/insulation.trocellen.com\/wp-content\/uploads\/sites\/6\/2023\/10\/EPD-logo.png\"},{\"@type\":\"BreadcrumbList\",\"@id\":\"https:\/\/insulation.trocellen.com\/hu\/fenntarthatosag\/trocellens-lca-epd-certification\/#breadcrumb\",\"itemListElement\":[{\"@type\":\"ListItem\",\"position\":1,\"name\":\"Home\",\"item\":\"https:\/\/insulation.trocellen.com\/hu\/\"},{\"@type\":\"ListItem\",\"position\":2,\"name\":\"Fenntarthat\u00f3s\u00e1g\",\"item\":\"https:\/\/insulation.trocellen.com\/hu\/fenntarthatosag\/\"},{\"@type\":\"ListItem\",\"position\":3,\"name\":\"A Trocellen \u00e9letciklus-alap\u00fa \u00e9rt\u00e9kel\u00e9s (LCA)\/k\u00f6rnyezetv\u00e9delmi term\u00e9knyilatkozata (EPD)\"}]},{\"@type\":\"WebSite\",\"@id\":\"https:\/\/insulation.trocellen.com\/hu\/#website\",\"url\":\"https:\/\/insulation.trocellen.com\/hu\/\",\"name\":\"Trocellen Insulation\",\"description\":\"\",\"potentialAction\":[{\"@type\":\"SearchAction\",\"target\":{\"@type\":\"EntryPoint\",\"urlTemplate\":\"https:\/\/insulation.trocellen.com\/hu\/?s={search_term_string}\"},\"query-input\":{\"@type\":\"PropertyValueSpecification\",\"valueRequired\":true,\"valueName\":\"search_term_string\"}}],\"inLanguage\":\"hu\"}]}<\/script>\n<!-- \/ Yoast SEO plugin. -->","yoast_head_json":{"title":"A Trocellen \u00e9letciklus-alap\u00fa \u00e9rt\u00e9kel\u00e9s (LCA)\/k\u00f6rnyezetv\u00e9delmi term\u00e9knyilatkozata (EPD) - Trocellen Insulation","robots":{"index":"index","follow":"follow","max-snippet":"max-snippet:-1","max-image-preview":"max-image-preview:large","max-video-preview":"max-video-preview:-1"},"canonical":"https:\/\/insulation.trocellen.com\/hu\/fenntarthatosag\/trocellens-lca-epd-certification\/","og_locale":"hu_HU","og_type":"article","og_title":"A Trocellen \u00e9letciklus-alap\u00fa \u00e9rt\u00e9kel\u00e9s (LCA)\/k\u00f6rnyezetv\u00e9delmi term\u00e9knyilatkozata (EPD) - Trocellen Insulation","og_description":"Az EPD (k\u00f6rnyezetv\u00e9delmi term\u00e9knyilatkozat) egy olyan \u00f6nk\u00e9ntes nyilatkozat, amely \u00e9letciklus-alap\u00fa \u00e9rt\u00e9kel\u00e9s (LCA) alapj\u00e1n le\u00edrja egy term\u00e9k vagy folyamat k\u00f6rnyezeti hat\u00e1s\u00e1t, \u00e9s amely egy harmadik f\u00e9l \u00e1ltal ker\u00fcl tan\u00fas\u00edt\u00e1sra. Az LCA-vizsg\u00e1lat az \u00e9p\u00edt\u0151iparban haszn\u00e1lt sz\u00e1mos k\u00f6rnyezetv\u00e9delmi \u00e9s fenntarthat\u00f3s\u00e1gi nyilatkozat alapja. (A rendszer teljes \u00e1ttekint\u00e9s\u00e9hez, k\u00e9rj\u00fck, olvasson tov\u00e1bb.) A Trocellen az els\u0151 PE-habgy\u00e1rt\u00f3(*), amely term\u00e9keire vonatkoz\u00f3an rendelkezik [&hellip;]","og_url":"https:\/\/insulation.trocellen.com\/hu\/fenntarthatosag\/trocellens-lca-epd-certification\/","og_site_name":"Trocellen Insulation","article_modified_time":"2024-07-30T07:55:55+00:00","og_image":[{"url":"https:\/\/insulation.trocellen.com\/wp-content\/uploads\/sites\/6\/2023\/10\/EPD-logo.png"}],"twitter_card":"summary_large_image","twitter_misc":{"Becs\u00fclt olvas\u00e1si id\u0151":"3 perc"},"schema":{"@context":"https:\/\/schema.org","@graph":[{"@type":"WebPage","@id":"https:\/\/insulation.trocellen.com\/hu\/fenntarthatosag\/trocellens-lca-epd-certification\/","url":"https:\/\/insulation.trocellen.com\/hu\/fenntarthatosag\/trocellens-lca-epd-certification\/","name":"A Trocellen \u00e9letciklus-alap\u00fa \u00e9rt\u00e9kel\u00e9s (LCA)\/k\u00f6rnyezetv\u00e9delmi term\u00e9knyilatkozata (EPD) - Trocellen Insulation","isPartOf":{"@id":"https:\/\/insulation.trocellen.com\/hu\/#website"},"primaryImageOfPage":{"@id":"https:\/\/insulation.trocellen.com\/hu\/fenntarthatosag\/trocellens-lca-epd-certification\/#primaryimage"},"image":{"@id":"https:\/\/insulation.trocellen.com\/hu\/fenntarthatosag\/trocellens-lca-epd-certification\/#primaryimage"},"thumbnailUrl":"https:\/\/insulation.trocellen.com\/wp-content\/uploads\/sites\/6\/2023\/10\/EPD-logo.png","datePublished":"2023-10-11T13:08:12+00:00","dateModified":"2024-07-30T07:55:55+00:00","breadcrumb":{"@id":"https:\/\/insulation.trocellen.com\/hu\/fenntarthatosag\/trocellens-lca-epd-certification\/#breadcrumb"},"inLanguage":"hu","potentialAction":[{"@type":"ReadAction","target":["https:\/\/insulation.trocellen.com\/hu\/fenntarthatosag\/trocellens-lca-epd-certification\/"]}]},{"@type":"ImageObject","inLanguage":"hu","@id":"https:\/\/insulation.trocellen.com\/hu\/fenntarthatosag\/trocellens-lca-epd-certification\/#primaryimage","url":"https:\/\/insulation.trocellen.com\/wp-content\/uploads\/sites\/6\/2023\/10\/EPD-logo.png","contentUrl":"https:\/\/insulation.trocellen.com\/wp-content\/uploads\/sites\/6\/2023\/10\/EPD-logo.png"},{"@type":"BreadcrumbList","@id":"https:\/\/insulation.trocellen.com\/hu\/fenntarthatosag\/trocellens-lca-epd-certification\/#breadcrumb","itemListElement":[{"@type":"ListItem","position":1,"name":"Home","item":"https:\/\/insulation.trocellen.com\/hu\/"},{"@type":"ListItem","position":2,"name":"Fenntarthat\u00f3s\u00e1g","item":"https:\/\/insulation.trocellen.com\/hu\/fenntarthatosag\/"},{"@type":"ListItem","position":3,"name":"A Trocellen \u00e9letciklus-alap\u00fa \u00e9rt\u00e9kel\u00e9s (LCA)\/k\u00f6rnyezetv\u00e9delmi term\u00e9knyilatkozata (EPD)"}]},{"@type":"WebSite","@id":"https:\/\/insulation.trocellen.com\/hu\/#website","url":"https:\/\/insulation.trocellen.com\/hu\/","name":"Trocellen Insulation","description":"","potentialAction":[{"@type":"SearchAction","target":{"@type":"EntryPoint","urlTemplate":"https:\/\/insulation.trocellen.com\/hu\/?s={search_term_string}"},"query-input":{"@type":"PropertyValueSpecification","valueRequired":true,"valueName":"search_term_string"}}],"inLanguage":"hu"}]}},"_links":{"self":[{"href":"https:\/\/insulation.trocellen.com\/hu\/wp-json\/wp\/v2\/pages\/9971","targetHints":{"allow":["GET"]}}],"collection":[{"href":"https:\/\/insulation.trocellen.com\/hu\/wp-json\/wp\/v2\/pages"}],"about":[{"href":"https:\/\/insulation.trocellen.com\/hu\/wp-json\/wp\/v2\/types\/page"}],"author":[{"embeddable":true,"href":"https:\/\/insulation.trocellen.com\/hu\/wp-json\/wp\/v2\/users\/1"}],"replies":[{"embeddable":true,"href":"https:\/\/insulation.trocellen.com\/hu\/wp-json\/wp\/v2\/comments?post=9971"}],"version-history":[{"count":5,"href":"https:\/\/insulation.trocellen.com\/hu\/wp-json\/wp\/v2\/pages\/9971\/revisions"}],"predecessor-version":[{"id":10898,"href":"https:\/\/insulation.trocellen.com\/hu\/wp-json\/wp\/v2\/pages\/9971\/revisions\/10898"}],"up":[{"embeddable":true,"href":"https:\/\/insulation.trocellen.com\/hu\/wp-json\/wp\/v2\/pages\/5718"}],"wp:attachment":[{"href":"https:\/\/insulation.trocellen.com\/hu\/wp-json\/wp\/v2\/media?parent=9971"}],"curies":[{"name":"wp","href":"https:\/\/api.w.org\/{rel}","templated":true}]}}