{"id":5718,"date":"2023-01-30T14:57:00","date_gmt":"2023-01-30T14:57:00","guid":{"rendered":"https:\/\/insulation-new.trocellen.com\/sustainability\/"},"modified":"2023-11-20T12:52:06","modified_gmt":"2023-11-20T12:52:06","slug":"fenntarthatosag","status":"publish","type":"page","link":"https:\/\/insulation.trocellen.com\/hu\/fenntarthatosag\/","title":{"rendered":"Fenntarthat\u00f3s\u00e1g"},"content":{"rendered":"\n<h2 class=\"wp-block-heading\">Mit jelent a fenntarthat\u00f3s\u00e1g a Trocellen szigetel\u00e9si \u00fczlet\u00e1ga sz\u00e1m\u00e1ra?<\/h2>\n\n\n\n<p>A Trocellen a k\u00f6rnyezeti teljes\u00edtm\u00e9ny \u00e9s a karbonl\u00e1bnyom optimaliz\u00e1l\u00e1s\u00e1val igazodik az ipar\u00e1g \u00e9s a korm\u00e1nyz\u00e1s trendjeihez, figyelembe v\u00e9ve a m\u0171anyag term\u00e9kek teljes \u00e9letciklus\u00e1t \u00e9s a vel\u00fck j\u00e1r\u00f3 saj\u00e1tos kih\u00edv\u00e1sokat. Nemcsak az \u00fajrahasznos\u00edtott-anyag tartalmat \u00e9s az \u00fajrahasznos\u00edthat\u00f3s\u00e1got fejlesztj\u00fck folyamatosan, hanem tov\u00e1bb megy\u00fcnk, \u00e9s tov\u00e1bbi \u00f6kotervez\u00e9si elveket hat\u00e1rozunk meg, hogy term\u00e9keinket a legjobb k\u00f6rnyezeti min\u0151s\u00e9g mellett fejlessz\u00fck.<\/p>\n\n\n\n<p>Felel\u0151ss\u00e9g\u00fcnk a term\u00e9kek fenntarthat\u00f3s\u00e1g\u00e1val kapcsolatos alapos tud\u00e1s elsaj\u00e1t\u00edt\u00e1sa: a k\u00f6rnyezeti hat\u00e1sok teljes k\u00f6r\u0171 ismeret\u00e9ben k\u00e9pesek vagyunk kiv\u00e1lasztani a legjobb opci\u00f3kat l\u00e1bnyomunk cs\u00f6kkent\u00e9s\u00e9re, an\u00e9lk\u00fcl, hogy a k\u00f6rnyezeti terheket az \u00e9letciklus f\u00e1zisai vagy a k\u00f6rnyezeti elemek egyik\u00e9r\u0151l a m\u00e1sikra helyezn\u00e9nk \u00e1t.<\/p>\n\n\n\n<p>A term\u00e9k \u00e9letciklus\u00e1t az els\u0151t\u0151l az utols\u00f3 mozzanatig optimaliz\u00e1ljuk, a tervez\u00e9st\u0151l kezdve a nyersanyag kiv\u00e1laszt\u00e1s\u00e1n \u00e1t a gy\u00e1rt\u00e1sig, a csomagol\u00e1sig \u00e9s ez sokszor m\u00e9g a sz\u00e1ll\u00edt\u00e1sra is kiterjed.<\/p>\n\n\n\n<p>A Trocellen szigetel\u00e9si \u00fczlet\u00e1ga sz\u00e1mos m\u00f3don tesz tan\u00fabizonys\u00e1got a fenntarthat\u00f3s\u00e1g ir\u00e1nti elk\u00f6telezetts\u00e9g\u00e9r\u0151l. Az \u00e9p\u00edt\u0151iparban haszn\u00e1lt rendszerek, term\u00e9kek \u00e9s nyersanyagoka z\u00f6ld \u00e9rt\u00e9kel\u00e9si rendszereknek val\u00f3 megfelel\u00e9ssel eg\u00e9sz\u00fclnek ki, hogy a szegmens min\u00e9l nagyobb energiahat\u00e9konys\u00e1ggal m\u0171k\u00f6dhessen.<\/p>\n\n\n\n<h2 class=\"wp-block-heading\">A Trocellen term\u00e9kek: <\/h2>\n\n\n\n<ul class=\"wp-block-list\">\n<li>z\u00e1rtcell\u00e1sak, \u00edgy seg\u00edtik a lecsap\u00f3d\u00e1sg\u00e1tl\u00e1st<\/li>\n\n\n\n<li>hossz\u00fa \u00e9lettartamuk r\u00e9v\u00e9n t\u00e1mogatj\u00e1k a CO<sub>2<\/sub>-kibocs\u00e1t\u00e1s cs\u00f6kkent\u00e9s\u00e9t, tov\u00e1bb\u00e1 a szigetel\u00e9s a felhaszn\u00e1l\u00e1si f\u00e1zisban energi\u00e1t takar\u00edt meg<\/li>\n\n\n\n<li>hozz\u00e1j\u00e1rulnak az emberi eg\u00e9szs\u00e9g meg\u0151rz\u00e9s\u00e9hez az\u00e1ltal, hogy rostmentesek, k\u00f6z\u00f6mb\u00f6sek a gomb\u00e1kkal \u00e9s bakt\u00e9riumokkal szemben, alacsony f\u00fcstm\u00e9rgez\u0151 hat\u00e1s\u00faak, nincs VOC-kibocs\u00e1t\u00e1suk<\/li>\n<\/ul>\n\n\n\n<h2 class=\"wp-block-heading\">Speci\u00e1lis fenntarthat\u00f3 megold\u00e1sok:<\/h2>\n\n\n\n<p><\/p>\n\n\n\n<div class=\"wp-block-columns is-layout-flex wp-container-core-columns-is-layout-9d6595d7 wp-block-columns-is-layout-flex\">\n<div class=\"wp-block-column is-layout-flow wp-block-column-is-layout-flow\">\n<p class=\"has-text-align-center\"><img loading=\"lazy\" decoding=\"async\" width=\"78\" height=\"86\" class=\"wp-image-9110\" style=\"width: 78px;\" src=\"https:\/\/insulation.trocellen.com\/wp-content\/uploads\/sites\/6\/2023\/06\/treecell.jpg\" alt=\"\"><\/p>\n<\/div>\n\n\n\n<div class=\"wp-block-column is-layout-flow wp-block-column-is-layout-flow\">\n<p><a href=\"https:\/\/trocellen.com\/hu\/anyagok-es-technologiak\/a-trocellen-fenntarthato-megoldasai\/tr-eecell-bio-alapu-terhalos-pe-hab\/\" target=\"_blank\" rel=\"noreferrer noopener\">TR-EECELL BIO-BASED XL-PE hab<\/a><\/p>\n<\/div>\n\n\n\n<div class=\"wp-block-column is-layout-flow wp-block-column-is-layout-flow\">\n<p>Biol\u00f3giai alap\u00fa \u00e9s t\u00e9rh\u00e1l\u00f3s\u00edtott polietil\u00e9nhab, amely DIN CERTCO tan\u00fas\u00edtv\u00e1nnyal rendelkezik<\/p>\n<\/div>\n<\/div>\n\n\n\n<div class=\"wp-block-columns is-layout-flex wp-container-core-columns-is-layout-9d6595d7 wp-block-columns-is-layout-flex\">\n<div class=\"wp-block-column is-layout-flow wp-block-column-is-layout-flow\">\n<p class=\"has-text-align-center\"><img loading=\"lazy\" decoding=\"async\" width=\"136\" height=\"80\" class=\"wp-image-9116\" style=\"width: 136px;\" src=\"https:\/\/insulation.trocellen.com\/wp-content\/uploads\/sites\/6\/2023\/06\/trochips.jpg\" alt=\"\"><\/p>\n<\/div>\n\n\n\n<div class=\"wp-block-column is-layout-flow wp-block-column-is-layout-flow\">\n<p><a href=\"https:\/\/trocellen.com\/hu\/anyagok-es-technologiak\/a-trocellen-fenntarthato-megoldasai\/tro-chips\/\" target=\"_blank\" rel=\"noreferrer noopener\">\u00daJRAHASZNOS\u00cdTOTT HAB: TRO-CHIPS<\/a><\/p>\n<\/div>\n\n\n\n<div class=\"wp-block-column is-layout-flow wp-block-column-is-layout-flow\">\n<p>A Trocellen multifunkcion\u00e1lis, apr\u00edtott polietil\u00e9n habkever\u00e9kek magas min\u0151s\u00e9g\u0171, tiszta habdarab kever\u00e9kek, melyeket k\u00fcl\u00f6nb\u00f6z\u0151 alkalmaz\u00e1si m\u00f3dokra terveztek.<\/p>\n<\/div>\n<\/div>\n\n\n\n<div class=\"wp-block-columns is-layout-flex wp-container-core-columns-is-layout-9d6595d7 wp-block-columns-is-layout-flex\">\n<div class=\"wp-block-column is-layout-flow wp-block-column-is-layout-flow\">\n<p class=\"has-text-align-center\"><img loading=\"lazy\" decoding=\"async\" width=\"143\" height=\"84\" class=\"wp-image-9104\" style=\"width: 143px;\" src=\"https:\/\/insulation.trocellen.com\/wp-content\/uploads\/sites\/6\/2023\/06\/recycled.jpg\" alt=\"\"><\/p>\n<\/div>\n\n\n\n<div class=\"wp-block-column is-layout-flow wp-block-column-is-layout-flow\">\n<p>\u00dajrahasznos\u00edtott polietil\u00e9n<\/p>\n<\/div>\n\n\n\n<div class=\"wp-block-column is-layout-flow wp-block-column-is-layout-flow\">\n<p>Bevizsg\u00e1lt forr\u00e1sb\u00f3l sz\u00e1rmaz\u00f3 \u00fajrahasznos\u00edtott polietil\u00e9n tartalom<\/p>\n<\/div>\n<\/div>\n\n\n\n<div class=\"wp-block-columns is-layout-flex wp-container-core-columns-is-layout-9d6595d7 wp-block-columns-is-layout-flex\">\n<div class=\"wp-block-column is-layout-flow wp-block-column-is-layout-flow\">\n<p class=\"has-text-align-center\"><img loading=\"lazy\" decoding=\"async\" width=\"141\" height=\"82\" class=\"wp-image-9098\" style=\"width: 141px;\" src=\"https:\/\/insulation.trocellen.com\/wp-content\/uploads\/sites\/6\/2023\/06\/mass-balance.jpg\" alt=\"\"><\/p>\n<\/div>\n\n\n\n<div class=\"wp-block-column is-layout-flow wp-block-column-is-layout-flow\">\n<p>T\u00f6megm\u00e9rleg-rendszerrel meg\u00e1llap\u00edtott bioalap\u00fa anyagtartalom<\/p>\n<\/div>\n\n\n\n<div class=\"wp-block-column is-layout-flow wp-block-column-is-layout-flow\">\n<p>ISCC t\u00f6megm\u00e9rleg-nyilatkozatokkal igazolt bioalap\u00fa anyagtartalommal rendelkez\u0151 polietil\u00e9n<\/p>\n<\/div>\n<\/div>\n\n\n\n<h2 class=\"wp-block-heading\">A Trocellen z\u00f6ld rendszereknek val\u00f3 megfelel\u00e9se<\/h2>\n\n\n\n<div style=\"height:50px\" aria-hidden=\"true\" class=\"wp-block-spacer\"><\/div>\n\n\n\n<div class=\"wp-block-columns is-layout-flex wp-container-core-columns-is-layout-9d6595d7 wp-block-columns-is-layout-flex\">\n<div class=\"wp-block-column is-layout-flow wp-block-column-is-layout-flow\">\n<p class=\"has-text-align-center\"><img loading=\"lazy\" decoding=\"async\" width=\"84\" height=\"84\" class=\"wp-image-9180\" style=\"width: 84px;\" src=\"https:\/\/insulation.trocellen.com\/wp-content\/uploads\/sites\/6\/2023\/06\/leed-and-well.jpg\" alt=\"\"><\/p>\n<\/div>\n\n\n\n<div class=\"wp-block-column is-layout-flow wp-block-column-is-layout-flow\">\n<p><a href=\"\/hu\/fenntarthatosag\/leed-well\/\">LEED &amp; WELL<\/a><\/p>\n<\/div>\n\n\n\n<div class=\"wp-block-column is-layout-flow wp-block-column-is-layout-flow\">\n<p>A Trocellen szigetel\u00e9si term\u00e9kei pontokkal\/kreditekkel seg\u00edtik el\u0151 az \u00e9p\u00fcletek LEED- \u00e9s WELL-tan\u00fas\u00edtv\u00e1nyinak megszerz\u00e9s\u00e9t!<\/p>\n<\/div>\n<\/div>\n\n\n\n<div class=\"wp-block-columns is-layout-flex wp-container-core-columns-is-layout-9d6595d7 wp-block-columns-is-layout-flex\">\n<div class=\"wp-block-column is-layout-flow wp-block-column-is-layout-flow\">\n<p class=\"has-text-align-center\"><img loading=\"lazy\" decoding=\"async\" width=\"150\" height=\"37\" class=\"wp-image-9168\" style=\"width: 150px;\" src=\"https:\/\/insulation.trocellen.com\/wp-content\/uploads\/sites\/6\/2023\/06\/epd.jpg\" alt=\"\"><\/p>\n<\/div>\n\n\n\n<div class=\"wp-block-column is-layout-flow wp-block-column-is-layout-flow\">\n<p>LCA \/ EPD<\/p>\n<\/div>\n\n\n\n<div class=\"wp-block-column is-layout-flow wp-block-column-is-layout-flow\">\n<p>A Trocellen h\u0151- \u00e9s hangszigetel\u0151 term\u00e9kek EPD tan\u00fas\u00edtv\u00e1nnyal rendelkeznek, amely az ISO:14025 szabv\u00e1ny szerinti LCA tanulm\u00e1nyon alapul.<\/p>\n<\/div>\n<\/div>\n\n\n\n<div class=\"wp-block-columns is-layout-flex wp-container-core-columns-is-layout-9d6595d7 wp-block-columns-is-layout-flex\">\n<div class=\"wp-block-column is-layout-flow wp-block-column-is-layout-flow\">\n<p class=\"has-text-align-center\"><img loading=\"lazy\" decoding=\"async\" width=\"131\" height=\"77\" class=\"wp-image-9156\" style=\"width: 131px;\" src=\"https:\/\/insulation.trocellen.com\/wp-content\/uploads\/sites\/6\/2023\/06\/cam.jpg\" alt=\"\"><\/p>\n<\/div>\n\n\n\n<div class=\"wp-block-column is-layout-flow wp-block-column-is-layout-flow\">\n<p><a href=\"\/hu\/fenntarthatosag\/cam\/\">CAM<\/a><\/p>\n<\/div>\n\n\n\n<div class=\"wp-block-column is-layout-flow wp-block-column-is-layout-flow\">\n<p>A Trocellen h\u0151- \u00e9s hangszigetel\u0151 term\u00e9kei tiszteletben tartj\u00e1k \u00e9s t\u00e1mogatj\u00e1k a k\u00f6z- \u00e9s mag\u00e1n\u00e9p\u00fcletek \u00e9p\u00edt\u00e9s\u00e9re vonatkoz\u00f3 olasz, z\u00f6ld CAM-normat\u00edv\u00e1t.<\/p>\n<\/div>\n<\/div>\n\n\n\n<div class=\"wp-block-columns is-layout-flex wp-container-core-columns-is-layout-9d6595d7 wp-block-columns-is-layout-flex\">\n<div class=\"wp-block-column is-layout-flow wp-block-column-is-layout-flow\">\n<p class=\"has-text-align-center\"><img loading=\"lazy\" decoding=\"async\" width=\"99\" height=\"111\" class=\"wp-image-9162\" style=\"width: 99px;\" src=\"https:\/\/insulation.trocellen.com\/wp-content\/uploads\/sites\/6\/2023\/06\/din.jpg\" alt=\"\"><\/p>\n<\/div>\n\n\n\n<div class=\"wp-block-column is-layout-flow wp-block-column-is-layout-flow\">\n<p>DIN CERTCO<\/p>\n<\/div>\n\n\n\n<div class=\"wp-block-column is-layout-flow wp-block-column-is-layout-flow\">\n<p>A TR-EEcell term\u00e9kek nem fosszilis sz\u00e9ntartalm\u00fa polietil\u00e9n felhaszn\u00e1l\u00e1s\u00e1val k\u00e9sz\u00fclnek.<\/p>\n<\/div>\n<\/div>\n\n\n\n<div class=\"wp-block-columns is-layout-flex wp-container-core-columns-is-layout-9d6595d7 wp-block-columns-is-layout-flex\">\n<div class=\"wp-block-column is-layout-flow wp-block-column-is-layout-flow\">\n<p class=\"has-text-align-center\"><img loading=\"lazy\" decoding=\"async\" width=\"107\" height=\"107\" class=\"wp-image-9174\" style=\"width: 107px;\" src=\"https:\/\/insulation.trocellen.com\/wp-content\/uploads\/sites\/6\/2023\/06\/iscc.jpg\" alt=\"\"><\/p>\n<\/div>\n\n\n\n<div class=\"wp-block-column is-layout-flow wp-block-column-is-layout-flow\">\n<p>ISCC<\/p>\n<\/div>\n\n\n\n<div class=\"wp-block-column is-layout-flow wp-block-column-is-layout-flow\">\n<p>T\u00f6megm\u00e9rleg \u00e1ltal tan\u00fas\u00edtott, bioalap\u00fa polietil\u00e9n tartalom \u2013 Trocellen Italia SPA caponag\u00f3i \u00fczemek.<\/p>\n<\/div>\n<\/div>\n\n\n\n<div class=\"wp-block-buttons is-content-justification-center is-layout-flex wp-container-core-buttons-is-layout-16018d1d wp-block-buttons-is-layout-flex\">\n<div class=\"wp-block-button large\"><a class=\"wp-block-button__link wp-element-button\" href=\"\/hu\/kapcsolatfelveteli-urlap\/\">B\u0151vebb t\u00e1j\u00e9koztat\u00e1s\u00e9rt vegye fel vel\u00fcnk a kapcsolatot<\/a><\/div>\n<\/div>\n\n\n\n<h2 class=\"wp-block-heading\">Trocellen &#8211; Hatalmas csoport er\u0151s strat\u00e9gi\u00e1val<\/h2>\n\n\n\n<p>A v\u00e1llalatok t\u00e1rsadalmi felel\u0151ss\u00e9gv\u00e1llal\u00e1sa, a dekarboniz\u00e1ci\u00f3 \u00e9s a k\u00f6rnyezettudatos term\u00e9kfejleszt\u00e9s a Trocellen-csoport strat\u00e9gi\u00e1j\u00e1nak kulcsfontoss\u00e1g\u00fa elemei. A Trocellen olyan nagyv\u00e1llalat, amely sz\u00e1mos k\u00fcl\u00f6nb\u00f6z\u0151 ipari felhaszn\u00e1l\u00e1sra gy\u00e1rt polimerhabokat, t\u00f6bbek k\u00f6z\u00f6tt szigetel\u00e9sekhez, g\u00e9pj\u00e1rm\u0171ipari felhaszn\u00e1l\u00e1sra, csomagol\u00e1sokhoz, sporthoz, l\u00e1bbelikhez, m\u0171f\u00fcves \u00fct\u00e9scsillap\u00edt\u00f3khoz stb. A szigetel\u00e9si \u00fczlet\u00e1g fejleszt\u00e9se \u00e9s \u00f6kotervez\u00e9se teh\u00e1t a csoport m\u00e1s szak\u00e9rt\u0151ivel \u00e9s \u00fczleti egys\u00e9geivel val\u00f3 folyamatos szakmai diskurzus sor\u00e1n t\u00f6rt\u00e9nik. Ez a nemzetk\u00f6zi, hozz\u00e1\u00e9rt\u0151 \u00e9s kreat\u00edv v\u00e1llalati k\u00f6rnyezet garant\u00e1lja a szil\u00e1rd \u00e9s elk\u00f6telezett h\u00e1tteret, mivel az eg\u00e9sz c\u00e9gcsoport rendk\u00edv\u00fcl elk\u00f6telezett a fenntarthat\u00f3 megold\u00e1sok biztos\u00edt\u00e1sa ir\u00e1nt. A Trocellen t\u00f6bbek k\u00f6z\u00f6tt a k\u00f6vetkez\u0151 c\u00e9lokat t\u0171zte ki maga el\u00e9:<\/p>\n\n\n\n<ul class=\"wp-block-list\">\n<li>100%-ban meg\u00fajul\u00f3 villamos energia 2025-re<\/li>\n\n\n\n<li>2030-ra minden \u00faj term\u00e9k\u00fcnk fejleszt\u00e9se k\u00f6rnyezetbar\u00e1t folyamatokkal fog zajlani<\/li>\n\n\n\n<li>A termel\u00e9s sor\u00e1n keletkez\u0151 hullad\u00e9k null\u00e1ra cs\u00f6kkent\u00e9se 2030-ra<\/li>\n\n\n\n<li>Karbonsemlegess\u00e9 v\u00e1lni 2050-re<\/li>\n<\/ul>\n\n\n\n<p><a href=\"https:\/\/trocellen.com\/hu\/fenntarthatosag\/vezerigazgatoi-uzenet\/\" target=\"_blank\" rel=\"noreferrer noopener\">B\u0151vebben a Trocellen teljes fenntarthat\u00f3s\u00e1gi strat\u00e9gi\u00e1j\u00e1r\u00f3l<\/a><\/p>\n","protected":false},"excerpt":{"rendered":"<p>Mit jelent a fenntarthat\u00f3s\u00e1g a Trocellen szigetel\u00e9si \u00fczlet\u00e1ga sz\u00e1m\u00e1ra? A Trocellen a k\u00f6rnyezeti teljes\u00edtm\u00e9ny \u00e9s a karbonl\u00e1bnyom optimaliz\u00e1l\u00e1s\u00e1val igazodik az ipar\u00e1g \u00e9s a korm\u00e1nyz\u00e1s trendjeihez, figyelembe v\u00e9ve a m\u0171anyag term\u00e9kek teljes \u00e9letciklus\u00e1t \u00e9s a vel\u00fck j\u00e1r\u00f3 saj\u00e1tos kih\u00edv\u00e1sokat. Nemcsak az \u00fajrahasznos\u00edtott-anyag tartalmat \u00e9s az \u00fajrahasznos\u00edthat\u00f3s\u00e1got fejlesztj\u00fck folyamatosan, hanem tov\u00e1bb megy\u00fcnk, \u00e9s tov\u00e1bbi \u00f6kotervez\u00e9si elveket hat\u00e1rozunk [&hellip;]<\/p>\n","protected":false},"author":1,"featured_media":0,"parent":0,"menu_order":500,"comment_status":"closed","ping_status":"closed","template":"","meta":{"_acf_changed":false,"footnotes":""},"class_list":["post-5718","page","type-page","status-publish","hentry"],"acf":[],"yoast_head":"<!-- This site is optimized with the Yoast SEO plugin v23.5 - https:\/\/yoast.com\/wordpress\/plugins\/seo\/ -->\n<title>A Trocellen Szigetel\u00e9s elk\u00f6telezett a fenntarthat\u00f3s\u00e1g ir\u00e1nt.<\/title>\n<meta name=\"description\" content=\"Term\u00e9keink megfelelnek a z\u00f6ld \u00e9rt\u00e9kel\u00e9si rendszereknek, hossz\u00fa t\u00e1v\u00fa energiamegtakar\u00edt\u00e1st tesznek lehet\u0151v\u00e9 az \u00e9p\u00fcletekben \u00e9s az \u00e9p\u00edt\u0151iparban.\" \/>\n<meta name=\"robots\" content=\"index, follow, max-snippet:-1, max-image-preview:large, max-video-preview:-1\" \/>\n<link rel=\"canonical\" href=\"https:\/\/insulation.trocellen.com\/hu\/fenntarthatosag\/\" \/>\n<meta property=\"og:locale\" content=\"hu_HU\" \/>\n<meta property=\"og:type\" content=\"article\" \/>\n<meta property=\"og:title\" content=\"A Trocellen Szigetel\u00e9s elk\u00f6telezett a fenntarthat\u00f3s\u00e1g ir\u00e1nt.\" \/>\n<meta property=\"og:description\" content=\"Term\u00e9keink megfelelnek a z\u00f6ld \u00e9rt\u00e9kel\u00e9si rendszereknek, hossz\u00fa t\u00e1v\u00fa energiamegtakar\u00edt\u00e1st tesznek lehet\u0151v\u00e9 az \u00e9p\u00fcletekben \u00e9s az \u00e9p\u00edt\u0151iparban.\" \/>\n<meta property=\"og:url\" content=\"https:\/\/insulation.trocellen.com\/hu\/fenntarthatosag\/\" \/>\n<meta property=\"og:site_name\" content=\"Trocellen Insulation\" \/>\n<meta property=\"article:modified_time\" content=\"2023-11-20T12:52:06+00:00\" \/>\n<meta property=\"og:image\" content=\"https:\/\/insulation.trocellen.com\/wp-content\/uploads\/sites\/6\/2023\/06\/treecell.jpg\" \/>\n<meta name=\"twitter:card\" content=\"summary_large_image\" \/>\n<meta name=\"twitter:label1\" content=\"Becs\u00fclt olvas\u00e1si id\u0151\" \/>\n\t<meta name=\"twitter:data1\" content=\"4 perc\" \/>\n<script type=\"application\/ld+json\" class=\"yoast-schema-graph\">{\"@context\":\"https:\/\/schema.org\",\"@graph\":[{\"@type\":\"WebPage\",\"@id\":\"https:\/\/insulation.trocellen.com\/hu\/fenntarthatosag\/\",\"url\":\"https:\/\/insulation.trocellen.com\/hu\/fenntarthatosag\/\",\"name\":\"A Trocellen Szigetel\u00e9s elk\u00f6telezett a fenntarthat\u00f3s\u00e1g ir\u00e1nt.\",\"isPartOf\":{\"@id\":\"https:\/\/insulation.trocellen.com\/hu\/#website\"},\"primaryImageOfPage\":{\"@id\":\"https:\/\/insulation.trocellen.com\/hu\/fenntarthatosag\/#primaryimage\"},\"image\":{\"@id\":\"https:\/\/insulation.trocellen.com\/hu\/fenntarthatosag\/#primaryimage\"},\"thumbnailUrl\":\"https:\/\/insulation.trocellen.com\/wp-content\/uploads\/sites\/6\/2023\/06\/treecell.jpg\",\"datePublished\":\"2023-01-30T14:57:00+00:00\",\"dateModified\":\"2023-11-20T12:52:06+00:00\",\"description\":\"Term\u00e9keink megfelelnek a z\u00f6ld \u00e9rt\u00e9kel\u00e9si rendszereknek, hossz\u00fa t\u00e1v\u00fa energiamegtakar\u00edt\u00e1st tesznek lehet\u0151v\u00e9 az \u00e9p\u00fcletekben \u00e9s az \u00e9p\u00edt\u0151iparban.\",\"breadcrumb\":{\"@id\":\"https:\/\/insulation.trocellen.com\/hu\/fenntarthatosag\/#breadcrumb\"},\"inLanguage\":\"hu\",\"potentialAction\":[{\"@type\":\"ReadAction\",\"target\":[\"https:\/\/insulation.trocellen.com\/hu\/fenntarthatosag\/\"]}]},{\"@type\":\"ImageObject\",\"inLanguage\":\"hu\",\"@id\":\"https:\/\/insulation.trocellen.com\/hu\/fenntarthatosag\/#primaryimage\",\"url\":\"https:\/\/insulation.trocellen.com\/wp-content\/uploads\/sites\/6\/2023\/06\/treecell.jpg\",\"contentUrl\":\"https:\/\/insulation.trocellen.com\/wp-content\/uploads\/sites\/6\/2023\/06\/treecell.jpg\"},{\"@type\":\"BreadcrumbList\",\"@id\":\"https:\/\/insulation.trocellen.com\/hu\/fenntarthatosag\/#breadcrumb\",\"itemListElement\":[{\"@type\":\"ListItem\",\"position\":1,\"name\":\"Home\",\"item\":\"https:\/\/insulation.trocellen.com\/hu\/\"},{\"@type\":\"ListItem\",\"position\":2,\"name\":\"Fenntarthat\u00f3s\u00e1g\"}]},{\"@type\":\"WebSite\",\"@id\":\"https:\/\/insulation.trocellen.com\/hu\/#website\",\"url\":\"https:\/\/insulation.trocellen.com\/hu\/\",\"name\":\"Trocellen Insulation\",\"description\":\"\",\"potentialAction\":[{\"@type\":\"SearchAction\",\"target\":{\"@type\":\"EntryPoint\",\"urlTemplate\":\"https:\/\/insulation.trocellen.com\/hu\/?s={search_term_string}\"},\"query-input\":{\"@type\":\"PropertyValueSpecification\",\"valueRequired\":true,\"valueName\":\"search_term_string\"}}],\"inLanguage\":\"hu\"}]}<\/script>\n<!-- \/ Yoast SEO plugin. -->","yoast_head_json":{"title":"A Trocellen Szigetel\u00e9s elk\u00f6telezett a fenntarthat\u00f3s\u00e1g ir\u00e1nt.","description":"Term\u00e9keink megfelelnek a z\u00f6ld \u00e9rt\u00e9kel\u00e9si rendszereknek, hossz\u00fa t\u00e1v\u00fa energiamegtakar\u00edt\u00e1st tesznek lehet\u0151v\u00e9 az \u00e9p\u00fcletekben \u00e9s az \u00e9p\u00edt\u0151iparban.","robots":{"index":"index","follow":"follow","max-snippet":"max-snippet:-1","max-image-preview":"max-image-preview:large","max-video-preview":"max-video-preview:-1"},"canonical":"https:\/\/insulation.trocellen.com\/hu\/fenntarthatosag\/","og_locale":"hu_HU","og_type":"article","og_title":"A Trocellen Szigetel\u00e9s elk\u00f6telezett a fenntarthat\u00f3s\u00e1g ir\u00e1nt.","og_description":"Term\u00e9keink megfelelnek a z\u00f6ld \u00e9rt\u00e9kel\u00e9si rendszereknek, hossz\u00fa t\u00e1v\u00fa energiamegtakar\u00edt\u00e1st tesznek lehet\u0151v\u00e9 az \u00e9p\u00fcletekben \u00e9s az \u00e9p\u00edt\u0151iparban.","og_url":"https:\/\/insulation.trocellen.com\/hu\/fenntarthatosag\/","og_site_name":"Trocellen Insulation","article_modified_time":"2023-11-20T12:52:06+00:00","og_image":[{"url":"https:\/\/insulation.trocellen.com\/wp-content\/uploads\/sites\/6\/2023\/06\/treecell.jpg"}],"twitter_card":"summary_large_image","twitter_misc":{"Becs\u00fclt olvas\u00e1si id\u0151":"4 perc"},"schema":{"@context":"https:\/\/schema.org","@graph":[{"@type":"WebPage","@id":"https:\/\/insulation.trocellen.com\/hu\/fenntarthatosag\/","url":"https:\/\/insulation.trocellen.com\/hu\/fenntarthatosag\/","name":"A Trocellen Szigetel\u00e9s elk\u00f6telezett a fenntarthat\u00f3s\u00e1g ir\u00e1nt.","isPartOf":{"@id":"https:\/\/insulation.trocellen.com\/hu\/#website"},"primaryImageOfPage":{"@id":"https:\/\/insulation.trocellen.com\/hu\/fenntarthatosag\/#primaryimage"},"image":{"@id":"https:\/\/insulation.trocellen.com\/hu\/fenntarthatosag\/#primaryimage"},"thumbnailUrl":"https:\/\/insulation.trocellen.com\/wp-content\/uploads\/sites\/6\/2023\/06\/treecell.jpg","datePublished":"2023-01-30T14:57:00+00:00","dateModified":"2023-11-20T12:52:06+00:00","description":"Term\u00e9keink megfelelnek a z\u00f6ld \u00e9rt\u00e9kel\u00e9si rendszereknek, hossz\u00fa t\u00e1v\u00fa energiamegtakar\u00edt\u00e1st tesznek lehet\u0151v\u00e9 az \u00e9p\u00fcletekben \u00e9s az \u00e9p\u00edt\u0151iparban.","breadcrumb":{"@id":"https:\/\/insulation.trocellen.com\/hu\/fenntarthatosag\/#breadcrumb"},"inLanguage":"hu","potentialAction":[{"@type":"ReadAction","target":["https:\/\/insulation.trocellen.com\/hu\/fenntarthatosag\/"]}]},{"@type":"ImageObject","inLanguage":"hu","@id":"https:\/\/insulation.trocellen.com\/hu\/fenntarthatosag\/#primaryimage","url":"https:\/\/insulation.trocellen.com\/wp-content\/uploads\/sites\/6\/2023\/06\/treecell.jpg","contentUrl":"https:\/\/insulation.trocellen.com\/wp-content\/uploads\/sites\/6\/2023\/06\/treecell.jpg"},{"@type":"BreadcrumbList","@id":"https:\/\/insulation.trocellen.com\/hu\/fenntarthatosag\/#breadcrumb","itemListElement":[{"@type":"ListItem","position":1,"name":"Home","item":"https:\/\/insulation.trocellen.com\/hu\/"},{"@type":"ListItem","position":2,"name":"Fenntarthat\u00f3s\u00e1g"}]},{"@type":"WebSite","@id":"https:\/\/insulation.trocellen.com\/hu\/#website","url":"https:\/\/insulation.trocellen.com\/hu\/","name":"Trocellen Insulation","description":"","potentialAction":[{"@type":"SearchAction","target":{"@type":"EntryPoint","urlTemplate":"https:\/\/insulation.trocellen.com\/hu\/?s={search_term_string}"},"query-input":{"@type":"PropertyValueSpecification","valueRequired":true,"valueName":"search_term_string"}}],"inLanguage":"hu"}]}},"_links":{"self":[{"href":"https:\/\/insulation.trocellen.com\/hu\/wp-json\/wp\/v2\/pages\/5718","targetHints":{"allow":["GET"]}}],"collection":[{"href":"https:\/\/insulation.trocellen.com\/hu\/wp-json\/wp\/v2\/pages"}],"about":[{"href":"https:\/\/insulation.trocellen.com\/hu\/wp-json\/wp\/v2\/types\/page"}],"author":[{"embeddable":true,"href":"https:\/\/insulation.trocellen.com\/hu\/wp-json\/wp\/v2\/users\/1"}],"replies":[{"embeddable":true,"href":"https:\/\/insulation.trocellen.com\/hu\/wp-json\/wp\/v2\/comments?post=5718"}],"version-history":[{"count":20,"href":"https:\/\/insulation.trocellen.com\/hu\/wp-json\/wp\/v2\/pages\/5718\/revisions"}],"predecessor-version":[{"id":10184,"href":"https:\/\/insulation.trocellen.com\/hu\/wp-json\/wp\/v2\/pages\/5718\/revisions\/10184"}],"wp:attachment":[{"href":"https:\/\/insulation.trocellen.com\/hu\/wp-json\/wp\/v2\/media?parent=5718"}],"curies":[{"name":"wp","href":"https:\/\/api.w.org\/{rel}","templated":true}]}}