{"id":5194,"date":"2021-04-23T11:30:49","date_gmt":"2021-04-23T11:30:49","guid":{"rendered":"https:\/\/insulation-new.trocellen.com\/cam\/"},"modified":"2025-03-13T14:13:49","modified_gmt":"2025-03-13T14:13:49","slug":"cam","status":"publish","type":"page","link":"https:\/\/insulation.trocellen.com\/hu\/fenntarthatosag\/cam\/","title":{"rendered":"CAM"},"content":{"rendered":"\n<h1 class=\"wp-block-heading has-text-align-center has-text-color\" style=\"color:#4ea346\">CAM<\/h1>\n\n\n\n<h3 class=\"wp-block-heading has-text-align-center has-text-color\" style=\"color:#216c83\"><strong>Minim\u00e1lis k\u00f6rnyezetv\u00e9delmi k\u00f6vetelm\u00e9nyek Olaszorsz\u00e1gban<\/strong><\/h3>\n\n\n\n<ul class=\"wp-block-list\">\n<li>Az \u00e9p\u00fcletekre vonatoz\u00f3 <strong>CAM <\/strong>(minim\u00e1lis k\u00f6rnyezetv\u00e9delmi k\u00f6vetelm\u00e9nyek) egy az olasz korm\u00e1ny 2017. okt\u00f3ber 11-i rendelet\u00e9vel \u00f6sszhangban meg\u00e1llap\u00edtott, a k\u00f6rnyezeti fenntarthat\u00f3s\u00e1g jav\u00edt\u00e1s\u00e1t c\u00e9lz\u00f3 k\u00f6vetelm\u00e9nyegy\u00fcttes.<\/li>\n\n\n\n<li>A <strong>CAM<\/strong> az eur\u00f3pai z\u00f6ld k\u00f6zbeszerz\u00e9si (GPP) terv r\u00e9sz\u00e9t k\u00e9pezi, melynek c\u00e9lja a k\u00f6zigazgat\u00e1si szervek fogyaszt\u00e1s\u00e1nak cs\u00f6kkent\u00e9se, ez\u00e9rt els\u0151sorban a k\u00f6zbeszerz\u00e9sekre ir\u00e1nyul.<\/li>\n\n\n\n<li>A DL 34\/2020 sz. (\u2019Decreto rilancio\u2019 nev\u0171) t\u00f6rv\u00e9nyerej\u0171 rendelet \u00e9rtelm\u00e9ben a <strong>CAM-ben <\/strong>meghat\u00e1rozott k\u00f6vetelm\u00e9nyek a mag\u00e1nszektorra is \u00e9rv\u00e9nyesek, amely a Superbonus 110%-ot is mag\u00e1ban foglalja.<\/li>\n<\/ul>\n\n\n\n<p>A Trocellen CAM-konform term\u00e9kei a Superbonus 110%-ra p\u00e1ly\u00e1z\u00f3 \u00e1llami, illetve mag\u00e1n projektek eset\u00e9n egyar\u00e1nt felhaszn\u00e1lhat\u00f3k \u00e9s telep\u00edthet\u0151k.<\/p>\n\n\n\n<div class=\"wp-block-buttons is-content-justification-center is-layout-flex wp-container-core-buttons-is-layout-16018d1d wp-block-buttons-is-layout-flex\">\n<div class=\"wp-block-button large scroll-item\"><a class=\"wp-block-button__link wp-element-button\" href=\"#news\">Tudjon meg t\u00f6bbet!<\/a><\/div>\n<\/div>\n\n\n\n<div style=\"height:60px\" aria-hidden=\"true\" class=\"wp-block-spacer\"><\/div>\n\n\n\n<h2 class=\"wp-block-heading\">MINIM\u00c1LIS K\u00d6RNYEZETV\u00c9DELMI K\u00d6VETELM\u00c9NYEK AZ \u00c9P\u00cdT\u0150IPARBAN: CAM<\/h2>\n\n\n\n<h3 class=\"wp-block-heading\"><strong>CAM&nbsp;\u2013 K\u00d6ZSZERVEK<\/strong><\/h3>\n\n\n\n<p>Az \u00e9p\u00fcletekre vonatkoz\u00f3 minim\u00e1lis k\u00f6rnyezetv\u00e9delmi k\u00f6vetelm\u00e9nyek (az olasz korm\u00e1ny 2017. okt\u00f3ber 11-i miniszteri rendelete) az eur\u00f3pai z\u00f6ld k\u00f6zbeszerz\u00e9si (GPP) terv integr\u00e1ns r\u00e9sz\u00e9t k\u00e9pezik, c\u00e9ljuk pedig a min\u00e9l nagyobb fok\u00fa k\u00f6rnyezeti fenntarthat\u00f3s\u00e1g el\u00e9r\u00e9se, valamint a k\u00f6zigazgat\u00e1si szervek fogyaszt\u00e1s\u00e1nak cs\u00f6kkent\u00e9se.<\/p>\n\n\n\n<p>A megb\u00edz\u00f3k\u00e9nt elj\u00e1r\u00f3 szerv az alapk\u00f6vetelm\u00e9nyeken fel\u00fcl k\u00f6teles a CAM-ben foglaltakat is bevenni a szerz\u0151d\u00e9s felt\u00e9telei k\u00f6z\u00e9. Az ezen k\u00f6vetelm\u00e9nyeknek val\u00f3 megfelel\u00e9s teh\u00e1t minden \u00e1llami finansz\u00edroz\u00e1s\u00fa \u00e9p\u00edt\u0151ipari projekt eset\u00e9n ellen\u0151rz\u00e9sre ker\u00fcl.<\/p>\n\n\n\n<h3 class=\"wp-block-heading\">CAM \u2013 SUPERBONUS 110%<\/h3>\n\n\n\n<p>A \u2018Decreto Rilancio 2020\u2019 nev\u0171 rendelettel a minim\u00e1lis k\u00f6rnyezetv\u00e9delmi k\u00f6vetelm\u00e9nyeket kiterjesztett\u00e9k a priv\u00e1t \u00e9p\u00edt\u0151ipari szektorra is. A DL 34\/2020-as t\u00f6rv\u00e9nyerej\u0171 rendelet (\u2019Decreto Rilancio\u2019) amely k\u00e9s\u0151bb a 77\/2020. sz. t\u00f6rv\u00e9nnyel jogszab\u00e1lyi er\u0151re emelkedett, a 119. cikkben k\u00fcl\u00f6n k\u00f6vetelm\u00e9nyt vezetett be a szigetel\u0151anyagokat \u00e9rint\u0151 CAM-nek val\u00f3 megfelel\u00e9sre vonatkoz\u00f3an.<\/p>\n\n\n\n<p>A k\u00f6rnyezetv\u00e9delmi minimumk\u00f6vetelm\u00e9nyek az \u00e1tl\u00e1tszatlan fel\u00fcletek h\u0151szigetel\u00e9s\u00e9re haszn\u00e1lt szigetel\u00e9sre vonatkoznak (az \u00fagynevezett \u201eels\u0151dleges int\u00e9zked\u00e9sek\u201d r\u00e9sze). A szigetel\u0151anyagoknak nem kell megfelelni\u00fck a CAM-nek a Superbonus 110% al\u00e1 tartoz\u00f3 egy\u00e9b int\u00e9zked\u00e9sek, p\u00e9ld\u00e1ul az \u00fczem hat\u00e9konys\u00e1g\u00e1t n\u00f6vel\u0151 els\u0151dleges int\u00e9zked\u00e9sek \u00e9s az energiahat\u00e9konys\u00e1got n\u00f6vel\u0151 m\u00e1sodlagos int\u00e9zked\u00e9sek eset\u00e9ben.<\/p>\n\n\n\n<h3 class=\"wp-block-heading\">A TROCELLEN TERM\u00c9KEK CAM-KONFORMIT\u00c1SA<\/h3>\n\n\n\n<p>A CAM-konformit\u00e1s felt\u00e9telei term\u00e9kkateg\u00f3ri\u00e1nk\u00e9nt elt\u00e9r\u0151ek. A Trocellen szigetel\u00e9si egys\u00e9ge h\u0151- \u00e9s hangszigetel\u00e9sre egyar\u00e1nt k\u00edn\u00e1l megold\u00e1sokat, illetve term\u00e9keket. Erre az anyagt\u00edpusra k\u00fcl\u00f6n, az \u00f6sszes haszn\u00e1lt anyagra vonatkoz\u00f3, \u00e1ltal\u00e1nos el\u0151\u00edr\u00e1sokon fel\u00fcl m\u00e9g tov\u00e1bbi el\u0151\u00edr\u00e1sok is vonatkoznak (ld. 2.4.2.9-es pont), p\u00e9ld\u00e1ul a \u201evesz\u00e9lyes anyagokra\u201d vonatkoz\u00f3an. A Trocellen \u00e1ltal elv\u00e9gzett elemz\u00e9s, amely al\u00e1bb let\u00f6lthet\u0151, bizony\u00edtja az eml\u00edtett term\u00e9kcsal\u00e1d megfelel\u0151s\u00e9g\u00e9t.<\/p>\n\n\n\n<p>Szeretn\u00e9nk megjegyezni, hogy ez a minim\u00e1lis k\u00f6rnyezetv\u00e9delmi krit\u00e9riumoknak val\u00f3 megfelel\u00e9sre vonatkozik, \u00e9s nem egy CAM-tan\u00fas\u00edtv\u00e1ny. Nincs olyan tan\u00fas\u00edtv\u00e1ny, amely igazolja a term\u00e9kek CAM-konformit\u00e1s\u00e1t.<\/p>\n\n\n\n<p>Val\u00f3j\u00e1ban minden egyes term\u00e9kkateg\u00f3ri\u00e1nak meg kell felelnie bizonyos krit\u00e9riumoknak, \u00e9s ezek pontos \u00e9rt\u00e9kel\u00e9s\u00e9t el kell v\u00e9gezni.<\/p>\n\n\n\n<p><strong>A Trocellen CAM-dokumentum ezt az integr\u00e1lt megk\u00f6zel\u00edt\u00e9st alkalmazta, ami azt jelenti, hogy a Trocellen CAM-konform term\u00e9kei felhaszn\u00e1lhat\u00f3k \u00e9s be\u00e9p\u00edthet\u0151k olyan k\u00f6z- \u00e9s mag\u00e1n \u00e9p\u00edt\u0151ipari projektekben, amelyekre ezek a krit\u00e9riumok vonatkoznak.<\/strong><strong><\/strong><\/p>\n\n\n\n<div class=\"wp-block-columns is-layout-flex wp-container-core-columns-is-layout-9d6595d7 wp-block-columns-is-layout-flex\">\n<div class=\"wp-block-column is-layout-flow wp-block-column-is-layout-flow\" style=\"flex-basis:66.66%\">\n<div class=\"wp-block-buttons is-content-justification-center is-layout-flex wp-container-core-buttons-is-layout-16018d1d wp-block-buttons-is-layout-flex\">\n<div class=\"wp-block-button full\"><a class=\"wp-block-button__link wp-element-button\" href=\"https:\/\/insulation.trocellen.com\/wp-content\/uploads\/sites\/6\/2025\/03\/Dichiarazione-CAM_TC-I_2023.pdf\" target=\"_blank\" rel=\"noreferrer noopener\"><strong>Trocellen CAM-dokumentum let\u00f6lt\u00e9se<\/strong><\/a><\/div>\n<\/div>\n<\/div>\n\n\n\n<div class=\"wp-block-column is-layout-flow wp-block-column-is-layout-flow\" style=\"flex-basis:33.33%\">\n<div class=\"wp-block-buttons is-content-justification-center is-layout-flex wp-container-core-buttons-is-layout-16018d1d wp-block-buttons-is-layout-flex\">\n<div class=\"wp-block-button full scroll-item\"><a class=\"wp-block-button__link wp-element-button\" href=\"#contact-form-container\"><strong>Kapcsolat<\/strong><\/a><\/div>\n<\/div>\n<\/div>\n<\/div>\n","protected":false},"excerpt":{"rendered":"<p>CAM Minim\u00e1lis k\u00f6rnyezetv\u00e9delmi k\u00f6vetelm\u00e9nyek Olaszorsz\u00e1gban A Trocellen CAM-konform term\u00e9kei a Superbonus 110%-ra p\u00e1ly\u00e1z\u00f3 \u00e1llami, illetve mag\u00e1n projektek eset\u00e9n egyar\u00e1nt felhaszn\u00e1lhat\u00f3k \u00e9s telep\u00edthet\u0151k. MINIM\u00c1LIS K\u00d6RNYEZETV\u00c9DELMI K\u00d6VETELM\u00c9NYEK AZ \u00c9P\u00cdT\u0150IPARBAN: CAM CAM&nbsp;\u2013 K\u00d6ZSZERVEK Az \u00e9p\u00fcletekre vonatkoz\u00f3 minim\u00e1lis k\u00f6rnyezetv\u00e9delmi k\u00f6vetelm\u00e9nyek (az olasz korm\u00e1ny 2017. okt\u00f3ber 11-i miniszteri rendelete) az eur\u00f3pai z\u00f6ld k\u00f6zbeszerz\u00e9si (GPP) terv integr\u00e1ns r\u00e9sz\u00e9t k\u00e9pezik, c\u00e9ljuk pedig [&hellip;]<\/p>\n","protected":false},"author":1,"featured_media":8779,"parent":5718,"menu_order":200,"comment_status":"closed","ping_status":"closed","template":"templates\/cam.php","meta":{"_acf_changed":false,"footnotes":""},"class_list":["post-5194","page","type-page","status-publish","has-post-thumbnail","hentry"],"acf":[],"yoast_head":"<!-- This site is optimized with the Yoast SEO plugin v23.5 - https:\/\/yoast.com\/wordpress\/plugins\/seo\/ -->\n<title>A CAM az \u00e9p\u00fcletekre vonatkoz\u00f3 olasz k\u00f6vetelm\u00e9nyrendszer<\/title>\n<meta name=\"description\" content=\"A Trocellen CAM-konform term\u00e9kei a Superbonus 110%-ra p\u00e1ly\u00e1z\u00f3 \u00e1llami, illetve mag\u00e1n projektek eset\u00e9n egyar\u00e1nt felhaszn\u00e1lhat\u00f3k \u00e9s telep\u00edthet\u0151k.\" \/>\n<meta name=\"robots\" content=\"index, follow, max-snippet:-1, max-image-preview:large, max-video-preview:-1\" \/>\n<link rel=\"canonical\" href=\"https:\/\/insulation.trocellen.com\/hu\/fenntarthatosag\/cam\/\" \/>\n<meta property=\"og:locale\" content=\"hu_HU\" \/>\n<meta property=\"og:type\" content=\"article\" \/>\n<meta property=\"og:title\" content=\"A CAM az \u00e9p\u00fcletekre vonatkoz\u00f3 olasz k\u00f6vetelm\u00e9nyrendszer\" \/>\n<meta property=\"og:description\" content=\"A Trocellen CAM-konform term\u00e9kei a Superbonus 110%-ra p\u00e1ly\u00e1z\u00f3 \u00e1llami, illetve mag\u00e1n projektek eset\u00e9n egyar\u00e1nt felhaszn\u00e1lhat\u00f3k \u00e9s telep\u00edthet\u0151k.\" \/>\n<meta property=\"og:url\" content=\"https:\/\/insulation.trocellen.com\/hu\/fenntarthatosag\/cam\/\" \/>\n<meta property=\"og:site_name\" content=\"Trocellen Insulation\" \/>\n<meta property=\"article:modified_time\" content=\"2025-03-13T14:13:49+00:00\" \/>\n<meta property=\"og:image\" content=\"https:\/\/insulation.trocellen.com\/wp-content\/uploads\/sites\/6\/2023\/05\/CAM-fejlec.jpg\" \/>\n\t<meta property=\"og:image:width\" content=\"1920\" \/>\n\t<meta property=\"og:image:height\" content=\"300\" \/>\n\t<meta property=\"og:image:type\" content=\"image\/jpeg\" \/>\n<meta name=\"twitter:card\" content=\"summary_large_image\" \/>\n<meta name=\"twitter:label1\" content=\"Becs\u00fclt olvas\u00e1si id\u0151\" \/>\n\t<meta name=\"twitter:data1\" content=\"2 perc\" \/>\n<script type=\"application\/ld+json\" class=\"yoast-schema-graph\">{\"@context\":\"https:\/\/schema.org\",\"@graph\":[{\"@type\":\"WebPage\",\"@id\":\"https:\/\/insulation.trocellen.com\/hu\/fenntarthatosag\/cam\/\",\"url\":\"https:\/\/insulation.trocellen.com\/hu\/fenntarthatosag\/cam\/\",\"name\":\"A CAM az \u00e9p\u00fcletekre vonatkoz\u00f3 olasz k\u00f6vetelm\u00e9nyrendszer\",\"isPartOf\":{\"@id\":\"https:\/\/insulation.trocellen.com\/hu\/#website\"},\"primaryImageOfPage\":{\"@id\":\"https:\/\/insulation.trocellen.com\/hu\/fenntarthatosag\/cam\/#primaryimage\"},\"image\":{\"@id\":\"https:\/\/insulation.trocellen.com\/hu\/fenntarthatosag\/cam\/#primaryimage\"},\"thumbnailUrl\":\"https:\/\/insulation.trocellen.com\/wp-content\/uploads\/sites\/6\/2023\/05\/CAM-fejlec.jpg\",\"datePublished\":\"2021-04-23T11:30:49+00:00\",\"dateModified\":\"2025-03-13T14:13:49+00:00\",\"description\":\"A Trocellen CAM-konform term\u00e9kei a Superbonus 110%-ra p\u00e1ly\u00e1z\u00f3 \u00e1llami, illetve mag\u00e1n projektek eset\u00e9n egyar\u00e1nt felhaszn\u00e1lhat\u00f3k \u00e9s telep\u00edthet\u0151k.\",\"breadcrumb\":{\"@id\":\"https:\/\/insulation.trocellen.com\/hu\/fenntarthatosag\/cam\/#breadcrumb\"},\"inLanguage\":\"hu\",\"potentialAction\":[{\"@type\":\"ReadAction\",\"target\":[\"https:\/\/insulation.trocellen.com\/hu\/fenntarthatosag\/cam\/\"]}]},{\"@type\":\"ImageObject\",\"inLanguage\":\"hu\",\"@id\":\"https:\/\/insulation.trocellen.com\/hu\/fenntarthatosag\/cam\/#primaryimage\",\"url\":\"https:\/\/insulation.trocellen.com\/wp-content\/uploads\/sites\/6\/2023\/05\/CAM-fejlec.jpg\",\"contentUrl\":\"https:\/\/insulation.trocellen.com\/wp-content\/uploads\/sites\/6\/2023\/05\/CAM-fejlec.jpg\",\"width\":1920,\"height\":300},{\"@type\":\"BreadcrumbList\",\"@id\":\"https:\/\/insulation.trocellen.com\/hu\/fenntarthatosag\/cam\/#breadcrumb\",\"itemListElement\":[{\"@type\":\"ListItem\",\"position\":1,\"name\":\"Home\",\"item\":\"https:\/\/insulation.trocellen.com\/hu\/\"},{\"@type\":\"ListItem\",\"position\":2,\"name\":\"Fenntarthat\u00f3s\u00e1g\",\"item\":\"https:\/\/insulation.trocellen.com\/hu\/fenntarthatosag\/\"},{\"@type\":\"ListItem\",\"position\":3,\"name\":\"CAM\"}]},{\"@type\":\"WebSite\",\"@id\":\"https:\/\/insulation.trocellen.com\/hu\/#website\",\"url\":\"https:\/\/insulation.trocellen.com\/hu\/\",\"name\":\"Trocellen Insulation\",\"description\":\"\",\"potentialAction\":[{\"@type\":\"SearchAction\",\"target\":{\"@type\":\"EntryPoint\",\"urlTemplate\":\"https:\/\/insulation.trocellen.com\/hu\/?s={search_term_string}\"},\"query-input\":{\"@type\":\"PropertyValueSpecification\",\"valueRequired\":true,\"valueName\":\"search_term_string\"}}],\"inLanguage\":\"hu\"}]}<\/script>\n<!-- \/ Yoast SEO plugin. -->","yoast_head_json":{"title":"A CAM az \u00e9p\u00fcletekre vonatkoz\u00f3 olasz k\u00f6vetelm\u00e9nyrendszer","description":"A Trocellen CAM-konform term\u00e9kei a Superbonus 110%-ra p\u00e1ly\u00e1z\u00f3 \u00e1llami, illetve mag\u00e1n projektek eset\u00e9n egyar\u00e1nt felhaszn\u00e1lhat\u00f3k \u00e9s telep\u00edthet\u0151k.","robots":{"index":"index","follow":"follow","max-snippet":"max-snippet:-1","max-image-preview":"max-image-preview:large","max-video-preview":"max-video-preview:-1"},"canonical":"https:\/\/insulation.trocellen.com\/hu\/fenntarthatosag\/cam\/","og_locale":"hu_HU","og_type":"article","og_title":"A CAM az \u00e9p\u00fcletekre vonatkoz\u00f3 olasz k\u00f6vetelm\u00e9nyrendszer","og_description":"A Trocellen CAM-konform term\u00e9kei a Superbonus 110%-ra p\u00e1ly\u00e1z\u00f3 \u00e1llami, illetve mag\u00e1n projektek eset\u00e9n egyar\u00e1nt felhaszn\u00e1lhat\u00f3k \u00e9s telep\u00edthet\u0151k.","og_url":"https:\/\/insulation.trocellen.com\/hu\/fenntarthatosag\/cam\/","og_site_name":"Trocellen Insulation","article_modified_time":"2025-03-13T14:13:49+00:00","og_image":[{"width":1920,"height":300,"url":"https:\/\/insulation.trocellen.com\/wp-content\/uploads\/sites\/6\/2023\/05\/CAM-fejlec.jpg","type":"image\/jpeg"}],"twitter_card":"summary_large_image","twitter_misc":{"Becs\u00fclt olvas\u00e1si id\u0151":"2 perc"},"schema":{"@context":"https:\/\/schema.org","@graph":[{"@type":"WebPage","@id":"https:\/\/insulation.trocellen.com\/hu\/fenntarthatosag\/cam\/","url":"https:\/\/insulation.trocellen.com\/hu\/fenntarthatosag\/cam\/","name":"A CAM az \u00e9p\u00fcletekre vonatkoz\u00f3 olasz k\u00f6vetelm\u00e9nyrendszer","isPartOf":{"@id":"https:\/\/insulation.trocellen.com\/hu\/#website"},"primaryImageOfPage":{"@id":"https:\/\/insulation.trocellen.com\/hu\/fenntarthatosag\/cam\/#primaryimage"},"image":{"@id":"https:\/\/insulation.trocellen.com\/hu\/fenntarthatosag\/cam\/#primaryimage"},"thumbnailUrl":"https:\/\/insulation.trocellen.com\/wp-content\/uploads\/sites\/6\/2023\/05\/CAM-fejlec.jpg","datePublished":"2021-04-23T11:30:49+00:00","dateModified":"2025-03-13T14:13:49+00:00","description":"A Trocellen CAM-konform term\u00e9kei a Superbonus 110%-ra p\u00e1ly\u00e1z\u00f3 \u00e1llami, illetve mag\u00e1n projektek eset\u00e9n egyar\u00e1nt felhaszn\u00e1lhat\u00f3k \u00e9s telep\u00edthet\u0151k.","breadcrumb":{"@id":"https:\/\/insulation.trocellen.com\/hu\/fenntarthatosag\/cam\/#breadcrumb"},"inLanguage":"hu","potentialAction":[{"@type":"ReadAction","target":["https:\/\/insulation.trocellen.com\/hu\/fenntarthatosag\/cam\/"]}]},{"@type":"ImageObject","inLanguage":"hu","@id":"https:\/\/insulation.trocellen.com\/hu\/fenntarthatosag\/cam\/#primaryimage","url":"https:\/\/insulation.trocellen.com\/wp-content\/uploads\/sites\/6\/2023\/05\/CAM-fejlec.jpg","contentUrl":"https:\/\/insulation.trocellen.com\/wp-content\/uploads\/sites\/6\/2023\/05\/CAM-fejlec.jpg","width":1920,"height":300},{"@type":"BreadcrumbList","@id":"https:\/\/insulation.trocellen.com\/hu\/fenntarthatosag\/cam\/#breadcrumb","itemListElement":[{"@type":"ListItem","position":1,"name":"Home","item":"https:\/\/insulation.trocellen.com\/hu\/"},{"@type":"ListItem","position":2,"name":"Fenntarthat\u00f3s\u00e1g","item":"https:\/\/insulation.trocellen.com\/hu\/fenntarthatosag\/"},{"@type":"ListItem","position":3,"name":"CAM"}]},{"@type":"WebSite","@id":"https:\/\/insulation.trocellen.com\/hu\/#website","url":"https:\/\/insulation.trocellen.com\/hu\/","name":"Trocellen Insulation","description":"","potentialAction":[{"@type":"SearchAction","target":{"@type":"EntryPoint","urlTemplate":"https:\/\/insulation.trocellen.com\/hu\/?s={search_term_string}"},"query-input":{"@type":"PropertyValueSpecification","valueRequired":true,"valueName":"search_term_string"}}],"inLanguage":"hu"}]}},"_links":{"self":[{"href":"https:\/\/insulation.trocellen.com\/hu\/wp-json\/wp\/v2\/pages\/5194","targetHints":{"allow":["GET"]}}],"collection":[{"href":"https:\/\/insulation.trocellen.com\/hu\/wp-json\/wp\/v2\/pages"}],"about":[{"href":"https:\/\/insulation.trocellen.com\/hu\/wp-json\/wp\/v2\/types\/page"}],"author":[{"embeddable":true,"href":"https:\/\/insulation.trocellen.com\/hu\/wp-json\/wp\/v2\/users\/1"}],"replies":[{"embeddable":true,"href":"https:\/\/insulation.trocellen.com\/hu\/wp-json\/wp\/v2\/comments?post=5194"}],"version-history":[{"count":9,"href":"https:\/\/insulation.trocellen.com\/hu\/wp-json\/wp\/v2\/pages\/5194\/revisions"}],"predecessor-version":[{"id":11124,"href":"https:\/\/insulation.trocellen.com\/hu\/wp-json\/wp\/v2\/pages\/5194\/revisions\/11124"}],"up":[{"embeddable":true,"href":"https:\/\/insulation.trocellen.com\/hu\/wp-json\/wp\/v2\/pages\/5718"}],"wp:featuredmedia":[{"embeddable":true,"href":"https:\/\/insulation.trocellen.com\/hu\/wp-json\/wp\/v2\/media\/8779"}],"wp:attachment":[{"href":"https:\/\/insulation.trocellen.com\/hu\/wp-json\/wp\/v2\/media?parent=5194"}],"curies":[{"name":"wp","href":"https:\/\/api.w.org\/{rel}","templated":true}]}}