{"id":5170,"date":"2019-10-14T08:30:24","date_gmt":"2019-10-14T08:30:24","guid":{"rendered":"https:\/\/insulation-new.trocellen.com\/leed-well\/"},"modified":"2023-07-10T09:11:36","modified_gmt":"2023-07-10T09:11:36","slug":"leed-well","status":"publish","type":"page","link":"https:\/\/insulation.trocellen.com\/hu\/fenntarthatosag\/leed-well\/","title":{"rendered":"Leed &amp; Well"},"content":{"rendered":"","protected":false},"excerpt":{"rendered":"","protected":false},"author":1,"featured_media":8779,"parent":5718,"menu_order":100,"comment_status":"closed","ping_status":"closed","template":"templates\/leed-and-well.php","meta":{"_acf_changed":false,"footnotes":""},"class_list":["post-5170","page","type-page","status-publish","has-post-thumbnail","hentry"],"acf":[],"yoast_head":"<!-- This site is optimized with the Yoast SEO plugin v23.5 - https:\/\/yoast.com\/wordpress\/plugins\/seo\/ -->\n<title>A Trocellen term\u00e9kei el\u0151seg\u00edtik a LEED- \u00e9s WELL-tan\u00fas\u00edt\u00e1st<\/title>\n<meta name=\"description\" content=\"A Trocellen term\u00e9keivel pontok\/kreditek szerezhet\u0151k a LEED- \u00e9s WELL-tan\u00fas\u00edt\u00e1shoz.\" \/>\n<meta name=\"robots\" content=\"index, follow, max-snippet:-1, max-image-preview:large, max-video-preview:-1\" \/>\n<link rel=\"canonical\" href=\"https:\/\/insulation.trocellen.com\/hu\/fenntarthatosag\/leed-well\/\" \/>\n<meta property=\"og:locale\" content=\"hu_HU\" \/>\n<meta property=\"og:type\" content=\"article\" \/>\n<meta property=\"og:title\" content=\"A Trocellen term\u00e9kei el\u0151seg\u00edtik a LEED- \u00e9s WELL-tan\u00fas\u00edt\u00e1st\" \/>\n<meta property=\"og:description\" content=\"A Trocellen term\u00e9keivel pontok\/kreditek szerezhet\u0151k a LEED- \u00e9s WELL-tan\u00fas\u00edt\u00e1shoz.\" \/>\n<meta property=\"og:url\" content=\"https:\/\/insulation.trocellen.com\/hu\/fenntarthatosag\/leed-well\/\" \/>\n<meta property=\"og:site_name\" content=\"Trocellen Insulation\" \/>\n<meta property=\"article:modified_time\" content=\"2023-07-10T09:11:36+00:00\" \/>\n<meta property=\"og:image\" content=\"https:\/\/insulation.trocellen.com\/wp-content\/uploads\/sites\/6\/2023\/05\/CAM-fejlec.jpg\" \/>\n\t<meta property=\"og:image:width\" content=\"1920\" \/>\n\t<meta property=\"og:image:height\" content=\"300\" \/>\n\t<meta property=\"og:image:type\" content=\"image\/jpeg\" \/>\n<meta name=\"twitter:card\" content=\"summary_large_image\" \/>\n<script type=\"application\/ld+json\" class=\"yoast-schema-graph\">{\"@context\":\"https:\/\/schema.org\",\"@graph\":[{\"@type\":\"WebPage\",\"@id\":\"https:\/\/insulation.trocellen.com\/hu\/fenntarthatosag\/leed-well\/\",\"url\":\"https:\/\/insulation.trocellen.com\/hu\/fenntarthatosag\/leed-well\/\",\"name\":\"A Trocellen term\u00e9kei el\u0151seg\u00edtik a LEED- \u00e9s WELL-tan\u00fas\u00edt\u00e1st\",\"isPartOf\":{\"@id\":\"https:\/\/insulation.trocellen.com\/hu\/#website\"},\"primaryImageOfPage\":{\"@id\":\"https:\/\/insulation.trocellen.com\/hu\/fenntarthatosag\/leed-well\/#primaryimage\"},\"image\":{\"@id\":\"https:\/\/insulation.trocellen.com\/hu\/fenntarthatosag\/leed-well\/#primaryimage\"},\"thumbnailUrl\":\"https:\/\/insulation.trocellen.com\/wp-content\/uploads\/sites\/6\/2023\/05\/CAM-fejlec.jpg\",\"datePublished\":\"2019-10-14T08:30:24+00:00\",\"dateModified\":\"2023-07-10T09:11:36+00:00\",\"description\":\"A Trocellen term\u00e9keivel pontok\/kreditek szerezhet\u0151k a LEED- \u00e9s WELL-tan\u00fas\u00edt\u00e1shoz.\",\"breadcrumb\":{\"@id\":\"https:\/\/insulation.trocellen.com\/hu\/fenntarthatosag\/leed-well\/#breadcrumb\"},\"inLanguage\":\"hu\",\"potentialAction\":[{\"@type\":\"ReadAction\",\"target\":[\"https:\/\/insulation.trocellen.com\/hu\/fenntarthatosag\/leed-well\/\"]}]},{\"@type\":\"ImageObject\",\"inLanguage\":\"hu\",\"@id\":\"https:\/\/insulation.trocellen.com\/hu\/fenntarthatosag\/leed-well\/#primaryimage\",\"url\":\"https:\/\/insulation.trocellen.com\/wp-content\/uploads\/sites\/6\/2023\/05\/CAM-fejlec.jpg\",\"contentUrl\":\"https:\/\/insulation.trocellen.com\/wp-content\/uploads\/sites\/6\/2023\/05\/CAM-fejlec.jpg\",\"width\":1920,\"height\":300},{\"@type\":\"BreadcrumbList\",\"@id\":\"https:\/\/insulation.trocellen.com\/hu\/fenntarthatosag\/leed-well\/#breadcrumb\",\"itemListElement\":[{\"@type\":\"ListItem\",\"position\":1,\"name\":\"Home\",\"item\":\"https:\/\/insulation.trocellen.com\/hu\/\"},{\"@type\":\"ListItem\",\"position\":2,\"name\":\"Fenntarthat\u00f3s\u00e1g\",\"item\":\"https:\/\/insulation.trocellen.com\/hu\/fenntarthatosag\/\"},{\"@type\":\"ListItem\",\"position\":3,\"name\":\"Leed &amp; Well\"}]},{\"@type\":\"WebSite\",\"@id\":\"https:\/\/insulation.trocellen.com\/hu\/#website\",\"url\":\"https:\/\/insulation.trocellen.com\/hu\/\",\"name\":\"Trocellen Insulation\",\"description\":\"\",\"potentialAction\":[{\"@type\":\"SearchAction\",\"target\":{\"@type\":\"EntryPoint\",\"urlTemplate\":\"https:\/\/insulation.trocellen.com\/hu\/?s={search_term_string}\"},\"query-input\":{\"@type\":\"PropertyValueSpecification\",\"valueRequired\":true,\"valueName\":\"search_term_string\"}}],\"inLanguage\":\"hu\"}]}<\/script>\n<!-- \/ Yoast SEO plugin. -->","yoast_head_json":{"title":"A Trocellen term\u00e9kei el\u0151seg\u00edtik a LEED- \u00e9s WELL-tan\u00fas\u00edt\u00e1st","description":"A Trocellen term\u00e9keivel pontok\/kreditek szerezhet\u0151k a LEED- \u00e9s WELL-tan\u00fas\u00edt\u00e1shoz.","robots":{"index":"index","follow":"follow","max-snippet":"max-snippet:-1","max-image-preview":"max-image-preview:large","max-video-preview":"max-video-preview:-1"},"canonical":"https:\/\/insulation.trocellen.com\/hu\/fenntarthatosag\/leed-well\/","og_locale":"hu_HU","og_type":"article","og_title":"A Trocellen term\u00e9kei el\u0151seg\u00edtik a LEED- \u00e9s WELL-tan\u00fas\u00edt\u00e1st","og_description":"A Trocellen term\u00e9keivel pontok\/kreditek szerezhet\u0151k a LEED- \u00e9s WELL-tan\u00fas\u00edt\u00e1shoz.","og_url":"https:\/\/insulation.trocellen.com\/hu\/fenntarthatosag\/leed-well\/","og_site_name":"Trocellen Insulation","article_modified_time":"2023-07-10T09:11:36+00:00","og_image":[{"width":1920,"height":300,"url":"https:\/\/insulation.trocellen.com\/wp-content\/uploads\/sites\/6\/2023\/05\/CAM-fejlec.jpg","type":"image\/jpeg"}],"twitter_card":"summary_large_image","schema":{"@context":"https:\/\/schema.org","@graph":[{"@type":"WebPage","@id":"https:\/\/insulation.trocellen.com\/hu\/fenntarthatosag\/leed-well\/","url":"https:\/\/insulation.trocellen.com\/hu\/fenntarthatosag\/leed-well\/","name":"A Trocellen term\u00e9kei el\u0151seg\u00edtik a LEED- \u00e9s WELL-tan\u00fas\u00edt\u00e1st","isPartOf":{"@id":"https:\/\/insulation.trocellen.com\/hu\/#website"},"primaryImageOfPage":{"@id":"https:\/\/insulation.trocellen.com\/hu\/fenntarthatosag\/leed-well\/#primaryimage"},"image":{"@id":"https:\/\/insulation.trocellen.com\/hu\/fenntarthatosag\/leed-well\/#primaryimage"},"thumbnailUrl":"https:\/\/insulation.trocellen.com\/wp-content\/uploads\/sites\/6\/2023\/05\/CAM-fejlec.jpg","datePublished":"2019-10-14T08:30:24+00:00","dateModified":"2023-07-10T09:11:36+00:00","description":"A Trocellen term\u00e9keivel pontok\/kreditek szerezhet\u0151k a LEED- \u00e9s WELL-tan\u00fas\u00edt\u00e1shoz.","breadcrumb":{"@id":"https:\/\/insulation.trocellen.com\/hu\/fenntarthatosag\/leed-well\/#breadcrumb"},"inLanguage":"hu","potentialAction":[{"@type":"ReadAction","target":["https:\/\/insulation.trocellen.com\/hu\/fenntarthatosag\/leed-well\/"]}]},{"@type":"ImageObject","inLanguage":"hu","@id":"https:\/\/insulation.trocellen.com\/hu\/fenntarthatosag\/leed-well\/#primaryimage","url":"https:\/\/insulation.trocellen.com\/wp-content\/uploads\/sites\/6\/2023\/05\/CAM-fejlec.jpg","contentUrl":"https:\/\/insulation.trocellen.com\/wp-content\/uploads\/sites\/6\/2023\/05\/CAM-fejlec.jpg","width":1920,"height":300},{"@type":"BreadcrumbList","@id":"https:\/\/insulation.trocellen.com\/hu\/fenntarthatosag\/leed-well\/#breadcrumb","itemListElement":[{"@type":"ListItem","position":1,"name":"Home","item":"https:\/\/insulation.trocellen.com\/hu\/"},{"@type":"ListItem","position":2,"name":"Fenntarthat\u00f3s\u00e1g","item":"https:\/\/insulation.trocellen.com\/hu\/fenntarthatosag\/"},{"@type":"ListItem","position":3,"name":"Leed &amp; Well"}]},{"@type":"WebSite","@id":"https:\/\/insulation.trocellen.com\/hu\/#website","url":"https:\/\/insulation.trocellen.com\/hu\/","name":"Trocellen Insulation","description":"","potentialAction":[{"@type":"SearchAction","target":{"@type":"EntryPoint","urlTemplate":"https:\/\/insulation.trocellen.com\/hu\/?s={search_term_string}"},"query-input":{"@type":"PropertyValueSpecification","valueRequired":true,"valueName":"search_term_string"}}],"inLanguage":"hu"}]}},"_links":{"self":[{"href":"https:\/\/insulation.trocellen.com\/hu\/wp-json\/wp\/v2\/pages\/5170","targetHints":{"allow":["GET"]}}],"collection":[{"href":"https:\/\/insulation.trocellen.com\/hu\/wp-json\/wp\/v2\/pages"}],"about":[{"href":"https:\/\/insulation.trocellen.com\/hu\/wp-json\/wp\/v2\/types\/page"}],"author":[{"embeddable":true,"href":"https:\/\/insulation.trocellen.com\/hu\/wp-json\/wp\/v2\/users\/1"}],"replies":[{"embeddable":true,"href":"https:\/\/insulation.trocellen.com\/hu\/wp-json\/wp\/v2\/comments?post=5170"}],"version-history":[{"count":3,"href":"https:\/\/insulation.trocellen.com\/hu\/wp-json\/wp\/v2\/pages\/5170\/revisions"}],"predecessor-version":[{"id":5189,"href":"https:\/\/insulation.trocellen.com\/hu\/wp-json\/wp\/v2\/pages\/5170\/revisions\/5189"}],"up":[{"embeddable":true,"href":"https:\/\/insulation.trocellen.com\/hu\/wp-json\/wp\/v2\/pages\/5718"}],"wp:featuredmedia":[{"embeddable":true,"href":"https:\/\/insulation.trocellen.com\/hu\/wp-json\/wp\/v2\/media\/8779"}],"wp:attachment":[{"href":"https:\/\/insulation.trocellen.com\/hu\/wp-json\/wp\/v2\/media?parent=5170"}],"curies":[{"name":"wp","href":"https:\/\/api.w.org\/{rel}","templated":true}]}}