{"id":4942,"date":"2023-01-27T10:07:50","date_gmt":"2023-01-27T10:07:50","guid":{"rendered":"https:\/\/insulation-new.trocellen.com\/alkalmazasok\/trocellen-class-train\/"},"modified":"2024-04-09T12:09:13","modified_gmt":"2024-04-09T12:09:13","slug":"vasut","status":"publish","type":"page","link":"https:\/\/insulation.trocellen.com\/hu\/alkalmazasok\/vasut\/","title":{"rendered":"Vas\u00fat"},"content":{"rendered":"\n<p>A TROCELLEN CLASS TRAIN egy tan\u00fas\u00edtott term\u00e9kcsal\u00e1d a vas\u00fati \u00e1gazat sz\u00e1m\u00e1ra. Z\u00e1rtcell\u00e1s kivitelben, k\u00e9miailag t\u00e9rh\u00e1l\u00f3s\u00edtott polietil\u00e9nhabbal, r\u00e9tegelve, egyik oldal\u00e1n alum\u00ednium lemez bor\u00edt\u00e1ssal ker\u00fcl el\u0151\u00e1ll\u00edt\u00e1sra.&nbsp;A term\u00e9k ragaszt\u00f3tekercsekben kaphat\u00f3, 3\u201340 mm k\u00f6z\u00f6tti vastags\u00e1gban.<\/p>\n\n\n\n<p>A TROCELLEN CLASS TRAIN az EN 45545-2 \u201eVas\u00fati j\u00e1rm\u0171vek t\u0171z elleni v\u00e9delme. 2. r\u00e9sz: Anyagok \u00e9s r\u00e9szegys\u00e9gek t\u0171z\u00e1ll\u00f3s\u00e1gi k\u00f6vetelm\u00e9nyei\u201d szabv\u00e1nynak megfelel\u0151 R1 HL3 tan\u00fas\u00edtv\u00e1nnyal rendelkezik. Az EN 45545 szabv\u00e1nyok azzal a c\u00e9llal \u00edrj\u00e1k el\u0151 a vas\u00fati j\u00e1rm\u0171vekbe be\u00e9p\u00edtend\u0151 anyagok \u00e9s alkatr\u00e9szek k\u00f6vetelm\u00e9nyeit, hogy garant\u00e1lva legyen az utasok \u00e9s a szem\u00e9lyzet v\u00e9delme a fed\u00e9lzeten esetlegesen el\u0151fordul\u00f3 t\u0171z eset\u00e9n. A fent eml\u00edtett szabv\u00e1nyokkal ker\u00fclt bevezet\u00e9sre k\u00e9t elem kombin\u00e1ci\u00f3j\u00e1b\u00f3l a j\u00e1rm\u0171vek vesz\u00e9lyess\u00e9gi szintj\u00e9nek (HL1, HL2 \u00e9s HL3, a n\u00f6vekv\u0151 vesz\u00e9lyt\u0151l f\u00fcgg\u0151en) fogalma: az \u00fczemeltet\u00e9si kateg\u00f3ri\u00e1b\u00f3l (OC) \u00e9s a k\u00f6t\u00f6tt p\u00e1lya t\u00edpus\u00e1hoz kapcsol\u00f3d\u00f3 kiviteli kateg\u00f3ri\u00e1b\u00f3l.<\/p>\n\n\n<table class=\"green-table\" cellspacing=\"0\" cellpadding=\"0\" border=\"0\">\n<tbody>\n<tr>\n<th>&nbsp;<\/th>\n<th style=\"text-align: center\" colspan=\"4\">KIVITELI KATEG\u00d3RI\u00c1K<\/th>\n<\/tr>\n<tr>\n<th style=\"text-align: center\">\u00dcZEMEL\u00c9SI KATEG\u00d3RI\u00c1K (OC)<\/th>\n<th style=\"text-align: center\" valign=\"top\"><strong>N<\/strong><br \/><strong>Alapszint\u0171 j\u00e1rm\u0171vek<\/strong><\/th>\n<th style=\"text-align: center\" valign=\"top\"><strong>A<\/strong><br \/>Automatiz\u00e1lt vonat r\u00e9sz\u00e9t k\u00e9pez\u0151 j\u00e1rm\u0171vek amelyek nem rendelkeznek v\u00e9szhelyzeti szem\u00e9lyzettel a fed\u00e9lzeten.<\/th>\n<th style=\"text-align: center\" valign=\"top\"><strong>D<\/strong><br \/><strong>K\u00e9tszintes j\u00e1rm\u0171<\/strong><\/th>\n<th style=\"text-align: center\" valign=\"top\"><strong>S<\/strong><br \/>Alv\u00f3 \u00e9s kup\u00e9 j\u00e1rm\u0171vek<\/th>\n<\/tr>\n<tr>\n<td><strong>OC 1<\/strong> <br \/>Olyan infrastrukt\u00far\u00e1n \u00fczemel\u0151 j\u00e1rm\u0171vek, ahol a vas\u00fati j\u00e1rm\u0171veket minim\u00e1lis k\u00e9sleltet\u00e9ssel lehet meg\u00e1ll\u00edtani, \u00e9s ahol a biztons\u00e1gos ter\u00fclet mindig azonnal el\u00e9rhet\u0151<\/td>\n<td style=\"text-align: center\">HL1<\/td>\n<td style=\"text-align: center\">HL1<\/td>\n<td style=\"text-align: center\">HL1<\/td>\n<td style=\"text-align: center\">HL2<\/td>\n<\/tr>\n<tr>\n<td><strong>OC 2<\/strong> <br \/>F\u00f6ldalatti szakaszokon, alagutakban, illetve emelt szerkezeteken val\u00f3 \u00fczemeltet\u00e9shez haszn\u00e1lhat\u00f3 j\u00e1rm\u0171vek oldals\u00f3 menek\u00fcl\u00e9si \u00fatvonallal, ahol olyan \u00e1llom\u00e1sok vannak, amelyek r\u00f6vid fut\u00e1si id\u0151n bel\u00fcl el\u00e9rhet\u0151 biztons\u00e1gos helysz\u00ednk\u00e9nt szolg\u00e1lnak az utasok sz\u00e1m\u00e1ra<\/td>\n<td style=\"text-align: center\">HL2<\/td>\n<td style=\"text-align: center\">HL2<\/td>\n<td style=\"text-align: center\">HL2<\/td>\n<td style=\"text-align: center\">HL2<\/td>\n<\/tr>\n<tr>\n<td><strong>OC 3<\/strong> <br \/>F\u00f6ldalatti szakaszokon, alagutakban, illetve emelt szerkezeteken val\u00f3 \u00fczemeltet\u00e9shez haszn\u00e1lhat\u00f3 j\u00e1rm\u0171vek oldals\u00f3 menek\u00fcl\u00e9si \u00fatvonallal, ahol olyan \u00e1llom\u00e1sok vannak, amelyek r\u00f6vid fut\u00e1si id\u0151n bel\u00fcl el\u00e9rhet\u0151 biztons\u00e1gos helysz\u00ednk\u00e9nt szolg\u00e1lnak az utasok sz\u00e1m\u00e1ra<\/td>\n<td style=\"text-align: center\">HL2<\/td>\n<td style=\"text-align: center\">HL2<\/td>\n<td style=\"text-align: center\">HL2<\/td>\n<td style=\"text-align: center\">HL3<\/td>\n<\/tr>\n<tr>\n<td><strong>OC 4<\/strong> <br \/>F\u00f6ldalatti szakaszokon, alagutakban, illetve emelt szerkezeteken val\u00f3 \u00fczemeltet\u00e9shez haszn\u00e1lhat\u00f3 j\u00e1rm\u0171vek oldals\u00f3 menek\u00fcl\u00e9si \u00fatvonal n\u00e9lk\u00fcl, ahol olyan \u00e1llom\u00e1sok vannak, amelyek r\u00f6vid fut\u00e1si id\u0151n bel\u00fcl el\u00e9rhet\u0151 biztons\u00e1gos helysz\u00ednk\u00e9nt szolg\u00e1lnak az utasok sz\u00e1m\u00e1ra<\/td>\n<td style=\"text-align: center\">HL3<\/td>\n<td style=\"text-align: center\">HL3<\/td>\n<td style=\"text-align: center\">HL3<\/td>\n<td style=\"text-align: center\">HL3<\/td>\n<\/tr>\n<\/tbody>\n<\/table>\n\n\n<p>A telep\u00edtend\u0151 term\u00e9k t\u00edpus\u00e1t\u00f3l \u00e9s a vas\u00fati j\u00e1rm\u0171ben val\u00f3 elhelyezked\u00e9s\u00e9t\u0151l f\u00fcgg\u0151en az EN 45545-2 szabv\u00e1ny 26 teljes\u00edtend\u0151 k\u00f6vetelm\u00e9nyt jel\u00f6l ki: Az R1 a szigetel\u0151anyagok egyedi k\u00f6vetelm\u00e9nye.<\/p>\n\n\n\n<p>Az elv\u00e9gzend\u0151 vizsg\u00e1latok, az \u00e9rt\u00e9kelend\u0151 param\u00e9terek \u00e9s a teljes\u00edtend\u0151 \u00e9rt\u00e9kek minden egyes k\u00f6vetelm\u00e9nyhez meghat\u00e1roz\u00e1sra ker\u00fcltek a megfelel\u0151 vesz\u00e9lyess\u00e9gi szinteknek megfelel\u0151en (HL1-t\u0151l HL3-ig).<\/p>\n\n\n\n<h3 class=\"wp-block-heading\">ANYAGSZ\u00dcKS\u00c9GLET AZ R1-HEZ<\/h3>\n\n\n<table class=\"green-table\" cellspacing=\"0\" cellpadding=\"0\" border=\"0\">\n<tbody>\n<tr>\n<th style=\"text-align: center\"><strong>R1: <\/strong><\/th>\n<th style=\"text-align: center\"><strong>Vizsg\u00e1lati m\u00f3dszer<\/strong><\/th>\n<th style=\"text-align: center\"><strong>Param\u00e9ter \u00e9s m\u00e9rt\u00e9kegys\u00e9g<\/strong><\/th>\n<th style=\"text-align: center\"><strong>Maximum vagy minimum<\/strong><\/th>\n<th style=\"text-align: center\"><strong>HL1<\/strong><\/th>\n<th style=\"text-align: center\"><strong>HL2<\/strong><\/th>\n<th style=\"text-align: center\"><strong>HL3<\/strong><\/th>\n<\/tr>\n<tr>\n<td rowspan=\"5\"><strong>IN11<\/strong> \u2013 Bels\u0151 f\u00fcgg\u0151leges fel\u00fcletek (falak, v\u00e1laszfalak, ajt\u00f3k, ablakok, szigetel\u0151anyagok, konyha bels\u0151 fel\u00fcletei\u2026)<br \/><strong>IN1B<\/strong> \u2013 Bels\u0151 v\u00edzszintes, lefel\u00e9 n\u00e9z\u0151 fel\u00fcletek (mennyezeti burkolat, szigetel\u0151anyagok \u2026)<br \/><strong>IN1D<\/strong> \u2013 \u00dcregek bels\u0151 fel\u00fcletei (v\u00edzszintes vagy f\u00fcgg\u0151leges)<br \/><strong>IN1E<\/strong> \u2013 M\u0171szaki berendez\u00e9seket tartalmaz\u00f3 b\u0151v\u00edtm\u00e9nyek k\u00fcls\u0151 fel\u00fcletei (h\u00e9jazaton bel\u00fcl)<br \/><strong>IN4<\/strong> \u2013 Poggy\u00e1sz-t\u00e1rol\u00f3 helyis\u00e9gek<br \/><strong>IN5<\/strong> \u2013 Vezet\u0151asztal (vezet\u0151asztal burkolata \u00e9s fel\u00fcletei) <br \/><strong>IN6A<\/strong> \u2013 Fed\u00e9lzeti k\u00f6zleked\u0151 folyos\u00f3k belt\u00e9ri fel\u00fcletei (k\u00f6zleked\u0151 folyos\u00f3 membr\u00e1n belt\u00e9ri oldala, k\u00f6zleked\u0151 folyos\u00f3 bels\u0151 b\u00e9l\u00e9se)<br \/><strong>IN7 <\/strong>-Ablakkeretek (t\u00f6m\u00edt\u0151anyagokat \u00e9s t\u00f6m\u00edt\u00e9seket is bele\u00e9rtve)<br \/><strong>IN8 <\/strong>\u2013 F\u00fcgg\u00f6ny\u00f6k \u00e9s napellenz\u0151k az utast\u00e9rben \u00e9s a szem\u00e9lyzeti helyis\u00e9gekben, terekben<br \/><strong>IN9B<\/strong> \u2013&nbsp;Asztalok, lehajthat\u00f3 asztalok lefel\u00e9 n\u00e9z\u0151 fel\u00fclettel <br \/><strong>IN11<\/strong> \u2013 Szemetesek \u00e9s hamutart\u00f3k<br \/><strong>IN12A<\/strong> \u2013&nbsp;L\u00e9gcsatorn\u00e1k \u2013 Bels\u0151 fel\u00fcletek <br \/><strong>IN12B<\/strong> \u2013&nbsp;L\u00e9gcsatorn\u00e1k \u2013 K\u00fcls\u0151 fel\u00fcletek <br \/><strong>IN14 <\/strong>\u2013 Az utasok t\u00e1j\u00e9koztat\u00e1s\u00e1ra szolg\u00e1l\u00f3 eszk\u00f6z\u00f6k (inform\u00e1ci\u00f3s k\u00e9perny\u0151k az utast\u00e9rben)<br \/><strong>F5 <\/strong>\u2013 Fekhelyek \u00e9s \u00e1gyak als\u00f3 fel\u00fclete<\/td>\n<td style=\"text-align: center\">T02 <br \/>ISO 5658-2<\/td>\n<td style=\"text-align: center\">CFE <br \/>kW\/m\u00b2<\/td>\n<td style=\"text-align: center\">Minimum<\/td>\n<td style=\"text-align: center\">20*<\/td>\n<td style=\"text-align: center\">20*<\/td>\n<td style=\"text-align: center\">20*<\/td>\n<\/tr>\n<tr>\n<td style=\"text-align: center\">T03.01 <br \/>ISO 5660-1: 50 kW\/m\u00b2<\/td>\n<td style=\"text-align: center\">MARHE <br \/>kW\/m\u00b2<\/td>\n<td style=\"text-align: center\">Maximum<\/td>\n<td style=\"text-align: center\">\u2013 *<\/td>\n<td style=\"text-align: center\">90<\/td>\n<td style=\"text-align: center\">60<\/td>\n<\/tr>\n<tr>\n<td style=\"text-align: center\">T10.01 <br \/>EN ISO 5659-2: <br \/>50 kW\/m\u00b2<\/td>\n<td style=\"text-align: center\">Ds(4) <br \/>m\u00e9ret n\u00e9lk\u00fcl<\/td>\n<td style=\"text-align: center\">Maximum<\/td>\n<td style=\"text-align: center\">600<\/td>\n<td style=\"text-align: center\">300<\/td>\n<td style=\"text-align: center\">150<\/td>\n<\/tr>\n<tr>\n<td style=\"text-align: center\">T10.02 <br \/>EN ISO 5659-2: <br \/>50 kW\/m\u00b2<\/td>\n<td style=\"text-align: center\">VOF4 min<\/td>\n<td style=\"text-align: center\">Maximum<\/td>\n<td style=\"text-align: center\">1.200<\/td>\n<td style=\"text-align: center\">600<\/td>\n<td style=\"text-align: center\">300<\/td>\n<\/tr>\n<tr>\n<td style=\"text-align: center\">T11.01 <br \/>EN ISO 5659-2: <br \/>50 kW\/m\u00b2<\/td>\n<td style=\"text-align: center\">CITG <br \/>m\u00e9ret n\u00e9lk\u00fcl<\/td>\n<td style=\"text-align: center\">Maximum<\/td>\n<td style=\"text-align: center\">1,2<\/td>\n<td style=\"text-align: center\">0,9<\/td>\n<td style=\"text-align: center\">0,75<\/td>\n<\/tr>\n<\/tbody>\n<\/table>\n\n\n<h3 class=\"wp-block-heading\">JELLEMZ\u0150K<\/h3>\n\n\n\n<p>A TROCELLEN CLASS TRAIN ide\u00e1lis megold\u00e1st jelent a vas\u00fati j\u00e1rm\u0171vek h\u0151szigetel\u00e9s\u00e9re.<\/p>\n\n\n\n<p>Term\u00e9kjellemz\u0151k \u00e9s el\u0151ny\u00f6k:<\/p>\n\n\n\n<ul class=\"wp-block-list\">\n<li>tart\u00f3s, z\u00e1rtcell\u00e1s polietil\u00e9n szigetel\u0151habb\u00f3l k\u00e9sz\u00fcl;<\/li>\n\n\n\n<li>Kiemelked\u0151 t\u0171zzel szembeni viselked\u00e9s;<\/li>\n\n\n\n<li>R1 HL3 besorol\u00e1s az EN 45545-2 szabv\u00e1nynak megfelel\u0151en \u2013 a legmagasabb szint<\/li>\n\n\n\n<li>b\u00e1rmilyen k\u00f6t\u00f6tt p\u00e1ly\u00e1s kateg\u00f3ria sz\u00e1m\u00e1ra megfelel\u0151, m\u00e9g alv\u00f3 \u00e9s kup\u00e9 j\u00e1rm\u0171vekben is;<\/li>\n\n\n\n<li>j\u00f3 h\u0151vezet\u00e9si t\u00e9nyez\u0151 (\u03bb 0 \u00b0C-on: 0,038 W \/ mK);<\/li>\n\n\n\n<li>\u00e1lland\u00f3 szigetel\u00e9si \u00e9rt\u00e9k*;<\/li>\n\n\n\n<li>z\u00e1rtcell\u00e1s, a v\u00edzfelv\u00e9tel g\u00e1tl\u00e1s\u00e1ra;<\/li>\n\n\n\n<li>tiszta, nem m\u00e9rgez\u0151, pen\u00e9sz- \u00e9s bakt\u00e9rium\u00e1ll\u00f3, szagtalan;<\/li>\n\n\n\n<li>kell\u0151k\u00e9ppen rugalmas, hogy hozz\u00e1idomuljon a hegyesebb sz\u00f6gekhez is, \u00e9s el\u00e9g er\u0151s a nagyobb ig\u00e9nybev\u00e9tel kib\u00edr\u00e1s\u00e1hoz;<\/li>\n\n\n\n<li>gazdas\u00e1gilag k\u00e9nyelmes.<\/li>\n<\/ul>\n\n\n\n<p>*A 23 \u00e9ves haszn\u00e1lat ut\u00e1n tesztelt <code>TROCELLEN<\/code> term\u00e9kek is ugyanolyan szigetel\u00e9si \u00e9rt\u00e9kkel rendelkeznek. A vizsg\u00e1lati jegyz\u0151k\u00f6nyvek k\u00e9r\u00e9sre rendelkez\u00e9sre \u00e1llnak.<\/p>\n\n\n<table class=\"green-table\" cellspacing=\"0\" cellpadding=\"0\" border=\"0\">\n<tbody>\n<tr>\n<th style=\"text-align: center\" colspan=\"4\">M\u0170SZAKI ADATOK<\/th>\n<\/tr>\n<tr>\n<th style=\"text-align: center\"><strong>M\u0171szaki jellemz\u0151k<\/strong><\/th>\n<th style=\"text-align: center\"><strong>Norma<\/strong><\/th>\n<th style=\"text-align: center\"><strong>M\u00e9rt\u00e9kegys\u00e9g<\/strong><\/th>\n<th style=\"text-align: center\"><strong>&nbsp;Trocellen Class Train ALU ragaszt\u00f3<\/strong><\/th>\n<\/tr>\n<tr>\n<td>T\u0171zzel szembeni viselked\u00e9s<\/td>\n<td style=\"text-align: center\">EN 45545-2<\/td>\n<td style=\"text-align: center\">\u2013<\/td>\n<td style=\"text-align: center\">R1 HL3<\/td>\n<\/tr>\n<tr>\n<td>H\u0151vezet\u00e9si egy\u00fctthat\u00f3 0 \u00b0C-on (l-\u00e9rt\u00e9k)<\/td>\n<td style=\"text-align: center\">EN 12667<\/td>\n<td style=\"text-align: center\">W\/mK <br \/>kcal\/mh\u00b0C<\/td>\n<td style=\"text-align: center\">0,038<br \/>0,032<\/td>\n<\/tr>\n<tr>\n<td>H\u0151vezet\u00e9si egy\u00fctthat\u00f3 23 \u00b0C-on (l-\u00e9rt\u00e9k)<\/td>\n<td style=\"text-align: center\">EN 12667<\/td>\n<td style=\"text-align: center\">W\/mK <br \/>kcal\/mh\u00b0C<\/td>\n<td style=\"text-align: center\">0,040 <br \/>0,034<\/td>\n<\/tr>\n<tr>\n<td>H\u0151vezet\u00e9si egy\u00fctthat\u00f3 40 \u00b0C-on (l-\u00e9rt\u00e9k)<\/td>\n<td style=\"text-align: center\">EN 12667<\/td>\n<td style=\"text-align: center\">W\/mK <br \/>kcal\/mh\u00b0C<\/td>\n<td style=\"text-align: center\">0,042 <br \/>0,036<\/td>\n<\/tr>\n<tr>\n<td>P\u00e1radiff\u00fazi\u00f3s t\u00e9nyez\u0151 (\u03bc-\u00e9rt\u00e9k)<\/td>\n<td style=\"text-align: center\">EN 10456<\/td>\n<td style=\"text-align: center\">\u2013<\/td>\n<td style=\"text-align: center\">\u2265 15000<\/td>\n<\/tr>\n<tr>\n<td>S\u0171r\u0171s\u00e9g (PE)<\/td>\n<td style=\"text-align: center\">EN ISO 845<\/td>\n<td style=\"text-align: center\">kg\/m\u00b3<\/td>\n<td style=\"text-align: center\">30<\/td>\n<\/tr>\n<tr>\n<td>Vastags\u00e1g<\/td>\n<td style=\"text-align: center\">EN ISO 1923<\/td>\n<td style=\"text-align: center\">mm<\/td>\n<td style=\"text-align: center\">3 \u00e9s 40 k\u00f6z\u00f6tt (l\u00e1sd az alapspecifik\u00e1ci\u00f3kat)<\/td>\n<\/tr>\n<tr>\n<td>Sz\u00edn<\/td>\n<td style=\"text-align: center\">Spec. ALAP<\/td>\n<td style=\"text-align: center\">\u2013<\/td>\n<td style=\"text-align: center\">vil\u00e1gosk\u00e9k + alum\u00ednium lemez &nbsp;<\/td>\n<\/tr>\n<tr>\n<td>Nyom\u00f3fesz\u00fclts\u00e9g 25%-on<\/td>\n<td style=\"text-align: center\">EN ISO 3386\/1<\/td>\n<td style=\"text-align: center\">kPa<\/td>\n<td style=\"text-align: center\">35<\/td>\n<\/tr>\n<tr>\n<td>Nyom\u00f3fesz\u00fclts\u00e9g 50%-on<\/td>\n<td style=\"text-align: center\">EN ISO 3386\/1<\/td>\n<td style=\"text-align: center\">kPa<\/td>\n<td style=\"text-align: center\">95<\/td>\n<\/tr>\n<tr>\n<td>V\u00edzfelv\u00e9tel 28 nap ut\u00e1n<\/td>\n<td style=\"text-align: center\">ISO 2896<\/td>\n<td style=\"text-align: center\">Vol.%<\/td>\n<td style=\"text-align: center\">&lt;3<\/td>\n<\/tr>\n<tr>\n<td>M\u00e9ret\u00e1ll\u00f3s\u00e1g (&lt; 5%)<\/td>\n<td style=\"text-align: center\">ISO 2796<\/td>\n<td style=\"text-align: center\">\u00b0C<\/td>\n<td style=\"text-align: center\">100<\/td>\n<\/tr>\n<tr>\n<td>Maxim\u00e1lis \u00fczemi h\u0151m\u00e9rs\u00e9klet-tartom\u00e1ny<\/td>\n<td style=\"text-align: center\">&nbsp;<\/td>\n<td style=\"text-align: center\">\u00b0C<\/td>\n<td style=\"text-align: center\">-80\u00f7 +100<\/td>\n<\/tr>\n<tr>\n<td>Maxim\u00e1lis \u00fczemi h\u0151m\u00e9rs\u00e9klet-tartom\u00e1ny mechanikai fesz\u00fclts\u00e9ggel<\/td>\n<td style=\"text-align: center\">&nbsp;<\/td>\n<td style=\"text-align: center\">\u00b0C<\/td>\n<td style=\"text-align: center\">-40\u00f7 +100<\/td>\n<\/tr>\n<\/tbody>\n<\/table>\n\n\n<h2 class=\"wp-block-heading\">TERM\u00c9KADATOK<\/h2>\n\n\n\n<h3 class=\"wp-block-heading has-text-color\" style=\"color:#4ea346;font-size:26px\"><strong>TROCELLEN CLASS TRAIN ALU RAGASZT\u00d3<\/strong><\/h3>\n\n\n\n<p>K\u00e9miailag t\u00e9rh\u00e1l\u00f3s\u00edtott, z\u00e1rtcell\u00e1s polietil\u00e9n, 30 kg\/m<sup>3 <\/sup>s\u0171r\u0171s\u00e9g, vil\u00e1gosk\u00e9k, egyik oldal\u00e1n ragaszt\u00f3anyaggal, m\u00e1sik oldal\u00e1n sima alum\u00edniumlemezzel lamin\u00e1lva.<\/p>\n\n\n\n<p>Haszn\u00e1lhat\u00f3 vas\u00fati j\u00e1rm\u0171vek h\u0151szigetel\u00e9s\u00e9re, kiv\u00e1l\u00f3 t\u0171zv\u00e9delmi oszt\u00e1ly\u00fa.<\/p>\n\n\n\n<ul class=\"wp-block-list\">\n<li>T\u0171zzel szembeni viselked\u00e9s: R1 HL3 besorol\u00e1s az EN 45545-2 szabv\u00e1nynak megfelel\u0151en<\/li>\n\n\n\n<li>H\u0151vezet\u00e9si egy\u00fctthat\u00f3 0 \u00b0C-on (\u03bb-\u00e9rt\u00e9k)= 0,038 W\/mK<\/li>\n\n\n\n<li>P\u00e1radiff\u00fazi\u00f3s t\u00e9nyez\u0151 (\u03bc-\u00e9rt\u00e9k) \u2265 15000<\/li>\n<\/ul>\n","protected":false},"excerpt":{"rendered":"<p>A TROCELLEN CLASS TRAIN egy tan\u00fas\u00edtott term\u00e9kcsal\u00e1d a vas\u00fati \u00e1gazat sz\u00e1m\u00e1ra. Z\u00e1rtcell\u00e1s kivitelben, k\u00e9miailag t\u00e9rh\u00e1l\u00f3s\u00edtott polietil\u00e9nhabbal, r\u00e9tegelve, egyik oldal\u00e1n alum\u00ednium lemez bor\u00edt\u00e1ssal ker\u00fcl el\u0151\u00e1ll\u00edt\u00e1sra.&nbsp;A term\u00e9k ragaszt\u00f3tekercsekben kaphat\u00f3, 3\u201340 mm k\u00f6z\u00f6tti vastags\u00e1gban. A TROCELLEN CLASS TRAIN az EN 45545-2 \u201eVas\u00fati j\u00e1rm\u0171vek t\u0171z elleni v\u00e9delme. 2. r\u00e9sz: Anyagok \u00e9s r\u00e9szegys\u00e9gek t\u0171z\u00e1ll\u00f3s\u00e1gi k\u00f6vetelm\u00e9nyei\u201d szabv\u00e1nynak megfelel\u0151 R1 HL3 tan\u00fas\u00edtv\u00e1nnyal [&hellip;]<\/p>\n","protected":false},"author":1,"featured_media":8876,"parent":4870,"menu_order":670,"comment_status":"closed","ping_status":"closed","template":"templates\/marine-train-application.php","meta":{"_acf_changed":false,"footnotes":""},"class_list":["post-4942","page","type-page","status-publish","has-post-thumbnail","hentry"],"acf":[],"yoast_head":"<!-- This site is optimized with the Yoast SEO plugin v23.5 - https:\/\/yoast.com\/wordpress\/plugins\/seo\/ -->\n<title>TROCELLEN CLASS TRAIN tan\u00fas\u00edtott term\u00e9kek vas\u00fati haszn\u00e1latra<\/title>\n<meta name=\"description\" content=\"A TROCELLEN CLASS TRAIN ide\u00e1lis megold\u00e1st jelent a vas\u00fati j\u00e1rm\u0171vek h\u0151szigetel\u00e9s\u00e9re. Kiv\u00e1l\u00f3 t\u0171zv\u00e9delmi oszt\u00e1ly\u00fa \u2013 R1 HL3 besorol\u00e1s.\" \/>\n<meta name=\"robots\" content=\"index, follow, max-snippet:-1, max-image-preview:large, max-video-preview:-1\" \/>\n<link rel=\"canonical\" href=\"https:\/\/insulation.trocellen.com\/hu\/alkalmazasok\/vasut\/\" \/>\n<meta property=\"og:locale\" content=\"hu_HU\" \/>\n<meta property=\"og:type\" content=\"article\" \/>\n<meta property=\"og:title\" content=\"TROCELLEN CLASS TRAIN tan\u00fas\u00edtott term\u00e9kek vas\u00fati haszn\u00e1latra\" \/>\n<meta property=\"og:description\" content=\"A TROCELLEN CLASS TRAIN ide\u00e1lis megold\u00e1st jelent a vas\u00fati j\u00e1rm\u0171vek h\u0151szigetel\u00e9s\u00e9re. Kiv\u00e1l\u00f3 t\u0171zv\u00e9delmi oszt\u00e1ly\u00fa \u2013 R1 HL3 besorol\u00e1s.\" \/>\n<meta property=\"og:url\" content=\"https:\/\/insulation.trocellen.com\/hu\/alkalmazasok\/vasut\/\" \/>\n<meta property=\"og:site_name\" content=\"Trocellen Insulation\" \/>\n<meta property=\"article:modified_time\" content=\"2024-04-09T12:09:13+00:00\" \/>\n<meta property=\"og:image\" content=\"https:\/\/insulation.trocellen.com\/wp-content\/uploads\/sites\/6\/2023\/05\/train-fejlec.jpg\" \/>\n\t<meta property=\"og:image:width\" content=\"1920\" \/>\n\t<meta property=\"og:image:height\" content=\"300\" \/>\n\t<meta property=\"og:image:type\" content=\"image\/jpeg\" \/>\n<meta name=\"twitter:card\" content=\"summary_large_image\" \/>\n<meta name=\"twitter:label1\" content=\"Becs\u00fclt olvas\u00e1si id\u0151\" \/>\n\t<meta name=\"twitter:data1\" content=\"4 perc\" \/>\n<script type=\"application\/ld+json\" class=\"yoast-schema-graph\">{\"@context\":\"https:\/\/schema.org\",\"@graph\":[{\"@type\":\"WebPage\",\"@id\":\"https:\/\/insulation.trocellen.com\/hu\/alkalmazasok\/vasut\/\",\"url\":\"https:\/\/insulation.trocellen.com\/hu\/alkalmazasok\/vasut\/\",\"name\":\"TROCELLEN CLASS TRAIN tan\u00fas\u00edtott term\u00e9kek vas\u00fati haszn\u00e1latra\",\"isPartOf\":{\"@id\":\"https:\/\/insulation.trocellen.com\/hu\/#website\"},\"primaryImageOfPage\":{\"@id\":\"https:\/\/insulation.trocellen.com\/hu\/alkalmazasok\/vasut\/#primaryimage\"},\"image\":{\"@id\":\"https:\/\/insulation.trocellen.com\/hu\/alkalmazasok\/vasut\/#primaryimage\"},\"thumbnailUrl\":\"https:\/\/insulation.trocellen.com\/wp-content\/uploads\/sites\/6\/2023\/05\/train-fejlec.jpg\",\"datePublished\":\"2023-01-27T10:07:50+00:00\",\"dateModified\":\"2024-04-09T12:09:13+00:00\",\"description\":\"A TROCELLEN CLASS TRAIN ide\u00e1lis megold\u00e1st jelent a vas\u00fati j\u00e1rm\u0171vek h\u0151szigetel\u00e9s\u00e9re. Kiv\u00e1l\u00f3 t\u0171zv\u00e9delmi oszt\u00e1ly\u00fa \u2013 R1 HL3 besorol\u00e1s.\",\"breadcrumb\":{\"@id\":\"https:\/\/insulation.trocellen.com\/hu\/alkalmazasok\/vasut\/#breadcrumb\"},\"inLanguage\":\"hu\",\"potentialAction\":[{\"@type\":\"ReadAction\",\"target\":[\"https:\/\/insulation.trocellen.com\/hu\/alkalmazasok\/vasut\/\"]}]},{\"@type\":\"ImageObject\",\"inLanguage\":\"hu\",\"@id\":\"https:\/\/insulation.trocellen.com\/hu\/alkalmazasok\/vasut\/#primaryimage\",\"url\":\"https:\/\/insulation.trocellen.com\/wp-content\/uploads\/sites\/6\/2023\/05\/train-fejlec.jpg\",\"contentUrl\":\"https:\/\/insulation.trocellen.com\/wp-content\/uploads\/sites\/6\/2023\/05\/train-fejlec.jpg\",\"width\":1920,\"height\":300},{\"@type\":\"BreadcrumbList\",\"@id\":\"https:\/\/insulation.trocellen.com\/hu\/alkalmazasok\/vasut\/#breadcrumb\",\"itemListElement\":[{\"@type\":\"ListItem\",\"position\":1,\"name\":\"Home\",\"item\":\"https:\/\/insulation.trocellen.com\/hu\/\"},{\"@type\":\"ListItem\",\"position\":2,\"name\":\"Alkalmaz\u00e1sok\",\"item\":\"https:\/\/insulation.trocellen.com\/hu\/alkalmazasok\/\"},{\"@type\":\"ListItem\",\"position\":3,\"name\":\"Vas\u00fat\"}]},{\"@type\":\"WebSite\",\"@id\":\"https:\/\/insulation.trocellen.com\/hu\/#website\",\"url\":\"https:\/\/insulation.trocellen.com\/hu\/\",\"name\":\"Trocellen Insulation\",\"description\":\"\",\"potentialAction\":[{\"@type\":\"SearchAction\",\"target\":{\"@type\":\"EntryPoint\",\"urlTemplate\":\"https:\/\/insulation.trocellen.com\/hu\/?s={search_term_string}\"},\"query-input\":{\"@type\":\"PropertyValueSpecification\",\"valueRequired\":true,\"valueName\":\"search_term_string\"}}],\"inLanguage\":\"hu\"}]}<\/script>\n<!-- \/ Yoast SEO plugin. -->","yoast_head_json":{"title":"TROCELLEN CLASS TRAIN tan\u00fas\u00edtott term\u00e9kek vas\u00fati haszn\u00e1latra","description":"A TROCELLEN CLASS TRAIN ide\u00e1lis megold\u00e1st jelent a vas\u00fati j\u00e1rm\u0171vek h\u0151szigetel\u00e9s\u00e9re. Kiv\u00e1l\u00f3 t\u0171zv\u00e9delmi oszt\u00e1ly\u00fa \u2013 R1 HL3 besorol\u00e1s.","robots":{"index":"index","follow":"follow","max-snippet":"max-snippet:-1","max-image-preview":"max-image-preview:large","max-video-preview":"max-video-preview:-1"},"canonical":"https:\/\/insulation.trocellen.com\/hu\/alkalmazasok\/vasut\/","og_locale":"hu_HU","og_type":"article","og_title":"TROCELLEN CLASS TRAIN tan\u00fas\u00edtott term\u00e9kek vas\u00fati haszn\u00e1latra","og_description":"A TROCELLEN CLASS TRAIN ide\u00e1lis megold\u00e1st jelent a vas\u00fati j\u00e1rm\u0171vek h\u0151szigetel\u00e9s\u00e9re. Kiv\u00e1l\u00f3 t\u0171zv\u00e9delmi oszt\u00e1ly\u00fa \u2013 R1 HL3 besorol\u00e1s.","og_url":"https:\/\/insulation.trocellen.com\/hu\/alkalmazasok\/vasut\/","og_site_name":"Trocellen Insulation","article_modified_time":"2024-04-09T12:09:13+00:00","og_image":[{"width":1920,"height":300,"url":"https:\/\/insulation.trocellen.com\/wp-content\/uploads\/sites\/6\/2023\/05\/train-fejlec.jpg","type":"image\/jpeg"}],"twitter_card":"summary_large_image","twitter_misc":{"Becs\u00fclt olvas\u00e1si id\u0151":"4 perc"},"schema":{"@context":"https:\/\/schema.org","@graph":[{"@type":"WebPage","@id":"https:\/\/insulation.trocellen.com\/hu\/alkalmazasok\/vasut\/","url":"https:\/\/insulation.trocellen.com\/hu\/alkalmazasok\/vasut\/","name":"TROCELLEN CLASS TRAIN tan\u00fas\u00edtott term\u00e9kek vas\u00fati haszn\u00e1latra","isPartOf":{"@id":"https:\/\/insulation.trocellen.com\/hu\/#website"},"primaryImageOfPage":{"@id":"https:\/\/insulation.trocellen.com\/hu\/alkalmazasok\/vasut\/#primaryimage"},"image":{"@id":"https:\/\/insulation.trocellen.com\/hu\/alkalmazasok\/vasut\/#primaryimage"},"thumbnailUrl":"https:\/\/insulation.trocellen.com\/wp-content\/uploads\/sites\/6\/2023\/05\/train-fejlec.jpg","datePublished":"2023-01-27T10:07:50+00:00","dateModified":"2024-04-09T12:09:13+00:00","description":"A TROCELLEN CLASS TRAIN ide\u00e1lis megold\u00e1st jelent a vas\u00fati j\u00e1rm\u0171vek h\u0151szigetel\u00e9s\u00e9re. Kiv\u00e1l\u00f3 t\u0171zv\u00e9delmi oszt\u00e1ly\u00fa \u2013 R1 HL3 besorol\u00e1s.","breadcrumb":{"@id":"https:\/\/insulation.trocellen.com\/hu\/alkalmazasok\/vasut\/#breadcrumb"},"inLanguage":"hu","potentialAction":[{"@type":"ReadAction","target":["https:\/\/insulation.trocellen.com\/hu\/alkalmazasok\/vasut\/"]}]},{"@type":"ImageObject","inLanguage":"hu","@id":"https:\/\/insulation.trocellen.com\/hu\/alkalmazasok\/vasut\/#primaryimage","url":"https:\/\/insulation.trocellen.com\/wp-content\/uploads\/sites\/6\/2023\/05\/train-fejlec.jpg","contentUrl":"https:\/\/insulation.trocellen.com\/wp-content\/uploads\/sites\/6\/2023\/05\/train-fejlec.jpg","width":1920,"height":300},{"@type":"BreadcrumbList","@id":"https:\/\/insulation.trocellen.com\/hu\/alkalmazasok\/vasut\/#breadcrumb","itemListElement":[{"@type":"ListItem","position":1,"name":"Home","item":"https:\/\/insulation.trocellen.com\/hu\/"},{"@type":"ListItem","position":2,"name":"Alkalmaz\u00e1sok","item":"https:\/\/insulation.trocellen.com\/hu\/alkalmazasok\/"},{"@type":"ListItem","position":3,"name":"Vas\u00fat"}]},{"@type":"WebSite","@id":"https:\/\/insulation.trocellen.com\/hu\/#website","url":"https:\/\/insulation.trocellen.com\/hu\/","name":"Trocellen Insulation","description":"","potentialAction":[{"@type":"SearchAction","target":{"@type":"EntryPoint","urlTemplate":"https:\/\/insulation.trocellen.com\/hu\/?s={search_term_string}"},"query-input":{"@type":"PropertyValueSpecification","valueRequired":true,"valueName":"search_term_string"}}],"inLanguage":"hu"}]}},"_links":{"self":[{"href":"https:\/\/insulation.trocellen.com\/hu\/wp-json\/wp\/v2\/pages\/4942","targetHints":{"allow":["GET"]}}],"collection":[{"href":"https:\/\/insulation.trocellen.com\/hu\/wp-json\/wp\/v2\/pages"}],"about":[{"href":"https:\/\/insulation.trocellen.com\/hu\/wp-json\/wp\/v2\/types\/page"}],"author":[{"embeddable":true,"href":"https:\/\/insulation.trocellen.com\/hu\/wp-json\/wp\/v2\/users\/1"}],"replies":[{"embeddable":true,"href":"https:\/\/insulation.trocellen.com\/hu\/wp-json\/wp\/v2\/comments?post=4942"}],"version-history":[{"count":5,"href":"https:\/\/insulation.trocellen.com\/hu\/wp-json\/wp\/v2\/pages\/4942\/revisions"}],"predecessor-version":[{"id":10786,"href":"https:\/\/insulation.trocellen.com\/hu\/wp-json\/wp\/v2\/pages\/4942\/revisions\/10786"}],"up":[{"embeddable":true,"href":"https:\/\/insulation.trocellen.com\/hu\/wp-json\/wp\/v2\/pages\/4870"}],"wp:featuredmedia":[{"embeddable":true,"href":"https:\/\/insulation.trocellen.com\/hu\/wp-json\/wp\/v2\/media\/8876"}],"wp:attachment":[{"href":"https:\/\/insulation.trocellen.com\/hu\/wp-json\/wp\/v2\/media?parent=4942"}],"curies":[{"name":"wp","href":"https:\/\/api.w.org\/{rel}","templated":true}]}}