{"id":4916,"date":"2023-01-27T10:01:24","date_gmt":"2023-01-27T10:01:24","guid":{"rendered":"https:\/\/insulation-new.trocellen.com\/alkalmazasok\/marine\/"},"modified":"2024-04-08T10:11:40","modified_gmt":"2024-04-08T10:11:40","slug":"hajozas","status":"publish","type":"page","link":"https:\/\/insulation.trocellen.com\/hu\/alkalmazasok\/hajozas\/","title":{"rendered":"Haj\u00f3z\u00e1s"},"content":{"rendered":"\n<h3 class=\"wp-block-heading has-text-align-left has-text-color\" style=\"color:#216c83\">Navycell\u00ae<\/h3>\n\n\n\n<p>Navycell\u00ae is a light blue insulating product, consisting of polyethylene foam, chemically cross-linked and closed-cell, laminated with a 20 \u03bcm smooth aluminium foil on one side and with a self-adhesive layer on the other.<\/p>\n\n\n\n<p>Expressly designed and developed for use in applications requiring special safety measures, such as in naval sector, navycell\u00ae fulfils all the requirements set by the latest European Directive on marine equipment \u2013 \u201cCouncil Directive 2014\/90\/EU\u201d and European Regulation 2018\/773. Consequently, the material has the certificate 0987\/MED-B\/836 and it is labelled with the wheel-mark.<\/p>\n\n\n\n<p>The MED marking guarantees the product quality and safety in two ways:<\/p>\n\n\n\n<ul class=\"wp-block-list\">\n<li>the product is certified according to the fire reaction regulations (Module B \u2013 EC Type Examination certificates).<\/li>\n\n\n\n<li>the production quality of the manufacturer is audited and approved by external IMO accredited laboratory (Module D \u2013 Production quality assurance).<\/li>\n<\/ul>\n\n\n<table class=\"green-table\" cellspacing=\"0\" cellpadding=\"0\" border=\"0\">\n<tbody>\n<tr>\n<th style=\"text-align: center\" colspan=\"4\"><strong>TECHNICAL DATA<\/strong><\/th>\n<\/tr>\n<tr>\n<th style=\"text-align: center\"><strong>TECHNICAL CARACTHERISTICS<\/strong><\/th>\n<th style=\"text-align: center\"><strong>NORM<\/strong><\/th>\n<th style=\"text-align: center\"><strong>UNIT<\/strong><\/th>\n<th style=\"text-align: center\"><strong>NAVYCELL\u00ae<\/strong><\/th>\n<\/tr>\n<tr>\n<td>MED Marking<\/td>\n<td>Dir. 2014\/90\/EU<\/td>\n<td>&#8211;<\/td>\n<td>MED\/3.18d<\/td>\n<\/tr>\n<tr>\n<td>Thermal conductivity at 0\u00b0C (l value)<\/td>\n<td>EN 12667<\/td>\n<td>W\/mK<br \/>\n Kcal\/mh\u00b0C<\/td>\n<td>0,037<br \/>\n 0,032<\/td>\n<\/tr>\n<tr>\n<td>Thermal conductivity at 23\u00b0C (l value)<\/td>\n<td>EN 12667<\/td>\n<td>W\/mK<br \/>\n Kcal\/mh\u00b0C<\/td>\n<td>0,040<br \/>\n 0,034<\/td>\n<\/tr>\n<tr>\n<td>Thermal conductivity at 40\u00b0C (l value)<\/td>\n<td>EN 12667<\/td>\n<td>W\/mK<br \/>\n Kcal\/mh\u00b0C<\/td>\n<td>0,042<br \/>\n 0,036<\/td>\n<\/tr>\n<tr>\n<td>Water vapour diffusion coefficient<\/td>\n<td>EN 10546<\/td>\n<td>&#8211;<\/td>\n<td>\u226515000<\/td>\n<\/tr>\n<tr>\n<td>Density<\/td>\n<td>EN ISO 845<\/td>\n<td>Kg\/m3<\/td>\n<td>30<\/td>\n<\/tr>\n<tr>\n<td>Thickness<\/td>\n<td>EN ISO 1923<\/td>\n<td>mm<\/td>\n<td>From 3 to 32 (see base specifications)<\/td>\n<\/tr>\n<tr>\n<td>Colour<\/td>\n<td>Spec. BASE<\/td>\n<td>&#8211;<\/td>\n<td>Light blue + aluminium sheet<\/td>\n<\/tr>\n<tr>\n<td>Compressive stress at 25%<\/td>\n<td>EN ISO 3386\/1<\/td>\n<td>kPa<\/td>\n<td>35<\/td>\n<\/tr>\n<tr>\n<td>Compressive stress at 50%<\/td>\n<td>EN ISO 3386\/1<\/td>\n<td>kPa<\/td>\n<td>95<\/td>\n<\/tr>\n<tr>\n<td>Water absorption after 28 days<\/td>\n<td>ISO 2896<\/td>\n<td>Vol%<\/td>\n<td>&lt;3<\/td>\n<\/tr>\n<tr>\n<td>Thermal Stability (&lt; 5%)<\/td>\n<td>ISO 2796<\/td>\n<td>\u00b0C<\/td>\n<td>95<\/td>\n<\/tr>\n<tr>\n<td>Maximum operative temperature range<\/td>\n<td>&nbsp;<\/td>\n<td>\u00b0C<\/td>\n<td>-80 \u00f7 +95<\/td>\n<\/tr>\n<tr>\n<td>Maximum op<a id=\"_GoBack\" name=\"_GoBack\"><\/a>erative temperature range with mechanical stress<\/td>\n<td>&nbsp;<\/td>\n<td>\u00b0C<\/td>\n<td>-40 \u00f7 +95<\/td>\n<\/tr>\n<\/tbody>\n<\/table>\n\n\n<h3 class=\"wp-block-heading\">ONBOARD USE<\/h3>\n\n\n\n<ul class=\"wp-block-list\">\n<li>Insulation of air ducts<\/li>\n\n\n\n<li>Cold utility piping<\/li>\n\n\n\n<li>Onboard refrigeration systems<\/li>\n\n\n\n<li>Refrigerating compartments<\/li>\n<\/ul>\n","protected":false},"excerpt":{"rendered":"<p>Navycell\u00ae Navycell\u00ae is a light blue insulating product, consisting of polyethylene foam, chemically cross-linked and closed-cell, laminated with a 20 \u03bcm smooth aluminium foil on one side and with a self-adhesive layer on the other. Expressly designed and developed for use in applications requiring special safety measures, such as in naval sector, navycell\u00ae fulfils all [&hellip;]<\/p>\n","protected":false},"author":1,"featured_media":8870,"parent":4870,"menu_order":650,"comment_status":"closed","ping_status":"closed","template":"templates\/marine-train-application.php","meta":{"_acf_changed":false,"footnotes":""},"class_list":["post-4916","page","type-page","status-publish","has-post-thumbnail","hentry"],"acf":[],"yoast_head":"<!-- This site is optimized with the Yoast SEO plugin v23.5 - https:\/\/yoast.com\/wordpress\/plugins\/seo\/ -->\n<title>A Navycell\u00ae a haj\u00f3z\u00e1sban haszn\u00e1lt vil\u00e1gosk\u00e9k szigetel\u0151anyag.<\/title>\n<meta name=\"description\" content=\"A Navycellt kifejezetten a haj\u00f3z\u00e1si szektor biztons\u00e1gi k\u00f6vetelm\u00e9nyeihez igaz\u00edtva fejlesztett\u00fck. A 3 r\u00e9teg\u0171 megold\u00e1s megfelel az Eur\u00f3pai Ir\u00e1nyelvnek.\" \/>\n<meta name=\"robots\" content=\"index, follow, max-snippet:-1, max-image-preview:large, max-video-preview:-1\" \/>\n<link rel=\"canonical\" href=\"https:\/\/insulation.trocellen.com\/hu\/alkalmazasok\/hajozas\/\" \/>\n<meta property=\"og:locale\" content=\"hu_HU\" \/>\n<meta property=\"og:type\" content=\"article\" \/>\n<meta property=\"og:title\" content=\"A Navycell\u00ae a haj\u00f3z\u00e1sban haszn\u00e1lt vil\u00e1gosk\u00e9k szigetel\u0151anyag.\" \/>\n<meta property=\"og:description\" content=\"A Navycellt kifejezetten a haj\u00f3z\u00e1si szektor biztons\u00e1gi k\u00f6vetelm\u00e9nyeihez igaz\u00edtva fejlesztett\u00fck. A 3 r\u00e9teg\u0171 megold\u00e1s megfelel az Eur\u00f3pai Ir\u00e1nyelvnek.\" \/>\n<meta property=\"og:url\" content=\"https:\/\/insulation.trocellen.com\/hu\/alkalmazasok\/hajozas\/\" \/>\n<meta property=\"og:site_name\" content=\"Trocellen Insulation\" \/>\n<meta property=\"article:modified_time\" content=\"2024-04-08T10:11:40+00:00\" \/>\n<meta property=\"og:image\" content=\"https:\/\/insulation.trocellen.com\/wp-content\/uploads\/sites\/6\/2023\/05\/Marine-fejlec.jpg\" \/>\n\t<meta property=\"og:image:width\" content=\"1920\" \/>\n\t<meta property=\"og:image:height\" content=\"300\" \/>\n\t<meta property=\"og:image:type\" content=\"image\/jpeg\" \/>\n<meta name=\"twitter:card\" content=\"summary_large_image\" \/>\n<meta name=\"twitter:label1\" content=\"Becs\u00fclt olvas\u00e1si id\u0151\" \/>\n\t<meta name=\"twitter:data1\" content=\"2 perc\" \/>\n<script type=\"application\/ld+json\" class=\"yoast-schema-graph\">{\"@context\":\"https:\/\/schema.org\",\"@graph\":[{\"@type\":\"WebPage\",\"@id\":\"https:\/\/insulation.trocellen.com\/hu\/alkalmazasok\/hajozas\/\",\"url\":\"https:\/\/insulation.trocellen.com\/hu\/alkalmazasok\/hajozas\/\",\"name\":\"A Navycell\u00ae a haj\u00f3z\u00e1sban haszn\u00e1lt vil\u00e1gosk\u00e9k szigetel\u0151anyag.\",\"isPartOf\":{\"@id\":\"https:\/\/insulation.trocellen.com\/hu\/#website\"},\"primaryImageOfPage\":{\"@id\":\"https:\/\/insulation.trocellen.com\/hu\/alkalmazasok\/hajozas\/#primaryimage\"},\"image\":{\"@id\":\"https:\/\/insulation.trocellen.com\/hu\/alkalmazasok\/hajozas\/#primaryimage\"},\"thumbnailUrl\":\"https:\/\/insulation.trocellen.com\/wp-content\/uploads\/sites\/6\/2023\/05\/Marine-fejlec.jpg\",\"datePublished\":\"2023-01-27T10:01:24+00:00\",\"dateModified\":\"2024-04-08T10:11:40+00:00\",\"description\":\"A Navycellt kifejezetten a haj\u00f3z\u00e1si szektor biztons\u00e1gi k\u00f6vetelm\u00e9nyeihez igaz\u00edtva fejlesztett\u00fck. A 3 r\u00e9teg\u0171 megold\u00e1s megfelel az Eur\u00f3pai Ir\u00e1nyelvnek.\",\"breadcrumb\":{\"@id\":\"https:\/\/insulation.trocellen.com\/hu\/alkalmazasok\/hajozas\/#breadcrumb\"},\"inLanguage\":\"hu\",\"potentialAction\":[{\"@type\":\"ReadAction\",\"target\":[\"https:\/\/insulation.trocellen.com\/hu\/alkalmazasok\/hajozas\/\"]}]},{\"@type\":\"ImageObject\",\"inLanguage\":\"hu\",\"@id\":\"https:\/\/insulation.trocellen.com\/hu\/alkalmazasok\/hajozas\/#primaryimage\",\"url\":\"https:\/\/insulation.trocellen.com\/wp-content\/uploads\/sites\/6\/2023\/05\/Marine-fejlec.jpg\",\"contentUrl\":\"https:\/\/insulation.trocellen.com\/wp-content\/uploads\/sites\/6\/2023\/05\/Marine-fejlec.jpg\",\"width\":1920,\"height\":300},{\"@type\":\"BreadcrumbList\",\"@id\":\"https:\/\/insulation.trocellen.com\/hu\/alkalmazasok\/hajozas\/#breadcrumb\",\"itemListElement\":[{\"@type\":\"ListItem\",\"position\":1,\"name\":\"Home\",\"item\":\"https:\/\/insulation.trocellen.com\/hu\/\"},{\"@type\":\"ListItem\",\"position\":2,\"name\":\"Alkalmaz\u00e1sok\",\"item\":\"https:\/\/insulation.trocellen.com\/hu\/alkalmazasok\/\"},{\"@type\":\"ListItem\",\"position\":3,\"name\":\"Haj\u00f3z\u00e1s\"}]},{\"@type\":\"WebSite\",\"@id\":\"https:\/\/insulation.trocellen.com\/hu\/#website\",\"url\":\"https:\/\/insulation.trocellen.com\/hu\/\",\"name\":\"Trocellen Insulation\",\"description\":\"\",\"potentialAction\":[{\"@type\":\"SearchAction\",\"target\":{\"@type\":\"EntryPoint\",\"urlTemplate\":\"https:\/\/insulation.trocellen.com\/hu\/?s={search_term_string}\"},\"query-input\":{\"@type\":\"PropertyValueSpecification\",\"valueRequired\":true,\"valueName\":\"search_term_string\"}}],\"inLanguage\":\"hu\"}]}<\/script>\n<!-- \/ Yoast SEO plugin. -->","yoast_head_json":{"title":"A Navycell\u00ae a haj\u00f3z\u00e1sban haszn\u00e1lt vil\u00e1gosk\u00e9k szigetel\u0151anyag.","description":"A Navycellt kifejezetten a haj\u00f3z\u00e1si szektor biztons\u00e1gi k\u00f6vetelm\u00e9nyeihez igaz\u00edtva fejlesztett\u00fck. A 3 r\u00e9teg\u0171 megold\u00e1s megfelel az Eur\u00f3pai Ir\u00e1nyelvnek.","robots":{"index":"index","follow":"follow","max-snippet":"max-snippet:-1","max-image-preview":"max-image-preview:large","max-video-preview":"max-video-preview:-1"},"canonical":"https:\/\/insulation.trocellen.com\/hu\/alkalmazasok\/hajozas\/","og_locale":"hu_HU","og_type":"article","og_title":"A Navycell\u00ae a haj\u00f3z\u00e1sban haszn\u00e1lt vil\u00e1gosk\u00e9k szigetel\u0151anyag.","og_description":"A Navycellt kifejezetten a haj\u00f3z\u00e1si szektor biztons\u00e1gi k\u00f6vetelm\u00e9nyeihez igaz\u00edtva fejlesztett\u00fck. A 3 r\u00e9teg\u0171 megold\u00e1s megfelel az Eur\u00f3pai Ir\u00e1nyelvnek.","og_url":"https:\/\/insulation.trocellen.com\/hu\/alkalmazasok\/hajozas\/","og_site_name":"Trocellen Insulation","article_modified_time":"2024-04-08T10:11:40+00:00","og_image":[{"width":1920,"height":300,"url":"https:\/\/insulation.trocellen.com\/wp-content\/uploads\/sites\/6\/2023\/05\/Marine-fejlec.jpg","type":"image\/jpeg"}],"twitter_card":"summary_large_image","twitter_misc":{"Becs\u00fclt olvas\u00e1si id\u0151":"2 perc"},"schema":{"@context":"https:\/\/schema.org","@graph":[{"@type":"WebPage","@id":"https:\/\/insulation.trocellen.com\/hu\/alkalmazasok\/hajozas\/","url":"https:\/\/insulation.trocellen.com\/hu\/alkalmazasok\/hajozas\/","name":"A Navycell\u00ae a haj\u00f3z\u00e1sban haszn\u00e1lt vil\u00e1gosk\u00e9k szigetel\u0151anyag.","isPartOf":{"@id":"https:\/\/insulation.trocellen.com\/hu\/#website"},"primaryImageOfPage":{"@id":"https:\/\/insulation.trocellen.com\/hu\/alkalmazasok\/hajozas\/#primaryimage"},"image":{"@id":"https:\/\/insulation.trocellen.com\/hu\/alkalmazasok\/hajozas\/#primaryimage"},"thumbnailUrl":"https:\/\/insulation.trocellen.com\/wp-content\/uploads\/sites\/6\/2023\/05\/Marine-fejlec.jpg","datePublished":"2023-01-27T10:01:24+00:00","dateModified":"2024-04-08T10:11:40+00:00","description":"A Navycellt kifejezetten a haj\u00f3z\u00e1si szektor biztons\u00e1gi k\u00f6vetelm\u00e9nyeihez igaz\u00edtva fejlesztett\u00fck. A 3 r\u00e9teg\u0171 megold\u00e1s megfelel az Eur\u00f3pai Ir\u00e1nyelvnek.","breadcrumb":{"@id":"https:\/\/insulation.trocellen.com\/hu\/alkalmazasok\/hajozas\/#breadcrumb"},"inLanguage":"hu","potentialAction":[{"@type":"ReadAction","target":["https:\/\/insulation.trocellen.com\/hu\/alkalmazasok\/hajozas\/"]}]},{"@type":"ImageObject","inLanguage":"hu","@id":"https:\/\/insulation.trocellen.com\/hu\/alkalmazasok\/hajozas\/#primaryimage","url":"https:\/\/insulation.trocellen.com\/wp-content\/uploads\/sites\/6\/2023\/05\/Marine-fejlec.jpg","contentUrl":"https:\/\/insulation.trocellen.com\/wp-content\/uploads\/sites\/6\/2023\/05\/Marine-fejlec.jpg","width":1920,"height":300},{"@type":"BreadcrumbList","@id":"https:\/\/insulation.trocellen.com\/hu\/alkalmazasok\/hajozas\/#breadcrumb","itemListElement":[{"@type":"ListItem","position":1,"name":"Home","item":"https:\/\/insulation.trocellen.com\/hu\/"},{"@type":"ListItem","position":2,"name":"Alkalmaz\u00e1sok","item":"https:\/\/insulation.trocellen.com\/hu\/alkalmazasok\/"},{"@type":"ListItem","position":3,"name":"Haj\u00f3z\u00e1s"}]},{"@type":"WebSite","@id":"https:\/\/insulation.trocellen.com\/hu\/#website","url":"https:\/\/insulation.trocellen.com\/hu\/","name":"Trocellen Insulation","description":"","potentialAction":[{"@type":"SearchAction","target":{"@type":"EntryPoint","urlTemplate":"https:\/\/insulation.trocellen.com\/hu\/?s={search_term_string}"},"query-input":{"@type":"PropertyValueSpecification","valueRequired":true,"valueName":"search_term_string"}}],"inLanguage":"hu"}]}},"_links":{"self":[{"href":"https:\/\/insulation.trocellen.com\/hu\/wp-json\/wp\/v2\/pages\/4916","targetHints":{"allow":["GET"]}}],"collection":[{"href":"https:\/\/insulation.trocellen.com\/hu\/wp-json\/wp\/v2\/pages"}],"about":[{"href":"https:\/\/insulation.trocellen.com\/hu\/wp-json\/wp\/v2\/types\/page"}],"author":[{"embeddable":true,"href":"https:\/\/insulation.trocellen.com\/hu\/wp-json\/wp\/v2\/users\/1"}],"replies":[{"embeddable":true,"href":"https:\/\/insulation.trocellen.com\/hu\/wp-json\/wp\/v2\/comments?post=4916"}],"version-history":[{"count":10,"href":"https:\/\/insulation.trocellen.com\/hu\/wp-json\/wp\/v2\/pages\/4916\/revisions"}],"predecessor-version":[{"id":10723,"href":"https:\/\/insulation.trocellen.com\/hu\/wp-json\/wp\/v2\/pages\/4916\/revisions\/10723"}],"up":[{"embeddable":true,"href":"https:\/\/insulation.trocellen.com\/hu\/wp-json\/wp\/v2\/pages\/4870"}],"wp:featuredmedia":[{"embeddable":true,"href":"https:\/\/insulation.trocellen.com\/hu\/wp-json\/wp\/v2\/media\/8870"}],"wp:attachment":[{"href":"https:\/\/insulation.trocellen.com\/hu\/wp-json\/wp\/v2\/media?parent=4916"}],"curies":[{"name":"wp","href":"https:\/\/api.w.org\/{rel}","templated":true}]}}