{"id":4530,"date":"2022-02-03T08:05:43","date_gmt":"2022-02-03T08:05:43","guid":{"rendered":"https:\/\/insulation-new.trocellen.com\/trocellen-tavfutes-parna\/"},"modified":"2023-07-10T08:48:16","modified_gmt":"2023-07-10T08:48:16","slug":"trocellen-tavfutes-parna","status":"publish","type":"page","link":"https:\/\/insulation.trocellen.com\/hu\/alkalmazasok\/tavfutes\/trocellen-tavfutes-parna\/","title":{"rendered":"Trocellen t\u00e1vf\u0171t\u00e9s-p\u00e1rna"},"content":{"rendered":"\n<figure class=\"wp-block-image\"><img decoding=\"async\" src=\"https:\/\/insulation.trocellen.com\/wp-content\/uploads\/sites\/6\/2022\/02\/DHP-pipes.jpg\" alt=\"\" class=\"wp-image-3174\"\/><\/figure>\n\n\n\n<p>A t\u00e1vf\u0171t\u00e9s-p\u00e1rna kiv\u00e1l\u00f3an kompenz\u00e1lja a cs\u00f6vek h\u0151t\u00e1gul\u00e1sb\u00f3l ered\u0151 elmozdul\u00e1s\u00e1t, k\u00fcl\u00f6n\u00f6sen k\u00f6ny\u00f6k\u00f6kn\u00e9l, T-csatlakoz\u00e1sokn\u00e1l stb.<\/p>\n\n\n\n<h2 class=\"wp-block-heading\">Alkalmaz\u00e1s: <\/h2>\n\n\n\n<p>A t\u00e1vf\u0171t\u00e9s-p\u00e1rn\u00e1t a cs\u0151k\u00f6ny\u00f6k\u00f6k k\u00fcls\u0151 \u00e9s bels\u0151 \u00edvein\u00e9l helyezze el. A felhelyez\u00e9st k\u00f6vet\u0151en 5 mm-es lamin\u00e1lt szalagokkal v\u00e9dje a t\u00e1gul\u00e1si p\u00e1rn\u00e1t.<\/p>\n\n\n<div class=\"wp-block-image\">\n<figure class=\"alignright\"><a href=\"https:\/\/insulation.trocellen.com\/wp-content\/uploads\/sites\/6\/2022\/02\/characteristics-large.jpg\"><img decoding=\"async\" src=\"https:\/\/insulation.trocellen.com\/wp-content\/uploads\/sites\/6\/2022\/02\/characteristics.jpg\" alt=\"\" class=\"wp-image-3158\"\/><\/a><\/figure>\n<\/div>\n\n\n<h2 class=\"wp-block-heading\">Term\u00e9kjellemz\u0151k \u00e9s el\u0151ny\u00f6k:<\/h2>\n\n\n\n<ul class=\"wp-block-list\">\n<li>k\u00e9miailag t\u00e9rh\u00e1l\u00f3s\u00edtott PE habb\u00f3l k\u00e9sz\u00fcl<\/li>\n\n\n\n<li>nagy h\u0151t\u0171r\u00e9si tartom\u00e1ny -40 +95 \u00b0C<\/li>\n\n\n\n<li>k\u00f6rnyezetbar\u00e1t, mivel nem tartalmaz halog\u00e9nt, sem v\u00edzben old\u00f3d\u00f3 k\u00e1ros anyagokat, p\u00e9ld\u00e1ul freonokat, kloridokat \u00e9s neh\u00e9zf\u00e9meket (Pb, Cd, Cr).<\/li>\n\n\n\n<li>AGFW tan\u00fas\u00edtott, k\u00f6zepesen merev p\u00e1rna az AGFW szabv\u00e1ny szerint, 10% &#8211; 0,01 Nmm2 \u00e9s 50% &#8211; 0,062 Nmm2<\/li>\n\n\n\n<li>Tan\u00fas\u00edt\u00e1s az \u00faj EN 13941-1:2019 szabv\u00e1ny szerint, 2. t\u00edpus\u00fa k\u00f6z\u00e9pkateg\u00f3ri\u00e1s besorol\u00e1s<\/li>\n\n\n\n<li>A term\u00e9k h\u00e1toldal\u00e1n az EN 13941 szabv\u00e1ny szerinti jel\u00f6l\u00e9ssel ell\u00e1tva<\/li>\n<\/ul>\n\n\n\n<figure class=\"wp-block-image without-mask\"><a href=\"https:\/\/insulation.trocellen.com\/wp-content\/uploads\/sites\/6\/2022\/02\/prop.jpg\"><img decoding=\"async\" src=\"https:\/\/insulation.trocellen.com\/wp-content\/uploads\/sites\/6\/2022\/02\/prop.jpg\" alt=\"\" class=\"wp-image-3171\"\/><\/a><\/figure>\n\n\n\n<figure class=\"wp-block-table\"><table><tbody><tr><td><img loading=\"lazy\" decoding=\"async\" class=\"size-full wp-image-3182 alignleft\" src=\"https:\/\/insulation.trocellen.com\/wp-content\/uploads\/sites\/6\/2022\/02\/DSC06666_ok.jpg\" alt=\"\" width=\"285\" height=\"231\"><\/td><td><img loading=\"lazy\" decoding=\"async\" class=\"size-full wp-image-3181 alignleft\" src=\"https:\/\/insulation.trocellen.com\/wp-content\/uploads\/sites\/6\/2022\/02\/DSC06662_ok.jpg\" alt=\"\" width=\"282\" height=\"265\"><\/td><\/tr><\/tbody><\/table><\/figure>\n","protected":false},"excerpt":{"rendered":"<p>A t\u00e1vf\u0171t\u00e9s-p\u00e1rna kiv\u00e1l\u00f3an kompenz\u00e1lja a cs\u00f6vek h\u0151t\u00e1gul\u00e1sb\u00f3l ered\u0151 elmozdul\u00e1s\u00e1t, k\u00fcl\u00f6n\u00f6sen k\u00f6ny\u00f6k\u00f6kn\u00e9l, T-csatlakoz\u00e1sokn\u00e1l stb. Alkalmaz\u00e1s: A t\u00e1vf\u0171t\u00e9s-p\u00e1rn\u00e1t a cs\u0151k\u00f6ny\u00f6k\u00f6k k\u00fcls\u0151 \u00e9s bels\u0151 \u00edvein\u00e9l helyezze el. A felhelyez\u00e9st k\u00f6vet\u0151en 5 mm-es lamin\u00e1lt szalagokkal v\u00e9dje a t\u00e1gul\u00e1si p\u00e1rn\u00e1t. Term\u00e9kjellemz\u0151k \u00e9s el\u0151ny\u00f6k:<\/p>\n","protected":false},"author":1,"featured_media":8922,"parent":4536,"menu_order":100,"comment_status":"closed","ping_status":"closed","template":"templates\/applications.php","meta":{"_acf_changed":false,"footnotes":""},"class_list":["post-4530","page","type-page","status-publish","has-post-thumbnail","hentry"],"acf":[],"yoast_head":"<!-- This site is optimized with the Yoast SEO plugin v23.5 - https:\/\/yoast.com\/wordpress\/plugins\/seo\/ -->\n<title>A Trocellen megold\u00e1sa a t\u00e1vf\u0171t\u00e9s kialak\u00edt\u00e1snak probl\u00e9m\u00e1ira<\/title>\n<meta name=\"description\" content=\"A Trocellen t\u00e1vf\u0171t\u00e9sp\u00e1rna kiv\u00e1l\u00f3an kompenz\u00e1lja a cs\u00f6vek h\u0151t\u00e1gul\u00e1sb\u00f3l ered\u0151 elmozdul\u00e1s\u00e1t, k\u00fcl\u00f6n\u00f6sen k\u00f6ny\u00f6k\u00f6kn\u00e9l, T-csatlakoz\u00e1sokn\u00e1l stb.\" \/>\n<meta name=\"robots\" content=\"index, follow, max-snippet:-1, max-image-preview:large, max-video-preview:-1\" \/>\n<link rel=\"canonical\" href=\"https:\/\/insulation.trocellen.com\/hu\/alkalmazasok\/tavfutes\/trocellen-tavfutes-parna\/\" \/>\n<meta property=\"og:locale\" content=\"hu_HU\" \/>\n<meta property=\"og:type\" content=\"article\" \/>\n<meta property=\"og:title\" content=\"A Trocellen megold\u00e1sa a t\u00e1vf\u0171t\u00e9s kialak\u00edt\u00e1snak probl\u00e9m\u00e1ira\" \/>\n<meta property=\"og:description\" content=\"A Trocellen t\u00e1vf\u0171t\u00e9sp\u00e1rna kiv\u00e1l\u00f3an kompenz\u00e1lja a cs\u00f6vek h\u0151t\u00e1gul\u00e1sb\u00f3l ered\u0151 elmozdul\u00e1s\u00e1t, k\u00fcl\u00f6n\u00f6sen k\u00f6ny\u00f6k\u00f6kn\u00e9l, T-csatlakoz\u00e1sokn\u00e1l stb.\" \/>\n<meta property=\"og:url\" content=\"https:\/\/insulation.trocellen.com\/hu\/alkalmazasok\/tavfutes\/trocellen-tavfutes-parna\/\" \/>\n<meta property=\"og:site_name\" content=\"Trocellen Insulation\" \/>\n<meta property=\"article:modified_time\" content=\"2023-07-10T08:48:16+00:00\" \/>\n<meta property=\"og:image\" content=\"https:\/\/insulation.trocellen.com\/wp-content\/uploads\/sites\/6\/2023\/05\/DHP-fejlec.jpg\" \/>\n\t<meta property=\"og:image:width\" content=\"1920\" \/>\n\t<meta property=\"og:image:height\" content=\"300\" \/>\n\t<meta property=\"og:image:type\" content=\"image\/jpeg\" \/>\n<meta name=\"twitter:card\" content=\"summary_large_image\" \/>\n<meta name=\"twitter:label1\" content=\"Becs\u00fclt olvas\u00e1si id\u0151\" \/>\n\t<meta name=\"twitter:data1\" content=\"2 perc\" \/>\n<script type=\"application\/ld+json\" class=\"yoast-schema-graph\">{\"@context\":\"https:\/\/schema.org\",\"@graph\":[{\"@type\":\"WebPage\",\"@id\":\"https:\/\/insulation.trocellen.com\/hu\/alkalmazasok\/tavfutes\/trocellen-tavfutes-parna\/\",\"url\":\"https:\/\/insulation.trocellen.com\/hu\/alkalmazasok\/tavfutes\/trocellen-tavfutes-parna\/\",\"name\":\"A Trocellen megold\u00e1sa a t\u00e1vf\u0171t\u00e9s kialak\u00edt\u00e1snak probl\u00e9m\u00e1ira\",\"isPartOf\":{\"@id\":\"https:\/\/insulation.trocellen.com\/hu\/#website\"},\"primaryImageOfPage\":{\"@id\":\"https:\/\/insulation.trocellen.com\/hu\/alkalmazasok\/tavfutes\/trocellen-tavfutes-parna\/#primaryimage\"},\"image\":{\"@id\":\"https:\/\/insulation.trocellen.com\/hu\/alkalmazasok\/tavfutes\/trocellen-tavfutes-parna\/#primaryimage\"},\"thumbnailUrl\":\"https:\/\/insulation.trocellen.com\/wp-content\/uploads\/sites\/6\/2023\/05\/DHP-fejlec.jpg\",\"datePublished\":\"2022-02-03T08:05:43+00:00\",\"dateModified\":\"2023-07-10T08:48:16+00:00\",\"description\":\"A Trocellen t\u00e1vf\u0171t\u00e9sp\u00e1rna kiv\u00e1l\u00f3an kompenz\u00e1lja a cs\u00f6vek h\u0151t\u00e1gul\u00e1sb\u00f3l ered\u0151 elmozdul\u00e1s\u00e1t, k\u00fcl\u00f6n\u00f6sen k\u00f6ny\u00f6k\u00f6kn\u00e9l, T-csatlakoz\u00e1sokn\u00e1l stb.\",\"breadcrumb\":{\"@id\":\"https:\/\/insulation.trocellen.com\/hu\/alkalmazasok\/tavfutes\/trocellen-tavfutes-parna\/#breadcrumb\"},\"inLanguage\":\"hu\",\"potentialAction\":[{\"@type\":\"ReadAction\",\"target\":[\"https:\/\/insulation.trocellen.com\/hu\/alkalmazasok\/tavfutes\/trocellen-tavfutes-parna\/\"]}]},{\"@type\":\"ImageObject\",\"inLanguage\":\"hu\",\"@id\":\"https:\/\/insulation.trocellen.com\/hu\/alkalmazasok\/tavfutes\/trocellen-tavfutes-parna\/#primaryimage\",\"url\":\"https:\/\/insulation.trocellen.com\/wp-content\/uploads\/sites\/6\/2023\/05\/DHP-fejlec.jpg\",\"contentUrl\":\"https:\/\/insulation.trocellen.com\/wp-content\/uploads\/sites\/6\/2023\/05\/DHP-fejlec.jpg\",\"width\":1920,\"height\":300},{\"@type\":\"BreadcrumbList\",\"@id\":\"https:\/\/insulation.trocellen.com\/hu\/alkalmazasok\/tavfutes\/trocellen-tavfutes-parna\/#breadcrumb\",\"itemListElement\":[{\"@type\":\"ListItem\",\"position\":1,\"name\":\"Home\",\"item\":\"https:\/\/insulation.trocellen.com\/hu\/\"},{\"@type\":\"ListItem\",\"position\":2,\"name\":\"Alkalmaz\u00e1sok\",\"item\":\"https:\/\/insulation.trocellen.com\/hu\/alkalmazasok\/\"},{\"@type\":\"ListItem\",\"position\":3,\"name\":\"T\u00e1vf\u0171t\u00e9s\",\"item\":\"https:\/\/insulation.trocellen.com\/hu\/alkalmazasok\/tavfutes\/\"},{\"@type\":\"ListItem\",\"position\":4,\"name\":\"Trocellen t\u00e1vf\u0171t\u00e9s-p\u00e1rna\"}]},{\"@type\":\"WebSite\",\"@id\":\"https:\/\/insulation.trocellen.com\/hu\/#website\",\"url\":\"https:\/\/insulation.trocellen.com\/hu\/\",\"name\":\"Trocellen Insulation\",\"description\":\"\",\"potentialAction\":[{\"@type\":\"SearchAction\",\"target\":{\"@type\":\"EntryPoint\",\"urlTemplate\":\"https:\/\/insulation.trocellen.com\/hu\/?s={search_term_string}\"},\"query-input\":{\"@type\":\"PropertyValueSpecification\",\"valueRequired\":true,\"valueName\":\"search_term_string\"}}],\"inLanguage\":\"hu\"}]}<\/script>\n<!-- \/ Yoast SEO plugin. -->","yoast_head_json":{"title":"A Trocellen megold\u00e1sa a t\u00e1vf\u0171t\u00e9s kialak\u00edt\u00e1snak probl\u00e9m\u00e1ira","description":"A Trocellen t\u00e1vf\u0171t\u00e9sp\u00e1rna kiv\u00e1l\u00f3an kompenz\u00e1lja a cs\u00f6vek h\u0151t\u00e1gul\u00e1sb\u00f3l ered\u0151 elmozdul\u00e1s\u00e1t, k\u00fcl\u00f6n\u00f6sen k\u00f6ny\u00f6k\u00f6kn\u00e9l, T-csatlakoz\u00e1sokn\u00e1l stb.","robots":{"index":"index","follow":"follow","max-snippet":"max-snippet:-1","max-image-preview":"max-image-preview:large","max-video-preview":"max-video-preview:-1"},"canonical":"https:\/\/insulation.trocellen.com\/hu\/alkalmazasok\/tavfutes\/trocellen-tavfutes-parna\/","og_locale":"hu_HU","og_type":"article","og_title":"A Trocellen megold\u00e1sa a t\u00e1vf\u0171t\u00e9s kialak\u00edt\u00e1snak probl\u00e9m\u00e1ira","og_description":"A Trocellen t\u00e1vf\u0171t\u00e9sp\u00e1rna kiv\u00e1l\u00f3an kompenz\u00e1lja a cs\u00f6vek h\u0151t\u00e1gul\u00e1sb\u00f3l ered\u0151 elmozdul\u00e1s\u00e1t, k\u00fcl\u00f6n\u00f6sen k\u00f6ny\u00f6k\u00f6kn\u00e9l, T-csatlakoz\u00e1sokn\u00e1l stb.","og_url":"https:\/\/insulation.trocellen.com\/hu\/alkalmazasok\/tavfutes\/trocellen-tavfutes-parna\/","og_site_name":"Trocellen Insulation","article_modified_time":"2023-07-10T08:48:16+00:00","og_image":[{"width":1920,"height":300,"url":"https:\/\/insulation.trocellen.com\/wp-content\/uploads\/sites\/6\/2023\/05\/DHP-fejlec.jpg","type":"image\/jpeg"}],"twitter_card":"summary_large_image","twitter_misc":{"Becs\u00fclt olvas\u00e1si id\u0151":"2 perc"},"schema":{"@context":"https:\/\/schema.org","@graph":[{"@type":"WebPage","@id":"https:\/\/insulation.trocellen.com\/hu\/alkalmazasok\/tavfutes\/trocellen-tavfutes-parna\/","url":"https:\/\/insulation.trocellen.com\/hu\/alkalmazasok\/tavfutes\/trocellen-tavfutes-parna\/","name":"A Trocellen megold\u00e1sa a t\u00e1vf\u0171t\u00e9s kialak\u00edt\u00e1snak probl\u00e9m\u00e1ira","isPartOf":{"@id":"https:\/\/insulation.trocellen.com\/hu\/#website"},"primaryImageOfPage":{"@id":"https:\/\/insulation.trocellen.com\/hu\/alkalmazasok\/tavfutes\/trocellen-tavfutes-parna\/#primaryimage"},"image":{"@id":"https:\/\/insulation.trocellen.com\/hu\/alkalmazasok\/tavfutes\/trocellen-tavfutes-parna\/#primaryimage"},"thumbnailUrl":"https:\/\/insulation.trocellen.com\/wp-content\/uploads\/sites\/6\/2023\/05\/DHP-fejlec.jpg","datePublished":"2022-02-03T08:05:43+00:00","dateModified":"2023-07-10T08:48:16+00:00","description":"A Trocellen t\u00e1vf\u0171t\u00e9sp\u00e1rna kiv\u00e1l\u00f3an kompenz\u00e1lja a cs\u00f6vek h\u0151t\u00e1gul\u00e1sb\u00f3l ered\u0151 elmozdul\u00e1s\u00e1t, k\u00fcl\u00f6n\u00f6sen k\u00f6ny\u00f6k\u00f6kn\u00e9l, T-csatlakoz\u00e1sokn\u00e1l stb.","breadcrumb":{"@id":"https:\/\/insulation.trocellen.com\/hu\/alkalmazasok\/tavfutes\/trocellen-tavfutes-parna\/#breadcrumb"},"inLanguage":"hu","potentialAction":[{"@type":"ReadAction","target":["https:\/\/insulation.trocellen.com\/hu\/alkalmazasok\/tavfutes\/trocellen-tavfutes-parna\/"]}]},{"@type":"ImageObject","inLanguage":"hu","@id":"https:\/\/insulation.trocellen.com\/hu\/alkalmazasok\/tavfutes\/trocellen-tavfutes-parna\/#primaryimage","url":"https:\/\/insulation.trocellen.com\/wp-content\/uploads\/sites\/6\/2023\/05\/DHP-fejlec.jpg","contentUrl":"https:\/\/insulation.trocellen.com\/wp-content\/uploads\/sites\/6\/2023\/05\/DHP-fejlec.jpg","width":1920,"height":300},{"@type":"BreadcrumbList","@id":"https:\/\/insulation.trocellen.com\/hu\/alkalmazasok\/tavfutes\/trocellen-tavfutes-parna\/#breadcrumb","itemListElement":[{"@type":"ListItem","position":1,"name":"Home","item":"https:\/\/insulation.trocellen.com\/hu\/"},{"@type":"ListItem","position":2,"name":"Alkalmaz\u00e1sok","item":"https:\/\/insulation.trocellen.com\/hu\/alkalmazasok\/"},{"@type":"ListItem","position":3,"name":"T\u00e1vf\u0171t\u00e9s","item":"https:\/\/insulation.trocellen.com\/hu\/alkalmazasok\/tavfutes\/"},{"@type":"ListItem","position":4,"name":"Trocellen t\u00e1vf\u0171t\u00e9s-p\u00e1rna"}]},{"@type":"WebSite","@id":"https:\/\/insulation.trocellen.com\/hu\/#website","url":"https:\/\/insulation.trocellen.com\/hu\/","name":"Trocellen Insulation","description":"","potentialAction":[{"@type":"SearchAction","target":{"@type":"EntryPoint","urlTemplate":"https:\/\/insulation.trocellen.com\/hu\/?s={search_term_string}"},"query-input":{"@type":"PropertyValueSpecification","valueRequired":true,"valueName":"search_term_string"}}],"inLanguage":"hu"}]}},"_links":{"self":[{"href":"https:\/\/insulation.trocellen.com\/hu\/wp-json\/wp\/v2\/pages\/4530","targetHints":{"allow":["GET"]}}],"collection":[{"href":"https:\/\/insulation.trocellen.com\/hu\/wp-json\/wp\/v2\/pages"}],"about":[{"href":"https:\/\/insulation.trocellen.com\/hu\/wp-json\/wp\/v2\/types\/page"}],"author":[{"embeddable":true,"href":"https:\/\/insulation.trocellen.com\/hu\/wp-json\/wp\/v2\/users\/1"}],"replies":[{"embeddable":true,"href":"https:\/\/insulation.trocellen.com\/hu\/wp-json\/wp\/v2\/comments?post=4530"}],"version-history":[{"count":4,"href":"https:\/\/insulation.trocellen.com\/hu\/wp-json\/wp\/v2\/pages\/4530\/revisions"}],"predecessor-version":[{"id":9679,"href":"https:\/\/insulation.trocellen.com\/hu\/wp-json\/wp\/v2\/pages\/4530\/revisions\/9679"}],"up":[{"embeddable":true,"href":"https:\/\/insulation.trocellen.com\/hu\/wp-json\/wp\/v2\/pages\/4536"}],"wp:featuredmedia":[{"embeddable":true,"href":"https:\/\/insulation.trocellen.com\/hu\/wp-json\/wp\/v2\/media\/8922"}],"wp:attachment":[{"href":"https:\/\/insulation.trocellen.com\/hu\/wp-json\/wp\/v2\/media?parent=4530"}],"curies":[{"name":"wp","href":"https:\/\/api.w.org\/{rel}","templated":true}]}}