{"id":4524,"date":"2021-10-29T08:41:06","date_gmt":"2021-10-29T08:41:06","guid":{"rendered":"https:\/\/insulation-new.trocellen.com\/trocellen-kalkulacios-szoftver-2\/"},"modified":"2023-12-13T08:03:16","modified_gmt":"2023-12-13T08:03:16","slug":"trocellen-kalkulacios-szoftver","status":"publish","type":"page","link":"https:\/\/insulation.trocellen.com\/hu\/eszkozok\/trocellen-kalkulacios-szoftver\/","title":{"rendered":"Trocellen Kalkul\u00e1ci\u00f3s Szoftver"},"content":{"rendered":"\n<h2 class=\"wp-block-heading\">Trocellen H\u0151szigetel\u00e9s-sz\u00e1m\u00edt\u00f3 szoftver<\/h2>\n\n\n\n<p>Ez tal\u00e1n a legegyszer\u0171bb \u00e9s legmegb\u00edzhat\u00f3bb m\u00f3dja, hogy kisz\u00e1m\u00edtsa a projektj\u00e9hez sz\u00fcks\u00e9ges szigetel\u00e9si ig\u00e9nyeket. Ezzel a szakszer\u0171, m\u00e9gis egyszer\u0171en haszn\u00e1lhat\u00f3 eszk\u00f6zzel a k\u00f6vetkez\u0151ket sz\u00e1m\u00edthatja ki:<\/p>\n\n\n\n<ul class=\"wp-block-list\">\n<li>H\u0151disszip\u00e1ci\u00f3<\/li>\n\n\n\n<li>H\u0151m\u00e9rs\u00e9klet cs\u00f6kken\u00e9se<\/li>\n\n\n\n<li>Lehets\u00e9ges kondenz\u00e1ci\u00f3, valamint annak elker\u00fcl\u00e9s\u00e9nek m\u00f3dja<\/li>\n\n\n\n<li>A h\u0151szigetel\u00e9s sz\u00fcks\u00e9ges vastags\u00e1ga<\/li>\n<\/ul>\n\n\n\n<div class=\"wp-block-buttons is-content-justification-center is-layout-flex wp-container-core-buttons-is-layout-16018d1d wp-block-buttons-is-layout-flex\">\n<div class=\"wp-block-button large\"><a class=\"wp-block-button__link wp-element-button\" href=\"https:\/\/go.insulation.trocellen.com\/trocellen-calculation-software\/\">Kattintson ide a kalkul\u00e1ci\u00f3 elkezd\u00e9s\u00e9hez!<\/a><\/div>\n<\/div>\n","protected":false},"excerpt":{"rendered":"<p>Trocellen H\u0151szigetel\u00e9s-sz\u00e1m\u00edt\u00f3 szoftver Ez tal\u00e1n a legegyszer\u0171bb \u00e9s legmegb\u00edzhat\u00f3bb m\u00f3dja, hogy kisz\u00e1m\u00edtsa a projektj\u00e9hez sz\u00fcks\u00e9ges szigetel\u00e9si ig\u00e9nyeket. Ezzel a szakszer\u0171, m\u00e9gis egyszer\u0171en haszn\u00e1lhat\u00f3 eszk\u00f6zzel a k\u00f6vetkez\u0151ket sz\u00e1m\u00edthatja ki:<\/p>\n","protected":false},"author":1,"featured_media":9399,"parent":4428,"menu_order":100,"comment_status":"closed","ping_status":"closed","template":"","meta":{"_acf_changed":false,"footnotes":""},"class_list":["post-4524","page","type-page","status-publish","has-post-thumbnail","hentry"],"acf":[],"yoast_head":"<!-- This site is optimized with the Yoast SEO plugin v23.5 - https:\/\/yoast.com\/wordpress\/plugins\/seo\/ -->\n<title>Ingyen haszn\u00e1lhat\u00f3 a Trocellen h\u0151szigetel\u00e9si kalkul\u00e1tora!<\/title>\n<meta name=\"description\" content=\"Minden bizonnyal ez a legk\u00f6nnyebb \u00e9s legmegb\u00edzhat\u00f3bb m\u00f3dszer a projektek szigetel\u00e9si sz\u00fcks\u00e9gleteinek kisz\u00e1m\u00edt\u00e1s\u00e1hoz.\" \/>\n<meta name=\"robots\" content=\"index, follow, max-snippet:-1, max-image-preview:large, max-video-preview:-1\" \/>\n<link rel=\"canonical\" href=\"https:\/\/insulation.trocellen.com\/hu\/eszkozok\/trocellen-kalkulacios-szoftver\/\" \/>\n<meta property=\"og:locale\" content=\"hu_HU\" \/>\n<meta property=\"og:type\" content=\"article\" \/>\n<meta property=\"og:title\" content=\"Ingyen haszn\u00e1lhat\u00f3 a Trocellen h\u0151szigetel\u00e9si kalkul\u00e1tora!\" \/>\n<meta property=\"og:description\" content=\"Minden bizonnyal ez a legk\u00f6nnyebb \u00e9s legmegb\u00edzhat\u00f3bb m\u00f3dszer a projektek szigetel\u00e9si sz\u00fcks\u00e9gleteinek kisz\u00e1m\u00edt\u00e1s\u00e1hoz.\" \/>\n<meta property=\"og:url\" content=\"https:\/\/insulation.trocellen.com\/hu\/eszkozok\/trocellen-kalkulacios-szoftver\/\" \/>\n<meta property=\"og:site_name\" content=\"Trocellen Insulation\" \/>\n<meta property=\"article:modified_time\" content=\"2023-12-13T08:03:16+00:00\" \/>\n<meta property=\"og:image\" content=\"https:\/\/insulation.trocellen.com\/wp-content\/uploads\/sites\/6\/2023\/06\/fejlec-calc-softwr.jpg\" \/>\n\t<meta property=\"og:image:width\" content=\"1920\" \/>\n\t<meta property=\"og:image:height\" content=\"300\" \/>\n\t<meta property=\"og:image:type\" content=\"image\/jpeg\" \/>\n<meta name=\"twitter:card\" content=\"summary_large_image\" \/>\n<meta name=\"twitter:label1\" content=\"Becs\u00fclt olvas\u00e1si id\u0151\" \/>\n\t<meta name=\"twitter:data1\" content=\"1 perc\" \/>\n<script type=\"application\/ld+json\" class=\"yoast-schema-graph\">{\"@context\":\"https:\/\/schema.org\",\"@graph\":[{\"@type\":\"WebPage\",\"@id\":\"https:\/\/insulation.trocellen.com\/hu\/eszkozok\/trocellen-kalkulacios-szoftver\/\",\"url\":\"https:\/\/insulation.trocellen.com\/hu\/eszkozok\/trocellen-kalkulacios-szoftver\/\",\"name\":\"Ingyen haszn\u00e1lhat\u00f3 a Trocellen h\u0151szigetel\u00e9si kalkul\u00e1tora!\",\"isPartOf\":{\"@id\":\"https:\/\/insulation.trocellen.com\/hu\/#website\"},\"primaryImageOfPage\":{\"@id\":\"https:\/\/insulation.trocellen.com\/hu\/eszkozok\/trocellen-kalkulacios-szoftver\/#primaryimage\"},\"image\":{\"@id\":\"https:\/\/insulation.trocellen.com\/hu\/eszkozok\/trocellen-kalkulacios-szoftver\/#primaryimage\"},\"thumbnailUrl\":\"https:\/\/insulation.trocellen.com\/wp-content\/uploads\/sites\/6\/2023\/06\/fejlec-calc-softwr.jpg\",\"datePublished\":\"2021-10-29T08:41:06+00:00\",\"dateModified\":\"2023-12-13T08:03:16+00:00\",\"description\":\"Minden bizonnyal ez a legk\u00f6nnyebb \u00e9s legmegb\u00edzhat\u00f3bb m\u00f3dszer a projektek szigetel\u00e9si sz\u00fcks\u00e9gleteinek kisz\u00e1m\u00edt\u00e1s\u00e1hoz.\",\"breadcrumb\":{\"@id\":\"https:\/\/insulation.trocellen.com\/hu\/eszkozok\/trocellen-kalkulacios-szoftver\/#breadcrumb\"},\"inLanguage\":\"hu\",\"potentialAction\":[{\"@type\":\"ReadAction\",\"target\":[\"https:\/\/insulation.trocellen.com\/hu\/eszkozok\/trocellen-kalkulacios-szoftver\/\"]}]},{\"@type\":\"ImageObject\",\"inLanguage\":\"hu\",\"@id\":\"https:\/\/insulation.trocellen.com\/hu\/eszkozok\/trocellen-kalkulacios-szoftver\/#primaryimage\",\"url\":\"https:\/\/insulation.trocellen.com\/wp-content\/uploads\/sites\/6\/2023\/06\/fejlec-calc-softwr.jpg\",\"contentUrl\":\"https:\/\/insulation.trocellen.com\/wp-content\/uploads\/sites\/6\/2023\/06\/fejlec-calc-softwr.jpg\",\"width\":1920,\"height\":300},{\"@type\":\"BreadcrumbList\",\"@id\":\"https:\/\/insulation.trocellen.com\/hu\/eszkozok\/trocellen-kalkulacios-szoftver\/#breadcrumb\",\"itemListElement\":[{\"@type\":\"ListItem\",\"position\":1,\"name\":\"Home\",\"item\":\"https:\/\/insulation.trocellen.com\/hu\/\"},{\"@type\":\"ListItem\",\"position\":2,\"name\":\"Eszk\u00f6z\u00f6k\",\"item\":\"https:\/\/insulation.trocellen.com\/hu\/eszkozok\/\"},{\"@type\":\"ListItem\",\"position\":3,\"name\":\"Trocellen Kalkul\u00e1ci\u00f3s Szoftver\"}]},{\"@type\":\"WebSite\",\"@id\":\"https:\/\/insulation.trocellen.com\/hu\/#website\",\"url\":\"https:\/\/insulation.trocellen.com\/hu\/\",\"name\":\"Trocellen Insulation\",\"description\":\"\",\"potentialAction\":[{\"@type\":\"SearchAction\",\"target\":{\"@type\":\"EntryPoint\",\"urlTemplate\":\"https:\/\/insulation.trocellen.com\/hu\/?s={search_term_string}\"},\"query-input\":{\"@type\":\"PropertyValueSpecification\",\"valueRequired\":true,\"valueName\":\"search_term_string\"}}],\"inLanguage\":\"hu\"}]}<\/script>\n<!-- \/ Yoast SEO plugin. -->","yoast_head_json":{"title":"Ingyen haszn\u00e1lhat\u00f3 a Trocellen h\u0151szigetel\u00e9si kalkul\u00e1tora!","description":"Minden bizonnyal ez a legk\u00f6nnyebb \u00e9s legmegb\u00edzhat\u00f3bb m\u00f3dszer a projektek szigetel\u00e9si sz\u00fcks\u00e9gleteinek kisz\u00e1m\u00edt\u00e1s\u00e1hoz.","robots":{"index":"index","follow":"follow","max-snippet":"max-snippet:-1","max-image-preview":"max-image-preview:large","max-video-preview":"max-video-preview:-1"},"canonical":"https:\/\/insulation.trocellen.com\/hu\/eszkozok\/trocellen-kalkulacios-szoftver\/","og_locale":"hu_HU","og_type":"article","og_title":"Ingyen haszn\u00e1lhat\u00f3 a Trocellen h\u0151szigetel\u00e9si kalkul\u00e1tora!","og_description":"Minden bizonnyal ez a legk\u00f6nnyebb \u00e9s legmegb\u00edzhat\u00f3bb m\u00f3dszer a projektek szigetel\u00e9si sz\u00fcks\u00e9gleteinek kisz\u00e1m\u00edt\u00e1s\u00e1hoz.","og_url":"https:\/\/insulation.trocellen.com\/hu\/eszkozok\/trocellen-kalkulacios-szoftver\/","og_site_name":"Trocellen Insulation","article_modified_time":"2023-12-13T08:03:16+00:00","og_image":[{"width":1920,"height":300,"url":"https:\/\/insulation.trocellen.com\/wp-content\/uploads\/sites\/6\/2023\/06\/fejlec-calc-softwr.jpg","type":"image\/jpeg"}],"twitter_card":"summary_large_image","twitter_misc":{"Becs\u00fclt olvas\u00e1si id\u0151":"1 perc"},"schema":{"@context":"https:\/\/schema.org","@graph":[{"@type":"WebPage","@id":"https:\/\/insulation.trocellen.com\/hu\/eszkozok\/trocellen-kalkulacios-szoftver\/","url":"https:\/\/insulation.trocellen.com\/hu\/eszkozok\/trocellen-kalkulacios-szoftver\/","name":"Ingyen haszn\u00e1lhat\u00f3 a Trocellen h\u0151szigetel\u00e9si kalkul\u00e1tora!","isPartOf":{"@id":"https:\/\/insulation.trocellen.com\/hu\/#website"},"primaryImageOfPage":{"@id":"https:\/\/insulation.trocellen.com\/hu\/eszkozok\/trocellen-kalkulacios-szoftver\/#primaryimage"},"image":{"@id":"https:\/\/insulation.trocellen.com\/hu\/eszkozok\/trocellen-kalkulacios-szoftver\/#primaryimage"},"thumbnailUrl":"https:\/\/insulation.trocellen.com\/wp-content\/uploads\/sites\/6\/2023\/06\/fejlec-calc-softwr.jpg","datePublished":"2021-10-29T08:41:06+00:00","dateModified":"2023-12-13T08:03:16+00:00","description":"Minden bizonnyal ez a legk\u00f6nnyebb \u00e9s legmegb\u00edzhat\u00f3bb m\u00f3dszer a projektek szigetel\u00e9si sz\u00fcks\u00e9gleteinek kisz\u00e1m\u00edt\u00e1s\u00e1hoz.","breadcrumb":{"@id":"https:\/\/insulation.trocellen.com\/hu\/eszkozok\/trocellen-kalkulacios-szoftver\/#breadcrumb"},"inLanguage":"hu","potentialAction":[{"@type":"ReadAction","target":["https:\/\/insulation.trocellen.com\/hu\/eszkozok\/trocellen-kalkulacios-szoftver\/"]}]},{"@type":"ImageObject","inLanguage":"hu","@id":"https:\/\/insulation.trocellen.com\/hu\/eszkozok\/trocellen-kalkulacios-szoftver\/#primaryimage","url":"https:\/\/insulation.trocellen.com\/wp-content\/uploads\/sites\/6\/2023\/06\/fejlec-calc-softwr.jpg","contentUrl":"https:\/\/insulation.trocellen.com\/wp-content\/uploads\/sites\/6\/2023\/06\/fejlec-calc-softwr.jpg","width":1920,"height":300},{"@type":"BreadcrumbList","@id":"https:\/\/insulation.trocellen.com\/hu\/eszkozok\/trocellen-kalkulacios-szoftver\/#breadcrumb","itemListElement":[{"@type":"ListItem","position":1,"name":"Home","item":"https:\/\/insulation.trocellen.com\/hu\/"},{"@type":"ListItem","position":2,"name":"Eszk\u00f6z\u00f6k","item":"https:\/\/insulation.trocellen.com\/hu\/eszkozok\/"},{"@type":"ListItem","position":3,"name":"Trocellen Kalkul\u00e1ci\u00f3s Szoftver"}]},{"@type":"WebSite","@id":"https:\/\/insulation.trocellen.com\/hu\/#website","url":"https:\/\/insulation.trocellen.com\/hu\/","name":"Trocellen Insulation","description":"","potentialAction":[{"@type":"SearchAction","target":{"@type":"EntryPoint","urlTemplate":"https:\/\/insulation.trocellen.com\/hu\/?s={search_term_string}"},"query-input":{"@type":"PropertyValueSpecification","valueRequired":true,"valueName":"search_term_string"}}],"inLanguage":"hu"}]}},"_links":{"self":[{"href":"https:\/\/insulation.trocellen.com\/hu\/wp-json\/wp\/v2\/pages\/4524","targetHints":{"allow":["GET"]}}],"collection":[{"href":"https:\/\/insulation.trocellen.com\/hu\/wp-json\/wp\/v2\/pages"}],"about":[{"href":"https:\/\/insulation.trocellen.com\/hu\/wp-json\/wp\/v2\/types\/page"}],"author":[{"embeddable":true,"href":"https:\/\/insulation.trocellen.com\/hu\/wp-json\/wp\/v2\/users\/1"}],"replies":[{"embeddable":true,"href":"https:\/\/insulation.trocellen.com\/hu\/wp-json\/wp\/v2\/comments?post=4524"}],"version-history":[{"count":4,"href":"https:\/\/insulation.trocellen.com\/hu\/wp-json\/wp\/v2\/pages\/4524\/revisions"}],"predecessor-version":[{"id":10289,"href":"https:\/\/insulation.trocellen.com\/hu\/wp-json\/wp\/v2\/pages\/4524\/revisions\/10289"}],"up":[{"embeddable":true,"href":"https:\/\/insulation.trocellen.com\/hu\/wp-json\/wp\/v2\/pages\/4428"}],"wp:featuredmedia":[{"embeddable":true,"href":"https:\/\/insulation.trocellen.com\/hu\/wp-json\/wp\/v2\/media\/9399"}],"wp:attachment":[{"href":"https:\/\/insulation.trocellen.com\/hu\/wp-json\/wp\/v2\/media?parent=4524"}],"curies":[{"name":"wp","href":"https:\/\/api.w.org\/{rel}","templated":true}]}}