{"id":4518,"date":"2021-09-17T06:27:05","date_gmt":"2021-09-17T06:27:05","guid":{"rendered":"https:\/\/insulation-new.trocellen.com\/feedback\/"},"modified":"2021-09-17T06:27:05","modified_gmt":"2021-09-17T06:27:05","slug":"feedback","status":"publish","type":"page","link":"https:\/\/insulation.trocellen.com\/hu\/feedback\/","title":{"rendered":"Feedback"},"content":{"rendered":"<h1>Hell\u00f3!<\/h1>\n<p>Nagyon k\u00f6sz\u00f6nj\u00fck, hogy elmondja v\u00e9lem\u00e9ny\u00e9t a szolg\u00e1ltat\u00e1sunkr\u00f3l.<\/p>\n<p>Legyen kedves a k\u00f6vetkez\u0151 k\u00e9rd\u00e9seket megv\u00e1laszolni:<\/p>\n","protected":false},"excerpt":{"rendered":"<p>Hell\u00f3! Nagyon k\u00f6sz\u00f6nj\u00fck, hogy elmondja v\u00e9lem\u00e9ny\u00e9t a szolg\u00e1ltat\u00e1sunkr\u00f3l. Legyen kedves a k\u00f6vetkez\u0151 k\u00e9rd\u00e9seket megv\u00e1laszolni:<\/p>\n","protected":false},"author":1,"featured_media":0,"parent":0,"menu_order":900,"comment_status":"closed","ping_status":"closed","template":"templates\/feedback.php","meta":{"_acf_changed":false,"footnotes":""},"class_list":["post-4518","page","type-page","status-publish","hentry"],"acf":[],"yoast_head":"<!-- This site is optimized with the Yoast SEO plugin v23.5 - https:\/\/yoast.com\/wordpress\/plugins\/seo\/ -->\n<title>Feedback - Trocellen Insulation<\/title>\n<meta name=\"robots\" content=\"index, follow, max-snippet:-1, max-image-preview:large, max-video-preview:-1\" \/>\n<link rel=\"canonical\" href=\"https:\/\/insulation.trocellen.com\/hu\/feedback\/\" \/>\n<meta property=\"og:locale\" content=\"hu_HU\" \/>\n<meta property=\"og:type\" content=\"article\" \/>\n<meta property=\"og:title\" content=\"Feedback - Trocellen Insulation\" \/>\n<meta property=\"og:description\" content=\"Hell\u00f3! Nagyon k\u00f6sz\u00f6nj\u00fck, hogy elmondja v\u00e9lem\u00e9ny\u00e9t a szolg\u00e1ltat\u00e1sunkr\u00f3l. Legyen kedves a k\u00f6vetkez\u0151 k\u00e9rd\u00e9seket megv\u00e1laszolni:\" \/>\n<meta property=\"og:url\" content=\"https:\/\/insulation.trocellen.com\/hu\/feedback\/\" \/>\n<meta property=\"og:site_name\" content=\"Trocellen Insulation\" \/>\n<meta name=\"twitter:card\" content=\"summary_large_image\" \/>\n<script type=\"application\/ld+json\" class=\"yoast-schema-graph\">{\"@context\":\"https:\/\/schema.org\",\"@graph\":[{\"@type\":\"WebPage\",\"@id\":\"https:\/\/insulation.trocellen.com\/hu\/feedback\/\",\"url\":\"https:\/\/insulation.trocellen.com\/hu\/feedback\/\",\"name\":\"Feedback - Trocellen Insulation\",\"isPartOf\":{\"@id\":\"https:\/\/insulation.trocellen.com\/hu\/#website\"},\"datePublished\":\"2021-09-17T06:27:05+00:00\",\"dateModified\":\"2021-09-17T06:27:05+00:00\",\"breadcrumb\":{\"@id\":\"https:\/\/insulation.trocellen.com\/hu\/feedback\/#breadcrumb\"},\"inLanguage\":\"hu\",\"potentialAction\":[{\"@type\":\"ReadAction\",\"target\":[\"https:\/\/insulation.trocellen.com\/hu\/feedback\/\"]}]},{\"@type\":\"BreadcrumbList\",\"@id\":\"https:\/\/insulation.trocellen.com\/hu\/feedback\/#breadcrumb\",\"itemListElement\":[{\"@type\":\"ListItem\",\"position\":1,\"name\":\"Home\",\"item\":\"https:\/\/insulation.trocellen.com\/hu\/\"},{\"@type\":\"ListItem\",\"position\":2,\"name\":\"Feedback\"}]},{\"@type\":\"WebSite\",\"@id\":\"https:\/\/insulation.trocellen.com\/hu\/#website\",\"url\":\"https:\/\/insulation.trocellen.com\/hu\/\",\"name\":\"Trocellen Insulation\",\"description\":\"\",\"potentialAction\":[{\"@type\":\"SearchAction\",\"target\":{\"@type\":\"EntryPoint\",\"urlTemplate\":\"https:\/\/insulation.trocellen.com\/hu\/?s={search_term_string}\"},\"query-input\":{\"@type\":\"PropertyValueSpecification\",\"valueRequired\":true,\"valueName\":\"search_term_string\"}}],\"inLanguage\":\"hu\"}]}<\/script>\n<!-- \/ Yoast SEO plugin. -->","yoast_head_json":{"title":"Feedback - Trocellen Insulation","robots":{"index":"index","follow":"follow","max-snippet":"max-snippet:-1","max-image-preview":"max-image-preview:large","max-video-preview":"max-video-preview:-1"},"canonical":"https:\/\/insulation.trocellen.com\/hu\/feedback\/","og_locale":"hu_HU","og_type":"article","og_title":"Feedback - Trocellen Insulation","og_description":"Hell\u00f3! Nagyon k\u00f6sz\u00f6nj\u00fck, hogy elmondja v\u00e9lem\u00e9ny\u00e9t a szolg\u00e1ltat\u00e1sunkr\u00f3l. Legyen kedves a k\u00f6vetkez\u0151 k\u00e9rd\u00e9seket megv\u00e1laszolni:","og_url":"https:\/\/insulation.trocellen.com\/hu\/feedback\/","og_site_name":"Trocellen Insulation","twitter_card":"summary_large_image","schema":{"@context":"https:\/\/schema.org","@graph":[{"@type":"WebPage","@id":"https:\/\/insulation.trocellen.com\/hu\/feedback\/","url":"https:\/\/insulation.trocellen.com\/hu\/feedback\/","name":"Feedback - Trocellen Insulation","isPartOf":{"@id":"https:\/\/insulation.trocellen.com\/hu\/#website"},"datePublished":"2021-09-17T06:27:05+00:00","dateModified":"2021-09-17T06:27:05+00:00","breadcrumb":{"@id":"https:\/\/insulation.trocellen.com\/hu\/feedback\/#breadcrumb"},"inLanguage":"hu","potentialAction":[{"@type":"ReadAction","target":["https:\/\/insulation.trocellen.com\/hu\/feedback\/"]}]},{"@type":"BreadcrumbList","@id":"https:\/\/insulation.trocellen.com\/hu\/feedback\/#breadcrumb","itemListElement":[{"@type":"ListItem","position":1,"name":"Home","item":"https:\/\/insulation.trocellen.com\/hu\/"},{"@type":"ListItem","position":2,"name":"Feedback"}]},{"@type":"WebSite","@id":"https:\/\/insulation.trocellen.com\/hu\/#website","url":"https:\/\/insulation.trocellen.com\/hu\/","name":"Trocellen Insulation","description":"","potentialAction":[{"@type":"SearchAction","target":{"@type":"EntryPoint","urlTemplate":"https:\/\/insulation.trocellen.com\/hu\/?s={search_term_string}"},"query-input":{"@type":"PropertyValueSpecification","valueRequired":true,"valueName":"search_term_string"}}],"inLanguage":"hu"}]}},"_links":{"self":[{"href":"https:\/\/insulation.trocellen.com\/hu\/wp-json\/wp\/v2\/pages\/4518","targetHints":{"allow":["GET"]}}],"collection":[{"href":"https:\/\/insulation.trocellen.com\/hu\/wp-json\/wp\/v2\/pages"}],"about":[{"href":"https:\/\/insulation.trocellen.com\/hu\/wp-json\/wp\/v2\/types\/page"}],"author":[{"embeddable":true,"href":"https:\/\/insulation.trocellen.com\/hu\/wp-json\/wp\/v2\/users\/1"}],"replies":[{"embeddable":true,"href":"https:\/\/insulation.trocellen.com\/hu\/wp-json\/wp\/v2\/comments?post=4518"}],"version-history":[{"count":0,"href":"https:\/\/insulation.trocellen.com\/hu\/wp-json\/wp\/v2\/pages\/4518\/revisions"}],"wp:attachment":[{"href":"https:\/\/insulation.trocellen.com\/hu\/wp-json\/wp\/v2\/media?parent=4518"}],"curies":[{"name":"wp","href":"https:\/\/api.w.org\/{rel}","templated":true}]}}