{"id":4470,"date":"2020-07-09T13:22:39","date_gmt":"2020-07-09T13:22:39","guid":{"rendered":"https:\/\/insulation-new.trocellen.com\/isolmass-3-tech-fr\/"},"modified":"2023-07-10T08:55:07","modified_gmt":"2023-07-10T08:55:07","slug":"isolmass-3-tech-fr","status":"publish","type":"page","link":"https:\/\/insulation.trocellen.com\/hu\/alkalmazasok\/hangszigeteles-ejtocsovekhez\/isolmass-3-tech-fr\/","title":{"rendered":"ISOLMASS 3 TECH FR"},"content":{"rendered":"<h3>NEH\u00c9ZR\u00c9TEG\u0170 TERM\u00c9KEK: AZ \u00d3LOM HELYETT<\/h3>\n<p>A TROCELLEN az APLOMB m\u00e1rkan\u00e9v alatt sok \u00e9ve forgalmaz egy vagy t\u00f6bb r\u00e9teg \u00f3lmot tartalmaz\u00f3, rugalmas szigetel\u0151anyagokkal lamin\u00e1lt t\u00f6bbr\u00e9teg\u0171 term\u00e9keket. A kivitelez\u0151k \u00e9s a lakberendez\u0151k azonban nem mindig veszik sz\u00edvesen az \u00f3lom term\u00e9keket, ez\u00e9rt kifejlesztett\u00fcnk egy poliolefin neh\u00e9zr\u00e9teget tartalmaz\u00f3 alternat\u00edv\u00e1t.<\/p>\n<h3>EL\u0150NY\u00d6K<\/h3>\n<table class=\"green-table\">\n<tbody>\n<tr>\n<td>MEGMUNK\u00c1L\u00c1S<\/td>\n<td>Poliolefinalap\u00fa, t\u00f6bbr\u00e9teg\u0171 term\u00e9kek<\/td>\n<\/tr>\n<tr>\n<td>K\u00c9NYELMES<\/td>\n<td>Cs\u00f6kkenti a zajt<\/td>\n<\/tr>\n<tr>\n<td>BIZTONS\u00c1GOS<\/td>\n<td>\u00d3lommentes<\/td>\n<\/tr>\n<tr>\n<td>J\u00d3 \u00c1R-\u00c9RT\u00c9K AR\u00c1NY\u00da<\/td>\n<td>Nagy teljes\u00edtm\u00e9ny, kis vastags\u00e1gban<\/td>\n<\/tr>\n<tr>\n<td>ALKALMAZ\u00c1SOK<\/td>\n<td>Alkalmas falakhoz, cs\u00f6vekhez \u00e9s m\u0171szaki berendez\u00e9sekhez<\/td>\n<\/tr>\n<\/tbody>\n<\/table>\n<h3>ISOLMASS TERM\u00c9KCSAL\u00c1D<\/h3>\n<p>Egy rugalmas, ellen\u00e1ll\u00f3 \u00e9s hangelnyel\u0151 anyagokkal lamin\u00e1lt, neh\u00e9zlemezes kialak\u00edt\u00e1s\u00fa, t\u00f6bbr\u00e9teg\u0171 term\u00e9kcsal\u00e1d.<\/p>\n<h2>Isolmass 3 Tech FR<\/h2>\n<p><strong>\u00d6sszet\u00e9tele:<\/strong><\/p>\n<ul>\n<li>(opcion\u00e1lis) ALUNET.: alum\u00edniumer\u0151s\u00edt\u00e9s\u0171 f\u00f3lia<\/li>\n<li>3 kg\/m. s\u00faly\u00fa neh\u00e9zr\u00e9teg, vastags\u00e1ga: 1,5 mm<\/li>\n<li>poli\u00e9szter sz\u00e1l (PET) r\u00e9teg, vastags\u00e1ga: 12 mm;&nbsp;85% \u00fajrahasznos\u00edtott anyag felhaszn\u00e1l\u00e1s\u00e1val (ISO 14021 szerint)<\/li>\n<li>M\u00e9ret: 1,00 x 2,00 m-es lemezek<\/li>\n<\/ul>\n<p><strong>Alkalmaz\u00e1sa:<\/strong><\/p>\n<p>Lefoly\u00f3cs\u00f6vek \u00e9p\u00edt\u0151ipari hangszigetel\u00e9se. A term\u00e9ket \u00fagy kell beszerelni, hogy a poli\u00e9szter sz\u00e1l \u00e9rintkezzen a cs\u0151vel. Tekerje a cs\u0151 k\u00f6r\u00e9, az illeszt\u00e9sekn\u00e9l haszn\u00e1ljon ragaszt\u00f3szalagot, v\u00e9g\u00fcl pedig r\u00f6gz\u00edtse mechanikusan sz\u00edjakkal vagy m\u0171anyag\/f\u00e9m bilincsekkel.<\/p>\n<p><strong>Akusztikai tulajdons\u00e1gok:<\/strong><\/p>\n<p>Szennyv\u00edzszerelv\u00e9nyek leveg\u0151ben terjed\u0151 \u00e9s a szerkezetekkel kapcsolatosan keletkez\u0151 hangok elleni szigetel\u00e9se \u2013 Normaliz\u00e1lt leveg\u0151ben terjed\u0151 hangok zajszintj\u00e9nek cs\u00f6kkent\u00e9se Lan (EN 14366), k\u00fcl\u00f6nb\u00f6z\u0151 v\u00edz\u00e1raml\u00e1sok mellett:<\/p>\n<table class=\"green-table\">\n<tbody>\n<tr>\n<td rowspan=\"2\" width=\"321\">ISOLMASS 3 TECH FR \u2013 CS\u0150RE SZEREL\u00c9S<\/td>\n<td colspan=\"4\" width=\"321\">V\u00cdZ\u00c1RAML\u00c1S<\/td>\n<\/tr>\n<tr>\n<td width=\"76\">0,5 l\/s<\/td>\n<td width=\"85\">1 l\/s<\/td>\n<td width=\"76\">2 l\/s<\/td>\n<td width=\"85\">4 l\/s<\/td>\n<\/tr>\n<tr>\n<td width=\"321\">\u2206Lan \u2013 Leveg\u0151ben terjed\u0151 hangok beiktat\u00e1si csillap\u00edt\u00e1sa [dB(A)]<\/td>\n<td width=\"76\">12,8<\/td>\n<td width=\"85\">11,3<\/td>\n<td width=\"76\">10,6<\/td>\n<td width=\"85\">10,2<\/td>\n<\/tr>\n<\/tbody>\n<\/table>\n<p><strong>T\u0171zzel szembeni viselked\u00e9s:<\/strong><\/p>\n<ul>\n<li>EN 13501-1 Euroclass: B-s2,d0 \/ BL-s1,d0<\/li>\n<li>ISO 3575 100 mm\/min: Megfelelt<\/li>\n<li>DIN 4102 B2 oszt\u00e1ly: Megfelelt<\/li>\n<\/ul>\n","protected":false},"excerpt":{"rendered":"<p>NEH\u00c9ZR\u00c9TEG\u0170 TERM\u00c9KEK: AZ \u00d3LOM HELYETT A TROCELLEN az APLOMB m\u00e1rkan\u00e9v alatt sok \u00e9ve forgalmaz egy vagy t\u00f6bb r\u00e9teg \u00f3lmot tartalmaz\u00f3, rugalmas szigetel\u0151anyagokkal lamin\u00e1lt t\u00f6bbr\u00e9teg\u0171 term\u00e9keket. A kivitelez\u0151k \u00e9s a lakberendez\u0151k azonban nem mindig veszik sz\u00edvesen az \u00f3lom term\u00e9keket, ez\u00e9rt kifejlesztett\u00fcnk egy poliolefin neh\u00e9zr\u00e9teget tartalmaz\u00f3 alternat\u00edv\u00e1t. EL\u0150NY\u00d6K MEGMUNK\u00c1L\u00c1S Poliolefinalap\u00fa, t\u00f6bbr\u00e9teg\u0171 term\u00e9kek K\u00c9NYELMES Cs\u00f6kkenti a zajt BIZTONS\u00c1GOS [&hellip;]<\/p>\n","protected":false},"author":1,"featured_media":8842,"parent":4124,"menu_order":100,"comment_status":"closed","ping_status":"closed","template":"templates\/applications.php","meta":{"_acf_changed":false,"footnotes":""},"class_list":["post-4470","page","type-page","status-publish","has-post-thumbnail","hentry"],"acf":[],"yoast_head":"<!-- This site is optimized with the Yoast SEO plugin v23.5 - https:\/\/yoast.com\/wordpress\/plugins\/seo\/ -->\n<title>Isolmass 3Tech FR: szennyv\u00edzcs\u00f6vek \u00e9g\u00e9sg\u00e1tl\u00f3 hangszigetel\u00e9se<\/title>\n<meta name=\"description\" content=\"Az Isolmass 3Tech FR a szennyv\u00edzszerelv\u00e9nyek leveg\u0151ben \u00e9s szerkezetekben terjed\u0151 hangok elleni szigetel\u00e9s\u00e9t biztos\u00edtja. Euroclass: B-s2,d0 \/ BL-s1,d0\" \/>\n<meta name=\"robots\" content=\"index, follow, max-snippet:-1, max-image-preview:large, max-video-preview:-1\" \/>\n<link rel=\"canonical\" href=\"https:\/\/insulation.trocellen.com\/hu\/alkalmazasok\/hangszigeteles-ejtocsovekhez\/isolmass-3-tech-fr\/\" \/>\n<meta property=\"og:locale\" content=\"hu_HU\" \/>\n<meta property=\"og:type\" content=\"article\" \/>\n<meta property=\"og:title\" content=\"Isolmass 3Tech FR: szennyv\u00edzcs\u00f6vek \u00e9g\u00e9sg\u00e1tl\u00f3 hangszigetel\u00e9se\" \/>\n<meta property=\"og:description\" content=\"Az Isolmass 3Tech FR a szennyv\u00edzszerelv\u00e9nyek leveg\u0151ben \u00e9s szerkezetekben terjed\u0151 hangok elleni szigetel\u00e9s\u00e9t biztos\u00edtja. Euroclass: B-s2,d0 \/ BL-s1,d0\" \/>\n<meta property=\"og:url\" content=\"https:\/\/insulation.trocellen.com\/hu\/alkalmazasok\/hangszigeteles-ejtocsovekhez\/isolmass-3-tech-fr\/\" \/>\n<meta property=\"og:site_name\" content=\"Trocellen Insulation\" \/>\n<meta property=\"article:modified_time\" content=\"2023-07-10T08:55:07+00:00\" \/>\n<meta property=\"og:image\" content=\"https:\/\/insulation.trocellen.com\/wp-content\/uploads\/sites\/6\/2023\/05\/Pipes-1.jpg\" \/>\n\t<meta property=\"og:image:width\" content=\"1920\" \/>\n\t<meta property=\"og:image:height\" content=\"300\" \/>\n\t<meta property=\"og:image:type\" content=\"image\/jpeg\" \/>\n<meta name=\"twitter:card\" content=\"summary_large_image\" \/>\n<meta name=\"twitter:label1\" content=\"Becs\u00fclt olvas\u00e1si id\u0151\" \/>\n\t<meta name=\"twitter:data1\" content=\"1 perc\" \/>\n<script type=\"application\/ld+json\" class=\"yoast-schema-graph\">{\"@context\":\"https:\/\/schema.org\",\"@graph\":[{\"@type\":\"WebPage\",\"@id\":\"https:\/\/insulation.trocellen.com\/hu\/alkalmazasok\/hangszigeteles-ejtocsovekhez\/isolmass-3-tech-fr\/\",\"url\":\"https:\/\/insulation.trocellen.com\/hu\/alkalmazasok\/hangszigeteles-ejtocsovekhez\/isolmass-3-tech-fr\/\",\"name\":\"Isolmass 3Tech FR: szennyv\u00edzcs\u00f6vek \u00e9g\u00e9sg\u00e1tl\u00f3 hangszigetel\u00e9se\",\"isPartOf\":{\"@id\":\"https:\/\/insulation.trocellen.com\/hu\/#website\"},\"primaryImageOfPage\":{\"@id\":\"https:\/\/insulation.trocellen.com\/hu\/alkalmazasok\/hangszigeteles-ejtocsovekhez\/isolmass-3-tech-fr\/#primaryimage\"},\"image\":{\"@id\":\"https:\/\/insulation.trocellen.com\/hu\/alkalmazasok\/hangszigeteles-ejtocsovekhez\/isolmass-3-tech-fr\/#primaryimage\"},\"thumbnailUrl\":\"https:\/\/insulation.trocellen.com\/wp-content\/uploads\/sites\/6\/2023\/05\/Pipes-1.jpg\",\"datePublished\":\"2020-07-09T13:22:39+00:00\",\"dateModified\":\"2023-07-10T08:55:07+00:00\",\"description\":\"Az Isolmass 3Tech FR a szennyv\u00edzszerelv\u00e9nyek leveg\u0151ben \u00e9s szerkezetekben terjed\u0151 hangok elleni szigetel\u00e9s\u00e9t biztos\u00edtja. Euroclass: B-s2,d0 \/ BL-s1,d0\",\"breadcrumb\":{\"@id\":\"https:\/\/insulation.trocellen.com\/hu\/alkalmazasok\/hangszigeteles-ejtocsovekhez\/isolmass-3-tech-fr\/#breadcrumb\"},\"inLanguage\":\"hu\",\"potentialAction\":[{\"@type\":\"ReadAction\",\"target\":[\"https:\/\/insulation.trocellen.com\/hu\/alkalmazasok\/hangszigeteles-ejtocsovekhez\/isolmass-3-tech-fr\/\"]}]},{\"@type\":\"ImageObject\",\"inLanguage\":\"hu\",\"@id\":\"https:\/\/insulation.trocellen.com\/hu\/alkalmazasok\/hangszigeteles-ejtocsovekhez\/isolmass-3-tech-fr\/#primaryimage\",\"url\":\"https:\/\/insulation.trocellen.com\/wp-content\/uploads\/sites\/6\/2023\/05\/Pipes-1.jpg\",\"contentUrl\":\"https:\/\/insulation.trocellen.com\/wp-content\/uploads\/sites\/6\/2023\/05\/Pipes-1.jpg\",\"width\":1920,\"height\":300},{\"@type\":\"BreadcrumbList\",\"@id\":\"https:\/\/insulation.trocellen.com\/hu\/alkalmazasok\/hangszigeteles-ejtocsovekhez\/isolmass-3-tech-fr\/#breadcrumb\",\"itemListElement\":[{\"@type\":\"ListItem\",\"position\":1,\"name\":\"Home\",\"item\":\"https:\/\/insulation.trocellen.com\/hu\/\"},{\"@type\":\"ListItem\",\"position\":2,\"name\":\"Alkalmaz\u00e1sok\",\"item\":\"https:\/\/insulation.trocellen.com\/hu\/alkalmazasok\/\"},{\"@type\":\"ListItem\",\"position\":3,\"name\":\"Hangszigetel\u00e9s ejt\u0151cs\u00f6vekhez\",\"item\":\"https:\/\/insulation.trocellen.com\/hu\/alkalmazasok\/hangszigeteles-ejtocsovekhez\/\"},{\"@type\":\"ListItem\",\"position\":4,\"name\":\"ISOLMASS 3 TECH FR\"}]},{\"@type\":\"WebSite\",\"@id\":\"https:\/\/insulation.trocellen.com\/hu\/#website\",\"url\":\"https:\/\/insulation.trocellen.com\/hu\/\",\"name\":\"Trocellen Insulation\",\"description\":\"\",\"potentialAction\":[{\"@type\":\"SearchAction\",\"target\":{\"@type\":\"EntryPoint\",\"urlTemplate\":\"https:\/\/insulation.trocellen.com\/hu\/?s={search_term_string}\"},\"query-input\":{\"@type\":\"PropertyValueSpecification\",\"valueRequired\":true,\"valueName\":\"search_term_string\"}}],\"inLanguage\":\"hu\"}]}<\/script>\n<!-- \/ Yoast SEO plugin. -->","yoast_head_json":{"title":"Isolmass 3Tech FR: szennyv\u00edzcs\u00f6vek \u00e9g\u00e9sg\u00e1tl\u00f3 hangszigetel\u00e9se","description":"Az Isolmass 3Tech FR a szennyv\u00edzszerelv\u00e9nyek leveg\u0151ben \u00e9s szerkezetekben terjed\u0151 hangok elleni szigetel\u00e9s\u00e9t biztos\u00edtja. Euroclass: B-s2,d0 \/ BL-s1,d0","robots":{"index":"index","follow":"follow","max-snippet":"max-snippet:-1","max-image-preview":"max-image-preview:large","max-video-preview":"max-video-preview:-1"},"canonical":"https:\/\/insulation.trocellen.com\/hu\/alkalmazasok\/hangszigeteles-ejtocsovekhez\/isolmass-3-tech-fr\/","og_locale":"hu_HU","og_type":"article","og_title":"Isolmass 3Tech FR: szennyv\u00edzcs\u00f6vek \u00e9g\u00e9sg\u00e1tl\u00f3 hangszigetel\u00e9se","og_description":"Az Isolmass 3Tech FR a szennyv\u00edzszerelv\u00e9nyek leveg\u0151ben \u00e9s szerkezetekben terjed\u0151 hangok elleni szigetel\u00e9s\u00e9t biztos\u00edtja. Euroclass: B-s2,d0 \/ BL-s1,d0","og_url":"https:\/\/insulation.trocellen.com\/hu\/alkalmazasok\/hangszigeteles-ejtocsovekhez\/isolmass-3-tech-fr\/","og_site_name":"Trocellen Insulation","article_modified_time":"2023-07-10T08:55:07+00:00","og_image":[{"width":1920,"height":300,"url":"https:\/\/insulation.trocellen.com\/wp-content\/uploads\/sites\/6\/2023\/05\/Pipes-1.jpg","type":"image\/jpeg"}],"twitter_card":"summary_large_image","twitter_misc":{"Becs\u00fclt olvas\u00e1si id\u0151":"1 perc"},"schema":{"@context":"https:\/\/schema.org","@graph":[{"@type":"WebPage","@id":"https:\/\/insulation.trocellen.com\/hu\/alkalmazasok\/hangszigeteles-ejtocsovekhez\/isolmass-3-tech-fr\/","url":"https:\/\/insulation.trocellen.com\/hu\/alkalmazasok\/hangszigeteles-ejtocsovekhez\/isolmass-3-tech-fr\/","name":"Isolmass 3Tech FR: szennyv\u00edzcs\u00f6vek \u00e9g\u00e9sg\u00e1tl\u00f3 hangszigetel\u00e9se","isPartOf":{"@id":"https:\/\/insulation.trocellen.com\/hu\/#website"},"primaryImageOfPage":{"@id":"https:\/\/insulation.trocellen.com\/hu\/alkalmazasok\/hangszigeteles-ejtocsovekhez\/isolmass-3-tech-fr\/#primaryimage"},"image":{"@id":"https:\/\/insulation.trocellen.com\/hu\/alkalmazasok\/hangszigeteles-ejtocsovekhez\/isolmass-3-tech-fr\/#primaryimage"},"thumbnailUrl":"https:\/\/insulation.trocellen.com\/wp-content\/uploads\/sites\/6\/2023\/05\/Pipes-1.jpg","datePublished":"2020-07-09T13:22:39+00:00","dateModified":"2023-07-10T08:55:07+00:00","description":"Az Isolmass 3Tech FR a szennyv\u00edzszerelv\u00e9nyek leveg\u0151ben \u00e9s szerkezetekben terjed\u0151 hangok elleni szigetel\u00e9s\u00e9t biztos\u00edtja. Euroclass: B-s2,d0 \/ BL-s1,d0","breadcrumb":{"@id":"https:\/\/insulation.trocellen.com\/hu\/alkalmazasok\/hangszigeteles-ejtocsovekhez\/isolmass-3-tech-fr\/#breadcrumb"},"inLanguage":"hu","potentialAction":[{"@type":"ReadAction","target":["https:\/\/insulation.trocellen.com\/hu\/alkalmazasok\/hangszigeteles-ejtocsovekhez\/isolmass-3-tech-fr\/"]}]},{"@type":"ImageObject","inLanguage":"hu","@id":"https:\/\/insulation.trocellen.com\/hu\/alkalmazasok\/hangszigeteles-ejtocsovekhez\/isolmass-3-tech-fr\/#primaryimage","url":"https:\/\/insulation.trocellen.com\/wp-content\/uploads\/sites\/6\/2023\/05\/Pipes-1.jpg","contentUrl":"https:\/\/insulation.trocellen.com\/wp-content\/uploads\/sites\/6\/2023\/05\/Pipes-1.jpg","width":1920,"height":300},{"@type":"BreadcrumbList","@id":"https:\/\/insulation.trocellen.com\/hu\/alkalmazasok\/hangszigeteles-ejtocsovekhez\/isolmass-3-tech-fr\/#breadcrumb","itemListElement":[{"@type":"ListItem","position":1,"name":"Home","item":"https:\/\/insulation.trocellen.com\/hu\/"},{"@type":"ListItem","position":2,"name":"Alkalmaz\u00e1sok","item":"https:\/\/insulation.trocellen.com\/hu\/alkalmazasok\/"},{"@type":"ListItem","position":3,"name":"Hangszigetel\u00e9s ejt\u0151cs\u00f6vekhez","item":"https:\/\/insulation.trocellen.com\/hu\/alkalmazasok\/hangszigeteles-ejtocsovekhez\/"},{"@type":"ListItem","position":4,"name":"ISOLMASS 3 TECH FR"}]},{"@type":"WebSite","@id":"https:\/\/insulation.trocellen.com\/hu\/#website","url":"https:\/\/insulation.trocellen.com\/hu\/","name":"Trocellen Insulation","description":"","potentialAction":[{"@type":"SearchAction","target":{"@type":"EntryPoint","urlTemplate":"https:\/\/insulation.trocellen.com\/hu\/?s={search_term_string}"},"query-input":{"@type":"PropertyValueSpecification","valueRequired":true,"valueName":"search_term_string"}}],"inLanguage":"hu"}]}},"_links":{"self":[{"href":"https:\/\/insulation.trocellen.com\/hu\/wp-json\/wp\/v2\/pages\/4470","targetHints":{"allow":["GET"]}}],"collection":[{"href":"https:\/\/insulation.trocellen.com\/hu\/wp-json\/wp\/v2\/pages"}],"about":[{"href":"https:\/\/insulation.trocellen.com\/hu\/wp-json\/wp\/v2\/types\/page"}],"author":[{"embeddable":true,"href":"https:\/\/insulation.trocellen.com\/hu\/wp-json\/wp\/v2\/users\/1"}],"replies":[{"embeddable":true,"href":"https:\/\/insulation.trocellen.com\/hu\/wp-json\/wp\/v2\/comments?post=4470"}],"version-history":[{"count":3,"href":"https:\/\/insulation.trocellen.com\/hu\/wp-json\/wp\/v2\/pages\/4470\/revisions"}],"predecessor-version":[{"id":9691,"href":"https:\/\/insulation.trocellen.com\/hu\/wp-json\/wp\/v2\/pages\/4470\/revisions\/9691"}],"up":[{"embeddable":true,"href":"https:\/\/insulation.trocellen.com\/hu\/wp-json\/wp\/v2\/pages\/4124"}],"wp:featuredmedia":[{"embeddable":true,"href":"https:\/\/insulation.trocellen.com\/hu\/wp-json\/wp\/v2\/media\/8842"}],"wp:attachment":[{"href":"https:\/\/insulation.trocellen.com\/hu\/wp-json\/wp\/v2\/media?parent=4470"}],"curies":[{"name":"wp","href":"https:\/\/api.w.org\/{rel}","templated":true}]}}