{"id":4452,"date":"2018-08-01T12:41:10","date_gmt":"2018-08-01T12:41:10","guid":{"rendered":"https:\/\/insulation-new.trocellen.com\/bim-elemek\/"},"modified":"2023-07-10T09:13:40","modified_gmt":"2023-07-10T09:13:40","slug":"bim-elemek","status":"publish","type":"page","link":"https:\/\/insulation.trocellen.com\/hu\/eszkozok\/bim-elemek\/","title":{"rendered":"BIM Elemek"},"content":{"rendered":"<p>A BIM (a Building Information Modeling, vagyis az \u00e9p\u00fcletinform\u00e1ci\u00f3s modellez\u00e9s r\u00f6vid\u00edt\u00e9se) az \u00e9p\u00edt\u00e9s tervez\u00e9s\u00e9nek, l\u00e9trehoz\u00e1s\u00e1nak, fejleszt\u00e9s\u00e9nek \u00e9s lebonyol\u00edt\u00e1s\u00e1nak optimaliz\u00e1l\u00e1si m\u00f3dszer\u00e9t jelenti a projekt teljes \u00e9letciklusa alatt. A BIM folyamat leegyszer\u0171s\u00edti \u00e9s gyorsabb\u00e1 teszi az \u00d6n projektjeit, \u00e9s a Trocellen most k\u00e9szen \u00e1ll t\u00e1mogatni \u00d6nt ebben.<\/p>\n<p>A Trocellen elk\u00e9sz\u00edtette term\u00e9kei BIM objektumait, ezzel megk\u00f6nny\u00edtve az alkalmaz\u00e1sukat bizonyos szoftverekben (pl. a Revit \u00e9s az ArchiCAD alkalmaz\u00e1sban) a projekt megval\u00f3s\u00edt\u00e1sakor. Szigetel\u0151anyagainkat felhaszn\u00e1lhatja a projektjeiben a digitaliz\u00e1lt BIM objektumoknak k\u00f6sz\u00f6nhet\u0151en, amelyek elk\u00e9sz\u00edtik a CAD rajzokat, ugyanakkor a m\u0171szaki tulajdons\u00e1gokat is meghat\u00e1rozz\u00e1k.<\/p>\n<p>Kezdje meg a Trocellen BIM objektumainak let\u00f6lt\u00e9s\u00e9t, \u00e9s k\u00edv\u00e1njuk, hogy \u00f6r\u00f6me teljen a projektjeiben!<\/p>\n","protected":false},"excerpt":{"rendered":"<p>A BIM (a Building Information Modeling, vagyis az \u00e9p\u00fcletinform\u00e1ci\u00f3s modellez\u00e9s r\u00f6vid\u00edt\u00e9se) az \u00e9p\u00edt\u00e9s tervez\u00e9s\u00e9nek, l\u00e9trehoz\u00e1s\u00e1nak, fejleszt\u00e9s\u00e9nek \u00e9s lebonyol\u00edt\u00e1s\u00e1nak optimaliz\u00e1l\u00e1si m\u00f3dszer\u00e9t jelenti a projekt teljes \u00e9letciklusa alatt. A BIM folyamat leegyszer\u0171s\u00edti \u00e9s gyorsabb\u00e1 teszi az \u00d6n projektjeit, \u00e9s a Trocellen most k\u00e9szen \u00e1ll t\u00e1mogatni \u00d6nt ebben. A Trocellen elk\u00e9sz\u00edtette term\u00e9kei BIM objektumait, ezzel megk\u00f6nny\u00edtve az alkalmaz\u00e1sukat [&hellip;]<\/p>\n","protected":false},"author":1,"featured_media":0,"parent":4428,"menu_order":400,"comment_status":"closed","ping_status":"closed","template":"templates\/bim.php","meta":{"_acf_changed":false,"footnotes":""},"class_list":["post-4452","page","type-page","status-publish","hentry"],"acf":[],"yoast_head":"<!-- This site is optimized with the Yoast SEO plugin v23.5 - https:\/\/yoast.com\/wordpress\/plugins\/seo\/ -->\n<title>A Trocellen BIM-objektumai let\u00f6lthet\u0151k \u00e9s haszn\u00e1lhat\u00f3k<\/title>\n<meta name=\"description\" content=\"A Trocellen elk\u00e9sz\u00edtette term\u00e9kei BIM-objektumait, ezzel megk\u00f6nny\u00edtve haszn\u00e1latukat a Revit \u00e9s ArchiCAD alkalmaz\u00e1sokban. Let\u00f6lt\u00e9s!\" \/>\n<meta name=\"robots\" content=\"index, follow, max-snippet:-1, max-image-preview:large, max-video-preview:-1\" \/>\n<link rel=\"canonical\" href=\"https:\/\/insulation.trocellen.com\/hu\/eszkozok\/bim-elemek\/\" \/>\n<meta property=\"og:locale\" content=\"hu_HU\" \/>\n<meta property=\"og:type\" content=\"article\" \/>\n<meta property=\"og:title\" content=\"A Trocellen BIM-objektumai let\u00f6lthet\u0151k \u00e9s haszn\u00e1lhat\u00f3k\" \/>\n<meta property=\"og:description\" content=\"A Trocellen elk\u00e9sz\u00edtette term\u00e9kei BIM-objektumait, ezzel megk\u00f6nny\u00edtve haszn\u00e1latukat a Revit \u00e9s ArchiCAD alkalmaz\u00e1sokban. Let\u00f6lt\u00e9s!\" \/>\n<meta property=\"og:url\" content=\"https:\/\/insulation.trocellen.com\/hu\/eszkozok\/bim-elemek\/\" \/>\n<meta property=\"og:site_name\" content=\"Trocellen Insulation\" \/>\n<meta property=\"article:modified_time\" content=\"2023-07-10T09:13:40+00:00\" \/>\n<meta name=\"twitter:card\" content=\"summary_large_image\" \/>\n<meta name=\"twitter:label1\" content=\"Becs\u00fclt olvas\u00e1si id\u0151\" \/>\n\t<meta name=\"twitter:data1\" content=\"1 perc\" \/>\n<script type=\"application\/ld+json\" class=\"yoast-schema-graph\">{\"@context\":\"https:\/\/schema.org\",\"@graph\":[{\"@type\":\"WebPage\",\"@id\":\"https:\/\/insulation.trocellen.com\/hu\/eszkozok\/bim-elemek\/\",\"url\":\"https:\/\/insulation.trocellen.com\/hu\/eszkozok\/bim-elemek\/\",\"name\":\"A Trocellen BIM-objektumai let\u00f6lthet\u0151k \u00e9s haszn\u00e1lhat\u00f3k\",\"isPartOf\":{\"@id\":\"https:\/\/insulation.trocellen.com\/hu\/#website\"},\"datePublished\":\"2018-08-01T12:41:10+00:00\",\"dateModified\":\"2023-07-10T09:13:40+00:00\",\"description\":\"A Trocellen elk\u00e9sz\u00edtette term\u00e9kei BIM-objektumait, ezzel megk\u00f6nny\u00edtve haszn\u00e1latukat a Revit \u00e9s ArchiCAD alkalmaz\u00e1sokban. Let\u00f6lt\u00e9s!\",\"breadcrumb\":{\"@id\":\"https:\/\/insulation.trocellen.com\/hu\/eszkozok\/bim-elemek\/#breadcrumb\"},\"inLanguage\":\"hu\",\"potentialAction\":[{\"@type\":\"ReadAction\",\"target\":[\"https:\/\/insulation.trocellen.com\/hu\/eszkozok\/bim-elemek\/\"]}]},{\"@type\":\"BreadcrumbList\",\"@id\":\"https:\/\/insulation.trocellen.com\/hu\/eszkozok\/bim-elemek\/#breadcrumb\",\"itemListElement\":[{\"@type\":\"ListItem\",\"position\":1,\"name\":\"Home\",\"item\":\"https:\/\/insulation.trocellen.com\/hu\/\"},{\"@type\":\"ListItem\",\"position\":2,\"name\":\"Eszk\u00f6z\u00f6k\",\"item\":\"https:\/\/insulation.trocellen.com\/hu\/eszkozok\/\"},{\"@type\":\"ListItem\",\"position\":3,\"name\":\"BIM Elemek\"}]},{\"@type\":\"WebSite\",\"@id\":\"https:\/\/insulation.trocellen.com\/hu\/#website\",\"url\":\"https:\/\/insulation.trocellen.com\/hu\/\",\"name\":\"Trocellen Insulation\",\"description\":\"\",\"potentialAction\":[{\"@type\":\"SearchAction\",\"target\":{\"@type\":\"EntryPoint\",\"urlTemplate\":\"https:\/\/insulation.trocellen.com\/hu\/?s={search_term_string}\"},\"query-input\":{\"@type\":\"PropertyValueSpecification\",\"valueRequired\":true,\"valueName\":\"search_term_string\"}}],\"inLanguage\":\"hu\"}]}<\/script>\n<!-- \/ Yoast SEO plugin. -->","yoast_head_json":{"title":"A Trocellen BIM-objektumai let\u00f6lthet\u0151k \u00e9s haszn\u00e1lhat\u00f3k","description":"A Trocellen elk\u00e9sz\u00edtette term\u00e9kei BIM-objektumait, ezzel megk\u00f6nny\u00edtve haszn\u00e1latukat a Revit \u00e9s ArchiCAD alkalmaz\u00e1sokban. Let\u00f6lt\u00e9s!","robots":{"index":"index","follow":"follow","max-snippet":"max-snippet:-1","max-image-preview":"max-image-preview:large","max-video-preview":"max-video-preview:-1"},"canonical":"https:\/\/insulation.trocellen.com\/hu\/eszkozok\/bim-elemek\/","og_locale":"hu_HU","og_type":"article","og_title":"A Trocellen BIM-objektumai let\u00f6lthet\u0151k \u00e9s haszn\u00e1lhat\u00f3k","og_description":"A Trocellen elk\u00e9sz\u00edtette term\u00e9kei BIM-objektumait, ezzel megk\u00f6nny\u00edtve haszn\u00e1latukat a Revit \u00e9s ArchiCAD alkalmaz\u00e1sokban. Let\u00f6lt\u00e9s!","og_url":"https:\/\/insulation.trocellen.com\/hu\/eszkozok\/bim-elemek\/","og_site_name":"Trocellen Insulation","article_modified_time":"2023-07-10T09:13:40+00:00","twitter_card":"summary_large_image","twitter_misc":{"Becs\u00fclt olvas\u00e1si id\u0151":"1 perc"},"schema":{"@context":"https:\/\/schema.org","@graph":[{"@type":"WebPage","@id":"https:\/\/insulation.trocellen.com\/hu\/eszkozok\/bim-elemek\/","url":"https:\/\/insulation.trocellen.com\/hu\/eszkozok\/bim-elemek\/","name":"A Trocellen BIM-objektumai let\u00f6lthet\u0151k \u00e9s haszn\u00e1lhat\u00f3k","isPartOf":{"@id":"https:\/\/insulation.trocellen.com\/hu\/#website"},"datePublished":"2018-08-01T12:41:10+00:00","dateModified":"2023-07-10T09:13:40+00:00","description":"A Trocellen elk\u00e9sz\u00edtette term\u00e9kei BIM-objektumait, ezzel megk\u00f6nny\u00edtve haszn\u00e1latukat a Revit \u00e9s ArchiCAD alkalmaz\u00e1sokban. Let\u00f6lt\u00e9s!","breadcrumb":{"@id":"https:\/\/insulation.trocellen.com\/hu\/eszkozok\/bim-elemek\/#breadcrumb"},"inLanguage":"hu","potentialAction":[{"@type":"ReadAction","target":["https:\/\/insulation.trocellen.com\/hu\/eszkozok\/bim-elemek\/"]}]},{"@type":"BreadcrumbList","@id":"https:\/\/insulation.trocellen.com\/hu\/eszkozok\/bim-elemek\/#breadcrumb","itemListElement":[{"@type":"ListItem","position":1,"name":"Home","item":"https:\/\/insulation.trocellen.com\/hu\/"},{"@type":"ListItem","position":2,"name":"Eszk\u00f6z\u00f6k","item":"https:\/\/insulation.trocellen.com\/hu\/eszkozok\/"},{"@type":"ListItem","position":3,"name":"BIM Elemek"}]},{"@type":"WebSite","@id":"https:\/\/insulation.trocellen.com\/hu\/#website","url":"https:\/\/insulation.trocellen.com\/hu\/","name":"Trocellen Insulation","description":"","potentialAction":[{"@type":"SearchAction","target":{"@type":"EntryPoint","urlTemplate":"https:\/\/insulation.trocellen.com\/hu\/?s={search_term_string}"},"query-input":{"@type":"PropertyValueSpecification","valueRequired":true,"valueName":"search_term_string"}}],"inLanguage":"hu"}]}},"_links":{"self":[{"href":"https:\/\/insulation.trocellen.com\/hu\/wp-json\/wp\/v2\/pages\/4452","targetHints":{"allow":["GET"]}}],"collection":[{"href":"https:\/\/insulation.trocellen.com\/hu\/wp-json\/wp\/v2\/pages"}],"about":[{"href":"https:\/\/insulation.trocellen.com\/hu\/wp-json\/wp\/v2\/types\/page"}],"author":[{"embeddable":true,"href":"https:\/\/insulation.trocellen.com\/hu\/wp-json\/wp\/v2\/users\/1"}],"replies":[{"embeddable":true,"href":"https:\/\/insulation.trocellen.com\/hu\/wp-json\/wp\/v2\/comments?post=4452"}],"version-history":[{"count":1,"href":"https:\/\/insulation.trocellen.com\/hu\/wp-json\/wp\/v2\/pages\/4452\/revisions"}],"predecessor-version":[{"id":9714,"href":"https:\/\/insulation.trocellen.com\/hu\/wp-json\/wp\/v2\/pages\/4452\/revisions\/9714"}],"up":[{"embeddable":true,"href":"https:\/\/insulation.trocellen.com\/hu\/wp-json\/wp\/v2\/pages\/4428"}],"wp:attachment":[{"href":"https:\/\/insulation.trocellen.com\/hu\/wp-json\/wp\/v2\/media?parent=4452"}],"curies":[{"name":"wp","href":"https:\/\/api.w.org\/{rel}","templated":true}]}}