{"id":4446,"date":"2018-05-03T10:56:01","date_gmt":"2018-05-03T10:56:01","guid":{"rendered":"https:\/\/insulation-new.trocellen.com\/teljesitmeny-nyilatkozatok\/"},"modified":"2026-02-09T14:00:12","modified_gmt":"2026-02-09T14:00:12","slug":"teljesitmeny-nyilatkozatok","status":"publish","type":"page","link":"https:\/\/insulation.trocellen.com\/hu\/eszkozok\/teljesitmeny-nyilatkozatok\/","title":{"rendered":"Teljes\u00edtm\u00e9ny-nyilatkozatok"},"content":{"rendered":"\n<p>Az \u00e9p\u00edt\u00e9si term\u00e9kekr\u0151l sz\u00f3l\u00f3 305\/2011\/UE rendeletnek megfelel\u0151en minden term\u00e9ket ki kell eg\u00e9sz\u00edtenie a Teljes\u00edtm\u00e9nynyilatkozatnak (tov\u00e1bbiakban: DoP), amely \u00f6sszhangban van az eur\u00f3pai szabv\u00e1nyokkal, az Eur\u00f3pai M\u0171szaki \u00c9rt\u00e9kel\u00e9ssel (ETA) vagy a Nemzeti M\u0171szaki \u00c9rt\u00e9kel\u00e9ssel (NTA). A DoP-t a gy\u00e1rt\u00f3 \u00e1ll\u00edtja ki \u00e9s tartalmaznia kell a term\u00e9k f\u0151 jellemz\u0151it, valamint azokat a folyamatokat \u00e9s m\u00f3dszereket, amelyeket a bejelentett teljes\u00edtm\u00e9ny \u00e9rt\u00e9kel\u00e9se sor\u00e1n alkalmaznak, a vonatkoz\u00f3 m\u0171szaki el\u0151\u00edr\u00e1soknak megfelel\u0151en.<\/p>\n\n\n\n<p>Az \u00e1tl\u00e1that\u00f3s\u00e1g \u00e9s az egyszer\u0171bb egyeztet\u00e9s \u00e9rdek\u00e9ben ebben a dokumentumban k\u00f6zz\u00e9tessz\u00fck a Trocellen term\u00e9kek Teljes\u00edtm\u00e9nynyilatkozat\u00e1t.<\/p>\n\n\n\n<ul class=\"wp-block-list\">\n<li><a href=\"https:\/\/go.insulation.trocellen.com\/MOD-DOP-Rev-1.1-NXL-PE-Perimeter-insulation-band-EN_HU-20200909_pdf\" target=\"_blank\" rel=\"noopener\">MOD-DOP Rev 1.1 \u2013 NXL-PE Peremszigetel\u0151 cs\u00edk<\/a><\/li>\n\n\n\n<li><a href=\"https:\/\/go.insulation.trocellen.com\/MOD-DOP-Rev-1.1-ISOLMASS-1-TECH-EN_HU_pdf\">MOD-DOP Rev 1.1 &#8211; ISOLMASS 1 TECH EN_HU<\/a><\/li>\n\n\n\n<li><a href=\"https:\/\/go.insulation.trocellen.com\/MOD-DOP-Rev-1.1-ISOLMASS-3-TECH-FR-EN_HU_pdf\">MOD-DOP Rev 1.1 &#8211; ISOLMASS 3 TECH FR EN_HU<\/a><\/li>\n\n\n\n<li><a href=\"https:\/\/go.insulation.trocellen.com\/MOD-DOP-Rev-1.1-ISOLMASS-4-EN_HU-20190416_pdf\">MOD-DOP Rev 1.1 &#8211; ISOLMASS 4 EN_HU<\/a><\/li>\n\n\n\n<li><a href=\"https:\/\/go.insulation.trocellen.com\/MOD-DOP-Rev-1.1-ISOLMASS-4-TECH-EN_HU-20190416_pdf\">MOD-DOP Rev 1.1 &#8211; ISOLMASS 4 TECH EN_HU <\/a><\/li>\n\n\n\n<li><a href=\"https:\/\/go.insulation.trocellen.com\/MOD-DOP-Rev-1.1-ISOLMASS-22-EN_HU-20190416_pdf\">MOD-DOP Rev 1.1 &#8211; ISOLMASS 22 EN_HU<\/a><\/li>\n\n\n\n<li><a href=\"https:\/\/go.insulation.trocellen.com\/MOD-DOP-Rev-1.1-TROSIL-EN_HU_pdf\">MOD-DOP Rev 1.1 &#8211; TROSIL EN_HU<\/a><\/li>\n\n\n\n<li><a href=\"https:\/\/go.insulation.trocellen.com\/MOD-DOP-Rev-1.1-TROSIL-TECH-EN_HU_pdf\">MOD-DOP Rev 1.1 &#8211; TROSIL TECH EN_HU<\/a><\/li>\n\n\n\n<li><a href=\"https:\/\/go.insulation.trocellen.com\/l\/922423\/2025-01-30\/2ypvq7\">MOD-DOP-50710-10-TROCELLEN-CLASS-G-PRO-adhesive-3_40-mm-2_HU<\/a><\/li>\n\n\n\n<li><a href=\"https:\/\/go.insulation.trocellen.com\/l\/922423\/2026-02-09\/2zrhyx\">noDOP-EN<\/a><\/li>\n\n\n\n<li><a href=\"https:\/\/go.insulation.trocellen.com\/l\/922423\/2026-02-09\/2zrhz1\">noDOP-IT<\/a><\/li>\n\n\n\n<li><a href=\"https:\/\/insulation.trocellen.com\/wp-content\/uploads\/sites\/6\/2022\/11\/MOD-DOP-Rev-1.1-Polifoam-Insul-01-EN_HU-20221011.pdf\">MOD-DOP Rev 1.1 \u2013 POLIFOAM INSUL 01 EN HU<\/a><\/li>\n<\/ul>\n","protected":false},"excerpt":{"rendered":"<p>Az \u00e9p\u00edt\u00e9si term\u00e9kekr\u0151l sz\u00f3l\u00f3 305\/2011\/UE rendeletnek megfelel\u0151en minden term\u00e9ket ki kell eg\u00e9sz\u00edtenie a Teljes\u00edtm\u00e9nynyilatkozatnak (tov\u00e1bbiakban: DoP), amely \u00f6sszhangban van az eur\u00f3pai szabv\u00e1nyokkal, az Eur\u00f3pai M\u0171szaki \u00c9rt\u00e9kel\u00e9ssel (ETA) vagy a Nemzeti M\u0171szaki \u00c9rt\u00e9kel\u00e9ssel (NTA). A DoP-t a gy\u00e1rt\u00f3 \u00e1ll\u00edtja ki \u00e9s tartalmaznia kell a term\u00e9k f\u0151 jellemz\u0151it, valamint azokat a folyamatokat \u00e9s m\u00f3dszereket, amelyeket a bejelentett [&hellip;]<\/p>\n","protected":false},"author":1,"featured_media":8773,"parent":4428,"menu_order":500,"comment_status":"closed","ping_status":"closed","template":"","meta":{"_acf_changed":false,"footnotes":""},"class_list":["post-4446","page","type-page","status-publish","has-post-thumbnail","hentry"],"acf":[],"yoast_head":"<!-- This site is optimized with the Yoast SEO plugin v23.5 - https:\/\/yoast.com\/wordpress\/plugins\/seo\/ -->\n<title>Let\u00f6lthet\u0151k a Trocellen teljes\u00edtm\u00e9nynyilatkozatai<\/title>\n<meta name=\"description\" content=\"A teljes\u00edtm\u00e9nynyilatkozatot a gy\u00e1rt\u00f3 \u00e1ll\u00edtja ki, \u00e9s tartalmaznia kell a term\u00e9k f\u0151 jellemz\u0151it, valamint az alkalmazott folyamatokat \u00e9s m\u00f3dszereket\" \/>\n<meta name=\"robots\" content=\"index, follow, max-snippet:-1, max-image-preview:large, max-video-preview:-1\" \/>\n<link rel=\"canonical\" href=\"https:\/\/insulation.trocellen.com\/hu\/eszkozok\/teljesitmeny-nyilatkozatok\/\" \/>\n<meta property=\"og:locale\" content=\"hu_HU\" \/>\n<meta property=\"og:type\" content=\"article\" \/>\n<meta property=\"og:title\" content=\"Let\u00f6lthet\u0151k a Trocellen teljes\u00edtm\u00e9nynyilatkozatai\" \/>\n<meta property=\"og:description\" content=\"A teljes\u00edtm\u00e9nynyilatkozatot a gy\u00e1rt\u00f3 \u00e1ll\u00edtja ki, \u00e9s tartalmaznia kell a term\u00e9k f\u0151 jellemz\u0151it, valamint az alkalmazott folyamatokat \u00e9s m\u00f3dszereket\" \/>\n<meta property=\"og:url\" content=\"https:\/\/insulation.trocellen.com\/hu\/eszkozok\/teljesitmeny-nyilatkozatok\/\" \/>\n<meta property=\"og:site_name\" content=\"Trocellen Insulation\" \/>\n<meta property=\"article:modified_time\" content=\"2026-02-09T14:00:12+00:00\" \/>\n<meta property=\"og:image\" content=\"https:\/\/insulation.trocellen.com\/wp-content\/uploads\/sites\/6\/2023\/05\/Declarations-fejlec.jpg\" \/>\n\t<meta property=\"og:image:width\" content=\"1920\" \/>\n\t<meta property=\"og:image:height\" content=\"300\" \/>\n\t<meta property=\"og:image:type\" content=\"image\/jpeg\" \/>\n<meta name=\"twitter:card\" content=\"summary_large_image\" \/>\n<meta name=\"twitter:label1\" content=\"Becs\u00fclt olvas\u00e1si id\u0151\" \/>\n\t<meta name=\"twitter:data1\" content=\"1 perc\" \/>\n<script type=\"application\/ld+json\" class=\"yoast-schema-graph\">{\"@context\":\"https:\/\/schema.org\",\"@graph\":[{\"@type\":\"WebPage\",\"@id\":\"https:\/\/insulation.trocellen.com\/hu\/eszkozok\/teljesitmeny-nyilatkozatok\/\",\"url\":\"https:\/\/insulation.trocellen.com\/hu\/eszkozok\/teljesitmeny-nyilatkozatok\/\",\"name\":\"Let\u00f6lthet\u0151k a Trocellen teljes\u00edtm\u00e9nynyilatkozatai\",\"isPartOf\":{\"@id\":\"https:\/\/insulation.trocellen.com\/hu\/#website\"},\"primaryImageOfPage\":{\"@id\":\"https:\/\/insulation.trocellen.com\/hu\/eszkozok\/teljesitmeny-nyilatkozatok\/#primaryimage\"},\"image\":{\"@id\":\"https:\/\/insulation.trocellen.com\/hu\/eszkozok\/teljesitmeny-nyilatkozatok\/#primaryimage\"},\"thumbnailUrl\":\"https:\/\/insulation.trocellen.com\/wp-content\/uploads\/sites\/6\/2023\/05\/Declarations-fejlec.jpg\",\"datePublished\":\"2018-05-03T10:56:01+00:00\",\"dateModified\":\"2026-02-09T14:00:12+00:00\",\"description\":\"A teljes\u00edtm\u00e9nynyilatkozatot a gy\u00e1rt\u00f3 \u00e1ll\u00edtja ki, \u00e9s tartalmaznia kell a term\u00e9k f\u0151 jellemz\u0151it, valamint az alkalmazott folyamatokat \u00e9s m\u00f3dszereket\",\"breadcrumb\":{\"@id\":\"https:\/\/insulation.trocellen.com\/hu\/eszkozok\/teljesitmeny-nyilatkozatok\/#breadcrumb\"},\"inLanguage\":\"hu\",\"potentialAction\":[{\"@type\":\"ReadAction\",\"target\":[\"https:\/\/insulation.trocellen.com\/hu\/eszkozok\/teljesitmeny-nyilatkozatok\/\"]}]},{\"@type\":\"ImageObject\",\"inLanguage\":\"hu\",\"@id\":\"https:\/\/insulation.trocellen.com\/hu\/eszkozok\/teljesitmeny-nyilatkozatok\/#primaryimage\",\"url\":\"https:\/\/insulation.trocellen.com\/wp-content\/uploads\/sites\/6\/2023\/05\/Declarations-fejlec.jpg\",\"contentUrl\":\"https:\/\/insulation.trocellen.com\/wp-content\/uploads\/sites\/6\/2023\/05\/Declarations-fejlec.jpg\",\"width\":1920,\"height\":300},{\"@type\":\"BreadcrumbList\",\"@id\":\"https:\/\/insulation.trocellen.com\/hu\/eszkozok\/teljesitmeny-nyilatkozatok\/#breadcrumb\",\"itemListElement\":[{\"@type\":\"ListItem\",\"position\":1,\"name\":\"Home\",\"item\":\"https:\/\/insulation.trocellen.com\/hu\/\"},{\"@type\":\"ListItem\",\"position\":2,\"name\":\"Eszk\u00f6z\u00f6k\",\"item\":\"https:\/\/insulation.trocellen.com\/hu\/eszkozok\/\"},{\"@type\":\"ListItem\",\"position\":3,\"name\":\"Teljes\u00edtm\u00e9ny-nyilatkozatok\"}]},{\"@type\":\"WebSite\",\"@id\":\"https:\/\/insulation.trocellen.com\/hu\/#website\",\"url\":\"https:\/\/insulation.trocellen.com\/hu\/\",\"name\":\"Trocellen Insulation\",\"description\":\"\",\"potentialAction\":[{\"@type\":\"SearchAction\",\"target\":{\"@type\":\"EntryPoint\",\"urlTemplate\":\"https:\/\/insulation.trocellen.com\/hu\/?s={search_term_string}\"},\"query-input\":{\"@type\":\"PropertyValueSpecification\",\"valueRequired\":true,\"valueName\":\"search_term_string\"}}],\"inLanguage\":\"hu\"}]}<\/script>\n<!-- \/ Yoast SEO plugin. -->","yoast_head_json":{"title":"Let\u00f6lthet\u0151k a Trocellen teljes\u00edtm\u00e9nynyilatkozatai","description":"A teljes\u00edtm\u00e9nynyilatkozatot a gy\u00e1rt\u00f3 \u00e1ll\u00edtja ki, \u00e9s tartalmaznia kell a term\u00e9k f\u0151 jellemz\u0151it, valamint az alkalmazott folyamatokat \u00e9s m\u00f3dszereket","robots":{"index":"index","follow":"follow","max-snippet":"max-snippet:-1","max-image-preview":"max-image-preview:large","max-video-preview":"max-video-preview:-1"},"canonical":"https:\/\/insulation.trocellen.com\/hu\/eszkozok\/teljesitmeny-nyilatkozatok\/","og_locale":"hu_HU","og_type":"article","og_title":"Let\u00f6lthet\u0151k a Trocellen teljes\u00edtm\u00e9nynyilatkozatai","og_description":"A teljes\u00edtm\u00e9nynyilatkozatot a gy\u00e1rt\u00f3 \u00e1ll\u00edtja ki, \u00e9s tartalmaznia kell a term\u00e9k f\u0151 jellemz\u0151it, valamint az alkalmazott folyamatokat \u00e9s m\u00f3dszereket","og_url":"https:\/\/insulation.trocellen.com\/hu\/eszkozok\/teljesitmeny-nyilatkozatok\/","og_site_name":"Trocellen Insulation","article_modified_time":"2026-02-09T14:00:12+00:00","og_image":[{"width":1920,"height":300,"url":"https:\/\/insulation.trocellen.com\/wp-content\/uploads\/sites\/6\/2023\/05\/Declarations-fejlec.jpg","type":"image\/jpeg"}],"twitter_card":"summary_large_image","twitter_misc":{"Becs\u00fclt olvas\u00e1si id\u0151":"1 perc"},"schema":{"@context":"https:\/\/schema.org","@graph":[{"@type":"WebPage","@id":"https:\/\/insulation.trocellen.com\/hu\/eszkozok\/teljesitmeny-nyilatkozatok\/","url":"https:\/\/insulation.trocellen.com\/hu\/eszkozok\/teljesitmeny-nyilatkozatok\/","name":"Let\u00f6lthet\u0151k a Trocellen teljes\u00edtm\u00e9nynyilatkozatai","isPartOf":{"@id":"https:\/\/insulation.trocellen.com\/hu\/#website"},"primaryImageOfPage":{"@id":"https:\/\/insulation.trocellen.com\/hu\/eszkozok\/teljesitmeny-nyilatkozatok\/#primaryimage"},"image":{"@id":"https:\/\/insulation.trocellen.com\/hu\/eszkozok\/teljesitmeny-nyilatkozatok\/#primaryimage"},"thumbnailUrl":"https:\/\/insulation.trocellen.com\/wp-content\/uploads\/sites\/6\/2023\/05\/Declarations-fejlec.jpg","datePublished":"2018-05-03T10:56:01+00:00","dateModified":"2026-02-09T14:00:12+00:00","description":"A teljes\u00edtm\u00e9nynyilatkozatot a gy\u00e1rt\u00f3 \u00e1ll\u00edtja ki, \u00e9s tartalmaznia kell a term\u00e9k f\u0151 jellemz\u0151it, valamint az alkalmazott folyamatokat \u00e9s m\u00f3dszereket","breadcrumb":{"@id":"https:\/\/insulation.trocellen.com\/hu\/eszkozok\/teljesitmeny-nyilatkozatok\/#breadcrumb"},"inLanguage":"hu","potentialAction":[{"@type":"ReadAction","target":["https:\/\/insulation.trocellen.com\/hu\/eszkozok\/teljesitmeny-nyilatkozatok\/"]}]},{"@type":"ImageObject","inLanguage":"hu","@id":"https:\/\/insulation.trocellen.com\/hu\/eszkozok\/teljesitmeny-nyilatkozatok\/#primaryimage","url":"https:\/\/insulation.trocellen.com\/wp-content\/uploads\/sites\/6\/2023\/05\/Declarations-fejlec.jpg","contentUrl":"https:\/\/insulation.trocellen.com\/wp-content\/uploads\/sites\/6\/2023\/05\/Declarations-fejlec.jpg","width":1920,"height":300},{"@type":"BreadcrumbList","@id":"https:\/\/insulation.trocellen.com\/hu\/eszkozok\/teljesitmeny-nyilatkozatok\/#breadcrumb","itemListElement":[{"@type":"ListItem","position":1,"name":"Home","item":"https:\/\/insulation.trocellen.com\/hu\/"},{"@type":"ListItem","position":2,"name":"Eszk\u00f6z\u00f6k","item":"https:\/\/insulation.trocellen.com\/hu\/eszkozok\/"},{"@type":"ListItem","position":3,"name":"Teljes\u00edtm\u00e9ny-nyilatkozatok"}]},{"@type":"WebSite","@id":"https:\/\/insulation.trocellen.com\/hu\/#website","url":"https:\/\/insulation.trocellen.com\/hu\/","name":"Trocellen Insulation","description":"","potentialAction":[{"@type":"SearchAction","target":{"@type":"EntryPoint","urlTemplate":"https:\/\/insulation.trocellen.com\/hu\/?s={search_term_string}"},"query-input":{"@type":"PropertyValueSpecification","valueRequired":true,"valueName":"search_term_string"}}],"inLanguage":"hu"}]}},"_links":{"self":[{"href":"https:\/\/insulation.trocellen.com\/hu\/wp-json\/wp\/v2\/pages\/4446","targetHints":{"allow":["GET"]}}],"collection":[{"href":"https:\/\/insulation.trocellen.com\/hu\/wp-json\/wp\/v2\/pages"}],"about":[{"href":"https:\/\/insulation.trocellen.com\/hu\/wp-json\/wp\/v2\/types\/page"}],"author":[{"embeddable":true,"href":"https:\/\/insulation.trocellen.com\/hu\/wp-json\/wp\/v2\/users\/1"}],"replies":[{"embeddable":true,"href":"https:\/\/insulation.trocellen.com\/hu\/wp-json\/wp\/v2\/comments?post=4446"}],"version-history":[{"count":5,"href":"https:\/\/insulation.trocellen.com\/hu\/wp-json\/wp\/v2\/pages\/4446\/revisions"}],"predecessor-version":[{"id":11280,"href":"https:\/\/insulation.trocellen.com\/hu\/wp-json\/wp\/v2\/pages\/4446\/revisions\/11280"}],"up":[{"embeddable":true,"href":"https:\/\/insulation.trocellen.com\/hu\/wp-json\/wp\/v2\/pages\/4428"}],"wp:featuredmedia":[{"embeddable":true,"href":"https:\/\/insulation.trocellen.com\/hu\/wp-json\/wp\/v2\/media\/8773"}],"wp:attachment":[{"href":"https:\/\/insulation.trocellen.com\/hu\/wp-json\/wp\/v2\/media?parent=4446"}],"curies":[{"name":"wp","href":"https:\/\/api.w.org\/{rel}","templated":true}]}}