{"id":4434,"date":"2018-05-03T10:54:36","date_gmt":"2018-05-03T10:54:36","guid":{"rendered":"https:\/\/insulation-new.trocellen.com\/cad-rajzok\/"},"modified":"2023-07-10T09:14:09","modified_gmt":"2023-07-10T09:14:09","slug":"cad-rajzok","status":"publish","type":"page","link":"https:\/\/insulation.trocellen.com\/hu\/eszkozok\/cad-rajzok\/","title":{"rendered":"CAD rajzok"},"content":{"rendered":"","protected":false},"excerpt":{"rendered":"","protected":false},"author":1,"featured_media":0,"parent":4428,"menu_order":300,"comment_status":"closed","ping_status":"closed","template":"templates\/cad-drawings.php","meta":{"_acf_changed":false,"footnotes":""},"class_list":["post-4434","page","type-page","status-publish","hentry"],"acf":[],"yoast_head":"<!-- This site is optimized with the Yoast SEO plugin v23.5 - https:\/\/yoast.com\/wordpress\/plugins\/seo\/ -->\n<title>A Trocellen CAD-objektumai let\u00f6lthet\u0151k \u00e9s haszn\u00e1lhat\u00f3k<\/title>\n<meta name=\"description\" content=\"A Trocellen elk\u00e9sz\u00edtette term\u00e9kei CAD-objektumait a tervez\u00e9si munk\u00e1latok megk\u00f6nny\u00edt\u00e9se \u00e9rdek\u00e9ben. Let\u00f6lt\u00e9s!\" \/>\n<meta name=\"robots\" content=\"index, follow, max-snippet:-1, max-image-preview:large, max-video-preview:-1\" \/>\n<link rel=\"canonical\" href=\"https:\/\/insulation.trocellen.com\/hu\/eszkozok\/cad-rajzok\/\" \/>\n<meta property=\"og:locale\" content=\"hu_HU\" \/>\n<meta property=\"og:type\" content=\"article\" \/>\n<meta property=\"og:title\" content=\"A Trocellen CAD-objektumai let\u00f6lthet\u0151k \u00e9s haszn\u00e1lhat\u00f3k\" \/>\n<meta property=\"og:description\" content=\"A Trocellen elk\u00e9sz\u00edtette term\u00e9kei CAD-objektumait a tervez\u00e9si munk\u00e1latok megk\u00f6nny\u00edt\u00e9se \u00e9rdek\u00e9ben. Let\u00f6lt\u00e9s!\" \/>\n<meta property=\"og:url\" content=\"https:\/\/insulation.trocellen.com\/hu\/eszkozok\/cad-rajzok\/\" \/>\n<meta property=\"og:site_name\" content=\"Trocellen Insulation\" \/>\n<meta property=\"article:modified_time\" content=\"2023-07-10T09:14:09+00:00\" \/>\n<meta name=\"twitter:card\" content=\"summary_large_image\" \/>\n<script type=\"application\/ld+json\" class=\"yoast-schema-graph\">{\"@context\":\"https:\/\/schema.org\",\"@graph\":[{\"@type\":\"WebPage\",\"@id\":\"https:\/\/insulation.trocellen.com\/hu\/eszkozok\/cad-rajzok\/\",\"url\":\"https:\/\/insulation.trocellen.com\/hu\/eszkozok\/cad-rajzok\/\",\"name\":\"A Trocellen CAD-objektumai let\u00f6lthet\u0151k \u00e9s haszn\u00e1lhat\u00f3k\",\"isPartOf\":{\"@id\":\"https:\/\/insulation.trocellen.com\/hu\/#website\"},\"datePublished\":\"2018-05-03T10:54:36+00:00\",\"dateModified\":\"2023-07-10T09:14:09+00:00\",\"description\":\"A Trocellen elk\u00e9sz\u00edtette term\u00e9kei CAD-objektumait a tervez\u00e9si munk\u00e1latok megk\u00f6nny\u00edt\u00e9se \u00e9rdek\u00e9ben. Let\u00f6lt\u00e9s!\",\"breadcrumb\":{\"@id\":\"https:\/\/insulation.trocellen.com\/hu\/eszkozok\/cad-rajzok\/#breadcrumb\"},\"inLanguage\":\"hu\",\"potentialAction\":[{\"@type\":\"ReadAction\",\"target\":[\"https:\/\/insulation.trocellen.com\/hu\/eszkozok\/cad-rajzok\/\"]}]},{\"@type\":\"BreadcrumbList\",\"@id\":\"https:\/\/insulation.trocellen.com\/hu\/eszkozok\/cad-rajzok\/#breadcrumb\",\"itemListElement\":[{\"@type\":\"ListItem\",\"position\":1,\"name\":\"Home\",\"item\":\"https:\/\/insulation.trocellen.com\/hu\/\"},{\"@type\":\"ListItem\",\"position\":2,\"name\":\"Eszk\u00f6z\u00f6k\",\"item\":\"https:\/\/insulation.trocellen.com\/hu\/eszkozok\/\"},{\"@type\":\"ListItem\",\"position\":3,\"name\":\"CAD rajzok\"}]},{\"@type\":\"WebSite\",\"@id\":\"https:\/\/insulation.trocellen.com\/hu\/#website\",\"url\":\"https:\/\/insulation.trocellen.com\/hu\/\",\"name\":\"Trocellen Insulation\",\"description\":\"\",\"potentialAction\":[{\"@type\":\"SearchAction\",\"target\":{\"@type\":\"EntryPoint\",\"urlTemplate\":\"https:\/\/insulation.trocellen.com\/hu\/?s={search_term_string}\"},\"query-input\":{\"@type\":\"PropertyValueSpecification\",\"valueRequired\":true,\"valueName\":\"search_term_string\"}}],\"inLanguage\":\"hu\"}]}<\/script>\n<!-- \/ Yoast SEO plugin. -->","yoast_head_json":{"title":"A Trocellen CAD-objektumai let\u00f6lthet\u0151k \u00e9s haszn\u00e1lhat\u00f3k","description":"A Trocellen elk\u00e9sz\u00edtette term\u00e9kei CAD-objektumait a tervez\u00e9si munk\u00e1latok megk\u00f6nny\u00edt\u00e9se \u00e9rdek\u00e9ben. Let\u00f6lt\u00e9s!","robots":{"index":"index","follow":"follow","max-snippet":"max-snippet:-1","max-image-preview":"max-image-preview:large","max-video-preview":"max-video-preview:-1"},"canonical":"https:\/\/insulation.trocellen.com\/hu\/eszkozok\/cad-rajzok\/","og_locale":"hu_HU","og_type":"article","og_title":"A Trocellen CAD-objektumai let\u00f6lthet\u0151k \u00e9s haszn\u00e1lhat\u00f3k","og_description":"A Trocellen elk\u00e9sz\u00edtette term\u00e9kei CAD-objektumait a tervez\u00e9si munk\u00e1latok megk\u00f6nny\u00edt\u00e9se \u00e9rdek\u00e9ben. Let\u00f6lt\u00e9s!","og_url":"https:\/\/insulation.trocellen.com\/hu\/eszkozok\/cad-rajzok\/","og_site_name":"Trocellen Insulation","article_modified_time":"2023-07-10T09:14:09+00:00","twitter_card":"summary_large_image","schema":{"@context":"https:\/\/schema.org","@graph":[{"@type":"WebPage","@id":"https:\/\/insulation.trocellen.com\/hu\/eszkozok\/cad-rajzok\/","url":"https:\/\/insulation.trocellen.com\/hu\/eszkozok\/cad-rajzok\/","name":"A Trocellen CAD-objektumai let\u00f6lthet\u0151k \u00e9s haszn\u00e1lhat\u00f3k","isPartOf":{"@id":"https:\/\/insulation.trocellen.com\/hu\/#website"},"datePublished":"2018-05-03T10:54:36+00:00","dateModified":"2023-07-10T09:14:09+00:00","description":"A Trocellen elk\u00e9sz\u00edtette term\u00e9kei CAD-objektumait a tervez\u00e9si munk\u00e1latok megk\u00f6nny\u00edt\u00e9se \u00e9rdek\u00e9ben. Let\u00f6lt\u00e9s!","breadcrumb":{"@id":"https:\/\/insulation.trocellen.com\/hu\/eszkozok\/cad-rajzok\/#breadcrumb"},"inLanguage":"hu","potentialAction":[{"@type":"ReadAction","target":["https:\/\/insulation.trocellen.com\/hu\/eszkozok\/cad-rajzok\/"]}]},{"@type":"BreadcrumbList","@id":"https:\/\/insulation.trocellen.com\/hu\/eszkozok\/cad-rajzok\/#breadcrumb","itemListElement":[{"@type":"ListItem","position":1,"name":"Home","item":"https:\/\/insulation.trocellen.com\/hu\/"},{"@type":"ListItem","position":2,"name":"Eszk\u00f6z\u00f6k","item":"https:\/\/insulation.trocellen.com\/hu\/eszkozok\/"},{"@type":"ListItem","position":3,"name":"CAD rajzok"}]},{"@type":"WebSite","@id":"https:\/\/insulation.trocellen.com\/hu\/#website","url":"https:\/\/insulation.trocellen.com\/hu\/","name":"Trocellen Insulation","description":"","potentialAction":[{"@type":"SearchAction","target":{"@type":"EntryPoint","urlTemplate":"https:\/\/insulation.trocellen.com\/hu\/?s={search_term_string}"},"query-input":{"@type":"PropertyValueSpecification","valueRequired":true,"valueName":"search_term_string"}}],"inLanguage":"hu"}]}},"_links":{"self":[{"href":"https:\/\/insulation.trocellen.com\/hu\/wp-json\/wp\/v2\/pages\/4434","targetHints":{"allow":["GET"]}}],"collection":[{"href":"https:\/\/insulation.trocellen.com\/hu\/wp-json\/wp\/v2\/pages"}],"about":[{"href":"https:\/\/insulation.trocellen.com\/hu\/wp-json\/wp\/v2\/types\/page"}],"author":[{"embeddable":true,"href":"https:\/\/insulation.trocellen.com\/hu\/wp-json\/wp\/v2\/users\/1"}],"replies":[{"embeddable":true,"href":"https:\/\/insulation.trocellen.com\/hu\/wp-json\/wp\/v2\/comments?post=4434"}],"version-history":[{"count":1,"href":"https:\/\/insulation.trocellen.com\/hu\/wp-json\/wp\/v2\/pages\/4434\/revisions"}],"predecessor-version":[{"id":9715,"href":"https:\/\/insulation.trocellen.com\/hu\/wp-json\/wp\/v2\/pages\/4434\/revisions\/9715"}],"up":[{"embeddable":true,"href":"https:\/\/insulation.trocellen.com\/hu\/wp-json\/wp\/v2\/pages\/4428"}],"wp:attachment":[{"href":"https:\/\/insulation.trocellen.com\/hu\/wp-json\/wp\/v2\/media?parent=4434"}],"curies":[{"name":"wp","href":"https:\/\/api.w.org\/{rel}","templated":true}]}}