{"id":4404,"date":"2018-05-03T09:06:38","date_gmt":"2018-05-03T09:06:38","guid":{"rendered":"https:\/\/insulation-new.trocellen.com\/projektek\/"},"modified":"2023-07-10T09:09:57","modified_gmt":"2023-07-10T09:09:57","slug":"projektek","status":"publish","type":"page","link":"https:\/\/insulation.trocellen.com\/hu\/referenciak\/projektek\/","title":{"rendered":"Projektek"},"content":{"rendered":"<p><strong>A Trocellen fejlett szigetel\u0151ipari term\u00e9keket k\u00edn\u00e1l az \u00e9p\u00edt\u0151 \u00e9s g\u00e9pipar sz\u00e1m\u00e1ra. Sz\u00e1mos nagy volumen\u0171 projektben \u00e9s hossz\u00fat\u00e1v\u00fa egy\u00fcttm\u0171k\u00f6d\u00e9sben vesz\u00fcnk r\u00e9szt partnereinkkel.<\/strong><\/p>\n<h2>K\u00f3rh\u00e1z, P\u00e9cs<\/h2>\n<p>Az egyik legut\u00f3bbi projekt a p\u00e9csi k\u00f3rh\u00e1z \u00e9p\u00edt\u00e9se, ahova a Trocellen szigetel\u0151ipari term\u00e9keket sz\u00e1ll\u00edtott. A szennyv\u00edzvezet\u00e9kek hangszigetel\u00e9s\u00e9re az Aplomb 11 pr\u00e9mium min\u0151s\u00e9g\u0171 hangszigetel\u0151 term\u00e9k\u00fcnket haszn\u00e1lt\u00e1k fel.<\/p>\n<table border=\"0\" align=\"center\">\n<tbody>\n<tr>\n<td><img loading=\"lazy\" decoding=\"async\" class=\"alignnone size-thumbnail wp-image-111\" src=\"https:\/\/insulation.trocellen.com\/wp-content\/uploads\/sites\/6\/2013\/12\/Pecs-1-150x150.jpg\" alt=\"Pecs 1\" width=\"150\" height=\"150\"><\/td>\n<td><img loading=\"lazy\" decoding=\"async\" class=\"alignnone size-thumbnail wp-image-112\" src=\"https:\/\/insulation.trocellen.com\/wp-content\/uploads\/sites\/6\/2013\/12\/Pecs-2-150x150.jpg\" alt=\"Pecs 2\" width=\"150\" height=\"150\"><\/td>\n<\/tr>\n<\/tbody>\n<\/table>\n<hr>\n<h2>Burj Khalifa<\/h2>\n<p>A Burj Khalifa nemcsak egy felh\u0151karcol\u00f3 Dubaiban, az Arab Emir\u00e1tusokban, hanem az egyik legmagasabb, ember \u00e1ltal \u00e9p\u00edtett szerkezet a vil\u00e1gon a maga 829,8 m magass\u00e1g\u00e1val \u00e9s 163 emelet\u00e9vel. \u00c9p\u00edt\u00e9s\u00e9hez a Trocellen fejlett \u00e9s tart\u00f3s HVAC megold\u00e1saival j\u00e1rult hozz\u00e1.<\/p>\n<p><img loading=\"lazy\" decoding=\"async\" class=\"size-full wp-image-113 aligncenter\" src=\"https:\/\/insulation.trocellen.com\/wp-content\/uploads\/sites\/6\/2013\/12\/burj-khalifa.jpg\" alt=\"burj khalifa\" width=\"168\" height=\"296\"><\/p>\n<hr>\n<h2>\u201cLuxus \u00c1ruh\u00e1z\u201d<\/h2>\n<p>Budapest leg\u00fajabb bev\u00e1s\u00e1rl\u00f3k\u00f6zpontj\u00e1ban, a Luxus \u00c1ruh\u00e1zban a Trocellen padl\u00f3al\u00e1t\u00e9t-megold\u00e1sai k\u00f6z\u00fcl a Trosil Tech term\u00e9k ker\u00fclt be\u00e9p\u00edt\u00e9sre.<\/p>\n<p><strong>Egy\u00e9b referenci\u00e1k<\/strong><\/p>\n<table style=\"width: 100%\" border=\"0\">\n<tbody>\n<tr>\n<td colspan=\"2\">\n<h3>HVAC<\/h3>\n<\/td>\n<\/tr>\n<tr>\n<td>Avellino K\u00f3rh\u00e1z \u2013 Olaszorsz\u00e1g<\/td>\n<td>Trocellen Duct 12 mm ALU \u00f6ntapad\u00f3<\/td>\n<\/tr>\n<tr>\n<td>San Raffaele K\u00f3rh\u00e1z &#8211; Olaszorsz\u00e1g<\/td>\n<td>Trocellen Duct 20 mm CL1 ALU<\/td>\n<\/tr>\n<tr>\n<td>CHIESI Gy\u00f3gyszeripari Kutat\u00f3k\u00f6zpont \u2013 Olaszorsz\u00e1g<\/td>\n<td>Trocellen Duct 20-54 mm AL CL1<\/td>\n<\/tr>\n<tr>\n<td>Hankook &#8211; Duna\u00fajv\u00e1ros \u2013 Magyarorsz\u00e1g<\/td>\n<td>Troc.Duct SLVF3010\/AL<\/td>\n<\/tr>\n<tr>\n<td>SOTEII \u2013 Magyarorsz\u00e1g<\/td>\n<td>NF 3015, NF3020<\/td>\n<\/tr>\n<tr>\n<td>Plodine mega-market \u2013 Horv\u00e1torsz\u00e1g<\/td>\n<td>Trocellen Duct 10-20 mm<\/td>\n<\/tr>\n<tr>\n<td>Term\u00e1lf\u00fcrd\u0151 \u2013 Podh\u00e1jsk\u00e1 \u2013 Szlov\u00e1kia<\/td>\n<td>SN3015\/AL<\/td>\n<\/tr>\n<tr>\n<td>bev\u00e1s\u00e1rl\u00f3k\u00f6zpont \u2013 Pozsony &#8211; Szlov\u00e1kia<\/td>\n<td>SN3015\/AL<\/td>\n<\/tr>\n<tr>\n<td>D\u00e9vai K\u00f3rh\u00e1z &#8211; Rom\u00e1nia<\/td>\n<td>N3010,N3005<\/td>\n<\/tr>\n<tr>\n<td colspan=\"2\">\n<h3>Hangszigetel\u0151 fali akusztikai alkalmaz\u00e1sok<\/h3>\n<\/td>\n<\/tr>\n<tr>\n<td>Orig\u00f3 Film St\u00fadi\u00f3 \u2013 Magyarorsz\u00e1g<\/td>\n<td>Aplomb 22, Aplomb 11<\/td>\n<\/tr>\n<tr>\n<td>Nemzeti Sz\u00ednh\u00e1z \u2013 Rom\u00e1nia<\/td>\n<td>Aplomb 22<\/td>\n<\/tr>\n<tr>\n<td>GE Electric \u2013 Magyarorsz\u00e1g<\/td>\n<td>Aplomb 11<\/td>\n<\/tr>\n<tr>\n<td colspan=\"2\">\n<h3>Sound control padl\u00f3al\u00e1t\u00e9t referenci\u00e1k<\/h3>\n<\/td>\n<\/tr>\n<tr>\n<td>DAIMLER Mercedes lak\u00f3\u00e9p\u00fclet \u2013 Magyarorsz\u00e1g<\/td>\n<td>&nbsp;N 3010, N3005<\/td>\n<\/tr>\n<tr>\n<td>Polus Constanta &#8211; Rom\u00e1nia<\/td>\n<td>&nbsp;N 3010, N3005<\/td>\n<\/tr>\n<tr>\n<td>Polus Brasov &#8211; Rom\u00e1nia<\/td>\n<td>&nbsp;N 3010, N3005<\/td>\n<\/tr>\n<tr>\n<td>Esplanada City Center &#8211; Bucharest &#8211; Rom\u00e1nia<\/td>\n<td>&nbsp;N 3010, N3005<\/td>\n<\/tr>\n<tr>\n<td>Poznan \u00faj k\u00f6zleked\u00e9si \u00e9s bev\u00e1s\u00e1rl\u00f3 komplexum &#8211; Lengyelorsz\u00e1g<\/td>\n<td>&nbsp;N 3010, N3005<\/td>\n<\/tr>\n<tr>\n<td>Bonarka for business\/Bonarka v\u00e1rosk\u00f6zpont &#8211; Lengyelorsz\u00e1g<\/td>\n<td>&nbsp;N 3010, N3005<\/td>\n<\/tr>\n<tr>\n<td colspan=\"2\">\n<h3>H\u0151szigetel\u00e9si referenci\u00e1k<\/h3>\n<\/td>\n<\/tr>\n<tr>\n<td>CHIESI Gy\u00f3gyszeripari Kutat\u00f3k\u00f6zpont \u2013 Olaszorsz\u00e1g<\/td>\n<td>Isocompact, Duct<\/td>\n<\/tr>\n<tr>\n<td>Tart\u00e1lypark \u2013 Orosh\u00e1za \u2013 Magyarorsz\u00e1g<\/td>\n<td>N3020, LVF3020<\/td>\n<\/tr>\n<tr>\n<td>Villa Nova lak\u00f3\u00e9p\u00fclet \u2013 Szlov\u00e1kia<\/td>\n<td>N3005\/AL<\/td>\n<\/tr>\n<\/tbody>\n<\/table>\n<h3><strong>Let\u00f6lt\u00e9sek<\/strong><\/h3>\n<p>Tov\u00e1bbi szigetel\u00e9si referenci\u00e1k:<\/p>\n<ul>\n<li><a href=\"https:\/\/go.insulation.trocellen.com\/ENG-Trocellen-vintage-1_pdf\">Vintage<\/a><\/li>\n<\/ul>\n<p>&nbsp;<\/p>\n","protected":false},"excerpt":{"rendered":"<p>A Trocellen fejlett szigetel\u0151ipari term\u00e9keket k\u00edn\u00e1l az \u00e9p\u00edt\u0151 \u00e9s g\u00e9pipar sz\u00e1m\u00e1ra. Sz\u00e1mos nagy volumen\u0171 projektben \u00e9s hossz\u00fat\u00e1v\u00fa egy\u00fcttm\u0171k\u00f6d\u00e9sben vesz\u00fcnk r\u00e9szt partnereinkkel. K\u00f3rh\u00e1z, P\u00e9cs Az egyik legut\u00f3bbi projekt a p\u00e9csi k\u00f3rh\u00e1z \u00e9p\u00edt\u00e9se, ahova a Trocellen szigetel\u0151ipari term\u00e9keket sz\u00e1ll\u00edtott. A szennyv\u00edzvezet\u00e9kek hangszigetel\u00e9s\u00e9re az Aplomb 11 pr\u00e9mium min\u0151s\u00e9g\u0171 hangszigetel\u0151 term\u00e9k\u00fcnket haszn\u00e1lt\u00e1k fel. Burj Khalifa A Burj Khalifa nemcsak [&hellip;]<\/p>\n","protected":false},"author":1,"featured_media":8759,"parent":4100,"menu_order":100,"comment_status":"closed","ping_status":"closed","template":"","meta":{"_acf_changed":false,"footnotes":""},"class_list":["post-4404","page","type-page","status-publish","has-post-thumbnail","hentry"],"acf":[],"yoast_head":"<!-- This site is optimized with the Yoast SEO plugin v23.5 - https:\/\/yoast.com\/wordpress\/plugins\/seo\/ -->\n<title>Nagyobb projektek a Trocellen Szigetel\u00e9s term\u00e9keivel<\/title>\n<meta name=\"description\" content=\"El\u00e9gedett \u00fcgyfeleink k\u00f6z\u00e9 tartoznak: Burj Khalifa (Dubai), Chiesi-projekt (Olaszo.), Parma Research Center (Olaszo.), lak\u00f3\u00f6vezet (UAE), p\u00e9csi k\u00f3rh\u00e1z (Mo.)\" \/>\n<meta name=\"robots\" content=\"index, follow, max-snippet:-1, max-image-preview:large, max-video-preview:-1\" \/>\n<link rel=\"canonical\" href=\"https:\/\/insulation.trocellen.com\/hu\/referenciak\/projektek\/\" \/>\n<meta property=\"og:locale\" content=\"hu_HU\" \/>\n<meta property=\"og:type\" content=\"article\" \/>\n<meta property=\"og:title\" content=\"Nagyobb projektek a Trocellen Szigetel\u00e9s term\u00e9keivel\" \/>\n<meta property=\"og:description\" content=\"El\u00e9gedett \u00fcgyfeleink k\u00f6z\u00e9 tartoznak: Burj Khalifa (Dubai), Chiesi-projekt (Olaszo.), Parma Research Center (Olaszo.), lak\u00f3\u00f6vezet (UAE), p\u00e9csi k\u00f3rh\u00e1z (Mo.)\" \/>\n<meta property=\"og:url\" content=\"https:\/\/insulation.trocellen.com\/hu\/referenciak\/projektek\/\" \/>\n<meta property=\"og:site_name\" content=\"Trocellen Insulation\" \/>\n<meta property=\"article:modified_time\" content=\"2023-07-10T09:09:57+00:00\" \/>\n<meta property=\"og:image\" content=\"https:\/\/insulation.trocellen.com\/wp-content\/uploads\/sites\/6\/2023\/05\/Projects-fejlec.jpg\" \/>\n\t<meta property=\"og:image:width\" content=\"1920\" \/>\n\t<meta property=\"og:image:height\" content=\"300\" \/>\n\t<meta property=\"og:image:type\" content=\"image\/jpeg\" \/>\n<meta name=\"twitter:card\" content=\"summary_large_image\" \/>\n<meta name=\"twitter:label1\" content=\"Becs\u00fclt olvas\u00e1si id\u0151\" \/>\n\t<meta name=\"twitter:data1\" content=\"2 perc\" \/>\n<script type=\"application\/ld+json\" class=\"yoast-schema-graph\">{\"@context\":\"https:\/\/schema.org\",\"@graph\":[{\"@type\":\"WebPage\",\"@id\":\"https:\/\/insulation.trocellen.com\/hu\/referenciak\/projektek\/\",\"url\":\"https:\/\/insulation.trocellen.com\/hu\/referenciak\/projektek\/\",\"name\":\"Nagyobb projektek a Trocellen Szigetel\u00e9s term\u00e9keivel\",\"isPartOf\":{\"@id\":\"https:\/\/insulation.trocellen.com\/hu\/#website\"},\"primaryImageOfPage\":{\"@id\":\"https:\/\/insulation.trocellen.com\/hu\/referenciak\/projektek\/#primaryimage\"},\"image\":{\"@id\":\"https:\/\/insulation.trocellen.com\/hu\/referenciak\/projektek\/#primaryimage\"},\"thumbnailUrl\":\"https:\/\/insulation.trocellen.com\/wp-content\/uploads\/sites\/6\/2023\/05\/Projects-fejlec.jpg\",\"datePublished\":\"2018-05-03T09:06:38+00:00\",\"dateModified\":\"2023-07-10T09:09:57+00:00\",\"description\":\"El\u00e9gedett \u00fcgyfeleink k\u00f6z\u00e9 tartoznak: Burj Khalifa (Dubai), Chiesi-projekt (Olaszo.), Parma Research Center (Olaszo.), lak\u00f3\u00f6vezet (UAE), p\u00e9csi k\u00f3rh\u00e1z (Mo.)\",\"breadcrumb\":{\"@id\":\"https:\/\/insulation.trocellen.com\/hu\/referenciak\/projektek\/#breadcrumb\"},\"inLanguage\":\"hu\",\"potentialAction\":[{\"@type\":\"ReadAction\",\"target\":[\"https:\/\/insulation.trocellen.com\/hu\/referenciak\/projektek\/\"]}]},{\"@type\":\"ImageObject\",\"inLanguage\":\"hu\",\"@id\":\"https:\/\/insulation.trocellen.com\/hu\/referenciak\/projektek\/#primaryimage\",\"url\":\"https:\/\/insulation.trocellen.com\/wp-content\/uploads\/sites\/6\/2023\/05\/Projects-fejlec.jpg\",\"contentUrl\":\"https:\/\/insulation.trocellen.com\/wp-content\/uploads\/sites\/6\/2023\/05\/Projects-fejlec.jpg\",\"width\":1920,\"height\":300},{\"@type\":\"BreadcrumbList\",\"@id\":\"https:\/\/insulation.trocellen.com\/hu\/referenciak\/projektek\/#breadcrumb\",\"itemListElement\":[{\"@type\":\"ListItem\",\"position\":1,\"name\":\"Home\",\"item\":\"https:\/\/insulation.trocellen.com\/hu\/\"},{\"@type\":\"ListItem\",\"position\":2,\"name\":\"Referenci\u00e1k\",\"item\":\"https:\/\/insulation.trocellen.com\/hu\/referenciak\/\"},{\"@type\":\"ListItem\",\"position\":3,\"name\":\"Projektek\"}]},{\"@type\":\"WebSite\",\"@id\":\"https:\/\/insulation.trocellen.com\/hu\/#website\",\"url\":\"https:\/\/insulation.trocellen.com\/hu\/\",\"name\":\"Trocellen Insulation\",\"description\":\"\",\"potentialAction\":[{\"@type\":\"SearchAction\",\"target\":{\"@type\":\"EntryPoint\",\"urlTemplate\":\"https:\/\/insulation.trocellen.com\/hu\/?s={search_term_string}\"},\"query-input\":{\"@type\":\"PropertyValueSpecification\",\"valueRequired\":true,\"valueName\":\"search_term_string\"}}],\"inLanguage\":\"hu\"}]}<\/script>\n<!-- \/ Yoast SEO plugin. -->","yoast_head_json":{"title":"Nagyobb projektek a Trocellen Szigetel\u00e9s term\u00e9keivel","description":"El\u00e9gedett \u00fcgyfeleink k\u00f6z\u00e9 tartoznak: Burj Khalifa (Dubai), Chiesi-projekt (Olaszo.), Parma Research Center (Olaszo.), lak\u00f3\u00f6vezet (UAE), p\u00e9csi k\u00f3rh\u00e1z (Mo.)","robots":{"index":"index","follow":"follow","max-snippet":"max-snippet:-1","max-image-preview":"max-image-preview:large","max-video-preview":"max-video-preview:-1"},"canonical":"https:\/\/insulation.trocellen.com\/hu\/referenciak\/projektek\/","og_locale":"hu_HU","og_type":"article","og_title":"Nagyobb projektek a Trocellen Szigetel\u00e9s term\u00e9keivel","og_description":"El\u00e9gedett \u00fcgyfeleink k\u00f6z\u00e9 tartoznak: Burj Khalifa (Dubai), Chiesi-projekt (Olaszo.), Parma Research Center (Olaszo.), lak\u00f3\u00f6vezet (UAE), p\u00e9csi k\u00f3rh\u00e1z (Mo.)","og_url":"https:\/\/insulation.trocellen.com\/hu\/referenciak\/projektek\/","og_site_name":"Trocellen Insulation","article_modified_time":"2023-07-10T09:09:57+00:00","og_image":[{"width":1920,"height":300,"url":"https:\/\/insulation.trocellen.com\/wp-content\/uploads\/sites\/6\/2023\/05\/Projects-fejlec.jpg","type":"image\/jpeg"}],"twitter_card":"summary_large_image","twitter_misc":{"Becs\u00fclt olvas\u00e1si id\u0151":"2 perc"},"schema":{"@context":"https:\/\/schema.org","@graph":[{"@type":"WebPage","@id":"https:\/\/insulation.trocellen.com\/hu\/referenciak\/projektek\/","url":"https:\/\/insulation.trocellen.com\/hu\/referenciak\/projektek\/","name":"Nagyobb projektek a Trocellen Szigetel\u00e9s term\u00e9keivel","isPartOf":{"@id":"https:\/\/insulation.trocellen.com\/hu\/#website"},"primaryImageOfPage":{"@id":"https:\/\/insulation.trocellen.com\/hu\/referenciak\/projektek\/#primaryimage"},"image":{"@id":"https:\/\/insulation.trocellen.com\/hu\/referenciak\/projektek\/#primaryimage"},"thumbnailUrl":"https:\/\/insulation.trocellen.com\/wp-content\/uploads\/sites\/6\/2023\/05\/Projects-fejlec.jpg","datePublished":"2018-05-03T09:06:38+00:00","dateModified":"2023-07-10T09:09:57+00:00","description":"El\u00e9gedett \u00fcgyfeleink k\u00f6z\u00e9 tartoznak: Burj Khalifa (Dubai), Chiesi-projekt (Olaszo.), Parma Research Center (Olaszo.), lak\u00f3\u00f6vezet (UAE), p\u00e9csi k\u00f3rh\u00e1z (Mo.)","breadcrumb":{"@id":"https:\/\/insulation.trocellen.com\/hu\/referenciak\/projektek\/#breadcrumb"},"inLanguage":"hu","potentialAction":[{"@type":"ReadAction","target":["https:\/\/insulation.trocellen.com\/hu\/referenciak\/projektek\/"]}]},{"@type":"ImageObject","inLanguage":"hu","@id":"https:\/\/insulation.trocellen.com\/hu\/referenciak\/projektek\/#primaryimage","url":"https:\/\/insulation.trocellen.com\/wp-content\/uploads\/sites\/6\/2023\/05\/Projects-fejlec.jpg","contentUrl":"https:\/\/insulation.trocellen.com\/wp-content\/uploads\/sites\/6\/2023\/05\/Projects-fejlec.jpg","width":1920,"height":300},{"@type":"BreadcrumbList","@id":"https:\/\/insulation.trocellen.com\/hu\/referenciak\/projektek\/#breadcrumb","itemListElement":[{"@type":"ListItem","position":1,"name":"Home","item":"https:\/\/insulation.trocellen.com\/hu\/"},{"@type":"ListItem","position":2,"name":"Referenci\u00e1k","item":"https:\/\/insulation.trocellen.com\/hu\/referenciak\/"},{"@type":"ListItem","position":3,"name":"Projektek"}]},{"@type":"WebSite","@id":"https:\/\/insulation.trocellen.com\/hu\/#website","url":"https:\/\/insulation.trocellen.com\/hu\/","name":"Trocellen Insulation","description":"","potentialAction":[{"@type":"SearchAction","target":{"@type":"EntryPoint","urlTemplate":"https:\/\/insulation.trocellen.com\/hu\/?s={search_term_string}"},"query-input":{"@type":"PropertyValueSpecification","valueRequired":true,"valueName":"search_term_string"}}],"inLanguage":"hu"}]}},"_links":{"self":[{"href":"https:\/\/insulation.trocellen.com\/hu\/wp-json\/wp\/v2\/pages\/4404","targetHints":{"allow":["GET"]}}],"collection":[{"href":"https:\/\/insulation.trocellen.com\/hu\/wp-json\/wp\/v2\/pages"}],"about":[{"href":"https:\/\/insulation.trocellen.com\/hu\/wp-json\/wp\/v2\/types\/page"}],"author":[{"embeddable":true,"href":"https:\/\/insulation.trocellen.com\/hu\/wp-json\/wp\/v2\/users\/1"}],"replies":[{"embeddable":true,"href":"https:\/\/insulation.trocellen.com\/hu\/wp-json\/wp\/v2\/comments?post=4404"}],"version-history":[{"count":1,"href":"https:\/\/insulation.trocellen.com\/hu\/wp-json\/wp\/v2\/pages\/4404\/revisions"}],"predecessor-version":[{"id":9712,"href":"https:\/\/insulation.trocellen.com\/hu\/wp-json\/wp\/v2\/pages\/4404\/revisions\/9712"}],"up":[{"embeddable":true,"href":"https:\/\/insulation.trocellen.com\/hu\/wp-json\/wp\/v2\/pages\/4100"}],"wp:featuredmedia":[{"embeddable":true,"href":"https:\/\/insulation.trocellen.com\/hu\/wp-json\/wp\/v2\/media\/8759"}],"wp:attachment":[{"href":"https:\/\/insulation.trocellen.com\/hu\/wp-json\/wp\/v2\/media?parent=4404"}],"curies":[{"name":"wp","href":"https:\/\/api.w.org\/{rel}","templated":true}]}}