{"id":4398,"date":"2017-11-22T09:21:39","date_gmt":"2017-11-22T09:21:39","guid":{"rendered":"https:\/\/insulation-new.trocellen.com\/alagutak-szigetelese\/"},"modified":"2023-07-10T09:04:27","modified_gmt":"2023-07-10T09:04:27","slug":"alagutak-szigetelese","status":"publish","type":"page","link":"https:\/\/insulation.trocellen.com\/hu\/alkalmazasok\/alagutak-vizszigetelese\/alagutak-szigetelese\/","title":{"rendered":"Alagutak szigetel\u00e9se"},"content":{"rendered":"<h2><strong>TROCELLEN T\u0170Z\u00c1LL\u00d3 ALAG\u00daTBEVONAT<\/strong><\/h2>\n<p>Az alag\u00fat k\u00fclsej\u00e9t fed\u0151 v\u00edzszigetel\u00e9sben olyan anyagokra van sz\u00fcks\u00e9g, amelyek a t\u0171zzel szembeni viselked\u00e9s szerint magas oszt\u00e1ly\u00faak, \u00e9s magas fok\u00fa mechanikai tulajdons\u00e1gokkal rendelkeznek, valamint sz\u00fcks\u00e9ges a sziv\u00e1rg\u00f3 alag\u00fatv\u00edz boltozatt\u00f3l az oromfalig val\u00f3, megfelel\u0151 elvezet\u00e9se is. A TROCELLEN TUNEL CLASIFICADO FUEGO olyan kompozit \u00e9s k\u00f6nny\u0171 m\u0171anyag lemez, amely ilyen funkci\u00f3kat k\u00edn\u00e1l.<\/p>\n<p><a href=\"https:\/\/insulation.trocellen.com\/wp-content\/uploads\/sites\/6\/2015\/09\/trocellen_duct_1.jpg\"><img loading=\"lazy\" decoding=\"async\" class=\"size-full wp-image-1555 alignnone\" src=\"https:\/\/insulation.trocellen.com\/wp-content\/uploads\/sites\/6\/2015\/09\/trocellen_duct_1.jpg\" alt=\"\" width=\"266\" height=\"193\"><\/a><a href=\"https:\/\/insulation.trocellen.com\/wp-content\/uploads\/sites\/6\/2015\/09\/trocellen_duct_2.jpg\"><img loading=\"lazy\" decoding=\"async\" class=\"alignnone size-full wp-image-1556\" src=\"https:\/\/insulation.trocellen.com\/wp-content\/uploads\/sites\/6\/2015\/09\/trocellen_duct_2.jpg\" alt=\"\" width=\"269\" height=\"194\"><\/a><\/p>\n<p>K\u00e9p: Alag\u00fat v\u00edzszigetel\u00e9s, bej\u00e1rati n\u00e9zet<\/p>\n<ul>\n<li>K\u0151zet<\/li>\n<li>Fr\u00f6csk\u00f6lt beton<\/li>\n<li>Trocellen alag\u00fat<\/li>\n<\/ul>\n<h2>TROCELLEN T\u0170Z\u00c1LL\u00d3 ALAG\u00daTBEVONAT:<\/h2>\n<h3>V\u00edzz\u00e1r\u00f3 r\u00e9teg az al\u00e1bbi anyagszerkezettel:<\/h3>\n<ul>\n<li>Technikai meger\u0151s\u00edt\u0151 sz\u00f6vet, amely nagy szak\u00edt\u00f3szil\u00e1rds\u00e1got k\u00f6lcs\u00f6n\u00f6z a term\u00e9knek, illetve biztos\u00edtja j\u00f3 szak\u00edt\u00f3szil\u00e1rds\u00e1g\u00e1t.<\/li>\n<li>Alacsony v\u00edzabszorpci\u00f3j\u00fa \u00e9s h\u0151vezet\u0151 k\u00e9pess\u00e9g\u0171, k\u00e9miailag t\u00e9rh\u00e1l\u00f3s\u00edtott polietil\u00e9n hab, amely biztos\u00edtja a lap j\u00f3 h\u0151szigetel\u0151 tulajdons\u00e1gait, \u00e9s megakad\u00e1lyozza a sziv\u00e1rg\u00e1sokat.<\/li>\n<li>Polietil\u00e9n f\u00f3lia, amely megk\u00f6nny\u00edti a be\u00e9p\u00edt\u00e9si munk\u00e1t, lehet\u0151v\u00e9 t\u00e9ve a term\u00e9k \u00e1tfed\u00e9s\u00e9nek ragaszt\u00e1s\u00e1t \/ hegeszt\u00e9s\u00e9t.<\/li>\n<\/ul>\n<h3>Tulajdons\u00e1gok \u00e9s \u00c9rt\u00e9kek (*)<\/h3>\n<table class=\"green-table\" border=\"0\">\n<thead>\n<tr>\n<th class=\"green-table-first-cell\" scope=\"col\">&nbsp;<\/th>\n<th><strong>Szabv\u00e1ny<\/strong><\/th>\n<th><strong>M\u00e9rt\u00e9kegys\u00e9g<\/strong><\/th>\n<th><strong>TROCELLEN CLASIFICADO FUEGO<\/strong><\/th>\n<\/tr>\n<\/thead>\n<tbody>\n<tr>\n<th><strong>Vastags\u00e1g<\/strong><\/th>\n<td>EN ISO 1923<\/td>\n<td>mm<\/td>\n<td>5,5<\/td>\n<\/tr>\n<tr>\n<th><strong>Fajs\u00faly<\/strong><\/th>\n<td>EN ISO 845<\/td>\n<td>gr\/m<sup>2<\/sup><\/td>\n<td>440<\/td>\n<\/tr>\n<tr>\n<th><strong>Hajl\u00e9kony v\u00edzszigetel\u0151 lemezek tov\u00e1bbszak\u00edt\u00e1si ellen\u00e1ll\u00e1sa (hosszir\u00e1ny\u00fa\/keresztir\u00e1ny\u00fa)<\/strong><\/th>\n<td>EN 12310-1<\/td>\n<td>N<\/td>\n<td><span lang=\"EN-US\">314\/246<\/span><\/td>\n<\/tr>\n<tr>\n<th><strong>T\u0171z\u00e1ll\u00f3s\u00e1gi besorol\u00e1s<\/strong><\/th>\n<td>EN 13501-1<\/td>\n<td>\u2013<\/td>\n<td>B, s1 \u2013 d0<\/td>\n<\/tr>\n<\/tbody>\n<\/table>\n<p>(*) A megadott jellemz\u0151k \u00e9s \u00e9rt\u00e9kek nem tekinthet\u0151k term\u00e9kspecifik\u00e1ci\u00f3nak. A megadott \u00e9rt\u00e9kek egy v\u00e9letlenszer\u0171en kiv\u00e1lasztott \u00e9s k\u00fcls\u0151, f\u00fcggetlen laborat\u00f3riumban m\u00e9rt, egyedi mint\u00e1b\u00f3l sz\u00e1rmaznak, \u00e9s nem garant\u00e1lnak az ut\u00f3lag el\u0151\u00e1ll\u00edtott vagy be\u00e9p\u00edtett anyag t\u00f6bbi r\u00e9sz\u00e9hez hasonl\u00f3 viselked\u00e9st.<\/p>\n<h3>El\u0151ny\u00f6k<\/h3>\n<ul>\n<li>Kis s\u00faly\u00fa rendszer<\/li>\n<li>Nagy szak\u00edt\u00f3szil\u00e1rds\u00e1g<\/li>\n<li>V\u00edz\u00e1ll\u00f3 anyag<\/li>\n<li>CFC \u00e9s kl\u00f3rmentes<\/li>\n<li>Kiv\u00e1l\u00f3 t\u0171z\u00e1ll\u00f3s\u00e1g<\/li>\n<\/ul>\n","protected":false},"excerpt":{"rendered":"<p>TROCELLEN T\u0170Z\u00c1LL\u00d3 ALAG\u00daTBEVONAT Az alag\u00fat k\u00fclsej\u00e9t fed\u0151 v\u00edzszigetel\u00e9sben olyan anyagokra van sz\u00fcks\u00e9g, amelyek a t\u0171zzel szembeni viselked\u00e9s szerint magas oszt\u00e1ly\u00faak, \u00e9s magas fok\u00fa mechanikai tulajdons\u00e1gokkal rendelkeznek, valamint sz\u00fcks\u00e9ges a sziv\u00e1rg\u00f3 alag\u00fatv\u00edz boltozatt\u00f3l az oromfalig val\u00f3, megfelel\u0151 elvezet\u00e9se is. A TROCELLEN TUNEL CLASIFICADO FUEGO olyan kompozit \u00e9s k\u00f6nny\u0171 m\u0171anyag lemez, amely ilyen funkci\u00f3kat k\u00edn\u00e1l. K\u00e9p: Alag\u00fat [&hellip;]<\/p>\n","protected":false},"author":1,"featured_media":8915,"parent":4392,"menu_order":100,"comment_status":"closed","ping_status":"closed","template":"templates\/applications.php","meta":{"_acf_changed":false,"footnotes":""},"class_list":["post-4398","page","type-page","status-publish","has-post-thumbnail","hentry"],"acf":[],"yoast_head":"<!-- This site is optimized with the Yoast SEO plugin v23.5 - https:\/\/yoast.com\/wordpress\/plugins\/seo\/ -->\n<title>A Trocellen Tunnel v\u00edz\u00e1ll\u00f3, k\u00f6nny\u0171 lemez<\/title>\n<meta name=\"description\" content=\"A t\u0171zzel szembeni viselked\u00e9s szerint magas oszt\u00e1ly\u00fa kompozitanyag, alkalmas a sziv\u00e1rg\u00f3 alag\u00fatv\u00edz elvezet\u00e9s\u00e9re a boltozatt\u00f3l az oromfalig.\" \/>\n<meta name=\"robots\" content=\"index, follow, max-snippet:-1, max-image-preview:large, max-video-preview:-1\" \/>\n<link rel=\"canonical\" href=\"https:\/\/insulation.trocellen.com\/hu\/alkalmazasok\/alagutak-vizszigetelese\/alagutak-szigetelese\/\" \/>\n<meta property=\"og:locale\" content=\"hu_HU\" \/>\n<meta property=\"og:type\" content=\"article\" \/>\n<meta property=\"og:title\" content=\"A Trocellen Tunnel v\u00edz\u00e1ll\u00f3, k\u00f6nny\u0171 lemez\" \/>\n<meta property=\"og:description\" content=\"A t\u0171zzel szembeni viselked\u00e9s szerint magas oszt\u00e1ly\u00fa kompozitanyag, alkalmas a sziv\u00e1rg\u00f3 alag\u00fatv\u00edz elvezet\u00e9s\u00e9re a boltozatt\u00f3l az oromfalig.\" \/>\n<meta property=\"og:url\" content=\"https:\/\/insulation.trocellen.com\/hu\/alkalmazasok\/alagutak-vizszigetelese\/alagutak-szigetelese\/\" \/>\n<meta property=\"og:site_name\" content=\"Trocellen Insulation\" \/>\n<meta property=\"article:modified_time\" content=\"2023-07-10T09:04:27+00:00\" \/>\n<meta property=\"og:image\" content=\"https:\/\/insulation.trocellen.com\/wp-content\/uploads\/sites\/6\/2023\/05\/tunnel-fejlec.jpg\" \/>\n\t<meta property=\"og:image:width\" content=\"1920\" \/>\n\t<meta property=\"og:image:height\" content=\"300\" \/>\n\t<meta property=\"og:image:type\" content=\"image\/jpeg\" \/>\n<meta name=\"twitter:card\" content=\"summary_large_image\" \/>\n<meta name=\"twitter:label1\" content=\"Becs\u00fclt olvas\u00e1si id\u0151\" \/>\n\t<meta name=\"twitter:data1\" content=\"2 perc\" \/>\n<script type=\"application\/ld+json\" class=\"yoast-schema-graph\">{\"@context\":\"https:\/\/schema.org\",\"@graph\":[{\"@type\":\"WebPage\",\"@id\":\"https:\/\/insulation.trocellen.com\/hu\/alkalmazasok\/alagutak-vizszigetelese\/alagutak-szigetelese\/\",\"url\":\"https:\/\/insulation.trocellen.com\/hu\/alkalmazasok\/alagutak-vizszigetelese\/alagutak-szigetelese\/\",\"name\":\"A Trocellen Tunnel v\u00edz\u00e1ll\u00f3, k\u00f6nny\u0171 lemez\",\"isPartOf\":{\"@id\":\"https:\/\/insulation.trocellen.com\/hu\/#website\"},\"primaryImageOfPage\":{\"@id\":\"https:\/\/insulation.trocellen.com\/hu\/alkalmazasok\/alagutak-vizszigetelese\/alagutak-szigetelese\/#primaryimage\"},\"image\":{\"@id\":\"https:\/\/insulation.trocellen.com\/hu\/alkalmazasok\/alagutak-vizszigetelese\/alagutak-szigetelese\/#primaryimage\"},\"thumbnailUrl\":\"https:\/\/insulation.trocellen.com\/wp-content\/uploads\/sites\/6\/2023\/05\/tunnel-fejlec.jpg\",\"datePublished\":\"2017-11-22T09:21:39+00:00\",\"dateModified\":\"2023-07-10T09:04:27+00:00\",\"description\":\"A t\u0171zzel szembeni viselked\u00e9s szerint magas oszt\u00e1ly\u00fa kompozitanyag, alkalmas a sziv\u00e1rg\u00f3 alag\u00fatv\u00edz elvezet\u00e9s\u00e9re a boltozatt\u00f3l az oromfalig.\",\"breadcrumb\":{\"@id\":\"https:\/\/insulation.trocellen.com\/hu\/alkalmazasok\/alagutak-vizszigetelese\/alagutak-szigetelese\/#breadcrumb\"},\"inLanguage\":\"hu\",\"potentialAction\":[{\"@type\":\"ReadAction\",\"target\":[\"https:\/\/insulation.trocellen.com\/hu\/alkalmazasok\/alagutak-vizszigetelese\/alagutak-szigetelese\/\"]}]},{\"@type\":\"ImageObject\",\"inLanguage\":\"hu\",\"@id\":\"https:\/\/insulation.trocellen.com\/hu\/alkalmazasok\/alagutak-vizszigetelese\/alagutak-szigetelese\/#primaryimage\",\"url\":\"https:\/\/insulation.trocellen.com\/wp-content\/uploads\/sites\/6\/2023\/05\/tunnel-fejlec.jpg\",\"contentUrl\":\"https:\/\/insulation.trocellen.com\/wp-content\/uploads\/sites\/6\/2023\/05\/tunnel-fejlec.jpg\",\"width\":1920,\"height\":300},{\"@type\":\"BreadcrumbList\",\"@id\":\"https:\/\/insulation.trocellen.com\/hu\/alkalmazasok\/alagutak-vizszigetelese\/alagutak-szigetelese\/#breadcrumb\",\"itemListElement\":[{\"@type\":\"ListItem\",\"position\":1,\"name\":\"Home\",\"item\":\"https:\/\/insulation.trocellen.com\/hu\/\"},{\"@type\":\"ListItem\",\"position\":2,\"name\":\"Alkalmaz\u00e1sok\",\"item\":\"https:\/\/insulation.trocellen.com\/hu\/alkalmazasok\/\"},{\"@type\":\"ListItem\",\"position\":3,\"name\":\"Alagutak v\u00edzszigetel\u00e9se\",\"item\":\"https:\/\/insulation.trocellen.com\/hu\/alkalmazasok\/alagutak-vizszigetelese\/\"},{\"@type\":\"ListItem\",\"position\":4,\"name\":\"Alagutak szigetel\u00e9se\"}]},{\"@type\":\"WebSite\",\"@id\":\"https:\/\/insulation.trocellen.com\/hu\/#website\",\"url\":\"https:\/\/insulation.trocellen.com\/hu\/\",\"name\":\"Trocellen Insulation\",\"description\":\"\",\"potentialAction\":[{\"@type\":\"SearchAction\",\"target\":{\"@type\":\"EntryPoint\",\"urlTemplate\":\"https:\/\/insulation.trocellen.com\/hu\/?s={search_term_string}\"},\"query-input\":{\"@type\":\"PropertyValueSpecification\",\"valueRequired\":true,\"valueName\":\"search_term_string\"}}],\"inLanguage\":\"hu\"}]}<\/script>\n<!-- \/ Yoast SEO plugin. -->","yoast_head_json":{"title":"A Trocellen Tunnel v\u00edz\u00e1ll\u00f3, k\u00f6nny\u0171 lemez","description":"A t\u0171zzel szembeni viselked\u00e9s szerint magas oszt\u00e1ly\u00fa kompozitanyag, alkalmas a sziv\u00e1rg\u00f3 alag\u00fatv\u00edz elvezet\u00e9s\u00e9re a boltozatt\u00f3l az oromfalig.","robots":{"index":"index","follow":"follow","max-snippet":"max-snippet:-1","max-image-preview":"max-image-preview:large","max-video-preview":"max-video-preview:-1"},"canonical":"https:\/\/insulation.trocellen.com\/hu\/alkalmazasok\/alagutak-vizszigetelese\/alagutak-szigetelese\/","og_locale":"hu_HU","og_type":"article","og_title":"A Trocellen Tunnel v\u00edz\u00e1ll\u00f3, k\u00f6nny\u0171 lemez","og_description":"A t\u0171zzel szembeni viselked\u00e9s szerint magas oszt\u00e1ly\u00fa kompozitanyag, alkalmas a sziv\u00e1rg\u00f3 alag\u00fatv\u00edz elvezet\u00e9s\u00e9re a boltozatt\u00f3l az oromfalig.","og_url":"https:\/\/insulation.trocellen.com\/hu\/alkalmazasok\/alagutak-vizszigetelese\/alagutak-szigetelese\/","og_site_name":"Trocellen Insulation","article_modified_time":"2023-07-10T09:04:27+00:00","og_image":[{"width":1920,"height":300,"url":"https:\/\/insulation.trocellen.com\/wp-content\/uploads\/sites\/6\/2023\/05\/tunnel-fejlec.jpg","type":"image\/jpeg"}],"twitter_card":"summary_large_image","twitter_misc":{"Becs\u00fclt olvas\u00e1si id\u0151":"2 perc"},"schema":{"@context":"https:\/\/schema.org","@graph":[{"@type":"WebPage","@id":"https:\/\/insulation.trocellen.com\/hu\/alkalmazasok\/alagutak-vizszigetelese\/alagutak-szigetelese\/","url":"https:\/\/insulation.trocellen.com\/hu\/alkalmazasok\/alagutak-vizszigetelese\/alagutak-szigetelese\/","name":"A Trocellen Tunnel v\u00edz\u00e1ll\u00f3, k\u00f6nny\u0171 lemez","isPartOf":{"@id":"https:\/\/insulation.trocellen.com\/hu\/#website"},"primaryImageOfPage":{"@id":"https:\/\/insulation.trocellen.com\/hu\/alkalmazasok\/alagutak-vizszigetelese\/alagutak-szigetelese\/#primaryimage"},"image":{"@id":"https:\/\/insulation.trocellen.com\/hu\/alkalmazasok\/alagutak-vizszigetelese\/alagutak-szigetelese\/#primaryimage"},"thumbnailUrl":"https:\/\/insulation.trocellen.com\/wp-content\/uploads\/sites\/6\/2023\/05\/tunnel-fejlec.jpg","datePublished":"2017-11-22T09:21:39+00:00","dateModified":"2023-07-10T09:04:27+00:00","description":"A t\u0171zzel szembeni viselked\u00e9s szerint magas oszt\u00e1ly\u00fa kompozitanyag, alkalmas a sziv\u00e1rg\u00f3 alag\u00fatv\u00edz elvezet\u00e9s\u00e9re a boltozatt\u00f3l az oromfalig.","breadcrumb":{"@id":"https:\/\/insulation.trocellen.com\/hu\/alkalmazasok\/alagutak-vizszigetelese\/alagutak-szigetelese\/#breadcrumb"},"inLanguage":"hu","potentialAction":[{"@type":"ReadAction","target":["https:\/\/insulation.trocellen.com\/hu\/alkalmazasok\/alagutak-vizszigetelese\/alagutak-szigetelese\/"]}]},{"@type":"ImageObject","inLanguage":"hu","@id":"https:\/\/insulation.trocellen.com\/hu\/alkalmazasok\/alagutak-vizszigetelese\/alagutak-szigetelese\/#primaryimage","url":"https:\/\/insulation.trocellen.com\/wp-content\/uploads\/sites\/6\/2023\/05\/tunnel-fejlec.jpg","contentUrl":"https:\/\/insulation.trocellen.com\/wp-content\/uploads\/sites\/6\/2023\/05\/tunnel-fejlec.jpg","width":1920,"height":300},{"@type":"BreadcrumbList","@id":"https:\/\/insulation.trocellen.com\/hu\/alkalmazasok\/alagutak-vizszigetelese\/alagutak-szigetelese\/#breadcrumb","itemListElement":[{"@type":"ListItem","position":1,"name":"Home","item":"https:\/\/insulation.trocellen.com\/hu\/"},{"@type":"ListItem","position":2,"name":"Alkalmaz\u00e1sok","item":"https:\/\/insulation.trocellen.com\/hu\/alkalmazasok\/"},{"@type":"ListItem","position":3,"name":"Alagutak v\u00edzszigetel\u00e9se","item":"https:\/\/insulation.trocellen.com\/hu\/alkalmazasok\/alagutak-vizszigetelese\/"},{"@type":"ListItem","position":4,"name":"Alagutak szigetel\u00e9se"}]},{"@type":"WebSite","@id":"https:\/\/insulation.trocellen.com\/hu\/#website","url":"https:\/\/insulation.trocellen.com\/hu\/","name":"Trocellen Insulation","description":"","potentialAction":[{"@type":"SearchAction","target":{"@type":"EntryPoint","urlTemplate":"https:\/\/insulation.trocellen.com\/hu\/?s={search_term_string}"},"query-input":{"@type":"PropertyValueSpecification","valueRequired":true,"valueName":"search_term_string"}}],"inLanguage":"hu"}]}},"_links":{"self":[{"href":"https:\/\/insulation.trocellen.com\/hu\/wp-json\/wp\/v2\/pages\/4398","targetHints":{"allow":["GET"]}}],"collection":[{"href":"https:\/\/insulation.trocellen.com\/hu\/wp-json\/wp\/v2\/pages"}],"about":[{"href":"https:\/\/insulation.trocellen.com\/hu\/wp-json\/wp\/v2\/types\/page"}],"author":[{"embeddable":true,"href":"https:\/\/insulation.trocellen.com\/hu\/wp-json\/wp\/v2\/users\/1"}],"replies":[{"embeddable":true,"href":"https:\/\/insulation.trocellen.com\/hu\/wp-json\/wp\/v2\/comments?post=4398"}],"version-history":[{"count":1,"href":"https:\/\/insulation.trocellen.com\/hu\/wp-json\/wp\/v2\/pages\/4398\/revisions"}],"predecessor-version":[{"id":9707,"href":"https:\/\/insulation.trocellen.com\/hu\/wp-json\/wp\/v2\/pages\/4398\/revisions\/9707"}],"up":[{"embeddable":true,"href":"https:\/\/insulation.trocellen.com\/hu\/wp-json\/wp\/v2\/pages\/4392"}],"wp:featuredmedia":[{"embeddable":true,"href":"https:\/\/insulation.trocellen.com\/hu\/wp-json\/wp\/v2\/media\/8915"}],"wp:attachment":[{"href":"https:\/\/insulation.trocellen.com\/hu\/wp-json\/wp\/v2\/media?parent=4398"}],"curies":[{"name":"wp","href":"https:\/\/api.w.org\/{rel}","templated":true}]}}