{"id":4386,"date":"2017-07-10T13:40:43","date_gmt":"2017-07-10T13:40:43","guid":{"rendered":"https:\/\/insulation-new.trocellen.com\/kapcsolatfelveteli-urlap\/"},"modified":"2023-07-10T09:06:02","modified_gmt":"2023-07-10T09:06:02","slug":"kapcsolatfelveteli-urlap","status":"publish","type":"page","link":"https:\/\/insulation.trocellen.com\/hu\/kapcsolatfelveteli-urlap\/","title":{"rendered":"Kapcsolatfelv\u00e9teli \u0171rlap"},"content":{"rendered":"\n<div style=\"height:15px\" aria-hidden=\"true\" class=\"wp-block-spacer\"><\/div>\n\n\n\n<p class=\"has-text-color\" style=\"color:#4ea346;font-size:21px\"><strong>\u00d6r\u00fcl\u00fcnk, ha kapcsolatba l\u00e9p vel\u00fcnk.<\/strong><\/p>\n\n\n\n<p>K\u00fcldje el \u00fczenet\u00e9t az al\u00e1bbi adatlapon vagy k\u00f6zvetlen\u00fcl munkat\u00e1rsainknak \u00e9s hamarosan jelentkez\u00fcnk \u00d6nn\u00e9l.<\/p>\n","protected":false},"excerpt":{"rendered":"<p>\u00d6r\u00fcl\u00fcnk, ha kapcsolatba l\u00e9p vel\u00fcnk. K\u00fcldje el \u00fczenet\u00e9t az al\u00e1bbi adatlapon vagy k\u00f6zvetlen\u00fcl munkat\u00e1rsainknak \u00e9s hamarosan jelentkez\u00fcnk \u00d6nn\u00e9l.<\/p>\n","protected":false},"author":1,"featured_media":8791,"parent":0,"menu_order":700,"comment_status":"closed","ping_status":"closed","template":"templates\/contact.php","meta":{"_acf_changed":false,"footnotes":""},"class_list":["post-4386","page","type-page","status-publish","has-post-thumbnail","hentry"],"acf":[],"yoast_head":"<!-- This site is optimized with the Yoast SEO plugin v23.5 - https:\/\/yoast.com\/wordpress\/plugins\/seo\/ -->\n<title>Kapcsolatfelv\u00e9tel a Trocellen Szigetel\u00e9s csapat\u00e1val<\/title>\n<meta name=\"robots\" content=\"index, follow, max-snippet:-1, max-image-preview:large, max-video-preview:-1\" \/>\n<link rel=\"canonical\" href=\"https:\/\/insulation.trocellen.com\/hu\/kapcsolatfelveteli-urlap\/\" \/>\n<meta property=\"og:locale\" content=\"hu_HU\" \/>\n<meta property=\"og:type\" content=\"article\" \/>\n<meta property=\"og:title\" content=\"Kapcsolatfelv\u00e9tel a Trocellen Szigetel\u00e9s csapat\u00e1val\" \/>\n<meta property=\"og:description\" content=\"\u00d6r\u00fcl\u00fcnk, ha kapcsolatba l\u00e9p vel\u00fcnk. K\u00fcldje el \u00fczenet\u00e9t az al\u00e1bbi adatlapon vagy k\u00f6zvetlen\u00fcl munkat\u00e1rsainknak \u00e9s hamarosan jelentkez\u00fcnk \u00d6nn\u00e9l.\" \/>\n<meta property=\"og:url\" content=\"https:\/\/insulation.trocellen.com\/hu\/kapcsolatfelveteli-urlap\/\" \/>\n<meta property=\"og:site_name\" content=\"Trocellen Insulation\" \/>\n<meta property=\"article:modified_time\" content=\"2023-07-10T09:06:02+00:00\" \/>\n<meta property=\"og:image\" content=\"https:\/\/insulation.trocellen.com\/wp-content\/uploads\/sites\/6\/2023\/05\/Contact-fejlec.jpg\" \/>\n\t<meta property=\"og:image:width\" content=\"1920\" \/>\n\t<meta property=\"og:image:height\" content=\"300\" \/>\n\t<meta property=\"og:image:type\" content=\"image\/jpeg\" \/>\n<meta name=\"twitter:card\" content=\"summary_large_image\" \/>\n<meta name=\"twitter:label1\" content=\"Becs\u00fclt olvas\u00e1si id\u0151\" \/>\n\t<meta name=\"twitter:data1\" content=\"1 perc\" \/>\n<script type=\"application\/ld+json\" class=\"yoast-schema-graph\">{\"@context\":\"https:\/\/schema.org\",\"@graph\":[{\"@type\":\"WebPage\",\"@id\":\"https:\/\/insulation.trocellen.com\/hu\/kapcsolatfelveteli-urlap\/\",\"url\":\"https:\/\/insulation.trocellen.com\/hu\/kapcsolatfelveteli-urlap\/\",\"name\":\"Kapcsolatfelv\u00e9tel a Trocellen Szigetel\u00e9s csapat\u00e1val\",\"isPartOf\":{\"@id\":\"https:\/\/insulation.trocellen.com\/hu\/#website\"},\"primaryImageOfPage\":{\"@id\":\"https:\/\/insulation.trocellen.com\/hu\/kapcsolatfelveteli-urlap\/#primaryimage\"},\"image\":{\"@id\":\"https:\/\/insulation.trocellen.com\/hu\/kapcsolatfelveteli-urlap\/#primaryimage\"},\"thumbnailUrl\":\"https:\/\/insulation.trocellen.com\/wp-content\/uploads\/sites\/6\/2023\/05\/Contact-fejlec.jpg\",\"datePublished\":\"2017-07-10T13:40:43+00:00\",\"dateModified\":\"2023-07-10T09:06:02+00:00\",\"breadcrumb\":{\"@id\":\"https:\/\/insulation.trocellen.com\/hu\/kapcsolatfelveteli-urlap\/#breadcrumb\"},\"inLanguage\":\"hu\",\"potentialAction\":[{\"@type\":\"ReadAction\",\"target\":[\"https:\/\/insulation.trocellen.com\/hu\/kapcsolatfelveteli-urlap\/\"]}]},{\"@type\":\"ImageObject\",\"inLanguage\":\"hu\",\"@id\":\"https:\/\/insulation.trocellen.com\/hu\/kapcsolatfelveteli-urlap\/#primaryimage\",\"url\":\"https:\/\/insulation.trocellen.com\/wp-content\/uploads\/sites\/6\/2023\/05\/Contact-fejlec.jpg\",\"contentUrl\":\"https:\/\/insulation.trocellen.com\/wp-content\/uploads\/sites\/6\/2023\/05\/Contact-fejlec.jpg\",\"width\":1920,\"height\":300},{\"@type\":\"BreadcrumbList\",\"@id\":\"https:\/\/insulation.trocellen.com\/hu\/kapcsolatfelveteli-urlap\/#breadcrumb\",\"itemListElement\":[{\"@type\":\"ListItem\",\"position\":1,\"name\":\"Home\",\"item\":\"https:\/\/insulation.trocellen.com\/hu\/\"},{\"@type\":\"ListItem\",\"position\":2,\"name\":\"Kapcsolatfelv\u00e9teli \u0171rlap\"}]},{\"@type\":\"WebSite\",\"@id\":\"https:\/\/insulation.trocellen.com\/hu\/#website\",\"url\":\"https:\/\/insulation.trocellen.com\/hu\/\",\"name\":\"Trocellen Insulation\",\"description\":\"\",\"potentialAction\":[{\"@type\":\"SearchAction\",\"target\":{\"@type\":\"EntryPoint\",\"urlTemplate\":\"https:\/\/insulation.trocellen.com\/hu\/?s={search_term_string}\"},\"query-input\":{\"@type\":\"PropertyValueSpecification\",\"valueRequired\":true,\"valueName\":\"search_term_string\"}}],\"inLanguage\":\"hu\"}]}<\/script>\n<!-- \/ Yoast SEO plugin. -->","yoast_head_json":{"title":"Kapcsolatfelv\u00e9tel a Trocellen Szigetel\u00e9s csapat\u00e1val","robots":{"index":"index","follow":"follow","max-snippet":"max-snippet:-1","max-image-preview":"max-image-preview:large","max-video-preview":"max-video-preview:-1"},"canonical":"https:\/\/insulation.trocellen.com\/hu\/kapcsolatfelveteli-urlap\/","og_locale":"hu_HU","og_type":"article","og_title":"Kapcsolatfelv\u00e9tel a Trocellen Szigetel\u00e9s csapat\u00e1val","og_description":"\u00d6r\u00fcl\u00fcnk, ha kapcsolatba l\u00e9p vel\u00fcnk. K\u00fcldje el \u00fczenet\u00e9t az al\u00e1bbi adatlapon vagy k\u00f6zvetlen\u00fcl munkat\u00e1rsainknak \u00e9s hamarosan jelentkez\u00fcnk \u00d6nn\u00e9l.","og_url":"https:\/\/insulation.trocellen.com\/hu\/kapcsolatfelveteli-urlap\/","og_site_name":"Trocellen Insulation","article_modified_time":"2023-07-10T09:06:02+00:00","og_image":[{"width":1920,"height":300,"url":"https:\/\/insulation.trocellen.com\/wp-content\/uploads\/sites\/6\/2023\/05\/Contact-fejlec.jpg","type":"image\/jpeg"}],"twitter_card":"summary_large_image","twitter_misc":{"Becs\u00fclt olvas\u00e1si id\u0151":"1 perc"},"schema":{"@context":"https:\/\/schema.org","@graph":[{"@type":"WebPage","@id":"https:\/\/insulation.trocellen.com\/hu\/kapcsolatfelveteli-urlap\/","url":"https:\/\/insulation.trocellen.com\/hu\/kapcsolatfelveteli-urlap\/","name":"Kapcsolatfelv\u00e9tel a Trocellen Szigetel\u00e9s csapat\u00e1val","isPartOf":{"@id":"https:\/\/insulation.trocellen.com\/hu\/#website"},"primaryImageOfPage":{"@id":"https:\/\/insulation.trocellen.com\/hu\/kapcsolatfelveteli-urlap\/#primaryimage"},"image":{"@id":"https:\/\/insulation.trocellen.com\/hu\/kapcsolatfelveteli-urlap\/#primaryimage"},"thumbnailUrl":"https:\/\/insulation.trocellen.com\/wp-content\/uploads\/sites\/6\/2023\/05\/Contact-fejlec.jpg","datePublished":"2017-07-10T13:40:43+00:00","dateModified":"2023-07-10T09:06:02+00:00","breadcrumb":{"@id":"https:\/\/insulation.trocellen.com\/hu\/kapcsolatfelveteli-urlap\/#breadcrumb"},"inLanguage":"hu","potentialAction":[{"@type":"ReadAction","target":["https:\/\/insulation.trocellen.com\/hu\/kapcsolatfelveteli-urlap\/"]}]},{"@type":"ImageObject","inLanguage":"hu","@id":"https:\/\/insulation.trocellen.com\/hu\/kapcsolatfelveteli-urlap\/#primaryimage","url":"https:\/\/insulation.trocellen.com\/wp-content\/uploads\/sites\/6\/2023\/05\/Contact-fejlec.jpg","contentUrl":"https:\/\/insulation.trocellen.com\/wp-content\/uploads\/sites\/6\/2023\/05\/Contact-fejlec.jpg","width":1920,"height":300},{"@type":"BreadcrumbList","@id":"https:\/\/insulation.trocellen.com\/hu\/kapcsolatfelveteli-urlap\/#breadcrumb","itemListElement":[{"@type":"ListItem","position":1,"name":"Home","item":"https:\/\/insulation.trocellen.com\/hu\/"},{"@type":"ListItem","position":2,"name":"Kapcsolatfelv\u00e9teli \u0171rlap"}]},{"@type":"WebSite","@id":"https:\/\/insulation.trocellen.com\/hu\/#website","url":"https:\/\/insulation.trocellen.com\/hu\/","name":"Trocellen Insulation","description":"","potentialAction":[{"@type":"SearchAction","target":{"@type":"EntryPoint","urlTemplate":"https:\/\/insulation.trocellen.com\/hu\/?s={search_term_string}"},"query-input":{"@type":"PropertyValueSpecification","valueRequired":true,"valueName":"search_term_string"}}],"inLanguage":"hu"}]}},"_links":{"self":[{"href":"https:\/\/insulation.trocellen.com\/hu\/wp-json\/wp\/v2\/pages\/4386","targetHints":{"allow":["GET"]}}],"collection":[{"href":"https:\/\/insulation.trocellen.com\/hu\/wp-json\/wp\/v2\/pages"}],"about":[{"href":"https:\/\/insulation.trocellen.com\/hu\/wp-json\/wp\/v2\/types\/page"}],"author":[{"embeddable":true,"href":"https:\/\/insulation.trocellen.com\/hu\/wp-json\/wp\/v2\/users\/1"}],"replies":[{"embeddable":true,"href":"https:\/\/insulation.trocellen.com\/hu\/wp-json\/wp\/v2\/comments?post=4386"}],"version-history":[{"count":3,"href":"https:\/\/insulation.trocellen.com\/hu\/wp-json\/wp\/v2\/pages\/4386\/revisions"}],"predecessor-version":[{"id":5793,"href":"https:\/\/insulation.trocellen.com\/hu\/wp-json\/wp\/v2\/pages\/4386\/revisions\/5793"}],"wp:featuredmedia":[{"embeddable":true,"href":"https:\/\/insulation.trocellen.com\/hu\/wp-json\/wp\/v2\/media\/8791"}],"wp:attachment":[{"href":"https:\/\/insulation.trocellen.com\/hu\/wp-json\/wp\/v2\/media?parent=4386"}],"curies":[{"name":"wp","href":"https:\/\/api.w.org\/{rel}","templated":true}]}}