{"id":4374,"date":"2017-05-23T12:10:27","date_gmt":"2017-05-23T12:10:27","guid":{"rendered":"https:\/\/insulation-new.trocellen.com\/fooldal\/"},"modified":"2023-12-14T16:20:14","modified_gmt":"2023-12-14T16:20:14","slug":"homepage","status":"publish","type":"page","link":"https:\/\/insulation.trocellen.com\/hu\/","title":{"rendered":"F\u0151oldal"},"content":{"rendered":"\n<p>Szenved\u00e9ly\u00fcnk:<br>Az emberek k\u00e9nyelme<br><\/p>\n","protected":false},"excerpt":{"rendered":"<p>Szenved\u00e9ly\u00fcnk:Az emberek k\u00e9nyelme<\/p>\n","protected":false},"author":1,"featured_media":0,"parent":0,"menu_order":0,"comment_status":"closed","ping_status":"closed","template":"templates\/homepage.php","meta":{"_acf_changed":false,"footnotes":""},"class_list":["post-4374","page","type-page","status-publish","hentry"],"acf":[],"yoast_head":"<!-- This site is optimized with the Yoast SEO plugin v23.5 - https:\/\/yoast.com\/wordpress\/plugins\/seo\/ -->\n<title>A Trocellen Szigetel\u00e9s \u00fczlet\u00e1g\u00e1nak honlapja<\/title>\n<meta name=\"description\" content=\"H\u0151- \u00e9s hangszigetel\u00e9s \u2013 fenntarthat\u00f3 megold\u00e1sok, tan\u00fas\u00edtv\u00e1nyok. Eur\u00f3pai gy\u00e1rt\u00e1s, m\u00e9rn\u00f6ki \u00e9s \u00e9rt\u00e9kes\u00edt\u00e9si szolg\u00e1ltat\u00e1sok.\" \/>\n<meta name=\"robots\" content=\"index, follow, max-snippet:-1, max-image-preview:large, max-video-preview:-1\" \/>\n<link rel=\"canonical\" href=\"https:\/\/insulation.trocellen.com\/hu\/\" \/>\n<meta property=\"og:locale\" content=\"hu_HU\" \/>\n<meta property=\"og:type\" content=\"article\" \/>\n<meta property=\"og:title\" content=\"A Trocellen Szigetel\u00e9s \u00fczlet\u00e1g\u00e1nak honlapja\" \/>\n<meta property=\"og:description\" content=\"H\u0151- \u00e9s hangszigetel\u00e9s \u2013 fenntarthat\u00f3 megold\u00e1sok, tan\u00fas\u00edtv\u00e1nyok. Eur\u00f3pai gy\u00e1rt\u00e1s, m\u00e9rn\u00f6ki \u00e9s \u00e9rt\u00e9kes\u00edt\u00e9si szolg\u00e1ltat\u00e1sok.\" \/>\n<meta property=\"og:url\" content=\"https:\/\/insulation.trocellen.com\/hu\/\" \/>\n<meta property=\"og:site_name\" content=\"Trocellen Insulation\" \/>\n<meta property=\"article:modified_time\" content=\"2023-12-14T16:20:14+00:00\" \/>\n<meta name=\"twitter:card\" content=\"summary_large_image\" \/>\n<meta name=\"twitter:label1\" content=\"Becs\u00fclt olvas\u00e1si id\u0151\" \/>\n\t<meta name=\"twitter:data1\" content=\"1 perc\" \/>\n<script type=\"application\/ld+json\" class=\"yoast-schema-graph\">{\"@context\":\"https:\/\/schema.org\",\"@graph\":[{\"@type\":\"WebPage\",\"@id\":\"https:\/\/insulation.trocellen.com\/hu\/\",\"url\":\"https:\/\/insulation.trocellen.com\/hu\/\",\"name\":\"A Trocellen Szigetel\u00e9s \u00fczlet\u00e1g\u00e1nak honlapja\",\"isPartOf\":{\"@id\":\"https:\/\/insulation.trocellen.com\/hu\/#website\"},\"datePublished\":\"2017-05-23T12:10:27+00:00\",\"dateModified\":\"2023-12-14T16:20:14+00:00\",\"description\":\"H\u0151- \u00e9s hangszigetel\u00e9s \u2013 fenntarthat\u00f3 megold\u00e1sok, tan\u00fas\u00edtv\u00e1nyok. Eur\u00f3pai gy\u00e1rt\u00e1s, m\u00e9rn\u00f6ki \u00e9s \u00e9rt\u00e9kes\u00edt\u00e9si szolg\u00e1ltat\u00e1sok.\",\"breadcrumb\":{\"@id\":\"https:\/\/insulation.trocellen.com\/hu\/#breadcrumb\"},\"inLanguage\":\"hu\",\"potentialAction\":[{\"@type\":\"ReadAction\",\"target\":[\"https:\/\/insulation.trocellen.com\/hu\/\"]}]},{\"@type\":\"BreadcrumbList\",\"@id\":\"https:\/\/insulation.trocellen.com\/hu\/#breadcrumb\",\"itemListElement\":[{\"@type\":\"ListItem\",\"position\":1,\"name\":\"Home\",\"item\":\"https:\/\/insulation.trocellen.com\/hu\/\"},{\"@type\":\"ListItem\",\"position\":2,\"name\":\"F\u0151oldal\"}]},{\"@type\":\"WebSite\",\"@id\":\"https:\/\/insulation.trocellen.com\/hu\/#website\",\"url\":\"https:\/\/insulation.trocellen.com\/hu\/\",\"name\":\"Trocellen Insulation\",\"description\":\"\",\"potentialAction\":[{\"@type\":\"SearchAction\",\"target\":{\"@type\":\"EntryPoint\",\"urlTemplate\":\"https:\/\/insulation.trocellen.com\/hu\/?s={search_term_string}\"},\"query-input\":{\"@type\":\"PropertyValueSpecification\",\"valueRequired\":true,\"valueName\":\"search_term_string\"}}],\"inLanguage\":\"hu\"}]}<\/script>\n<!-- \/ Yoast SEO plugin. -->","yoast_head_json":{"title":"A Trocellen Szigetel\u00e9s \u00fczlet\u00e1g\u00e1nak honlapja","description":"H\u0151- \u00e9s hangszigetel\u00e9s \u2013 fenntarthat\u00f3 megold\u00e1sok, tan\u00fas\u00edtv\u00e1nyok. Eur\u00f3pai gy\u00e1rt\u00e1s, m\u00e9rn\u00f6ki \u00e9s \u00e9rt\u00e9kes\u00edt\u00e9si szolg\u00e1ltat\u00e1sok.","robots":{"index":"index","follow":"follow","max-snippet":"max-snippet:-1","max-image-preview":"max-image-preview:large","max-video-preview":"max-video-preview:-1"},"canonical":"https:\/\/insulation.trocellen.com\/hu\/","og_locale":"hu_HU","og_type":"article","og_title":"A Trocellen Szigetel\u00e9s \u00fczlet\u00e1g\u00e1nak honlapja","og_description":"H\u0151- \u00e9s hangszigetel\u00e9s \u2013 fenntarthat\u00f3 megold\u00e1sok, tan\u00fas\u00edtv\u00e1nyok. Eur\u00f3pai gy\u00e1rt\u00e1s, m\u00e9rn\u00f6ki \u00e9s \u00e9rt\u00e9kes\u00edt\u00e9si szolg\u00e1ltat\u00e1sok.","og_url":"https:\/\/insulation.trocellen.com\/hu\/","og_site_name":"Trocellen Insulation","article_modified_time":"2023-12-14T16:20:14+00:00","twitter_card":"summary_large_image","twitter_misc":{"Becs\u00fclt olvas\u00e1si id\u0151":"1 perc"},"schema":{"@context":"https:\/\/schema.org","@graph":[{"@type":"WebPage","@id":"https:\/\/insulation.trocellen.com\/hu\/","url":"https:\/\/insulation.trocellen.com\/hu\/","name":"A Trocellen Szigetel\u00e9s \u00fczlet\u00e1g\u00e1nak honlapja","isPartOf":{"@id":"https:\/\/insulation.trocellen.com\/hu\/#website"},"datePublished":"2017-05-23T12:10:27+00:00","dateModified":"2023-12-14T16:20:14+00:00","description":"H\u0151- \u00e9s hangszigetel\u00e9s \u2013 fenntarthat\u00f3 megold\u00e1sok, tan\u00fas\u00edtv\u00e1nyok. Eur\u00f3pai gy\u00e1rt\u00e1s, m\u00e9rn\u00f6ki \u00e9s \u00e9rt\u00e9kes\u00edt\u00e9si szolg\u00e1ltat\u00e1sok.","breadcrumb":{"@id":"https:\/\/insulation.trocellen.com\/hu\/#breadcrumb"},"inLanguage":"hu","potentialAction":[{"@type":"ReadAction","target":["https:\/\/insulation.trocellen.com\/hu\/"]}]},{"@type":"BreadcrumbList","@id":"https:\/\/insulation.trocellen.com\/hu\/#breadcrumb","itemListElement":[{"@type":"ListItem","position":1,"name":"Home","item":"https:\/\/insulation.trocellen.com\/hu\/"},{"@type":"ListItem","position":2,"name":"F\u0151oldal"}]},{"@type":"WebSite","@id":"https:\/\/insulation.trocellen.com\/hu\/#website","url":"https:\/\/insulation.trocellen.com\/hu\/","name":"Trocellen Insulation","description":"","potentialAction":[{"@type":"SearchAction","target":{"@type":"EntryPoint","urlTemplate":"https:\/\/insulation.trocellen.com\/hu\/?s={search_term_string}"},"query-input":{"@type":"PropertyValueSpecification","valueRequired":true,"valueName":"search_term_string"}}],"inLanguage":"hu"}]}},"_links":{"self":[{"href":"https:\/\/insulation.trocellen.com\/hu\/wp-json\/wp\/v2\/pages\/4374","targetHints":{"allow":["GET"]}}],"collection":[{"href":"https:\/\/insulation.trocellen.com\/hu\/wp-json\/wp\/v2\/pages"}],"about":[{"href":"https:\/\/insulation.trocellen.com\/hu\/wp-json\/wp\/v2\/types\/page"}],"author":[{"embeddable":true,"href":"https:\/\/insulation.trocellen.com\/hu\/wp-json\/wp\/v2\/users\/1"}],"replies":[{"embeddable":true,"href":"https:\/\/insulation.trocellen.com\/hu\/wp-json\/wp\/v2\/comments?post=4374"}],"version-history":[{"count":12,"href":"https:\/\/insulation.trocellen.com\/hu\/wp-json\/wp\/v2\/pages\/4374\/revisions"}],"predecessor-version":[{"id":10317,"href":"https:\/\/insulation.trocellen.com\/hu\/wp-json\/wp\/v2\/pages\/4374\/revisions\/10317"}],"wp:attachment":[{"href":"https:\/\/insulation.trocellen.com\/hu\/wp-json\/wp\/v2\/media?parent=4374"}],"curies":[{"name":"wp","href":"https:\/\/api.w.org\/{rel}","templated":true}]}}