{"id":4356,"date":"2015-09-30T07:58:14","date_gmt":"2015-09-30T07:58:14","guid":{"rendered":"https:\/\/insulation-new.trocellen.com\/tetofolia\/"},"modified":"2023-07-10T09:03:56","modified_gmt":"2023-07-10T09:03:56","slug":"tetofolia","status":"publish","type":"page","link":"https:\/\/insulation.trocellen.com\/hu\/alkalmazasok\/fal-es-tetoszigeteles\/tetofolia\/","title":{"rendered":"Tet\u0151f\u00f3lia"},"content":{"rendered":"\n<h2 class=\"wp-block-heading\">Tet\u0151- \u00e9s padl\u00e1st\u00e9r szigetel\u00e9sek &#8211; <mark style=\"background-color:rgba(0, 0, 0, 0);color:#4ea346\" class=\"has-inline-color\">Trocellen AL<\/mark><\/h2>\n\n\n\n<p>K\u00e9miailag t\u00e9rh\u00e1l\u00f3s\u00edtott polietil\u00e9n hab, aluminium f\u00f3li\u00e1val lamin\u00e1lva a mechanikai \u00e9s h\u0151tani jellemz\u0151k \u00e1lland\u00f3s\u00e1g\u00e1nak \u00e9rdek\u00e9ben. Haszn\u00e1lhat\u00f3 p\u00e1raz\u00e1r\u00e1sra \u00e9s h\u0151t\u00fck\u00f6rk\u00e9nt h\u0151visszaver\u00e9sre.<\/p>\n\n\n\n<h2 class=\"wp-block-heading\">Padl\u00e1st\u00e9r szigetel\u00e9s &#8211; <mark style=\"background-color:rgba(0, 0, 0, 0);color:#4ea346\" class=\"has-inline-color\">Trocellen ALU<\/mark><\/h2>\n\n\n\n<p>A kiv\u00e1l\u00f3 p\u00e1raz\u00e1r\u00f3 k\u00e9pess\u00e9g\u0171 \u00e9s a h\u0151sug\u00e1rz\u00e1st hat\u00e9konyan visszaver\u0151 Trocellen ALU term\u00e9kek alkalmasak a tet\u0151t\u00e9ri be\u00e9p\u00edt\u00e9sekre. Az alum\u00ednium r\u00e9teg megakad\u00e1lyozza a pen\u00e9sz, a gomb\u00e1k \u00e9s k\u00e1rtev\u0151k megteleped\u00e9s\u00e9t.<\/p>\n\n\n\n<h2 class=\"wp-block-heading\">Tet\u0151lemez t\u00f6m\u00edt\u0151profilok &#8211; <mark style=\"background-color:rgba(0, 0, 0, 0);color:#4ea346\" class=\"has-inline-color\">Trocellen N<\/mark><\/h2>\n\n\n\n<p>A k\u00e9miailag t\u00e9rh\u00e1l\u00f3s\u00edtott polietil\u00e9n hab, mely id\u0151ben \u00e1lland\u00f3 mechanikai \u00e9s akusztikai jellemz\u0151kkel rendelkezik. Az anyagjellemz\u0151knek k\u00f6sz\u00f6nhet\u0151en kiv\u00e1l\u00f3 h\u0151szigetel\u0151 k\u00e9pess\u00e9ggel rendelkezik.<\/p>\n\n\n\n<h2 class=\"wp-block-heading\">M\u0171szaki adatlap<\/h2>\n\n\n\n<figure class=\"wp-block-table\"><table><thead><tr><th scope=\"col\">&nbsp;<\/th><th scope=\"col\">Szabv\u00e1ny<\/th><th scope=\"col\">Egys\u00e9g<\/th><th scope=\"col\">Trocellen AL<\/th><th scope=\"col\">Trocellen ALU<\/th><th scope=\"col\">Trocellen N<\/th><\/tr><\/thead><tbody><tr><th scope=\"row\">Tests\u0171r\u0171s\u00e9g<\/th><td>EN ISO 845<\/td><td>kg\/m<sup>3<\/sup><\/td><td>30<\/td><td>30<\/td><td>30<\/td><\/tr><tr><th scope=\"row\">Vastags\u00e1g<\/th><td>EN ISO 1923<\/td><td>mm<\/td><td>3-5-10<\/td><td>3-5-10<\/td><td>3-5-10<\/td><\/tr><tr><th scope=\"row\">P\u00e1raz\u00e1r\u00f3 k\u00e9pess\u00e9g<\/th><td>EN 12086 EN ISO 12572<\/td><td>\u03bc<\/td><td>12.918<\/td><td>&gt;65.000<\/td><td>2.192<\/td><\/tr><tr><th scope=\"row\">M\u00e9retstabilit\u00e1s (&lt;5%)<\/th><td>ISO 2976<\/td><td>\u00b0C<\/td><td>100<\/td><td>100<\/td><td>100<\/td><\/tr><tr><th scope=\"row\">H\u0151vezet\u00e9si t\u00e9nyez\u0151 10\u00b0C-on (\u03bb)<\/th><td>EN 12667<\/td><td>W\/mK<br>kcal\/mh\u00b0C<\/td><td>0,0367<br>0,0317<\/td><td>0,0367<br>0,0317<\/td><td>0,0367<br>0,0317<\/td><\/tr><\/tbody><\/table><\/figure>\n\n\n\n<p class=\"has-text-align-center\">Anyagaink CFC mentesek<\/p>\n","protected":false},"excerpt":{"rendered":"<p>Tet\u0151- \u00e9s padl\u00e1st\u00e9r szigetel\u00e9sek &#8211; Trocellen AL K\u00e9miailag t\u00e9rh\u00e1l\u00f3s\u00edtott polietil\u00e9n hab, aluminium f\u00f3li\u00e1val lamin\u00e1lva a mechanikai \u00e9s h\u0151tani jellemz\u0151k \u00e1lland\u00f3s\u00e1g\u00e1nak \u00e9rdek\u00e9ben. Haszn\u00e1lhat\u00f3 p\u00e1raz\u00e1r\u00e1sra \u00e9s h\u0151t\u00fck\u00f6rk\u00e9nt h\u0151visszaver\u00e9sre. Padl\u00e1st\u00e9r szigetel\u00e9s &#8211; Trocellen ALU A kiv\u00e1l\u00f3 p\u00e1raz\u00e1r\u00f3 k\u00e9pess\u00e9g\u0171 \u00e9s a h\u0151sug\u00e1rz\u00e1st hat\u00e9konyan visszaver\u0151 Trocellen ALU term\u00e9kek alkalmasak a tet\u0151t\u00e9ri be\u00e9p\u00edt\u00e9sekre. Az alum\u00ednium r\u00e9teg megakad\u00e1lyozza a pen\u00e9sz, a gomb\u00e1k [&hellip;]<\/p>\n","protected":false},"author":1,"featured_media":8902,"parent":4302,"menu_order":200,"comment_status":"open","ping_status":"closed","template":"templates\/applications.php","meta":{"_acf_changed":false,"footnotes":""},"class_list":["post-4356","page","type-page","status-publish","has-post-thumbnail","hentry"],"acf":[],"yoast_head":"<!-- This site is optimized with the Yoast SEO plugin v23.5 - https:\/\/yoast.com\/wordpress\/plugins\/seo\/ -->\n<title>Tet\u0151- \u00e9s padl\u00e1st\u00e9r-szigetel\u00e9sek, tet\u0151lemez t\u00f6m\u00edt\u0151profilok<\/title>\n<meta name=\"description\" content=\"P\u00e1raz\u00e1r\u00f3k\u00e9nt m\u0171k\u00f6dnek \u00e9s a visszaverik a h\u0151t. Nem rothadnak, id\u0151ben \u00e1lland\u00f3 mechanikai \u00e9s akusztikai jellemz\u0151kkel rendelkeznek.\" \/>\n<meta name=\"robots\" content=\"index, follow, max-snippet:-1, max-image-preview:large, max-video-preview:-1\" \/>\n<link rel=\"canonical\" href=\"https:\/\/insulation.trocellen.com\/hu\/alkalmazasok\/fal-es-tetoszigeteles\/tetofolia\/\" \/>\n<meta property=\"og:locale\" content=\"hu_HU\" \/>\n<meta property=\"og:type\" content=\"article\" \/>\n<meta property=\"og:title\" content=\"Tet\u0151- \u00e9s padl\u00e1st\u00e9r-szigetel\u00e9sek, tet\u0151lemez t\u00f6m\u00edt\u0151profilok\" \/>\n<meta property=\"og:description\" content=\"P\u00e1raz\u00e1r\u00f3k\u00e9nt m\u0171k\u00f6dnek \u00e9s a visszaverik a h\u0151t. Nem rothadnak, id\u0151ben \u00e1lland\u00f3 mechanikai \u00e9s akusztikai jellemz\u0151kkel rendelkeznek.\" \/>\n<meta property=\"og:url\" content=\"https:\/\/insulation.trocellen.com\/hu\/alkalmazasok\/fal-es-tetoszigeteles\/tetofolia\/\" \/>\n<meta property=\"og:site_name\" content=\"Trocellen Insulation\" \/>\n<meta property=\"article:modified_time\" content=\"2023-07-10T09:03:56+00:00\" \/>\n<meta property=\"og:image\" content=\"https:\/\/insulation.trocellen.com\/wp-content\/uploads\/sites\/6\/2023\/05\/roof-fejlec.jpg\" \/>\n\t<meta property=\"og:image:width\" content=\"1920\" \/>\n\t<meta property=\"og:image:height\" content=\"300\" \/>\n\t<meta property=\"og:image:type\" content=\"image\/jpeg\" \/>\n<meta name=\"twitter:card\" content=\"summary_large_image\" \/>\n<meta name=\"twitter:label1\" content=\"Becs\u00fclt olvas\u00e1si id\u0151\" \/>\n\t<meta name=\"twitter:data1\" content=\"1 perc\" \/>\n<script type=\"application\/ld+json\" class=\"yoast-schema-graph\">{\"@context\":\"https:\/\/schema.org\",\"@graph\":[{\"@type\":\"WebPage\",\"@id\":\"https:\/\/insulation.trocellen.com\/hu\/alkalmazasok\/fal-es-tetoszigeteles\/tetofolia\/\",\"url\":\"https:\/\/insulation.trocellen.com\/hu\/alkalmazasok\/fal-es-tetoszigeteles\/tetofolia\/\",\"name\":\"Tet\u0151- \u00e9s padl\u00e1st\u00e9r-szigetel\u00e9sek, tet\u0151lemez t\u00f6m\u00edt\u0151profilok\",\"isPartOf\":{\"@id\":\"https:\/\/insulation.trocellen.com\/hu\/#website\"},\"primaryImageOfPage\":{\"@id\":\"https:\/\/insulation.trocellen.com\/hu\/alkalmazasok\/fal-es-tetoszigeteles\/tetofolia\/#primaryimage\"},\"image\":{\"@id\":\"https:\/\/insulation.trocellen.com\/hu\/alkalmazasok\/fal-es-tetoszigeteles\/tetofolia\/#primaryimage\"},\"thumbnailUrl\":\"https:\/\/insulation.trocellen.com\/wp-content\/uploads\/sites\/6\/2023\/05\/roof-fejlec.jpg\",\"datePublished\":\"2015-09-30T07:58:14+00:00\",\"dateModified\":\"2023-07-10T09:03:56+00:00\",\"description\":\"P\u00e1raz\u00e1r\u00f3k\u00e9nt m\u0171k\u00f6dnek \u00e9s a visszaverik a h\u0151t. Nem rothadnak, id\u0151ben \u00e1lland\u00f3 mechanikai \u00e9s akusztikai jellemz\u0151kkel rendelkeznek.\",\"breadcrumb\":{\"@id\":\"https:\/\/insulation.trocellen.com\/hu\/alkalmazasok\/fal-es-tetoszigeteles\/tetofolia\/#breadcrumb\"},\"inLanguage\":\"hu\",\"potentialAction\":[{\"@type\":\"ReadAction\",\"target\":[\"https:\/\/insulation.trocellen.com\/hu\/alkalmazasok\/fal-es-tetoszigeteles\/tetofolia\/\"]}]},{\"@type\":\"ImageObject\",\"inLanguage\":\"hu\",\"@id\":\"https:\/\/insulation.trocellen.com\/hu\/alkalmazasok\/fal-es-tetoszigeteles\/tetofolia\/#primaryimage\",\"url\":\"https:\/\/insulation.trocellen.com\/wp-content\/uploads\/sites\/6\/2023\/05\/roof-fejlec.jpg\",\"contentUrl\":\"https:\/\/insulation.trocellen.com\/wp-content\/uploads\/sites\/6\/2023\/05\/roof-fejlec.jpg\",\"width\":1920,\"height\":300},{\"@type\":\"BreadcrumbList\",\"@id\":\"https:\/\/insulation.trocellen.com\/hu\/alkalmazasok\/fal-es-tetoszigeteles\/tetofolia\/#breadcrumb\",\"itemListElement\":[{\"@type\":\"ListItem\",\"position\":1,\"name\":\"Home\",\"item\":\"https:\/\/insulation.trocellen.com\/hu\/\"},{\"@type\":\"ListItem\",\"position\":2,\"name\":\"Alkalmaz\u00e1sok\",\"item\":\"https:\/\/insulation.trocellen.com\/hu\/alkalmazasok\/\"},{\"@type\":\"ListItem\",\"position\":3,\"name\":\"Fal- \u00e9s tet\u0151szigetel\u00e9s\",\"item\":\"https:\/\/insulation.trocellen.com\/hu\/alkalmazasok\/fal-es-tetoszigeteles\/\"},{\"@type\":\"ListItem\",\"position\":4,\"name\":\"Tet\u0151f\u00f3lia\"}]},{\"@type\":\"WebSite\",\"@id\":\"https:\/\/insulation.trocellen.com\/hu\/#website\",\"url\":\"https:\/\/insulation.trocellen.com\/hu\/\",\"name\":\"Trocellen Insulation\",\"description\":\"\",\"potentialAction\":[{\"@type\":\"SearchAction\",\"target\":{\"@type\":\"EntryPoint\",\"urlTemplate\":\"https:\/\/insulation.trocellen.com\/hu\/?s={search_term_string}\"},\"query-input\":{\"@type\":\"PropertyValueSpecification\",\"valueRequired\":true,\"valueName\":\"search_term_string\"}}],\"inLanguage\":\"hu\"}]}<\/script>\n<!-- \/ Yoast SEO plugin. -->","yoast_head_json":{"title":"Tet\u0151- \u00e9s padl\u00e1st\u00e9r-szigetel\u00e9sek, tet\u0151lemez t\u00f6m\u00edt\u0151profilok","description":"P\u00e1raz\u00e1r\u00f3k\u00e9nt m\u0171k\u00f6dnek \u00e9s a visszaverik a h\u0151t. Nem rothadnak, id\u0151ben \u00e1lland\u00f3 mechanikai \u00e9s akusztikai jellemz\u0151kkel rendelkeznek.","robots":{"index":"index","follow":"follow","max-snippet":"max-snippet:-1","max-image-preview":"max-image-preview:large","max-video-preview":"max-video-preview:-1"},"canonical":"https:\/\/insulation.trocellen.com\/hu\/alkalmazasok\/fal-es-tetoszigeteles\/tetofolia\/","og_locale":"hu_HU","og_type":"article","og_title":"Tet\u0151- \u00e9s padl\u00e1st\u00e9r-szigetel\u00e9sek, tet\u0151lemez t\u00f6m\u00edt\u0151profilok","og_description":"P\u00e1raz\u00e1r\u00f3k\u00e9nt m\u0171k\u00f6dnek \u00e9s a visszaverik a h\u0151t. Nem rothadnak, id\u0151ben \u00e1lland\u00f3 mechanikai \u00e9s akusztikai jellemz\u0151kkel rendelkeznek.","og_url":"https:\/\/insulation.trocellen.com\/hu\/alkalmazasok\/fal-es-tetoszigeteles\/tetofolia\/","og_site_name":"Trocellen Insulation","article_modified_time":"2023-07-10T09:03:56+00:00","og_image":[{"width":1920,"height":300,"url":"https:\/\/insulation.trocellen.com\/wp-content\/uploads\/sites\/6\/2023\/05\/roof-fejlec.jpg","type":"image\/jpeg"}],"twitter_card":"summary_large_image","twitter_misc":{"Becs\u00fclt olvas\u00e1si id\u0151":"1 perc"},"schema":{"@context":"https:\/\/schema.org","@graph":[{"@type":"WebPage","@id":"https:\/\/insulation.trocellen.com\/hu\/alkalmazasok\/fal-es-tetoszigeteles\/tetofolia\/","url":"https:\/\/insulation.trocellen.com\/hu\/alkalmazasok\/fal-es-tetoszigeteles\/tetofolia\/","name":"Tet\u0151- \u00e9s padl\u00e1st\u00e9r-szigetel\u00e9sek, tet\u0151lemez t\u00f6m\u00edt\u0151profilok","isPartOf":{"@id":"https:\/\/insulation.trocellen.com\/hu\/#website"},"primaryImageOfPage":{"@id":"https:\/\/insulation.trocellen.com\/hu\/alkalmazasok\/fal-es-tetoszigeteles\/tetofolia\/#primaryimage"},"image":{"@id":"https:\/\/insulation.trocellen.com\/hu\/alkalmazasok\/fal-es-tetoszigeteles\/tetofolia\/#primaryimage"},"thumbnailUrl":"https:\/\/insulation.trocellen.com\/wp-content\/uploads\/sites\/6\/2023\/05\/roof-fejlec.jpg","datePublished":"2015-09-30T07:58:14+00:00","dateModified":"2023-07-10T09:03:56+00:00","description":"P\u00e1raz\u00e1r\u00f3k\u00e9nt m\u0171k\u00f6dnek \u00e9s a visszaverik a h\u0151t. Nem rothadnak, id\u0151ben \u00e1lland\u00f3 mechanikai \u00e9s akusztikai jellemz\u0151kkel rendelkeznek.","breadcrumb":{"@id":"https:\/\/insulation.trocellen.com\/hu\/alkalmazasok\/fal-es-tetoszigeteles\/tetofolia\/#breadcrumb"},"inLanguage":"hu","potentialAction":[{"@type":"ReadAction","target":["https:\/\/insulation.trocellen.com\/hu\/alkalmazasok\/fal-es-tetoszigeteles\/tetofolia\/"]}]},{"@type":"ImageObject","inLanguage":"hu","@id":"https:\/\/insulation.trocellen.com\/hu\/alkalmazasok\/fal-es-tetoszigeteles\/tetofolia\/#primaryimage","url":"https:\/\/insulation.trocellen.com\/wp-content\/uploads\/sites\/6\/2023\/05\/roof-fejlec.jpg","contentUrl":"https:\/\/insulation.trocellen.com\/wp-content\/uploads\/sites\/6\/2023\/05\/roof-fejlec.jpg","width":1920,"height":300},{"@type":"BreadcrumbList","@id":"https:\/\/insulation.trocellen.com\/hu\/alkalmazasok\/fal-es-tetoszigeteles\/tetofolia\/#breadcrumb","itemListElement":[{"@type":"ListItem","position":1,"name":"Home","item":"https:\/\/insulation.trocellen.com\/hu\/"},{"@type":"ListItem","position":2,"name":"Alkalmaz\u00e1sok","item":"https:\/\/insulation.trocellen.com\/hu\/alkalmazasok\/"},{"@type":"ListItem","position":3,"name":"Fal- \u00e9s tet\u0151szigetel\u00e9s","item":"https:\/\/insulation.trocellen.com\/hu\/alkalmazasok\/fal-es-tetoszigeteles\/"},{"@type":"ListItem","position":4,"name":"Tet\u0151f\u00f3lia"}]},{"@type":"WebSite","@id":"https:\/\/insulation.trocellen.com\/hu\/#website","url":"https:\/\/insulation.trocellen.com\/hu\/","name":"Trocellen Insulation","description":"","potentialAction":[{"@type":"SearchAction","target":{"@type":"EntryPoint","urlTemplate":"https:\/\/insulation.trocellen.com\/hu\/?s={search_term_string}"},"query-input":{"@type":"PropertyValueSpecification","valueRequired":true,"valueName":"search_term_string"}}],"inLanguage":"hu"}]}},"_links":{"self":[{"href":"https:\/\/insulation.trocellen.com\/hu\/wp-json\/wp\/v2\/pages\/4356","targetHints":{"allow":["GET"]}}],"collection":[{"href":"https:\/\/insulation.trocellen.com\/hu\/wp-json\/wp\/v2\/pages"}],"about":[{"href":"https:\/\/insulation.trocellen.com\/hu\/wp-json\/wp\/v2\/types\/page"}],"author":[{"embeddable":true,"href":"https:\/\/insulation.trocellen.com\/hu\/wp-json\/wp\/v2\/users\/1"}],"replies":[{"embeddable":true,"href":"https:\/\/insulation.trocellen.com\/hu\/wp-json\/wp\/v2\/comments?post=4356"}],"version-history":[{"count":5,"href":"https:\/\/insulation.trocellen.com\/hu\/wp-json\/wp\/v2\/pages\/4356\/revisions"}],"predecessor-version":[{"id":9706,"href":"https:\/\/insulation.trocellen.com\/hu\/wp-json\/wp\/v2\/pages\/4356\/revisions\/9706"}],"up":[{"embeddable":true,"href":"https:\/\/insulation.trocellen.com\/hu\/wp-json\/wp\/v2\/pages\/4302"}],"wp:featuredmedia":[{"embeddable":true,"href":"https:\/\/insulation.trocellen.com\/hu\/wp-json\/wp\/v2\/media\/8902"}],"wp:attachment":[{"href":"https:\/\/insulation.trocellen.com\/hu\/wp-json\/wp\/v2\/media?parent=4356"}],"curies":[{"name":"wp","href":"https:\/\/api.w.org\/{rel}","templated":true}]}}