{"id":4344,"date":"2015-09-30T07:54:31","date_gmt":"2015-09-30T07:54:31","guid":{"rendered":"https:\/\/insulation-new.trocellen.com\/tetoszigetelesi-profilok\/"},"modified":"2023-07-10T09:03:18","modified_gmt":"2023-07-10T09:03:18","slug":"tetoszigetelesi-profilok","status":"publish","type":"page","link":"https:\/\/insulation.trocellen.com\/hu\/alkalmazasok\/fal-es-tetoszigeteles\/tetoszigetelesi-profilok\/","title":{"rendered":"Tet\u0151szigetel\u00e9si profilok"},"content":{"rendered":"<p>A mechanikai ellen\u00e1ll\u00f3k\u00e9pess\u00e9g \u00e9s a tart\u00f3ss\u00e1g egyar\u00e1nt nagyon fontos szempont a tet\u0151lemez t\u00f6m\u00edt\u0151profilok eset\u00e9n. A Trocellen teljes\u00edti ezeket az elv\u00e1r\u00e1sokat a rugalmas \u00e9s magas min\u0151s\u00e9g\u0171 megold\u00e1saival, feltehet\u0151en a leghosszabb \u00e9lettartam\u00fa szigetel\u0151anyagot k\u00edn\u00e1lva.<\/p>\n<h2>A term\u00e9k<\/h2>\n<ul>\n<li>Anyag: k\u00e9miailag t\u00e9rh\u00e1l\u00f3s\u00edtott PE hab<\/li>\n<li>Tests\u0171r\u0171s\u00e9g: 30 kg\/m\u00b3<\/li>\n<li>Vastags\u00e1g: 25 &#8211; 35 mm<\/li>\n<li>Egysz\u00edn\u0171 vagy k\u00e9t sz\u00ednben<\/li>\n<\/ul>\n<p>A lesz\u00e1ll\u00edtott term\u00e9kek a pontos kiv\u00e1g\u00e1si geometria miatt azonnali be\u00e9p\u00edt\u00e9sre alkalmasak<\/p>\n<h3>Term\u00e9kjellemz\u0151k<\/h3>\n<ul>\n<li>Ellen\u00e1ll a p\u00e1ralecsap\u00f3d\u00e1snak \u00e9s a bakt\u00e9riumoknak<\/li>\n<li>V\u00edz\u00e1ll\u00f3<\/li>\n<li>Mechanikai ellen\u00e1ll\u00f3 k\u00e9pess\u00e9g &#8211; magas szak\u00edt\u00f3szil\u00e1rds\u00e1g<\/li>\n<li>Kimagasl\u00f3 h\u0151szigetel\u00e9s &#8211; cs\u00f6kkenti az energiavesztes\u00e9get<\/li>\n<li>Szagtalan<\/li>\n<li>Szem\u00e9lyre szabott megold\u00e1sok &#8211; szell\u0151ztet\u00e9s, r\u00f6gz\u00edt\u00e9s<\/li>\n<li>K\u00f6nny\u0171 alkalmaz\u00e1s &#8211; nagyon rugalmas \u00e9s meg\u0151rzi tulajdons\u00e1gait<\/li>\n<\/ul>\n<h3>El\u0151ny\u00f6k<\/h3>\n<ul>\n<li>Sz\u00ednben \u00e9s geometriailag pontosan illeszthet\u0151 a tet\u0151lemezekhez<\/li>\n<li>Hat\u00e9kony munkav\u00e9gz\u00e9s a munkater\u00fcleten, magas k\u00f6lts\u00e9g- \u00e9s id\u0151megtakar\u00edt\u00e1s<\/li>\n<li>Egyszer\u0171 kezel\u00e9s \u00e9s be\u00e9p\u00edthet\u0151s\u00e9g<\/li>\n<li>Egyszer\u0171 rakt\u00e1rozhat\u00f3s\u00e1g<\/li>\n<li>Egyedi vev\u0151ig\u00e9nyek is kiel\u00e9g\u00edthet\u0151k<\/li>\n<li>Biztos\u00edtja a teljes tet\u0151rendszer magas \u00e9lettartam\u00e1t<\/li>\n<\/ul>\n","protected":false},"excerpt":{"rendered":"<p>A mechanikai ellen\u00e1ll\u00f3k\u00e9pess\u00e9g \u00e9s a tart\u00f3ss\u00e1g egyar\u00e1nt nagyon fontos szempont a tet\u0151lemez t\u00f6m\u00edt\u0151profilok eset\u00e9n. A Trocellen teljes\u00edti ezeket az elv\u00e1r\u00e1sokat a rugalmas \u00e9s magas min\u0151s\u00e9g\u0171 megold\u00e1saival, feltehet\u0151en a leghosszabb \u00e9lettartam\u00fa szigetel\u0151anyagot k\u00edn\u00e1lva. A term\u00e9k Anyag: k\u00e9miailag t\u00e9rh\u00e1l\u00f3s\u00edtott PE hab Tests\u0171r\u0171s\u00e9g: 30 kg\/m\u00b3 Vastags\u00e1g: 25 &#8211; 35 mm Egysz\u00edn\u0171 vagy k\u00e9t sz\u00ednben A lesz\u00e1ll\u00edtott term\u00e9kek a [&hellip;]<\/p>\n","protected":false},"author":1,"featured_media":8902,"parent":4302,"menu_order":300,"comment_status":"open","ping_status":"closed","template":"templates\/applications.php","meta":{"_acf_changed":false,"footnotes":""},"class_list":["post-4344","page","type-page","status-publish","has-post-thumbnail","hentry"],"acf":[],"yoast_head":"<!-- This site is optimized with the Yoast SEO plugin v23.5 - https:\/\/yoast.com\/wordpress\/plugins\/seo\/ -->\n<title>Megfelel\u0151 sz\u00edn\u0171 \u00e9s illeszked\u00e9s\u0171 tet\u0151szigetel\u00e9si profilok<\/title>\n<meta name=\"description\" content=\"A Trocellen m\u00e9retre k\u00e9sz\u00fcl\u0151 tet\u0151szigetel\u00e9si profiljai a pontos kiv\u00e1g\u00e1si geometria miatt azonnal be\u00e9p\u00edthet\u0151k. Tart\u00f3s szigetel\u00e9s, egyszer\u0171 beszerel\u00e9s.\" \/>\n<meta name=\"robots\" content=\"index, follow, max-snippet:-1, max-image-preview:large, max-video-preview:-1\" \/>\n<link rel=\"canonical\" href=\"https:\/\/insulation.trocellen.com\/hu\/alkalmazasok\/fal-es-tetoszigeteles\/tetoszigetelesi-profilok\/\" \/>\n<meta property=\"og:locale\" content=\"hu_HU\" \/>\n<meta property=\"og:type\" content=\"article\" \/>\n<meta property=\"og:title\" content=\"Megfelel\u0151 sz\u00edn\u0171 \u00e9s illeszked\u00e9s\u0171 tet\u0151szigetel\u00e9si profilok\" \/>\n<meta property=\"og:description\" content=\"A Trocellen m\u00e9retre k\u00e9sz\u00fcl\u0151 tet\u0151szigetel\u00e9si profiljai a pontos kiv\u00e1g\u00e1si geometria miatt azonnal be\u00e9p\u00edthet\u0151k. Tart\u00f3s szigetel\u00e9s, egyszer\u0171 beszerel\u00e9s.\" \/>\n<meta property=\"og:url\" content=\"https:\/\/insulation.trocellen.com\/hu\/alkalmazasok\/fal-es-tetoszigeteles\/tetoszigetelesi-profilok\/\" \/>\n<meta property=\"og:site_name\" content=\"Trocellen Insulation\" \/>\n<meta property=\"article:modified_time\" content=\"2023-07-10T09:03:18+00:00\" \/>\n<meta property=\"og:image\" content=\"https:\/\/insulation.trocellen.com\/wp-content\/uploads\/sites\/6\/2023\/05\/roof-fejlec.jpg\" \/>\n\t<meta property=\"og:image:width\" content=\"1920\" \/>\n\t<meta property=\"og:image:height\" content=\"300\" \/>\n\t<meta property=\"og:image:type\" content=\"image\/jpeg\" \/>\n<meta name=\"twitter:card\" content=\"summary_large_image\" \/>\n<meta name=\"twitter:label1\" content=\"Becs\u00fclt olvas\u00e1si id\u0151\" \/>\n\t<meta name=\"twitter:data1\" content=\"1 perc\" \/>\n<script type=\"application\/ld+json\" class=\"yoast-schema-graph\">{\"@context\":\"https:\/\/schema.org\",\"@graph\":[{\"@type\":\"WebPage\",\"@id\":\"https:\/\/insulation.trocellen.com\/hu\/alkalmazasok\/fal-es-tetoszigeteles\/tetoszigetelesi-profilok\/\",\"url\":\"https:\/\/insulation.trocellen.com\/hu\/alkalmazasok\/fal-es-tetoszigeteles\/tetoszigetelesi-profilok\/\",\"name\":\"Megfelel\u0151 sz\u00edn\u0171 \u00e9s illeszked\u00e9s\u0171 tet\u0151szigetel\u00e9si profilok\",\"isPartOf\":{\"@id\":\"https:\/\/insulation.trocellen.com\/hu\/#website\"},\"primaryImageOfPage\":{\"@id\":\"https:\/\/insulation.trocellen.com\/hu\/alkalmazasok\/fal-es-tetoszigeteles\/tetoszigetelesi-profilok\/#primaryimage\"},\"image\":{\"@id\":\"https:\/\/insulation.trocellen.com\/hu\/alkalmazasok\/fal-es-tetoszigeteles\/tetoszigetelesi-profilok\/#primaryimage\"},\"thumbnailUrl\":\"https:\/\/insulation.trocellen.com\/wp-content\/uploads\/sites\/6\/2023\/05\/roof-fejlec.jpg\",\"datePublished\":\"2015-09-30T07:54:31+00:00\",\"dateModified\":\"2023-07-10T09:03:18+00:00\",\"description\":\"A Trocellen m\u00e9retre k\u00e9sz\u00fcl\u0151 tet\u0151szigetel\u00e9si profiljai a pontos kiv\u00e1g\u00e1si geometria miatt azonnal be\u00e9p\u00edthet\u0151k. Tart\u00f3s szigetel\u00e9s, egyszer\u0171 beszerel\u00e9s.\",\"breadcrumb\":{\"@id\":\"https:\/\/insulation.trocellen.com\/hu\/alkalmazasok\/fal-es-tetoszigeteles\/tetoszigetelesi-profilok\/#breadcrumb\"},\"inLanguage\":\"hu\",\"potentialAction\":[{\"@type\":\"ReadAction\",\"target\":[\"https:\/\/insulation.trocellen.com\/hu\/alkalmazasok\/fal-es-tetoszigeteles\/tetoszigetelesi-profilok\/\"]}]},{\"@type\":\"ImageObject\",\"inLanguage\":\"hu\",\"@id\":\"https:\/\/insulation.trocellen.com\/hu\/alkalmazasok\/fal-es-tetoszigeteles\/tetoszigetelesi-profilok\/#primaryimage\",\"url\":\"https:\/\/insulation.trocellen.com\/wp-content\/uploads\/sites\/6\/2023\/05\/roof-fejlec.jpg\",\"contentUrl\":\"https:\/\/insulation.trocellen.com\/wp-content\/uploads\/sites\/6\/2023\/05\/roof-fejlec.jpg\",\"width\":1920,\"height\":300},{\"@type\":\"BreadcrumbList\",\"@id\":\"https:\/\/insulation.trocellen.com\/hu\/alkalmazasok\/fal-es-tetoszigeteles\/tetoszigetelesi-profilok\/#breadcrumb\",\"itemListElement\":[{\"@type\":\"ListItem\",\"position\":1,\"name\":\"Home\",\"item\":\"https:\/\/insulation.trocellen.com\/hu\/\"},{\"@type\":\"ListItem\",\"position\":2,\"name\":\"Alkalmaz\u00e1sok\",\"item\":\"https:\/\/insulation.trocellen.com\/hu\/alkalmazasok\/\"},{\"@type\":\"ListItem\",\"position\":3,\"name\":\"Fal- \u00e9s tet\u0151szigetel\u00e9s\",\"item\":\"https:\/\/insulation.trocellen.com\/hu\/alkalmazasok\/fal-es-tetoszigeteles\/\"},{\"@type\":\"ListItem\",\"position\":4,\"name\":\"Tet\u0151szigetel\u00e9si profilok\"}]},{\"@type\":\"WebSite\",\"@id\":\"https:\/\/insulation.trocellen.com\/hu\/#website\",\"url\":\"https:\/\/insulation.trocellen.com\/hu\/\",\"name\":\"Trocellen Insulation\",\"description\":\"\",\"potentialAction\":[{\"@type\":\"SearchAction\",\"target\":{\"@type\":\"EntryPoint\",\"urlTemplate\":\"https:\/\/insulation.trocellen.com\/hu\/?s={search_term_string}\"},\"query-input\":{\"@type\":\"PropertyValueSpecification\",\"valueRequired\":true,\"valueName\":\"search_term_string\"}}],\"inLanguage\":\"hu\"}]}<\/script>\n<!-- \/ Yoast SEO plugin. -->","yoast_head_json":{"title":"Megfelel\u0151 sz\u00edn\u0171 \u00e9s illeszked\u00e9s\u0171 tet\u0151szigetel\u00e9si profilok","description":"A Trocellen m\u00e9retre k\u00e9sz\u00fcl\u0151 tet\u0151szigetel\u00e9si profiljai a pontos kiv\u00e1g\u00e1si geometria miatt azonnal be\u00e9p\u00edthet\u0151k. Tart\u00f3s szigetel\u00e9s, egyszer\u0171 beszerel\u00e9s.","robots":{"index":"index","follow":"follow","max-snippet":"max-snippet:-1","max-image-preview":"max-image-preview:large","max-video-preview":"max-video-preview:-1"},"canonical":"https:\/\/insulation.trocellen.com\/hu\/alkalmazasok\/fal-es-tetoszigeteles\/tetoszigetelesi-profilok\/","og_locale":"hu_HU","og_type":"article","og_title":"Megfelel\u0151 sz\u00edn\u0171 \u00e9s illeszked\u00e9s\u0171 tet\u0151szigetel\u00e9si profilok","og_description":"A Trocellen m\u00e9retre k\u00e9sz\u00fcl\u0151 tet\u0151szigetel\u00e9si profiljai a pontos kiv\u00e1g\u00e1si geometria miatt azonnal be\u00e9p\u00edthet\u0151k. Tart\u00f3s szigetel\u00e9s, egyszer\u0171 beszerel\u00e9s.","og_url":"https:\/\/insulation.trocellen.com\/hu\/alkalmazasok\/fal-es-tetoszigeteles\/tetoszigetelesi-profilok\/","og_site_name":"Trocellen Insulation","article_modified_time":"2023-07-10T09:03:18+00:00","og_image":[{"width":1920,"height":300,"url":"https:\/\/insulation.trocellen.com\/wp-content\/uploads\/sites\/6\/2023\/05\/roof-fejlec.jpg","type":"image\/jpeg"}],"twitter_card":"summary_large_image","twitter_misc":{"Becs\u00fclt olvas\u00e1si id\u0151":"1 perc"},"schema":{"@context":"https:\/\/schema.org","@graph":[{"@type":"WebPage","@id":"https:\/\/insulation.trocellen.com\/hu\/alkalmazasok\/fal-es-tetoszigeteles\/tetoszigetelesi-profilok\/","url":"https:\/\/insulation.trocellen.com\/hu\/alkalmazasok\/fal-es-tetoszigeteles\/tetoszigetelesi-profilok\/","name":"Megfelel\u0151 sz\u00edn\u0171 \u00e9s illeszked\u00e9s\u0171 tet\u0151szigetel\u00e9si profilok","isPartOf":{"@id":"https:\/\/insulation.trocellen.com\/hu\/#website"},"primaryImageOfPage":{"@id":"https:\/\/insulation.trocellen.com\/hu\/alkalmazasok\/fal-es-tetoszigeteles\/tetoszigetelesi-profilok\/#primaryimage"},"image":{"@id":"https:\/\/insulation.trocellen.com\/hu\/alkalmazasok\/fal-es-tetoszigeteles\/tetoszigetelesi-profilok\/#primaryimage"},"thumbnailUrl":"https:\/\/insulation.trocellen.com\/wp-content\/uploads\/sites\/6\/2023\/05\/roof-fejlec.jpg","datePublished":"2015-09-30T07:54:31+00:00","dateModified":"2023-07-10T09:03:18+00:00","description":"A Trocellen m\u00e9retre k\u00e9sz\u00fcl\u0151 tet\u0151szigetel\u00e9si profiljai a pontos kiv\u00e1g\u00e1si geometria miatt azonnal be\u00e9p\u00edthet\u0151k. Tart\u00f3s szigetel\u00e9s, egyszer\u0171 beszerel\u00e9s.","breadcrumb":{"@id":"https:\/\/insulation.trocellen.com\/hu\/alkalmazasok\/fal-es-tetoszigeteles\/tetoszigetelesi-profilok\/#breadcrumb"},"inLanguage":"hu","potentialAction":[{"@type":"ReadAction","target":["https:\/\/insulation.trocellen.com\/hu\/alkalmazasok\/fal-es-tetoszigeteles\/tetoszigetelesi-profilok\/"]}]},{"@type":"ImageObject","inLanguage":"hu","@id":"https:\/\/insulation.trocellen.com\/hu\/alkalmazasok\/fal-es-tetoszigeteles\/tetoszigetelesi-profilok\/#primaryimage","url":"https:\/\/insulation.trocellen.com\/wp-content\/uploads\/sites\/6\/2023\/05\/roof-fejlec.jpg","contentUrl":"https:\/\/insulation.trocellen.com\/wp-content\/uploads\/sites\/6\/2023\/05\/roof-fejlec.jpg","width":1920,"height":300},{"@type":"BreadcrumbList","@id":"https:\/\/insulation.trocellen.com\/hu\/alkalmazasok\/fal-es-tetoszigeteles\/tetoszigetelesi-profilok\/#breadcrumb","itemListElement":[{"@type":"ListItem","position":1,"name":"Home","item":"https:\/\/insulation.trocellen.com\/hu\/"},{"@type":"ListItem","position":2,"name":"Alkalmaz\u00e1sok","item":"https:\/\/insulation.trocellen.com\/hu\/alkalmazasok\/"},{"@type":"ListItem","position":3,"name":"Fal- \u00e9s tet\u0151szigetel\u00e9s","item":"https:\/\/insulation.trocellen.com\/hu\/alkalmazasok\/fal-es-tetoszigeteles\/"},{"@type":"ListItem","position":4,"name":"Tet\u0151szigetel\u00e9si profilok"}]},{"@type":"WebSite","@id":"https:\/\/insulation.trocellen.com\/hu\/#website","url":"https:\/\/insulation.trocellen.com\/hu\/","name":"Trocellen Insulation","description":"","potentialAction":[{"@type":"SearchAction","target":{"@type":"EntryPoint","urlTemplate":"https:\/\/insulation.trocellen.com\/hu\/?s={search_term_string}"},"query-input":{"@type":"PropertyValueSpecification","valueRequired":true,"valueName":"search_term_string"}}],"inLanguage":"hu"}]}},"_links":{"self":[{"href":"https:\/\/insulation.trocellen.com\/hu\/wp-json\/wp\/v2\/pages\/4344","targetHints":{"allow":["GET"]}}],"collection":[{"href":"https:\/\/insulation.trocellen.com\/hu\/wp-json\/wp\/v2\/pages"}],"about":[{"href":"https:\/\/insulation.trocellen.com\/hu\/wp-json\/wp\/v2\/types\/page"}],"author":[{"embeddable":true,"href":"https:\/\/insulation.trocellen.com\/hu\/wp-json\/wp\/v2\/users\/1"}],"replies":[{"embeddable":true,"href":"https:\/\/insulation.trocellen.com\/hu\/wp-json\/wp\/v2\/comments?post=4344"}],"version-history":[{"count":2,"href":"https:\/\/insulation.trocellen.com\/hu\/wp-json\/wp\/v2\/pages\/4344\/revisions"}],"predecessor-version":[{"id":4830,"href":"https:\/\/insulation.trocellen.com\/hu\/wp-json\/wp\/v2\/pages\/4344\/revisions\/4830"}],"up":[{"embeddable":true,"href":"https:\/\/insulation.trocellen.com\/hu\/wp-json\/wp\/v2\/pages\/4302"}],"wp:featuredmedia":[{"embeddable":true,"href":"https:\/\/insulation.trocellen.com\/hu\/wp-json\/wp\/v2\/media\/8902"}],"wp:attachment":[{"href":"https:\/\/insulation.trocellen.com\/hu\/wp-json\/wp\/v2\/media?parent=4344"}],"curies":[{"name":"wp","href":"https:\/\/api.w.org\/{rel}","templated":true}]}}