{"id":4338,"date":"2015-09-30T07:52:53","date_gmt":"2015-09-30T07:52:53","guid":{"rendered":"https:\/\/insulation-new.trocellen.com\/trocellen-high-temp\/"},"modified":"2023-07-10T08:58:56","modified_gmt":"2023-07-10T08:58:56","slug":"trocellen-high-temp","status":"publish","type":"page","link":"https:\/\/insulation.trocellen.com\/hu\/alkalmazasok\/hoszigeteles\/trocellen-high-temp\/","title":{"rendered":"Trocellen HIGH TEMP"},"content":{"rendered":"<h2>Trocellen HIGH TEMP cs\u0151szigetel\u00e9s<\/h2>\n<p><img loading=\"lazy\" decoding=\"async\" class=\"alignnone size-full wp-image-1269\" src=\"https:\/\/insulation.trocellen.com\/wp-content\/uploads\/sites\/6\/2015\/09\/hightemp1.jpg\" alt=\"hightemp1\" width=\"300\" height=\"209\"><\/p>\n<h3>El\u0151ny\u00f6k<\/h3>\n<ul>\n<li>Tart\u00f3s z\u00e1rtcell\u00e1s PE szigetel\u0151 habb\u00f3l k\u00e9sz\u00fcl<\/li>\n<li>H\u0151szigetel\u00e9si \u00e9rt\u00e9ke \u00e1lland\u00f3 (stabil) legal\u00e1bb 23 \u00e9vig*<\/li>\n<li>Tiszta, nem m\u00e9rgez\u0151, pen\u00e9sz\u00e1ll\u00f3 \u00e9s antibakteri\u00e1lis, szagtalan<\/li>\n<li>Nehezen \u00e9ghet\u0151<\/li>\n<li>Nem sz\u00edvja mag\u00e1ba a vizet<\/li>\n<li>Rugalmas, j\u00f3l haszn\u00e1lhat\u00f3 ak\u00e1r der\u00e9ksz\u00f6g\u0171 cs\u00f6vek burkol\u00e1s\u00e1hoz is<\/li>\n<li>El\u00e9g ellen\u00e1ll\u00f3 fokozott fizikai ig\u00e9nybev\u00e9tel eset\u00e9n is<\/li>\n<li>Belt\u00e9ren \u00e9s k\u00fclt\u00e9ren egyar\u00e1nt alkalmazhat\u00f3<\/li>\n<li>Nagyon gazdas\u00e1gos<\/li>\n<\/ul>\n<h3>Jellemz\u0151k<\/h3>\n<table class=\"green-table\" border=\"0\">\n<thead>\n<tr style=\"height: 24px;\">\n<th class=\"green-table-first-cell\" style=\"height: 24px;\" colspan=\"2\" scope=\"col\">Tulajdons\u00e1gok<\/th>\n<\/tr>\n<\/thead>\n<tbody>\n<tr style=\"height: 24px;\">\n<th style=\"height: 24px;\" scope=\"row\">Alkalmaz\u00e1s<\/th>\n<td style=\"height: 24px;\">Rendszerek h\u0151vesztes\u00e9g\u00e9nek megakad\u00e1lyoz\u00e1s\u00e1ra<\/td>\n<\/tr>\n<tr style=\"height: 24px;\">\n<th style=\"height: 24px;\" scope=\"row\">H\u0151t\u0171r\u00e9s<\/th>\n<td style=\"height: 24px;\">180\u00b0C (max); 150\u00b0C (norm\u00e1l)<\/td>\n<\/tr>\n<tr style=\"height: 24px;\">\n<th style=\"height: 24px;\" scope=\"row\">Anyag<\/th>\n<td style=\"height: 24px;\">Z\u00e1rtcell\u00e1s, t\u00e9rh\u00e1l\u00f3s PE hab \u00e9s poli\u00e9szter<\/td>\n<\/tr>\n<tr style=\"height: 20.25px;\">\n<th style=\"height: 20.25px;\" scope=\"row\">Szigetel\u00e9si jellemz\u0151k<\/th>\n<td style=\"height: 20.25px;\">\u03bb&nbsp;\u00e9rt\u00e9k: 0.0359 W\/mK 10\u00b0C-on (egy\u00fctt)<\/td>\n<\/tr>\n<tr style=\"height: 24px;\">\n<th style=\"height: 24px;\" scope=\"row\">P\u00e1radiff\u00fazi\u00f3s ellen\u00e1ll\u00e1s<\/th>\n<td style=\"height: 24px;\">\u03bc \u00e9rt\u00e9k: &gt;7,000<\/td>\n<\/tr>\n<tr style=\"height: 24px;\">\n<th style=\"height: 24px;\" scope=\"row\">UV ellen\u00e1ll\u00f3s\u00e1g<\/th>\n<td style=\"height: 24px;\">Minimum 1.5 \u00e9v (EN ISO 4892-2\/06)<\/td>\n<\/tr>\n<tr style=\"height: 48px;\">\n<th style=\"height: 48px;\" scope=\"row\">\u00c9ghet\u0151s\u00e9gi besorol\u00e1s<\/th>\n<td style=\"height: 48px;\">CL1 (D.M. 26\/06\/84);<br \/>\nB2 (DIN 4102\/B2)<\/td>\n<\/tr>\n<\/tbody>\n<\/table>\n<h3>Term\u00e9ksk\u00e1la<\/h3>\n<table class=\"green-table\" border=\"0\">\n<thead>\n<tr>\n<th class=\"green-table-first-cell\" colspan=\"6\" scope=\"col\">Trocellen High temp term\u00e9ksk\u00e1la<\/th>\n<\/tr>\n<\/thead>\n<tbody>\n<tr>\n<td style=\"text-align: center;\">Vastags\u00e1g (mm)<\/td>\n<td style=\"text-align: center;\" colspan=\"5\">Bels\u0151 \u00e1tm\u00e9r\u0151 (mm)<\/td>\n<\/tr>\n<tr>\n<td style=\"text-align: center;\">13<\/td>\n<td style=\"text-align: center;\">18,0<\/td>\n<td style=\"text-align: center;\">22,0<\/td>\n<td style=\"text-align: center;\">28,0<\/td>\n<td style=\"text-align: center;\"><\/td>\n<td style=\"text-align: center;\"><\/td>\n<\/tr>\n<tr>\n<td style=\"text-align: center;\">20<\/td>\n<td style=\"text-align: center;\">18,0<\/td>\n<td style=\"text-align: center;\">22,0<\/td>\n<td style=\"text-align: center;\">28,0<\/td>\n<td style=\"text-align: center;\">35,0<\/td>\n<td style=\"text-align: center;\">42,0<\/td>\n<\/tr>\n<tr>\n<td style=\"text-align: center;\" colspan=\"6\">a nett\u00f3 standard hossz: 2.0 m &#8211; kartondoboz csomagol\u00e1s<\/td>\n<\/tr>\n<\/tbody>\n<\/table>\n<p><small>*A Trocellen saj\u00e1t tesztje alapj\u00e1n: a term\u00e9k 23 \u00e9v ut\u00e1n is az eredetivel azonos szigetel\u00e9si \u00e9rt\u00e9ket adott. A tesztjelent\u00e9seket k\u00e9r\u00e9s\u00e9re elk\u00fcldj\u00fck.<\/small><\/p>\n","protected":false},"excerpt":{"rendered":"<p>Trocellen HIGH TEMP cs\u0151szigetel\u00e9s El\u0151ny\u00f6k Tart\u00f3s z\u00e1rtcell\u00e1s PE szigetel\u0151 habb\u00f3l k\u00e9sz\u00fcl H\u0151szigetel\u00e9si \u00e9rt\u00e9ke \u00e1lland\u00f3 (stabil) legal\u00e1bb 23 \u00e9vig* Tiszta, nem m\u00e9rgez\u0151, pen\u00e9sz\u00e1ll\u00f3 \u00e9s antibakteri\u00e1lis, szagtalan Nehezen \u00e9ghet\u0151 Nem sz\u00edvja mag\u00e1ba a vizet Rugalmas, j\u00f3l haszn\u00e1lhat\u00f3 ak\u00e1r der\u00e9ksz\u00f6g\u0171 cs\u00f6vek burkol\u00e1s\u00e1hoz is El\u00e9g ellen\u00e1ll\u00f3 fokozott fizikai ig\u00e9nybev\u00e9tel eset\u00e9n is Belt\u00e9ren \u00e9s k\u00fclt\u00e9ren egyar\u00e1nt alkalmazhat\u00f3 Nagyon gazdas\u00e1gos Jellemz\u0151k [&hellip;]<\/p>\n","protected":false},"author":1,"featured_media":8803,"parent":4296,"menu_order":100,"comment_status":"open","ping_status":"closed","template":"templates\/applications.php","meta":{"_acf_changed":false,"footnotes":""},"class_list":["post-4338","page","type-page","status-publish","has-post-thumbnail","hentry"],"acf":[],"yoast_head":"<!-- This site is optimized with the Yoast SEO plugin v23.5 - https:\/\/yoast.com\/wordpress\/plugins\/seo\/ -->\n<title>A High-Temp term\u00e9kek r\u00e9zcs\u00f6vek szigetel\u00e9s\u00e9re haszn\u00e1lhat\u00f3k<\/title>\n<meta name=\"description\" content=\"A High-Temp tart\u00f3s polietil\u00e9n szigetel\u0151habb\u00f3l k\u00e9sz\u00fcl, \u00edgy hozz\u00e1idomul a hegyesebb sz\u00f6gekhez is, \u00e9s el\u00e9g er\u0151s a nagyobb ig\u00e9nybev\u00e9tel kib\u00edr\u00e1s\u00e1hoz\" \/>\n<meta name=\"robots\" content=\"index, follow, max-snippet:-1, max-image-preview:large, max-video-preview:-1\" \/>\n<link rel=\"canonical\" href=\"https:\/\/insulation.trocellen.com\/hu\/alkalmazasok\/hoszigeteles\/trocellen-high-temp\/\" \/>\n<meta property=\"og:locale\" content=\"hu_HU\" \/>\n<meta property=\"og:type\" content=\"article\" \/>\n<meta property=\"og:title\" content=\"A High-Temp term\u00e9kek r\u00e9zcs\u00f6vek szigetel\u00e9s\u00e9re haszn\u00e1lhat\u00f3k\" \/>\n<meta property=\"og:description\" content=\"A High-Temp tart\u00f3s polietil\u00e9n szigetel\u0151habb\u00f3l k\u00e9sz\u00fcl, \u00edgy hozz\u00e1idomul a hegyesebb sz\u00f6gekhez is, \u00e9s el\u00e9g er\u0151s a nagyobb ig\u00e9nybev\u00e9tel kib\u00edr\u00e1s\u00e1hoz\" \/>\n<meta property=\"og:url\" content=\"https:\/\/insulation.trocellen.com\/hu\/alkalmazasok\/hoszigeteles\/trocellen-high-temp\/\" \/>\n<meta property=\"og:site_name\" content=\"Trocellen Insulation\" \/>\n<meta property=\"article:modified_time\" content=\"2023-07-10T08:58:56+00:00\" \/>\n<meta property=\"og:image\" content=\"https:\/\/insulation.trocellen.com\/wp-content\/uploads\/sites\/6\/2023\/05\/high-temp-fejlec.jpg\" \/>\n\t<meta property=\"og:image:width\" content=\"1920\" \/>\n\t<meta property=\"og:image:height\" content=\"300\" \/>\n\t<meta property=\"og:image:type\" content=\"image\/jpeg\" \/>\n<meta name=\"twitter:card\" content=\"summary_large_image\" \/>\n<meta name=\"twitter:label1\" content=\"Becs\u00fclt olvas\u00e1si id\u0151\" \/>\n\t<meta name=\"twitter:data1\" content=\"1 perc\" \/>\n<script type=\"application\/ld+json\" class=\"yoast-schema-graph\">{\"@context\":\"https:\/\/schema.org\",\"@graph\":[{\"@type\":\"WebPage\",\"@id\":\"https:\/\/insulation.trocellen.com\/hu\/alkalmazasok\/hoszigeteles\/trocellen-high-temp\/\",\"url\":\"https:\/\/insulation.trocellen.com\/hu\/alkalmazasok\/hoszigeteles\/trocellen-high-temp\/\",\"name\":\"A High-Temp term\u00e9kek r\u00e9zcs\u00f6vek szigetel\u00e9s\u00e9re haszn\u00e1lhat\u00f3k\",\"isPartOf\":{\"@id\":\"https:\/\/insulation.trocellen.com\/hu\/#website\"},\"primaryImageOfPage\":{\"@id\":\"https:\/\/insulation.trocellen.com\/hu\/alkalmazasok\/hoszigeteles\/trocellen-high-temp\/#primaryimage\"},\"image\":{\"@id\":\"https:\/\/insulation.trocellen.com\/hu\/alkalmazasok\/hoszigeteles\/trocellen-high-temp\/#primaryimage\"},\"thumbnailUrl\":\"https:\/\/insulation.trocellen.com\/wp-content\/uploads\/sites\/6\/2023\/05\/high-temp-fejlec.jpg\",\"datePublished\":\"2015-09-30T07:52:53+00:00\",\"dateModified\":\"2023-07-10T08:58:56+00:00\",\"description\":\"A High-Temp tart\u00f3s polietil\u00e9n szigetel\u0151habb\u00f3l k\u00e9sz\u00fcl, \u00edgy hozz\u00e1idomul a hegyesebb sz\u00f6gekhez is, \u00e9s el\u00e9g er\u0151s a nagyobb ig\u00e9nybev\u00e9tel kib\u00edr\u00e1s\u00e1hoz\",\"breadcrumb\":{\"@id\":\"https:\/\/insulation.trocellen.com\/hu\/alkalmazasok\/hoszigeteles\/trocellen-high-temp\/#breadcrumb\"},\"inLanguage\":\"hu\",\"potentialAction\":[{\"@type\":\"ReadAction\",\"target\":[\"https:\/\/insulation.trocellen.com\/hu\/alkalmazasok\/hoszigeteles\/trocellen-high-temp\/\"]}]},{\"@type\":\"ImageObject\",\"inLanguage\":\"hu\",\"@id\":\"https:\/\/insulation.trocellen.com\/hu\/alkalmazasok\/hoszigeteles\/trocellen-high-temp\/#primaryimage\",\"url\":\"https:\/\/insulation.trocellen.com\/wp-content\/uploads\/sites\/6\/2023\/05\/high-temp-fejlec.jpg\",\"contentUrl\":\"https:\/\/insulation.trocellen.com\/wp-content\/uploads\/sites\/6\/2023\/05\/high-temp-fejlec.jpg\",\"width\":1920,\"height\":300},{\"@type\":\"BreadcrumbList\",\"@id\":\"https:\/\/insulation.trocellen.com\/hu\/alkalmazasok\/hoszigeteles\/trocellen-high-temp\/#breadcrumb\",\"itemListElement\":[{\"@type\":\"ListItem\",\"position\":1,\"name\":\"Home\",\"item\":\"https:\/\/insulation.trocellen.com\/hu\/\"},{\"@type\":\"ListItem\",\"position\":2,\"name\":\"Alkalmaz\u00e1sok\",\"item\":\"https:\/\/insulation.trocellen.com\/hu\/alkalmazasok\/\"},{\"@type\":\"ListItem\",\"position\":3,\"name\":\"H\u0151szigetel\u00e9s\",\"item\":\"https:\/\/insulation.trocellen.com\/hu\/alkalmazasok\/hoszigeteles\/\"},{\"@type\":\"ListItem\",\"position\":4,\"name\":\"Trocellen HIGH TEMP\"}]},{\"@type\":\"WebSite\",\"@id\":\"https:\/\/insulation.trocellen.com\/hu\/#website\",\"url\":\"https:\/\/insulation.trocellen.com\/hu\/\",\"name\":\"Trocellen Insulation\",\"description\":\"\",\"potentialAction\":[{\"@type\":\"SearchAction\",\"target\":{\"@type\":\"EntryPoint\",\"urlTemplate\":\"https:\/\/insulation.trocellen.com\/hu\/?s={search_term_string}\"},\"query-input\":{\"@type\":\"PropertyValueSpecification\",\"valueRequired\":true,\"valueName\":\"search_term_string\"}}],\"inLanguage\":\"hu\"}]}<\/script>\n<!-- \/ Yoast SEO plugin. -->","yoast_head_json":{"title":"A High-Temp term\u00e9kek r\u00e9zcs\u00f6vek szigetel\u00e9s\u00e9re haszn\u00e1lhat\u00f3k","description":"A High-Temp tart\u00f3s polietil\u00e9n szigetel\u0151habb\u00f3l k\u00e9sz\u00fcl, \u00edgy hozz\u00e1idomul a hegyesebb sz\u00f6gekhez is, \u00e9s el\u00e9g er\u0151s a nagyobb ig\u00e9nybev\u00e9tel kib\u00edr\u00e1s\u00e1hoz","robots":{"index":"index","follow":"follow","max-snippet":"max-snippet:-1","max-image-preview":"max-image-preview:large","max-video-preview":"max-video-preview:-1"},"canonical":"https:\/\/insulation.trocellen.com\/hu\/alkalmazasok\/hoszigeteles\/trocellen-high-temp\/","og_locale":"hu_HU","og_type":"article","og_title":"A High-Temp term\u00e9kek r\u00e9zcs\u00f6vek szigetel\u00e9s\u00e9re haszn\u00e1lhat\u00f3k","og_description":"A High-Temp tart\u00f3s polietil\u00e9n szigetel\u0151habb\u00f3l k\u00e9sz\u00fcl, \u00edgy hozz\u00e1idomul a hegyesebb sz\u00f6gekhez is, \u00e9s el\u00e9g er\u0151s a nagyobb ig\u00e9nybev\u00e9tel kib\u00edr\u00e1s\u00e1hoz","og_url":"https:\/\/insulation.trocellen.com\/hu\/alkalmazasok\/hoszigeteles\/trocellen-high-temp\/","og_site_name":"Trocellen Insulation","article_modified_time":"2023-07-10T08:58:56+00:00","og_image":[{"width":1920,"height":300,"url":"https:\/\/insulation.trocellen.com\/wp-content\/uploads\/sites\/6\/2023\/05\/high-temp-fejlec.jpg","type":"image\/jpeg"}],"twitter_card":"summary_large_image","twitter_misc":{"Becs\u00fclt olvas\u00e1si id\u0151":"1 perc"},"schema":{"@context":"https:\/\/schema.org","@graph":[{"@type":"WebPage","@id":"https:\/\/insulation.trocellen.com\/hu\/alkalmazasok\/hoszigeteles\/trocellen-high-temp\/","url":"https:\/\/insulation.trocellen.com\/hu\/alkalmazasok\/hoszigeteles\/trocellen-high-temp\/","name":"A High-Temp term\u00e9kek r\u00e9zcs\u00f6vek szigetel\u00e9s\u00e9re haszn\u00e1lhat\u00f3k","isPartOf":{"@id":"https:\/\/insulation.trocellen.com\/hu\/#website"},"primaryImageOfPage":{"@id":"https:\/\/insulation.trocellen.com\/hu\/alkalmazasok\/hoszigeteles\/trocellen-high-temp\/#primaryimage"},"image":{"@id":"https:\/\/insulation.trocellen.com\/hu\/alkalmazasok\/hoszigeteles\/trocellen-high-temp\/#primaryimage"},"thumbnailUrl":"https:\/\/insulation.trocellen.com\/wp-content\/uploads\/sites\/6\/2023\/05\/high-temp-fejlec.jpg","datePublished":"2015-09-30T07:52:53+00:00","dateModified":"2023-07-10T08:58:56+00:00","description":"A High-Temp tart\u00f3s polietil\u00e9n szigetel\u0151habb\u00f3l k\u00e9sz\u00fcl, \u00edgy hozz\u00e1idomul a hegyesebb sz\u00f6gekhez is, \u00e9s el\u00e9g er\u0151s a nagyobb ig\u00e9nybev\u00e9tel kib\u00edr\u00e1s\u00e1hoz","breadcrumb":{"@id":"https:\/\/insulation.trocellen.com\/hu\/alkalmazasok\/hoszigeteles\/trocellen-high-temp\/#breadcrumb"},"inLanguage":"hu","potentialAction":[{"@type":"ReadAction","target":["https:\/\/insulation.trocellen.com\/hu\/alkalmazasok\/hoszigeteles\/trocellen-high-temp\/"]}]},{"@type":"ImageObject","inLanguage":"hu","@id":"https:\/\/insulation.trocellen.com\/hu\/alkalmazasok\/hoszigeteles\/trocellen-high-temp\/#primaryimage","url":"https:\/\/insulation.trocellen.com\/wp-content\/uploads\/sites\/6\/2023\/05\/high-temp-fejlec.jpg","contentUrl":"https:\/\/insulation.trocellen.com\/wp-content\/uploads\/sites\/6\/2023\/05\/high-temp-fejlec.jpg","width":1920,"height":300},{"@type":"BreadcrumbList","@id":"https:\/\/insulation.trocellen.com\/hu\/alkalmazasok\/hoszigeteles\/trocellen-high-temp\/#breadcrumb","itemListElement":[{"@type":"ListItem","position":1,"name":"Home","item":"https:\/\/insulation.trocellen.com\/hu\/"},{"@type":"ListItem","position":2,"name":"Alkalmaz\u00e1sok","item":"https:\/\/insulation.trocellen.com\/hu\/alkalmazasok\/"},{"@type":"ListItem","position":3,"name":"H\u0151szigetel\u00e9s","item":"https:\/\/insulation.trocellen.com\/hu\/alkalmazasok\/hoszigeteles\/"},{"@type":"ListItem","position":4,"name":"Trocellen HIGH TEMP"}]},{"@type":"WebSite","@id":"https:\/\/insulation.trocellen.com\/hu\/#website","url":"https:\/\/insulation.trocellen.com\/hu\/","name":"Trocellen Insulation","description":"","potentialAction":[{"@type":"SearchAction","target":{"@type":"EntryPoint","urlTemplate":"https:\/\/insulation.trocellen.com\/hu\/?s={search_term_string}"},"query-input":{"@type":"PropertyValueSpecification","valueRequired":true,"valueName":"search_term_string"}}],"inLanguage":"hu"}]}},"_links":{"self":[{"href":"https:\/\/insulation.trocellen.com\/hu\/wp-json\/wp\/v2\/pages\/4338","targetHints":{"allow":["GET"]}}],"collection":[{"href":"https:\/\/insulation.trocellen.com\/hu\/wp-json\/wp\/v2\/pages"}],"about":[{"href":"https:\/\/insulation.trocellen.com\/hu\/wp-json\/wp\/v2\/types\/page"}],"author":[{"embeddable":true,"href":"https:\/\/insulation.trocellen.com\/hu\/wp-json\/wp\/v2\/users\/1"}],"replies":[{"embeddable":true,"href":"https:\/\/insulation.trocellen.com\/hu\/wp-json\/wp\/v2\/comments?post=4338"}],"version-history":[{"count":2,"href":"https:\/\/insulation.trocellen.com\/hu\/wp-json\/wp\/v2\/pages\/4338\/revisions"}],"predecessor-version":[{"id":9698,"href":"https:\/\/insulation.trocellen.com\/hu\/wp-json\/wp\/v2\/pages\/4338\/revisions\/9698"}],"up":[{"embeddable":true,"href":"https:\/\/insulation.trocellen.com\/hu\/wp-json\/wp\/v2\/pages\/4296"}],"wp:featuredmedia":[{"embeddable":true,"href":"https:\/\/insulation.trocellen.com\/hu\/wp-json\/wp\/v2\/media\/8803"}],"wp:attachment":[{"href":"https:\/\/insulation.trocellen.com\/hu\/wp-json\/wp\/v2\/media?parent=4338"}],"curies":[{"name":"wp","href":"https:\/\/api.w.org\/{rel}","templated":true}]}}