{"id":4332,"date":"2015-09-30T07:50:12","date_gmt":"2015-09-30T07:50:12","guid":{"rendered":"https:\/\/insulation-new.trocellen.com\/trocellen-lapok-tekercsek-csohejak\/"},"modified":"2023-12-15T13:10:18","modified_gmt":"2023-12-15T13:10:18","slug":"trocellen-lapok-tekercsek-csohejak","status":"publish","type":"page","link":"https:\/\/insulation.trocellen.com\/hu\/alkalmazasok\/hoszigeteles\/trocellen-lapok-tekercsek-csohejak\/","title":{"rendered":"Trocellen Lapok, Tekercsek, Cs\u0151h\u00e9jak"},"content":{"rendered":"\n<p>A jelenleg hat\u00e1lyos szab\u00e1lyoz\u00e1s el\u0151\u00edrja, hogy a f\u0171t\u00e9si rendszerek \u00e9s a forr\u00f3 folyad\u00e9kok tov\u00e1bb\u00edt\u00e1s\u00e1ra szolg\u00e1l\u00f3 cs\u0151h\u00e1l\u00f3zatokat megfelel\u0151 m\u00f3don kell h\u0151szigetelni.&nbsp; Ez\u00e1ltal a lehet\u0151 legnagyobb energiamegtakar\u00edt\u00e1st \u00e9rhetj\u00fck el, valamint n\u00f6velj\u00fck a dolgoz\u00f3k biztons\u00e1g\u00e1t, mik\u00f6zben egy komfortosabb k\u00f6rnyezetet biztos\u00edtunk a sz\u00e1mukra.<\/p>\n\n\n\n<h3 class=\"wp-block-heading\">F\u0171t\u00e9srendszerek h\u0151szigetel\u00e9se<\/h3>\n\n\n\n<p>A Trocellen a megold\u00e1sok sz\u00e9les k\u00f6r\u00e9t aj\u00e1nlja f\u0171t\u00e9si rendszerek h\u0151szigetel\u00e9s\u00e9hez sz\u00e1mos orsz\u00e1gban, \u00f6sszhangban a helyi el\u0151\u00edr\u00e1sokkal.<\/p>\n\n\n\n<p>A Trocellen szigetel\u0151anyagok \u00e9lettartama bizony\u00edtottan t\u00f6bb, mint 23 \u00e9v!<\/p>\n\n\n\n<h2 class=\"wp-block-heading has-text-color\" style=\"color:#4ea346\">Cs\u0151h\u00e9jak, tekercsek \u00e9s t\u00e1bl\u00e1k<\/h2>\n\n\n\n<p>Cs\u0151h\u00e9jaink, tekercseink \u00e9s t\u00e1bl\u00e1ink tart\u00f3s teljes\u00edtm\u00e9nyt, kit\u0171n\u0151 h\u0151vezet\u00e9st, h\u0151szigetel\u00e9st \u00e9s p\u00e1raz\u00e1r\u00e1st biztos\u00edtanak. K\u00f6nnyen szerelhet\u0151ek f\u00fcggetlen\u00fcl att\u00f3l, hogy cs\u00f6vet, der\u00e9ksz\u00f6g-csatlakoz\u00e1st, \u00edves szakaszokat, \u201eT\u201d el\u00e1gaz\u00e1sokat vagy m\u00e1s cs\u0151szakaszokat kell szigetelni.<\/p>\n\n\n\n<h3 class=\"wp-block-heading\">Term\u00e9ks\u00e1la<\/h3>\n\n\n\n<ul class=\"wp-block-list\">\n<li>Trocellen Isocompact: AL\/CL1, CL1\/ALU-NET, Class AL (CE jel\u00f6l\u00e9s)<\/li>\n\n\n\n<li>Trocellen Cs\u0151h\u00e9jak: AL, AL\/CL1, Class AL (CE jel\u00f6l\u00e9s)<\/li>\n\n\n\n<li>Trocellen Tekercsek: AL, AL\/CL1, CL1\/ALU-NET, Class AL (CE jel\u00f6l\u00e9s)<\/li>\n\n\n\n<li>Trocellen T\u00e1bl\u00e1k<\/li>\n<\/ul>\n\n\n\n<h3 class=\"wp-block-heading\">Jellemz\u0151k:<\/h3>\n\n\n\n<ul class=\"wp-block-list\">\n<li>K\u00e9miailag t\u00e9rh\u00e1l\u00f3s\u00edtott PE hab<\/li>\n\n\n\n<li>Pr\u00e9gelt metalliz\u00e1lt v\u00e9d\u0151f\u00f3li\u00e1val lamin\u00e1lva<\/li>\n<\/ul>\n","protected":false},"excerpt":{"rendered":"<p>A jelenleg hat\u00e1lyos szab\u00e1lyoz\u00e1s el\u0151\u00edrja, hogy a f\u0171t\u00e9si rendszerek \u00e9s a forr\u00f3 folyad\u00e9kok tov\u00e1bb\u00edt\u00e1s\u00e1ra szolg\u00e1l\u00f3 cs\u0151h\u00e1l\u00f3zatokat megfelel\u0151 m\u00f3don kell h\u0151szigetelni.&nbsp; Ez\u00e1ltal a lehet\u0151 legnagyobb energiamegtakar\u00edt\u00e1st \u00e9rhetj\u00fck el, valamint n\u00f6velj\u00fck a dolgoz\u00f3k biztons\u00e1g\u00e1t, mik\u00f6zben egy komfortosabb k\u00f6rnyezetet biztos\u00edtunk a sz\u00e1mukra. F\u0171t\u00e9srendszerek h\u0151szigetel\u00e9se A Trocellen a megold\u00e1sok sz\u00e9les k\u00f6r\u00e9t aj\u00e1nlja f\u0171t\u00e9si rendszerek h\u0151szigetel\u00e9s\u00e9hez sz\u00e1mos orsz\u00e1gban, \u00f6sszhangban a [&hellip;]<\/p>\n","protected":false},"author":1,"featured_media":8822,"parent":4296,"menu_order":400,"comment_status":"open","ping_status":"closed","template":"templates\/applications.php","meta":{"_acf_changed":false,"footnotes":""},"class_list":["post-4332","page","type-page","status-publish","has-post-thumbnail","hentry"],"acf":[],"yoast_head":"<!-- This site is optimized with the Yoast SEO plugin v23.5 - https:\/\/yoast.com\/wordpress\/plugins\/seo\/ -->\n<title>F\u0171t\u00e9srendszerek h\u0151szigetel\u00e9si megold\u00e1sai<\/title>\n<meta name=\"description\" content=\"A Trocellen cs\u0151h\u00e9jak, tekercsek \u00e9s t\u00e1bl\u00e1k tart\u00f3s teljes\u00edtm\u00e9nyt, kit\u0171n\u0151 h\u0151vezet\u00e9st \u00e9s p\u00e1raz\u00e1r\u00e1st biztos\u00edtanak. K\u00f6nnyen szerelhet\u0151ek.\" \/>\n<meta name=\"robots\" content=\"index, follow, max-snippet:-1, max-image-preview:large, max-video-preview:-1\" \/>\n<link rel=\"canonical\" href=\"https:\/\/insulation.trocellen.com\/hu\/alkalmazasok\/hoszigeteles\/trocellen-lapok-tekercsek-csohejak\/\" \/>\n<meta property=\"og:locale\" content=\"hu_HU\" \/>\n<meta property=\"og:type\" content=\"article\" \/>\n<meta property=\"og:title\" content=\"F\u0171t\u00e9srendszerek h\u0151szigetel\u00e9si megold\u00e1sai\" \/>\n<meta property=\"og:description\" content=\"A Trocellen cs\u0151h\u00e9jak, tekercsek \u00e9s t\u00e1bl\u00e1k tart\u00f3s teljes\u00edtm\u00e9nyt, kit\u0171n\u0151 h\u0151vezet\u00e9st \u00e9s p\u00e1raz\u00e1r\u00e1st biztos\u00edtanak. K\u00f6nnyen szerelhet\u0151ek.\" \/>\n<meta property=\"og:url\" content=\"https:\/\/insulation.trocellen.com\/hu\/alkalmazasok\/hoszigeteles\/trocellen-lapok-tekercsek-csohejak\/\" \/>\n<meta property=\"og:site_name\" content=\"Trocellen Insulation\" \/>\n<meta property=\"article:modified_time\" content=\"2023-12-15T13:10:18+00:00\" \/>\n<meta property=\"og:image\" content=\"https:\/\/insulation.trocellen.com\/wp-content\/uploads\/sites\/6\/2023\/05\/foam-imit-fejlec.jpg\" \/>\n\t<meta property=\"og:image:width\" content=\"1920\" \/>\n\t<meta property=\"og:image:height\" content=\"300\" \/>\n\t<meta property=\"og:image:type\" content=\"image\/jpeg\" \/>\n<meta name=\"twitter:card\" content=\"summary_large_image\" \/>\n<meta name=\"twitter:label1\" content=\"Becs\u00fclt olvas\u00e1si id\u0151\" \/>\n\t<meta name=\"twitter:data1\" content=\"1 perc\" \/>\n<script type=\"application\/ld+json\" class=\"yoast-schema-graph\">{\"@context\":\"https:\/\/schema.org\",\"@graph\":[{\"@type\":\"WebPage\",\"@id\":\"https:\/\/insulation.trocellen.com\/hu\/alkalmazasok\/hoszigeteles\/trocellen-lapok-tekercsek-csohejak\/\",\"url\":\"https:\/\/insulation.trocellen.com\/hu\/alkalmazasok\/hoszigeteles\/trocellen-lapok-tekercsek-csohejak\/\",\"name\":\"F\u0171t\u00e9srendszerek h\u0151szigetel\u00e9si megold\u00e1sai\",\"isPartOf\":{\"@id\":\"https:\/\/insulation.trocellen.com\/hu\/#website\"},\"primaryImageOfPage\":{\"@id\":\"https:\/\/insulation.trocellen.com\/hu\/alkalmazasok\/hoszigeteles\/trocellen-lapok-tekercsek-csohejak\/#primaryimage\"},\"image\":{\"@id\":\"https:\/\/insulation.trocellen.com\/hu\/alkalmazasok\/hoszigeteles\/trocellen-lapok-tekercsek-csohejak\/#primaryimage\"},\"thumbnailUrl\":\"https:\/\/insulation.trocellen.com\/wp-content\/uploads\/sites\/6\/2023\/05\/foam-imit-fejlec.jpg\",\"datePublished\":\"2015-09-30T07:50:12+00:00\",\"dateModified\":\"2023-12-15T13:10:18+00:00\",\"description\":\"A Trocellen cs\u0151h\u00e9jak, tekercsek \u00e9s t\u00e1bl\u00e1k tart\u00f3s teljes\u00edtm\u00e9nyt, kit\u0171n\u0151 h\u0151vezet\u00e9st \u00e9s p\u00e1raz\u00e1r\u00e1st biztos\u00edtanak. K\u00f6nnyen szerelhet\u0151ek.\",\"breadcrumb\":{\"@id\":\"https:\/\/insulation.trocellen.com\/hu\/alkalmazasok\/hoszigeteles\/trocellen-lapok-tekercsek-csohejak\/#breadcrumb\"},\"inLanguage\":\"hu\",\"potentialAction\":[{\"@type\":\"ReadAction\",\"target\":[\"https:\/\/insulation.trocellen.com\/hu\/alkalmazasok\/hoszigeteles\/trocellen-lapok-tekercsek-csohejak\/\"]}]},{\"@type\":\"ImageObject\",\"inLanguage\":\"hu\",\"@id\":\"https:\/\/insulation.trocellen.com\/hu\/alkalmazasok\/hoszigeteles\/trocellen-lapok-tekercsek-csohejak\/#primaryimage\",\"url\":\"https:\/\/insulation.trocellen.com\/wp-content\/uploads\/sites\/6\/2023\/05\/foam-imit-fejlec.jpg\",\"contentUrl\":\"https:\/\/insulation.trocellen.com\/wp-content\/uploads\/sites\/6\/2023\/05\/foam-imit-fejlec.jpg\",\"width\":1920,\"height\":300},{\"@type\":\"BreadcrumbList\",\"@id\":\"https:\/\/insulation.trocellen.com\/hu\/alkalmazasok\/hoszigeteles\/trocellen-lapok-tekercsek-csohejak\/#breadcrumb\",\"itemListElement\":[{\"@type\":\"ListItem\",\"position\":1,\"name\":\"Home\",\"item\":\"https:\/\/insulation.trocellen.com\/hu\/\"},{\"@type\":\"ListItem\",\"position\":2,\"name\":\"Alkalmaz\u00e1sok\",\"item\":\"https:\/\/insulation.trocellen.com\/hu\/alkalmazasok\/\"},{\"@type\":\"ListItem\",\"position\":3,\"name\":\"H\u0151szigetel\u00e9s\",\"item\":\"https:\/\/insulation.trocellen.com\/hu\/alkalmazasok\/hoszigeteles\/\"},{\"@type\":\"ListItem\",\"position\":4,\"name\":\"Trocellen Lapok, Tekercsek, Cs\u0151h\u00e9jak\"}]},{\"@type\":\"WebSite\",\"@id\":\"https:\/\/insulation.trocellen.com\/hu\/#website\",\"url\":\"https:\/\/insulation.trocellen.com\/hu\/\",\"name\":\"Trocellen Insulation\",\"description\":\"\",\"potentialAction\":[{\"@type\":\"SearchAction\",\"target\":{\"@type\":\"EntryPoint\",\"urlTemplate\":\"https:\/\/insulation.trocellen.com\/hu\/?s={search_term_string}\"},\"query-input\":{\"@type\":\"PropertyValueSpecification\",\"valueRequired\":true,\"valueName\":\"search_term_string\"}}],\"inLanguage\":\"hu\"}]}<\/script>\n<!-- \/ Yoast SEO plugin. -->","yoast_head_json":{"title":"F\u0171t\u00e9srendszerek h\u0151szigetel\u00e9si megold\u00e1sai","description":"A Trocellen cs\u0151h\u00e9jak, tekercsek \u00e9s t\u00e1bl\u00e1k tart\u00f3s teljes\u00edtm\u00e9nyt, kit\u0171n\u0151 h\u0151vezet\u00e9st \u00e9s p\u00e1raz\u00e1r\u00e1st biztos\u00edtanak. K\u00f6nnyen szerelhet\u0151ek.","robots":{"index":"index","follow":"follow","max-snippet":"max-snippet:-1","max-image-preview":"max-image-preview:large","max-video-preview":"max-video-preview:-1"},"canonical":"https:\/\/insulation.trocellen.com\/hu\/alkalmazasok\/hoszigeteles\/trocellen-lapok-tekercsek-csohejak\/","og_locale":"hu_HU","og_type":"article","og_title":"F\u0171t\u00e9srendszerek h\u0151szigetel\u00e9si megold\u00e1sai","og_description":"A Trocellen cs\u0151h\u00e9jak, tekercsek \u00e9s t\u00e1bl\u00e1k tart\u00f3s teljes\u00edtm\u00e9nyt, kit\u0171n\u0151 h\u0151vezet\u00e9st \u00e9s p\u00e1raz\u00e1r\u00e1st biztos\u00edtanak. K\u00f6nnyen szerelhet\u0151ek.","og_url":"https:\/\/insulation.trocellen.com\/hu\/alkalmazasok\/hoszigeteles\/trocellen-lapok-tekercsek-csohejak\/","og_site_name":"Trocellen Insulation","article_modified_time":"2023-12-15T13:10:18+00:00","og_image":[{"width":1920,"height":300,"url":"https:\/\/insulation.trocellen.com\/wp-content\/uploads\/sites\/6\/2023\/05\/foam-imit-fejlec.jpg","type":"image\/jpeg"}],"twitter_card":"summary_large_image","twitter_misc":{"Becs\u00fclt olvas\u00e1si id\u0151":"1 perc"},"schema":{"@context":"https:\/\/schema.org","@graph":[{"@type":"WebPage","@id":"https:\/\/insulation.trocellen.com\/hu\/alkalmazasok\/hoszigeteles\/trocellen-lapok-tekercsek-csohejak\/","url":"https:\/\/insulation.trocellen.com\/hu\/alkalmazasok\/hoszigeteles\/trocellen-lapok-tekercsek-csohejak\/","name":"F\u0171t\u00e9srendszerek h\u0151szigetel\u00e9si megold\u00e1sai","isPartOf":{"@id":"https:\/\/insulation.trocellen.com\/hu\/#website"},"primaryImageOfPage":{"@id":"https:\/\/insulation.trocellen.com\/hu\/alkalmazasok\/hoszigeteles\/trocellen-lapok-tekercsek-csohejak\/#primaryimage"},"image":{"@id":"https:\/\/insulation.trocellen.com\/hu\/alkalmazasok\/hoszigeteles\/trocellen-lapok-tekercsek-csohejak\/#primaryimage"},"thumbnailUrl":"https:\/\/insulation.trocellen.com\/wp-content\/uploads\/sites\/6\/2023\/05\/foam-imit-fejlec.jpg","datePublished":"2015-09-30T07:50:12+00:00","dateModified":"2023-12-15T13:10:18+00:00","description":"A Trocellen cs\u0151h\u00e9jak, tekercsek \u00e9s t\u00e1bl\u00e1k tart\u00f3s teljes\u00edtm\u00e9nyt, kit\u0171n\u0151 h\u0151vezet\u00e9st \u00e9s p\u00e1raz\u00e1r\u00e1st biztos\u00edtanak. K\u00f6nnyen szerelhet\u0151ek.","breadcrumb":{"@id":"https:\/\/insulation.trocellen.com\/hu\/alkalmazasok\/hoszigeteles\/trocellen-lapok-tekercsek-csohejak\/#breadcrumb"},"inLanguage":"hu","potentialAction":[{"@type":"ReadAction","target":["https:\/\/insulation.trocellen.com\/hu\/alkalmazasok\/hoszigeteles\/trocellen-lapok-tekercsek-csohejak\/"]}]},{"@type":"ImageObject","inLanguage":"hu","@id":"https:\/\/insulation.trocellen.com\/hu\/alkalmazasok\/hoszigeteles\/trocellen-lapok-tekercsek-csohejak\/#primaryimage","url":"https:\/\/insulation.trocellen.com\/wp-content\/uploads\/sites\/6\/2023\/05\/foam-imit-fejlec.jpg","contentUrl":"https:\/\/insulation.trocellen.com\/wp-content\/uploads\/sites\/6\/2023\/05\/foam-imit-fejlec.jpg","width":1920,"height":300},{"@type":"BreadcrumbList","@id":"https:\/\/insulation.trocellen.com\/hu\/alkalmazasok\/hoszigeteles\/trocellen-lapok-tekercsek-csohejak\/#breadcrumb","itemListElement":[{"@type":"ListItem","position":1,"name":"Home","item":"https:\/\/insulation.trocellen.com\/hu\/"},{"@type":"ListItem","position":2,"name":"Alkalmaz\u00e1sok","item":"https:\/\/insulation.trocellen.com\/hu\/alkalmazasok\/"},{"@type":"ListItem","position":3,"name":"H\u0151szigetel\u00e9s","item":"https:\/\/insulation.trocellen.com\/hu\/alkalmazasok\/hoszigeteles\/"},{"@type":"ListItem","position":4,"name":"Trocellen Lapok, Tekercsek, Cs\u0151h\u00e9jak"}]},{"@type":"WebSite","@id":"https:\/\/insulation.trocellen.com\/hu\/#website","url":"https:\/\/insulation.trocellen.com\/hu\/","name":"Trocellen Insulation","description":"","potentialAction":[{"@type":"SearchAction","target":{"@type":"EntryPoint","urlTemplate":"https:\/\/insulation.trocellen.com\/hu\/?s={search_term_string}"},"query-input":{"@type":"PropertyValueSpecification","valueRequired":true,"valueName":"search_term_string"}}],"inLanguage":"hu"}]}},"_links":{"self":[{"href":"https:\/\/insulation.trocellen.com\/hu\/wp-json\/wp\/v2\/pages\/4332","targetHints":{"allow":["GET"]}}],"collection":[{"href":"https:\/\/insulation.trocellen.com\/hu\/wp-json\/wp\/v2\/pages"}],"about":[{"href":"https:\/\/insulation.trocellen.com\/hu\/wp-json\/wp\/v2\/types\/page"}],"author":[{"embeddable":true,"href":"https:\/\/insulation.trocellen.com\/hu\/wp-json\/wp\/v2\/users\/1"}],"replies":[{"embeddable":true,"href":"https:\/\/insulation.trocellen.com\/hu\/wp-json\/wp\/v2\/comments?post=4332"}],"version-history":[{"count":3,"href":"https:\/\/insulation.trocellen.com\/hu\/wp-json\/wp\/v2\/pages\/4332\/revisions"}],"predecessor-version":[{"id":10345,"href":"https:\/\/insulation.trocellen.com\/hu\/wp-json\/wp\/v2\/pages\/4332\/revisions\/10345"}],"up":[{"embeddable":true,"href":"https:\/\/insulation.trocellen.com\/hu\/wp-json\/wp\/v2\/pages\/4296"}],"wp:featuredmedia":[{"embeddable":true,"href":"https:\/\/insulation.trocellen.com\/hu\/wp-json\/wp\/v2\/media\/8822"}],"wp:attachment":[{"href":"https:\/\/insulation.trocellen.com\/hu\/wp-json\/wp\/v2\/media?parent=4332"}],"curies":[{"name":"wp","href":"https:\/\/api.w.org\/{rel}","templated":true}]}}