{"id":4326,"date":"2015-09-30T07:47:58","date_gmt":"2015-09-30T07:47:58","guid":{"rendered":"https:\/\/insulation-new.trocellen.com\/trocellen-isocompact-csohejak\/"},"modified":"2023-07-10T08:59:25","modified_gmt":"2023-07-10T08:59:25","slug":"trocellen-isocompact-csohejak","status":"publish","type":"page","link":"https:\/\/insulation.trocellen.com\/hu\/alkalmazasok\/hoszigeteles\/trocellen-isocompact-csohejak\/","title":{"rendered":"Trocellen Isocompact cs\u0151h\u00e9jak"},"content":{"rendered":"\n<p>A jelenleg hat\u00e1lyos szab\u00e1lyoz\u00e1s el\u0151\u00edrja, hogy a f\u0171t\u00e9si rendszereket \u00e9s a folyad\u00e9kok\/g\u0151z tov\u00e1bb\u00edt\u00e1s\u00e1ra szolg\u00e1l\u00f3 cs\u0151h\u00e1l\u00f3zatokat megfelel\u0151 m\u00f3don kell h\u0151szigetelni annak \u00e9rdek\u00e9ben, hogy a lehet\u0151 legnagyobb energiamegtakar\u00edt\u00e1st \u00e9rhess\u00fck el, valamint n\u00f6velj\u00fck a dolgoz\u00f3k biztons\u00e1g\u00e1t, mik\u00f6zben egy komfortosabb k\u00f6rnyezetet biztos\u00edtunk a sz\u00e1mukra.<\/p>\n\n\n\n<figure class=\"wp-block-image\"><a href=\"https:\/\/insulation.trocellen.com\/wp-content\/uploads\/sites\/6\/2015\/09\/isocompact2.jpg\" rel=\"attachment wp-att-1332\"><img decoding=\"async\" src=\"https:\/\/insulation.trocellen.com\/wp-content\/uploads\/sites\/6\/2015\/09\/isocompact2-1024x632.jpg\" alt=\"isocompact2\" class=\"wp-image-1332\"\/><\/a><\/figure>\n\n\n\n<h2 class=\"wp-block-heading\">F\u0171t\u00e9srendszerek h\u0151szigetel\u00e9se<\/h2>\n\n\n\n<p>A Trocellen a megold\u00e1sok sz\u00e9les k\u00f6r\u00e9t aj\u00e1nlja f\u0171t\u00e9si rendszerek h\u0151szigetel\u00e9s\u00e9hez sz\u00e1mos orsz\u00e1gban, \u00f6sszhangban a helyi el\u0151\u00edr\u00e1sokkal.<\/p>\n\n\n\n<h3 class=\"wp-block-heading\">Isocompact<\/h3>\n\n\n\n<p>Az Isocompact term\u00e9ket magas m\u0171szaki elv\u00e1r\u00e1sok kiel\u00e9g\u00edt\u00e9s\u00e9re fejlesztett\u00fck ki, ahol a nagyon magas h\u0151szigetel\u00e9si teljes\u00edtm\u00e9ny az elv\u00e1r\u00e1s.&nbsp; Aj\u00e1nljuk f\u0171tetlen helys\u00e9gekben vagy k\u00fclt\u00e9ren tal\u00e1lhat\u00f3 cs\u00f6vek szigetel\u00e9s\u00e9re.<\/p>\n\n\n\n<figure class=\"wp-block-image\"><a href=\"https:\/\/insulation.trocellen.com\/wp-content\/uploads\/sites\/6\/2015\/09\/isocompact1.jpg\" rel=\"attachment wp-att-1331\"><img decoding=\"async\" src=\"https:\/\/insulation.trocellen.com\/wp-content\/uploads\/sites\/6\/2015\/09\/isocompact1-1024x631.jpg\" alt=\"isocompact1\" class=\"wp-image-1331\"\/><\/a><\/figure>\n\n\n\n<h2 class=\"wp-block-heading\">Jellemz\u0151k:<\/h2>\n\n\n\n<ul class=\"wp-block-list\">\n<li>K\u00e9miailag t\u00e9rh\u00e1l\u00f3sytott PE hab<\/li>\n\n\n\n<li>T\u00f6bbr\u00e9teg\u0171 cs\u0151h\u00e9jak k\u00fcl\u00f6nb\u00f6z\u0151 vastags\u00e1gban<\/li>\n\n\n\n<li>K\u00fcls\u0151 bor\u00edt\u00e1sa pr\u00e9gelt, karcol\u00e1s-\u00e1ll\u00f3 metalliz\u00e1lt f\u00f3lia vagy alum\u00ednium r\u00e9teg<\/li>\n\n\n\n<li>Bevizsg\u00e1lt Class 1, Olaszorsz\u00e1g<\/li>\n\n\n\n<li>CE jelz\u00e9ssel, Euroclass E<\/li>\n\n\n\n<li>Kaphat\u00f3 cs\u0151h\u00e9j, tekercs \u00e9s t\u00e1bla form\u00e1ban<\/li>\n<\/ul>\n","protected":false},"excerpt":{"rendered":"<p>A jelenleg hat\u00e1lyos szab\u00e1lyoz\u00e1s el\u0151\u00edrja, hogy a f\u0171t\u00e9si rendszereket \u00e9s a folyad\u00e9kok\/g\u0151z tov\u00e1bb\u00edt\u00e1s\u00e1ra szolg\u00e1l\u00f3 cs\u0151h\u00e1l\u00f3zatokat megfelel\u0151 m\u00f3don kell h\u0151szigetelni annak \u00e9rdek\u00e9ben, hogy a lehet\u0151 legnagyobb energiamegtakar\u00edt\u00e1st \u00e9rhess\u00fck el, valamint n\u00f6velj\u00fck a dolgoz\u00f3k biztons\u00e1g\u00e1t, mik\u00f6zben egy komfortosabb k\u00f6rnyezetet biztos\u00edtunk a sz\u00e1mukra. F\u0171t\u00e9srendszerek h\u0151szigetel\u00e9se A Trocellen a megold\u00e1sok sz\u00e9les k\u00f6r\u00e9t aj\u00e1nlja f\u0171t\u00e9si rendszerek h\u0151szigetel\u00e9s\u00e9hez sz\u00e1mos orsz\u00e1gban, \u00f6sszhangban [&hellip;]<\/p>\n","protected":false},"author":1,"featured_media":8816,"parent":4296,"menu_order":300,"comment_status":"open","ping_status":"closed","template":"templates\/applications.php","meta":{"_acf_changed":false,"footnotes":""},"class_list":["post-4326","page","type-page","status-publish","has-post-thumbnail","hentry"],"acf":[],"yoast_head":"<!-- This site is optimized with the Yoast SEO plugin v23.5 - https:\/\/yoast.com\/wordpress\/plugins\/seo\/ -->\n<title>Az Isocompact cs\u00f6vekhez haszn\u00e1lhat\u00f3 h\u0151szigetel\u0151 term\u00e9k<\/title>\n<meta name=\"description\" content=\"Az Isocompact kiv\u00e1l\u00f3 h\u0151szigetel\u0151, \u00edgy f\u0171tetlen helys\u00e9gekben \u00e9s k\u00fclt\u00e9ren haszn\u00e1lhat\u00f3. K\u00f6nnyen be\u00e9p\u00edthet\u0151; bor\u00edt\u00e1sa metalliz\u00e1lt f\u00f3lia vagy alum\u00ednium\" \/>\n<meta name=\"robots\" content=\"index, follow, max-snippet:-1, max-image-preview:large, max-video-preview:-1\" \/>\n<link rel=\"canonical\" href=\"https:\/\/insulation.trocellen.com\/hu\/alkalmazasok\/hoszigeteles\/trocellen-isocompact-csohejak\/\" \/>\n<meta property=\"og:locale\" content=\"hu_HU\" \/>\n<meta property=\"og:type\" content=\"article\" \/>\n<meta property=\"og:title\" content=\"Az Isocompact cs\u00f6vekhez haszn\u00e1lhat\u00f3 h\u0151szigetel\u0151 term\u00e9k\" \/>\n<meta property=\"og:description\" content=\"Az Isocompact kiv\u00e1l\u00f3 h\u0151szigetel\u0151, \u00edgy f\u0171tetlen helys\u00e9gekben \u00e9s k\u00fclt\u00e9ren haszn\u00e1lhat\u00f3. K\u00f6nnyen be\u00e9p\u00edthet\u0151; bor\u00edt\u00e1sa metalliz\u00e1lt f\u00f3lia vagy alum\u00ednium\" \/>\n<meta property=\"og:url\" content=\"https:\/\/insulation.trocellen.com\/hu\/alkalmazasok\/hoszigeteles\/trocellen-isocompact-csohejak\/\" \/>\n<meta property=\"og:site_name\" content=\"Trocellen Insulation\" \/>\n<meta property=\"article:modified_time\" content=\"2023-07-10T08:59:25+00:00\" \/>\n<meta property=\"og:image\" content=\"https:\/\/insulation.trocellen.com\/wp-content\/uploads\/sites\/6\/2023\/05\/Isocompact-fejlec.jpg\" \/>\n\t<meta property=\"og:image:width\" content=\"1920\" \/>\n\t<meta property=\"og:image:height\" content=\"300\" \/>\n\t<meta property=\"og:image:type\" content=\"image\/jpeg\" \/>\n<meta name=\"twitter:card\" content=\"summary_large_image\" \/>\n<meta name=\"twitter:label1\" content=\"Becs\u00fclt olvas\u00e1si id\u0151\" \/>\n\t<meta name=\"twitter:data1\" content=\"1 perc\" \/>\n<script type=\"application\/ld+json\" class=\"yoast-schema-graph\">{\"@context\":\"https:\/\/schema.org\",\"@graph\":[{\"@type\":\"WebPage\",\"@id\":\"https:\/\/insulation.trocellen.com\/hu\/alkalmazasok\/hoszigeteles\/trocellen-isocompact-csohejak\/\",\"url\":\"https:\/\/insulation.trocellen.com\/hu\/alkalmazasok\/hoszigeteles\/trocellen-isocompact-csohejak\/\",\"name\":\"Az Isocompact cs\u00f6vekhez haszn\u00e1lhat\u00f3 h\u0151szigetel\u0151 term\u00e9k\",\"isPartOf\":{\"@id\":\"https:\/\/insulation.trocellen.com\/hu\/#website\"},\"primaryImageOfPage\":{\"@id\":\"https:\/\/insulation.trocellen.com\/hu\/alkalmazasok\/hoszigeteles\/trocellen-isocompact-csohejak\/#primaryimage\"},\"image\":{\"@id\":\"https:\/\/insulation.trocellen.com\/hu\/alkalmazasok\/hoszigeteles\/trocellen-isocompact-csohejak\/#primaryimage\"},\"thumbnailUrl\":\"https:\/\/insulation.trocellen.com\/wp-content\/uploads\/sites\/6\/2023\/05\/Isocompact-fejlec.jpg\",\"datePublished\":\"2015-09-30T07:47:58+00:00\",\"dateModified\":\"2023-07-10T08:59:25+00:00\",\"description\":\"Az Isocompact kiv\u00e1l\u00f3 h\u0151szigetel\u0151, \u00edgy f\u0171tetlen helys\u00e9gekben \u00e9s k\u00fclt\u00e9ren haszn\u00e1lhat\u00f3. K\u00f6nnyen be\u00e9p\u00edthet\u0151; bor\u00edt\u00e1sa metalliz\u00e1lt f\u00f3lia vagy alum\u00ednium\",\"breadcrumb\":{\"@id\":\"https:\/\/insulation.trocellen.com\/hu\/alkalmazasok\/hoszigeteles\/trocellen-isocompact-csohejak\/#breadcrumb\"},\"inLanguage\":\"hu\",\"potentialAction\":[{\"@type\":\"ReadAction\",\"target\":[\"https:\/\/insulation.trocellen.com\/hu\/alkalmazasok\/hoszigeteles\/trocellen-isocompact-csohejak\/\"]}]},{\"@type\":\"ImageObject\",\"inLanguage\":\"hu\",\"@id\":\"https:\/\/insulation.trocellen.com\/hu\/alkalmazasok\/hoszigeteles\/trocellen-isocompact-csohejak\/#primaryimage\",\"url\":\"https:\/\/insulation.trocellen.com\/wp-content\/uploads\/sites\/6\/2023\/05\/Isocompact-fejlec.jpg\",\"contentUrl\":\"https:\/\/insulation.trocellen.com\/wp-content\/uploads\/sites\/6\/2023\/05\/Isocompact-fejlec.jpg\",\"width\":1920,\"height\":300},{\"@type\":\"BreadcrumbList\",\"@id\":\"https:\/\/insulation.trocellen.com\/hu\/alkalmazasok\/hoszigeteles\/trocellen-isocompact-csohejak\/#breadcrumb\",\"itemListElement\":[{\"@type\":\"ListItem\",\"position\":1,\"name\":\"Home\",\"item\":\"https:\/\/insulation.trocellen.com\/hu\/\"},{\"@type\":\"ListItem\",\"position\":2,\"name\":\"Alkalmaz\u00e1sok\",\"item\":\"https:\/\/insulation.trocellen.com\/hu\/alkalmazasok\/\"},{\"@type\":\"ListItem\",\"position\":3,\"name\":\"H\u0151szigetel\u00e9s\",\"item\":\"https:\/\/insulation.trocellen.com\/hu\/alkalmazasok\/hoszigeteles\/\"},{\"@type\":\"ListItem\",\"position\":4,\"name\":\"Trocellen Isocompact cs\u0151h\u00e9jak\"}]},{\"@type\":\"WebSite\",\"@id\":\"https:\/\/insulation.trocellen.com\/hu\/#website\",\"url\":\"https:\/\/insulation.trocellen.com\/hu\/\",\"name\":\"Trocellen Insulation\",\"description\":\"\",\"potentialAction\":[{\"@type\":\"SearchAction\",\"target\":{\"@type\":\"EntryPoint\",\"urlTemplate\":\"https:\/\/insulation.trocellen.com\/hu\/?s={search_term_string}\"},\"query-input\":{\"@type\":\"PropertyValueSpecification\",\"valueRequired\":true,\"valueName\":\"search_term_string\"}}],\"inLanguage\":\"hu\"}]}<\/script>\n<!-- \/ Yoast SEO plugin. -->","yoast_head_json":{"title":"Az Isocompact cs\u00f6vekhez haszn\u00e1lhat\u00f3 h\u0151szigetel\u0151 term\u00e9k","description":"Az Isocompact kiv\u00e1l\u00f3 h\u0151szigetel\u0151, \u00edgy f\u0171tetlen helys\u00e9gekben \u00e9s k\u00fclt\u00e9ren haszn\u00e1lhat\u00f3. K\u00f6nnyen be\u00e9p\u00edthet\u0151; bor\u00edt\u00e1sa metalliz\u00e1lt f\u00f3lia vagy alum\u00ednium","robots":{"index":"index","follow":"follow","max-snippet":"max-snippet:-1","max-image-preview":"max-image-preview:large","max-video-preview":"max-video-preview:-1"},"canonical":"https:\/\/insulation.trocellen.com\/hu\/alkalmazasok\/hoszigeteles\/trocellen-isocompact-csohejak\/","og_locale":"hu_HU","og_type":"article","og_title":"Az Isocompact cs\u00f6vekhez haszn\u00e1lhat\u00f3 h\u0151szigetel\u0151 term\u00e9k","og_description":"Az Isocompact kiv\u00e1l\u00f3 h\u0151szigetel\u0151, \u00edgy f\u0171tetlen helys\u00e9gekben \u00e9s k\u00fclt\u00e9ren haszn\u00e1lhat\u00f3. K\u00f6nnyen be\u00e9p\u00edthet\u0151; bor\u00edt\u00e1sa metalliz\u00e1lt f\u00f3lia vagy alum\u00ednium","og_url":"https:\/\/insulation.trocellen.com\/hu\/alkalmazasok\/hoszigeteles\/trocellen-isocompact-csohejak\/","og_site_name":"Trocellen Insulation","article_modified_time":"2023-07-10T08:59:25+00:00","og_image":[{"width":1920,"height":300,"url":"https:\/\/insulation.trocellen.com\/wp-content\/uploads\/sites\/6\/2023\/05\/Isocompact-fejlec.jpg","type":"image\/jpeg"}],"twitter_card":"summary_large_image","twitter_misc":{"Becs\u00fclt olvas\u00e1si id\u0151":"1 perc"},"schema":{"@context":"https:\/\/schema.org","@graph":[{"@type":"WebPage","@id":"https:\/\/insulation.trocellen.com\/hu\/alkalmazasok\/hoszigeteles\/trocellen-isocompact-csohejak\/","url":"https:\/\/insulation.trocellen.com\/hu\/alkalmazasok\/hoszigeteles\/trocellen-isocompact-csohejak\/","name":"Az Isocompact cs\u00f6vekhez haszn\u00e1lhat\u00f3 h\u0151szigetel\u0151 term\u00e9k","isPartOf":{"@id":"https:\/\/insulation.trocellen.com\/hu\/#website"},"primaryImageOfPage":{"@id":"https:\/\/insulation.trocellen.com\/hu\/alkalmazasok\/hoszigeteles\/trocellen-isocompact-csohejak\/#primaryimage"},"image":{"@id":"https:\/\/insulation.trocellen.com\/hu\/alkalmazasok\/hoszigeteles\/trocellen-isocompact-csohejak\/#primaryimage"},"thumbnailUrl":"https:\/\/insulation.trocellen.com\/wp-content\/uploads\/sites\/6\/2023\/05\/Isocompact-fejlec.jpg","datePublished":"2015-09-30T07:47:58+00:00","dateModified":"2023-07-10T08:59:25+00:00","description":"Az Isocompact kiv\u00e1l\u00f3 h\u0151szigetel\u0151, \u00edgy f\u0171tetlen helys\u00e9gekben \u00e9s k\u00fclt\u00e9ren haszn\u00e1lhat\u00f3. K\u00f6nnyen be\u00e9p\u00edthet\u0151; bor\u00edt\u00e1sa metalliz\u00e1lt f\u00f3lia vagy alum\u00ednium","breadcrumb":{"@id":"https:\/\/insulation.trocellen.com\/hu\/alkalmazasok\/hoszigeteles\/trocellen-isocompact-csohejak\/#breadcrumb"},"inLanguage":"hu","potentialAction":[{"@type":"ReadAction","target":["https:\/\/insulation.trocellen.com\/hu\/alkalmazasok\/hoszigeteles\/trocellen-isocompact-csohejak\/"]}]},{"@type":"ImageObject","inLanguage":"hu","@id":"https:\/\/insulation.trocellen.com\/hu\/alkalmazasok\/hoszigeteles\/trocellen-isocompact-csohejak\/#primaryimage","url":"https:\/\/insulation.trocellen.com\/wp-content\/uploads\/sites\/6\/2023\/05\/Isocompact-fejlec.jpg","contentUrl":"https:\/\/insulation.trocellen.com\/wp-content\/uploads\/sites\/6\/2023\/05\/Isocompact-fejlec.jpg","width":1920,"height":300},{"@type":"BreadcrumbList","@id":"https:\/\/insulation.trocellen.com\/hu\/alkalmazasok\/hoszigeteles\/trocellen-isocompact-csohejak\/#breadcrumb","itemListElement":[{"@type":"ListItem","position":1,"name":"Home","item":"https:\/\/insulation.trocellen.com\/hu\/"},{"@type":"ListItem","position":2,"name":"Alkalmaz\u00e1sok","item":"https:\/\/insulation.trocellen.com\/hu\/alkalmazasok\/"},{"@type":"ListItem","position":3,"name":"H\u0151szigetel\u00e9s","item":"https:\/\/insulation.trocellen.com\/hu\/alkalmazasok\/hoszigeteles\/"},{"@type":"ListItem","position":4,"name":"Trocellen Isocompact cs\u0151h\u00e9jak"}]},{"@type":"WebSite","@id":"https:\/\/insulation.trocellen.com\/hu\/#website","url":"https:\/\/insulation.trocellen.com\/hu\/","name":"Trocellen Insulation","description":"","potentialAction":[{"@type":"SearchAction","target":{"@type":"EntryPoint","urlTemplate":"https:\/\/insulation.trocellen.com\/hu\/?s={search_term_string}"},"query-input":{"@type":"PropertyValueSpecification","valueRequired":true,"valueName":"search_term_string"}}],"inLanguage":"hu"}]}},"_links":{"self":[{"href":"https:\/\/insulation.trocellen.com\/hu\/wp-json\/wp\/v2\/pages\/4326","targetHints":{"allow":["GET"]}}],"collection":[{"href":"https:\/\/insulation.trocellen.com\/hu\/wp-json\/wp\/v2\/pages"}],"about":[{"href":"https:\/\/insulation.trocellen.com\/hu\/wp-json\/wp\/v2\/types\/page"}],"author":[{"embeddable":true,"href":"https:\/\/insulation.trocellen.com\/hu\/wp-json\/wp\/v2\/users\/1"}],"replies":[{"embeddable":true,"href":"https:\/\/insulation.trocellen.com\/hu\/wp-json\/wp\/v2\/comments?post=4326"}],"version-history":[{"count":2,"href":"https:\/\/insulation.trocellen.com\/hu\/wp-json\/wp\/v2\/pages\/4326\/revisions"}],"predecessor-version":[{"id":9699,"href":"https:\/\/insulation.trocellen.com\/hu\/wp-json\/wp\/v2\/pages\/4326\/revisions\/9699"}],"up":[{"embeddable":true,"href":"https:\/\/insulation.trocellen.com\/hu\/wp-json\/wp\/v2\/pages\/4296"}],"wp:featuredmedia":[{"embeddable":true,"href":"https:\/\/insulation.trocellen.com\/hu\/wp-json\/wp\/v2\/media\/8816"}],"wp:attachment":[{"href":"https:\/\/insulation.trocellen.com\/hu\/wp-json\/wp\/v2\/media?parent=4326"}],"curies":[{"name":"wp","href":"https:\/\/api.w.org\/{rel}","templated":true}]}}