{"id":4320,"date":"2015-09-30T07:45:58","date_gmt":"2015-09-30T07:45:58","guid":{"rendered":"https:\/\/insulation-new.trocellen.com\/trocellen-tartozekok-szalagok-ontapadok-ragasztok\/"},"modified":"2023-07-10T08:58:17","modified_gmt":"2023-07-10T08:58:17","slug":"trocellen-tartozekok-szalagok-ontapadok-ragasztok","status":"publish","type":"page","link":"https:\/\/insulation.trocellen.com\/hu\/alkalmazasok\/hoszigeteles\/trocellen-tartozekok-szalagok-ontapadok-ragasztok\/","title":{"rendered":"Trocellen tartoz\u00e9kok &#8211; szalagok, \u00f6ntapad\u00f3k, ragaszt\u00f3k"},"content":{"rendered":"\n<h2 class=\"wp-block-heading\">Szerelhet\u0151s\u00e9g<\/h2>\n\n\n\n<p>Azon t\u00fal, hogy tal\u00e1n a legjobb \u00e9s legtart\u00f3sabb szigetel\u0151anyagokat k\u00edn\u00e1ljuk \u00f6nnek, biztos\u00edtjuk hozz\u00e1 a sz\u00fcks\u00e9ges kieg\u00e9sz\u00edt\u0151ket is, amikkel a term\u00e9k be\u00e9p\u00edt\u00e9se val\u00f3ban k\u00f6nny\u0171, biztons\u00e1gos \u00e9s tart\u00f3s lesz.<\/p>\n\n\n\n<h2 class=\"wp-block-heading has-text-color\" style=\"color:#4ea346\">Matiblock<\/h2>\n\n\n\n<p>Speci\u00e1lis ragaszt\u00f3 a Trocellen t\u00f6m\u00edt\u00e9sek, tekercsek \u00e9s t\u00e1bl\u00e1k r\u00f6gz\u00edt\u00e9s\u00e9hez.<\/p>\n\n\n\n<h3 class=\"wp-block-heading\">Jellemz\u0151k:<\/h3>\n\n\n\n<ul class=\"wp-block-list\">\n<li>Szintetikus polimer-alap\u00fa ragaszt\u00f3, amely megfelel a k\u00f6vetkez\u0151 szabv\u00e1nynak: Pres. Dec. N. 303 of 19 March 1956<\/li>\n\n\n\n<li>Old\u00f3szereket tartalmaz (csoportok: 30-41-39-33)<\/li>\n\n\n\n<li>Benzol- \u00e9s Xilol-mentes<\/li>\n\n\n\n<li>Kevesebb, mint 5% toluolt tartalmaz<\/li>\n<\/ul>\n\n\n\n<h2 class=\"wp-block-heading has-text-color\" style=\"color:#4ea346\">\u00d6ntapad\u00f3s szalagok \u00e9s cs\u00edkok<\/h2>\n\n\n\n<p>A szigetel\u0151anyagok technikai \u00e9s eszt\u00e9tikai tulajdons\u00e1gait szem el\u0151tt tartva tervezt\u00fck. Alkalmazhat\u00f3:<\/p>\n\n\n\n<ul class=\"wp-block-list\">\n<li>olyan cs\u0151szakaszokn\u00e1l, ahol neh\u00e9z a szigetel\u0151 cs\u0151h\u00e9jak haszn\u00e1lata<\/li>\n\n\n\n<li>a szigetel\u0151 h\u00e9jak \u00e9s t\u00e1bl\u00e1k k\u00f6z\u00f6tti csatlakoz\u00e1sok lez\u00e1r\u00e1s\u00e1ra, amit el\u0151zetesen a Matiblock felhaszn\u00e1l\u00e1s\u00e1val ragasztunk<\/li>\n<\/ul>\n\n\n\n<h3 class=\"wp-block-heading\">Term\u00e9ksk\u00e1la:<\/h3>\n\n\n\n<ul class=\"wp-block-list\">\n<li>Trocellen AL habcs\u00edkok: PE habcs\u00edk metalliz\u00e1lt f\u00f3li\u00e1val lamin\u00e1lva \u00e9s pr\u00e9gelve<\/li>\n\n\n\n<li>Trocellen AL\/CL1 habcs\u00edkok: Class 1 PE cs\u00edkok metalliz\u00e1lt f\u00f3li\u00e1val lamin\u00e1lva \u00e9s pr\u00e9gelve<\/li>\n\n\n\n<li>Trocellen gumics\u00edkok: szintetikus gumics\u00edkok (kaucsuk)<\/li>\n\n\n\n<li>Trocellen \u00f6ntapad\u00f3 szalagok: csatlakoz\u00e1sok k\u00fcls\u0151 lez\u00e1r\u00e1s\u00e1ra<\/li>\n\n\n\n<li>Trocellen AL\/CL1 \u00f6ntapad\u00f3 szalagok<\/li>\n\n\n\n<li>\u00d6ntapad\u00f3 alum\u00ednium szalagok<\/li>\n<\/ul>\n\n\n\n<h2 class=\"wp-block-heading has-text-color\" style=\"color:#4ea346\">Trocellen T\u00f6m\u00edt\u00e9sek<\/h2>\n\n\n\n<p>A Trocellen t\u00e9rh\u00e1l\u00f3s PE habjai alkalmazhat\u00f3ak l\u00e9gcsatorn\u00e1k szigetel\u00e9s\u00e9re, valamint h\u0171t\u0151g\u00e9pek \u00e9s l\u00e9gkondicion\u00e1l\u00f3k, stb. t\u00f6m\u00edt\u00e9s\u00e9re is.<\/p>\n\n\n\n<h3 class=\"wp-block-heading\">M\u00e9retek:<\/h3>\n\n\n\n<ul class=\"wp-block-list\">\n<li>Sz\u00e9less\u00e9g: 15 mm<\/li>\n\n\n\n<li>Vastags\u00e1g: 3 &#8211; 6 mm<\/li>\n\n\n\n<li>Hossz: 10 m<\/li>\n<\/ul>\n\n\n\n<p>K\u00e9r\u00e9sre ett\u0151l elt\u00e9r\u0151 m\u00e9retben is megv\u00e1s\u00e1rolhat\u00f3, tekintettel a minim\u00e1lis rendel\u00e9si mennyis\u00e9gre.<\/p>\n\n\n\n<h2 class=\"wp-block-heading has-text-color\" style=\"color:#4ea346\">Trocellen EPDM t\u00f6m\u00edt\u00e9sek:<\/h2>\n\n\n\n<ul class=\"wp-block-list\">\n<li>Sz\u00e9less\u00e9g: 10-20-30-40 mm<\/li>\n\n\n\n<li>Vastags\u00e1g: 3-4-5-10 mm<\/li>\n\n\n\n<li>Hossz\u00fas\u00e1g: 10 m (3-4 mm vastags\u00e1gn\u00e1l)<\/li>\n\n\n\n<li>Hossz\u00fas\u00e1g: 4 m (5 mm vastags\u00e1gn\u00e1l)<\/li>\n<\/ul>\n","protected":false},"excerpt":{"rendered":"<p>Szerelhet\u0151s\u00e9g Azon t\u00fal, hogy tal\u00e1n a legjobb \u00e9s legtart\u00f3sabb szigetel\u0151anyagokat k\u00edn\u00e1ljuk \u00f6nnek, biztos\u00edtjuk hozz\u00e1 a sz\u00fcks\u00e9ges kieg\u00e9sz\u00edt\u0151ket is, amikkel a term\u00e9k be\u00e9p\u00edt\u00e9se val\u00f3ban k\u00f6nny\u0171, biztons\u00e1gos \u00e9s tart\u00f3s lesz. Matiblock Speci\u00e1lis ragaszt\u00f3 a Trocellen t\u00f6m\u00edt\u00e9sek, tekercsek \u00e9s t\u00e1bl\u00e1k r\u00f6gz\u00edt\u00e9s\u00e9hez. Jellemz\u0151k: \u00d6ntapad\u00f3s szalagok \u00e9s cs\u00edkok A szigetel\u0151anyagok technikai \u00e9s eszt\u00e9tikai tulajdons\u00e1gait szem el\u0151tt tartva tervezt\u00fck. Alkalmazhat\u00f3: Term\u00e9ksk\u00e1la: [&hellip;]<\/p>\n","protected":false},"author":1,"featured_media":8810,"parent":4296,"menu_order":200,"comment_status":"open","ping_status":"closed","template":"templates\/applications.php","meta":{"_acf_changed":false,"footnotes":""},"class_list":["post-4320","page","type-page","status-publish","has-post-thumbnail","hentry"],"acf":[],"yoast_head":"<!-- This site is optimized with the Yoast SEO plugin v23.5 - https:\/\/yoast.com\/wordpress\/plugins\/seo\/ -->\n<title>Trocellen tartoz\u00e9kok: profi szalagok, \u00f6ntapad\u00f3k, ragaszt\u00f3k<\/title>\n<meta name=\"description\" content=\"A legtart\u00f3sabbak k\u00f6z\u00e9 tartoz\u00f3 szigetel\u0151anyagainkhoz kieg\u00e9sz\u00edt\u0151ket is biztos\u00edtunk a k\u00f6nny\u0171 be\u00e9p\u00edt\u00e9s, a tart\u00f3ss\u00e1g \u00e9s a biztons\u00e1g \u00e9rdek\u00e9ben.\" \/>\n<meta name=\"robots\" content=\"index, follow, max-snippet:-1, max-image-preview:large, max-video-preview:-1\" \/>\n<link rel=\"canonical\" href=\"https:\/\/insulation.trocellen.com\/hu\/alkalmazasok\/hoszigeteles\/trocellen-tartozekok-szalagok-ontapadok-ragasztok\/\" \/>\n<meta property=\"og:locale\" content=\"hu_HU\" \/>\n<meta property=\"og:type\" content=\"article\" \/>\n<meta property=\"og:title\" content=\"Trocellen tartoz\u00e9kok: profi szalagok, \u00f6ntapad\u00f3k, ragaszt\u00f3k\" \/>\n<meta property=\"og:description\" content=\"A legtart\u00f3sabbak k\u00f6z\u00e9 tartoz\u00f3 szigetel\u0151anyagainkhoz kieg\u00e9sz\u00edt\u0151ket is biztos\u00edtunk a k\u00f6nny\u0171 be\u00e9p\u00edt\u00e9s, a tart\u00f3ss\u00e1g \u00e9s a biztons\u00e1g \u00e9rdek\u00e9ben.\" \/>\n<meta property=\"og:url\" content=\"https:\/\/insulation.trocellen.com\/hu\/alkalmazasok\/hoszigeteles\/trocellen-tartozekok-szalagok-ontapadok-ragasztok\/\" \/>\n<meta property=\"og:site_name\" content=\"Trocellen Insulation\" \/>\n<meta property=\"article:modified_time\" content=\"2023-07-10T08:58:17+00:00\" \/>\n<meta property=\"og:image\" content=\"https:\/\/insulation.trocellen.com\/wp-content\/uploads\/sites\/6\/2023\/05\/accessories-fejlec-feltoltve.jpg\" \/>\n\t<meta property=\"og:image:width\" content=\"1920\" \/>\n\t<meta property=\"og:image:height\" content=\"300\" \/>\n\t<meta property=\"og:image:type\" content=\"image\/jpeg\" \/>\n<meta name=\"twitter:card\" content=\"summary_large_image\" \/>\n<meta name=\"twitter:label1\" content=\"Becs\u00fclt olvas\u00e1si id\u0151\" \/>\n\t<meta name=\"twitter:data1\" content=\"1 perc\" \/>\n<script type=\"application\/ld+json\" class=\"yoast-schema-graph\">{\"@context\":\"https:\/\/schema.org\",\"@graph\":[{\"@type\":\"WebPage\",\"@id\":\"https:\/\/insulation.trocellen.com\/hu\/alkalmazasok\/hoszigeteles\/trocellen-tartozekok-szalagok-ontapadok-ragasztok\/\",\"url\":\"https:\/\/insulation.trocellen.com\/hu\/alkalmazasok\/hoszigeteles\/trocellen-tartozekok-szalagok-ontapadok-ragasztok\/\",\"name\":\"Trocellen tartoz\u00e9kok: profi szalagok, \u00f6ntapad\u00f3k, ragaszt\u00f3k\",\"isPartOf\":{\"@id\":\"https:\/\/insulation.trocellen.com\/hu\/#website\"},\"primaryImageOfPage\":{\"@id\":\"https:\/\/insulation.trocellen.com\/hu\/alkalmazasok\/hoszigeteles\/trocellen-tartozekok-szalagok-ontapadok-ragasztok\/#primaryimage\"},\"image\":{\"@id\":\"https:\/\/insulation.trocellen.com\/hu\/alkalmazasok\/hoszigeteles\/trocellen-tartozekok-szalagok-ontapadok-ragasztok\/#primaryimage\"},\"thumbnailUrl\":\"https:\/\/insulation.trocellen.com\/wp-content\/uploads\/sites\/6\/2023\/05\/accessories-fejlec-feltoltve.jpg\",\"datePublished\":\"2015-09-30T07:45:58+00:00\",\"dateModified\":\"2023-07-10T08:58:17+00:00\",\"description\":\"A legtart\u00f3sabbak k\u00f6z\u00e9 tartoz\u00f3 szigetel\u0151anyagainkhoz kieg\u00e9sz\u00edt\u0151ket is biztos\u00edtunk a k\u00f6nny\u0171 be\u00e9p\u00edt\u00e9s, a tart\u00f3ss\u00e1g \u00e9s a biztons\u00e1g \u00e9rdek\u00e9ben.\",\"breadcrumb\":{\"@id\":\"https:\/\/insulation.trocellen.com\/hu\/alkalmazasok\/hoszigeteles\/trocellen-tartozekok-szalagok-ontapadok-ragasztok\/#breadcrumb\"},\"inLanguage\":\"hu\",\"potentialAction\":[{\"@type\":\"ReadAction\",\"target\":[\"https:\/\/insulation.trocellen.com\/hu\/alkalmazasok\/hoszigeteles\/trocellen-tartozekok-szalagok-ontapadok-ragasztok\/\"]}]},{\"@type\":\"ImageObject\",\"inLanguage\":\"hu\",\"@id\":\"https:\/\/insulation.trocellen.com\/hu\/alkalmazasok\/hoszigeteles\/trocellen-tartozekok-szalagok-ontapadok-ragasztok\/#primaryimage\",\"url\":\"https:\/\/insulation.trocellen.com\/wp-content\/uploads\/sites\/6\/2023\/05\/accessories-fejlec-feltoltve.jpg\",\"contentUrl\":\"https:\/\/insulation.trocellen.com\/wp-content\/uploads\/sites\/6\/2023\/05\/accessories-fejlec-feltoltve.jpg\",\"width\":1920,\"height\":300},{\"@type\":\"BreadcrumbList\",\"@id\":\"https:\/\/insulation.trocellen.com\/hu\/alkalmazasok\/hoszigeteles\/trocellen-tartozekok-szalagok-ontapadok-ragasztok\/#breadcrumb\",\"itemListElement\":[{\"@type\":\"ListItem\",\"position\":1,\"name\":\"Home\",\"item\":\"https:\/\/insulation.trocellen.com\/hu\/\"},{\"@type\":\"ListItem\",\"position\":2,\"name\":\"Alkalmaz\u00e1sok\",\"item\":\"https:\/\/insulation.trocellen.com\/hu\/alkalmazasok\/\"},{\"@type\":\"ListItem\",\"position\":3,\"name\":\"H\u0151szigetel\u00e9s\",\"item\":\"https:\/\/insulation.trocellen.com\/hu\/alkalmazasok\/hoszigeteles\/\"},{\"@type\":\"ListItem\",\"position\":4,\"name\":\"Trocellen tartoz\u00e9kok &#8211; szalagok, \u00f6ntapad\u00f3k, ragaszt\u00f3k\"}]},{\"@type\":\"WebSite\",\"@id\":\"https:\/\/insulation.trocellen.com\/hu\/#website\",\"url\":\"https:\/\/insulation.trocellen.com\/hu\/\",\"name\":\"Trocellen Insulation\",\"description\":\"\",\"potentialAction\":[{\"@type\":\"SearchAction\",\"target\":{\"@type\":\"EntryPoint\",\"urlTemplate\":\"https:\/\/insulation.trocellen.com\/hu\/?s={search_term_string}\"},\"query-input\":{\"@type\":\"PropertyValueSpecification\",\"valueRequired\":true,\"valueName\":\"search_term_string\"}}],\"inLanguage\":\"hu\"}]}<\/script>\n<!-- \/ Yoast SEO plugin. -->","yoast_head_json":{"title":"Trocellen tartoz\u00e9kok: profi szalagok, \u00f6ntapad\u00f3k, ragaszt\u00f3k","description":"A legtart\u00f3sabbak k\u00f6z\u00e9 tartoz\u00f3 szigetel\u0151anyagainkhoz kieg\u00e9sz\u00edt\u0151ket is biztos\u00edtunk a k\u00f6nny\u0171 be\u00e9p\u00edt\u00e9s, a tart\u00f3ss\u00e1g \u00e9s a biztons\u00e1g \u00e9rdek\u00e9ben.","robots":{"index":"index","follow":"follow","max-snippet":"max-snippet:-1","max-image-preview":"max-image-preview:large","max-video-preview":"max-video-preview:-1"},"canonical":"https:\/\/insulation.trocellen.com\/hu\/alkalmazasok\/hoszigeteles\/trocellen-tartozekok-szalagok-ontapadok-ragasztok\/","og_locale":"hu_HU","og_type":"article","og_title":"Trocellen tartoz\u00e9kok: profi szalagok, \u00f6ntapad\u00f3k, ragaszt\u00f3k","og_description":"A legtart\u00f3sabbak k\u00f6z\u00e9 tartoz\u00f3 szigetel\u0151anyagainkhoz kieg\u00e9sz\u00edt\u0151ket is biztos\u00edtunk a k\u00f6nny\u0171 be\u00e9p\u00edt\u00e9s, a tart\u00f3ss\u00e1g \u00e9s a biztons\u00e1g \u00e9rdek\u00e9ben.","og_url":"https:\/\/insulation.trocellen.com\/hu\/alkalmazasok\/hoszigeteles\/trocellen-tartozekok-szalagok-ontapadok-ragasztok\/","og_site_name":"Trocellen Insulation","article_modified_time":"2023-07-10T08:58:17+00:00","og_image":[{"width":1920,"height":300,"url":"https:\/\/insulation.trocellen.com\/wp-content\/uploads\/sites\/6\/2023\/05\/accessories-fejlec-feltoltve.jpg","type":"image\/jpeg"}],"twitter_card":"summary_large_image","twitter_misc":{"Becs\u00fclt olvas\u00e1si id\u0151":"1 perc"},"schema":{"@context":"https:\/\/schema.org","@graph":[{"@type":"WebPage","@id":"https:\/\/insulation.trocellen.com\/hu\/alkalmazasok\/hoszigeteles\/trocellen-tartozekok-szalagok-ontapadok-ragasztok\/","url":"https:\/\/insulation.trocellen.com\/hu\/alkalmazasok\/hoszigeteles\/trocellen-tartozekok-szalagok-ontapadok-ragasztok\/","name":"Trocellen tartoz\u00e9kok: profi szalagok, \u00f6ntapad\u00f3k, ragaszt\u00f3k","isPartOf":{"@id":"https:\/\/insulation.trocellen.com\/hu\/#website"},"primaryImageOfPage":{"@id":"https:\/\/insulation.trocellen.com\/hu\/alkalmazasok\/hoszigeteles\/trocellen-tartozekok-szalagok-ontapadok-ragasztok\/#primaryimage"},"image":{"@id":"https:\/\/insulation.trocellen.com\/hu\/alkalmazasok\/hoszigeteles\/trocellen-tartozekok-szalagok-ontapadok-ragasztok\/#primaryimage"},"thumbnailUrl":"https:\/\/insulation.trocellen.com\/wp-content\/uploads\/sites\/6\/2023\/05\/accessories-fejlec-feltoltve.jpg","datePublished":"2015-09-30T07:45:58+00:00","dateModified":"2023-07-10T08:58:17+00:00","description":"A legtart\u00f3sabbak k\u00f6z\u00e9 tartoz\u00f3 szigetel\u0151anyagainkhoz kieg\u00e9sz\u00edt\u0151ket is biztos\u00edtunk a k\u00f6nny\u0171 be\u00e9p\u00edt\u00e9s, a tart\u00f3ss\u00e1g \u00e9s a biztons\u00e1g \u00e9rdek\u00e9ben.","breadcrumb":{"@id":"https:\/\/insulation.trocellen.com\/hu\/alkalmazasok\/hoszigeteles\/trocellen-tartozekok-szalagok-ontapadok-ragasztok\/#breadcrumb"},"inLanguage":"hu","potentialAction":[{"@type":"ReadAction","target":["https:\/\/insulation.trocellen.com\/hu\/alkalmazasok\/hoszigeteles\/trocellen-tartozekok-szalagok-ontapadok-ragasztok\/"]}]},{"@type":"ImageObject","inLanguage":"hu","@id":"https:\/\/insulation.trocellen.com\/hu\/alkalmazasok\/hoszigeteles\/trocellen-tartozekok-szalagok-ontapadok-ragasztok\/#primaryimage","url":"https:\/\/insulation.trocellen.com\/wp-content\/uploads\/sites\/6\/2023\/05\/accessories-fejlec-feltoltve.jpg","contentUrl":"https:\/\/insulation.trocellen.com\/wp-content\/uploads\/sites\/6\/2023\/05\/accessories-fejlec-feltoltve.jpg","width":1920,"height":300},{"@type":"BreadcrumbList","@id":"https:\/\/insulation.trocellen.com\/hu\/alkalmazasok\/hoszigeteles\/trocellen-tartozekok-szalagok-ontapadok-ragasztok\/#breadcrumb","itemListElement":[{"@type":"ListItem","position":1,"name":"Home","item":"https:\/\/insulation.trocellen.com\/hu\/"},{"@type":"ListItem","position":2,"name":"Alkalmaz\u00e1sok","item":"https:\/\/insulation.trocellen.com\/hu\/alkalmazasok\/"},{"@type":"ListItem","position":3,"name":"H\u0151szigetel\u00e9s","item":"https:\/\/insulation.trocellen.com\/hu\/alkalmazasok\/hoszigeteles\/"},{"@type":"ListItem","position":4,"name":"Trocellen tartoz\u00e9kok &#8211; szalagok, \u00f6ntapad\u00f3k, ragaszt\u00f3k"}]},{"@type":"WebSite","@id":"https:\/\/insulation.trocellen.com\/hu\/#website","url":"https:\/\/insulation.trocellen.com\/hu\/","name":"Trocellen Insulation","description":"","potentialAction":[{"@type":"SearchAction","target":{"@type":"EntryPoint","urlTemplate":"https:\/\/insulation.trocellen.com\/hu\/?s={search_term_string}"},"query-input":{"@type":"PropertyValueSpecification","valueRequired":true,"valueName":"search_term_string"}}],"inLanguage":"hu"}]}},"_links":{"self":[{"href":"https:\/\/insulation.trocellen.com\/hu\/wp-json\/wp\/v2\/pages\/4320","targetHints":{"allow":["GET"]}}],"collection":[{"href":"https:\/\/insulation.trocellen.com\/hu\/wp-json\/wp\/v2\/pages"}],"about":[{"href":"https:\/\/insulation.trocellen.com\/hu\/wp-json\/wp\/v2\/types\/page"}],"author":[{"embeddable":true,"href":"https:\/\/insulation.trocellen.com\/hu\/wp-json\/wp\/v2\/users\/1"}],"replies":[{"embeddable":true,"href":"https:\/\/insulation.trocellen.com\/hu\/wp-json\/wp\/v2\/comments?post=4320"}],"version-history":[{"count":3,"href":"https:\/\/insulation.trocellen.com\/hu\/wp-json\/wp\/v2\/pages\/4320\/revisions"}],"predecessor-version":[{"id":9697,"href":"https:\/\/insulation.trocellen.com\/hu\/wp-json\/wp\/v2\/pages\/4320\/revisions\/9697"}],"up":[{"embeddable":true,"href":"https:\/\/insulation.trocellen.com\/hu\/wp-json\/wp\/v2\/pages\/4296"}],"wp:featuredmedia":[{"embeddable":true,"href":"https:\/\/insulation.trocellen.com\/hu\/wp-json\/wp\/v2\/media\/8810"}],"wp:attachment":[{"href":"https:\/\/insulation.trocellen.com\/hu\/wp-json\/wp\/v2\/media?parent=4320"}],"curies":[{"name":"wp","href":"https:\/\/api.w.org\/{rel}","templated":true}]}}