{"id":4314,"date":"2015-09-30T07:43:00","date_gmt":"2015-09-30T07:43:00","guid":{"rendered":"https:\/\/insulation-new.trocellen.com\/oem-megoldasok-2\/"},"modified":"2023-07-10T08:50:12","modified_gmt":"2023-07-10T08:50:12","slug":"oem-megoldasok","status":"publish","type":"page","link":"https:\/\/insulation.trocellen.com\/hu\/alkalmazasok\/oem-megoldasok\/oem-megoldasok\/","title":{"rendered":"OEM megold\u00e1sok"},"content":{"rendered":"<p>A Trocellen term\u00e9kek sz\u00e9les sk\u00e1l\u00e1j\u00e1t k\u00edn\u00e1ljuk OEM (Eredeti Term\u00e9kbesz\u00e1ll\u00edt\u00f3k) alkalmaz\u00e1sokhoz.<\/p>\n<p>A Trocellen szigetel\u0151anyagai k\u00f6nnyen felhaszn\u00e1lhat\u00f3k k\u00fcl\u00f6nf\u00e9le megold\u00e1sokhoz egy, az OEM partnerek helyi technol\u00f3gi\u00e1kon alapul\u00f3 folyamatain kereszt\u00fcl.<\/p>\n<p>Anyagaink nagyon magas teljes\u00edtm\u00e9nyre k\u00e9pesek mind tart\u00f3ss\u00e1g, mind a h\u0151szigetel\u00e9s \u00e1lland\u00f3s\u00e1ga, mind az anyagstabilit\u00e1s tekintet\u00e9ben.<\/p>\n<h2>F\u0151 alkalmaz\u00e1si ter\u00fcletek<\/h2>\n<ul>\n<li>berendez\u00e9sek h\u0151szigetel\u00e9se \u00e9s p\u00e1ralecsap\u00f3d\u00e1s elleni v\u00e9delme<\/li>\n<li>hang- \u00e9s zajszigetel\u00e9s<\/li>\n<li>\u00fct\u00e9s- \u00e9s rezg\u00e9sv\u00e9delem<\/li>\n<\/ul>\n<h2>A Trocellen term\u00e9kek el\u0151nyei<\/h2>\n<ul>\n<li>egyedi v\u00e1s\u00e1rl\u00f3i ig\u00e9nyek kiel\u00e9g\u00edt\u00e9se<\/li>\n<li>szem\u00e9lyre szabott megold\u00e1sok<\/li>\n<li>k\u00f6lts\u00e9gmegtakar\u00edt\u00e1s \u00e9s az install\u00e1ci\u00f3s id\u0151 cs\u00f6kken\u00e9se<\/li>\n<li>egyszer\u0171 kezel\u00e9s<\/li>\n<li>egyszer\u0171 feldolgoz\u00e1si technol\u00f3gi\u00e1k alkalmaz\u00e1si lehet\u0151s\u00e9ge<\/li>\n<li>k\u00f6nny\u0171 alkalmaz\u00e1s<\/li>\n<li>hossz\u00fa \u00e9lettartam<\/li>\n<li>optim\u00e1lis \u00e1r-\u00e9rt\u00e9k ar\u00e1ny<\/li>\n<\/ul>\n<h2>Anyag<\/h2>\n<ul>\n<li>Anyaga: k\u00e9miailag t\u00e9rh\u00e1l\u00f3s\u00edtott PE (polietil\u00e9n) hab,<\/li>\n<li>z\u00e1rt cellaszerkezet<\/li>\n<li>t\u00edpusok: a l\u00e1gyt\u00f3l a merevig<\/li>\n<li>s\u0171r\u0171s\u00e9g: 30-180 kg\/m\u00b3<\/li>\n<li>vastags\u00e1g: 3-60 mm k\u00f6z\u00f6tt<\/li>\n<li>tekercsben vagy lapokban<\/li>\n<li>k\u00fcl\u00f6nb\u00f6z\u0151 sz\u00ednek el\u00e9rhet\u0151k<\/li>\n<li>t\u00f6bb k\u00fcl\u00f6nb\u00f6z\u0151 t\u00edpus\u00fa anyaggal t\u00f6rt\u00e9nhet lamin\u00e1l\u00e1s<\/li>\n<li>\u00f6ntapad\u00f3val vagy an\u00e9lk\u00fcl<\/li>\n<\/ul>\n<h2>Tulajdons\u00e1gok<\/h2>\n<ul>\n<li>biztons\u00e1gos &#8211; nem m\u00e9rgez\u0151, anti-allerg\u00e9n, formatart\u00f3 \u00e9s \u00fajrahasznos\u00edthat\u00f3<\/li>\n<li>tiszta &#8211; szagtalan anyag, nincs illat, nincs kip\u00e1rolg\u00e1s<\/li>\n<li>\u00e1lland\u00f3 \u00e9s hosszan tart\u00f3 h\u0151- \u00e9s hangszigetel\u00e9si teljes\u00edtm\u00e9ny<\/li>\n<li>extr\u00e9m alacsony h\u0151m\u00e9rs\u00e9klet mellett is alkalmazhat\u00f3<\/li>\n<li>er\u0151s h\u0151szigetel\u0151<\/li>\n<li>p\u00e1raz\u00e1r\u00f3<\/li>\n<li>nagy mechanikai ellen\u00e1ll\u00f3 k\u00e9pess\u00e9g &#8211; magas t\u00f6r\u00e9si ellen\u00e1ll\u00e1s<\/li>\n<li>pehelys\u00faly\u00fa<\/li>\n<li>CFC-mentes<\/li>\n<li>Trocellen teszt: 23 \u00e9v haszn\u00e1lat ut\u00e1n ugyanaz a szigetel\u0151\u00e9rt\u00e9ke (a tesztriportok k\u00e9r\u00e9sre rendelkez\u00e9sre \u00e1llnak)<\/li>\n<li>stabil strukt\u00fara hosszan tart\u00f3 teljes\u00edtm\u00e9nnyel<\/li>\n<li>k\u00f6nnyen tiszt\u00edthat\u00f3<\/li>\n<\/ul>\n","protected":false},"excerpt":{"rendered":"<p>A Trocellen term\u00e9kek sz\u00e9les sk\u00e1l\u00e1j\u00e1t k\u00edn\u00e1ljuk OEM (Eredeti Term\u00e9kbesz\u00e1ll\u00edt\u00f3k) alkalmaz\u00e1sokhoz. A Trocellen szigetel\u0151anyagai k\u00f6nnyen felhaszn\u00e1lhat\u00f3k k\u00fcl\u00f6nf\u00e9le megold\u00e1sokhoz egy, az OEM partnerek helyi technol\u00f3gi\u00e1kon alapul\u00f3 folyamatain kereszt\u00fcl. Anyagaink nagyon magas teljes\u00edtm\u00e9nyre k\u00e9pesek mind tart\u00f3ss\u00e1g, mind a h\u0151szigetel\u00e9s \u00e1lland\u00f3s\u00e1ga, mind az anyagstabilit\u00e1s tekintet\u00e9ben. F\u0151 alkalmaz\u00e1si ter\u00fcletek berendez\u00e9sek h\u0151szigetel\u00e9se \u00e9s p\u00e1ralecsap\u00f3d\u00e1s elleni v\u00e9delme hang- \u00e9s zajszigetel\u00e9s \u00fct\u00e9s- \u00e9s [&hellip;]<\/p>\n","protected":false},"author":1,"featured_media":8908,"parent":4290,"menu_order":100,"comment_status":"open","ping_status":"closed","template":"templates\/applications.php","meta":{"_acf_changed":false,"footnotes":""},"class_list":["post-4314","page","type-page","status-publish","has-post-thumbnail","hentry"],"acf":[],"yoast_head":"<!-- This site is optimized with the Yoast SEO plugin v23.5 - https:\/\/yoast.com\/wordpress\/plugins\/seo\/ -->\n<title>Sz\u00e1mos Trocellen term\u00e9ket k\u00edn\u00e1lunk OEM-alkalmaz\u00e1sokhoz.<\/title>\n<meta name=\"description\" content=\"A Trocellen OEM-megold\u00e1sai magas teljes\u00edtm\u00e9nyre k\u00e9pesek mind tart\u00f3ss\u00e1g, mind a h\u0151szigetel\u00e9s \u00e1lland\u00f3s\u00e1ga, mind az anyagstabilit\u00e1s tekintet\u00e9ben.\" \/>\n<meta name=\"robots\" content=\"index, follow, max-snippet:-1, max-image-preview:large, max-video-preview:-1\" \/>\n<link rel=\"canonical\" href=\"https:\/\/insulation.trocellen.com\/hu\/alkalmazasok\/oem-megoldasok\/oem-megoldasok\/\" \/>\n<meta property=\"og:locale\" content=\"hu_HU\" \/>\n<meta property=\"og:type\" content=\"article\" \/>\n<meta property=\"og:title\" content=\"Sz\u00e1mos Trocellen term\u00e9ket k\u00edn\u00e1lunk OEM-alkalmaz\u00e1sokhoz.\" \/>\n<meta property=\"og:description\" content=\"A Trocellen OEM-megold\u00e1sai magas teljes\u00edtm\u00e9nyre k\u00e9pesek mind tart\u00f3ss\u00e1g, mind a h\u0151szigetel\u00e9s \u00e1lland\u00f3s\u00e1ga, mind az anyagstabilit\u00e1s tekintet\u00e9ben.\" \/>\n<meta property=\"og:url\" content=\"https:\/\/insulation.trocellen.com\/hu\/alkalmazasok\/oem-megoldasok\/oem-megoldasok\/\" \/>\n<meta property=\"og:site_name\" content=\"Trocellen Insulation\" \/>\n<meta property=\"article:modified_time\" content=\"2023-07-10T08:50:12+00:00\" \/>\n<meta property=\"og:image\" content=\"https:\/\/insulation.trocellen.com\/wp-content\/uploads\/sites\/6\/2023\/05\/OEM-fejlec1.jpg\" \/>\n\t<meta property=\"og:image:width\" content=\"1920\" \/>\n\t<meta property=\"og:image:height\" content=\"300\" \/>\n\t<meta property=\"og:image:type\" content=\"image\/jpeg\" \/>\n<meta name=\"twitter:card\" content=\"summary_large_image\" \/>\n<meta name=\"twitter:label1\" content=\"Becs\u00fclt olvas\u00e1si id\u0151\" \/>\n\t<meta name=\"twitter:data1\" content=\"1 perc\" \/>\n<script type=\"application\/ld+json\" class=\"yoast-schema-graph\">{\"@context\":\"https:\/\/schema.org\",\"@graph\":[{\"@type\":\"WebPage\",\"@id\":\"https:\/\/insulation.trocellen.com\/hu\/alkalmazasok\/oem-megoldasok\/oem-megoldasok\/\",\"url\":\"https:\/\/insulation.trocellen.com\/hu\/alkalmazasok\/oem-megoldasok\/oem-megoldasok\/\",\"name\":\"Sz\u00e1mos Trocellen term\u00e9ket k\u00edn\u00e1lunk OEM-alkalmaz\u00e1sokhoz.\",\"isPartOf\":{\"@id\":\"https:\/\/insulation.trocellen.com\/hu\/#website\"},\"primaryImageOfPage\":{\"@id\":\"https:\/\/insulation.trocellen.com\/hu\/alkalmazasok\/oem-megoldasok\/oem-megoldasok\/#primaryimage\"},\"image\":{\"@id\":\"https:\/\/insulation.trocellen.com\/hu\/alkalmazasok\/oem-megoldasok\/oem-megoldasok\/#primaryimage\"},\"thumbnailUrl\":\"https:\/\/insulation.trocellen.com\/wp-content\/uploads\/sites\/6\/2023\/05\/OEM-fejlec1.jpg\",\"datePublished\":\"2015-09-30T07:43:00+00:00\",\"dateModified\":\"2023-07-10T08:50:12+00:00\",\"description\":\"A Trocellen OEM-megold\u00e1sai magas teljes\u00edtm\u00e9nyre k\u00e9pesek mind tart\u00f3ss\u00e1g, mind a h\u0151szigetel\u00e9s \u00e1lland\u00f3s\u00e1ga, mind az anyagstabilit\u00e1s tekintet\u00e9ben.\",\"breadcrumb\":{\"@id\":\"https:\/\/insulation.trocellen.com\/hu\/alkalmazasok\/oem-megoldasok\/oem-megoldasok\/#breadcrumb\"},\"inLanguage\":\"hu\",\"potentialAction\":[{\"@type\":\"ReadAction\",\"target\":[\"https:\/\/insulation.trocellen.com\/hu\/alkalmazasok\/oem-megoldasok\/oem-megoldasok\/\"]}]},{\"@type\":\"ImageObject\",\"inLanguage\":\"hu\",\"@id\":\"https:\/\/insulation.trocellen.com\/hu\/alkalmazasok\/oem-megoldasok\/oem-megoldasok\/#primaryimage\",\"url\":\"https:\/\/insulation.trocellen.com\/wp-content\/uploads\/sites\/6\/2023\/05\/OEM-fejlec1.jpg\",\"contentUrl\":\"https:\/\/insulation.trocellen.com\/wp-content\/uploads\/sites\/6\/2023\/05\/OEM-fejlec1.jpg\",\"width\":1920,\"height\":300},{\"@type\":\"BreadcrumbList\",\"@id\":\"https:\/\/insulation.trocellen.com\/hu\/alkalmazasok\/oem-megoldasok\/oem-megoldasok\/#breadcrumb\",\"itemListElement\":[{\"@type\":\"ListItem\",\"position\":1,\"name\":\"Home\",\"item\":\"https:\/\/insulation.trocellen.com\/hu\/\"},{\"@type\":\"ListItem\",\"position\":2,\"name\":\"Alkalmaz\u00e1sok\",\"item\":\"https:\/\/insulation.trocellen.com\/hu\/alkalmazasok\/\"},{\"@type\":\"ListItem\",\"position\":3,\"name\":\"OEM megold\u00e1sok\",\"item\":\"https:\/\/insulation.trocellen.com\/hu\/alkalmazasok\/oem-megoldasok\/\"},{\"@type\":\"ListItem\",\"position\":4,\"name\":\"OEM megold\u00e1sok\"}]},{\"@type\":\"WebSite\",\"@id\":\"https:\/\/insulation.trocellen.com\/hu\/#website\",\"url\":\"https:\/\/insulation.trocellen.com\/hu\/\",\"name\":\"Trocellen Insulation\",\"description\":\"\",\"potentialAction\":[{\"@type\":\"SearchAction\",\"target\":{\"@type\":\"EntryPoint\",\"urlTemplate\":\"https:\/\/insulation.trocellen.com\/hu\/?s={search_term_string}\"},\"query-input\":{\"@type\":\"PropertyValueSpecification\",\"valueRequired\":true,\"valueName\":\"search_term_string\"}}],\"inLanguage\":\"hu\"}]}<\/script>\n<!-- \/ Yoast SEO plugin. -->","yoast_head_json":{"title":"Sz\u00e1mos Trocellen term\u00e9ket k\u00edn\u00e1lunk OEM-alkalmaz\u00e1sokhoz.","description":"A Trocellen OEM-megold\u00e1sai magas teljes\u00edtm\u00e9nyre k\u00e9pesek mind tart\u00f3ss\u00e1g, mind a h\u0151szigetel\u00e9s \u00e1lland\u00f3s\u00e1ga, mind az anyagstabilit\u00e1s tekintet\u00e9ben.","robots":{"index":"index","follow":"follow","max-snippet":"max-snippet:-1","max-image-preview":"max-image-preview:large","max-video-preview":"max-video-preview:-1"},"canonical":"https:\/\/insulation.trocellen.com\/hu\/alkalmazasok\/oem-megoldasok\/oem-megoldasok\/","og_locale":"hu_HU","og_type":"article","og_title":"Sz\u00e1mos Trocellen term\u00e9ket k\u00edn\u00e1lunk OEM-alkalmaz\u00e1sokhoz.","og_description":"A Trocellen OEM-megold\u00e1sai magas teljes\u00edtm\u00e9nyre k\u00e9pesek mind tart\u00f3ss\u00e1g, mind a h\u0151szigetel\u00e9s \u00e1lland\u00f3s\u00e1ga, mind az anyagstabilit\u00e1s tekintet\u00e9ben.","og_url":"https:\/\/insulation.trocellen.com\/hu\/alkalmazasok\/oem-megoldasok\/oem-megoldasok\/","og_site_name":"Trocellen Insulation","article_modified_time":"2023-07-10T08:50:12+00:00","og_image":[{"width":1920,"height":300,"url":"https:\/\/insulation.trocellen.com\/wp-content\/uploads\/sites\/6\/2023\/05\/OEM-fejlec1.jpg","type":"image\/jpeg"}],"twitter_card":"summary_large_image","twitter_misc":{"Becs\u00fclt olvas\u00e1si id\u0151":"1 perc"},"schema":{"@context":"https:\/\/schema.org","@graph":[{"@type":"WebPage","@id":"https:\/\/insulation.trocellen.com\/hu\/alkalmazasok\/oem-megoldasok\/oem-megoldasok\/","url":"https:\/\/insulation.trocellen.com\/hu\/alkalmazasok\/oem-megoldasok\/oem-megoldasok\/","name":"Sz\u00e1mos Trocellen term\u00e9ket k\u00edn\u00e1lunk OEM-alkalmaz\u00e1sokhoz.","isPartOf":{"@id":"https:\/\/insulation.trocellen.com\/hu\/#website"},"primaryImageOfPage":{"@id":"https:\/\/insulation.trocellen.com\/hu\/alkalmazasok\/oem-megoldasok\/oem-megoldasok\/#primaryimage"},"image":{"@id":"https:\/\/insulation.trocellen.com\/hu\/alkalmazasok\/oem-megoldasok\/oem-megoldasok\/#primaryimage"},"thumbnailUrl":"https:\/\/insulation.trocellen.com\/wp-content\/uploads\/sites\/6\/2023\/05\/OEM-fejlec1.jpg","datePublished":"2015-09-30T07:43:00+00:00","dateModified":"2023-07-10T08:50:12+00:00","description":"A Trocellen OEM-megold\u00e1sai magas teljes\u00edtm\u00e9nyre k\u00e9pesek mind tart\u00f3ss\u00e1g, mind a h\u0151szigetel\u00e9s \u00e1lland\u00f3s\u00e1ga, mind az anyagstabilit\u00e1s tekintet\u00e9ben.","breadcrumb":{"@id":"https:\/\/insulation.trocellen.com\/hu\/alkalmazasok\/oem-megoldasok\/oem-megoldasok\/#breadcrumb"},"inLanguage":"hu","potentialAction":[{"@type":"ReadAction","target":["https:\/\/insulation.trocellen.com\/hu\/alkalmazasok\/oem-megoldasok\/oem-megoldasok\/"]}]},{"@type":"ImageObject","inLanguage":"hu","@id":"https:\/\/insulation.trocellen.com\/hu\/alkalmazasok\/oem-megoldasok\/oem-megoldasok\/#primaryimage","url":"https:\/\/insulation.trocellen.com\/wp-content\/uploads\/sites\/6\/2023\/05\/OEM-fejlec1.jpg","contentUrl":"https:\/\/insulation.trocellen.com\/wp-content\/uploads\/sites\/6\/2023\/05\/OEM-fejlec1.jpg","width":1920,"height":300},{"@type":"BreadcrumbList","@id":"https:\/\/insulation.trocellen.com\/hu\/alkalmazasok\/oem-megoldasok\/oem-megoldasok\/#breadcrumb","itemListElement":[{"@type":"ListItem","position":1,"name":"Home","item":"https:\/\/insulation.trocellen.com\/hu\/"},{"@type":"ListItem","position":2,"name":"Alkalmaz\u00e1sok","item":"https:\/\/insulation.trocellen.com\/hu\/alkalmazasok\/"},{"@type":"ListItem","position":3,"name":"OEM megold\u00e1sok","item":"https:\/\/insulation.trocellen.com\/hu\/alkalmazasok\/oem-megoldasok\/"},{"@type":"ListItem","position":4,"name":"OEM megold\u00e1sok"}]},{"@type":"WebSite","@id":"https:\/\/insulation.trocellen.com\/hu\/#website","url":"https:\/\/insulation.trocellen.com\/hu\/","name":"Trocellen Insulation","description":"","potentialAction":[{"@type":"SearchAction","target":{"@type":"EntryPoint","urlTemplate":"https:\/\/insulation.trocellen.com\/hu\/?s={search_term_string}"},"query-input":{"@type":"PropertyValueSpecification","valueRequired":true,"valueName":"search_term_string"}}],"inLanguage":"hu"}]}},"_links":{"self":[{"href":"https:\/\/insulation.trocellen.com\/hu\/wp-json\/wp\/v2\/pages\/4314","targetHints":{"allow":["GET"]}}],"collection":[{"href":"https:\/\/insulation.trocellen.com\/hu\/wp-json\/wp\/v2\/pages"}],"about":[{"href":"https:\/\/insulation.trocellen.com\/hu\/wp-json\/wp\/v2\/types\/page"}],"author":[{"embeddable":true,"href":"https:\/\/insulation.trocellen.com\/hu\/wp-json\/wp\/v2\/users\/1"}],"replies":[{"embeddable":true,"href":"https:\/\/insulation.trocellen.com\/hu\/wp-json\/wp\/v2\/comments?post=4314"}],"version-history":[{"count":2,"href":"https:\/\/insulation.trocellen.com\/hu\/wp-json\/wp\/v2\/pages\/4314\/revisions"}],"predecessor-version":[{"id":9682,"href":"https:\/\/insulation.trocellen.com\/hu\/wp-json\/wp\/v2\/pages\/4314\/revisions\/9682"}],"up":[{"embeddable":true,"href":"https:\/\/insulation.trocellen.com\/hu\/wp-json\/wp\/v2\/pages\/4290"}],"wp:featuredmedia":[{"embeddable":true,"href":"https:\/\/insulation.trocellen.com\/hu\/wp-json\/wp\/v2\/media\/8908"}],"wp:attachment":[{"href":"https:\/\/insulation.trocellen.com\/hu\/wp-json\/wp\/v2\/media?parent=4314"}],"curies":[{"name":"wp","href":"https:\/\/api.w.org\/{rel}","templated":true}]}}