{"id":4308,"date":"2015-09-30T07:41:21","date_gmt":"2015-09-30T07:41:21","guid":{"rendered":"https:\/\/insulation-new.trocellen.com\/trocellen-class\/"},"modified":"2025-03-12T14:11:11","modified_gmt":"2025-03-12T14:11:11","slug":"trocellen-class","status":"publish","type":"page","link":"https:\/\/insulation.trocellen.com\/hu\/alkalmazasok\/epuletgepeszeti-szigetelesek\/trocellen-class\/","title":{"rendered":"TROCELLEN CLASS"},"content":{"rendered":"<p><a href=\"https:\/\/insulation.trocellen.com\/wp-content\/uploads\/sites\/6\/2015\/09\/TROCELLEN_CLASS_LOGO_2015.jpg\" rel=\"attachment wp-att-920\"><img loading=\"lazy\" decoding=\"async\" class=\"alignnone size-medium wp-image-920\" src=\"https:\/\/insulation.trocellen.com\/wp-content\/uploads\/sites\/6\/2015\/09\/TROCELLEN_CLASS_LOGO_2015-300x104.jpg\" alt=\"Hvac\" width=\"300\" height=\"104\" \/><\/a><\/p>\n<p><a href=\"https:\/\/insulation.trocellen.com\/wp-content\/uploads\/sites\/6\/2015\/09\/trocellen_class.jpg\" rel=\"attachment wp-att-1344\"><img loading=\"lazy\" decoding=\"async\" class=\"size-full wp-image-1344 alignright\" src=\"https:\/\/insulation.trocellen.com\/wp-content\/uploads\/sites\/6\/2015\/09\/trocellen_class.jpg\" alt=\"OLYMPUS DIGITAL CAMERA\" width=\"320\" height=\"443\" \/><\/a><\/p>\n<p>A Trocellen vil\u00e1g\u00e1n bel\u00fcl a Trocellen Class term\u00e9kpaletta a CE jel\u00f6l\u00e9ssel ell\u00e1tott, Euroclass min\u0151s\u00edt\u00e9s\u0171 term\u00e9keket tartalmazza.<\/p>\n<p>CLASS term\u00e9kv\u00e1laszt\u00e9k\u00e1val a Trocellen az \u00faj eur\u00f3pai k\u00f6vetelm\u00e9nyeknek megfelel\u0151en szakszer\u0171 megold\u00e1sokat biztos\u00edt \u00fcgyfelei sz\u00e1m\u00e1ra.<\/p>\n<h2>Milyen el\u0151ny\u00f6ket ny\u00fajthat m\u00e9g \u00d6nnek a Trocellen Class?<\/h2>\n<ul>\n<li>A Trocellen Class az egyik leghosszabb \u00e9lettartam\u00fa szigetel\u0151anyag<\/li>\n<li>A Trocellen Class \u00e9g\u00e9se k\u00f6zben csak m\u00e9rs\u00e9kelt m\u00f3don fejleszt f\u00fcst\u00f6t, \u00e9s ek\u00f6zben m\u00e9rgez\u0151 kl\u00f3rg\u00e1z nem szabadul fel<\/li>\n<li>A Trocellen Class kiv\u00e1l\u00f3 h\u0151- \u00e9s hangszigetel\u0151<\/li>\n<li>A Trocellen Class gomb\u00e1knak \u00e9s bakt\u00e9riumoknak ellen\u00e1ll<\/li>\n<li>A Trocellen Class kiv\u00e1l\u00f3an hegeszthet\u0151<\/li>\n<\/ul>\n<h2>Trocellen Class = Hat\u00e9kony l\u00e9gcsatornaszigetel\u0151 anyag<\/h2>\n<p>K\u00e9miailag t\u00e9rh\u00e1l\u00f3s\u00edtott, ALU f\u00f3li\u00e1val lamin\u00e1lt \u00e9g\u00e9sg\u00e1tolt, z\u00e1rtcell\u00e1s PE hab<br \/>\nL\u00e9gcsatorn\u00e1k \u00e9s nagy \u00e1tm\u00e9r\u0151j\u0171 l\u00e9gkondicion\u00e1l\u00f3 cs\u00f6vek hang- \u00e9s h\u0151szigetel\u00e9s\u00e9re alkalmas; cs\u00f6kkenti a h\u0151vesztes\u00e9get, z\u00e1rtcell\u00e1s szerkezete pedig megakad\u00e1lyozza a p\u00e1ralecsap\u00f3d\u00e1st.<\/p>\n<h2>El\u0151nyei:<\/h2>\n<ul>\n<li>kiv\u00e1l\u00f3 p\u00e1raz\u00e1r\u00f3 k\u00e9pess\u00e9g, kiv\u00e1l\u00f3 \u03bc \u00e9rt\u00e9k \u2013 ak\u00e1r 15.000 is lehet (t\u00edpust\u00f3l f\u00fcgg\u0151en)<\/li>\n<li>\u00e1lland\u00f3 \u03bb \u00e9rt\u00e9k (0,035 W\/mK)<\/li>\n<li>\u00e9g\u00e9sg\u00e1tolt, B-s2,d0 \u00e9ghet\u0151s\u00e9gi besorol\u00e1s, \u00e9gve csepeg\u00e9s nincs<\/li>\n<li>t\u0171z eset\u00e9n kiemelked\u0151en alacsony mennyis\u00e9g\u0171 m\u00e9rgez\u0151 \u00e9s l\u00e1t\u00e1skorl\u00e1toz\u00f3 f\u00fcst k\u00e9pz\u0151d\u00e9s<\/li>\n<li>hat\u00e9kony h\u0151- \u00e9s hangszigetel\u0151 anyag<\/li>\n<li>kl\u00f3rmentes \u2013 nem fordulhat el\u0151 kontakt korr\u00f3zi\u00f3<\/li>\n<li>formaldehid-mentes<\/li>\n<li>biztons\u00e1gos \u2013 nem m\u00e9rgez\u0151, nem allerg\u00e9n, pen\u00e9szmentes,\u00a0\u00fajrahasznos\u00edthat\u00f3<\/li>\n<li>\u00f6ntapad\u00f3, k\u00f6nnyen kezelhet\u0151<\/li>\n<\/ul>\n<h2>T\u00edpusai:<\/h2>\n<h2>Trocellen Class ALU.S \u00f6ntapad\u00f3<\/h2>\n<p class=\"p1\">Euroclass T\u0171zv\u00e9delmi oszt\u00e1ly B-s2,d0 alacsony f\u00fcstkibocs\u00e1t\u00e1ssal 16 mm-ig \u00e9s tov\u00e1bbfejlesztett teljes\u00edtm\u00e9nnyel<\/p>\n<p class=\"p1\">K\u00e9miailag t\u00e9rh\u00e1l\u00f3s\u00edtott polietil\u00e9n, z\u00e1rt cell\u00e1s, z\u00f6ld sz\u00edn\u0171, jav\u00edtott ALU f\u00f3li\u00e1val lamin\u00e1lt<\/p>\n<ul>\n<li>id\u0151j\u00e1r\u00e1s\u00e1ll\u00f3 szigetel\u0151anyag<\/li>\n<li>k\u00fclt\u00e9ri haszn\u00e1latra is<\/li>\n<li>\u03bc = 15.000<\/li>\n<li>Euroclass B-s2,d0 \u2013 BL-s1,d0 a 3-14 mm vastags\u00e1gi tartom\u00e1nyban<\/li>\n<li>Euroclass\u00a0C-s2,d0 \u2013 BL-s1,d0 a 15-24 mm vastags\u00e1gi tartom\u00e1nyban<\/li>\n<li>EN 14313<\/li>\n<\/ul>\n<h2>Trocellen Class ALU \u00f6ntapad\u00f3<\/h2>\n<p class=\"p1\">Euroclass T\u0171zv\u00e9delmi oszt\u00e1ly B-s2,d0 alacsony f\u00fcstkibocs\u00e1t\u00e1ssal 14 mm-ig<\/p>\n<p class=\"p1\">K\u00e9miailag t\u00e9rh\u00e1l\u00f3s\u00edtott polietil\u00e9n, z\u00e1rt cell\u00e1s, z\u00f6ld sz\u00edn\u0171, ALU f\u00f3li\u00e1val lamin\u00e1lt<\/p>\n<ul>\n<li>\u03bc = 15.000<\/li>\n<li>Euroclass C-s2,d0 \u2013 BL-s1,d0<\/li>\n<li>vastags\u00e1g tartom\u00e1ny: 3-24 mm<\/li>\n<li>EN 14313<\/li>\n<\/ul>\n<h2>Trocellen Class G-PRO \u00f6ntapad\u00f3<\/h2>\n<p class=\"p1\">A legjobb Euroclass B-s1,d0 t\u0171zv\u00e9delmi besorol\u00e1s a legalacsonyabb f\u00fcstkibocs\u00e1t\u00e1ssal, m\u00e9g nagyobb vastags\u00e1gok eset\u00e9n is (40 mm-ig)<\/p>\n<p class=\"p1\">K\u00e9miailag t\u00e9rh\u00e1l\u00f3s\u00edtott polietil\u00e9n, z\u00e1rt cell\u00e1s, ez\u00fcstsz\u00fcrke sz\u00edn\u0171, G-PRO technol\u00f3gi\u00e1val bor\u00edtott<\/p>\n<ul class=\"ul1\">\n<li class=\"li2\">\u03bc &gt; 12.500<\/li>\n<li class=\"li2\">Euroclass B-s1, d0 \u2013 BL-s1, d0 3-40 mm vastags\u00e1gokhoz<\/li>\n<li class=\"li2\">EN 14313<\/li>\n<\/ul>\n<h2>Trocellen Class \u00f6ntapad\u00f3<\/h2>\n<p class=\"p1\">CE jelz\u00e9s\u0171 XLPE hab, \u00f6ntapad\u00f3<\/p>\n<ul>\n<li>Euroclass B-s2,d0 \u2013 BL-s1,d0 a 3-12 mm vastags\u00e1g tartom\u00e1nyban<\/li>\n<li>EN 14313<\/li>\n<\/ul>\n<table class=\"green-table\" border=\"0\">\n<thead>\n<tr>\n<th class=\"green-table-first-cell\" scope=\"col\">Vastags\u00e1g (mm)<\/th>\n<th>Tekercsm\u00e9ret (m2)<\/th>\n<th>Sheet size (m2)<\/th>\n<th>TC CLASS\u00a0 \u00f6ntapad\u00f3<\/th>\n<th>TC CLASS ALU \u00f6ntapad\u00f3<\/th>\n<th>TC CLASS ALU.S \u00f6ntapad\u00f3<\/th>\n<th>TC CLASS G-PRO*<\/th>\n<\/tr>\n<\/thead>\n<tbody>\n<tr>\n<th style=\"text-align: center\">03<\/th>\n<td style=\"text-align: center\">75<\/td>\n<td style=\"text-align: center\"><\/td>\n<td style=\"text-align: center\">x<\/td>\n<td style=\"text-align: center\">x<\/td>\n<td style=\"text-align: center\">x<\/td>\n<td style=\"text-align: center\"><\/td>\n<\/tr>\n<tr>\n<th style=\"text-align: center\">06<\/th>\n<td style=\"text-align: center\">75<\/td>\n<td style=\"text-align: center\"><\/td>\n<td style=\"text-align: center\">x<\/td>\n<td style=\"text-align: center\">x<\/td>\n<td style=\"text-align: center\">x<\/td>\n<td style=\"text-align: center\"><\/td>\n<\/tr>\n<tr>\n<th style=\"text-align: center\">08<\/th>\n<td style=\"text-align: center\">75<\/td>\n<td style=\"text-align: center\"><\/td>\n<td style=\"text-align: center\">x<\/td>\n<td style=\"text-align: center\">x<\/td>\n<td style=\"text-align: center\">x<\/td>\n<td style=\"text-align: center\"><\/td>\n<\/tr>\n<tr>\n<th style=\"text-align: center\">10<\/th>\n<td style=\"text-align: center\">60<\/td>\n<td style=\"text-align: center\"><\/td>\n<td style=\"text-align: center\">x<\/td>\n<td style=\"text-align: center\">x<\/td>\n<td style=\"text-align: center\">x<\/td>\n<td style=\"text-align: center\"><\/td>\n<\/tr>\n<tr>\n<th style=\"text-align: center\">12<\/th>\n<td style=\"text-align: center\">45<\/td>\n<td style=\"text-align: center\"><\/td>\n<td style=\"text-align: center\">x<\/td>\n<td style=\"text-align: center\">x<\/td>\n<td style=\"text-align: center\">x<\/td>\n<td style=\"text-align: center\"><\/td>\n<\/tr>\n<tr>\n<th style=\"text-align: center\">13<\/th>\n<td style=\"text-align: center\">57,5<\/td>\n<td style=\"text-align: center\">1,72<\/td>\n<td style=\"text-align: center\"><\/td>\n<td style=\"text-align: center\"><\/td>\n<td style=\"text-align: center\"><\/td>\n<td style=\"text-align: center\">x<\/td>\n<\/tr>\n<tr>\n<th style=\"text-align: center\">14<\/th>\n<td style=\"text-align: center\">45<\/td>\n<td style=\"text-align: center\"><\/td>\n<td style=\"text-align: center\"><\/td>\n<td style=\"text-align: center\">x<\/td>\n<td style=\"text-align: center\"><\/td>\n<td style=\"text-align: center\"><\/td>\n<\/tr>\n<tr>\n<th style=\"text-align: center\">15<\/th>\n<td style=\"text-align: center\">45 (57,5 for G-PRO)<\/td>\n<td style=\"text-align: center\">1,72 for G-PRO<\/td>\n<td style=\"text-align: center\"><\/td>\n<td style=\"text-align: center\">x<\/td>\n<td style=\"text-align: center\">x<\/td>\n<td style=\"text-align: center\">x<\/td>\n<\/tr>\n<tr>\n<th style=\"text-align: center\">16<\/th>\n<td style=\"text-align: center\">30<\/td>\n<td style=\"text-align: center\"><\/td>\n<td style=\"text-align: center\"><\/td>\n<td style=\"text-align: center\"><\/td>\n<td style=\"text-align: center\">x<\/td>\n<td style=\"text-align: center\"><\/td>\n<\/tr>\n<tr>\n<th style=\"text-align: center\">19<\/th>\n<td style=\"text-align: center\"><\/td>\n<td style=\"text-align: center\">1,72<\/td>\n<td style=\"text-align: center\"><\/td>\n<td style=\"text-align: center\"><\/td>\n<td style=\"text-align: center\"><\/td>\n<td style=\"text-align: center\">x<\/td>\n<\/tr>\n<tr>\n<th style=\"text-align: center\">20<\/th>\n<td style=\"text-align: center\">30<\/td>\n<td style=\"text-align: center\">3<\/td>\n<td style=\"text-align: center\"><\/td>\n<td style=\"text-align: center\">x<\/td>\n<td style=\"text-align: center\"><\/td>\n<td style=\"text-align: center\"><\/td>\n<\/tr>\n<tr>\n<th style=\"text-align: center\">24<\/th>\n<td style=\"text-align: center\">22,5<\/td>\n<td style=\"text-align: center\"><\/td>\n<td style=\"text-align: center\"><\/td>\n<td style=\"text-align: center\">x<\/td>\n<td style=\"text-align: center\"><\/td>\n<td style=\"text-align: center\"><\/td>\n<\/tr>\n<tr>\n<th style=\"text-align: center\">25<\/th>\n<td style=\"text-align: center\"><\/td>\n<td style=\"text-align: center\">1,72<\/td>\n<td style=\"text-align: center\"><\/td>\n<td style=\"text-align: center\"><\/td>\n<td style=\"text-align: center\"><\/td>\n<td style=\"text-align: center\">x<\/td>\n<\/tr>\n<tr>\n<th style=\"text-align: center\">32<\/th>\n<td style=\"text-align: center\"><\/td>\n<td style=\"text-align: center\">1,72<\/td>\n<td style=\"text-align: center\"><\/td>\n<td style=\"text-align: center\"><\/td>\n<td style=\"text-align: center\"><\/td>\n<td style=\"text-align: center\">x<\/td>\n<\/tr>\n<tr>\n<th style=\"text-align: center\">40<\/th>\n<td style=\"text-align: center\"><\/td>\n<td style=\"text-align: center\">1,72<\/td>\n<td style=\"text-align: center\"><\/td>\n<td style=\"text-align: center\"><\/td>\n<td style=\"text-align: center\"><\/td>\n<td style=\"text-align: center\">x<\/td>\n<\/tr>\n<tr>\n<td style=\"text-align: center\" colspan=\"7\">Tekercssz\u00e9less\u00e9g: 1500 mm \u00b1 10 mm<\/td>\n<\/tr>\n<\/tbody>\n<\/table>\n","protected":false},"excerpt":{"rendered":"<p>A Trocellen vil\u00e1g\u00e1n bel\u00fcl a Trocellen Class term\u00e9kpaletta a CE jel\u00f6l\u00e9ssel ell\u00e1tott, Euroclass min\u0151s\u00edt\u00e9s\u0171 term\u00e9keket tartalmazza. CLASS term\u00e9kv\u00e1laszt\u00e9k\u00e1val a Trocellen az \u00faj eur\u00f3pai k\u00f6vetelm\u00e9nyeknek megfelel\u0151en szakszer\u0171 megold\u00e1sokat biztos\u00edt \u00fcgyfelei sz\u00e1m\u00e1ra. Milyen el\u0151ny\u00f6ket ny\u00fajthat m\u00e9g \u00d6nnek a Trocellen Class? A Trocellen Class az egyik leghosszabb \u00e9lettartam\u00fa szigetel\u0151anyag A Trocellen Class \u00e9g\u00e9se k\u00f6zben csak m\u00e9rs\u00e9kelt m\u00f3don fejleszt [&hellip;]<\/p>\n","protected":false},"author":1,"featured_media":8797,"parent":4284,"menu_order":0,"comment_status":"open","ping_status":"closed","template":"templates\/applications.php","meta":{"_acf_changed":false,"footnotes":""},"class_list":["post-4308","page","type-page","status-publish","has-post-thumbnail","hentry"],"acf":[],"yoast_head":"<!-- This site is optimized with the Yoast SEO plugin v23.5 - https:\/\/yoast.com\/wordpress\/plugins\/seo\/ -->\n<title>Trocellen Class = Hat\u00e9kony l\u00e9gcsatornaszigetel\u0151 anyag<\/title>\n<meta name=\"description\" content=\"A Trocellen Class tan\u00fas\u00edtott, t\u0171z\u00e1ll\u00f3, hat\u00e9kony PE szigetel\u0151anyag k\u00e9miailag t\u00e9rh\u00e1l\u00f3s\u00edtott, z\u00e1rtcell\u00e1s polietil\u00e9n habb\u00f3l.\" \/>\n<meta name=\"robots\" content=\"index, follow, max-snippet:-1, max-image-preview:large, max-video-preview:-1\" \/>\n<link rel=\"canonical\" href=\"https:\/\/insulation.trocellen.com\/hu\/alkalmazasok\/epuletgepeszeti-szigetelesek\/trocellen-class\/\" \/>\n<meta property=\"og:locale\" content=\"hu_HU\" \/>\n<meta property=\"og:type\" content=\"article\" \/>\n<meta property=\"og:title\" content=\"Trocellen Class = Hat\u00e9kony l\u00e9gcsatornaszigetel\u0151 anyag\" \/>\n<meta property=\"og:description\" content=\"A Trocellen Class tan\u00fas\u00edtott, t\u0171z\u00e1ll\u00f3, hat\u00e9kony PE szigetel\u0151anyag k\u00e9miailag t\u00e9rh\u00e1l\u00f3s\u00edtott, z\u00e1rtcell\u00e1s polietil\u00e9n habb\u00f3l.\" \/>\n<meta property=\"og:url\" content=\"https:\/\/insulation.trocellen.com\/hu\/alkalmazasok\/epuletgepeszeti-szigetelesek\/trocellen-class\/\" \/>\n<meta property=\"og:site_name\" content=\"Trocellen Insulation\" \/>\n<meta property=\"article:modified_time\" content=\"2025-03-12T14:11:11+00:00\" \/>\n<meta property=\"og:image\" content=\"https:\/\/insulation.trocellen.com\/wp-content\/uploads\/sites\/6\/2023\/05\/TC-Class.jpg\" \/>\n\t<meta property=\"og:image:width\" content=\"1920\" \/>\n\t<meta property=\"og:image:height\" content=\"300\" \/>\n\t<meta property=\"og:image:type\" content=\"image\/jpeg\" \/>\n<meta name=\"twitter:card\" content=\"summary_large_image\" \/>\n<meta name=\"twitter:label1\" content=\"Becs\u00fclt olvas\u00e1si id\u0151\" \/>\n\t<meta name=\"twitter:data1\" content=\"3 perc\" \/>\n<script type=\"application\/ld+json\" class=\"yoast-schema-graph\">{\"@context\":\"https:\/\/schema.org\",\"@graph\":[{\"@type\":\"WebPage\",\"@id\":\"https:\/\/insulation.trocellen.com\/hu\/alkalmazasok\/epuletgepeszeti-szigetelesek\/trocellen-class\/\",\"url\":\"https:\/\/insulation.trocellen.com\/hu\/alkalmazasok\/epuletgepeszeti-szigetelesek\/trocellen-class\/\",\"name\":\"Trocellen Class = Hat\u00e9kony l\u00e9gcsatornaszigetel\u0151 anyag\",\"isPartOf\":{\"@id\":\"https:\/\/insulation.trocellen.com\/hu\/#website\"},\"primaryImageOfPage\":{\"@id\":\"https:\/\/insulation.trocellen.com\/hu\/alkalmazasok\/epuletgepeszeti-szigetelesek\/trocellen-class\/#primaryimage\"},\"image\":{\"@id\":\"https:\/\/insulation.trocellen.com\/hu\/alkalmazasok\/epuletgepeszeti-szigetelesek\/trocellen-class\/#primaryimage\"},\"thumbnailUrl\":\"https:\/\/insulation.trocellen.com\/wp-content\/uploads\/sites\/6\/2023\/05\/TC-Class.jpg\",\"datePublished\":\"2015-09-30T07:41:21+00:00\",\"dateModified\":\"2025-03-12T14:11:11+00:00\",\"description\":\"A Trocellen Class tan\u00fas\u00edtott, t\u0171z\u00e1ll\u00f3, hat\u00e9kony PE szigetel\u0151anyag k\u00e9miailag t\u00e9rh\u00e1l\u00f3s\u00edtott, z\u00e1rtcell\u00e1s polietil\u00e9n habb\u00f3l.\",\"breadcrumb\":{\"@id\":\"https:\/\/insulation.trocellen.com\/hu\/alkalmazasok\/epuletgepeszeti-szigetelesek\/trocellen-class\/#breadcrumb\"},\"inLanguage\":\"hu\",\"potentialAction\":[{\"@type\":\"ReadAction\",\"target\":[\"https:\/\/insulation.trocellen.com\/hu\/alkalmazasok\/epuletgepeszeti-szigetelesek\/trocellen-class\/\"]}]},{\"@type\":\"ImageObject\",\"inLanguage\":\"hu\",\"@id\":\"https:\/\/insulation.trocellen.com\/hu\/alkalmazasok\/epuletgepeszeti-szigetelesek\/trocellen-class\/#primaryimage\",\"url\":\"https:\/\/insulation.trocellen.com\/wp-content\/uploads\/sites\/6\/2023\/05\/TC-Class.jpg\",\"contentUrl\":\"https:\/\/insulation.trocellen.com\/wp-content\/uploads\/sites\/6\/2023\/05\/TC-Class.jpg\",\"width\":1920,\"height\":300},{\"@type\":\"BreadcrumbList\",\"@id\":\"https:\/\/insulation.trocellen.com\/hu\/alkalmazasok\/epuletgepeszeti-szigetelesek\/trocellen-class\/#breadcrumb\",\"itemListElement\":[{\"@type\":\"ListItem\",\"position\":1,\"name\":\"Home\",\"item\":\"https:\/\/insulation.trocellen.com\/hu\/\"},{\"@type\":\"ListItem\",\"position\":2,\"name\":\"Alkalmaz\u00e1sok\",\"item\":\"https:\/\/insulation.trocellen.com\/hu\/alkalmazasok\/\"},{\"@type\":\"ListItem\",\"position\":3,\"name\":\"\u00c9p\u00fcletg\u00e9p\u00e9szeti szigetel\u00e9sek\",\"item\":\"https:\/\/insulation.trocellen.com\/hu\/alkalmazasok\/epuletgepeszeti-szigetelesek\/\"},{\"@type\":\"ListItem\",\"position\":4,\"name\":\"TROCELLEN CLASS\"}]},{\"@type\":\"WebSite\",\"@id\":\"https:\/\/insulation.trocellen.com\/hu\/#website\",\"url\":\"https:\/\/insulation.trocellen.com\/hu\/\",\"name\":\"Trocellen Insulation\",\"description\":\"\",\"potentialAction\":[{\"@type\":\"SearchAction\",\"target\":{\"@type\":\"EntryPoint\",\"urlTemplate\":\"https:\/\/insulation.trocellen.com\/hu\/?s={search_term_string}\"},\"query-input\":{\"@type\":\"PropertyValueSpecification\",\"valueRequired\":true,\"valueName\":\"search_term_string\"}}],\"inLanguage\":\"hu\"}]}<\/script>\n<!-- \/ Yoast SEO plugin. -->","yoast_head_json":{"title":"Trocellen Class = Hat\u00e9kony l\u00e9gcsatornaszigetel\u0151 anyag","description":"A Trocellen Class tan\u00fas\u00edtott, t\u0171z\u00e1ll\u00f3, hat\u00e9kony PE szigetel\u0151anyag k\u00e9miailag t\u00e9rh\u00e1l\u00f3s\u00edtott, z\u00e1rtcell\u00e1s polietil\u00e9n habb\u00f3l.","robots":{"index":"index","follow":"follow","max-snippet":"max-snippet:-1","max-image-preview":"max-image-preview:large","max-video-preview":"max-video-preview:-1"},"canonical":"https:\/\/insulation.trocellen.com\/hu\/alkalmazasok\/epuletgepeszeti-szigetelesek\/trocellen-class\/","og_locale":"hu_HU","og_type":"article","og_title":"Trocellen Class = Hat\u00e9kony l\u00e9gcsatornaszigetel\u0151 anyag","og_description":"A Trocellen Class tan\u00fas\u00edtott, t\u0171z\u00e1ll\u00f3, hat\u00e9kony PE szigetel\u0151anyag k\u00e9miailag t\u00e9rh\u00e1l\u00f3s\u00edtott, z\u00e1rtcell\u00e1s polietil\u00e9n habb\u00f3l.","og_url":"https:\/\/insulation.trocellen.com\/hu\/alkalmazasok\/epuletgepeszeti-szigetelesek\/trocellen-class\/","og_site_name":"Trocellen Insulation","article_modified_time":"2025-03-12T14:11:11+00:00","og_image":[{"width":1920,"height":300,"url":"https:\/\/insulation.trocellen.com\/wp-content\/uploads\/sites\/6\/2023\/05\/TC-Class.jpg","type":"image\/jpeg"}],"twitter_card":"summary_large_image","twitter_misc":{"Becs\u00fclt olvas\u00e1si id\u0151":"3 perc"},"schema":{"@context":"https:\/\/schema.org","@graph":[{"@type":"WebPage","@id":"https:\/\/insulation.trocellen.com\/hu\/alkalmazasok\/epuletgepeszeti-szigetelesek\/trocellen-class\/","url":"https:\/\/insulation.trocellen.com\/hu\/alkalmazasok\/epuletgepeszeti-szigetelesek\/trocellen-class\/","name":"Trocellen Class = Hat\u00e9kony l\u00e9gcsatornaszigetel\u0151 anyag","isPartOf":{"@id":"https:\/\/insulation.trocellen.com\/hu\/#website"},"primaryImageOfPage":{"@id":"https:\/\/insulation.trocellen.com\/hu\/alkalmazasok\/epuletgepeszeti-szigetelesek\/trocellen-class\/#primaryimage"},"image":{"@id":"https:\/\/insulation.trocellen.com\/hu\/alkalmazasok\/epuletgepeszeti-szigetelesek\/trocellen-class\/#primaryimage"},"thumbnailUrl":"https:\/\/insulation.trocellen.com\/wp-content\/uploads\/sites\/6\/2023\/05\/TC-Class.jpg","datePublished":"2015-09-30T07:41:21+00:00","dateModified":"2025-03-12T14:11:11+00:00","description":"A Trocellen Class tan\u00fas\u00edtott, t\u0171z\u00e1ll\u00f3, hat\u00e9kony PE szigetel\u0151anyag k\u00e9miailag t\u00e9rh\u00e1l\u00f3s\u00edtott, z\u00e1rtcell\u00e1s polietil\u00e9n habb\u00f3l.","breadcrumb":{"@id":"https:\/\/insulation.trocellen.com\/hu\/alkalmazasok\/epuletgepeszeti-szigetelesek\/trocellen-class\/#breadcrumb"},"inLanguage":"hu","potentialAction":[{"@type":"ReadAction","target":["https:\/\/insulation.trocellen.com\/hu\/alkalmazasok\/epuletgepeszeti-szigetelesek\/trocellen-class\/"]}]},{"@type":"ImageObject","inLanguage":"hu","@id":"https:\/\/insulation.trocellen.com\/hu\/alkalmazasok\/epuletgepeszeti-szigetelesek\/trocellen-class\/#primaryimage","url":"https:\/\/insulation.trocellen.com\/wp-content\/uploads\/sites\/6\/2023\/05\/TC-Class.jpg","contentUrl":"https:\/\/insulation.trocellen.com\/wp-content\/uploads\/sites\/6\/2023\/05\/TC-Class.jpg","width":1920,"height":300},{"@type":"BreadcrumbList","@id":"https:\/\/insulation.trocellen.com\/hu\/alkalmazasok\/epuletgepeszeti-szigetelesek\/trocellen-class\/#breadcrumb","itemListElement":[{"@type":"ListItem","position":1,"name":"Home","item":"https:\/\/insulation.trocellen.com\/hu\/"},{"@type":"ListItem","position":2,"name":"Alkalmaz\u00e1sok","item":"https:\/\/insulation.trocellen.com\/hu\/alkalmazasok\/"},{"@type":"ListItem","position":3,"name":"\u00c9p\u00fcletg\u00e9p\u00e9szeti szigetel\u00e9sek","item":"https:\/\/insulation.trocellen.com\/hu\/alkalmazasok\/epuletgepeszeti-szigetelesek\/"},{"@type":"ListItem","position":4,"name":"TROCELLEN CLASS"}]},{"@type":"WebSite","@id":"https:\/\/insulation.trocellen.com\/hu\/#website","url":"https:\/\/insulation.trocellen.com\/hu\/","name":"Trocellen Insulation","description":"","potentialAction":[{"@type":"SearchAction","target":{"@type":"EntryPoint","urlTemplate":"https:\/\/insulation.trocellen.com\/hu\/?s={search_term_string}"},"query-input":{"@type":"PropertyValueSpecification","valueRequired":true,"valueName":"search_term_string"}}],"inLanguage":"hu"}]}},"_links":{"self":[{"href":"https:\/\/insulation.trocellen.com\/hu\/wp-json\/wp\/v2\/pages\/4308","targetHints":{"allow":["GET"]}}],"collection":[{"href":"https:\/\/insulation.trocellen.com\/hu\/wp-json\/wp\/v2\/pages"}],"about":[{"href":"https:\/\/insulation.trocellen.com\/hu\/wp-json\/wp\/v2\/types\/page"}],"author":[{"embeddable":true,"href":"https:\/\/insulation.trocellen.com\/hu\/wp-json\/wp\/v2\/users\/1"}],"replies":[{"embeddable":true,"href":"https:\/\/insulation.trocellen.com\/hu\/wp-json\/wp\/v2\/comments?post=4308"}],"version-history":[{"count":6,"href":"https:\/\/insulation.trocellen.com\/hu\/wp-json\/wp\/v2\/pages\/4308\/revisions"}],"predecessor-version":[{"id":11110,"href":"https:\/\/insulation.trocellen.com\/hu\/wp-json\/wp\/v2\/pages\/4308\/revisions\/11110"}],"up":[{"embeddable":true,"href":"https:\/\/insulation.trocellen.com\/hu\/wp-json\/wp\/v2\/pages\/4284"}],"wp:featuredmedia":[{"embeddable":true,"href":"https:\/\/insulation.trocellen.com\/hu\/wp-json\/wp\/v2\/media\/8797"}],"wp:attachment":[{"href":"https:\/\/insulation.trocellen.com\/hu\/wp-json\/wp\/v2\/media?parent=4308"}],"curies":[{"name":"wp","href":"https:\/\/api.w.org\/{rel}","templated":true}]}}