{"id":4261,"date":"2013-12-16T10:31:25","date_gmt":"2013-12-16T10:31:25","guid":{"rendered":"https:\/\/insulation-new.trocellen.com\/minosegbiztositas\/"},"modified":"2025-01-07T11:31:07","modified_gmt":"2025-01-07T11:31:07","slug":"minosegbiztositas","status":"publish","type":"page","link":"https:\/\/insulation.trocellen.com\/hu\/minosegbiztositas\/","title":{"rendered":"Min\u0151s\u00e9gbiztos\u00edt\u00e1s"},"content":{"rendered":"\n<p>Garanci\u00e1jak\u00e9nt a tart\u00f3s \u00e9s kiv\u00e1l\u00f3 teljes\u00edtm\u00e9ny\u0171 term\u00e9kek \u00e9s szolg\u00e1ltat\u00e1sok ny\u00fajt\u00e1s\u00e1nak, a Trocellen k\u00fcl\u00f6nleges figyelmet ford\u00edt a min\u0151s\u00e9gbiztos\u00edt\u00e1sra. T\u00f6reksz\u00fcnk arra, hogy fel\u00fcgyelj\u00fck \u00e9s jav\u00edtsuk valamennyi gy\u00e1rt\u00e1si, menedzsment \u00e9s vev\u0151szolg\u00e1lati folyamatunkat. Elk\u00f6telezt\u00fck magunkat azon ter\u00fcletek folyamatos fejleszt\u00e9se mellett, amelyek befoly\u00e1ssal lehetnek term\u00e9keink \u00e9s szolg\u00e1ltat\u00e1saink teljes\u00edtm\u00e9ny\u00e9re, illetve pozit\u00edvan hatnak nemcsak a partnereinkkel folytatott egy\u00fcttm\u0171k\u00f6d\u00e9sre, hanem \u00fcgyfeleink megel\u00e9ged\u00e9s\u00e9re is. Valamennyi tev\u00e9kenys\u00e9g\u00fcnk k\u00f6z\u00e9ppontj\u00e1ban \u00fcgyfeleink \u00e1llnak. Ahhoz, hogy kiel\u00e9g\u00edts\u00fck elv\u00e1r\u00e1saikat, \u00fcgyf\u00e9l-el\u00e9gedetts\u00e9gi felm\u00e9r\u00e9seket v\u00e9gz\u00fcnk, mik\u00f6zben koll\u00e9g\u00e1inkat \u00e9s partnereinket is arra b\u00edztatjuk, hogy ny\u00edlt \u00e9s \u0151szinte p\u00e1rbesz\u00e9det tartsanak fenn egym\u00e1s k\u00f6z\u00f6tt.<\/p>\n\n\n\n<p>Az al\u00e1bbiakban k\u00f6zreadjuk azokat az ISO tan\u00fas\u00edtv\u00e1nyokat, amelyekkel az egyes Trocellen gy\u00e1regys\u00e9gek rendelkeznek. A dokumentumok megtekint\u00e9s\u00e9hez kattintson a linkre.<\/p>\n\n\n<table id=\"quality-table\" class=\"green-table\">\n<tbody>\n<tr>\n<th style=\"text-align: left;\" colspan=\"4\">\n<h2>ISCC PLUS certificate<\/h2>\n<\/th>\n<\/tr>\n<tr>\n<td style=\"text-align: left;\">Trocellen Italia SpA<\/td>\n<td>Italy,<br \/>Caponago plant 1<\/td>\n<td><a href=\"https:\/\/trocellen.com\/wp-content\/uploads\/2024\/05\/ISCC_PLUS_certificate_3070_TROCELLEN-p1.pdf\" target=\"_blank\" rel=\"noopener\">International Sustainability and<br \/>Carbon Certification<\/a><\/td>\n<td>English<\/td>\n<\/tr>\n<tr>\n<td style=\"text-align: left;\">Trocellen Italia SpA<\/td>\n<td>Italy,<br \/>Caponago plant 2<\/td>\n<td><a href=\"https:\/\/trocellen.com\/wp-content\/uploads\/2024\/05\/ISCC_PLUS_certificate_3071_TROCELLEN-p2.pdf\" target=\"_blank\" rel=\"noopener\">International Sustainability and<br \/>Carbon Certification<\/a><\/td>\n<td>English<\/td>\n<\/tr>\n<tr>\n<td style=\"text-align: left;\">Trocellen Italia SpA<\/td>\n<td>Italy,<br \/>Volpago plant<\/td>\n<td><a href=\"https:\/\/go.insulation.trocellen.com\/ISCC_PLUS_certificate_2125_pdf\" target=\"_blank\" rel=\"noopener\">International Sustainability and<br \/>Carbon Certification<\/a><\/td>\n<td>English<\/td>\n<\/tr>\n<tr>\n<td style=\"text-align: left;\">Trocellen GmbH<\/td>\n<td>Germany<\/td>\n<td><a href=\"https:\/\/trocellen.com\/wp-content\/uploads\/2025\/01\/ISCC-Plus-certificate_20241227.pdf\" target=\"_blank\" rel=\"noopener\">ISCC Plus Certificate<\/a><\/td>\n<td>English<\/td>\n<\/tr>\n<tr>\n<th style=\"text-align: left;\" colspan=\"4\">\n<h2>BS OHSAS 18001<\/h2>\n<\/th>\n<\/tr>\n<tr>\n<td style=\"text-align: left;\">Trocellen Italia SpA<\/td>\n<td>Italy<\/td>\n<td>Occupational Health and<br \/>Safety Management Systems<\/td>\n<td>English\u00a0<\/td>\n<\/tr>\n<tr>\n<th style=\"text-align: left;\" colspan=\"4\">\n<h2>ISO 9001<\/h2>\n<\/th>\n<\/tr>\n<tr>\n<td style=\"text-align: left;\">Trocellen GmbH<\/td>\n<td>Germany<\/td>\n<td><a href=\"https:\/\/go.insulation.trocellen.com\/TROCELLEN-GmbH-CERTIFICATE-englisch-2022-12-11-QM15_pdf\" target=\"_blank\" rel=\"noopener\">ISO 9001 \u2013 QM15<\/a><\/td>\n<td>English<\/td>\n<\/tr>\n<tr>\n<td style=\"text-align: left;\">Trocellen GmbH<\/td>\n<td>Germany<\/td>\n<td><a href=\"https:\/\/go.insulation.trocellen.com\/TROCELLEN-GmbH-CERTIFICATE-deutsch-2022-12-11-QM15_pdf\" target=\"_blank\" rel=\"noopener\">ISO 9001 \u2013 QM15<\/a><\/td>\n<td>German<\/td>\n<\/tr>\n<tr>\n<td style=\"text-align: left;\">Trocellen Iberica<\/td>\n<td>Spain<\/td>\n<td><a href=\"https:\/\/trocellen.com\/wp-content\/uploads\/2013\/12\/CERT_0.04.18022-TROCELLEN-IB\u00c9RICA-S.A.-.pdf\" target=\"_blank\" rel=\"noopener\">ISO 9001<\/a><\/td>\n<td>Spanish-English-French<\/td>\n<\/tr>\n<tr>\n<td style=\"text-align: left;\">Trocellen Italia SpA<\/td>\n<td>Italy<\/td>\n<td><a href=\"https:\/\/go.insulation.trocellen.com\/Certificato-SQ-UNI-EN-ISO-9001-2015-128-TROCELLEN-ITALIA-SPA-combined_pdf\" target=\"_blank\" rel=\"noopener\">ISO 9001<\/a><\/td>\n<td>Italian-English<\/td>\n<\/tr>\n<tr>\n<td style=\"text-align: left;\">Trocellen S.E.A.<\/td>\n<td>Malaysia<\/td>\n<td><a href=\"https:\/\/trocellen.com\/wp-content\/uploads\/2013\/12\/ISO-9001-2015-certificate_2020-2023.pdf\" target=\"_blank\" rel=\"noopener\">ISO 9001<\/a><\/td>\n<td>English<\/td>\n<\/tr>\n<tr>\n<td style=\"text-align: left;\">Polifoam Kft.<\/td>\n<td>Hungary<\/td>\n<td><a href=\"https:\/\/go.insulation.trocellen.com\/Polifoam_QMS_2017_main_certificate_EN_scan_pdf\" target=\"_blank\" rel=\"noopener\">ISO 9001 &#8211; QMS<\/a><\/td>\n<td>English<\/td>\n<\/tr>\n<tr>\n<td style=\"text-align: left;\">Polifoam Kft.<\/td>\n<td>Hungary<\/td>\n<td><a href=\"https:\/\/go.insulation.trocellen.com\/Polifoam_QMS_2017_main_certificate_HU_scan_pdf\" target=\"_blank\" rel=\"noopener\">ISO 9001 &#8211; QMS<\/a><\/td>\n<td>Hungarian<\/td>\n<\/tr>\n<tr>\n<th style=\"text-align: left;\" colspan=\"4\">\n<h2>ISO 50001<\/h2>\n<\/th>\n<\/tr>\n<tr>\n<td style=\"text-align: left;\">Trocellen GmbH<\/td>\n<td>Germany<\/td>\n<td><a href=\"https:\/\/go.trocellen.com\/TROCELLEN-GmbH-CERTIFICATE-Englisch-2023-12-30-EMSt21_pdf\" target=\"_blank\" rel=\"noopener\">ISO 50001 &#8211; EMST<\/a><\/td>\n<td>English<\/td>\n<\/tr>\n<tr>\n<td style=\"text-align: left;\">Trocellen GmbH<\/td>\n<td>Germany<\/td>\n<td><a href=\"https:\/\/go.insulation.trocellen.com\/003604-TROCELLEN-GmbH-certificate-Deutsch-2017-12-30-EMSt14_pdf\" target=\"_blank\" rel=\"noopener\">ISO 50001 &#8211; EMST<\/a><\/td>\n<td>German<\/td>\n<\/tr>\n<tr>\n<td style=\"text-align: left;\">Polifoam Kft.<\/td>\n<td>Hungary<\/td>\n<td>ISO 50001<\/td>\n<td>English-Hungarian<\/td>\n<\/tr>\n<tr>\n<td style=\"text-align: left;\">Trocellen Italia spa<\/td>\n<td>Italy<\/td>\n<td><a href=\"https:\/\/insulation.trocellen.com\/wp-content\/uploads\/sites\/6\/2024\/11\/Certificato-UNI-CEI-EN-ISO-50001-2018-3-TROCELLEN-ITALIA-SPA.pdf\n\" target=\"_blank\" rel=\"noopener\">ISO 50001:2018 IIP<\/a><\/td>\n<td>Italian-English<\/td>\n<\/tr>\n<tr>\n<td style=\"text-align: left;\">Trocellen Italia spa<\/td>\n<td>Italy<\/td>\n<td><a href=\"https:\/\/insulation.trocellen.com\/wp-content\/uploads\/sites\/6\/2024\/11\/IQNET.pdf\" target=\"_blank\" rel=\"noopener\">ISO 50001:2018 IQNET<\/a><\/td>\n<td>English<\/td>\n<\/tr>\n<tr>\n<th style=\"text-align: left;\" colspan=\"4\">\n<h2>ISO-TS 16949<\/h2>\n<\/th>\n<\/tr>\n<tr>\n<td style=\"text-align: left;\">Polifoam Kft.<\/td>\n<td>Hungary<\/td>\n<td><a href=\"https:\/\/go.insulation.trocellen.com\/ISO-TS-16949-POLIFOAM_2017_eng_hun_pdf\">ISO-TS 16949<\/a><\/td>\n<td>English-Hungarian<\/td>\n<\/tr>\n<tr>\n<th style=\"text-align: left;\" colspan=\"4\">\n<h2>ISO 14001<\/h2>\n<\/th>\n<\/tr>\n<tr>\n<td style=\"text-align: left;\">Trocellen Italia SpA.<\/td>\n<td>Italy<\/td>\n<td><a href=\"https:\/\/insulation.trocellen.com\/wp-content\/uploads\/sites\/6\/2024\/11\/Certificato-SQ-UNI-EN-ISO-14001-2015-230-TROCELLEN-ITALIA-SPA.pdf\" target=\"_blank\" rel=\"noopener\">ISO 14001:2015 IIP<\/a><\/td>\n<td>Italian<\/td>\n<\/tr>\n<tr>\n<td style=\"text-align: left;\">Trocellen Italia SpA.<\/td>\n<td>Italy<\/td>\n<td><a href=\"https:\/\/insulation.trocellen.com\/wp-content\/uploads\/sites\/6\/2024\/11\/Sistemi-Certificato-IQNET-58793.pdf\" target=\"_blank\" rel=\"noopener\">ISO 14001:2015 IQNET<\/a><\/td>\n<td>Italian<\/td>\n<\/tr>\n<tr>\n<td style=\"text-align: left;\">Polifoam Kft.<\/td>\n<td>Hungary<\/td>\n<td><a href=\"https:\/\/go.insulation.trocellen.com\/ISO-14001-Polifoam_EMS_2017_main_certificate_DAKKS_eng_pdf\">ISO 14001 &#8211; DAKKS<\/a><\/td>\n<td>English<\/td>\n<\/tr>\n<tr>\n<td style=\"text-align: left;\">Polifoam Kft.<\/td>\n<td>Hungary<\/td>\n<td><a href=\"https:\/\/go.insulation.trocellen.com\/ISO-14001-Polifoam_EMS_2017_main_certificate_DAKKS_hun_pdf\">ISO 14001 &#8211; DAKKS<\/a><\/td>\n<td>Hungarian<\/td>\n<\/tr>\n<tr>\n<th style=\"text-align: left;\" colspan=\"4\">\n<h2>\u00d6KO-TEX<\/h2>\n<\/th>\n<\/tr>\n<tr>\n<td style=\"text-align: left;\">Polifoam Kft.<\/td>\n<td>Hungary<\/td>\n<td><a href=\"https:\/\/go.insulation.trocellen.com\/OEKO-TEX-STEP-Polifoam-1_pdf\">\u00d6KO-TEX-STEP<\/a><br \/><a href=\"https:\/\/go.insulation.trocellen.com\/OEKO-TEX-STEP-Polifoam-2_pdf\">\u00d6KO-TEX-STEP<\/a><\/td>\n<td>English 1<br \/>English 2\u00a0<\/td>\n<\/tr>\n<\/tbody>\n<\/table>","protected":false},"excerpt":{"rendered":"<p>Garanci\u00e1jak\u00e9nt a tart\u00f3s \u00e9s kiv\u00e1l\u00f3 teljes\u00edtm\u00e9ny\u0171 term\u00e9kek \u00e9s szolg\u00e1ltat\u00e1sok ny\u00fajt\u00e1s\u00e1nak, a Trocellen k\u00fcl\u00f6nleges figyelmet ford\u00edt a min\u0151s\u00e9gbiztos\u00edt\u00e1sra. T\u00f6reksz\u00fcnk arra, hogy fel\u00fcgyelj\u00fck \u00e9s jav\u00edtsuk valamennyi gy\u00e1rt\u00e1si, menedzsment \u00e9s vev\u0151szolg\u00e1lati folyamatunkat. Elk\u00f6telezt\u00fck magunkat azon ter\u00fcletek folyamatos fejleszt\u00e9se mellett, amelyek befoly\u00e1ssal lehetnek term\u00e9keink \u00e9s szolg\u00e1ltat\u00e1saink teljes\u00edtm\u00e9ny\u00e9re, illetve pozit\u00edvan hatnak nemcsak a partnereinkkel folytatott egy\u00fcttm\u0171k\u00f6d\u00e9sre, hanem \u00fcgyfeleink megel\u00e9ged\u00e9s\u00e9re is. [&hellip;]<\/p>\n","protected":false},"author":1,"featured_media":8785,"parent":0,"menu_order":600,"comment_status":"open","ping_status":"closed","template":"","meta":{"_acf_changed":false,"footnotes":""},"class_list":["post-4261","page","type-page","status-publish","has-post-thumbnail","hentry"],"acf":[],"yoast_head":"<!-- This site is optimized with the Yoast SEO plugin v23.5 - https:\/\/yoast.com\/wordpress\/plugins\/seo\/ -->\n<title>A Trocellen min\u0151s\u00e9ghez kapcsol\u00f3d\u00f3 v\u00e1llal\u00e1sai \u00e9s dokumentumai<\/title>\n<meta name=\"description\" content=\"A Trocellen kiemelt figyelmet ford\u00edt a min\u0151s\u00e9gbiztos\u00edt\u00e1sra: ISCC PLUS, BS OHSAS 18001, ISO 9001, ISO 14001, ISO 50001, ISO-TS 16949, \u00d6KO-TEX\" \/>\n<meta name=\"robots\" content=\"index, follow, max-snippet:-1, max-image-preview:large, max-video-preview:-1\" \/>\n<link rel=\"canonical\" href=\"https:\/\/insulation.trocellen.com\/hu\/minosegbiztositas\/\" \/>\n<meta property=\"og:locale\" content=\"hu_HU\" \/>\n<meta property=\"og:type\" content=\"article\" \/>\n<meta property=\"og:title\" content=\"A Trocellen min\u0151s\u00e9ghez kapcsol\u00f3d\u00f3 v\u00e1llal\u00e1sai \u00e9s dokumentumai\" \/>\n<meta property=\"og:description\" content=\"A Trocellen kiemelt figyelmet ford\u00edt a min\u0151s\u00e9gbiztos\u00edt\u00e1sra: ISCC PLUS, BS OHSAS 18001, ISO 9001, ISO 14001, ISO 50001, ISO-TS 16949, \u00d6KO-TEX\" \/>\n<meta property=\"og:url\" content=\"https:\/\/insulation.trocellen.com\/hu\/minosegbiztositas\/\" \/>\n<meta property=\"og:site_name\" content=\"Trocellen Insulation\" \/>\n<meta property=\"article:modified_time\" content=\"2025-01-07T11:31:07+00:00\" \/>\n<meta property=\"og:image\" content=\"https:\/\/insulation.trocellen.com\/wp-content\/uploads\/sites\/6\/2023\/05\/quality-fejlec.jpg\" \/>\n\t<meta property=\"og:image:width\" content=\"1920\" \/>\n\t<meta property=\"og:image:height\" content=\"300\" \/>\n\t<meta property=\"og:image:type\" content=\"image\/jpeg\" \/>\n<meta name=\"twitter:card\" content=\"summary_large_image\" \/>\n<meta name=\"twitter:label1\" content=\"Becs\u00fclt olvas\u00e1si id\u0151\" \/>\n\t<meta name=\"twitter:data1\" content=\"2 perc\" \/>\n<script type=\"application\/ld+json\" class=\"yoast-schema-graph\">{\"@context\":\"https:\/\/schema.org\",\"@graph\":[{\"@type\":\"WebPage\",\"@id\":\"https:\/\/insulation.trocellen.com\/hu\/minosegbiztositas\/\",\"url\":\"https:\/\/insulation.trocellen.com\/hu\/minosegbiztositas\/\",\"name\":\"A Trocellen min\u0151s\u00e9ghez kapcsol\u00f3d\u00f3 v\u00e1llal\u00e1sai \u00e9s dokumentumai\",\"isPartOf\":{\"@id\":\"https:\/\/insulation.trocellen.com\/hu\/#website\"},\"primaryImageOfPage\":{\"@id\":\"https:\/\/insulation.trocellen.com\/hu\/minosegbiztositas\/#primaryimage\"},\"image\":{\"@id\":\"https:\/\/insulation.trocellen.com\/hu\/minosegbiztositas\/#primaryimage\"},\"thumbnailUrl\":\"https:\/\/insulation.trocellen.com\/wp-content\/uploads\/sites\/6\/2023\/05\/quality-fejlec.jpg\",\"datePublished\":\"2013-12-16T10:31:25+00:00\",\"dateModified\":\"2025-01-07T11:31:07+00:00\",\"description\":\"A Trocellen kiemelt figyelmet ford\u00edt a min\u0151s\u00e9gbiztos\u00edt\u00e1sra: ISCC PLUS, BS OHSAS 18001, ISO 9001, ISO 14001, ISO 50001, ISO-TS 16949, \u00d6KO-TEX\",\"breadcrumb\":{\"@id\":\"https:\/\/insulation.trocellen.com\/hu\/minosegbiztositas\/#breadcrumb\"},\"inLanguage\":\"hu\",\"potentialAction\":[{\"@type\":\"ReadAction\",\"target\":[\"https:\/\/insulation.trocellen.com\/hu\/minosegbiztositas\/\"]}]},{\"@type\":\"ImageObject\",\"inLanguage\":\"hu\",\"@id\":\"https:\/\/insulation.trocellen.com\/hu\/minosegbiztositas\/#primaryimage\",\"url\":\"https:\/\/insulation.trocellen.com\/wp-content\/uploads\/sites\/6\/2023\/05\/quality-fejlec.jpg\",\"contentUrl\":\"https:\/\/insulation.trocellen.com\/wp-content\/uploads\/sites\/6\/2023\/05\/quality-fejlec.jpg\",\"width\":1920,\"height\":300},{\"@type\":\"BreadcrumbList\",\"@id\":\"https:\/\/insulation.trocellen.com\/hu\/minosegbiztositas\/#breadcrumb\",\"itemListElement\":[{\"@type\":\"ListItem\",\"position\":1,\"name\":\"Home\",\"item\":\"https:\/\/insulation.trocellen.com\/hu\/\"},{\"@type\":\"ListItem\",\"position\":2,\"name\":\"Min\u0151s\u00e9gbiztos\u00edt\u00e1s\"}]},{\"@type\":\"WebSite\",\"@id\":\"https:\/\/insulation.trocellen.com\/hu\/#website\",\"url\":\"https:\/\/insulation.trocellen.com\/hu\/\",\"name\":\"Trocellen Insulation\",\"description\":\"\",\"potentialAction\":[{\"@type\":\"SearchAction\",\"target\":{\"@type\":\"EntryPoint\",\"urlTemplate\":\"https:\/\/insulation.trocellen.com\/hu\/?s={search_term_string}\"},\"query-input\":{\"@type\":\"PropertyValueSpecification\",\"valueRequired\":true,\"valueName\":\"search_term_string\"}}],\"inLanguage\":\"hu\"}]}<\/script>\n<!-- \/ Yoast SEO plugin. -->","yoast_head_json":{"title":"A Trocellen min\u0151s\u00e9ghez kapcsol\u00f3d\u00f3 v\u00e1llal\u00e1sai \u00e9s dokumentumai","description":"A Trocellen kiemelt figyelmet ford\u00edt a min\u0151s\u00e9gbiztos\u00edt\u00e1sra: ISCC PLUS, BS OHSAS 18001, ISO 9001, ISO 14001, ISO 50001, ISO-TS 16949, \u00d6KO-TEX","robots":{"index":"index","follow":"follow","max-snippet":"max-snippet:-1","max-image-preview":"max-image-preview:large","max-video-preview":"max-video-preview:-1"},"canonical":"https:\/\/insulation.trocellen.com\/hu\/minosegbiztositas\/","og_locale":"hu_HU","og_type":"article","og_title":"A Trocellen min\u0151s\u00e9ghez kapcsol\u00f3d\u00f3 v\u00e1llal\u00e1sai \u00e9s dokumentumai","og_description":"A Trocellen kiemelt figyelmet ford\u00edt a min\u0151s\u00e9gbiztos\u00edt\u00e1sra: ISCC PLUS, BS OHSAS 18001, ISO 9001, ISO 14001, ISO 50001, ISO-TS 16949, \u00d6KO-TEX","og_url":"https:\/\/insulation.trocellen.com\/hu\/minosegbiztositas\/","og_site_name":"Trocellen Insulation","article_modified_time":"2025-01-07T11:31:07+00:00","og_image":[{"width":1920,"height":300,"url":"https:\/\/insulation.trocellen.com\/wp-content\/uploads\/sites\/6\/2023\/05\/quality-fejlec.jpg","type":"image\/jpeg"}],"twitter_card":"summary_large_image","twitter_misc":{"Becs\u00fclt olvas\u00e1si id\u0151":"2 perc"},"schema":{"@context":"https:\/\/schema.org","@graph":[{"@type":"WebPage","@id":"https:\/\/insulation.trocellen.com\/hu\/minosegbiztositas\/","url":"https:\/\/insulation.trocellen.com\/hu\/minosegbiztositas\/","name":"A Trocellen min\u0151s\u00e9ghez kapcsol\u00f3d\u00f3 v\u00e1llal\u00e1sai \u00e9s dokumentumai","isPartOf":{"@id":"https:\/\/insulation.trocellen.com\/hu\/#website"},"primaryImageOfPage":{"@id":"https:\/\/insulation.trocellen.com\/hu\/minosegbiztositas\/#primaryimage"},"image":{"@id":"https:\/\/insulation.trocellen.com\/hu\/minosegbiztositas\/#primaryimage"},"thumbnailUrl":"https:\/\/insulation.trocellen.com\/wp-content\/uploads\/sites\/6\/2023\/05\/quality-fejlec.jpg","datePublished":"2013-12-16T10:31:25+00:00","dateModified":"2025-01-07T11:31:07+00:00","description":"A Trocellen kiemelt figyelmet ford\u00edt a min\u0151s\u00e9gbiztos\u00edt\u00e1sra: ISCC PLUS, BS OHSAS 18001, ISO 9001, ISO 14001, ISO 50001, ISO-TS 16949, \u00d6KO-TEX","breadcrumb":{"@id":"https:\/\/insulation.trocellen.com\/hu\/minosegbiztositas\/#breadcrumb"},"inLanguage":"hu","potentialAction":[{"@type":"ReadAction","target":["https:\/\/insulation.trocellen.com\/hu\/minosegbiztositas\/"]}]},{"@type":"ImageObject","inLanguage":"hu","@id":"https:\/\/insulation.trocellen.com\/hu\/minosegbiztositas\/#primaryimage","url":"https:\/\/insulation.trocellen.com\/wp-content\/uploads\/sites\/6\/2023\/05\/quality-fejlec.jpg","contentUrl":"https:\/\/insulation.trocellen.com\/wp-content\/uploads\/sites\/6\/2023\/05\/quality-fejlec.jpg","width":1920,"height":300},{"@type":"BreadcrumbList","@id":"https:\/\/insulation.trocellen.com\/hu\/minosegbiztositas\/#breadcrumb","itemListElement":[{"@type":"ListItem","position":1,"name":"Home","item":"https:\/\/insulation.trocellen.com\/hu\/"},{"@type":"ListItem","position":2,"name":"Min\u0151s\u00e9gbiztos\u00edt\u00e1s"}]},{"@type":"WebSite","@id":"https:\/\/insulation.trocellen.com\/hu\/#website","url":"https:\/\/insulation.trocellen.com\/hu\/","name":"Trocellen Insulation","description":"","potentialAction":[{"@type":"SearchAction","target":{"@type":"EntryPoint","urlTemplate":"https:\/\/insulation.trocellen.com\/hu\/?s={search_term_string}"},"query-input":{"@type":"PropertyValueSpecification","valueRequired":true,"valueName":"search_term_string"}}],"inLanguage":"hu"}]}},"_links":{"self":[{"href":"https:\/\/insulation.trocellen.com\/hu\/wp-json\/wp\/v2\/pages\/4261","targetHints":{"allow":["GET"]}}],"collection":[{"href":"https:\/\/insulation.trocellen.com\/hu\/wp-json\/wp\/v2\/pages"}],"about":[{"href":"https:\/\/insulation.trocellen.com\/hu\/wp-json\/wp\/v2\/types\/page"}],"author":[{"embeddable":true,"href":"https:\/\/insulation.trocellen.com\/hu\/wp-json\/wp\/v2\/users\/1"}],"replies":[{"embeddable":true,"href":"https:\/\/insulation.trocellen.com\/hu\/wp-json\/wp\/v2\/comments?post=4261"}],"version-history":[{"count":13,"href":"https:\/\/insulation.trocellen.com\/hu\/wp-json\/wp\/v2\/pages\/4261\/revisions"}],"predecessor-version":[{"id":10989,"href":"https:\/\/insulation.trocellen.com\/hu\/wp-json\/wp\/v2\/pages\/4261\/revisions\/10989"}],"wp:featuredmedia":[{"embeddable":true,"href":"https:\/\/insulation.trocellen.com\/hu\/wp-json\/wp\/v2\/media\/8785"}],"wp:attachment":[{"href":"https:\/\/insulation.trocellen.com\/hu\/wp-json\/wp\/v2\/media?parent=4261"}],"curies":[{"name":"wp","href":"https:\/\/api.w.org\/{rel}","templated":true}]}}