{"id":4256,"date":"2013-12-12T18:24:13","date_gmt":"2013-12-12T18:24:13","guid":{"rendered":"https:\/\/insulation-new.trocellen.com\/szigeteles\/"},"modified":"2013-12-12T18:24:13","modified_gmt":"2013-12-12T18:24:13","slug":"szigeteles","status":"publish","type":"page","link":"https:\/\/insulation.trocellen.com\/hu\/szigeteles\/","title":{"rendered":"Szigetel\u00e9s"},"content":{"rendered":"<p>\u00c9p\u00edtkez\u00e9s \u2013 Bels\u0151 t\u00e9r<\/p>\n<p>K\u00e9nyelmesebb\u00e9 tessz\u00fck a tereket <!--more--><\/p>\n<p>Az emberek t\u00f6bbs\u00e9ge n\u00e9gy-fal k\u00f6zt \u00e9li le az \u00e9let\u00e9t. Legyen az az otthon, a munkahely vagy b\u00e1rmely m\u00e1s hely tanul\u00e1sra, edz\u00e9sre, sz\u00f3rakoz\u00e1sra \u00e9s pihen\u00e9sre \u2013 mindenkinek sz\u00fcks\u00e9ge van egy helyre, ahol maxim\u00e1lis komfort v\u00e1rja. Hiszen mindannyian szeretn\u00e9nk 100%-osan dolgozni \u00e9s \u00e9lni an\u00e9lk\u00fcl, hogy \u00e1lland\u00f3an megzavarn\u00e1nak vagy vesz\u00e9lyben lenn\u00e9nk.<\/p>\n<p>Szenved\u00e9ly\u00fcnk az emberek k\u00e9nyelme \u00e9s ennek is szentelj\u00fck \u00e9let\u00fcnket.<\/p>\n<p>Szigetel\u0151ipari megold\u00e1sainkkal gondoskodunk otthonokr\u00f3l, irod\u00e1kr\u00f3l, szabadid\u0151s \u00e9p\u00fcletekr\u0151l \u00e9s valamennyi z\u00e1rt t\u00e9rr\u0151l.\u00a0Term\u00e9keink megv\u00e9denek a kih\u0171l\u00e9st\u0151l, felmeleged\u00e9st\u0151l,\u00a0zavar\u00f3 zajokt\u00f3l \u00e9s\u00a0az eg\u00e9szs\u00e9gre k\u00e1ros hat\u00e1sokt\u00f3l&#8230; vagy egyszer\u0171en csak \u00a0az egyhang\u00fas\u00e1gt\u00f3l.<\/p>\n<p>T\u00f6reksz\u00fcnk otthona sz\u00e9ps\u00e9g\u00e9hez \u00e9s k\u00e9nyelm\u00e9hez hozz\u00e1j\u00e1rulni, amely k\u00e9pes a lelket feldobni, az idegeket ellaz\u00edtani \u00e9s az \u00e9rz\u00e9kszerveket stimul\u00e1lni.<\/p>\n<p>Er\u0151s technol\u00f3gia h\u00e1tter\u00fcnket \u00e9vtizedes tapasztalatainkkal \u00e9s elt\u00f6k\u00e9lts\u00e9g\u00fcnkkel \u00f6tv\u00f6zz\u00fck, hogy \u00fajabb \u00e9s \u00fajabb eredeti \u00e9s hat\u00e9kony megold\u00e1sokkal \u00e1lljunk el\u0151 az \u00e9p\u00edt\u0151ipar sz\u00e1m\u00e1ra. K\u00e9pzett m\u00e9rn\u00f6keink seg\u00edts\u00e9g\u00e9vel \u00e1lland\u00f3 technikai seg\u00edts\u00e9get tudunk ny\u00fajtani partnereink sz\u00e1m\u00e1ra, biztos\u00edtva a lehet\u0151 legjobb megold\u00e1sokat a megfelel\u0151 alkalmaz\u00e1sokhoz.<\/p>\n<p>Megold\u00e1sainkkal egyben elk\u00f6telezetten igyeksz\u00fcnk v\u00e9deni term\u00e9szeti er\u0151forr\u00e1sainkat \u00e9s takar\u00e9koskodni az energi\u00e1val. D\u00f6nt\u00e9seinkben az emberek ig\u00e9nyei \u00e9s a k\u00f6rnyezetv\u00e9delem \u00e1ll \u00a0k\u00f6z\u00e9ppontban.<\/p>\n","protected":false},"excerpt":{"rendered":"<p>\u00c9p\u00edtkez\u00e9s \u2013 Bels\u0151 t\u00e9r K\u00e9nyelmesebb\u00e9 tessz\u00fck a tereket<\/p>\n","protected":false},"author":1,"featured_media":0,"parent":0,"menu_order":4900,"comment_status":"open","ping_status":"closed","template":"","meta":{"_acf_changed":false,"footnotes":""},"class_list":["post-4256","page","type-page","status-publish","hentry"],"acf":[],"yoast_head":"<!-- This site is optimized with the Yoast SEO plugin v23.5 - https:\/\/yoast.com\/wordpress\/plugins\/seo\/ -->\n<title>Szigetel\u00e9s - Trocellen Insulation<\/title>\n<meta name=\"robots\" content=\"index, follow, max-snippet:-1, max-image-preview:large, max-video-preview:-1\" \/>\n<link rel=\"canonical\" href=\"https:\/\/insulation.trocellen.com\/hu\/szigeteles\/\" \/>\n<meta property=\"og:locale\" content=\"hu_HU\" \/>\n<meta property=\"og:type\" content=\"article\" \/>\n<meta property=\"og:title\" content=\"Szigetel\u00e9s - Trocellen Insulation\" \/>\n<meta property=\"og:description\" content=\"\u00c9p\u00edtkez\u00e9s \u2013 Bels\u0151 t\u00e9r K\u00e9nyelmesebb\u00e9 tessz\u00fck a tereket\" \/>\n<meta property=\"og:url\" content=\"https:\/\/insulation.trocellen.com\/hu\/szigeteles\/\" \/>\n<meta property=\"og:site_name\" content=\"Trocellen Insulation\" \/>\n<meta name=\"twitter:card\" content=\"summary_large_image\" \/>\n<meta name=\"twitter:label1\" content=\"Becs\u00fclt olvas\u00e1si id\u0151\" \/>\n\t<meta name=\"twitter:data1\" content=\"1 perc\" \/>\n<script type=\"application\/ld+json\" class=\"yoast-schema-graph\">{\"@context\":\"https:\/\/schema.org\",\"@graph\":[{\"@type\":\"WebPage\",\"@id\":\"https:\/\/insulation.trocellen.com\/hu\/szigeteles\/\",\"url\":\"https:\/\/insulation.trocellen.com\/hu\/szigeteles\/\",\"name\":\"Szigetel\u00e9s - Trocellen Insulation\",\"isPartOf\":{\"@id\":\"https:\/\/insulation.trocellen.com\/hu\/#website\"},\"datePublished\":\"2013-12-12T18:24:13+00:00\",\"dateModified\":\"2013-12-12T18:24:13+00:00\",\"breadcrumb\":{\"@id\":\"https:\/\/insulation.trocellen.com\/hu\/szigeteles\/#breadcrumb\"},\"inLanguage\":\"hu\",\"potentialAction\":[{\"@type\":\"ReadAction\",\"target\":[\"https:\/\/insulation.trocellen.com\/hu\/szigeteles\/\"]}]},{\"@type\":\"BreadcrumbList\",\"@id\":\"https:\/\/insulation.trocellen.com\/hu\/szigeteles\/#breadcrumb\",\"itemListElement\":[{\"@type\":\"ListItem\",\"position\":1,\"name\":\"Home\",\"item\":\"https:\/\/insulation.trocellen.com\/hu\/\"},{\"@type\":\"ListItem\",\"position\":2,\"name\":\"Szigetel\u00e9s\"}]},{\"@type\":\"WebSite\",\"@id\":\"https:\/\/insulation.trocellen.com\/hu\/#website\",\"url\":\"https:\/\/insulation.trocellen.com\/hu\/\",\"name\":\"Trocellen Insulation\",\"description\":\"\",\"potentialAction\":[{\"@type\":\"SearchAction\",\"target\":{\"@type\":\"EntryPoint\",\"urlTemplate\":\"https:\/\/insulation.trocellen.com\/hu\/?s={search_term_string}\"},\"query-input\":{\"@type\":\"PropertyValueSpecification\",\"valueRequired\":true,\"valueName\":\"search_term_string\"}}],\"inLanguage\":\"hu\"}]}<\/script>\n<!-- \/ Yoast SEO plugin. -->","yoast_head_json":{"title":"Szigetel\u00e9s - Trocellen Insulation","robots":{"index":"index","follow":"follow","max-snippet":"max-snippet:-1","max-image-preview":"max-image-preview:large","max-video-preview":"max-video-preview:-1"},"canonical":"https:\/\/insulation.trocellen.com\/hu\/szigeteles\/","og_locale":"hu_HU","og_type":"article","og_title":"Szigetel\u00e9s - Trocellen Insulation","og_description":"\u00c9p\u00edtkez\u00e9s \u2013 Bels\u0151 t\u00e9r K\u00e9nyelmesebb\u00e9 tessz\u00fck a tereket","og_url":"https:\/\/insulation.trocellen.com\/hu\/szigeteles\/","og_site_name":"Trocellen Insulation","twitter_card":"summary_large_image","twitter_misc":{"Becs\u00fclt olvas\u00e1si id\u0151":"1 perc"},"schema":{"@context":"https:\/\/schema.org","@graph":[{"@type":"WebPage","@id":"https:\/\/insulation.trocellen.com\/hu\/szigeteles\/","url":"https:\/\/insulation.trocellen.com\/hu\/szigeteles\/","name":"Szigetel\u00e9s - Trocellen Insulation","isPartOf":{"@id":"https:\/\/insulation.trocellen.com\/hu\/#website"},"datePublished":"2013-12-12T18:24:13+00:00","dateModified":"2013-12-12T18:24:13+00:00","breadcrumb":{"@id":"https:\/\/insulation.trocellen.com\/hu\/szigeteles\/#breadcrumb"},"inLanguage":"hu","potentialAction":[{"@type":"ReadAction","target":["https:\/\/insulation.trocellen.com\/hu\/szigeteles\/"]}]},{"@type":"BreadcrumbList","@id":"https:\/\/insulation.trocellen.com\/hu\/szigeteles\/#breadcrumb","itemListElement":[{"@type":"ListItem","position":1,"name":"Home","item":"https:\/\/insulation.trocellen.com\/hu\/"},{"@type":"ListItem","position":2,"name":"Szigetel\u00e9s"}]},{"@type":"WebSite","@id":"https:\/\/insulation.trocellen.com\/hu\/#website","url":"https:\/\/insulation.trocellen.com\/hu\/","name":"Trocellen Insulation","description":"","potentialAction":[{"@type":"SearchAction","target":{"@type":"EntryPoint","urlTemplate":"https:\/\/insulation.trocellen.com\/hu\/?s={search_term_string}"},"query-input":{"@type":"PropertyValueSpecification","valueRequired":true,"valueName":"search_term_string"}}],"inLanguage":"hu"}]}},"_links":{"self":[{"href":"https:\/\/insulation.trocellen.com\/hu\/wp-json\/wp\/v2\/pages\/4256","targetHints":{"allow":["GET"]}}],"collection":[{"href":"https:\/\/insulation.trocellen.com\/hu\/wp-json\/wp\/v2\/pages"}],"about":[{"href":"https:\/\/insulation.trocellen.com\/hu\/wp-json\/wp\/v2\/types\/page"}],"author":[{"embeddable":true,"href":"https:\/\/insulation.trocellen.com\/hu\/wp-json\/wp\/v2\/users\/1"}],"replies":[{"embeddable":true,"href":"https:\/\/insulation.trocellen.com\/hu\/wp-json\/wp\/v2\/comments?post=4256"}],"version-history":[{"count":0,"href":"https:\/\/insulation.trocellen.com\/hu\/wp-json\/wp\/v2\/pages\/4256\/revisions"}],"wp:attachment":[{"href":"https:\/\/insulation.trocellen.com\/hu\/wp-json\/wp\/v2\/media?parent=4256"}],"curies":[{"name":"wp","href":"https:\/\/api.w.org\/{rel}","templated":true}]}}