{"id":4250,"date":"2013-12-12T17:28:49","date_gmt":"2013-12-12T17:28:49","guid":{"rendered":"https:\/\/insulation-new.trocellen.com\/hotukor\/"},"modified":"2023-07-10T08:45:21","modified_gmt":"2023-07-10T08:45:21","slug":"hotukor","status":"publish","type":"page","link":"https:\/\/insulation.trocellen.com\/hu\/alkalmazasok\/design-belsoepiteszet\/hotukor\/","title":{"rendered":"H\u0151t\u00fck\u00f6r"},"content":{"rendered":"<p><img loading=\"lazy\" decoding=\"async\" class=\"size-medium wp-image-104 alignright\" src=\"https:\/\/insulation.trocellen.com\/wp-content\/uploads\/sites\/6\/2013\/12\/heatmirror-201x300.png\" alt=\"heatmirror\" width=\"201\" height=\"300\"><\/p>\n<ul>\n<li>\u00e9p\u00fcletekben a h\u0151vesztes\u00e9g cs\u00f6kkent\u00e9s\u00e9re f\u0171t\u0151testek m\u00f6g\u00e9<\/li>\n<li>nagy hat\u00e9konys\u00e1ggal veri vissza a h\u0151t<\/li>\n<li>p\u00e9nzt takar\u00edt meg<\/li>\n<li>hossz\u00fa \u00e9lettartam\u00fa<\/li>\n<li>egyszer\u0171, gyakorlatilag l\u00e1thatatlan megold\u00e1s<\/li>\n<\/ul>\n<h2>El\u0151ny\u00f6k<\/h2>\n<ul>\n<li>Jelent\u0151s megtakar\u00edt\u00e1s a f\u0171t\u00e9si k\u00f6lts\u00e9gekb\u0151l<\/li>\n<li>A helysz\u00edn adotts\u00e1gaihoz igaz\u00edthat\u00f3 megold\u00e1s<\/li>\n<li>Kiv\u00e1l\u00f3 \u00e1r\/\u00e9rt\u00e9k ar\u00e1ny<\/li>\n<li>Ipari \u00e9s lak\u00f3ingatlanokban is alkalmazhat\u00f3<\/li>\n<li>Biztons\u00e1gos, nem m\u00e9rgez\u0151, nem allerg\u00e9n, pen\u00e9szmentes<\/li>\n<li>Egyszer\u0171 alkalmaz\u00e1s \u2013 anyaga rugalmas \u00e9s k\u00f6nny\u0171<\/li>\n<li>Egyszer\u0171 haszn\u00e1lat \u00e9s t\u00e1rol\u00e1s<\/li>\n<\/ul>\n<p><strong> Fontos megjegyz\u00e9s!<\/strong> Soha ne haszn\u00e1lja semmilyen g\u00e1zzal \u00fczemel\u0151 f\u0171t\u0151berendez\u00e9s m\u00f6g\u00f6tt, mert a h\u0151t\u00fck\u00f6r t\u00fczet foghat.<\/p>\n<h2>M\u0171szaki le\u00edr\u00e1s<\/h2>\n<ul>\n<li>Hab: k\u00e9miailag t\u00e9rh\u00e1l\u00f3s\u00edtott, z\u00e1rtcell\u00e1s PE hab<\/li>\n<li>Bor\u00edt\u00e1s: alum\u00edniumf\u00f3lia<\/li>\n<li>Hab s\u0171r\u0171s\u00e9ge: 30 kg\/m\u00b3<\/li>\n<li>Vastags\u00e1g: 4 mm<\/li>\n<li>Tekercs m\u00e9rete: 550 mm x 5 m<\/li>\n<\/ul>\n<h2>Jellemz\u0151k<\/h2>\n<ul>\n<li>Tekercs<\/li>\n<li>K\u00f6nny\u0171 m\u00e9retre szabni \u00e9s felhelyezni<\/li>\n<li>Antibakteri\u00e1lis, pen\u00e9sz\u00e1ll\u00f3<\/li>\n<li>\u00c1lland\u00f3 \u00e9s hosszantart\u00f3 h\u0151szigetel\u00e9si teljes\u00edtm\u00e9ny<\/li>\n<li>Pehelyk\u00f6nny\u0171<\/li>\n<li>CFC- \u00e9s kl\u00f3rmentes<\/li>\n<li>Nem m\u00e9rgez\u0151, formaldehidmentes \u00e9s szagtalan<\/li>\n<\/ul>\n<h2>Hogyan haszn\u00e1ljuk<\/h2>\n<p>1. l\u00e9p\u00e9s \u2013 M\u00e9rje le a f\u0171t\u0151test m\u00e9reteit. V\u00e1gja ki a Trocellen H\u0151t\u00fckr\u00f6t. A kiv\u00e1gott r\u00e9sz m\u00e9rete 10-10 mm-rel keskenyebb legyen mindk\u00e9t oldalon, mint a f\u0171t\u0151test t\u00e9nyleges m\u00e9rete. Jel\u00f6lje be a r\u00f6gz\u00edt\u00e9s hely\u00e9t a falon.<\/p>\n<p><img loading=\"lazy\" decoding=\"async\" class=\"alignnone size-full wp-image-106 aligncenter\" src=\"https:\/\/insulation.trocellen.com\/wp-content\/uploads\/sites\/6\/2013\/12\/heatmirror1.png\" alt=\"heatmirror1\" width=\"144\" height=\"113\"><\/p>\n<p>2. l\u00e9p\u00e9s \u2013Vigye fel a ragaszt\u00f3t mind a megtiszt\u00edtott falfel\u00fcletre, mind a H\u0151t\u00fck\u00f6r hablemez oldal\u00e1ra. P\u00e1r percet hagyja \u0151ket sz\u00e1radni.<\/p>\n<p><img loading=\"lazy\" decoding=\"async\" class=\"alignnone size-full wp-image-101 aligncenter\" src=\"https:\/\/insulation.trocellen.com\/wp-content\/uploads\/sites\/6\/2013\/12\/heatmirror2.png\" alt=\"heatmirror2\" width=\"144\" height=\"113\"><\/p>\n<p>3. l\u00e9p\u00e9s \u2013 Sz\u00e1rad\u00e1s ut\u00e1n gyeng\u00e9den nyomja a teljes habfel\u00fcletet a falnak<\/p>\n<p><img loading=\"lazy\" decoding=\"async\" class=\"size-thumbnail wp-image-102 aligncenter\" src=\"https:\/\/insulation.trocellen.com\/wp-content\/uploads\/sites\/6\/2013\/12\/heatmirror3-144x150.png\" alt=\"heatmirror3\" width=\"144\" height=\"150\"><\/p>\n<p>4. l\u00e9p\u00e9s \u2013 V\u00e1gja ki a r\u00f6gz\u00edt\u0151 konzol ny\u00edl\u00e1sait.<\/p>\n<p><img loading=\"lazy\" decoding=\"async\" class=\"alignnone size-thumbnail wp-image-103 aligncenter\" src=\"https:\/\/insulation.trocellen.com\/wp-content\/uploads\/sites\/6\/2013\/12\/heatmirror4-150x150.png\" alt=\"heatmirror4\" width=\"150\" height=\"150\"><\/p>\n","protected":false},"excerpt":{"rendered":"<p>\u00e9p\u00fcletekben a h\u0151vesztes\u00e9g cs\u00f6kkent\u00e9s\u00e9re f\u0171t\u0151testek m\u00f6g\u00e9 nagy hat\u00e9konys\u00e1ggal veri vissza a h\u0151t p\u00e9nzt takar\u00edt meg hossz\u00fa \u00e9lettartam\u00fa egyszer\u0171, gyakorlatilag l\u00e1thatatlan megold\u00e1s El\u0151ny\u00f6k Jelent\u0151s megtakar\u00edt\u00e1s a f\u0171t\u00e9si k\u00f6lts\u00e9gekb\u0151l A helysz\u00edn adotts\u00e1gaihoz igaz\u00edthat\u00f3 megold\u00e1s Kiv\u00e1l\u00f3 \u00e1r\/\u00e9rt\u00e9k ar\u00e1ny Ipari \u00e9s lak\u00f3ingatlanokban is alkalmazhat\u00f3 Biztons\u00e1gos, nem m\u00e9rgez\u0151, nem allerg\u00e9n, pen\u00e9szmentes Egyszer\u0171 alkalmaz\u00e1s \u2013 anyaga rugalmas \u00e9s k\u00f6nny\u0171 Egyszer\u0171 haszn\u00e1lat [&hellip;]<\/p>\n","protected":false},"author":1,"featured_media":8895,"parent":4136,"menu_order":300,"comment_status":"open","ping_status":"closed","template":"templates\/applications.php","meta":{"_acf_changed":false,"footnotes":""},"class_list":["post-4250","page","type-page","status-publish","has-post-thumbnail","hentry"],"acf":[],"yoast_head":"<!-- This site is optimized with the Yoast SEO plugin v23.5 - https:\/\/yoast.com\/wordpress\/plugins\/seo\/ -->\n<title>Trocellen h\u0151t\u00fck\u00f6r: n\u00f6veli a f\u0171t\u00e9s hat\u00e9kony\u00e1g\u00e1t<\/title>\n<meta name=\"description\" content=\"H\u0151t\u00fck\u00f6r: ne a falat f\u0171ts\u00fck, tartsuk benn a meleg leveg\u0151t! A h\u0151t\u00fck\u00f6r visszaveri a h\u0151t a szoba belseje fel\u00e9, ez\u00e1ltal jav\u00edtja a f\u0171t\u00e9s hat\u00e9konys\u00e1g\u00e1t.\" \/>\n<meta name=\"robots\" content=\"index, follow, max-snippet:-1, max-image-preview:large, max-video-preview:-1\" \/>\n<link rel=\"canonical\" href=\"https:\/\/insulation.trocellen.com\/hu\/alkalmazasok\/design-belsoepiteszet\/hotukor\/\" \/>\n<meta property=\"og:locale\" content=\"hu_HU\" \/>\n<meta property=\"og:type\" content=\"article\" \/>\n<meta property=\"og:title\" content=\"Trocellen h\u0151t\u00fck\u00f6r: n\u00f6veli a f\u0171t\u00e9s hat\u00e9kony\u00e1g\u00e1t\" \/>\n<meta property=\"og:description\" content=\"H\u0151t\u00fck\u00f6r: ne a falat f\u0171ts\u00fck, tartsuk benn a meleg leveg\u0151t! A h\u0151t\u00fck\u00f6r visszaveri a h\u0151t a szoba belseje fel\u00e9, ez\u00e1ltal jav\u00edtja a f\u0171t\u00e9s hat\u00e9konys\u00e1g\u00e1t.\" \/>\n<meta property=\"og:url\" content=\"https:\/\/insulation.trocellen.com\/hu\/alkalmazasok\/design-belsoepiteszet\/hotukor\/\" \/>\n<meta property=\"og:site_name\" content=\"Trocellen Insulation\" \/>\n<meta property=\"article:modified_time\" content=\"2023-07-10T08:45:21+00:00\" \/>\n<meta property=\"og:image\" content=\"https:\/\/insulation.trocellen.com\/wp-content\/uploads\/sites\/6\/2023\/05\/heat-mirror1.jpg\" \/>\n\t<meta property=\"og:image:width\" content=\"1920\" \/>\n\t<meta property=\"og:image:height\" content=\"300\" \/>\n\t<meta property=\"og:image:type\" content=\"image\/jpeg\" \/>\n<meta name=\"twitter:card\" content=\"summary_large_image\" \/>\n<meta name=\"twitter:label1\" content=\"Becs\u00fclt olvas\u00e1si id\u0151\" \/>\n\t<meta name=\"twitter:data1\" content=\"2 perc\" \/>\n<script type=\"application\/ld+json\" class=\"yoast-schema-graph\">{\"@context\":\"https:\/\/schema.org\",\"@graph\":[{\"@type\":\"WebPage\",\"@id\":\"https:\/\/insulation.trocellen.com\/hu\/alkalmazasok\/design-belsoepiteszet\/hotukor\/\",\"url\":\"https:\/\/insulation.trocellen.com\/hu\/alkalmazasok\/design-belsoepiteszet\/hotukor\/\",\"name\":\"Trocellen h\u0151t\u00fck\u00f6r: n\u00f6veli a f\u0171t\u00e9s hat\u00e9kony\u00e1g\u00e1t\",\"isPartOf\":{\"@id\":\"https:\/\/insulation.trocellen.com\/hu\/#website\"},\"primaryImageOfPage\":{\"@id\":\"https:\/\/insulation.trocellen.com\/hu\/alkalmazasok\/design-belsoepiteszet\/hotukor\/#primaryimage\"},\"image\":{\"@id\":\"https:\/\/insulation.trocellen.com\/hu\/alkalmazasok\/design-belsoepiteszet\/hotukor\/#primaryimage\"},\"thumbnailUrl\":\"https:\/\/insulation.trocellen.com\/wp-content\/uploads\/sites\/6\/2023\/05\/heat-mirror1.jpg\",\"datePublished\":\"2013-12-12T17:28:49+00:00\",\"dateModified\":\"2023-07-10T08:45:21+00:00\",\"description\":\"H\u0151t\u00fck\u00f6r: ne a falat f\u0171ts\u00fck, tartsuk benn a meleg leveg\u0151t! A h\u0151t\u00fck\u00f6r visszaveri a h\u0151t a szoba belseje fel\u00e9, ez\u00e1ltal jav\u00edtja a f\u0171t\u00e9s hat\u00e9konys\u00e1g\u00e1t.\",\"breadcrumb\":{\"@id\":\"https:\/\/insulation.trocellen.com\/hu\/alkalmazasok\/design-belsoepiteszet\/hotukor\/#breadcrumb\"},\"inLanguage\":\"hu\",\"potentialAction\":[{\"@type\":\"ReadAction\",\"target\":[\"https:\/\/insulation.trocellen.com\/hu\/alkalmazasok\/design-belsoepiteszet\/hotukor\/\"]}]},{\"@type\":\"ImageObject\",\"inLanguage\":\"hu\",\"@id\":\"https:\/\/insulation.trocellen.com\/hu\/alkalmazasok\/design-belsoepiteszet\/hotukor\/#primaryimage\",\"url\":\"https:\/\/insulation.trocellen.com\/wp-content\/uploads\/sites\/6\/2023\/05\/heat-mirror1.jpg\",\"contentUrl\":\"https:\/\/insulation.trocellen.com\/wp-content\/uploads\/sites\/6\/2023\/05\/heat-mirror1.jpg\",\"width\":1920,\"height\":300},{\"@type\":\"BreadcrumbList\",\"@id\":\"https:\/\/insulation.trocellen.com\/hu\/alkalmazasok\/design-belsoepiteszet\/hotukor\/#breadcrumb\",\"itemListElement\":[{\"@type\":\"ListItem\",\"position\":1,\"name\":\"Home\",\"item\":\"https:\/\/insulation.trocellen.com\/hu\/\"},{\"@type\":\"ListItem\",\"position\":2,\"name\":\"Alkalmaz\u00e1sok\",\"item\":\"https:\/\/insulation.trocellen.com\/hu\/alkalmazasok\/\"},{\"@type\":\"ListItem\",\"position\":3,\"name\":\"Design &amp; Bels\u0151\u00e9p\u00edt\u00e9szet\",\"item\":\"https:\/\/insulation.trocellen.com\/hu\/alkalmazasok\/design-belsoepiteszet\/\"},{\"@type\":\"ListItem\",\"position\":4,\"name\":\"H\u0151t\u00fck\u00f6r\"}]},{\"@type\":\"WebSite\",\"@id\":\"https:\/\/insulation.trocellen.com\/hu\/#website\",\"url\":\"https:\/\/insulation.trocellen.com\/hu\/\",\"name\":\"Trocellen Insulation\",\"description\":\"\",\"potentialAction\":[{\"@type\":\"SearchAction\",\"target\":{\"@type\":\"EntryPoint\",\"urlTemplate\":\"https:\/\/insulation.trocellen.com\/hu\/?s={search_term_string}\"},\"query-input\":{\"@type\":\"PropertyValueSpecification\",\"valueRequired\":true,\"valueName\":\"search_term_string\"}}],\"inLanguage\":\"hu\"}]}<\/script>\n<!-- \/ Yoast SEO plugin. -->","yoast_head_json":{"title":"Trocellen h\u0151t\u00fck\u00f6r: n\u00f6veli a f\u0171t\u00e9s hat\u00e9kony\u00e1g\u00e1t","description":"H\u0151t\u00fck\u00f6r: ne a falat f\u0171ts\u00fck, tartsuk benn a meleg leveg\u0151t! A h\u0151t\u00fck\u00f6r visszaveri a h\u0151t a szoba belseje fel\u00e9, ez\u00e1ltal jav\u00edtja a f\u0171t\u00e9s hat\u00e9konys\u00e1g\u00e1t.","robots":{"index":"index","follow":"follow","max-snippet":"max-snippet:-1","max-image-preview":"max-image-preview:large","max-video-preview":"max-video-preview:-1"},"canonical":"https:\/\/insulation.trocellen.com\/hu\/alkalmazasok\/design-belsoepiteszet\/hotukor\/","og_locale":"hu_HU","og_type":"article","og_title":"Trocellen h\u0151t\u00fck\u00f6r: n\u00f6veli a f\u0171t\u00e9s hat\u00e9kony\u00e1g\u00e1t","og_description":"H\u0151t\u00fck\u00f6r: ne a falat f\u0171ts\u00fck, tartsuk benn a meleg leveg\u0151t! A h\u0151t\u00fck\u00f6r visszaveri a h\u0151t a szoba belseje fel\u00e9, ez\u00e1ltal jav\u00edtja a f\u0171t\u00e9s hat\u00e9konys\u00e1g\u00e1t.","og_url":"https:\/\/insulation.trocellen.com\/hu\/alkalmazasok\/design-belsoepiteszet\/hotukor\/","og_site_name":"Trocellen Insulation","article_modified_time":"2023-07-10T08:45:21+00:00","og_image":[{"width":1920,"height":300,"url":"https:\/\/insulation.trocellen.com\/wp-content\/uploads\/sites\/6\/2023\/05\/heat-mirror1.jpg","type":"image\/jpeg"}],"twitter_card":"summary_large_image","twitter_misc":{"Becs\u00fclt olvas\u00e1si id\u0151":"2 perc"},"schema":{"@context":"https:\/\/schema.org","@graph":[{"@type":"WebPage","@id":"https:\/\/insulation.trocellen.com\/hu\/alkalmazasok\/design-belsoepiteszet\/hotukor\/","url":"https:\/\/insulation.trocellen.com\/hu\/alkalmazasok\/design-belsoepiteszet\/hotukor\/","name":"Trocellen h\u0151t\u00fck\u00f6r: n\u00f6veli a f\u0171t\u00e9s hat\u00e9kony\u00e1g\u00e1t","isPartOf":{"@id":"https:\/\/insulation.trocellen.com\/hu\/#website"},"primaryImageOfPage":{"@id":"https:\/\/insulation.trocellen.com\/hu\/alkalmazasok\/design-belsoepiteszet\/hotukor\/#primaryimage"},"image":{"@id":"https:\/\/insulation.trocellen.com\/hu\/alkalmazasok\/design-belsoepiteszet\/hotukor\/#primaryimage"},"thumbnailUrl":"https:\/\/insulation.trocellen.com\/wp-content\/uploads\/sites\/6\/2023\/05\/heat-mirror1.jpg","datePublished":"2013-12-12T17:28:49+00:00","dateModified":"2023-07-10T08:45:21+00:00","description":"H\u0151t\u00fck\u00f6r: ne a falat f\u0171ts\u00fck, tartsuk benn a meleg leveg\u0151t! A h\u0151t\u00fck\u00f6r visszaveri a h\u0151t a szoba belseje fel\u00e9, ez\u00e1ltal jav\u00edtja a f\u0171t\u00e9s hat\u00e9konys\u00e1g\u00e1t.","breadcrumb":{"@id":"https:\/\/insulation.trocellen.com\/hu\/alkalmazasok\/design-belsoepiteszet\/hotukor\/#breadcrumb"},"inLanguage":"hu","potentialAction":[{"@type":"ReadAction","target":["https:\/\/insulation.trocellen.com\/hu\/alkalmazasok\/design-belsoepiteszet\/hotukor\/"]}]},{"@type":"ImageObject","inLanguage":"hu","@id":"https:\/\/insulation.trocellen.com\/hu\/alkalmazasok\/design-belsoepiteszet\/hotukor\/#primaryimage","url":"https:\/\/insulation.trocellen.com\/wp-content\/uploads\/sites\/6\/2023\/05\/heat-mirror1.jpg","contentUrl":"https:\/\/insulation.trocellen.com\/wp-content\/uploads\/sites\/6\/2023\/05\/heat-mirror1.jpg","width":1920,"height":300},{"@type":"BreadcrumbList","@id":"https:\/\/insulation.trocellen.com\/hu\/alkalmazasok\/design-belsoepiteszet\/hotukor\/#breadcrumb","itemListElement":[{"@type":"ListItem","position":1,"name":"Home","item":"https:\/\/insulation.trocellen.com\/hu\/"},{"@type":"ListItem","position":2,"name":"Alkalmaz\u00e1sok","item":"https:\/\/insulation.trocellen.com\/hu\/alkalmazasok\/"},{"@type":"ListItem","position":3,"name":"Design &amp; Bels\u0151\u00e9p\u00edt\u00e9szet","item":"https:\/\/insulation.trocellen.com\/hu\/alkalmazasok\/design-belsoepiteszet\/"},{"@type":"ListItem","position":4,"name":"H\u0151t\u00fck\u00f6r"}]},{"@type":"WebSite","@id":"https:\/\/insulation.trocellen.com\/hu\/#website","url":"https:\/\/insulation.trocellen.com\/hu\/","name":"Trocellen Insulation","description":"","potentialAction":[{"@type":"SearchAction","target":{"@type":"EntryPoint","urlTemplate":"https:\/\/insulation.trocellen.com\/hu\/?s={search_term_string}"},"query-input":{"@type":"PropertyValueSpecification","valueRequired":true,"valueName":"search_term_string"}}],"inLanguage":"hu"}]}},"_links":{"self":[{"href":"https:\/\/insulation.trocellen.com\/hu\/wp-json\/wp\/v2\/pages\/4250","targetHints":{"allow":["GET"]}}],"collection":[{"href":"https:\/\/insulation.trocellen.com\/hu\/wp-json\/wp\/v2\/pages"}],"about":[{"href":"https:\/\/insulation.trocellen.com\/hu\/wp-json\/wp\/v2\/types\/page"}],"author":[{"embeddable":true,"href":"https:\/\/insulation.trocellen.com\/hu\/wp-json\/wp\/v2\/users\/1"}],"replies":[{"embeddable":true,"href":"https:\/\/insulation.trocellen.com\/hu\/wp-json\/wp\/v2\/comments?post=4250"}],"version-history":[{"count":2,"href":"https:\/\/insulation.trocellen.com\/hu\/wp-json\/wp\/v2\/pages\/4250\/revisions"}],"predecessor-version":[{"id":9676,"href":"https:\/\/insulation.trocellen.com\/hu\/wp-json\/wp\/v2\/pages\/4250\/revisions\/9676"}],"up":[{"embeddable":true,"href":"https:\/\/insulation.trocellen.com\/hu\/wp-json\/wp\/v2\/pages\/4136"}],"wp:featuredmedia":[{"embeddable":true,"href":"https:\/\/insulation.trocellen.com\/hu\/wp-json\/wp\/v2\/media\/8895"}],"wp:attachment":[{"href":"https:\/\/insulation.trocellen.com\/hu\/wp-json\/wp\/v2\/media?parent=4250"}],"curies":[{"name":"wp","href":"https:\/\/api.w.org\/{rel}","templated":true}]}}