{"id":4238,"date":"2013-12-12T17:28:18","date_gmt":"2013-12-12T17:28:18","guid":{"rendered":"https:\/\/insulation-new.trocellen.com\/carepad\/"},"modified":"2023-07-10T08:44:09","modified_gmt":"2023-07-10T08:44:09","slug":"carepad","status":"publish","type":"page","link":"https:\/\/insulation.trocellen.com\/hu\/alkalmazasok\/design-belsoepiteszet\/carepad\/","title":{"rendered":"CarePad"},"content":{"rendered":"\n<figure class=\"wp-block-image\"><a href=\"https:\/\/insulation.trocellen.com\/wp-content\/uploads\/sites\/6\/2013\/12\/carepad-photo-1.jpg\" rel=\"attachment wp-att-1306\"><img decoding=\"async\" src=\"https:\/\/insulation.trocellen.com\/wp-content\/uploads\/sites\/6\/2013\/12\/carepad-photo-1-1024x490.jpg\" alt=\"carepad-photo\" class=\"wp-image-1306\"\/><\/a><\/figure>\n\n\n\n<p>Mindenki birtokol manaps\u00e1g valamilyen \u00e9rt\u00e9kes t\u00e1rgyat. Egy aut\u00f3, motorbicikli, ker\u00e9kp\u00e1r vagy hasonl\u00f3 \u00e9rt\u00e9kes eszk\u00f6z eset\u00e9n nagy a felel\u0151ss\u00e9g\u00fcnk, hogy ezek \u00e9ps\u00e9g\u00e9t amennyire csak lehet, meg\u0151rizz\u00fck.<\/p>\n\n\n\n<p>A legkisebb karcol\u00e1s a f\u00e9nyez\u00e9sen, a legkisebb horpad\u00e1s a j\u00e1rm\u0171 karossz\u00e9ri\u00e1j\u00e1n jelent\u0151sen cs\u00f6kkentheti a t\u00e1rgy piaci \u00e9rt\u00e9k\u00e9t. Emellett magas jav\u00edt\u00e1si k\u00f6lts\u00e9gekkel is sz\u00e1molnunk kell \u00e9s m\u00e9g a biztos\u00edt\u00e1si b\u00f3nusz besorol\u00e1sunkat is elvesz\u00edthetj\u00fck. Teh\u00e1t van okunk gondosan v\u00e9deni t\u00e1rgyainkat \u00e9s \u0151rizni \u00e9ps\u00e9g\u00fcket.<\/p>\n\n\n\n<figure class=\"wp-block-image\"><a href=\"https:\/\/insulation.trocellen.com\/wp-content\/uploads\/sites\/6\/2013\/12\/Carepad-fokep.jpg\" rel=\"attachment wp-att-1308\"><img decoding=\"async\" src=\"https:\/\/insulation.trocellen.com\/wp-content\/uploads\/sites\/6\/2013\/12\/Carepad-fokep.jpg\" alt=\"Carepad-fokep\" class=\"wp-image-1308\"\/><\/a><\/figure>\n\n\n\n<p>Ha a gar\u00e1zsban \u00fctk\u00f6zn\u00e9nk a falnak, az \u00e9p\u00fclet falazat\u00e1ban is k\u00e1rt tehet\u00fcnk, amit szint\u00e9n jobb elker\u00fclni.<\/p>\n\n\n\n<p>Nem utols\u00f3sorban el kell ker\u00fcln\u00fcnk az emberi \u00e9letre is vesz\u00e9lyes helyzeteket \u00e9s s\u00e9r\u00fcl\u00e9seket megfelel\u0151 v\u00e9d\u0151felszerel\u00e9sek alkalmaz\u00e1s\u00e1val.<\/p>\n\n\n\n<h2 class=\"wp-block-heading\">Tulajdons\u00e1gok<\/h2>\n\n\n\n<ul class=\"wp-block-list\">\n<li>t\u00e9rh\u00e1l\u00f3s PE hab<\/li>\n\n\n\n<li>vastags\u00e1g: 10-15 mm<\/li>\n\n\n\n<li>t\u00f6bb m\u00e9retben kaphat\u00f3<\/li>\n\n\n\n<li>ig\u00e9ny szerint k\u00fcl\u00f6nf\u00e9le s\u0171r\u0171s\u00e9ggel rendelhet\u0151, ak\u00e1r tekercsben is<\/li>\n\n\n\n<li>haszn\u00e1lhat\u00f3 falakon, oszlopokon, ajt\u00f3kon, mag\u00e1ngar\u00e1zsokban, bev\u00e1s\u00e1rl\u00f3k\u00f6zpontok parkol\u00f3iban, stb.<\/li>\n<\/ul>\n\n\n\n<figure class=\"wp-block-table\"><table><tbody><tr><td><a href=\"https:\/\/insulation.trocellen.com\/wp-content\/uploads\/sites\/6\/2013\/12\/carepad2-1.jpg\" rel=\"attachment wp-att-1310\"><img loading=\"lazy\" decoding=\"async\" class=\"alignnone size-medium wp-image-1310\" src=\"https:\/\/insulation.trocellen.com\/wp-content\/uploads\/sites\/6\/2013\/12\/carepad2-1-300x201.jpg\" alt=\"carepad2\" width=\"300\" height=\"201\"><\/a><\/td><td><a href=\"https:\/\/insulation.trocellen.com\/wp-content\/uploads\/sites\/6\/2013\/12\/carepad-motor.jpg\" rel=\"attachment wp-att-1313\"><img loading=\"lazy\" decoding=\"async\" class=\"alignnone size-medium wp-image-1313\" src=\"https:\/\/insulation.trocellen.com\/wp-content\/uploads\/sites\/6\/2013\/12\/carepad-motor-300x200.jpg\" alt=\"carepad motor\" width=\"300\" height=\"200\"><\/a><\/td><\/tr><\/tbody><\/table><\/figure>\n\n\n\n<h2 class=\"wp-block-heading\">Alkalmaz\u00e1s<\/h2>\n\n\n\n<ul class=\"wp-block-list\">\n<li>Egyszer\u0171en t\u00e1vol\u00edtsa el az \u00f6ntapad\u00f3 f\u00f3li\u00e1t a term\u00e9k h\u00e1tulj\u00e1n \u00e9s ragassza a CarePad term\u00e9ket a gar\u00e1zs megtiszt\u00edtott fal\u00e1ra.<\/li>\n\n\n\n<li>Alkalmaz\u00e1si h\u0151m\u00e9rs\u00e9klet: tiszta fel\u00fcletre felragasztva \u201340\u00b0C \u00e9s +70\u00b0C k\u00f6z\u00f6tt<\/li>\n<\/ul>\n\n\n\n<h2 class=\"wp-block-heading\">Jellemz\u0151k<\/h2>\n\n\n\n<ul class=\"wp-block-list\">\n<li>\u00d6ntapad\u00f3 f\u00f3lia a term\u00e9k h\u00e1tulj\u00e1n a k\u00f6nny\u0171 felhelyez\u00e9s \u00e9rdek\u00e9ben<\/li>\n\n\n\n<li>Csek\u00e9ly t\u00f6meg\/k\u00f6nnyen sz\u00e1ll\u00edthat\u00f3<\/li>\n\n\n\n<li>Rugalmas<\/li>\n\n\n\n<li>Nagyon er\u0151s tapad\u00e1s<\/li>\n\n\n\n<li>J\u00f3 mechanikai ellen\u00e1ll\u00f3 k\u00e9pess\u00e9g<\/li>\n\n\n\n<li>M\u00e9rettart\u00f3<\/li>\n\n\n\n<li>V\u00edztasz\u00edt\u00f3<\/li>\n\n\n\n<li>Nem tartalmaz m\u00e9rgez\u0151 anyagot<\/li>\n\n\n\n<li>K\u00f6rnyezetbar\u00e1t<\/li>\n\n\n\n<li>Eszt\u00e9tikus<\/li>\n\n\n\n<li>Ig\u00e9ny szerinti sz\u00ednekben is<\/li>\n\n\n\n<li>Szem\u00e9lyre szabhat\u00f3 pl. log\u00f3 haszn\u00e1lat\u00e1val<\/li>\n<\/ul>\n\n\n\n<figure class=\"wp-block-table\"><table><tbody><tr><td><a href=\"https:\/\/insulation.trocellen.com\/wp-content\/uploads\/sites\/6\/2013\/12\/carepad3-1.jpg\" rel=\"attachment wp-att-1317\"><img loading=\"lazy\" decoding=\"async\" class=\"alignnone size-medium wp-image-1317\" src=\"https:\/\/insulation.trocellen.com\/wp-content\/uploads\/sites\/6\/2013\/12\/carepad3-1-300x199.jpg\" alt=\"carepad3\" width=\"300\" height=\"199\"><\/a><\/td><td><a href=\"https:\/\/insulation.trocellen.com\/wp-content\/uploads\/sites\/6\/2013\/12\/carepad4-1.jpg\" rel=\"attachment wp-att-1318\"><img loading=\"lazy\" decoding=\"async\" class=\"alignnone size-medium wp-image-1318\" src=\"https:\/\/insulation.trocellen.com\/wp-content\/uploads\/sites\/6\/2013\/12\/carepad4-1-300x200.jpg\" alt=\"carepad4\" width=\"300\" height=\"200\"><\/a><\/td><\/tr><\/tbody><\/table><\/figure>\n","protected":false},"excerpt":{"rendered":"<p>Mindenki birtokol manaps\u00e1g valamilyen \u00e9rt\u00e9kes t\u00e1rgyat. Egy aut\u00f3, motorbicikli, ker\u00e9kp\u00e1r vagy hasonl\u00f3 \u00e9rt\u00e9kes eszk\u00f6z eset\u00e9n nagy a felel\u0151ss\u00e9g\u00fcnk, hogy ezek \u00e9ps\u00e9g\u00e9t amennyire csak lehet, meg\u0151rizz\u00fck. A legkisebb karcol\u00e1s a f\u00e9nyez\u00e9sen, a legkisebb horpad\u00e1s a j\u00e1rm\u0171 karossz\u00e9ri\u00e1j\u00e1n jelent\u0151sen cs\u00f6kkentheti a t\u00e1rgy piaci \u00e9rt\u00e9k\u00e9t. Emellett magas jav\u00edt\u00e1si k\u00f6lts\u00e9gekkel is sz\u00e1molnunk kell \u00e9s m\u00e9g a biztos\u00edt\u00e1si b\u00f3nusz besorol\u00e1sunkat [&hellip;]<\/p>\n","protected":false},"author":1,"featured_media":8882,"parent":4136,"menu_order":100,"comment_status":"open","ping_status":"closed","template":"templates\/applications.php","meta":{"_acf_changed":false,"footnotes":""},"class_list":["post-4238","page","type-page","status-publish","has-post-thumbnail","hentry"],"acf":[],"yoast_head":"<!-- This site is optimized with the Yoast SEO plugin v23.5 - https:\/\/yoast.com\/wordpress\/plugins\/seo\/ -->\n<title>Trocellen Szigetel\u00e9s: Carepad a karcol\u00e1sv\u00e9delem\u00e9rt<\/title>\n<meta name=\"description\" content=\"Trocellen Carepad: t\u00f6k\u00e9letes v\u00e9delem karcol\u00e1s \u00e9s \u00fct\u00e9s ellen falakn\u00e1l \u00e9s oszlopokn\u00e1l. Megv\u00e9di az aut\u00f3t, motort, \u00e9s seg\u00edt megel\u0151zni a szem\u00e9lyi s\u00e9r\u00fcl\u00e9seket.\" \/>\n<meta name=\"robots\" content=\"index, follow, max-snippet:-1, max-image-preview:large, max-video-preview:-1\" \/>\n<link rel=\"canonical\" href=\"https:\/\/insulation.trocellen.com\/hu\/alkalmazasok\/design-belsoepiteszet\/carepad\/\" \/>\n<meta property=\"og:locale\" content=\"hu_HU\" \/>\n<meta property=\"og:type\" content=\"article\" \/>\n<meta property=\"og:title\" content=\"Trocellen Szigetel\u00e9s: Carepad a karcol\u00e1sv\u00e9delem\u00e9rt\" \/>\n<meta property=\"og:description\" content=\"Trocellen Carepad: t\u00f6k\u00e9letes v\u00e9delem karcol\u00e1s \u00e9s \u00fct\u00e9s ellen falakn\u00e1l \u00e9s oszlopokn\u00e1l. Megv\u00e9di az aut\u00f3t, motort, \u00e9s seg\u00edt megel\u0151zni a szem\u00e9lyi s\u00e9r\u00fcl\u00e9seket.\" \/>\n<meta property=\"og:url\" content=\"https:\/\/insulation.trocellen.com\/hu\/alkalmazasok\/design-belsoepiteszet\/carepad\/\" \/>\n<meta property=\"og:site_name\" content=\"Trocellen Insulation\" \/>\n<meta property=\"article:modified_time\" content=\"2023-07-10T08:44:09+00:00\" \/>\n<meta property=\"og:image\" content=\"https:\/\/insulation.trocellen.com\/wp-content\/uploads\/sites\/6\/2023\/05\/carepad-fejlec.jpg\" \/>\n\t<meta property=\"og:image:width\" content=\"1920\" \/>\n\t<meta property=\"og:image:height\" content=\"300\" \/>\n\t<meta property=\"og:image:type\" content=\"image\/jpeg\" \/>\n<meta name=\"twitter:card\" content=\"summary_large_image\" \/>\n<meta name=\"twitter:label1\" content=\"Becs\u00fclt olvas\u00e1si id\u0151\" \/>\n\t<meta name=\"twitter:data1\" content=\"3 perc\" \/>\n<script type=\"application\/ld+json\" class=\"yoast-schema-graph\">{\"@context\":\"https:\/\/schema.org\",\"@graph\":[{\"@type\":\"WebPage\",\"@id\":\"https:\/\/insulation.trocellen.com\/hu\/alkalmazasok\/design-belsoepiteszet\/carepad\/\",\"url\":\"https:\/\/insulation.trocellen.com\/hu\/alkalmazasok\/design-belsoepiteszet\/carepad\/\",\"name\":\"Trocellen Szigetel\u00e9s: Carepad a karcol\u00e1sv\u00e9delem\u00e9rt\",\"isPartOf\":{\"@id\":\"https:\/\/insulation.trocellen.com\/hu\/#website\"},\"primaryImageOfPage\":{\"@id\":\"https:\/\/insulation.trocellen.com\/hu\/alkalmazasok\/design-belsoepiteszet\/carepad\/#primaryimage\"},\"image\":{\"@id\":\"https:\/\/insulation.trocellen.com\/hu\/alkalmazasok\/design-belsoepiteszet\/carepad\/#primaryimage\"},\"thumbnailUrl\":\"https:\/\/insulation.trocellen.com\/wp-content\/uploads\/sites\/6\/2023\/05\/carepad-fejlec.jpg\",\"datePublished\":\"2013-12-12T17:28:18+00:00\",\"dateModified\":\"2023-07-10T08:44:09+00:00\",\"description\":\"Trocellen Carepad: t\u00f6k\u00e9letes v\u00e9delem karcol\u00e1s \u00e9s \u00fct\u00e9s ellen falakn\u00e1l \u00e9s oszlopokn\u00e1l. Megv\u00e9di az aut\u00f3t, motort, \u00e9s seg\u00edt megel\u0151zni a szem\u00e9lyi s\u00e9r\u00fcl\u00e9seket.\",\"breadcrumb\":{\"@id\":\"https:\/\/insulation.trocellen.com\/hu\/alkalmazasok\/design-belsoepiteszet\/carepad\/#breadcrumb\"},\"inLanguage\":\"hu\",\"potentialAction\":[{\"@type\":\"ReadAction\",\"target\":[\"https:\/\/insulation.trocellen.com\/hu\/alkalmazasok\/design-belsoepiteszet\/carepad\/\"]}]},{\"@type\":\"ImageObject\",\"inLanguage\":\"hu\",\"@id\":\"https:\/\/insulation.trocellen.com\/hu\/alkalmazasok\/design-belsoepiteszet\/carepad\/#primaryimage\",\"url\":\"https:\/\/insulation.trocellen.com\/wp-content\/uploads\/sites\/6\/2023\/05\/carepad-fejlec.jpg\",\"contentUrl\":\"https:\/\/insulation.trocellen.com\/wp-content\/uploads\/sites\/6\/2023\/05\/carepad-fejlec.jpg\",\"width\":1920,\"height\":300},{\"@type\":\"BreadcrumbList\",\"@id\":\"https:\/\/insulation.trocellen.com\/hu\/alkalmazasok\/design-belsoepiteszet\/carepad\/#breadcrumb\",\"itemListElement\":[{\"@type\":\"ListItem\",\"position\":1,\"name\":\"Home\",\"item\":\"https:\/\/insulation.trocellen.com\/hu\/\"},{\"@type\":\"ListItem\",\"position\":2,\"name\":\"Alkalmaz\u00e1sok\",\"item\":\"https:\/\/insulation.trocellen.com\/hu\/alkalmazasok\/\"},{\"@type\":\"ListItem\",\"position\":3,\"name\":\"Design &amp; Bels\u0151\u00e9p\u00edt\u00e9szet\",\"item\":\"https:\/\/insulation.trocellen.com\/hu\/alkalmazasok\/design-belsoepiteszet\/\"},{\"@type\":\"ListItem\",\"position\":4,\"name\":\"CarePad\"}]},{\"@type\":\"WebSite\",\"@id\":\"https:\/\/insulation.trocellen.com\/hu\/#website\",\"url\":\"https:\/\/insulation.trocellen.com\/hu\/\",\"name\":\"Trocellen Insulation\",\"description\":\"\",\"potentialAction\":[{\"@type\":\"SearchAction\",\"target\":{\"@type\":\"EntryPoint\",\"urlTemplate\":\"https:\/\/insulation.trocellen.com\/hu\/?s={search_term_string}\"},\"query-input\":{\"@type\":\"PropertyValueSpecification\",\"valueRequired\":true,\"valueName\":\"search_term_string\"}}],\"inLanguage\":\"hu\"}]}<\/script>\n<!-- \/ Yoast SEO plugin. -->","yoast_head_json":{"title":"Trocellen Szigetel\u00e9s: Carepad a karcol\u00e1sv\u00e9delem\u00e9rt","description":"Trocellen Carepad: t\u00f6k\u00e9letes v\u00e9delem karcol\u00e1s \u00e9s \u00fct\u00e9s ellen falakn\u00e1l \u00e9s oszlopokn\u00e1l. Megv\u00e9di az aut\u00f3t, motort, \u00e9s seg\u00edt megel\u0151zni a szem\u00e9lyi s\u00e9r\u00fcl\u00e9seket.","robots":{"index":"index","follow":"follow","max-snippet":"max-snippet:-1","max-image-preview":"max-image-preview:large","max-video-preview":"max-video-preview:-1"},"canonical":"https:\/\/insulation.trocellen.com\/hu\/alkalmazasok\/design-belsoepiteszet\/carepad\/","og_locale":"hu_HU","og_type":"article","og_title":"Trocellen Szigetel\u00e9s: Carepad a karcol\u00e1sv\u00e9delem\u00e9rt","og_description":"Trocellen Carepad: t\u00f6k\u00e9letes v\u00e9delem karcol\u00e1s \u00e9s \u00fct\u00e9s ellen falakn\u00e1l \u00e9s oszlopokn\u00e1l. Megv\u00e9di az aut\u00f3t, motort, \u00e9s seg\u00edt megel\u0151zni a szem\u00e9lyi s\u00e9r\u00fcl\u00e9seket.","og_url":"https:\/\/insulation.trocellen.com\/hu\/alkalmazasok\/design-belsoepiteszet\/carepad\/","og_site_name":"Trocellen Insulation","article_modified_time":"2023-07-10T08:44:09+00:00","og_image":[{"width":1920,"height":300,"url":"https:\/\/insulation.trocellen.com\/wp-content\/uploads\/sites\/6\/2023\/05\/carepad-fejlec.jpg","type":"image\/jpeg"}],"twitter_card":"summary_large_image","twitter_misc":{"Becs\u00fclt olvas\u00e1si id\u0151":"3 perc"},"schema":{"@context":"https:\/\/schema.org","@graph":[{"@type":"WebPage","@id":"https:\/\/insulation.trocellen.com\/hu\/alkalmazasok\/design-belsoepiteszet\/carepad\/","url":"https:\/\/insulation.trocellen.com\/hu\/alkalmazasok\/design-belsoepiteszet\/carepad\/","name":"Trocellen Szigetel\u00e9s: Carepad a karcol\u00e1sv\u00e9delem\u00e9rt","isPartOf":{"@id":"https:\/\/insulation.trocellen.com\/hu\/#website"},"primaryImageOfPage":{"@id":"https:\/\/insulation.trocellen.com\/hu\/alkalmazasok\/design-belsoepiteszet\/carepad\/#primaryimage"},"image":{"@id":"https:\/\/insulation.trocellen.com\/hu\/alkalmazasok\/design-belsoepiteszet\/carepad\/#primaryimage"},"thumbnailUrl":"https:\/\/insulation.trocellen.com\/wp-content\/uploads\/sites\/6\/2023\/05\/carepad-fejlec.jpg","datePublished":"2013-12-12T17:28:18+00:00","dateModified":"2023-07-10T08:44:09+00:00","description":"Trocellen Carepad: t\u00f6k\u00e9letes v\u00e9delem karcol\u00e1s \u00e9s \u00fct\u00e9s ellen falakn\u00e1l \u00e9s oszlopokn\u00e1l. Megv\u00e9di az aut\u00f3t, motort, \u00e9s seg\u00edt megel\u0151zni a szem\u00e9lyi s\u00e9r\u00fcl\u00e9seket.","breadcrumb":{"@id":"https:\/\/insulation.trocellen.com\/hu\/alkalmazasok\/design-belsoepiteszet\/carepad\/#breadcrumb"},"inLanguage":"hu","potentialAction":[{"@type":"ReadAction","target":["https:\/\/insulation.trocellen.com\/hu\/alkalmazasok\/design-belsoepiteszet\/carepad\/"]}]},{"@type":"ImageObject","inLanguage":"hu","@id":"https:\/\/insulation.trocellen.com\/hu\/alkalmazasok\/design-belsoepiteszet\/carepad\/#primaryimage","url":"https:\/\/insulation.trocellen.com\/wp-content\/uploads\/sites\/6\/2023\/05\/carepad-fejlec.jpg","contentUrl":"https:\/\/insulation.trocellen.com\/wp-content\/uploads\/sites\/6\/2023\/05\/carepad-fejlec.jpg","width":1920,"height":300},{"@type":"BreadcrumbList","@id":"https:\/\/insulation.trocellen.com\/hu\/alkalmazasok\/design-belsoepiteszet\/carepad\/#breadcrumb","itemListElement":[{"@type":"ListItem","position":1,"name":"Home","item":"https:\/\/insulation.trocellen.com\/hu\/"},{"@type":"ListItem","position":2,"name":"Alkalmaz\u00e1sok","item":"https:\/\/insulation.trocellen.com\/hu\/alkalmazasok\/"},{"@type":"ListItem","position":3,"name":"Design &amp; Bels\u0151\u00e9p\u00edt\u00e9szet","item":"https:\/\/insulation.trocellen.com\/hu\/alkalmazasok\/design-belsoepiteszet\/"},{"@type":"ListItem","position":4,"name":"CarePad"}]},{"@type":"WebSite","@id":"https:\/\/insulation.trocellen.com\/hu\/#website","url":"https:\/\/insulation.trocellen.com\/hu\/","name":"Trocellen Insulation","description":"","potentialAction":[{"@type":"SearchAction","target":{"@type":"EntryPoint","urlTemplate":"https:\/\/insulation.trocellen.com\/hu\/?s={search_term_string}"},"query-input":{"@type":"PropertyValueSpecification","valueRequired":true,"valueName":"search_term_string"}}],"inLanguage":"hu"}]}},"_links":{"self":[{"href":"https:\/\/insulation.trocellen.com\/hu\/wp-json\/wp\/v2\/pages\/4238","targetHints":{"allow":["GET"]}}],"collection":[{"href":"https:\/\/insulation.trocellen.com\/hu\/wp-json\/wp\/v2\/pages"}],"about":[{"href":"https:\/\/insulation.trocellen.com\/hu\/wp-json\/wp\/v2\/types\/page"}],"author":[{"embeddable":true,"href":"https:\/\/insulation.trocellen.com\/hu\/wp-json\/wp\/v2\/users\/1"}],"replies":[{"embeddable":true,"href":"https:\/\/insulation.trocellen.com\/hu\/wp-json\/wp\/v2\/comments?post=4238"}],"version-history":[{"count":2,"href":"https:\/\/insulation.trocellen.com\/hu\/wp-json\/wp\/v2\/pages\/4238\/revisions"}],"predecessor-version":[{"id":9675,"href":"https:\/\/insulation.trocellen.com\/hu\/wp-json\/wp\/v2\/pages\/4238\/revisions\/9675"}],"up":[{"embeddable":true,"href":"https:\/\/insulation.trocellen.com\/hu\/wp-json\/wp\/v2\/pages\/4136"}],"wp:featuredmedia":[{"embeddable":true,"href":"https:\/\/insulation.trocellen.com\/hu\/wp-json\/wp\/v2\/media\/8882"}],"wp:attachment":[{"href":"https:\/\/insulation.trocellen.com\/hu\/wp-json\/wp\/v2\/media?parent=4238"}],"curies":[{"name":"wp","href":"https:\/\/api.w.org\/{rel}","templated":true}]}}