{"id":4232,"date":"2013-12-12T17:27:37","date_gmt":"2013-12-12T17:27:37","guid":{"rendered":"https:\/\/insulation-new.trocellen.com\/szemelyi-serules-elleni-vedelem\/"},"modified":"2023-07-10T09:02:13","modified_gmt":"2023-07-10T09:02:13","slug":"szemelyi-serules-elleni-vedelem","status":"publish","type":"page","link":"https:\/\/insulation.trocellen.com\/hu\/alkalmazasok\/fal-es-oszlop-karcolasvedelem\/szemelyi-serules-elleni-vedelem\/","title":{"rendered":"Szem\u00e9lyi s\u00e9r\u00fcl\u00e9s elleni v\u00e9delem"},"content":{"rendered":"<p>Az emberi \u00e9let mindenn\u00e9l \u00e9rt\u00e9kesebb. Felel\u0151sek vagyunk csal\u00e1dunk, munkahely\u00fcnk, v\u00e1llalatunk minden tagj\u00e1nak \u00e9s \u00e1ltal\u00e1ban minden szem\u00e9ly testi \u00e9ps\u00e9g\u00e9\u00e9rt k\u00f6rnyezet\u00fcnkben.<br \/>\nAz emberi eg\u00e9szs\u00e9get \u00e9rint\u0151 balesetek \u00e9s s\u00e9r\u00fcl\u00e9sek elker\u00fclhet\u0151k vagy minim\u00e1lisra cs\u00f6kkenthet\u0151k a Trocellen hat\u00e9kony s\u00e9r\u00fcl\u00e9sv\u00e9delmi term\u00e9keivel.<\/p>\n<h2><img loading=\"lazy\" decoding=\"async\" class=\"size-medium wp-image-96 alignright\" src=\"https:\/\/insulation.trocellen.com\/wp-content\/uploads\/sites\/6\/2013\/12\/sarok-kivagas-300x225.jpg\" alt=\"sarok kivagas\" width=\"300\" height=\"225\"><br \/>\nL\u00e9pcs\u0151sz\u0151nyeg<\/h2>\n<ul>\n<li>Balesetek \u00e9s s\u00e9r\u00fcl\u00e9sek elleni v\u00e9delem<\/li>\n<li>Kiemelked\u0151 v\u00e9delem vesz\u00e9lyes \u00e9lekn\u00e9l, sarkok k\u00f6r\u00fcl \u00e9s l\u00e9pcs\u0151k\u00f6n<\/li>\n<li>Puha anyag\u00e1val elnyeli az \u00fct\u00e9seket<\/li>\n<li>\u00d6ntapad\u00f3 szalaggal egyszer\u0171 felhelyez\u00e9s<\/li>\n<\/ul>\n<h2>L\u00e9pcs\u0151sz\u0151nyeg<\/h2>\n<h2>El\u0151ny\u00f6k<\/h2>\n<ul>\n<li>T\u00f6bbfunkci\u00f3s: Felhelyezhet\u0151 oszlopokra, nagy sugar\u00fa \u00edves fel\u00fcletekre vagy sarkokra<\/li>\n<li>\u00dctk\u00f6z\u00e9sek tomp\u00edt\u00e1sa, kiv\u00e1l\u00f3 v\u00e9delem<\/li>\n<li>Egyszer\u0171 felhelyez\u00e9s \u2013 anyaga rugalmas \u00e9s k\u00f6nny\u0171<\/li>\n<li>A helysz\u00edn adotts\u00e1gaihoz igaz\u00edthat\u00f3 megold\u00e1s<\/li>\n<li>Hossz\u00fa \u00e9lettartam<\/li>\n<li>Kiv\u00e1l\u00f3 \u00e1r\/\u00e9rt\u00e9k ar\u00e1ny<\/li>\n<li>Ipari \u00e9s lak\u00f3ingatlanokban is alkalmazhat\u00f3<\/li>\n<\/ul>\n<h2>Jellemz\u0151k<\/h2>\n<ul>\n<li>A bev\u00e1g\u00e1sos kialak\u00edt\u00e1snak k\u00f6sz\u00f6nhet\u0151en rugalmas forma \u00e9s alak<\/li>\n<li>Ellen\u00e1ll a fizikai behat\u00e1soknak<\/li>\n<li>Szagtalan anyag, nincs kip\u00e1rolg\u00e1sa<\/li>\n<li>Nem m\u00e9rgez\u0151, nem tartalmaz CFC-t<\/li>\n<li>Nem pen\u00e9szesedik, antibakteri\u00e1lis<\/li>\n<li>Magas fizikai stabilit\u00e1s \u00e9s ellen\u00e1ll\u00e1s<\/li>\n<li>K\u00f6nny\u0171 tiszt\u00edt\u00e1s<\/li>\n<li>\u00d6ntapad\u00f3 r\u00e9teggel van ell\u00e1tva a k\u00f6nny\u0171 felr\u00f6gz\u00edt\u00e9shez<\/li>\n<li>Kicsomagol\u00e1s ut\u00e1n azonnal felhelyezhet\u0151<\/li>\n<\/ul>\n<h2>M\u0171szaki le\u00edr\u00e1s<\/h2>\n<ul>\n<li>Anyag: k\u00e9miai t\u00e9rh\u00e1l\u00f3s, z\u00e1rt-cell\u00e1s PE hab<\/li>\n<li>S\u0171r\u0171s\u00e9g: 30 kg\/m\u00b3<\/li>\n<li>Vastags\u00e1g: 10 mm<\/li>\n<li>M\u00e9ret: 300 x 390 mm<\/li>\n<li>Sz\u00edn: Alapvet\u0151en s\u00e1rga, de rendelhet\u0151 m\u00e1s sz\u00ednben is (pl. fekete-s\u00e1rga cs\u00edkos f\u00f3li\u00e1val)<\/li>\n<li>Kiszerel\u00e9s: 2 db\/ csomag<\/li>\n<\/ul>\n","protected":false},"excerpt":{"rendered":"<p>Az emberi \u00e9let mindenn\u00e9l \u00e9rt\u00e9kesebb. Felel\u0151sek vagyunk csal\u00e1dunk, munkahely\u00fcnk, v\u00e1llalatunk minden tagj\u00e1nak \u00e9s \u00e1ltal\u00e1ban minden szem\u00e9ly testi \u00e9ps\u00e9g\u00e9\u00e9rt k\u00f6rnyezet\u00fcnkben. Az emberi eg\u00e9szs\u00e9get \u00e9rint\u0151 balesetek \u00e9s s\u00e9r\u00fcl\u00e9sek elker\u00fclhet\u0151k vagy minim\u00e1lisra cs\u00f6kkenthet\u0151k a Trocellen hat\u00e9kony s\u00e9r\u00fcl\u00e9sv\u00e9delmi term\u00e9keivel. L\u00e9pcs\u0151sz\u0151nyeg Balesetek \u00e9s s\u00e9r\u00fcl\u00e9sek elleni v\u00e9delem Kiemelked\u0151 v\u00e9delem vesz\u00e9lyes \u00e9lekn\u00e9l, sarkok k\u00f6r\u00fcl \u00e9s l\u00e9pcs\u0151k\u00f6n Puha anyag\u00e1val elnyeli az \u00fct\u00e9seket \u00d6ntapad\u00f3 [&hellip;]<\/p>\n","protected":false},"author":1,"featured_media":8888,"parent":4130,"menu_order":300,"comment_status":"open","ping_status":"closed","template":"templates\/applications.php","meta":{"_acf_changed":false,"footnotes":""},"class_list":["post-4232","page","type-page","status-publish","has-post-thumbnail","hentry"],"acf":[],"yoast_head":"<!-- This site is optimized with the Yoast SEO plugin v23.5 - https:\/\/yoast.com\/wordpress\/plugins\/seo\/ -->\n<title>A Carepad a fej v\u00e9delm\u00e9re is haszn\u00e1lhat\u00f3<\/title>\n<meta name=\"description\" content=\"A szem\u00e9lyi balesetek \u00e9s s\u00e9r\u00fcl\u00e9sek elker\u00fclhet\u0151k vagy minim\u00e1lisra cs\u00f6kkenthet\u0151k a Trocellen hat\u00e9kony s\u00e9r\u00fcl\u00e9sv\u00e9delmi term\u00e9keivel.\" \/>\n<meta name=\"robots\" content=\"index, follow, max-snippet:-1, max-image-preview:large, max-video-preview:-1\" \/>\n<link rel=\"canonical\" href=\"https:\/\/insulation.trocellen.com\/hu\/alkalmazasok\/fal-es-oszlop-karcolasvedelem\/szemelyi-serules-elleni-vedelem\/\" \/>\n<meta property=\"og:locale\" content=\"hu_HU\" \/>\n<meta property=\"og:type\" content=\"article\" \/>\n<meta property=\"og:title\" content=\"A Carepad a fej v\u00e9delm\u00e9re is haszn\u00e1lhat\u00f3\" \/>\n<meta property=\"og:description\" content=\"A szem\u00e9lyi balesetek \u00e9s s\u00e9r\u00fcl\u00e9sek elker\u00fclhet\u0151k vagy minim\u00e1lisra cs\u00f6kkenthet\u0151k a Trocellen hat\u00e9kony s\u00e9r\u00fcl\u00e9sv\u00e9delmi term\u00e9keivel.\" \/>\n<meta property=\"og:url\" content=\"https:\/\/insulation.trocellen.com\/hu\/alkalmazasok\/fal-es-oszlop-karcolasvedelem\/szemelyi-serules-elleni-vedelem\/\" \/>\n<meta property=\"og:site_name\" content=\"Trocellen Insulation\" \/>\n<meta property=\"article:modified_time\" content=\"2023-07-10T09:02:13+00:00\" \/>\n<meta property=\"og:image\" content=\"https:\/\/insulation.trocellen.com\/wp-content\/uploads\/sites\/6\/2023\/05\/hit-protection.jpg\" \/>\n\t<meta property=\"og:image:width\" content=\"1920\" \/>\n\t<meta property=\"og:image:height\" content=\"300\" \/>\n\t<meta property=\"og:image:type\" content=\"image\/jpeg\" \/>\n<meta name=\"twitter:card\" content=\"summary_large_image\" \/>\n<meta name=\"twitter:label1\" content=\"Becs\u00fclt olvas\u00e1si id\u0151\" \/>\n\t<meta name=\"twitter:data1\" content=\"1 perc\" \/>\n<script type=\"application\/ld+json\" class=\"yoast-schema-graph\">{\"@context\":\"https:\/\/schema.org\",\"@graph\":[{\"@type\":\"WebPage\",\"@id\":\"https:\/\/insulation.trocellen.com\/hu\/alkalmazasok\/fal-es-oszlop-karcolasvedelem\/szemelyi-serules-elleni-vedelem\/\",\"url\":\"https:\/\/insulation.trocellen.com\/hu\/alkalmazasok\/fal-es-oszlop-karcolasvedelem\/szemelyi-serules-elleni-vedelem\/\",\"name\":\"A Carepad a fej v\u00e9delm\u00e9re is haszn\u00e1lhat\u00f3\",\"isPartOf\":{\"@id\":\"https:\/\/insulation.trocellen.com\/hu\/#website\"},\"primaryImageOfPage\":{\"@id\":\"https:\/\/insulation.trocellen.com\/hu\/alkalmazasok\/fal-es-oszlop-karcolasvedelem\/szemelyi-serules-elleni-vedelem\/#primaryimage\"},\"image\":{\"@id\":\"https:\/\/insulation.trocellen.com\/hu\/alkalmazasok\/fal-es-oszlop-karcolasvedelem\/szemelyi-serules-elleni-vedelem\/#primaryimage\"},\"thumbnailUrl\":\"https:\/\/insulation.trocellen.com\/wp-content\/uploads\/sites\/6\/2023\/05\/hit-protection.jpg\",\"datePublished\":\"2013-12-12T17:27:37+00:00\",\"dateModified\":\"2023-07-10T09:02:13+00:00\",\"description\":\"A szem\u00e9lyi balesetek \u00e9s s\u00e9r\u00fcl\u00e9sek elker\u00fclhet\u0151k vagy minim\u00e1lisra cs\u00f6kkenthet\u0151k a Trocellen hat\u00e9kony s\u00e9r\u00fcl\u00e9sv\u00e9delmi term\u00e9keivel.\",\"breadcrumb\":{\"@id\":\"https:\/\/insulation.trocellen.com\/hu\/alkalmazasok\/fal-es-oszlop-karcolasvedelem\/szemelyi-serules-elleni-vedelem\/#breadcrumb\"},\"inLanguage\":\"hu\",\"potentialAction\":[{\"@type\":\"ReadAction\",\"target\":[\"https:\/\/insulation.trocellen.com\/hu\/alkalmazasok\/fal-es-oszlop-karcolasvedelem\/szemelyi-serules-elleni-vedelem\/\"]}]},{\"@type\":\"ImageObject\",\"inLanguage\":\"hu\",\"@id\":\"https:\/\/insulation.trocellen.com\/hu\/alkalmazasok\/fal-es-oszlop-karcolasvedelem\/szemelyi-serules-elleni-vedelem\/#primaryimage\",\"url\":\"https:\/\/insulation.trocellen.com\/wp-content\/uploads\/sites\/6\/2023\/05\/hit-protection.jpg\",\"contentUrl\":\"https:\/\/insulation.trocellen.com\/wp-content\/uploads\/sites\/6\/2023\/05\/hit-protection.jpg\",\"width\":1920,\"height\":300},{\"@type\":\"BreadcrumbList\",\"@id\":\"https:\/\/insulation.trocellen.com\/hu\/alkalmazasok\/fal-es-oszlop-karcolasvedelem\/szemelyi-serules-elleni-vedelem\/#breadcrumb\",\"itemListElement\":[{\"@type\":\"ListItem\",\"position\":1,\"name\":\"Home\",\"item\":\"https:\/\/insulation.trocellen.com\/hu\/\"},{\"@type\":\"ListItem\",\"position\":2,\"name\":\"Alkalmaz\u00e1sok\",\"item\":\"https:\/\/insulation.trocellen.com\/hu\/alkalmazasok\/\"},{\"@type\":\"ListItem\",\"position\":3,\"name\":\"Fal \u00e9s oszlop karcol\u00e1sv\u00e9delem\",\"item\":\"https:\/\/insulation.trocellen.com\/hu\/alkalmazasok\/fal-es-oszlop-karcolasvedelem\/\"},{\"@type\":\"ListItem\",\"position\":4,\"name\":\"Szem\u00e9lyi s\u00e9r\u00fcl\u00e9s elleni v\u00e9delem\"}]},{\"@type\":\"WebSite\",\"@id\":\"https:\/\/insulation.trocellen.com\/hu\/#website\",\"url\":\"https:\/\/insulation.trocellen.com\/hu\/\",\"name\":\"Trocellen Insulation\",\"description\":\"\",\"potentialAction\":[{\"@type\":\"SearchAction\",\"target\":{\"@type\":\"EntryPoint\",\"urlTemplate\":\"https:\/\/insulation.trocellen.com\/hu\/?s={search_term_string}\"},\"query-input\":{\"@type\":\"PropertyValueSpecification\",\"valueRequired\":true,\"valueName\":\"search_term_string\"}}],\"inLanguage\":\"hu\"}]}<\/script>\n<!-- \/ Yoast SEO plugin. -->","yoast_head_json":{"title":"A Carepad a fej v\u00e9delm\u00e9re is haszn\u00e1lhat\u00f3","description":"A szem\u00e9lyi balesetek \u00e9s s\u00e9r\u00fcl\u00e9sek elker\u00fclhet\u0151k vagy minim\u00e1lisra cs\u00f6kkenthet\u0151k a Trocellen hat\u00e9kony s\u00e9r\u00fcl\u00e9sv\u00e9delmi term\u00e9keivel.","robots":{"index":"index","follow":"follow","max-snippet":"max-snippet:-1","max-image-preview":"max-image-preview:large","max-video-preview":"max-video-preview:-1"},"canonical":"https:\/\/insulation.trocellen.com\/hu\/alkalmazasok\/fal-es-oszlop-karcolasvedelem\/szemelyi-serules-elleni-vedelem\/","og_locale":"hu_HU","og_type":"article","og_title":"A Carepad a fej v\u00e9delm\u00e9re is haszn\u00e1lhat\u00f3","og_description":"A szem\u00e9lyi balesetek \u00e9s s\u00e9r\u00fcl\u00e9sek elker\u00fclhet\u0151k vagy minim\u00e1lisra cs\u00f6kkenthet\u0151k a Trocellen hat\u00e9kony s\u00e9r\u00fcl\u00e9sv\u00e9delmi term\u00e9keivel.","og_url":"https:\/\/insulation.trocellen.com\/hu\/alkalmazasok\/fal-es-oszlop-karcolasvedelem\/szemelyi-serules-elleni-vedelem\/","og_site_name":"Trocellen Insulation","article_modified_time":"2023-07-10T09:02:13+00:00","og_image":[{"width":1920,"height":300,"url":"https:\/\/insulation.trocellen.com\/wp-content\/uploads\/sites\/6\/2023\/05\/hit-protection.jpg","type":"image\/jpeg"}],"twitter_card":"summary_large_image","twitter_misc":{"Becs\u00fclt olvas\u00e1si id\u0151":"1 perc"},"schema":{"@context":"https:\/\/schema.org","@graph":[{"@type":"WebPage","@id":"https:\/\/insulation.trocellen.com\/hu\/alkalmazasok\/fal-es-oszlop-karcolasvedelem\/szemelyi-serules-elleni-vedelem\/","url":"https:\/\/insulation.trocellen.com\/hu\/alkalmazasok\/fal-es-oszlop-karcolasvedelem\/szemelyi-serules-elleni-vedelem\/","name":"A Carepad a fej v\u00e9delm\u00e9re is haszn\u00e1lhat\u00f3","isPartOf":{"@id":"https:\/\/insulation.trocellen.com\/hu\/#website"},"primaryImageOfPage":{"@id":"https:\/\/insulation.trocellen.com\/hu\/alkalmazasok\/fal-es-oszlop-karcolasvedelem\/szemelyi-serules-elleni-vedelem\/#primaryimage"},"image":{"@id":"https:\/\/insulation.trocellen.com\/hu\/alkalmazasok\/fal-es-oszlop-karcolasvedelem\/szemelyi-serules-elleni-vedelem\/#primaryimage"},"thumbnailUrl":"https:\/\/insulation.trocellen.com\/wp-content\/uploads\/sites\/6\/2023\/05\/hit-protection.jpg","datePublished":"2013-12-12T17:27:37+00:00","dateModified":"2023-07-10T09:02:13+00:00","description":"A szem\u00e9lyi balesetek \u00e9s s\u00e9r\u00fcl\u00e9sek elker\u00fclhet\u0151k vagy minim\u00e1lisra cs\u00f6kkenthet\u0151k a Trocellen hat\u00e9kony s\u00e9r\u00fcl\u00e9sv\u00e9delmi term\u00e9keivel.","breadcrumb":{"@id":"https:\/\/insulation.trocellen.com\/hu\/alkalmazasok\/fal-es-oszlop-karcolasvedelem\/szemelyi-serules-elleni-vedelem\/#breadcrumb"},"inLanguage":"hu","potentialAction":[{"@type":"ReadAction","target":["https:\/\/insulation.trocellen.com\/hu\/alkalmazasok\/fal-es-oszlop-karcolasvedelem\/szemelyi-serules-elleni-vedelem\/"]}]},{"@type":"ImageObject","inLanguage":"hu","@id":"https:\/\/insulation.trocellen.com\/hu\/alkalmazasok\/fal-es-oszlop-karcolasvedelem\/szemelyi-serules-elleni-vedelem\/#primaryimage","url":"https:\/\/insulation.trocellen.com\/wp-content\/uploads\/sites\/6\/2023\/05\/hit-protection.jpg","contentUrl":"https:\/\/insulation.trocellen.com\/wp-content\/uploads\/sites\/6\/2023\/05\/hit-protection.jpg","width":1920,"height":300},{"@type":"BreadcrumbList","@id":"https:\/\/insulation.trocellen.com\/hu\/alkalmazasok\/fal-es-oszlop-karcolasvedelem\/szemelyi-serules-elleni-vedelem\/#breadcrumb","itemListElement":[{"@type":"ListItem","position":1,"name":"Home","item":"https:\/\/insulation.trocellen.com\/hu\/"},{"@type":"ListItem","position":2,"name":"Alkalmaz\u00e1sok","item":"https:\/\/insulation.trocellen.com\/hu\/alkalmazasok\/"},{"@type":"ListItem","position":3,"name":"Fal \u00e9s oszlop karcol\u00e1sv\u00e9delem","item":"https:\/\/insulation.trocellen.com\/hu\/alkalmazasok\/fal-es-oszlop-karcolasvedelem\/"},{"@type":"ListItem","position":4,"name":"Szem\u00e9lyi s\u00e9r\u00fcl\u00e9s elleni v\u00e9delem"}]},{"@type":"WebSite","@id":"https:\/\/insulation.trocellen.com\/hu\/#website","url":"https:\/\/insulation.trocellen.com\/hu\/","name":"Trocellen Insulation","description":"","potentialAction":[{"@type":"SearchAction","target":{"@type":"EntryPoint","urlTemplate":"https:\/\/insulation.trocellen.com\/hu\/?s={search_term_string}"},"query-input":{"@type":"PropertyValueSpecification","valueRequired":true,"valueName":"search_term_string"}}],"inLanguage":"hu"}]}},"_links":{"self":[{"href":"https:\/\/insulation.trocellen.com\/hu\/wp-json\/wp\/v2\/pages\/4232","targetHints":{"allow":["GET"]}}],"collection":[{"href":"https:\/\/insulation.trocellen.com\/hu\/wp-json\/wp\/v2\/pages"}],"about":[{"href":"https:\/\/insulation.trocellen.com\/hu\/wp-json\/wp\/v2\/types\/page"}],"author":[{"embeddable":true,"href":"https:\/\/insulation.trocellen.com\/hu\/wp-json\/wp\/v2\/users\/1"}],"replies":[{"embeddable":true,"href":"https:\/\/insulation.trocellen.com\/hu\/wp-json\/wp\/v2\/comments?post=4232"}],"version-history":[{"count":3,"href":"https:\/\/insulation.trocellen.com\/hu\/wp-json\/wp\/v2\/pages\/4232\/revisions"}],"predecessor-version":[{"id":9704,"href":"https:\/\/insulation.trocellen.com\/hu\/wp-json\/wp\/v2\/pages\/4232\/revisions\/9704"}],"up":[{"embeddable":true,"href":"https:\/\/insulation.trocellen.com\/hu\/wp-json\/wp\/v2\/pages\/4130"}],"wp:featuredmedia":[{"embeddable":true,"href":"https:\/\/insulation.trocellen.com\/hu\/wp-json\/wp\/v2\/media\/8888"}],"wp:attachment":[{"href":"https:\/\/insulation.trocellen.com\/hu\/wp-json\/wp\/v2\/media?parent=4232"}],"curies":[{"name":"wp","href":"https:\/\/api.w.org\/{rel}","templated":true}]}}