{"id":4226,"date":"2013-12-12T17:27:17","date_gmt":"2013-12-12T17:27:17","guid":{"rendered":"https:\/\/insulation-new.trocellen.com\/carepad-ipari-megoldas-falakhoz-oszlopokhoz-es-elekhez\/"},"modified":"2023-07-10T09:01:44","modified_gmt":"2023-07-10T09:01:44","slug":"carepad-ipari-megoldas-falakhoz-oszlopokhoz-es-elekhez","status":"publish","type":"page","link":"https:\/\/insulation.trocellen.com\/hu\/alkalmazasok\/fal-es-oszlop-karcolasvedelem\/carepad-ipari-megoldas-falakhoz-oszlopokhoz-es-elekhez\/","title":{"rendered":"CarePad, Ipari megold\u00e1s falakhoz, oszlopokhoz \u00e9s \u00e9lekhez"},"content":{"rendered":"\n<p>A CarePad egy tov\u00e1bbfejlesztett v\u00e1ltozata, amelyet k\u00f6nnyen r\u00f6gz\u00edthet\u00fcnk oszlopokra vagy nagy-sugar\u00fa \u00edves fel\u00fcletekre.<br>Mindenki birtokol manaps\u00e1g valamilyen \u00e9rt\u00e9kes t\u00e1rgyat. Egy aut\u00f3, motorbicikli, ker\u00e9kp\u00e1r vagy hasonl\u00f3 \u00e9rt\u00e9kes eszk\u00f6z eset\u00e9n nagy a felel\u0151ss\u00e9g\u00fcnk, hogy ezek \u00e9ps\u00e9g\u00e9t amennyire csak lehet meg\u0151rizz\u00fck.<\/p>\n\n\n\n<p>A legkisebb karcol\u00e1s a f\u00e9nyez\u00e9sen, a legkisebb horpad\u00e1s a j\u00e1rm\u0171 karossz\u00e9ri\u00e1j\u00e1n jelent\u0151sen cs\u00f6kkentheti a t\u00e1rgy piaci \u00e9rt\u00e9k\u00e9t. Emellett magas jav\u00edt\u00e1si k\u00f6lts\u00e9gekkel is sz\u00e1molnunk kell \u00e9s m\u00e9g a biztos\u00edt\u00e1si b\u00f3nusz besorol\u00e1sunkat is elvesz\u00edthetj\u00fck. Teh\u00e1t van okunk gondosan v\u00e9deni t\u00e1rgyainkat \u00e9s \u0151rizni \u00e9ps\u00e9g\u00fcket.<\/p>\n\n\n\n<p>Ha a gar\u00e1zsban \u00fctk\u00f6zn\u00e9nk a fallal az \u00e9p\u00fclet falazat\u00e1ban is k\u00e1rt tehet\u00fcnk, amit szint\u00e9n jobb elker\u00fclni.<\/p>\n\n\n\n<p>Nem utols\u00f3sorban el kell ker\u00fcln\u00fcnk az emberi \u00e9letre is vesz\u00e9lyes helyzeteket \u00e9s a s\u00e9r\u00fcl\u00e9seket a megfelel\u0151 v\u00e9d\u0151felszerel\u00e9sek alkalmaz\u00e1s\u00e1val.<\/p>\n\n\n\n<h2 class=\"wp-block-heading\">CarePad<\/h2>\n\n\n\n<ul class=\"wp-block-list\">\n<li>A testi \u00e9ps\u00e9g v\u00e9delme balesetek \u00e9s s\u00e9r\u00fcl\u00e9sek ellen<\/li>\n\n\n\n<li>Magas szint\u0171 v\u00e9delem \u00e9les kisz\u00f6gell\u00e9sekn\u00e9l, sarkokn\u00e1l \u00e9s l\u00e9pcs\u0151kn\u00e9l<\/li>\n\n\n\n<li>\u00dctk\u00f6z\u00e9sg\u00e1tl\u00e1s rugalmas \u00e9s puha anyagok felhaszn\u00e1l\u00e1s\u00e1val<\/li>\n\n\n\n<li>\u00d6ntapad\u00f3 r\u00e9teg seg\u00edti a felhelyez\u00e9s\u00e9t \u00e9s r\u00f6gz\u00edt\u00e9s\u00e9t<\/li>\n<\/ul>\n\n\n\n<div class=\"wp-block-columns is-layout-flex wp-container-core-columns-is-layout-9d6595d7 wp-block-columns-is-layout-flex\">\n<div class=\"wp-block-column is-layout-flow wp-block-column-is-layout-flow\">\n<figure class=\"wp-block-image\"><img decoding=\"async\" src=\"https:\/\/insulation.trocellen.com\/wp-content\/uploads\/sites\/6\/2013\/12\/sarok-kivagas-300x225.jpg\" alt=\"sarok kivagas\" class=\"wp-image-96\"\/><\/figure>\n<\/div>\n\n\n\n<div class=\"wp-block-column is-layout-flow wp-block-column-is-layout-flow\">\n<figure class=\"wp-block-image\"><img decoding=\"async\" src=\"https:\/\/insulation.trocellen.com\/wp-content\/uploads\/sites\/6\/2013\/12\/FCS9354-300x199.jpg\" alt=\"_FCS9354\" class=\"wp-image-185\"\/><\/figure>\n<\/div>\n\n\n\n<div class=\"wp-block-column is-layout-flow wp-block-column-is-layout-flow\">\n<figure class=\"wp-block-image\"><img decoding=\"async\" src=\"https:\/\/insulation.trocellen.com\/wp-content\/uploads\/sites\/6\/2013\/12\/P1040772-copy_2-300x225.jpg\" alt=\"P1040772 copy_2\" class=\"wp-image-186\"\/><\/figure>\n<\/div>\n<\/div>\n\n\n\n<h3 class=\"wp-block-heading\">El\u0151ny\u00f6k<\/h3>\n\n\n\n<ul class=\"wp-block-list\">\n<li>T\u00f6bb alkalmaz\u00e1si ter\u00fclet: oszlopok, nagy sugar\u00fa \u00edves fel\u00fcletek vagy sarkok<\/li>\n\n\n\n<li>\u00dctk\u00f6z\u00e9sek tomp\u00edt\u00e1sa, kiv\u00e1l\u00f3 v\u00e9delem<\/li>\n\n\n\n<li>Egyszer\u0171 alkalmaz\u00e1s \u2013 anyaga rugalmas \u00e9s k\u00f6nny\u0171<\/li>\n\n\n\n<li>A helysz\u00edn adotts\u00e1gaihoz igaz\u00edthat\u00f3 megold\u00e1s<\/li>\n\n\n\n<li>Kiv\u00e1l\u00f3 \u00e1r\/\u00e9rt\u00e9k ar\u00e1ny<\/li>\n\n\n\n<li>Ipari \u00e9s lak\u00f3ingatlanokban is alkalmazhat\u00f3<\/li>\n<\/ul>\n\n\n\n<h3 class=\"wp-block-heading\">Jellemz\u0151k<\/h3>\n\n\n\n<ul class=\"wp-block-list\">\n<li>A bev\u00e1g\u00e1sos kialak\u00edt\u00e1snak k\u00f6sz\u00f6nhet\u0151en rugalmas forma \u00e9s alak<\/li>\n\n\n\n<li>Ellen\u00e1ll a fizikai behat\u00e1soknak<\/li>\n\n\n\n<li>Szagtalan anyag, nincs kip\u00e1rolg\u00e1sa<\/li>\n\n\n\n<li>Nem m\u00e9rgez\u0151, nem tartalmaz CFC-t<\/li>\n\n\n\n<li>Nem pen\u00e9szesedik, antibakteri\u00e1lis<\/li>\n\n\n\n<li>Magas fizikai stabilit\u00e1s \u00e9s ellen\u00e1ll\u00e1s<\/li>\n\n\n\n<li>K\u00f6nny\u0171 tiszt\u00edt\u00e1s<\/li>\n\n\n\n<li>\u00d6ntapad\u00f3 r\u00e9teggel van ell\u00e1tva a k\u00f6nny\u0171 felr\u00f6gz\u00edt\u00e9shez<\/li>\n\n\n\n<li>Kicsomagol\u00e1s ut\u00e1n azonnal felhelyezhet\u0151<\/li>\n<\/ul>\n\n\n\n<h3 class=\"wp-block-heading\">M\u0171szaki le\u00edr\u00e1s<\/h3>\n\n\n\n<ul class=\"wp-block-list\">\n<li>Anyag: k\u00e9miai t\u00e9rh\u00e1l\u00f3s, z\u00e1rt-cell\u00e1s PE hab<\/li>\n\n\n\n<li>Vastags\u00e1g: 10 mm<\/li>\n\n\n\n<li>M\u00e9ret: 300 x 390 mm<\/li>\n\n\n\n<li>Sz\u00edn: Alapvet\u0151en s\u00e1rga, de rendelhet\u0151 m\u00e1s sz\u00ednben is (pl. fekete-s\u00e1rga cs\u00edkos f\u00f3li\u00e1val)<\/li>\n\n\n\n<li>Kiszerel\u00e9s: 2 db\/ csomag<\/li>\n<\/ul>\n","protected":false},"excerpt":{"rendered":"<p>A CarePad egy tov\u00e1bbfejlesztett v\u00e1ltozata, amelyet k\u00f6nnyen r\u00f6gz\u00edthet\u00fcnk oszlopokra vagy nagy-sugar\u00fa \u00edves fel\u00fcletekre.Mindenki birtokol manaps\u00e1g valamilyen \u00e9rt\u00e9kes t\u00e1rgyat. Egy aut\u00f3, motorbicikli, ker\u00e9kp\u00e1r vagy hasonl\u00f3 \u00e9rt\u00e9kes eszk\u00f6z eset\u00e9n nagy a felel\u0151ss\u00e9g\u00fcnk, hogy ezek \u00e9ps\u00e9g\u00e9t amennyire csak lehet meg\u0151rizz\u00fck. A legkisebb karcol\u00e1s a f\u00e9nyez\u00e9sen, a legkisebb horpad\u00e1s a j\u00e1rm\u0171 karossz\u00e9ri\u00e1j\u00e1n jelent\u0151sen cs\u00f6kkentheti a t\u00e1rgy piaci \u00e9rt\u00e9k\u00e9t. Emellett [&hellip;]<\/p>\n","protected":false},"author":1,"featured_media":8882,"parent":4130,"menu_order":200,"comment_status":"open","ping_status":"closed","template":"templates\/applications.php","meta":{"_acf_changed":false,"footnotes":""},"class_list":["post-4226","page","type-page","status-publish","has-post-thumbnail","hentry"],"acf":[],"yoast_head":"<!-- This site is optimized with the Yoast SEO plugin v23.5 - https:\/\/yoast.com\/wordpress\/plugins\/seo\/ -->\n<title>A Carepad ipari v\u00e1ltozata falakhoz, oszlopokhoz \u00e9s \u00e9lekhez<\/title>\n<meta name=\"description\" content=\"A CarePad rugalmas, tov\u00e1bbfejlesztett v\u00e1ltozata, amely k\u00f6nnyen r\u00f6gz\u00edthet\u0151 oszlopokra vagy nagy sugar\u00fa, \u00edves fel\u00fcletekre.\" \/>\n<meta name=\"robots\" content=\"index, follow, max-snippet:-1, max-image-preview:large, max-video-preview:-1\" \/>\n<link rel=\"canonical\" href=\"https:\/\/insulation.trocellen.com\/hu\/alkalmazasok\/fal-es-oszlop-karcolasvedelem\/carepad-ipari-megoldas-falakhoz-oszlopokhoz-es-elekhez\/\" \/>\n<meta property=\"og:locale\" content=\"hu_HU\" \/>\n<meta property=\"og:type\" content=\"article\" \/>\n<meta property=\"og:title\" content=\"A Carepad ipari v\u00e1ltozata falakhoz, oszlopokhoz \u00e9s \u00e9lekhez\" \/>\n<meta property=\"og:description\" content=\"A CarePad rugalmas, tov\u00e1bbfejlesztett v\u00e1ltozata, amely k\u00f6nnyen r\u00f6gz\u00edthet\u0151 oszlopokra vagy nagy sugar\u00fa, \u00edves fel\u00fcletekre.\" \/>\n<meta property=\"og:url\" content=\"https:\/\/insulation.trocellen.com\/hu\/alkalmazasok\/fal-es-oszlop-karcolasvedelem\/carepad-ipari-megoldas-falakhoz-oszlopokhoz-es-elekhez\/\" \/>\n<meta property=\"og:site_name\" content=\"Trocellen Insulation\" \/>\n<meta property=\"article:modified_time\" content=\"2023-07-10T09:01:44+00:00\" \/>\n<meta property=\"og:image\" content=\"https:\/\/insulation.trocellen.com\/wp-content\/uploads\/sites\/6\/2023\/05\/carepad-fejlec.jpg\" \/>\n\t<meta property=\"og:image:width\" content=\"1920\" \/>\n\t<meta property=\"og:image:height\" content=\"300\" \/>\n\t<meta property=\"og:image:type\" content=\"image\/jpeg\" \/>\n<meta name=\"twitter:card\" content=\"summary_large_image\" \/>\n<meta name=\"twitter:label1\" content=\"Becs\u00fclt olvas\u00e1si id\u0151\" \/>\n\t<meta name=\"twitter:data1\" content=\"2 perc\" \/>\n<script type=\"application\/ld+json\" class=\"yoast-schema-graph\">{\"@context\":\"https:\/\/schema.org\",\"@graph\":[{\"@type\":\"WebPage\",\"@id\":\"https:\/\/insulation.trocellen.com\/hu\/alkalmazasok\/fal-es-oszlop-karcolasvedelem\/carepad-ipari-megoldas-falakhoz-oszlopokhoz-es-elekhez\/\",\"url\":\"https:\/\/insulation.trocellen.com\/hu\/alkalmazasok\/fal-es-oszlop-karcolasvedelem\/carepad-ipari-megoldas-falakhoz-oszlopokhoz-es-elekhez\/\",\"name\":\"A Carepad ipari v\u00e1ltozata falakhoz, oszlopokhoz \u00e9s \u00e9lekhez\",\"isPartOf\":{\"@id\":\"https:\/\/insulation.trocellen.com\/hu\/#website\"},\"primaryImageOfPage\":{\"@id\":\"https:\/\/insulation.trocellen.com\/hu\/alkalmazasok\/fal-es-oszlop-karcolasvedelem\/carepad-ipari-megoldas-falakhoz-oszlopokhoz-es-elekhez\/#primaryimage\"},\"image\":{\"@id\":\"https:\/\/insulation.trocellen.com\/hu\/alkalmazasok\/fal-es-oszlop-karcolasvedelem\/carepad-ipari-megoldas-falakhoz-oszlopokhoz-es-elekhez\/#primaryimage\"},\"thumbnailUrl\":\"https:\/\/insulation.trocellen.com\/wp-content\/uploads\/sites\/6\/2023\/05\/carepad-fejlec.jpg\",\"datePublished\":\"2013-12-12T17:27:17+00:00\",\"dateModified\":\"2023-07-10T09:01:44+00:00\",\"description\":\"A CarePad rugalmas, tov\u00e1bbfejlesztett v\u00e1ltozata, amely k\u00f6nnyen r\u00f6gz\u00edthet\u0151 oszlopokra vagy nagy sugar\u00fa, \u00edves fel\u00fcletekre.\",\"breadcrumb\":{\"@id\":\"https:\/\/insulation.trocellen.com\/hu\/alkalmazasok\/fal-es-oszlop-karcolasvedelem\/carepad-ipari-megoldas-falakhoz-oszlopokhoz-es-elekhez\/#breadcrumb\"},\"inLanguage\":\"hu\",\"potentialAction\":[{\"@type\":\"ReadAction\",\"target\":[\"https:\/\/insulation.trocellen.com\/hu\/alkalmazasok\/fal-es-oszlop-karcolasvedelem\/carepad-ipari-megoldas-falakhoz-oszlopokhoz-es-elekhez\/\"]}]},{\"@type\":\"ImageObject\",\"inLanguage\":\"hu\",\"@id\":\"https:\/\/insulation.trocellen.com\/hu\/alkalmazasok\/fal-es-oszlop-karcolasvedelem\/carepad-ipari-megoldas-falakhoz-oszlopokhoz-es-elekhez\/#primaryimage\",\"url\":\"https:\/\/insulation.trocellen.com\/wp-content\/uploads\/sites\/6\/2023\/05\/carepad-fejlec.jpg\",\"contentUrl\":\"https:\/\/insulation.trocellen.com\/wp-content\/uploads\/sites\/6\/2023\/05\/carepad-fejlec.jpg\",\"width\":1920,\"height\":300},{\"@type\":\"BreadcrumbList\",\"@id\":\"https:\/\/insulation.trocellen.com\/hu\/alkalmazasok\/fal-es-oszlop-karcolasvedelem\/carepad-ipari-megoldas-falakhoz-oszlopokhoz-es-elekhez\/#breadcrumb\",\"itemListElement\":[{\"@type\":\"ListItem\",\"position\":1,\"name\":\"Home\",\"item\":\"https:\/\/insulation.trocellen.com\/hu\/\"},{\"@type\":\"ListItem\",\"position\":2,\"name\":\"Alkalmaz\u00e1sok\",\"item\":\"https:\/\/insulation.trocellen.com\/hu\/alkalmazasok\/\"},{\"@type\":\"ListItem\",\"position\":3,\"name\":\"Fal \u00e9s oszlop karcol\u00e1sv\u00e9delem\",\"item\":\"https:\/\/insulation.trocellen.com\/hu\/alkalmazasok\/fal-es-oszlop-karcolasvedelem\/\"},{\"@type\":\"ListItem\",\"position\":4,\"name\":\"CarePad, Ipari megold\u00e1s falakhoz, oszlopokhoz \u00e9s \u00e9lekhez\"}]},{\"@type\":\"WebSite\",\"@id\":\"https:\/\/insulation.trocellen.com\/hu\/#website\",\"url\":\"https:\/\/insulation.trocellen.com\/hu\/\",\"name\":\"Trocellen Insulation\",\"description\":\"\",\"potentialAction\":[{\"@type\":\"SearchAction\",\"target\":{\"@type\":\"EntryPoint\",\"urlTemplate\":\"https:\/\/insulation.trocellen.com\/hu\/?s={search_term_string}\"},\"query-input\":{\"@type\":\"PropertyValueSpecification\",\"valueRequired\":true,\"valueName\":\"search_term_string\"}}],\"inLanguage\":\"hu\"}]}<\/script>\n<!-- \/ Yoast SEO plugin. -->","yoast_head_json":{"title":"A Carepad ipari v\u00e1ltozata falakhoz, oszlopokhoz \u00e9s \u00e9lekhez","description":"A CarePad rugalmas, tov\u00e1bbfejlesztett v\u00e1ltozata, amely k\u00f6nnyen r\u00f6gz\u00edthet\u0151 oszlopokra vagy nagy sugar\u00fa, \u00edves fel\u00fcletekre.","robots":{"index":"index","follow":"follow","max-snippet":"max-snippet:-1","max-image-preview":"max-image-preview:large","max-video-preview":"max-video-preview:-1"},"canonical":"https:\/\/insulation.trocellen.com\/hu\/alkalmazasok\/fal-es-oszlop-karcolasvedelem\/carepad-ipari-megoldas-falakhoz-oszlopokhoz-es-elekhez\/","og_locale":"hu_HU","og_type":"article","og_title":"A Carepad ipari v\u00e1ltozata falakhoz, oszlopokhoz \u00e9s \u00e9lekhez","og_description":"A CarePad rugalmas, tov\u00e1bbfejlesztett v\u00e1ltozata, amely k\u00f6nnyen r\u00f6gz\u00edthet\u0151 oszlopokra vagy nagy sugar\u00fa, \u00edves fel\u00fcletekre.","og_url":"https:\/\/insulation.trocellen.com\/hu\/alkalmazasok\/fal-es-oszlop-karcolasvedelem\/carepad-ipari-megoldas-falakhoz-oszlopokhoz-es-elekhez\/","og_site_name":"Trocellen Insulation","article_modified_time":"2023-07-10T09:01:44+00:00","og_image":[{"width":1920,"height":300,"url":"https:\/\/insulation.trocellen.com\/wp-content\/uploads\/sites\/6\/2023\/05\/carepad-fejlec.jpg","type":"image\/jpeg"}],"twitter_card":"summary_large_image","twitter_misc":{"Becs\u00fclt olvas\u00e1si id\u0151":"2 perc"},"schema":{"@context":"https:\/\/schema.org","@graph":[{"@type":"WebPage","@id":"https:\/\/insulation.trocellen.com\/hu\/alkalmazasok\/fal-es-oszlop-karcolasvedelem\/carepad-ipari-megoldas-falakhoz-oszlopokhoz-es-elekhez\/","url":"https:\/\/insulation.trocellen.com\/hu\/alkalmazasok\/fal-es-oszlop-karcolasvedelem\/carepad-ipari-megoldas-falakhoz-oszlopokhoz-es-elekhez\/","name":"A Carepad ipari v\u00e1ltozata falakhoz, oszlopokhoz \u00e9s \u00e9lekhez","isPartOf":{"@id":"https:\/\/insulation.trocellen.com\/hu\/#website"},"primaryImageOfPage":{"@id":"https:\/\/insulation.trocellen.com\/hu\/alkalmazasok\/fal-es-oszlop-karcolasvedelem\/carepad-ipari-megoldas-falakhoz-oszlopokhoz-es-elekhez\/#primaryimage"},"image":{"@id":"https:\/\/insulation.trocellen.com\/hu\/alkalmazasok\/fal-es-oszlop-karcolasvedelem\/carepad-ipari-megoldas-falakhoz-oszlopokhoz-es-elekhez\/#primaryimage"},"thumbnailUrl":"https:\/\/insulation.trocellen.com\/wp-content\/uploads\/sites\/6\/2023\/05\/carepad-fejlec.jpg","datePublished":"2013-12-12T17:27:17+00:00","dateModified":"2023-07-10T09:01:44+00:00","description":"A CarePad rugalmas, tov\u00e1bbfejlesztett v\u00e1ltozata, amely k\u00f6nnyen r\u00f6gz\u00edthet\u0151 oszlopokra vagy nagy sugar\u00fa, \u00edves fel\u00fcletekre.","breadcrumb":{"@id":"https:\/\/insulation.trocellen.com\/hu\/alkalmazasok\/fal-es-oszlop-karcolasvedelem\/carepad-ipari-megoldas-falakhoz-oszlopokhoz-es-elekhez\/#breadcrumb"},"inLanguage":"hu","potentialAction":[{"@type":"ReadAction","target":["https:\/\/insulation.trocellen.com\/hu\/alkalmazasok\/fal-es-oszlop-karcolasvedelem\/carepad-ipari-megoldas-falakhoz-oszlopokhoz-es-elekhez\/"]}]},{"@type":"ImageObject","inLanguage":"hu","@id":"https:\/\/insulation.trocellen.com\/hu\/alkalmazasok\/fal-es-oszlop-karcolasvedelem\/carepad-ipari-megoldas-falakhoz-oszlopokhoz-es-elekhez\/#primaryimage","url":"https:\/\/insulation.trocellen.com\/wp-content\/uploads\/sites\/6\/2023\/05\/carepad-fejlec.jpg","contentUrl":"https:\/\/insulation.trocellen.com\/wp-content\/uploads\/sites\/6\/2023\/05\/carepad-fejlec.jpg","width":1920,"height":300},{"@type":"BreadcrumbList","@id":"https:\/\/insulation.trocellen.com\/hu\/alkalmazasok\/fal-es-oszlop-karcolasvedelem\/carepad-ipari-megoldas-falakhoz-oszlopokhoz-es-elekhez\/#breadcrumb","itemListElement":[{"@type":"ListItem","position":1,"name":"Home","item":"https:\/\/insulation.trocellen.com\/hu\/"},{"@type":"ListItem","position":2,"name":"Alkalmaz\u00e1sok","item":"https:\/\/insulation.trocellen.com\/hu\/alkalmazasok\/"},{"@type":"ListItem","position":3,"name":"Fal \u00e9s oszlop karcol\u00e1sv\u00e9delem","item":"https:\/\/insulation.trocellen.com\/hu\/alkalmazasok\/fal-es-oszlop-karcolasvedelem\/"},{"@type":"ListItem","position":4,"name":"CarePad, Ipari megold\u00e1s falakhoz, oszlopokhoz \u00e9s \u00e9lekhez"}]},{"@type":"WebSite","@id":"https:\/\/insulation.trocellen.com\/hu\/#website","url":"https:\/\/insulation.trocellen.com\/hu\/","name":"Trocellen Insulation","description":"","potentialAction":[{"@type":"SearchAction","target":{"@type":"EntryPoint","urlTemplate":"https:\/\/insulation.trocellen.com\/hu\/?s={search_term_string}"},"query-input":{"@type":"PropertyValueSpecification","valueRequired":true,"valueName":"search_term_string"}}],"inLanguage":"hu"}]}},"_links":{"self":[{"href":"https:\/\/insulation.trocellen.com\/hu\/wp-json\/wp\/v2\/pages\/4226","targetHints":{"allow":["GET"]}}],"collection":[{"href":"https:\/\/insulation.trocellen.com\/hu\/wp-json\/wp\/v2\/pages"}],"about":[{"href":"https:\/\/insulation.trocellen.com\/hu\/wp-json\/wp\/v2\/types\/page"}],"author":[{"embeddable":true,"href":"https:\/\/insulation.trocellen.com\/hu\/wp-json\/wp\/v2\/users\/1"}],"replies":[{"embeddable":true,"href":"https:\/\/insulation.trocellen.com\/hu\/wp-json\/wp\/v2\/comments?post=4226"}],"version-history":[{"count":2,"href":"https:\/\/insulation.trocellen.com\/hu\/wp-json\/wp\/v2\/pages\/4226\/revisions"}],"predecessor-version":[{"id":9703,"href":"https:\/\/insulation.trocellen.com\/hu\/wp-json\/wp\/v2\/pages\/4226\/revisions\/9703"}],"up":[{"embeddable":true,"href":"https:\/\/insulation.trocellen.com\/hu\/wp-json\/wp\/v2\/pages\/4130"}],"wp:featuredmedia":[{"embeddable":true,"href":"https:\/\/insulation.trocellen.com\/hu\/wp-json\/wp\/v2\/media\/8882"}],"wp:attachment":[{"href":"https:\/\/insulation.trocellen.com\/hu\/wp-json\/wp\/v2\/media?parent=4226"}],"curies":[{"name":"wp","href":"https:\/\/api.w.org\/{rel}","templated":true}]}}