{"id":4214,"date":"2013-12-12T17:26:32","date_gmt":"2013-12-12T17:26:32","guid":{"rendered":"https:\/\/insulation-new.trocellen.com\/airsilent\/"},"modified":"2023-07-10T08:53:16","modified_gmt":"2023-07-10T08:53:16","slug":"airsilent","status":"publish","type":"page","link":"https:\/\/insulation.trocellen.com\/hu\/alkalmazasok\/hangszigeteles-ejtocsovekhez\/airsilent\/","title":{"rendered":"Airsilent"},"content":{"rendered":"<p>Sz\u00e1mtalan zajforr\u00e1s van jelen otthonainkban csak\u00fagy, mint \u00e9let\u00fcnk egy\u00e9b ter\u00fcletein. A Trocellen folyamatosan fejleszti hab-alap\u00fa megold\u00e1sait, hogy a legjobb h\u0151- \u00e9s hangszigetel\u00e9st \u00e9rje el az \u00d6n k\u00e9nyelme \u00e9rdek\u00e9ben.<\/p>\n<h2>A term\u00e9k<\/h2>\n<p>Rugalmas, ny\u00edltcell\u00e1s, poli\u00e9szter-alap\u00fa PU hab. Az Airsilent term\u00e9sk\u0151-burkolat vagy piramis form\u00e1ra is v\u00e1ghat\u00f3, ez\u00e1ltal k\u00fclt\u00e9ri felhaszn\u00e1l\u00e1sra is eszt\u00e9tikus.<\/p>\n<h3>Fizikai-h\u0151tani jellemz\u0151k<\/h3>\n<p><a href=\"https:\/\/insulation.trocellen.com\/wp-content\/uploads\/sites\/6\/2013\/12\/Airsilent_gamma-completa_small.jpg\" rel=\"attachment wp-att-978\"><img loading=\"lazy\" decoding=\"async\" class=\"size-full wp-image-978 alignright\" src=\"https:\/\/insulation.trocellen.com\/wp-content\/uploads\/sites\/6\/2013\/12\/Airsilent_gamma-completa_small.jpg\" alt=\"Airsilent_gamma-completa_small\" width=\"150\" height=\"100\"><\/a><\/p>\n<ul>\n<li>S\u0171r\u0171s\u00e9g: 25-30 kg\/m\u00b3<\/li>\n<li>Sz\u00edn: Antracit<\/li>\n<li>Egyenletes cellaszerkezet<\/li>\n<li>Cs\u00f6kkenti a l\u00e9g\u00e1raml\u00e1st, ez\u00e1ltal javul a zajelnyel\u00e9s<\/li>\n<li>Megn\u00f6vekedett hiszter\u00e9zis \u00e9s cs\u00f6kkentett rugalmass\u00e1g a nagyobb zajelnyel\u00e9s \u00e9rdek\u00e9ben<\/li>\n<li>Ellen\u00e1ll az szerves old\u00f3szereknek<\/li>\n<li>Ellen\u00e1ll a ny\u00fajt\u00e1snak \u00e9s t\u00e9p\u00e9snek<\/li>\n<li>Kop\u00e1s\u00e1ll\u00f3<\/li>\n<li>Ellen\u00e1ll a h\u0151ingadoz\u00e1snak -20\u00b0C \u00e9s +120\u00b0C k\u00f6z\u00f6tt<\/li>\n<\/ul>\n<h3>Term\u00e9ksk\u00e1la<\/h3>\n<h4>S\u00edk Airsilent:<\/h4>\n<ul>\n<li>K t\u00edpus: antracit sz\u00edn<\/li>\n<li>KP t\u00edpus: egyik oldal\u00e1n fekete, dombornyomott PO filmr\u00e9teggel<\/li>\n<li>AL t\u00edpus: egyik oldal\u00e1n alu-filmr\u00e9teggel dombornyomott<\/li>\n<li>K-ALU t\u00edpus: egyik oldal\u00e1n perfor\u00e1lt aluminium bevonattal<\/li>\n<li>K\u00fcl\u00f6nf\u00e9le vastags\u00e1gban \u00e9s tekercshossz\u00fas\u00e1gban kaphat\u00f3<\/li>\n<li>A fekete vagy alu filmbor\u00edt\u00e1s c\u00e9lja a hab v\u00e9delme, hogy ellen\u00e1ll\u00f3v\u00e1 v\u00e1ljon a porral \u00e9s nedvess\u00e9ggel szemben, ezzel is meghosszabb\u00edtva az \u00e9lettartam\u00e1t<\/li>\n<\/ul>\n<p><img loading=\"lazy\" decoding=\"async\" class=\"size-thumbnail wp-image-144 alignright\" src=\"https:\/\/insulation.trocellen.com\/wp-content\/uploads\/sites\/6\/2013\/12\/airsilent2-150x150.jpg\" alt=\"airsilent2\" width=\"150\" height=\"150\"><\/p>\n<h4>Toj\u00e1start\u00f3-alak\u00fa Airsilent:<\/h4>\n<ul>\n<li>K t\u00edpus: antracit sz\u00edn<\/li>\n<li>K\u00fcl\u00f6nf\u00e9le vastags\u00e1gban \u00e9s tekercshossz\u00fas\u00e1gban kaphat\u00f3<\/li>\n<li>A 40 mm vastags\u00e1g\u00fa 1m x 2m-es lapokban kaphat\u00f3<\/li>\n<\/ul>\n","protected":false},"excerpt":{"rendered":"<p>Sz\u00e1mtalan zajforr\u00e1s van jelen otthonainkban csak\u00fagy, mint \u00e9let\u00fcnk egy\u00e9b ter\u00fcletein. A Trocellen folyamatosan fejleszti hab-alap\u00fa megold\u00e1sait, hogy a legjobb h\u0151- \u00e9s hangszigetel\u00e9st \u00e9rje el az \u00d6n k\u00e9nyelme \u00e9rdek\u00e9ben. A term\u00e9k Rugalmas, ny\u00edltcell\u00e1s, poli\u00e9szter-alap\u00fa PU hab. Az Airsilent term\u00e9sk\u0151-burkolat vagy piramis form\u00e1ra is v\u00e1ghat\u00f3, ez\u00e1ltal k\u00fclt\u00e9ri felhaszn\u00e1l\u00e1sra is eszt\u00e9tikus. Fizikai-h\u0151tani jellemz\u0151k S\u0171r\u0171s\u00e9g: 25-30 kg\/m\u00b3 Sz\u00edn: Antracit [&hellip;]<\/p>\n","protected":false},"author":1,"featured_media":8849,"parent":4124,"menu_order":400,"comment_status":"open","ping_status":"closed","template":"templates\/applications.php","meta":{"_acf_changed":false,"footnotes":""},"class_list":["post-4214","page","type-page","status-publish","has-post-thumbnail","hentry"],"acf":[],"yoast_head":"<!-- This site is optimized with the Yoast SEO plugin v23.5 - https:\/\/yoast.com\/wordpress\/plugins\/seo\/ -->\n<title>A Trocellen Airsilent professzion\u00e1lis hangszigetel\u0151 megold\u00e1s<\/title>\n<meta name=\"description\" content=\"Az Airsilent hangszigetel\u00e9sre haszn\u00e1lt rugalmas, ny\u00edltcell\u00e1s, poli\u00e9szter-alap\u00fa PU-hab. Eszt\u00e9tikus piramis form\u00e1ra is v\u00e1ghat\u00f3.\" \/>\n<meta name=\"robots\" content=\"index, follow, max-snippet:-1, max-image-preview:large, max-video-preview:-1\" \/>\n<link rel=\"canonical\" href=\"https:\/\/insulation.trocellen.com\/hu\/alkalmazasok\/hangszigeteles-ejtocsovekhez\/airsilent\/\" \/>\n<meta property=\"og:locale\" content=\"hu_HU\" \/>\n<meta property=\"og:type\" content=\"article\" \/>\n<meta property=\"og:title\" content=\"A Trocellen Airsilent professzion\u00e1lis hangszigetel\u0151 megold\u00e1s\" \/>\n<meta property=\"og:description\" content=\"Az Airsilent hangszigetel\u00e9sre haszn\u00e1lt rugalmas, ny\u00edltcell\u00e1s, poli\u00e9szter-alap\u00fa PU-hab. Eszt\u00e9tikus piramis form\u00e1ra is v\u00e1ghat\u00f3.\" \/>\n<meta property=\"og:url\" content=\"https:\/\/insulation.trocellen.com\/hu\/alkalmazasok\/hangszigeteles-ejtocsovekhez\/airsilent\/\" \/>\n<meta property=\"og:site_name\" content=\"Trocellen Insulation\" \/>\n<meta property=\"article:modified_time\" content=\"2023-07-10T08:53:16+00:00\" \/>\n<meta property=\"og:image\" content=\"https:\/\/insulation.trocellen.com\/wp-content\/uploads\/sites\/6\/2023\/05\/drain-pipe-fejlec.jpg\" \/>\n\t<meta property=\"og:image:width\" content=\"1920\" \/>\n\t<meta property=\"og:image:height\" content=\"300\" \/>\n\t<meta property=\"og:image:type\" content=\"image\/jpeg\" \/>\n<meta name=\"twitter:card\" content=\"summary_large_image\" \/>\n<meta name=\"twitter:label1\" content=\"Becs\u00fclt olvas\u00e1si id\u0151\" \/>\n\t<meta name=\"twitter:data1\" content=\"2 perc\" \/>\n<script type=\"application\/ld+json\" class=\"yoast-schema-graph\">{\"@context\":\"https:\/\/schema.org\",\"@graph\":[{\"@type\":\"WebPage\",\"@id\":\"https:\/\/insulation.trocellen.com\/hu\/alkalmazasok\/hangszigeteles-ejtocsovekhez\/airsilent\/\",\"url\":\"https:\/\/insulation.trocellen.com\/hu\/alkalmazasok\/hangszigeteles-ejtocsovekhez\/airsilent\/\",\"name\":\"A Trocellen Airsilent professzion\u00e1lis hangszigetel\u0151 megold\u00e1s\",\"isPartOf\":{\"@id\":\"https:\/\/insulation.trocellen.com\/hu\/#website\"},\"primaryImageOfPage\":{\"@id\":\"https:\/\/insulation.trocellen.com\/hu\/alkalmazasok\/hangszigeteles-ejtocsovekhez\/airsilent\/#primaryimage\"},\"image\":{\"@id\":\"https:\/\/insulation.trocellen.com\/hu\/alkalmazasok\/hangszigeteles-ejtocsovekhez\/airsilent\/#primaryimage\"},\"thumbnailUrl\":\"https:\/\/insulation.trocellen.com\/wp-content\/uploads\/sites\/6\/2023\/05\/drain-pipe-fejlec.jpg\",\"datePublished\":\"2013-12-12T17:26:32+00:00\",\"dateModified\":\"2023-07-10T08:53:16+00:00\",\"description\":\"Az Airsilent hangszigetel\u00e9sre haszn\u00e1lt rugalmas, ny\u00edltcell\u00e1s, poli\u00e9szter-alap\u00fa PU-hab. Eszt\u00e9tikus piramis form\u00e1ra is v\u00e1ghat\u00f3.\",\"breadcrumb\":{\"@id\":\"https:\/\/insulation.trocellen.com\/hu\/alkalmazasok\/hangszigeteles-ejtocsovekhez\/airsilent\/#breadcrumb\"},\"inLanguage\":\"hu\",\"potentialAction\":[{\"@type\":\"ReadAction\",\"target\":[\"https:\/\/insulation.trocellen.com\/hu\/alkalmazasok\/hangszigeteles-ejtocsovekhez\/airsilent\/\"]}]},{\"@type\":\"ImageObject\",\"inLanguage\":\"hu\",\"@id\":\"https:\/\/insulation.trocellen.com\/hu\/alkalmazasok\/hangszigeteles-ejtocsovekhez\/airsilent\/#primaryimage\",\"url\":\"https:\/\/insulation.trocellen.com\/wp-content\/uploads\/sites\/6\/2023\/05\/drain-pipe-fejlec.jpg\",\"contentUrl\":\"https:\/\/insulation.trocellen.com\/wp-content\/uploads\/sites\/6\/2023\/05\/drain-pipe-fejlec.jpg\",\"width\":1920,\"height\":300},{\"@type\":\"BreadcrumbList\",\"@id\":\"https:\/\/insulation.trocellen.com\/hu\/alkalmazasok\/hangszigeteles-ejtocsovekhez\/airsilent\/#breadcrumb\",\"itemListElement\":[{\"@type\":\"ListItem\",\"position\":1,\"name\":\"Home\",\"item\":\"https:\/\/insulation.trocellen.com\/hu\/\"},{\"@type\":\"ListItem\",\"position\":2,\"name\":\"Alkalmaz\u00e1sok\",\"item\":\"https:\/\/insulation.trocellen.com\/hu\/alkalmazasok\/\"},{\"@type\":\"ListItem\",\"position\":3,\"name\":\"Hangszigetel\u00e9s ejt\u0151cs\u00f6vekhez\",\"item\":\"https:\/\/insulation.trocellen.com\/hu\/alkalmazasok\/hangszigeteles-ejtocsovekhez\/\"},{\"@type\":\"ListItem\",\"position\":4,\"name\":\"Airsilent\"}]},{\"@type\":\"WebSite\",\"@id\":\"https:\/\/insulation.trocellen.com\/hu\/#website\",\"url\":\"https:\/\/insulation.trocellen.com\/hu\/\",\"name\":\"Trocellen Insulation\",\"description\":\"\",\"potentialAction\":[{\"@type\":\"SearchAction\",\"target\":{\"@type\":\"EntryPoint\",\"urlTemplate\":\"https:\/\/insulation.trocellen.com\/hu\/?s={search_term_string}\"},\"query-input\":{\"@type\":\"PropertyValueSpecification\",\"valueRequired\":true,\"valueName\":\"search_term_string\"}}],\"inLanguage\":\"hu\"}]}<\/script>\n<!-- \/ Yoast SEO plugin. -->","yoast_head_json":{"title":"A Trocellen Airsilent professzion\u00e1lis hangszigetel\u0151 megold\u00e1s","description":"Az Airsilent hangszigetel\u00e9sre haszn\u00e1lt rugalmas, ny\u00edltcell\u00e1s, poli\u00e9szter-alap\u00fa PU-hab. Eszt\u00e9tikus piramis form\u00e1ra is v\u00e1ghat\u00f3.","robots":{"index":"index","follow":"follow","max-snippet":"max-snippet:-1","max-image-preview":"max-image-preview:large","max-video-preview":"max-video-preview:-1"},"canonical":"https:\/\/insulation.trocellen.com\/hu\/alkalmazasok\/hangszigeteles-ejtocsovekhez\/airsilent\/","og_locale":"hu_HU","og_type":"article","og_title":"A Trocellen Airsilent professzion\u00e1lis hangszigetel\u0151 megold\u00e1s","og_description":"Az Airsilent hangszigetel\u00e9sre haszn\u00e1lt rugalmas, ny\u00edltcell\u00e1s, poli\u00e9szter-alap\u00fa PU-hab. Eszt\u00e9tikus piramis form\u00e1ra is v\u00e1ghat\u00f3.","og_url":"https:\/\/insulation.trocellen.com\/hu\/alkalmazasok\/hangszigeteles-ejtocsovekhez\/airsilent\/","og_site_name":"Trocellen Insulation","article_modified_time":"2023-07-10T08:53:16+00:00","og_image":[{"width":1920,"height":300,"url":"https:\/\/insulation.trocellen.com\/wp-content\/uploads\/sites\/6\/2023\/05\/drain-pipe-fejlec.jpg","type":"image\/jpeg"}],"twitter_card":"summary_large_image","twitter_misc":{"Becs\u00fclt olvas\u00e1si id\u0151":"2 perc"},"schema":{"@context":"https:\/\/schema.org","@graph":[{"@type":"WebPage","@id":"https:\/\/insulation.trocellen.com\/hu\/alkalmazasok\/hangszigeteles-ejtocsovekhez\/airsilent\/","url":"https:\/\/insulation.trocellen.com\/hu\/alkalmazasok\/hangszigeteles-ejtocsovekhez\/airsilent\/","name":"A Trocellen Airsilent professzion\u00e1lis hangszigetel\u0151 megold\u00e1s","isPartOf":{"@id":"https:\/\/insulation.trocellen.com\/hu\/#website"},"primaryImageOfPage":{"@id":"https:\/\/insulation.trocellen.com\/hu\/alkalmazasok\/hangszigeteles-ejtocsovekhez\/airsilent\/#primaryimage"},"image":{"@id":"https:\/\/insulation.trocellen.com\/hu\/alkalmazasok\/hangszigeteles-ejtocsovekhez\/airsilent\/#primaryimage"},"thumbnailUrl":"https:\/\/insulation.trocellen.com\/wp-content\/uploads\/sites\/6\/2023\/05\/drain-pipe-fejlec.jpg","datePublished":"2013-12-12T17:26:32+00:00","dateModified":"2023-07-10T08:53:16+00:00","description":"Az Airsilent hangszigetel\u00e9sre haszn\u00e1lt rugalmas, ny\u00edltcell\u00e1s, poli\u00e9szter-alap\u00fa PU-hab. Eszt\u00e9tikus piramis form\u00e1ra is v\u00e1ghat\u00f3.","breadcrumb":{"@id":"https:\/\/insulation.trocellen.com\/hu\/alkalmazasok\/hangszigeteles-ejtocsovekhez\/airsilent\/#breadcrumb"},"inLanguage":"hu","potentialAction":[{"@type":"ReadAction","target":["https:\/\/insulation.trocellen.com\/hu\/alkalmazasok\/hangszigeteles-ejtocsovekhez\/airsilent\/"]}]},{"@type":"ImageObject","inLanguage":"hu","@id":"https:\/\/insulation.trocellen.com\/hu\/alkalmazasok\/hangszigeteles-ejtocsovekhez\/airsilent\/#primaryimage","url":"https:\/\/insulation.trocellen.com\/wp-content\/uploads\/sites\/6\/2023\/05\/drain-pipe-fejlec.jpg","contentUrl":"https:\/\/insulation.trocellen.com\/wp-content\/uploads\/sites\/6\/2023\/05\/drain-pipe-fejlec.jpg","width":1920,"height":300},{"@type":"BreadcrumbList","@id":"https:\/\/insulation.trocellen.com\/hu\/alkalmazasok\/hangszigeteles-ejtocsovekhez\/airsilent\/#breadcrumb","itemListElement":[{"@type":"ListItem","position":1,"name":"Home","item":"https:\/\/insulation.trocellen.com\/hu\/"},{"@type":"ListItem","position":2,"name":"Alkalmaz\u00e1sok","item":"https:\/\/insulation.trocellen.com\/hu\/alkalmazasok\/"},{"@type":"ListItem","position":3,"name":"Hangszigetel\u00e9s ejt\u0151cs\u00f6vekhez","item":"https:\/\/insulation.trocellen.com\/hu\/alkalmazasok\/hangszigeteles-ejtocsovekhez\/"},{"@type":"ListItem","position":4,"name":"Airsilent"}]},{"@type":"WebSite","@id":"https:\/\/insulation.trocellen.com\/hu\/#website","url":"https:\/\/insulation.trocellen.com\/hu\/","name":"Trocellen Insulation","description":"","potentialAction":[{"@type":"SearchAction","target":{"@type":"EntryPoint","urlTemplate":"https:\/\/insulation.trocellen.com\/hu\/?s={search_term_string}"},"query-input":{"@type":"PropertyValueSpecification","valueRequired":true,"valueName":"search_term_string"}}],"inLanguage":"hu"}]}},"_links":{"self":[{"href":"https:\/\/insulation.trocellen.com\/hu\/wp-json\/wp\/v2\/pages\/4214","targetHints":{"allow":["GET"]}}],"collection":[{"href":"https:\/\/insulation.trocellen.com\/hu\/wp-json\/wp\/v2\/pages"}],"about":[{"href":"https:\/\/insulation.trocellen.com\/hu\/wp-json\/wp\/v2\/types\/page"}],"author":[{"embeddable":true,"href":"https:\/\/insulation.trocellen.com\/hu\/wp-json\/wp\/v2\/users\/1"}],"replies":[{"embeddable":true,"href":"https:\/\/insulation.trocellen.com\/hu\/wp-json\/wp\/v2\/comments?post=4214"}],"version-history":[{"count":1,"href":"https:\/\/insulation.trocellen.com\/hu\/wp-json\/wp\/v2\/pages\/4214\/revisions"}],"predecessor-version":[{"id":9688,"href":"https:\/\/insulation.trocellen.com\/hu\/wp-json\/wp\/v2\/pages\/4214\/revisions\/9688"}],"up":[{"embeddable":true,"href":"https:\/\/insulation.trocellen.com\/hu\/wp-json\/wp\/v2\/pages\/4124"}],"wp:featuredmedia":[{"embeddable":true,"href":"https:\/\/insulation.trocellen.com\/hu\/wp-json\/wp\/v2\/media\/8849"}],"wp:attachment":[{"href":"https:\/\/insulation.trocellen.com\/hu\/wp-json\/wp\/v2\/media?parent=4214"}],"curies":[{"name":"wp","href":"https:\/\/api.w.org\/{rel}","templated":true}]}}