{"id":4208,"date":"2013-12-12T17:26:20","date_gmt":"2013-12-12T17:26:20","guid":{"rendered":"https:\/\/insulation-new.trocellen.com\/isolmass-11-2\/"},"modified":"2023-07-10T08:54:38","modified_gmt":"2023-07-10T08:54:38","slug":"isolmass-11","status":"publish","type":"page","link":"https:\/\/insulation.trocellen.com\/hu\/alkalmazasok\/hangszigeteles-ejtocsovekhez\/isolmass-11\/","title":{"rendered":"Isolmass 11"},"content":{"rendered":"<p>Isolmass &#8211; az alternat\u00edv hangszigetel\u00e9si megold\u00e1s. A Trocellen az\u00e9rt fejlesztette ki az Isolmass term\u00e9kcsal\u00e1dot, hogy kiel\u00e9g\u00edtse azon vev\u0151ink ig\u00e9ny\u00e9t, akik nem k\u00edv\u00e1nnak \u00f3lmot haszn\u00e1lni hangszigetel\u00e9si megold\u00e1saikhoz.<\/p>\n<p>Az Isolmass term\u00e9kek olyan t\u00f6bbr\u00e9teg\u0171 Trocellen habok, amelyek egy nagyt\u00f6meg\u0171 neh\u00e9z m\u0171anyag lemez \u00e9s m\u00e1s rugalmas, ellen\u00e1ll\u00f3 \u00e9s hangszigetel\u0151 anyag kombin\u00e1ci\u00f3ja.<\/p>\n<h3>A nagyt\u00f6meg\u0171 neh\u00e9z m\u0171anyag lemez el\u0151nyei az \u00f3lommal szemben<\/h3>\n<ul>\n<li>Nem m\u00e9rgez\u0151<\/li>\n<li>K\u00f6nnyen t\u00e1rs\u00edthat\u00f3 m\u00e1s Trocellen habokkal, \u00edgy egy teljesen \u00fajrahaszn\u00e1lhat\u00f3 term\u00e9ket ad<\/li>\n<li>Tekercssz\u00e9less\u00e9g &gt; 1m<\/li>\n<\/ul>\n<h2>Isolmass 11<\/h2>\n<h4>\u00d6sszet\u00e9tel:<\/h4>\n<ul>\n<li>3 mm vastag PE hab (vibr\u00e1ci\u00f3 elnyel\u0151)<\/li>\n<li>4 kg\/m\u00b2 t\u00f6meg\u0171 neh\u00e9z m\u0171anyag lemez<\/li>\n<li>12 mm vastag PU r\u00e9teg (hangszigetel\u00e9s)<\/li>\n<\/ul>\n<h4>Felhaszn\u00e1l\u00e1s:<\/h4>\n<ul>\n<li>Szennyv\u00edzcs\u00f6vek hangszigetel\u00e9se<\/li>\n<li>Falak hangszigetel\u00e9se<\/li>\n<\/ul>\n","protected":false},"excerpt":{"rendered":"<p>Isolmass &#8211; az alternat\u00edv hangszigetel\u00e9si megold\u00e1s. A Trocellen az\u00e9rt fejlesztette ki az Isolmass term\u00e9kcsal\u00e1dot, hogy kiel\u00e9g\u00edtse azon vev\u0151ink ig\u00e9ny\u00e9t, akik nem k\u00edv\u00e1nnak \u00f3lmot haszn\u00e1lni hangszigetel\u00e9si megold\u00e1saikhoz. Az Isolmass term\u00e9kek olyan t\u00f6bbr\u00e9teg\u0171 Trocellen habok, amelyek egy nagyt\u00f6meg\u0171 neh\u00e9z m\u0171anyag lemez \u00e9s m\u00e1s rugalmas, ellen\u00e1ll\u00f3 \u00e9s hangszigetel\u0151 anyag kombin\u00e1ci\u00f3ja. A nagyt\u00f6meg\u0171 neh\u00e9z m\u0171anyag lemez el\u0151nyei az \u00f3lommal [&hellip;]<\/p>\n","protected":false},"author":1,"featured_media":0,"parent":4124,"menu_order":300,"comment_status":"open","ping_status":"closed","template":"templates\/applications.php","meta":{"_acf_changed":false,"footnotes":""},"class_list":["post-4208","page","type-page","status-publish","hentry"],"acf":[],"yoast_head":"<!-- This site is optimized with the Yoast SEO plugin v23.5 - https:\/\/yoast.com\/wordpress\/plugins\/seo\/ -->\n<title>Az Isolmass 11 \u00f3lommentes hangelnyel\u0151 megold\u00e1s<\/title>\n<meta name=\"description\" content=\"Az Isolmass term\u00e9kek olyan t\u00f6bbr\u00e9teg\u0171 Trocellen habok, amelyek egy poliolefin, neh\u00e9z lemez \u00e9s m\u00e1s rugalmas, ellen\u00e1ll\u00f3 \u00e9s hangszigetel\u0151 anyagok kombin\u00e1ci\u00f3i.\" \/>\n<meta name=\"robots\" content=\"index, follow, max-snippet:-1, max-image-preview:large, max-video-preview:-1\" \/>\n<link rel=\"canonical\" href=\"https:\/\/insulation.trocellen.com\/hu\/alkalmazasok\/hangszigeteles-ejtocsovekhez\/isolmass-11\/\" \/>\n<meta property=\"og:locale\" content=\"hu_HU\" \/>\n<meta property=\"og:type\" content=\"article\" \/>\n<meta property=\"og:title\" content=\"Az Isolmass 11 \u00f3lommentes hangelnyel\u0151 megold\u00e1s\" \/>\n<meta property=\"og:description\" content=\"Az Isolmass term\u00e9kek olyan t\u00f6bbr\u00e9teg\u0171 Trocellen habok, amelyek egy poliolefin, neh\u00e9z lemez \u00e9s m\u00e1s rugalmas, ellen\u00e1ll\u00f3 \u00e9s hangszigetel\u0151 anyagok kombin\u00e1ci\u00f3i.\" \/>\n<meta property=\"og:url\" content=\"https:\/\/insulation.trocellen.com\/hu\/alkalmazasok\/hangszigeteles-ejtocsovekhez\/isolmass-11\/\" \/>\n<meta property=\"og:site_name\" content=\"Trocellen Insulation\" \/>\n<meta property=\"article:modified_time\" content=\"2023-07-10T08:54:38+00:00\" \/>\n<meta name=\"twitter:card\" content=\"summary_large_image\" \/>\n<meta name=\"twitter:label1\" content=\"Becs\u00fclt olvas\u00e1si id\u0151\" \/>\n\t<meta name=\"twitter:data1\" content=\"1 perc\" \/>\n<script type=\"application\/ld+json\" class=\"yoast-schema-graph\">{\"@context\":\"https:\/\/schema.org\",\"@graph\":[{\"@type\":\"WebPage\",\"@id\":\"https:\/\/insulation.trocellen.com\/hu\/alkalmazasok\/hangszigeteles-ejtocsovekhez\/isolmass-11\/\",\"url\":\"https:\/\/insulation.trocellen.com\/hu\/alkalmazasok\/hangszigeteles-ejtocsovekhez\/isolmass-11\/\",\"name\":\"Az Isolmass 11 \u00f3lommentes hangelnyel\u0151 megold\u00e1s\",\"isPartOf\":{\"@id\":\"https:\/\/insulation.trocellen.com\/hu\/#website\"},\"datePublished\":\"2013-12-12T17:26:20+00:00\",\"dateModified\":\"2023-07-10T08:54:38+00:00\",\"description\":\"Az Isolmass term\u00e9kek olyan t\u00f6bbr\u00e9teg\u0171 Trocellen habok, amelyek egy poliolefin, neh\u00e9z lemez \u00e9s m\u00e1s rugalmas, ellen\u00e1ll\u00f3 \u00e9s hangszigetel\u0151 anyagok kombin\u00e1ci\u00f3i.\",\"breadcrumb\":{\"@id\":\"https:\/\/insulation.trocellen.com\/hu\/alkalmazasok\/hangszigeteles-ejtocsovekhez\/isolmass-11\/#breadcrumb\"},\"inLanguage\":\"hu\",\"potentialAction\":[{\"@type\":\"ReadAction\",\"target\":[\"https:\/\/insulation.trocellen.com\/hu\/alkalmazasok\/hangszigeteles-ejtocsovekhez\/isolmass-11\/\"]}]},{\"@type\":\"BreadcrumbList\",\"@id\":\"https:\/\/insulation.trocellen.com\/hu\/alkalmazasok\/hangszigeteles-ejtocsovekhez\/isolmass-11\/#breadcrumb\",\"itemListElement\":[{\"@type\":\"ListItem\",\"position\":1,\"name\":\"Home\",\"item\":\"https:\/\/insulation.trocellen.com\/hu\/\"},{\"@type\":\"ListItem\",\"position\":2,\"name\":\"Alkalmaz\u00e1sok\",\"item\":\"https:\/\/insulation.trocellen.com\/hu\/alkalmazasok\/\"},{\"@type\":\"ListItem\",\"position\":3,\"name\":\"Hangszigetel\u00e9s ejt\u0151cs\u00f6vekhez\",\"item\":\"https:\/\/insulation.trocellen.com\/hu\/alkalmazasok\/hangszigeteles-ejtocsovekhez\/\"},{\"@type\":\"ListItem\",\"position\":4,\"name\":\"Isolmass 11\"}]},{\"@type\":\"WebSite\",\"@id\":\"https:\/\/insulation.trocellen.com\/hu\/#website\",\"url\":\"https:\/\/insulation.trocellen.com\/hu\/\",\"name\":\"Trocellen Insulation\",\"description\":\"\",\"potentialAction\":[{\"@type\":\"SearchAction\",\"target\":{\"@type\":\"EntryPoint\",\"urlTemplate\":\"https:\/\/insulation.trocellen.com\/hu\/?s={search_term_string}\"},\"query-input\":{\"@type\":\"PropertyValueSpecification\",\"valueRequired\":true,\"valueName\":\"search_term_string\"}}],\"inLanguage\":\"hu\"}]}<\/script>\n<!-- \/ Yoast SEO plugin. -->","yoast_head_json":{"title":"Az Isolmass 11 \u00f3lommentes hangelnyel\u0151 megold\u00e1s","description":"Az Isolmass term\u00e9kek olyan t\u00f6bbr\u00e9teg\u0171 Trocellen habok, amelyek egy poliolefin, neh\u00e9z lemez \u00e9s m\u00e1s rugalmas, ellen\u00e1ll\u00f3 \u00e9s hangszigetel\u0151 anyagok kombin\u00e1ci\u00f3i.","robots":{"index":"index","follow":"follow","max-snippet":"max-snippet:-1","max-image-preview":"max-image-preview:large","max-video-preview":"max-video-preview:-1"},"canonical":"https:\/\/insulation.trocellen.com\/hu\/alkalmazasok\/hangszigeteles-ejtocsovekhez\/isolmass-11\/","og_locale":"hu_HU","og_type":"article","og_title":"Az Isolmass 11 \u00f3lommentes hangelnyel\u0151 megold\u00e1s","og_description":"Az Isolmass term\u00e9kek olyan t\u00f6bbr\u00e9teg\u0171 Trocellen habok, amelyek egy poliolefin, neh\u00e9z lemez \u00e9s m\u00e1s rugalmas, ellen\u00e1ll\u00f3 \u00e9s hangszigetel\u0151 anyagok kombin\u00e1ci\u00f3i.","og_url":"https:\/\/insulation.trocellen.com\/hu\/alkalmazasok\/hangszigeteles-ejtocsovekhez\/isolmass-11\/","og_site_name":"Trocellen Insulation","article_modified_time":"2023-07-10T08:54:38+00:00","twitter_card":"summary_large_image","twitter_misc":{"Becs\u00fclt olvas\u00e1si id\u0151":"1 perc"},"schema":{"@context":"https:\/\/schema.org","@graph":[{"@type":"WebPage","@id":"https:\/\/insulation.trocellen.com\/hu\/alkalmazasok\/hangszigeteles-ejtocsovekhez\/isolmass-11\/","url":"https:\/\/insulation.trocellen.com\/hu\/alkalmazasok\/hangszigeteles-ejtocsovekhez\/isolmass-11\/","name":"Az Isolmass 11 \u00f3lommentes hangelnyel\u0151 megold\u00e1s","isPartOf":{"@id":"https:\/\/insulation.trocellen.com\/hu\/#website"},"datePublished":"2013-12-12T17:26:20+00:00","dateModified":"2023-07-10T08:54:38+00:00","description":"Az Isolmass term\u00e9kek olyan t\u00f6bbr\u00e9teg\u0171 Trocellen habok, amelyek egy poliolefin, neh\u00e9z lemez \u00e9s m\u00e1s rugalmas, ellen\u00e1ll\u00f3 \u00e9s hangszigetel\u0151 anyagok kombin\u00e1ci\u00f3i.","breadcrumb":{"@id":"https:\/\/insulation.trocellen.com\/hu\/alkalmazasok\/hangszigeteles-ejtocsovekhez\/isolmass-11\/#breadcrumb"},"inLanguage":"hu","potentialAction":[{"@type":"ReadAction","target":["https:\/\/insulation.trocellen.com\/hu\/alkalmazasok\/hangszigeteles-ejtocsovekhez\/isolmass-11\/"]}]},{"@type":"BreadcrumbList","@id":"https:\/\/insulation.trocellen.com\/hu\/alkalmazasok\/hangszigeteles-ejtocsovekhez\/isolmass-11\/#breadcrumb","itemListElement":[{"@type":"ListItem","position":1,"name":"Home","item":"https:\/\/insulation.trocellen.com\/hu\/"},{"@type":"ListItem","position":2,"name":"Alkalmaz\u00e1sok","item":"https:\/\/insulation.trocellen.com\/hu\/alkalmazasok\/"},{"@type":"ListItem","position":3,"name":"Hangszigetel\u00e9s ejt\u0151cs\u00f6vekhez","item":"https:\/\/insulation.trocellen.com\/hu\/alkalmazasok\/hangszigeteles-ejtocsovekhez\/"},{"@type":"ListItem","position":4,"name":"Isolmass 11"}]},{"@type":"WebSite","@id":"https:\/\/insulation.trocellen.com\/hu\/#website","url":"https:\/\/insulation.trocellen.com\/hu\/","name":"Trocellen Insulation","description":"","potentialAction":[{"@type":"SearchAction","target":{"@type":"EntryPoint","urlTemplate":"https:\/\/insulation.trocellen.com\/hu\/?s={search_term_string}"},"query-input":{"@type":"PropertyValueSpecification","valueRequired":true,"valueName":"search_term_string"}}],"inLanguage":"hu"}]}},"_links":{"self":[{"href":"https:\/\/insulation.trocellen.com\/hu\/wp-json\/wp\/v2\/pages\/4208","targetHints":{"allow":["GET"]}}],"collection":[{"href":"https:\/\/insulation.trocellen.com\/hu\/wp-json\/wp\/v2\/pages"}],"about":[{"href":"https:\/\/insulation.trocellen.com\/hu\/wp-json\/wp\/v2\/types\/page"}],"author":[{"embeddable":true,"href":"https:\/\/insulation.trocellen.com\/hu\/wp-json\/wp\/v2\/users\/1"}],"replies":[{"embeddable":true,"href":"https:\/\/insulation.trocellen.com\/hu\/wp-json\/wp\/v2\/comments?post=4208"}],"version-history":[{"count":2,"href":"https:\/\/insulation.trocellen.com\/hu\/wp-json\/wp\/v2\/pages\/4208\/revisions"}],"predecessor-version":[{"id":9690,"href":"https:\/\/insulation.trocellen.com\/hu\/wp-json\/wp\/v2\/pages\/4208\/revisions\/9690"}],"up":[{"embeddable":true,"href":"https:\/\/insulation.trocellen.com\/hu\/wp-json\/wp\/v2\/pages\/4124"}],"wp:attachment":[{"href":"https:\/\/insulation.trocellen.com\/hu\/wp-json\/wp\/v2\/media?parent=4208"}],"curies":[{"name":"wp","href":"https:\/\/api.w.org\/{rel}","templated":true}]}}