{"id":4190,"date":"2013-12-12T17:21:23","date_gmt":"2013-12-12T17:21:23","guid":{"rendered":"https:\/\/insulation-new.trocellen.com\/isolmass-11\/"},"modified":"2023-07-10T08:56:40","modified_gmt":"2023-07-10T08:56:40","slug":"isolmass-11","status":"publish","type":"page","link":"https:\/\/insulation.trocellen.com\/hu\/alkalmazasok\/hangszigeteles-falakhoz-es-tetokhoz\/isolmass-11\/","title":{"rendered":"Isolmass 11"},"content":{"rendered":"<p>Isolmass &#8211; egy alternat\u00edv hangszigetel\u00e9si megold\u00e1s. A Trocellen az\u00e9rt fejlesztette ki az Isolmass term\u00e9kcsal\u00e1dot, hogy kiel\u00e9g\u00edtse azon vev\u0151ink ig\u00e9ny\u00e9t, akik nem k\u00edv\u00e1nnak \u00f3lmot haszn\u00e1lni hangszigetel\u00e9si megold\u00e1saikhoz. Az Isolmass term\u00e9kek olyan t\u00f6bbr\u00e9teg\u0171 Trocellen habok, amelyek egy nagyt\u00f6meg\u0171 neh\u00e9z m\u0171anyag lemez \u00e9s m\u00e1s rugalmas, ellen\u00e1ll\u00f3 \u00e9s hangszigetel\u0151 anyag kombin\u00e1ci\u00f3ja.<\/p>\n<p><\/p>\n\n\n<\/p>\n<figure class=\"wp-block-image\"><a href=\"https:\/\/insulation.trocellen.com\/wp-content\/uploads\/sites\/6\/2013\/12\/Isolmass-11.jpg\" rel=\"attachment wp-att-1339\"><img decoding=\"async\" class=\"wp-image-1339\" src=\"https:\/\/insulation.trocellen.com\/wp-content\/uploads\/sites\/6\/2013\/12\/Isolmass-11-1024x498.jpg\" alt=\"Isolmass-11\" \/><\/a><\/figure>\n<p>\n\n\n<h3>A nagyt\u00f6meg\u0171 neh\u00e9z m\u0171anyag lemez el\u0151nyei az \u00f3lommal szemben<\/h3>\n<ul>\n<li>nem m\u00e9rgez\u0151<\/li>\n<li>k\u00f6nnyen t\u00e1rs\u00edthat\u00f3 m\u00e1s Trocellen habokkal, \u00edgy teljesen \u00fajrahaszn\u00e1lhat\u00f3 term\u00e9ket ad<\/li>\n<li>tekercssz\u00e9less\u00e9g &gt; 1m<\/li>\n<\/ul>\n<h2>Isolmass 11<\/h2>\n<h4>\u00d6sszet\u00e9tel:<\/h4>\n<ul>\n<li>3 mm vastag&nbsp;PE hab (vibr\u00e1ci\u00f3 elnyel\u0151)<\/li>\n<li>4 kg\/m\u00b2 t\u00f6meg\u0171 neh\u00e9z m\u0171anyag lemez<\/li>\n<li>12 mm vastag PU r\u00e9teg<\/li>\n<\/ul>\n<h4>Felhaszn\u00e1l\u00e1s:<\/h4>\n<ul>\n<li>Szennyv\u00edzcs\u00f6vek hangszigetel\u00e9se<\/li>\n<li>Falak hangszigetel\u00e9se<\/li>\n<\/ul>","protected":false},"excerpt":{"rendered":"<p>Isolmass &#8211; egy alternat\u00edv hangszigetel\u00e9si megold\u00e1s. A Trocellen az\u00e9rt fejlesztette ki az Isolmass term\u00e9kcsal\u00e1dot, hogy kiel\u00e9g\u00edtse azon vev\u0151ink ig\u00e9ny\u00e9t, akik nem k\u00edv\u00e1nnak \u00f3lmot haszn\u00e1lni hangszigetel\u00e9si megold\u00e1saikhoz. Az Isolmass term\u00e9kek olyan t\u00f6bbr\u00e9teg\u0171 Trocellen habok, amelyek egy nagyt\u00f6meg\u0171 neh\u00e9z m\u0171anyag lemez \u00e9s m\u00e1s rugalmas, ellen\u00e1ll\u00f3 \u00e9s hangszigetel\u0151 anyag kombin\u00e1ci\u00f3ja. A nagyt\u00f6meg\u0171 neh\u00e9z m\u0171anyag lemez el\u0151nyei az \u00f3lommal [&hellip;]<\/p>\n","protected":false},"author":1,"featured_media":8828,"parent":4118,"menu_order":400,"comment_status":"open","ping_status":"closed","template":"templates\/applications.php","meta":{"_acf_changed":false,"footnotes":""},"class_list":["post-4190","page","type-page","status-publish","has-post-thumbnail","hentry"],"acf":[],"yoast_head":"<!-- This site is optimized with the Yoast SEO plugin v23.5 - https:\/\/yoast.com\/wordpress\/plugins\/seo\/ -->\n<title>Az Isolmass 11 l\u00e9ghangszigetel\u00e9s ejt\u0151cs\u00f6vekhez \u00e9s falakhoz<\/title>\n<meta name=\"description\" content=\"Az Isolmass 11 \u00f3lommentes, PE habb\u00f3l (neh\u00e9z lemez) \u00e9s nyitott cell\u00e1s PU-r\u00e9tegb\u0151l \u00e1ll\u00f3 l\u00e9ghangszigetel\u0151. Ide\u00e1lis szennyv\u00edzcs\u00f6vekhez \u00e9s falakhoz\" \/>\n<meta name=\"robots\" content=\"index, follow, max-snippet:-1, max-image-preview:large, max-video-preview:-1\" \/>\n<link rel=\"canonical\" href=\"https:\/\/insulation.trocellen.com\/hu\/alkalmazasok\/hangszigeteles-falakhoz-es-tetokhoz\/isolmass-11\/\" \/>\n<meta property=\"og:locale\" content=\"hu_HU\" \/>\n<meta property=\"og:type\" content=\"article\" \/>\n<meta property=\"og:title\" content=\"Az Isolmass 11 l\u00e9ghangszigetel\u00e9s ejt\u0151cs\u00f6vekhez \u00e9s falakhoz\" \/>\n<meta property=\"og:description\" content=\"Az Isolmass 11 \u00f3lommentes, PE habb\u00f3l (neh\u00e9z lemez) \u00e9s nyitott cell\u00e1s PU-r\u00e9tegb\u0151l \u00e1ll\u00f3 l\u00e9ghangszigetel\u0151. Ide\u00e1lis szennyv\u00edzcs\u00f6vekhez \u00e9s falakhoz\" \/>\n<meta property=\"og:url\" content=\"https:\/\/insulation.trocellen.com\/hu\/alkalmazasok\/hangszigeteles-falakhoz-es-tetokhoz\/isolmass-11\/\" \/>\n<meta property=\"og:site_name\" content=\"Trocellen Insulation\" \/>\n<meta property=\"article:modified_time\" content=\"2023-07-10T08:56:40+00:00\" \/>\n<meta property=\"og:image\" content=\"https:\/\/insulation.trocellen.com\/wp-content\/uploads\/sites\/6\/2023\/05\/Pipes-2.jpg\" \/>\n\t<meta property=\"og:image:width\" content=\"1920\" \/>\n\t<meta property=\"og:image:height\" content=\"300\" \/>\n\t<meta property=\"og:image:type\" content=\"image\/jpeg\" \/>\n<meta name=\"twitter:card\" content=\"summary_large_image\" \/>\n<meta name=\"twitter:label1\" content=\"Becs\u00fclt olvas\u00e1si id\u0151\" \/>\n\t<meta name=\"twitter:data1\" content=\"1 perc\" \/>\n<script type=\"application\/ld+json\" class=\"yoast-schema-graph\">{\"@context\":\"https:\/\/schema.org\",\"@graph\":[{\"@type\":\"WebPage\",\"@id\":\"https:\/\/insulation.trocellen.com\/hu\/alkalmazasok\/hangszigeteles-falakhoz-es-tetokhoz\/isolmass-11\/\",\"url\":\"https:\/\/insulation.trocellen.com\/hu\/alkalmazasok\/hangszigeteles-falakhoz-es-tetokhoz\/isolmass-11\/\",\"name\":\"Az Isolmass 11 l\u00e9ghangszigetel\u00e9s ejt\u0151cs\u00f6vekhez \u00e9s falakhoz\",\"isPartOf\":{\"@id\":\"https:\/\/insulation.trocellen.com\/hu\/#website\"},\"primaryImageOfPage\":{\"@id\":\"https:\/\/insulation.trocellen.com\/hu\/alkalmazasok\/hangszigeteles-falakhoz-es-tetokhoz\/isolmass-11\/#primaryimage\"},\"image\":{\"@id\":\"https:\/\/insulation.trocellen.com\/hu\/alkalmazasok\/hangszigeteles-falakhoz-es-tetokhoz\/isolmass-11\/#primaryimage\"},\"thumbnailUrl\":\"https:\/\/insulation.trocellen.com\/wp-content\/uploads\/sites\/6\/2023\/05\/Pipes-2.jpg\",\"datePublished\":\"2013-12-12T17:21:23+00:00\",\"dateModified\":\"2023-07-10T08:56:40+00:00\",\"description\":\"Az Isolmass 11 \u00f3lommentes, PE habb\u00f3l (neh\u00e9z lemez) \u00e9s nyitott cell\u00e1s PU-r\u00e9tegb\u0151l \u00e1ll\u00f3 l\u00e9ghangszigetel\u0151. Ide\u00e1lis szennyv\u00edzcs\u00f6vekhez \u00e9s falakhoz\",\"breadcrumb\":{\"@id\":\"https:\/\/insulation.trocellen.com\/hu\/alkalmazasok\/hangszigeteles-falakhoz-es-tetokhoz\/isolmass-11\/#breadcrumb\"},\"inLanguage\":\"hu\",\"potentialAction\":[{\"@type\":\"ReadAction\",\"target\":[\"https:\/\/insulation.trocellen.com\/hu\/alkalmazasok\/hangszigeteles-falakhoz-es-tetokhoz\/isolmass-11\/\"]}]},{\"@type\":\"ImageObject\",\"inLanguage\":\"hu\",\"@id\":\"https:\/\/insulation.trocellen.com\/hu\/alkalmazasok\/hangszigeteles-falakhoz-es-tetokhoz\/isolmass-11\/#primaryimage\",\"url\":\"https:\/\/insulation.trocellen.com\/wp-content\/uploads\/sites\/6\/2023\/05\/Pipes-2.jpg\",\"contentUrl\":\"https:\/\/insulation.trocellen.com\/wp-content\/uploads\/sites\/6\/2023\/05\/Pipes-2.jpg\",\"width\":1920,\"height\":300},{\"@type\":\"BreadcrumbList\",\"@id\":\"https:\/\/insulation.trocellen.com\/hu\/alkalmazasok\/hangszigeteles-falakhoz-es-tetokhoz\/isolmass-11\/#breadcrumb\",\"itemListElement\":[{\"@type\":\"ListItem\",\"position\":1,\"name\":\"Home\",\"item\":\"https:\/\/insulation.trocellen.com\/hu\/\"},{\"@type\":\"ListItem\",\"position\":2,\"name\":\"Alkalmaz\u00e1sok\",\"item\":\"https:\/\/insulation.trocellen.com\/hu\/alkalmazasok\/\"},{\"@type\":\"ListItem\",\"position\":3,\"name\":\"Hangszigetel\u00e9s falakhoz \u00e9s tet\u0151kh\u00f6z\",\"item\":\"https:\/\/insulation.trocellen.com\/hu\/alkalmazasok\/hangszigeteles-falakhoz-es-tetokhoz\/\"},{\"@type\":\"ListItem\",\"position\":4,\"name\":\"Isolmass 11\"}]},{\"@type\":\"WebSite\",\"@id\":\"https:\/\/insulation.trocellen.com\/hu\/#website\",\"url\":\"https:\/\/insulation.trocellen.com\/hu\/\",\"name\":\"Trocellen Insulation\",\"description\":\"\",\"potentialAction\":[{\"@type\":\"SearchAction\",\"target\":{\"@type\":\"EntryPoint\",\"urlTemplate\":\"https:\/\/insulation.trocellen.com\/hu\/?s={search_term_string}\"},\"query-input\":{\"@type\":\"PropertyValueSpecification\",\"valueRequired\":true,\"valueName\":\"search_term_string\"}}],\"inLanguage\":\"hu\"}]}<\/script>\n<!-- \/ Yoast SEO plugin. -->","yoast_head_json":{"title":"Az Isolmass 11 l\u00e9ghangszigetel\u00e9s ejt\u0151cs\u00f6vekhez \u00e9s falakhoz","description":"Az Isolmass 11 \u00f3lommentes, PE habb\u00f3l (neh\u00e9z lemez) \u00e9s nyitott cell\u00e1s PU-r\u00e9tegb\u0151l \u00e1ll\u00f3 l\u00e9ghangszigetel\u0151. Ide\u00e1lis szennyv\u00edzcs\u00f6vekhez \u00e9s falakhoz","robots":{"index":"index","follow":"follow","max-snippet":"max-snippet:-1","max-image-preview":"max-image-preview:large","max-video-preview":"max-video-preview:-1"},"canonical":"https:\/\/insulation.trocellen.com\/hu\/alkalmazasok\/hangszigeteles-falakhoz-es-tetokhoz\/isolmass-11\/","og_locale":"hu_HU","og_type":"article","og_title":"Az Isolmass 11 l\u00e9ghangszigetel\u00e9s ejt\u0151cs\u00f6vekhez \u00e9s falakhoz","og_description":"Az Isolmass 11 \u00f3lommentes, PE habb\u00f3l (neh\u00e9z lemez) \u00e9s nyitott cell\u00e1s PU-r\u00e9tegb\u0151l \u00e1ll\u00f3 l\u00e9ghangszigetel\u0151. Ide\u00e1lis szennyv\u00edzcs\u00f6vekhez \u00e9s falakhoz","og_url":"https:\/\/insulation.trocellen.com\/hu\/alkalmazasok\/hangszigeteles-falakhoz-es-tetokhoz\/isolmass-11\/","og_site_name":"Trocellen Insulation","article_modified_time":"2023-07-10T08:56:40+00:00","og_image":[{"width":1920,"height":300,"url":"https:\/\/insulation.trocellen.com\/wp-content\/uploads\/sites\/6\/2023\/05\/Pipes-2.jpg","type":"image\/jpeg"}],"twitter_card":"summary_large_image","twitter_misc":{"Becs\u00fclt olvas\u00e1si id\u0151":"1 perc"},"schema":{"@context":"https:\/\/schema.org","@graph":[{"@type":"WebPage","@id":"https:\/\/insulation.trocellen.com\/hu\/alkalmazasok\/hangszigeteles-falakhoz-es-tetokhoz\/isolmass-11\/","url":"https:\/\/insulation.trocellen.com\/hu\/alkalmazasok\/hangszigeteles-falakhoz-es-tetokhoz\/isolmass-11\/","name":"Az Isolmass 11 l\u00e9ghangszigetel\u00e9s ejt\u0151cs\u00f6vekhez \u00e9s falakhoz","isPartOf":{"@id":"https:\/\/insulation.trocellen.com\/hu\/#website"},"primaryImageOfPage":{"@id":"https:\/\/insulation.trocellen.com\/hu\/alkalmazasok\/hangszigeteles-falakhoz-es-tetokhoz\/isolmass-11\/#primaryimage"},"image":{"@id":"https:\/\/insulation.trocellen.com\/hu\/alkalmazasok\/hangszigeteles-falakhoz-es-tetokhoz\/isolmass-11\/#primaryimage"},"thumbnailUrl":"https:\/\/insulation.trocellen.com\/wp-content\/uploads\/sites\/6\/2023\/05\/Pipes-2.jpg","datePublished":"2013-12-12T17:21:23+00:00","dateModified":"2023-07-10T08:56:40+00:00","description":"Az Isolmass 11 \u00f3lommentes, PE habb\u00f3l (neh\u00e9z lemez) \u00e9s nyitott cell\u00e1s PU-r\u00e9tegb\u0151l \u00e1ll\u00f3 l\u00e9ghangszigetel\u0151. Ide\u00e1lis szennyv\u00edzcs\u00f6vekhez \u00e9s falakhoz","breadcrumb":{"@id":"https:\/\/insulation.trocellen.com\/hu\/alkalmazasok\/hangszigeteles-falakhoz-es-tetokhoz\/isolmass-11\/#breadcrumb"},"inLanguage":"hu","potentialAction":[{"@type":"ReadAction","target":["https:\/\/insulation.trocellen.com\/hu\/alkalmazasok\/hangszigeteles-falakhoz-es-tetokhoz\/isolmass-11\/"]}]},{"@type":"ImageObject","inLanguage":"hu","@id":"https:\/\/insulation.trocellen.com\/hu\/alkalmazasok\/hangszigeteles-falakhoz-es-tetokhoz\/isolmass-11\/#primaryimage","url":"https:\/\/insulation.trocellen.com\/wp-content\/uploads\/sites\/6\/2023\/05\/Pipes-2.jpg","contentUrl":"https:\/\/insulation.trocellen.com\/wp-content\/uploads\/sites\/6\/2023\/05\/Pipes-2.jpg","width":1920,"height":300},{"@type":"BreadcrumbList","@id":"https:\/\/insulation.trocellen.com\/hu\/alkalmazasok\/hangszigeteles-falakhoz-es-tetokhoz\/isolmass-11\/#breadcrumb","itemListElement":[{"@type":"ListItem","position":1,"name":"Home","item":"https:\/\/insulation.trocellen.com\/hu\/"},{"@type":"ListItem","position":2,"name":"Alkalmaz\u00e1sok","item":"https:\/\/insulation.trocellen.com\/hu\/alkalmazasok\/"},{"@type":"ListItem","position":3,"name":"Hangszigetel\u00e9s falakhoz \u00e9s tet\u0151kh\u00f6z","item":"https:\/\/insulation.trocellen.com\/hu\/alkalmazasok\/hangszigeteles-falakhoz-es-tetokhoz\/"},{"@type":"ListItem","position":4,"name":"Isolmass 11"}]},{"@type":"WebSite","@id":"https:\/\/insulation.trocellen.com\/hu\/#website","url":"https:\/\/insulation.trocellen.com\/hu\/","name":"Trocellen Insulation","description":"","potentialAction":[{"@type":"SearchAction","target":{"@type":"EntryPoint","urlTemplate":"https:\/\/insulation.trocellen.com\/hu\/?s={search_term_string}"},"query-input":{"@type":"PropertyValueSpecification","valueRequired":true,"valueName":"search_term_string"}}],"inLanguage":"hu"}]}},"_links":{"self":[{"href":"https:\/\/insulation.trocellen.com\/hu\/wp-json\/wp\/v2\/pages\/4190","targetHints":{"allow":["GET"]}}],"collection":[{"href":"https:\/\/insulation.trocellen.com\/hu\/wp-json\/wp\/v2\/pages"}],"about":[{"href":"https:\/\/insulation.trocellen.com\/hu\/wp-json\/wp\/v2\/types\/page"}],"author":[{"embeddable":true,"href":"https:\/\/insulation.trocellen.com\/hu\/wp-json\/wp\/v2\/users\/1"}],"replies":[{"embeddable":true,"href":"https:\/\/insulation.trocellen.com\/hu\/wp-json\/wp\/v2\/comments?post=4190"}],"version-history":[{"count":3,"href":"https:\/\/insulation.trocellen.com\/hu\/wp-json\/wp\/v2\/pages\/4190\/revisions"}],"predecessor-version":[{"id":9694,"href":"https:\/\/insulation.trocellen.com\/hu\/wp-json\/wp\/v2\/pages\/4190\/revisions\/9694"}],"up":[{"embeddable":true,"href":"https:\/\/insulation.trocellen.com\/hu\/wp-json\/wp\/v2\/pages\/4118"}],"wp:featuredmedia":[{"embeddable":true,"href":"https:\/\/insulation.trocellen.com\/hu\/wp-json\/wp\/v2\/media\/8828"}],"wp:attachment":[{"href":"https:\/\/insulation.trocellen.com\/hu\/wp-json\/wp\/v2\/media?parent=4190"}],"curies":[{"name":"wp","href":"https:\/\/api.w.org\/{rel}","templated":true}]}}