{"id":4184,"date":"2013-12-12T17:21:07","date_gmt":"2013-12-12T17:21:07","guid":{"rendered":"https:\/\/insulation-new.trocellen.com\/aplomb-11\/"},"modified":"2023-07-10T08:55:33","modified_gmt":"2023-07-10T08:55:33","slug":"aplomb-11","status":"publish","type":"page","link":"https:\/\/insulation.trocellen.com\/hu\/alkalmazasok\/hangszigeteles-falakhoz-es-tetokhoz\/aplomb-11\/","title":{"rendered":"Aplomb 11"},"content":{"rendered":"<p>Sz\u00e1mtalan zajforr\u00e1s van jelen otthonainkban csak\u00fagy, mint \u00e9let\u00fcnk egy\u00e9b ter\u00fcletein. A Trocellen folyamatosan fejleszti hab-alap\u00fa megold\u00e1sait, hogy a legjobb h\u0151- \u00e9s hangszigetel\u00e9st \u00e9rje el az \u00d6n k\u00e9nyelme \u00e9rdek\u00e9ben. A Trocellen Aplomb term\u00e9kcsal\u00e1d t\u00f6bbr\u00e9teg\u0171 term\u00e9kekb\u0151l \u00e1ll, ahol az egy- vagy t\u00f6bbr\u00e9teg\u0171 \u00f3lomlemezt bevontuk rugalmas, hangtomp\u00edt\u00f3 \u00e9s zajelnyel\u0151 anyagokkal.<\/p>\n<p><a href=\"https:\/\/insulation.trocellen.com\/wp-content\/uploads\/sites\/6\/2013\/12\/aplomb11.jpg\" rel=\"attachment wp-att-1336\"><img loading=\"lazy\" decoding=\"async\" class=\"alignnone size-large wp-image-1336\" src=\"https:\/\/insulation.trocellen.com\/wp-content\/uploads\/sites\/6\/2013\/12\/aplomb11-1024x600.jpg\" alt=\"aplomb11\" width=\"1024\" height=\"600\"><\/a><\/p>\n<p><img loading=\"lazy\" decoding=\"async\" class=\"alignnone size-full wp-image-159\" src=\"https:\/\/insulation.trocellen.com\/wp-content\/uploads\/sites\/6\/2013\/12\/aplomb11.png\" alt=\"aplomb11\" width=\"280\" height=\"81\"><\/p>\n<h3>\u00d6sszet\u00e9tel:<\/h3>\n<ul>\n<li>3 mm vastag, dombornyomott fekete filmr\u00e9teggel lamin\u00e1lt PE hab (vibr\u00e1ci\u00f3 elnyel\u0151)&nbsp;<\/li>\n<li>0,35 mm, 4kg\/m\u00b2 s\u00faly\u00fa \u00f3lomr\u00e9teg<\/li>\n<li>12 mm vastag ny\u00edltcell\u00e1s PU hab (zajelnyel\u0151)&nbsp;<\/li>\n<\/ul>\n<h3>Felhaszn\u00e1l\u00e1s:<\/h3>\n<ul>\n<li>Zajszigetel\u00e9s PE vagy PVC szennyv\u00edzelvezet\u0151 cs\u00f6vekre<\/li>\n<li>Hangszigetel\u00e9s falakra<\/li>\n<li>A term\u00e9k \u00f6ntapad\u00f3s v\u00e1ltozatban is kaphat\u00f3, csak ideiglenes alkalmaz\u00e1sra, a biztons\u00e1gosabb \u00e9s k\u00f6nnyebb telep\u00edt\u00e9si szakasz \u00e9rdek\u00e9ben. Ezut\u00e1n a term\u00e9ket mechanikus r\u00f6gz\u00edt\u00e9sekkel kell v\u00e9glegesen r\u00f6gz\u00edteni.<\/li>\n<\/ul>\n","protected":false},"excerpt":{"rendered":"<p>Sz\u00e1mtalan zajforr\u00e1s van jelen otthonainkban csak\u00fagy, mint \u00e9let\u00fcnk egy\u00e9b ter\u00fcletein. A Trocellen folyamatosan fejleszti hab-alap\u00fa megold\u00e1sait, hogy a legjobb h\u0151- \u00e9s hangszigetel\u00e9st \u00e9rje el az \u00d6n k\u00e9nyelme \u00e9rdek\u00e9ben. A Trocellen Aplomb term\u00e9kcsal\u00e1d t\u00f6bbr\u00e9teg\u0171 term\u00e9kekb\u0151l \u00e1ll, ahol az egy- vagy t\u00f6bbr\u00e9teg\u0171 \u00f3lomlemezt bevontuk rugalmas, hangtomp\u00edt\u00f3 \u00e9s zajelnyel\u0151 anyagokkal. \u00d6sszet\u00e9tel: 3 mm vastag, dombornyomott fekete filmr\u00e9teggel lamin\u00e1lt [&hellip;]<\/p>\n","protected":false},"author":1,"featured_media":8828,"parent":4118,"menu_order":300,"comment_status":"open","ping_status":"closed","template":"templates\/applications.php","meta":{"_acf_changed":false,"footnotes":""},"class_list":["post-4184","page","type-page","status-publish","has-post-thumbnail","hentry"],"acf":[],"yoast_head":"<!-- This site is optimized with the Yoast SEO plugin v23.5 - https:\/\/yoast.com\/wordpress\/plugins\/seo\/ -->\n<title>Az Aplomb 11 zajelnyel\u0151 megold\u00e1s falakhoz \u00e9s tet\u0151kh\u00f6z<\/title>\n<meta name=\"description\" content=\"A Trocellen Aplomb 11 t\u00f6bbr\u00e9teg\u0171 term\u00e9kekn\u00e9l egy \u00f3lomlemezt vontunk be rugalmas \u00e9s zajelnyel\u0151 anyagokkal.\" \/>\n<meta name=\"robots\" content=\"index, follow, max-snippet:-1, max-image-preview:large, max-video-preview:-1\" \/>\n<link rel=\"canonical\" href=\"https:\/\/insulation.trocellen.com\/hu\/alkalmazasok\/hangszigeteles-falakhoz-es-tetokhoz\/aplomb-11\/\" \/>\n<meta property=\"og:locale\" content=\"hu_HU\" \/>\n<meta property=\"og:type\" content=\"article\" \/>\n<meta property=\"og:title\" content=\"Az Aplomb 11 zajelnyel\u0151 megold\u00e1s falakhoz \u00e9s tet\u0151kh\u00f6z\" \/>\n<meta property=\"og:description\" content=\"A Trocellen Aplomb 11 t\u00f6bbr\u00e9teg\u0171 term\u00e9kekn\u00e9l egy \u00f3lomlemezt vontunk be rugalmas \u00e9s zajelnyel\u0151 anyagokkal.\" \/>\n<meta property=\"og:url\" content=\"https:\/\/insulation.trocellen.com\/hu\/alkalmazasok\/hangszigeteles-falakhoz-es-tetokhoz\/aplomb-11\/\" \/>\n<meta property=\"og:site_name\" content=\"Trocellen Insulation\" \/>\n<meta property=\"article:modified_time\" content=\"2023-07-10T08:55:33+00:00\" \/>\n<meta property=\"og:image\" content=\"https:\/\/insulation.trocellen.com\/wp-content\/uploads\/sites\/6\/2023\/05\/Pipes-2.jpg\" \/>\n\t<meta property=\"og:image:width\" content=\"1920\" \/>\n\t<meta property=\"og:image:height\" content=\"300\" \/>\n\t<meta property=\"og:image:type\" content=\"image\/jpeg\" \/>\n<meta name=\"twitter:card\" content=\"summary_large_image\" \/>\n<meta name=\"twitter:label1\" content=\"Becs\u00fclt olvas\u00e1si id\u0151\" \/>\n\t<meta name=\"twitter:data1\" content=\"1 perc\" \/>\n<script type=\"application\/ld+json\" class=\"yoast-schema-graph\">{\"@context\":\"https:\/\/schema.org\",\"@graph\":[{\"@type\":\"WebPage\",\"@id\":\"https:\/\/insulation.trocellen.com\/hu\/alkalmazasok\/hangszigeteles-falakhoz-es-tetokhoz\/aplomb-11\/\",\"url\":\"https:\/\/insulation.trocellen.com\/hu\/alkalmazasok\/hangszigeteles-falakhoz-es-tetokhoz\/aplomb-11\/\",\"name\":\"Az Aplomb 11 zajelnyel\u0151 megold\u00e1s falakhoz \u00e9s tet\u0151kh\u00f6z\",\"isPartOf\":{\"@id\":\"https:\/\/insulation.trocellen.com\/hu\/#website\"},\"primaryImageOfPage\":{\"@id\":\"https:\/\/insulation.trocellen.com\/hu\/alkalmazasok\/hangszigeteles-falakhoz-es-tetokhoz\/aplomb-11\/#primaryimage\"},\"image\":{\"@id\":\"https:\/\/insulation.trocellen.com\/hu\/alkalmazasok\/hangszigeteles-falakhoz-es-tetokhoz\/aplomb-11\/#primaryimage\"},\"thumbnailUrl\":\"https:\/\/insulation.trocellen.com\/wp-content\/uploads\/sites\/6\/2023\/05\/Pipes-2.jpg\",\"datePublished\":\"2013-12-12T17:21:07+00:00\",\"dateModified\":\"2023-07-10T08:55:33+00:00\",\"description\":\"A Trocellen Aplomb 11 t\u00f6bbr\u00e9teg\u0171 term\u00e9kekn\u00e9l egy \u00f3lomlemezt vontunk be rugalmas \u00e9s zajelnyel\u0151 anyagokkal.\",\"breadcrumb\":{\"@id\":\"https:\/\/insulation.trocellen.com\/hu\/alkalmazasok\/hangszigeteles-falakhoz-es-tetokhoz\/aplomb-11\/#breadcrumb\"},\"inLanguage\":\"hu\",\"potentialAction\":[{\"@type\":\"ReadAction\",\"target\":[\"https:\/\/insulation.trocellen.com\/hu\/alkalmazasok\/hangszigeteles-falakhoz-es-tetokhoz\/aplomb-11\/\"]}]},{\"@type\":\"ImageObject\",\"inLanguage\":\"hu\",\"@id\":\"https:\/\/insulation.trocellen.com\/hu\/alkalmazasok\/hangszigeteles-falakhoz-es-tetokhoz\/aplomb-11\/#primaryimage\",\"url\":\"https:\/\/insulation.trocellen.com\/wp-content\/uploads\/sites\/6\/2023\/05\/Pipes-2.jpg\",\"contentUrl\":\"https:\/\/insulation.trocellen.com\/wp-content\/uploads\/sites\/6\/2023\/05\/Pipes-2.jpg\",\"width\":1920,\"height\":300},{\"@type\":\"BreadcrumbList\",\"@id\":\"https:\/\/insulation.trocellen.com\/hu\/alkalmazasok\/hangszigeteles-falakhoz-es-tetokhoz\/aplomb-11\/#breadcrumb\",\"itemListElement\":[{\"@type\":\"ListItem\",\"position\":1,\"name\":\"Home\",\"item\":\"https:\/\/insulation.trocellen.com\/hu\/\"},{\"@type\":\"ListItem\",\"position\":2,\"name\":\"Alkalmaz\u00e1sok\",\"item\":\"https:\/\/insulation.trocellen.com\/hu\/alkalmazasok\/\"},{\"@type\":\"ListItem\",\"position\":3,\"name\":\"Hangszigetel\u00e9s falakhoz \u00e9s tet\u0151kh\u00f6z\",\"item\":\"https:\/\/insulation.trocellen.com\/hu\/alkalmazasok\/hangszigeteles-falakhoz-es-tetokhoz\/\"},{\"@type\":\"ListItem\",\"position\":4,\"name\":\"Aplomb 11\"}]},{\"@type\":\"WebSite\",\"@id\":\"https:\/\/insulation.trocellen.com\/hu\/#website\",\"url\":\"https:\/\/insulation.trocellen.com\/hu\/\",\"name\":\"Trocellen Insulation\",\"description\":\"\",\"potentialAction\":[{\"@type\":\"SearchAction\",\"target\":{\"@type\":\"EntryPoint\",\"urlTemplate\":\"https:\/\/insulation.trocellen.com\/hu\/?s={search_term_string}\"},\"query-input\":{\"@type\":\"PropertyValueSpecification\",\"valueRequired\":true,\"valueName\":\"search_term_string\"}}],\"inLanguage\":\"hu\"}]}<\/script>\n<!-- \/ Yoast SEO plugin. -->","yoast_head_json":{"title":"Az Aplomb 11 zajelnyel\u0151 megold\u00e1s falakhoz \u00e9s tet\u0151kh\u00f6z","description":"A Trocellen Aplomb 11 t\u00f6bbr\u00e9teg\u0171 term\u00e9kekn\u00e9l egy \u00f3lomlemezt vontunk be rugalmas \u00e9s zajelnyel\u0151 anyagokkal.","robots":{"index":"index","follow":"follow","max-snippet":"max-snippet:-1","max-image-preview":"max-image-preview:large","max-video-preview":"max-video-preview:-1"},"canonical":"https:\/\/insulation.trocellen.com\/hu\/alkalmazasok\/hangszigeteles-falakhoz-es-tetokhoz\/aplomb-11\/","og_locale":"hu_HU","og_type":"article","og_title":"Az Aplomb 11 zajelnyel\u0151 megold\u00e1s falakhoz \u00e9s tet\u0151kh\u00f6z","og_description":"A Trocellen Aplomb 11 t\u00f6bbr\u00e9teg\u0171 term\u00e9kekn\u00e9l egy \u00f3lomlemezt vontunk be rugalmas \u00e9s zajelnyel\u0151 anyagokkal.","og_url":"https:\/\/insulation.trocellen.com\/hu\/alkalmazasok\/hangszigeteles-falakhoz-es-tetokhoz\/aplomb-11\/","og_site_name":"Trocellen Insulation","article_modified_time":"2023-07-10T08:55:33+00:00","og_image":[{"width":1920,"height":300,"url":"https:\/\/insulation.trocellen.com\/wp-content\/uploads\/sites\/6\/2023\/05\/Pipes-2.jpg","type":"image\/jpeg"}],"twitter_card":"summary_large_image","twitter_misc":{"Becs\u00fclt olvas\u00e1si id\u0151":"1 perc"},"schema":{"@context":"https:\/\/schema.org","@graph":[{"@type":"WebPage","@id":"https:\/\/insulation.trocellen.com\/hu\/alkalmazasok\/hangszigeteles-falakhoz-es-tetokhoz\/aplomb-11\/","url":"https:\/\/insulation.trocellen.com\/hu\/alkalmazasok\/hangszigeteles-falakhoz-es-tetokhoz\/aplomb-11\/","name":"Az Aplomb 11 zajelnyel\u0151 megold\u00e1s falakhoz \u00e9s tet\u0151kh\u00f6z","isPartOf":{"@id":"https:\/\/insulation.trocellen.com\/hu\/#website"},"primaryImageOfPage":{"@id":"https:\/\/insulation.trocellen.com\/hu\/alkalmazasok\/hangszigeteles-falakhoz-es-tetokhoz\/aplomb-11\/#primaryimage"},"image":{"@id":"https:\/\/insulation.trocellen.com\/hu\/alkalmazasok\/hangszigeteles-falakhoz-es-tetokhoz\/aplomb-11\/#primaryimage"},"thumbnailUrl":"https:\/\/insulation.trocellen.com\/wp-content\/uploads\/sites\/6\/2023\/05\/Pipes-2.jpg","datePublished":"2013-12-12T17:21:07+00:00","dateModified":"2023-07-10T08:55:33+00:00","description":"A Trocellen Aplomb 11 t\u00f6bbr\u00e9teg\u0171 term\u00e9kekn\u00e9l egy \u00f3lomlemezt vontunk be rugalmas \u00e9s zajelnyel\u0151 anyagokkal.","breadcrumb":{"@id":"https:\/\/insulation.trocellen.com\/hu\/alkalmazasok\/hangszigeteles-falakhoz-es-tetokhoz\/aplomb-11\/#breadcrumb"},"inLanguage":"hu","potentialAction":[{"@type":"ReadAction","target":["https:\/\/insulation.trocellen.com\/hu\/alkalmazasok\/hangszigeteles-falakhoz-es-tetokhoz\/aplomb-11\/"]}]},{"@type":"ImageObject","inLanguage":"hu","@id":"https:\/\/insulation.trocellen.com\/hu\/alkalmazasok\/hangszigeteles-falakhoz-es-tetokhoz\/aplomb-11\/#primaryimage","url":"https:\/\/insulation.trocellen.com\/wp-content\/uploads\/sites\/6\/2023\/05\/Pipes-2.jpg","contentUrl":"https:\/\/insulation.trocellen.com\/wp-content\/uploads\/sites\/6\/2023\/05\/Pipes-2.jpg","width":1920,"height":300},{"@type":"BreadcrumbList","@id":"https:\/\/insulation.trocellen.com\/hu\/alkalmazasok\/hangszigeteles-falakhoz-es-tetokhoz\/aplomb-11\/#breadcrumb","itemListElement":[{"@type":"ListItem","position":1,"name":"Home","item":"https:\/\/insulation.trocellen.com\/hu\/"},{"@type":"ListItem","position":2,"name":"Alkalmaz\u00e1sok","item":"https:\/\/insulation.trocellen.com\/hu\/alkalmazasok\/"},{"@type":"ListItem","position":3,"name":"Hangszigetel\u00e9s falakhoz \u00e9s tet\u0151kh\u00f6z","item":"https:\/\/insulation.trocellen.com\/hu\/alkalmazasok\/hangszigeteles-falakhoz-es-tetokhoz\/"},{"@type":"ListItem","position":4,"name":"Aplomb 11"}]},{"@type":"WebSite","@id":"https:\/\/insulation.trocellen.com\/hu\/#website","url":"https:\/\/insulation.trocellen.com\/hu\/","name":"Trocellen Insulation","description":"","potentialAction":[{"@type":"SearchAction","target":{"@type":"EntryPoint","urlTemplate":"https:\/\/insulation.trocellen.com\/hu\/?s={search_term_string}"},"query-input":{"@type":"PropertyValueSpecification","valueRequired":true,"valueName":"search_term_string"}}],"inLanguage":"hu"}]}},"_links":{"self":[{"href":"https:\/\/insulation.trocellen.com\/hu\/wp-json\/wp\/v2\/pages\/4184","targetHints":{"allow":["GET"]}}],"collection":[{"href":"https:\/\/insulation.trocellen.com\/hu\/wp-json\/wp\/v2\/pages"}],"about":[{"href":"https:\/\/insulation.trocellen.com\/hu\/wp-json\/wp\/v2\/types\/page"}],"author":[{"embeddable":true,"href":"https:\/\/insulation.trocellen.com\/hu\/wp-json\/wp\/v2\/users\/1"}],"replies":[{"embeddable":true,"href":"https:\/\/insulation.trocellen.com\/hu\/wp-json\/wp\/v2\/comments?post=4184"}],"version-history":[{"count":1,"href":"https:\/\/insulation.trocellen.com\/hu\/wp-json\/wp\/v2\/pages\/4184\/revisions"}],"predecessor-version":[{"id":9692,"href":"https:\/\/insulation.trocellen.com\/hu\/wp-json\/wp\/v2\/pages\/4184\/revisions\/9692"}],"up":[{"embeddable":true,"href":"https:\/\/insulation.trocellen.com\/hu\/wp-json\/wp\/v2\/pages\/4118"}],"wp:featuredmedia":[{"embeddable":true,"href":"https:\/\/insulation.trocellen.com\/hu\/wp-json\/wp\/v2\/media\/8828"}],"wp:attachment":[{"href":"https:\/\/insulation.trocellen.com\/hu\/wp-json\/wp\/v2\/media?parent=4184"}],"curies":[{"name":"wp","href":"https:\/\/api.w.org\/{rel}","templated":true}]}}