{"id":4172,"date":"2013-12-12T17:20:42","date_gmt":"2013-12-12T17:20:42","guid":{"rendered":"https:\/\/insulation-new.trocellen.com\/aplomb-22-2\/"},"modified":"2023-07-10T08:56:04","modified_gmt":"2023-07-10T08:56:04","slug":"aplomb-22","status":"publish","type":"page","link":"https:\/\/insulation.trocellen.com\/hu\/alkalmazasok\/hangszigeteles-falakhoz-es-tetokhoz\/aplomb-22\/","title":{"rendered":"Aplomb 22"},"content":{"rendered":"\n<p>Sz\u00e1mtalan zajforr\u00e1s van jelen otthonainkban csak\u00fagy, mint \u00e9let\u00fcnk egy\u00e9b ter\u00fcletein. A Trocellen folyamatosan fejleszti hab-alap\u00fa megold\u00e1sait, hogy a legjobb h\u0151- \u00e9s hangszigetel\u00e9st \u00e9rje el az \u00d6n k\u00e9nyelme \u00e9rdek\u00e9ben. A Trocellen Aplomb term\u00e9kcsal\u00e1d t\u00f6bbr\u00e9teg\u0171 term\u00e9kekb\u0151l \u00e1ll, ahol az egy- vagy t\u00f6bbr\u00e9teg\u0171 \u00f3lomlemezt bevontuk rugalmas, hangtomp\u00edt\u00f3 \u00e9s zajelnyel\u0151 anyagokkal.<\/p>\n\n\n\n<figure class=\"wp-block-image\"><a href=\"https:\/\/insulation.trocellen.com\/wp-content\/uploads\/sites\/6\/2013\/12\/aplomb-22.jpg\" rel=\"attachment wp-att-1334\"><img decoding=\"async\" src=\"https:\/\/insulation.trocellen.com\/wp-content\/uploads\/sites\/6\/2013\/12\/aplomb-22.jpg\" alt=\"aplomb-22\" class=\"wp-image-1334\"\/><\/a><\/figure>\n\n\n\n<h2 class=\"wp-block-heading\">Aplomb 22 \u2013 fal \u00e9s padl\u00f3szigetel\u00e9shez<\/h2>\n\n\n\n<p>\u00d6sszet\u00e9tel:<\/p>\n\n\n\n<ul class=\"wp-block-list\">\n<li>0,35 mm, 4kg\/m\u00b2 s\u00faly\u00fa \u00f3lomlemez, mindk\u00e9t oldal\u00e1n&nbsp;egy-egy r\u00e9teg, 3 mm vastag, vibr\u00e1ci\u00f3t elnyel\u0151, dombornyomott fekete filmr\u00e9teggel bevont PE habbal lamin\u00e1lva<\/li>\n<\/ul>\n\n\n\n<h3 class=\"wp-block-heading\">Felhaszn\u00e1l\u00e1s:<\/h3>\n\n\n\n<ul class=\"wp-block-list\">\n<li>Zajszigetel\u00e9s<\/li>\n\n\n\n<li>Az Aplomb 22 alkalmaz\u00e1s\u00e1nak c\u00e9lja, hogy megakad\u00e1lyozzuk a zaj terjed\u00e9s\u00e9t egy adott k\u00f6rnyezetb\u0151l vagy k\u00f6rnyezetbe (k\u00fcl\u00f6n\u00f6sen az alacsony frekvenci\u00e1j\u00fa zajokat)<\/li>\n\n\n\n<li>A term\u00e9k \u00f6ntapad\u00f3s v\u00e1ltozatban is kaphat\u00f3, csak ideiglenes alkalmaz\u00e1sra, a biztons\u00e1gosabb \u00e9s k\u00f6nnyebb telep\u00edt\u00e9si szakasz \u00e9rdek\u00e9ben. Ezut\u00e1n a term\u00e9ket mechanikus r\u00f6gz\u00edt\u00e9sekkel kell v\u00e9glegesen r\u00f6gz\u00edteni<\/li>\n<\/ul>\n","protected":false},"excerpt":{"rendered":"<p>Sz\u00e1mtalan zajforr\u00e1s van jelen otthonainkban csak\u00fagy, mint \u00e9let\u00fcnk egy\u00e9b ter\u00fcletein. A Trocellen folyamatosan fejleszti hab-alap\u00fa megold\u00e1sait, hogy a legjobb h\u0151- \u00e9s hangszigetel\u00e9st \u00e9rje el az \u00d6n k\u00e9nyelme \u00e9rdek\u00e9ben. A Trocellen Aplomb term\u00e9kcsal\u00e1d t\u00f6bbr\u00e9teg\u0171 term\u00e9kekb\u0151l \u00e1ll, ahol az egy- vagy t\u00f6bbr\u00e9teg\u0171 \u00f3lomlemezt bevontuk rugalmas, hangtomp\u00edt\u00f3 \u00e9s zajelnyel\u0151 anyagokkal. Aplomb 22 \u2013 fal \u00e9s padl\u00f3szigetel\u00e9shez \u00d6sszet\u00e9tel: Felhaszn\u00e1l\u00e1s:<\/p>\n","protected":false},"author":1,"featured_media":8828,"parent":4118,"menu_order":100,"comment_status":"open","ping_status":"closed","template":"templates\/applications.php","meta":{"_acf_changed":false,"footnotes":""},"class_list":["post-4172","page","type-page","status-publish","has-post-thumbnail","hentry"],"acf":[],"yoast_head":"<!-- This site is optimized with the Yoast SEO plugin v23.5 - https:\/\/yoast.com\/wordpress\/plugins\/seo\/ -->\n<title>Aplomb 22 l\u00e9p\u00e9szaj \u00e9s leveg\u0151ben terjed\u0151 hangok szigetel\u00e9s\u00e9re<\/title>\n<meta name=\"description\" content=\"Az Aplomb 22 0,35 mm-es \u00f3lomlemez, mindk\u00e9t fel\u00e9n vibr\u00e1ci\u00f3t elnyel\u0151, dombornyomott fekete filmr\u00e9teggel bevont PE habbal lamin\u00e1lva. \u00d6ntapad\u00f3 v\u00e1ltozatban is\" \/>\n<meta name=\"robots\" content=\"index, follow, max-snippet:-1, max-image-preview:large, max-video-preview:-1\" \/>\n<link rel=\"canonical\" href=\"https:\/\/insulation.trocellen.com\/hu\/alkalmazasok\/hangszigeteles-falakhoz-es-tetokhoz\/aplomb-22\/\" \/>\n<meta property=\"og:locale\" content=\"hu_HU\" \/>\n<meta property=\"og:type\" content=\"article\" \/>\n<meta property=\"og:title\" content=\"Aplomb 22 l\u00e9p\u00e9szaj \u00e9s leveg\u0151ben terjed\u0151 hangok szigetel\u00e9s\u00e9re\" \/>\n<meta property=\"og:description\" content=\"Az Aplomb 22 0,35 mm-es \u00f3lomlemez, mindk\u00e9t fel\u00e9n vibr\u00e1ci\u00f3t elnyel\u0151, dombornyomott fekete filmr\u00e9teggel bevont PE habbal lamin\u00e1lva. \u00d6ntapad\u00f3 v\u00e1ltozatban is\" \/>\n<meta property=\"og:url\" content=\"https:\/\/insulation.trocellen.com\/hu\/alkalmazasok\/hangszigeteles-falakhoz-es-tetokhoz\/aplomb-22\/\" \/>\n<meta property=\"og:site_name\" content=\"Trocellen Insulation\" \/>\n<meta property=\"article:modified_time\" content=\"2023-07-10T08:56:04+00:00\" \/>\n<meta property=\"og:image\" content=\"https:\/\/insulation.trocellen.com\/wp-content\/uploads\/sites\/6\/2023\/05\/Pipes-2.jpg\" \/>\n\t<meta property=\"og:image:width\" content=\"1920\" \/>\n\t<meta property=\"og:image:height\" content=\"300\" \/>\n\t<meta property=\"og:image:type\" content=\"image\/jpeg\" \/>\n<meta name=\"twitter:card\" content=\"summary_large_image\" \/>\n<meta name=\"twitter:label1\" content=\"Becs\u00fclt olvas\u00e1si id\u0151\" \/>\n\t<meta name=\"twitter:data1\" content=\"1 perc\" \/>\n<script type=\"application\/ld+json\" class=\"yoast-schema-graph\">{\"@context\":\"https:\/\/schema.org\",\"@graph\":[{\"@type\":\"WebPage\",\"@id\":\"https:\/\/insulation.trocellen.com\/hu\/alkalmazasok\/hangszigeteles-falakhoz-es-tetokhoz\/aplomb-22\/\",\"url\":\"https:\/\/insulation.trocellen.com\/hu\/alkalmazasok\/hangszigeteles-falakhoz-es-tetokhoz\/aplomb-22\/\",\"name\":\"Aplomb 22 l\u00e9p\u00e9szaj \u00e9s leveg\u0151ben terjed\u0151 hangok szigetel\u00e9s\u00e9re\",\"isPartOf\":{\"@id\":\"https:\/\/insulation.trocellen.com\/hu\/#website\"},\"primaryImageOfPage\":{\"@id\":\"https:\/\/insulation.trocellen.com\/hu\/alkalmazasok\/hangszigeteles-falakhoz-es-tetokhoz\/aplomb-22\/#primaryimage\"},\"image\":{\"@id\":\"https:\/\/insulation.trocellen.com\/hu\/alkalmazasok\/hangszigeteles-falakhoz-es-tetokhoz\/aplomb-22\/#primaryimage\"},\"thumbnailUrl\":\"https:\/\/insulation.trocellen.com\/wp-content\/uploads\/sites\/6\/2023\/05\/Pipes-2.jpg\",\"datePublished\":\"2013-12-12T17:20:42+00:00\",\"dateModified\":\"2023-07-10T08:56:04+00:00\",\"description\":\"Az Aplomb 22 0,35 mm-es \u00f3lomlemez, mindk\u00e9t fel\u00e9n vibr\u00e1ci\u00f3t elnyel\u0151, dombornyomott fekete filmr\u00e9teggel bevont PE habbal lamin\u00e1lva. \u00d6ntapad\u00f3 v\u00e1ltozatban is\",\"breadcrumb\":{\"@id\":\"https:\/\/insulation.trocellen.com\/hu\/alkalmazasok\/hangszigeteles-falakhoz-es-tetokhoz\/aplomb-22\/#breadcrumb\"},\"inLanguage\":\"hu\",\"potentialAction\":[{\"@type\":\"ReadAction\",\"target\":[\"https:\/\/insulation.trocellen.com\/hu\/alkalmazasok\/hangszigeteles-falakhoz-es-tetokhoz\/aplomb-22\/\"]}]},{\"@type\":\"ImageObject\",\"inLanguage\":\"hu\",\"@id\":\"https:\/\/insulation.trocellen.com\/hu\/alkalmazasok\/hangszigeteles-falakhoz-es-tetokhoz\/aplomb-22\/#primaryimage\",\"url\":\"https:\/\/insulation.trocellen.com\/wp-content\/uploads\/sites\/6\/2023\/05\/Pipes-2.jpg\",\"contentUrl\":\"https:\/\/insulation.trocellen.com\/wp-content\/uploads\/sites\/6\/2023\/05\/Pipes-2.jpg\",\"width\":1920,\"height\":300},{\"@type\":\"BreadcrumbList\",\"@id\":\"https:\/\/insulation.trocellen.com\/hu\/alkalmazasok\/hangszigeteles-falakhoz-es-tetokhoz\/aplomb-22\/#breadcrumb\",\"itemListElement\":[{\"@type\":\"ListItem\",\"position\":1,\"name\":\"Home\",\"item\":\"https:\/\/insulation.trocellen.com\/hu\/\"},{\"@type\":\"ListItem\",\"position\":2,\"name\":\"Alkalmaz\u00e1sok\",\"item\":\"https:\/\/insulation.trocellen.com\/hu\/alkalmazasok\/\"},{\"@type\":\"ListItem\",\"position\":3,\"name\":\"Hangszigetel\u00e9s falakhoz \u00e9s tet\u0151kh\u00f6z\",\"item\":\"https:\/\/insulation.trocellen.com\/hu\/alkalmazasok\/hangszigeteles-falakhoz-es-tetokhoz\/\"},{\"@type\":\"ListItem\",\"position\":4,\"name\":\"Aplomb 22\"}]},{\"@type\":\"WebSite\",\"@id\":\"https:\/\/insulation.trocellen.com\/hu\/#website\",\"url\":\"https:\/\/insulation.trocellen.com\/hu\/\",\"name\":\"Trocellen Insulation\",\"description\":\"\",\"potentialAction\":[{\"@type\":\"SearchAction\",\"target\":{\"@type\":\"EntryPoint\",\"urlTemplate\":\"https:\/\/insulation.trocellen.com\/hu\/?s={search_term_string}\"},\"query-input\":{\"@type\":\"PropertyValueSpecification\",\"valueRequired\":true,\"valueName\":\"search_term_string\"}}],\"inLanguage\":\"hu\"}]}<\/script>\n<!-- \/ Yoast SEO plugin. -->","yoast_head_json":{"title":"Aplomb 22 l\u00e9p\u00e9szaj \u00e9s leveg\u0151ben terjed\u0151 hangok szigetel\u00e9s\u00e9re","description":"Az Aplomb 22 0,35 mm-es \u00f3lomlemez, mindk\u00e9t fel\u00e9n vibr\u00e1ci\u00f3t elnyel\u0151, dombornyomott fekete filmr\u00e9teggel bevont PE habbal lamin\u00e1lva. \u00d6ntapad\u00f3 v\u00e1ltozatban is","robots":{"index":"index","follow":"follow","max-snippet":"max-snippet:-1","max-image-preview":"max-image-preview:large","max-video-preview":"max-video-preview:-1"},"canonical":"https:\/\/insulation.trocellen.com\/hu\/alkalmazasok\/hangszigeteles-falakhoz-es-tetokhoz\/aplomb-22\/","og_locale":"hu_HU","og_type":"article","og_title":"Aplomb 22 l\u00e9p\u00e9szaj \u00e9s leveg\u0151ben terjed\u0151 hangok szigetel\u00e9s\u00e9re","og_description":"Az Aplomb 22 0,35 mm-es \u00f3lomlemez, mindk\u00e9t fel\u00e9n vibr\u00e1ci\u00f3t elnyel\u0151, dombornyomott fekete filmr\u00e9teggel bevont PE habbal lamin\u00e1lva. \u00d6ntapad\u00f3 v\u00e1ltozatban is","og_url":"https:\/\/insulation.trocellen.com\/hu\/alkalmazasok\/hangszigeteles-falakhoz-es-tetokhoz\/aplomb-22\/","og_site_name":"Trocellen Insulation","article_modified_time":"2023-07-10T08:56:04+00:00","og_image":[{"width":1920,"height":300,"url":"https:\/\/insulation.trocellen.com\/wp-content\/uploads\/sites\/6\/2023\/05\/Pipes-2.jpg","type":"image\/jpeg"}],"twitter_card":"summary_large_image","twitter_misc":{"Becs\u00fclt olvas\u00e1si id\u0151":"1 perc"},"schema":{"@context":"https:\/\/schema.org","@graph":[{"@type":"WebPage","@id":"https:\/\/insulation.trocellen.com\/hu\/alkalmazasok\/hangszigeteles-falakhoz-es-tetokhoz\/aplomb-22\/","url":"https:\/\/insulation.trocellen.com\/hu\/alkalmazasok\/hangszigeteles-falakhoz-es-tetokhoz\/aplomb-22\/","name":"Aplomb 22 l\u00e9p\u00e9szaj \u00e9s leveg\u0151ben terjed\u0151 hangok szigetel\u00e9s\u00e9re","isPartOf":{"@id":"https:\/\/insulation.trocellen.com\/hu\/#website"},"primaryImageOfPage":{"@id":"https:\/\/insulation.trocellen.com\/hu\/alkalmazasok\/hangszigeteles-falakhoz-es-tetokhoz\/aplomb-22\/#primaryimage"},"image":{"@id":"https:\/\/insulation.trocellen.com\/hu\/alkalmazasok\/hangszigeteles-falakhoz-es-tetokhoz\/aplomb-22\/#primaryimage"},"thumbnailUrl":"https:\/\/insulation.trocellen.com\/wp-content\/uploads\/sites\/6\/2023\/05\/Pipes-2.jpg","datePublished":"2013-12-12T17:20:42+00:00","dateModified":"2023-07-10T08:56:04+00:00","description":"Az Aplomb 22 0,35 mm-es \u00f3lomlemez, mindk\u00e9t fel\u00e9n vibr\u00e1ci\u00f3t elnyel\u0151, dombornyomott fekete filmr\u00e9teggel bevont PE habbal lamin\u00e1lva. \u00d6ntapad\u00f3 v\u00e1ltozatban is","breadcrumb":{"@id":"https:\/\/insulation.trocellen.com\/hu\/alkalmazasok\/hangszigeteles-falakhoz-es-tetokhoz\/aplomb-22\/#breadcrumb"},"inLanguage":"hu","potentialAction":[{"@type":"ReadAction","target":["https:\/\/insulation.trocellen.com\/hu\/alkalmazasok\/hangszigeteles-falakhoz-es-tetokhoz\/aplomb-22\/"]}]},{"@type":"ImageObject","inLanguage":"hu","@id":"https:\/\/insulation.trocellen.com\/hu\/alkalmazasok\/hangszigeteles-falakhoz-es-tetokhoz\/aplomb-22\/#primaryimage","url":"https:\/\/insulation.trocellen.com\/wp-content\/uploads\/sites\/6\/2023\/05\/Pipes-2.jpg","contentUrl":"https:\/\/insulation.trocellen.com\/wp-content\/uploads\/sites\/6\/2023\/05\/Pipes-2.jpg","width":1920,"height":300},{"@type":"BreadcrumbList","@id":"https:\/\/insulation.trocellen.com\/hu\/alkalmazasok\/hangszigeteles-falakhoz-es-tetokhoz\/aplomb-22\/#breadcrumb","itemListElement":[{"@type":"ListItem","position":1,"name":"Home","item":"https:\/\/insulation.trocellen.com\/hu\/"},{"@type":"ListItem","position":2,"name":"Alkalmaz\u00e1sok","item":"https:\/\/insulation.trocellen.com\/hu\/alkalmazasok\/"},{"@type":"ListItem","position":3,"name":"Hangszigetel\u00e9s falakhoz \u00e9s tet\u0151kh\u00f6z","item":"https:\/\/insulation.trocellen.com\/hu\/alkalmazasok\/hangszigeteles-falakhoz-es-tetokhoz\/"},{"@type":"ListItem","position":4,"name":"Aplomb 22"}]},{"@type":"WebSite","@id":"https:\/\/insulation.trocellen.com\/hu\/#website","url":"https:\/\/insulation.trocellen.com\/hu\/","name":"Trocellen Insulation","description":"","potentialAction":[{"@type":"SearchAction","target":{"@type":"EntryPoint","urlTemplate":"https:\/\/insulation.trocellen.com\/hu\/?s={search_term_string}"},"query-input":{"@type":"PropertyValueSpecification","valueRequired":true,"valueName":"search_term_string"}}],"inLanguage":"hu"}]}},"_links":{"self":[{"href":"https:\/\/insulation.trocellen.com\/hu\/wp-json\/wp\/v2\/pages\/4172","targetHints":{"allow":["GET"]}}],"collection":[{"href":"https:\/\/insulation.trocellen.com\/hu\/wp-json\/wp\/v2\/pages"}],"about":[{"href":"https:\/\/insulation.trocellen.com\/hu\/wp-json\/wp\/v2\/types\/page"}],"author":[{"embeddable":true,"href":"https:\/\/insulation.trocellen.com\/hu\/wp-json\/wp\/v2\/users\/1"}],"replies":[{"embeddable":true,"href":"https:\/\/insulation.trocellen.com\/hu\/wp-json\/wp\/v2\/comments?post=4172"}],"version-history":[{"count":3,"href":"https:\/\/insulation.trocellen.com\/hu\/wp-json\/wp\/v2\/pages\/4172\/revisions"}],"predecessor-version":[{"id":9693,"href":"https:\/\/insulation.trocellen.com\/hu\/wp-json\/wp\/v2\/pages\/4172\/revisions\/9693"}],"up":[{"embeddable":true,"href":"https:\/\/insulation.trocellen.com\/hu\/wp-json\/wp\/v2\/pages\/4118"}],"wp:featuredmedia":[{"embeddable":true,"href":"https:\/\/insulation.trocellen.com\/hu\/wp-json\/wp\/v2\/media\/8828"}],"wp:attachment":[{"href":"https:\/\/insulation.trocellen.com\/hu\/wp-json\/wp\/v2\/media?parent=4172"}],"curies":[{"name":"wp","href":"https:\/\/api.w.org\/{rel}","templated":true}]}}