{"id":4166,"date":"2013-12-12T17:20:13","date_gmt":"2013-12-12T17:20:13","guid":{"rendered":"https:\/\/insulation-new.trocellen.com\/isolmass-padlo-es-valaszfal-szigeteles\/"},"modified":"2023-07-10T08:51:45","modified_gmt":"2023-07-10T08:51:45","slug":"isolmass-padlo-es-valaszfal-szigeteles","status":"publish","type":"page","link":"https:\/\/insulation.trocellen.com\/hu\/alkalmazasok\/parketta-es-padloalatet\/isolmass-padlo-es-valaszfal-szigeteles\/","title":{"rendered":"Isolmass padl\u00f3 \u00e9s v\u00e1laszfal szigetel\u00e9s"},"content":{"rendered":"<p>Isolmass egy alternat\u00edv hangszigetel\u00e9si megold\u00e1s. A Trocellen az\u00e9rt fejlesztette ki az Isolmass term\u00e9kcsal\u00e1dot, hogy kiel\u00e9g\u00edtse azon vev\u0151ink ig\u00e9ny\u00e9t, akik nem k\u00edv\u00e1nnak \u00f3lmot haszn\u00e1lni hangszigetel\u00e9si megold\u00e1saikhoz. Az Isolmass term\u00e9kek olyan t\u00f6bbr\u00e9teg\u0171 Trocellen habok, amelyek egy nagyt\u00f6meg\u0171 neh\u00e9z m\u0171anyag lemez \u00e9s m\u00e1s rugalmas, ellen\u00e1ll\u00f3 \u00e9s hangszigetel\u0151 anyag kombin\u00e1ci\u00f3ja.<\/p>\n<h3>A nagyt\u00f6meg\u0171 neh\u00e9z m\u0171anyag lemez el\u0151nyei az \u00f3lommal szemben<\/h3>\n<ul>\n<li>Nem m\u00e9rgez\u0151<\/li>\n<li>K\u00f6nnyen t\u00e1rs\u00edthat\u00f3 m\u00e1s Trocellen habokkal, \u00edgy teljesen \u00fajrahaszn\u00e1lhat\u00f3 term\u00e9ket ad<\/li>\n<li>Tekercssz\u00e9less\u00e9g &gt; 1m<\/li>\n<\/ul>\n<h2>Isolmass a k\u00f6nny\u0171 falakhoz \u00e9s padl\u00f3zat al\u00e1<\/h2>\n<p>Olyan kombin\u00e1lt megold\u00e1sokat aj\u00e1nlunk mindennapi felhaszn\u00e1l\u00e1sra az \u00e9p\u00edt\u0151iparban, amelyek neh\u00e9zlemez \u00e9s ellen\u00e1ll\u00f3 Trocellen t\u00e1rs\u00edt\u00e1s\u00e1val k\u00e9sz\u00fclnek.<\/p>\n","protected":false},"excerpt":{"rendered":"<p>Isolmass egy alternat\u00edv hangszigetel\u00e9si megold\u00e1s. A Trocellen az\u00e9rt fejlesztette ki az Isolmass term\u00e9kcsal\u00e1dot, hogy kiel\u00e9g\u00edtse azon vev\u0151ink ig\u00e9ny\u00e9t, akik nem k\u00edv\u00e1nnak \u00f3lmot haszn\u00e1lni hangszigetel\u00e9si megold\u00e1saikhoz. Az Isolmass term\u00e9kek olyan t\u00f6bbr\u00e9teg\u0171 Trocellen habok, amelyek egy nagyt\u00f6meg\u0171 neh\u00e9z m\u0171anyag lemez \u00e9s m\u00e1s rugalmas, ellen\u00e1ll\u00f3 \u00e9s hangszigetel\u0151 anyag kombin\u00e1ci\u00f3ja. A nagyt\u00f6meg\u0171 neh\u00e9z m\u0171anyag lemez el\u0151nyei az \u00f3lommal szemben [&hellip;]<\/p>\n","protected":false},"author":1,"featured_media":8862,"parent":4112,"menu_order":400,"comment_status":"open","ping_status":"closed","template":"templates\/applications.php","meta":{"_acf_changed":false,"footnotes":""},"class_list":["post-4166","page","type-page","status-publish","has-post-thumbnail","hentry"],"acf":[],"yoast_head":"<!-- This site is optimized with the Yoast SEO plugin v23.5 - https:\/\/yoast.com\/wordpress\/plugins\/seo\/ -->\n<title>Az Isolmass \u00f3lommentes hangelnyel\u0151 szigetel\u0151anyag<\/title>\n<meta name=\"description\" content=\"Az Isolmass kombin\u00e1lt megold\u00e1sokat k\u00edn\u00e1l mindennapi felhaszn\u00e1l\u00e1sra az \u00e9p\u00edt\u0151iparban, amelyek neh\u00e9zlemez \u00e9s ellen\u00e1ll\u00f3 Trocellen hab t\u00e1rs\u00edt\u00e1s\u00e1val k\u00e9sz\u00fclnek\" \/>\n<meta name=\"robots\" content=\"index, follow, max-snippet:-1, max-image-preview:large, max-video-preview:-1\" \/>\n<link rel=\"canonical\" href=\"https:\/\/insulation.trocellen.com\/hu\/alkalmazasok\/parketta-es-padloalatet\/isolmass-padlo-es-valaszfal-szigeteles\/\" \/>\n<meta property=\"og:locale\" content=\"hu_HU\" \/>\n<meta property=\"og:type\" content=\"article\" \/>\n<meta property=\"og:title\" content=\"Az Isolmass \u00f3lommentes hangelnyel\u0151 szigetel\u0151anyag\" \/>\n<meta property=\"og:description\" content=\"Az Isolmass kombin\u00e1lt megold\u00e1sokat k\u00edn\u00e1l mindennapi felhaszn\u00e1l\u00e1sra az \u00e9p\u00edt\u0151iparban, amelyek neh\u00e9zlemez \u00e9s ellen\u00e1ll\u00f3 Trocellen hab t\u00e1rs\u00edt\u00e1s\u00e1val k\u00e9sz\u00fclnek\" \/>\n<meta property=\"og:url\" content=\"https:\/\/insulation.trocellen.com\/hu\/alkalmazasok\/parketta-es-padloalatet\/isolmass-padlo-es-valaszfal-szigeteles\/\" \/>\n<meta property=\"og:site_name\" content=\"Trocellen Insulation\" \/>\n<meta property=\"article:modified_time\" content=\"2023-07-10T08:51:45+00:00\" \/>\n<meta property=\"og:image\" content=\"https:\/\/insulation.trocellen.com\/wp-content\/uploads\/sites\/6\/2023\/05\/parquet-underlay-fejlec.jpg\" \/>\n\t<meta property=\"og:image:width\" content=\"1920\" \/>\n\t<meta property=\"og:image:height\" content=\"300\" \/>\n\t<meta property=\"og:image:type\" content=\"image\/jpeg\" \/>\n<meta name=\"twitter:card\" content=\"summary_large_image\" \/>\n<meta name=\"twitter:label1\" content=\"Becs\u00fclt olvas\u00e1si id\u0151\" \/>\n\t<meta name=\"twitter:data1\" content=\"1 perc\" \/>\n<script type=\"application\/ld+json\" class=\"yoast-schema-graph\">{\"@context\":\"https:\/\/schema.org\",\"@graph\":[{\"@type\":\"WebPage\",\"@id\":\"https:\/\/insulation.trocellen.com\/hu\/alkalmazasok\/parketta-es-padloalatet\/isolmass-padlo-es-valaszfal-szigeteles\/\",\"url\":\"https:\/\/insulation.trocellen.com\/hu\/alkalmazasok\/parketta-es-padloalatet\/isolmass-padlo-es-valaszfal-szigeteles\/\",\"name\":\"Az Isolmass \u00f3lommentes hangelnyel\u0151 szigetel\u0151anyag\",\"isPartOf\":{\"@id\":\"https:\/\/insulation.trocellen.com\/hu\/#website\"},\"primaryImageOfPage\":{\"@id\":\"https:\/\/insulation.trocellen.com\/hu\/alkalmazasok\/parketta-es-padloalatet\/isolmass-padlo-es-valaszfal-szigeteles\/#primaryimage\"},\"image\":{\"@id\":\"https:\/\/insulation.trocellen.com\/hu\/alkalmazasok\/parketta-es-padloalatet\/isolmass-padlo-es-valaszfal-szigeteles\/#primaryimage\"},\"thumbnailUrl\":\"https:\/\/insulation.trocellen.com\/wp-content\/uploads\/sites\/6\/2023\/05\/parquet-underlay-fejlec.jpg\",\"datePublished\":\"2013-12-12T17:20:13+00:00\",\"dateModified\":\"2023-07-10T08:51:45+00:00\",\"description\":\"Az Isolmass kombin\u00e1lt megold\u00e1sokat k\u00edn\u00e1l mindennapi felhaszn\u00e1l\u00e1sra az \u00e9p\u00edt\u0151iparban, amelyek neh\u00e9zlemez \u00e9s ellen\u00e1ll\u00f3 Trocellen hab t\u00e1rs\u00edt\u00e1s\u00e1val k\u00e9sz\u00fclnek\",\"breadcrumb\":{\"@id\":\"https:\/\/insulation.trocellen.com\/hu\/alkalmazasok\/parketta-es-padloalatet\/isolmass-padlo-es-valaszfal-szigeteles\/#breadcrumb\"},\"inLanguage\":\"hu\",\"potentialAction\":[{\"@type\":\"ReadAction\",\"target\":[\"https:\/\/insulation.trocellen.com\/hu\/alkalmazasok\/parketta-es-padloalatet\/isolmass-padlo-es-valaszfal-szigeteles\/\"]}]},{\"@type\":\"ImageObject\",\"inLanguage\":\"hu\",\"@id\":\"https:\/\/insulation.trocellen.com\/hu\/alkalmazasok\/parketta-es-padloalatet\/isolmass-padlo-es-valaszfal-szigeteles\/#primaryimage\",\"url\":\"https:\/\/insulation.trocellen.com\/wp-content\/uploads\/sites\/6\/2023\/05\/parquet-underlay-fejlec.jpg\",\"contentUrl\":\"https:\/\/insulation.trocellen.com\/wp-content\/uploads\/sites\/6\/2023\/05\/parquet-underlay-fejlec.jpg\",\"width\":1920,\"height\":300},{\"@type\":\"BreadcrumbList\",\"@id\":\"https:\/\/insulation.trocellen.com\/hu\/alkalmazasok\/parketta-es-padloalatet\/isolmass-padlo-es-valaszfal-szigeteles\/#breadcrumb\",\"itemListElement\":[{\"@type\":\"ListItem\",\"position\":1,\"name\":\"Home\",\"item\":\"https:\/\/insulation.trocellen.com\/hu\/\"},{\"@type\":\"ListItem\",\"position\":2,\"name\":\"Alkalmaz\u00e1sok\",\"item\":\"https:\/\/insulation.trocellen.com\/hu\/alkalmazasok\/\"},{\"@type\":\"ListItem\",\"position\":3,\"name\":\"Parketta- \u00e9s padl\u00f3al\u00e1t\u00e9t\",\"item\":\"https:\/\/insulation.trocellen.com\/hu\/alkalmazasok\/parketta-es-padloalatet\/\"},{\"@type\":\"ListItem\",\"position\":4,\"name\":\"Isolmass padl\u00f3 \u00e9s v\u00e1laszfal szigetel\u00e9s\"}]},{\"@type\":\"WebSite\",\"@id\":\"https:\/\/insulation.trocellen.com\/hu\/#website\",\"url\":\"https:\/\/insulation.trocellen.com\/hu\/\",\"name\":\"Trocellen Insulation\",\"description\":\"\",\"potentialAction\":[{\"@type\":\"SearchAction\",\"target\":{\"@type\":\"EntryPoint\",\"urlTemplate\":\"https:\/\/insulation.trocellen.com\/hu\/?s={search_term_string}\"},\"query-input\":{\"@type\":\"PropertyValueSpecification\",\"valueRequired\":true,\"valueName\":\"search_term_string\"}}],\"inLanguage\":\"hu\"}]}<\/script>\n<!-- \/ Yoast SEO plugin. -->","yoast_head_json":{"title":"Az Isolmass \u00f3lommentes hangelnyel\u0151 szigetel\u0151anyag","description":"Az Isolmass kombin\u00e1lt megold\u00e1sokat k\u00edn\u00e1l mindennapi felhaszn\u00e1l\u00e1sra az \u00e9p\u00edt\u0151iparban, amelyek neh\u00e9zlemez \u00e9s ellen\u00e1ll\u00f3 Trocellen hab t\u00e1rs\u00edt\u00e1s\u00e1val k\u00e9sz\u00fclnek","robots":{"index":"index","follow":"follow","max-snippet":"max-snippet:-1","max-image-preview":"max-image-preview:large","max-video-preview":"max-video-preview:-1"},"canonical":"https:\/\/insulation.trocellen.com\/hu\/alkalmazasok\/parketta-es-padloalatet\/isolmass-padlo-es-valaszfal-szigeteles\/","og_locale":"hu_HU","og_type":"article","og_title":"Az Isolmass \u00f3lommentes hangelnyel\u0151 szigetel\u0151anyag","og_description":"Az Isolmass kombin\u00e1lt megold\u00e1sokat k\u00edn\u00e1l mindennapi felhaszn\u00e1l\u00e1sra az \u00e9p\u00edt\u0151iparban, amelyek neh\u00e9zlemez \u00e9s ellen\u00e1ll\u00f3 Trocellen hab t\u00e1rs\u00edt\u00e1s\u00e1val k\u00e9sz\u00fclnek","og_url":"https:\/\/insulation.trocellen.com\/hu\/alkalmazasok\/parketta-es-padloalatet\/isolmass-padlo-es-valaszfal-szigeteles\/","og_site_name":"Trocellen Insulation","article_modified_time":"2023-07-10T08:51:45+00:00","og_image":[{"width":1920,"height":300,"url":"https:\/\/insulation.trocellen.com\/wp-content\/uploads\/sites\/6\/2023\/05\/parquet-underlay-fejlec.jpg","type":"image\/jpeg"}],"twitter_card":"summary_large_image","twitter_misc":{"Becs\u00fclt olvas\u00e1si id\u0151":"1 perc"},"schema":{"@context":"https:\/\/schema.org","@graph":[{"@type":"WebPage","@id":"https:\/\/insulation.trocellen.com\/hu\/alkalmazasok\/parketta-es-padloalatet\/isolmass-padlo-es-valaszfal-szigeteles\/","url":"https:\/\/insulation.trocellen.com\/hu\/alkalmazasok\/parketta-es-padloalatet\/isolmass-padlo-es-valaszfal-szigeteles\/","name":"Az Isolmass \u00f3lommentes hangelnyel\u0151 szigetel\u0151anyag","isPartOf":{"@id":"https:\/\/insulation.trocellen.com\/hu\/#website"},"primaryImageOfPage":{"@id":"https:\/\/insulation.trocellen.com\/hu\/alkalmazasok\/parketta-es-padloalatet\/isolmass-padlo-es-valaszfal-szigeteles\/#primaryimage"},"image":{"@id":"https:\/\/insulation.trocellen.com\/hu\/alkalmazasok\/parketta-es-padloalatet\/isolmass-padlo-es-valaszfal-szigeteles\/#primaryimage"},"thumbnailUrl":"https:\/\/insulation.trocellen.com\/wp-content\/uploads\/sites\/6\/2023\/05\/parquet-underlay-fejlec.jpg","datePublished":"2013-12-12T17:20:13+00:00","dateModified":"2023-07-10T08:51:45+00:00","description":"Az Isolmass kombin\u00e1lt megold\u00e1sokat k\u00edn\u00e1l mindennapi felhaszn\u00e1l\u00e1sra az \u00e9p\u00edt\u0151iparban, amelyek neh\u00e9zlemez \u00e9s ellen\u00e1ll\u00f3 Trocellen hab t\u00e1rs\u00edt\u00e1s\u00e1val k\u00e9sz\u00fclnek","breadcrumb":{"@id":"https:\/\/insulation.trocellen.com\/hu\/alkalmazasok\/parketta-es-padloalatet\/isolmass-padlo-es-valaszfal-szigeteles\/#breadcrumb"},"inLanguage":"hu","potentialAction":[{"@type":"ReadAction","target":["https:\/\/insulation.trocellen.com\/hu\/alkalmazasok\/parketta-es-padloalatet\/isolmass-padlo-es-valaszfal-szigeteles\/"]}]},{"@type":"ImageObject","inLanguage":"hu","@id":"https:\/\/insulation.trocellen.com\/hu\/alkalmazasok\/parketta-es-padloalatet\/isolmass-padlo-es-valaszfal-szigeteles\/#primaryimage","url":"https:\/\/insulation.trocellen.com\/wp-content\/uploads\/sites\/6\/2023\/05\/parquet-underlay-fejlec.jpg","contentUrl":"https:\/\/insulation.trocellen.com\/wp-content\/uploads\/sites\/6\/2023\/05\/parquet-underlay-fejlec.jpg","width":1920,"height":300},{"@type":"BreadcrumbList","@id":"https:\/\/insulation.trocellen.com\/hu\/alkalmazasok\/parketta-es-padloalatet\/isolmass-padlo-es-valaszfal-szigeteles\/#breadcrumb","itemListElement":[{"@type":"ListItem","position":1,"name":"Home","item":"https:\/\/insulation.trocellen.com\/hu\/"},{"@type":"ListItem","position":2,"name":"Alkalmaz\u00e1sok","item":"https:\/\/insulation.trocellen.com\/hu\/alkalmazasok\/"},{"@type":"ListItem","position":3,"name":"Parketta- \u00e9s padl\u00f3al\u00e1t\u00e9t","item":"https:\/\/insulation.trocellen.com\/hu\/alkalmazasok\/parketta-es-padloalatet\/"},{"@type":"ListItem","position":4,"name":"Isolmass padl\u00f3 \u00e9s v\u00e1laszfal szigetel\u00e9s"}]},{"@type":"WebSite","@id":"https:\/\/insulation.trocellen.com\/hu\/#website","url":"https:\/\/insulation.trocellen.com\/hu\/","name":"Trocellen Insulation","description":"","potentialAction":[{"@type":"SearchAction","target":{"@type":"EntryPoint","urlTemplate":"https:\/\/insulation.trocellen.com\/hu\/?s={search_term_string}"},"query-input":{"@type":"PropertyValueSpecification","valueRequired":true,"valueName":"search_term_string"}}],"inLanguage":"hu"}]}},"_links":{"self":[{"href":"https:\/\/insulation.trocellen.com\/hu\/wp-json\/wp\/v2\/pages\/4166","targetHints":{"allow":["GET"]}}],"collection":[{"href":"https:\/\/insulation.trocellen.com\/hu\/wp-json\/wp\/v2\/pages"}],"about":[{"href":"https:\/\/insulation.trocellen.com\/hu\/wp-json\/wp\/v2\/types\/page"}],"author":[{"embeddable":true,"href":"https:\/\/insulation.trocellen.com\/hu\/wp-json\/wp\/v2\/users\/1"}],"replies":[{"embeddable":true,"href":"https:\/\/insulation.trocellen.com\/hu\/wp-json\/wp\/v2\/comments?post=4166"}],"version-history":[{"count":1,"href":"https:\/\/insulation.trocellen.com\/hu\/wp-json\/wp\/v2\/pages\/4166\/revisions"}],"predecessor-version":[{"id":9685,"href":"https:\/\/insulation.trocellen.com\/hu\/wp-json\/wp\/v2\/pages\/4166\/revisions\/9685"}],"up":[{"embeddable":true,"href":"https:\/\/insulation.trocellen.com\/hu\/wp-json\/wp\/v2\/pages\/4112"}],"wp:featuredmedia":[{"embeddable":true,"href":"https:\/\/insulation.trocellen.com\/hu\/wp-json\/wp\/v2\/media\/8862"}],"wp:attachment":[{"href":"https:\/\/insulation.trocellen.com\/hu\/wp-json\/wp\/v2\/media?parent=4166"}],"curies":[{"name":"wp","href":"https:\/\/api.w.org\/{rel}","templated":true}]}}