{"id":4154,"date":"2013-12-12T17:19:53","date_gmt":"2013-12-12T17:19:53","guid":{"rendered":"https:\/\/insulation-new.trocellen.com\/aplomb-22\/"},"modified":"2023-07-10T08:50:38","modified_gmt":"2023-07-10T08:50:38","slug":"aplomb-22","status":"publish","type":"page","link":"https:\/\/insulation.trocellen.com\/hu\/alkalmazasok\/parketta-es-padloalatet\/aplomb-22\/","title":{"rendered":"Aplomb 22"},"content":{"rendered":"<p>Sz\u00e1mtalan zajforr\u00e1s van jelen otthonainkban csak\u00fagy, mint \u00e9let\u00fcnk egy\u00e9b ter\u00fcletein.&nbsp;A Trocellen folyamatosan fejleszti hab-alap\u00fa megold\u00e1sait, hogy a legjobb h\u0151- \u00e9s hangszigetel\u00e9st \u00e9rje el az \u00d6n k\u00e9nyelme \u00e9rdek\u00e9ben. A Trocellen Aplomb term\u00e9kcsal\u00e1d t\u00f6bbr\u00e9teg\u0171 term\u00e9kekb\u0151l \u00e1ll, ahol az egy- vagy t\u00f6bbr\u00e9teg\u0171 \u00f3lomlemezt bevontuk rugalmas, hangtomp\u00edt\u00f3 \u00e9s zajelnyel\u0151 anyagokkal.<\/p>\n<p><a href=\"https:\/\/insulation.trocellen.com\/wp-content\/uploads\/sites\/6\/2013\/12\/aplomb-22.jpg\" rel=\"attachment wp-att-1334\"><img loading=\"lazy\" decoding=\"async\" class=\"alignnone size-full wp-image-1334\" src=\"https:\/\/insulation.trocellen.com\/wp-content\/uploads\/sites\/6\/2013\/12\/aplomb-22.jpg\" alt=\"aplomb-22\" width=\"800\" height=\"525\"><\/a><\/p>\n<h2>Aplomb 22 \u2013 fal \u00e9s padl\u00f3szigetel\u00e9shez<\/h2>\n<h3>\u00d6sszet\u00e9tel:<\/h3>\n<ul>\n<li>0,35 mm, 4kg\/m\u00b2 s\u00faly\u00fa \u00f3lomr\u00e9teg, mindk\u00e9t oldal\u00e1n&nbsp;egy-egy r\u00e9teg 3 mm vastag, vibr\u00e1ci\u00f3 elnyel\u0151, dombornyomott fekete filmr\u00e9teggel bevont PE habbal lamin\u00e1lva<\/li>\n<\/ul>\n<h3>Felhaszn\u00e1l\u00e1s:<\/h3>\n<ul>\n<li>Zajszigetel\u00e9s v\u00edzszintes ir\u00e1nyban<\/li>\n<li>Az Aplomb 22 alkalmaz\u00e1s\u00e1nak c\u00e9lja, hogy megakad\u00e1lyozzuk a zaj terjed\u00e9s\u00e9t egy adott k\u00f6rnyezetb\u0151l vagy k\u00f6rnyezetbe (k\u00fcl\u00f6n\u00f6sen az alacsony frekvenci\u00e1j\u00fa zajokat)<\/li>\n<li>A term\u00e9k \u00f6ntapad\u00f3s v\u00e1ltozatban is kaphat\u00f3, csak ideiglenes alkalmaz\u00e1sra, a biztons\u00e1gosabb \u00e9s k\u00f6nnyebb telep\u00edt\u00e9si szakasz \u00e9rdek\u00e9ben. Ezut\u00e1n a term\u00e9ket mechanikus r\u00f6gz\u00edt\u00e9sekkel kell v\u00e9glegesen r\u00f6gz\u00edteni<\/li>\n<\/ul>\n","protected":false},"excerpt":{"rendered":"<p>Sz\u00e1mtalan zajforr\u00e1s van jelen otthonainkban csak\u00fagy, mint \u00e9let\u00fcnk egy\u00e9b ter\u00fcletein.&nbsp;A Trocellen folyamatosan fejleszti hab-alap\u00fa megold\u00e1sait, hogy a legjobb h\u0151- \u00e9s hangszigetel\u00e9st \u00e9rje el az \u00d6n k\u00e9nyelme \u00e9rdek\u00e9ben. A Trocellen Aplomb term\u00e9kcsal\u00e1d t\u00f6bbr\u00e9teg\u0171 term\u00e9kekb\u0151l \u00e1ll, ahol az egy- vagy t\u00f6bbr\u00e9teg\u0171 \u00f3lomlemezt bevontuk rugalmas, hangtomp\u00edt\u00f3 \u00e9s zajelnyel\u0151 anyagokkal. Aplomb 22 \u2013 fal \u00e9s padl\u00f3szigetel\u00e9shez \u00d6sszet\u00e9tel: 0,35 mm, [&hellip;]<\/p>\n","protected":false},"author":1,"featured_media":0,"parent":4112,"menu_order":200,"comment_status":"open","ping_status":"closed","template":"templates\/applications.php","meta":{"_acf_changed":false,"footnotes":""},"class_list":["post-4154","page","type-page","status-publish","hentry"],"acf":[],"yoast_head":"<!-- This site is optimized with the Yoast SEO plugin v23.5 - https:\/\/yoast.com\/wordpress\/plugins\/seo\/ -->\n<title>Az Aplomb 22 kiv\u00e1l\u00f3 zajszigetel\u0151 falakhoz \u00e9s padl\u00f3khoz<\/title>\n<meta name=\"description\" content=\"A Trocellen Aplomb term\u00e9kcsal\u00e1d t\u00f6bbr\u00e9teg\u0171 term\u00e9kekb\u0151l \u00e1ll, ahol egy \u00f3lomlemezt bevontuk rugalmas, hangtomp\u00edt\u00f3 \u00e9s zajelnyel\u0151 anyagokkal.\" \/>\n<meta name=\"robots\" content=\"index, follow, max-snippet:-1, max-image-preview:large, max-video-preview:-1\" \/>\n<link rel=\"canonical\" href=\"https:\/\/insulation.trocellen.com\/hu\/alkalmazasok\/parketta-es-padloalatet\/aplomb-22\/\" \/>\n<meta property=\"og:locale\" content=\"hu_HU\" \/>\n<meta property=\"og:type\" content=\"article\" \/>\n<meta property=\"og:title\" content=\"Az Aplomb 22 kiv\u00e1l\u00f3 zajszigetel\u0151 falakhoz \u00e9s padl\u00f3khoz\" \/>\n<meta property=\"og:description\" content=\"A Trocellen Aplomb term\u00e9kcsal\u00e1d t\u00f6bbr\u00e9teg\u0171 term\u00e9kekb\u0151l \u00e1ll, ahol egy \u00f3lomlemezt bevontuk rugalmas, hangtomp\u00edt\u00f3 \u00e9s zajelnyel\u0151 anyagokkal.\" \/>\n<meta property=\"og:url\" content=\"https:\/\/insulation.trocellen.com\/hu\/alkalmazasok\/parketta-es-padloalatet\/aplomb-22\/\" \/>\n<meta property=\"og:site_name\" content=\"Trocellen Insulation\" \/>\n<meta property=\"article:modified_time\" content=\"2023-07-10T08:50:38+00:00\" \/>\n<meta property=\"og:image\" content=\"https:\/\/insulation.trocellen.com\/wp-content\/uploads\/sites\/6\/2013\/12\/aplomb-22.jpg\" \/>\n<meta name=\"twitter:card\" content=\"summary_large_image\" \/>\n<meta name=\"twitter:label1\" content=\"Becs\u00fclt olvas\u00e1si id\u0151\" \/>\n\t<meta name=\"twitter:data1\" content=\"1 perc\" \/>\n<script type=\"application\/ld+json\" class=\"yoast-schema-graph\">{\"@context\":\"https:\/\/schema.org\",\"@graph\":[{\"@type\":\"WebPage\",\"@id\":\"https:\/\/insulation.trocellen.com\/hu\/alkalmazasok\/parketta-es-padloalatet\/aplomb-22\/\",\"url\":\"https:\/\/insulation.trocellen.com\/hu\/alkalmazasok\/parketta-es-padloalatet\/aplomb-22\/\",\"name\":\"Az Aplomb 22 kiv\u00e1l\u00f3 zajszigetel\u0151 falakhoz \u00e9s padl\u00f3khoz\",\"isPartOf\":{\"@id\":\"https:\/\/insulation.trocellen.com\/hu\/#website\"},\"primaryImageOfPage\":{\"@id\":\"https:\/\/insulation.trocellen.com\/hu\/alkalmazasok\/parketta-es-padloalatet\/aplomb-22\/#primaryimage\"},\"image\":{\"@id\":\"https:\/\/insulation.trocellen.com\/hu\/alkalmazasok\/parketta-es-padloalatet\/aplomb-22\/#primaryimage\"},\"thumbnailUrl\":\"https:\/\/insulation.trocellen.com\/wp-content\/uploads\/sites\/6\/2013\/12\/aplomb-22.jpg\",\"datePublished\":\"2013-12-12T17:19:53+00:00\",\"dateModified\":\"2023-07-10T08:50:38+00:00\",\"description\":\"A Trocellen Aplomb term\u00e9kcsal\u00e1d t\u00f6bbr\u00e9teg\u0171 term\u00e9kekb\u0151l \u00e1ll, ahol egy \u00f3lomlemezt bevontuk rugalmas, hangtomp\u00edt\u00f3 \u00e9s zajelnyel\u0151 anyagokkal.\",\"breadcrumb\":{\"@id\":\"https:\/\/insulation.trocellen.com\/hu\/alkalmazasok\/parketta-es-padloalatet\/aplomb-22\/#breadcrumb\"},\"inLanguage\":\"hu\",\"potentialAction\":[{\"@type\":\"ReadAction\",\"target\":[\"https:\/\/insulation.trocellen.com\/hu\/alkalmazasok\/parketta-es-padloalatet\/aplomb-22\/\"]}]},{\"@type\":\"ImageObject\",\"inLanguage\":\"hu\",\"@id\":\"https:\/\/insulation.trocellen.com\/hu\/alkalmazasok\/parketta-es-padloalatet\/aplomb-22\/#primaryimage\",\"url\":\"https:\/\/insulation.trocellen.com\/wp-content\/uploads\/sites\/6\/2013\/12\/aplomb-22.jpg\",\"contentUrl\":\"https:\/\/insulation.trocellen.com\/wp-content\/uploads\/sites\/6\/2013\/12\/aplomb-22.jpg\"},{\"@type\":\"BreadcrumbList\",\"@id\":\"https:\/\/insulation.trocellen.com\/hu\/alkalmazasok\/parketta-es-padloalatet\/aplomb-22\/#breadcrumb\",\"itemListElement\":[{\"@type\":\"ListItem\",\"position\":1,\"name\":\"Home\",\"item\":\"https:\/\/insulation.trocellen.com\/hu\/\"},{\"@type\":\"ListItem\",\"position\":2,\"name\":\"Alkalmaz\u00e1sok\",\"item\":\"https:\/\/insulation.trocellen.com\/hu\/alkalmazasok\/\"},{\"@type\":\"ListItem\",\"position\":3,\"name\":\"Parketta- \u00e9s padl\u00f3al\u00e1t\u00e9t\",\"item\":\"https:\/\/insulation.trocellen.com\/hu\/alkalmazasok\/parketta-es-padloalatet\/\"},{\"@type\":\"ListItem\",\"position\":4,\"name\":\"Aplomb 22\"}]},{\"@type\":\"WebSite\",\"@id\":\"https:\/\/insulation.trocellen.com\/hu\/#website\",\"url\":\"https:\/\/insulation.trocellen.com\/hu\/\",\"name\":\"Trocellen Insulation\",\"description\":\"\",\"potentialAction\":[{\"@type\":\"SearchAction\",\"target\":{\"@type\":\"EntryPoint\",\"urlTemplate\":\"https:\/\/insulation.trocellen.com\/hu\/?s={search_term_string}\"},\"query-input\":{\"@type\":\"PropertyValueSpecification\",\"valueRequired\":true,\"valueName\":\"search_term_string\"}}],\"inLanguage\":\"hu\"}]}<\/script>\n<!-- \/ Yoast SEO plugin. -->","yoast_head_json":{"title":"Az Aplomb 22 kiv\u00e1l\u00f3 zajszigetel\u0151 falakhoz \u00e9s padl\u00f3khoz","description":"A Trocellen Aplomb term\u00e9kcsal\u00e1d t\u00f6bbr\u00e9teg\u0171 term\u00e9kekb\u0151l \u00e1ll, ahol egy \u00f3lomlemezt bevontuk rugalmas, hangtomp\u00edt\u00f3 \u00e9s zajelnyel\u0151 anyagokkal.","robots":{"index":"index","follow":"follow","max-snippet":"max-snippet:-1","max-image-preview":"max-image-preview:large","max-video-preview":"max-video-preview:-1"},"canonical":"https:\/\/insulation.trocellen.com\/hu\/alkalmazasok\/parketta-es-padloalatet\/aplomb-22\/","og_locale":"hu_HU","og_type":"article","og_title":"Az Aplomb 22 kiv\u00e1l\u00f3 zajszigetel\u0151 falakhoz \u00e9s padl\u00f3khoz","og_description":"A Trocellen Aplomb term\u00e9kcsal\u00e1d t\u00f6bbr\u00e9teg\u0171 term\u00e9kekb\u0151l \u00e1ll, ahol egy \u00f3lomlemezt bevontuk rugalmas, hangtomp\u00edt\u00f3 \u00e9s zajelnyel\u0151 anyagokkal.","og_url":"https:\/\/insulation.trocellen.com\/hu\/alkalmazasok\/parketta-es-padloalatet\/aplomb-22\/","og_site_name":"Trocellen Insulation","article_modified_time":"2023-07-10T08:50:38+00:00","og_image":[{"url":"https:\/\/insulation.trocellen.com\/wp-content\/uploads\/sites\/6\/2013\/12\/aplomb-22.jpg"}],"twitter_card":"summary_large_image","twitter_misc":{"Becs\u00fclt olvas\u00e1si id\u0151":"1 perc"},"schema":{"@context":"https:\/\/schema.org","@graph":[{"@type":"WebPage","@id":"https:\/\/insulation.trocellen.com\/hu\/alkalmazasok\/parketta-es-padloalatet\/aplomb-22\/","url":"https:\/\/insulation.trocellen.com\/hu\/alkalmazasok\/parketta-es-padloalatet\/aplomb-22\/","name":"Az Aplomb 22 kiv\u00e1l\u00f3 zajszigetel\u0151 falakhoz \u00e9s padl\u00f3khoz","isPartOf":{"@id":"https:\/\/insulation.trocellen.com\/hu\/#website"},"primaryImageOfPage":{"@id":"https:\/\/insulation.trocellen.com\/hu\/alkalmazasok\/parketta-es-padloalatet\/aplomb-22\/#primaryimage"},"image":{"@id":"https:\/\/insulation.trocellen.com\/hu\/alkalmazasok\/parketta-es-padloalatet\/aplomb-22\/#primaryimage"},"thumbnailUrl":"https:\/\/insulation.trocellen.com\/wp-content\/uploads\/sites\/6\/2013\/12\/aplomb-22.jpg","datePublished":"2013-12-12T17:19:53+00:00","dateModified":"2023-07-10T08:50:38+00:00","description":"A Trocellen Aplomb term\u00e9kcsal\u00e1d t\u00f6bbr\u00e9teg\u0171 term\u00e9kekb\u0151l \u00e1ll, ahol egy \u00f3lomlemezt bevontuk rugalmas, hangtomp\u00edt\u00f3 \u00e9s zajelnyel\u0151 anyagokkal.","breadcrumb":{"@id":"https:\/\/insulation.trocellen.com\/hu\/alkalmazasok\/parketta-es-padloalatet\/aplomb-22\/#breadcrumb"},"inLanguage":"hu","potentialAction":[{"@type":"ReadAction","target":["https:\/\/insulation.trocellen.com\/hu\/alkalmazasok\/parketta-es-padloalatet\/aplomb-22\/"]}]},{"@type":"ImageObject","inLanguage":"hu","@id":"https:\/\/insulation.trocellen.com\/hu\/alkalmazasok\/parketta-es-padloalatet\/aplomb-22\/#primaryimage","url":"https:\/\/insulation.trocellen.com\/wp-content\/uploads\/sites\/6\/2013\/12\/aplomb-22.jpg","contentUrl":"https:\/\/insulation.trocellen.com\/wp-content\/uploads\/sites\/6\/2013\/12\/aplomb-22.jpg"},{"@type":"BreadcrumbList","@id":"https:\/\/insulation.trocellen.com\/hu\/alkalmazasok\/parketta-es-padloalatet\/aplomb-22\/#breadcrumb","itemListElement":[{"@type":"ListItem","position":1,"name":"Home","item":"https:\/\/insulation.trocellen.com\/hu\/"},{"@type":"ListItem","position":2,"name":"Alkalmaz\u00e1sok","item":"https:\/\/insulation.trocellen.com\/hu\/alkalmazasok\/"},{"@type":"ListItem","position":3,"name":"Parketta- \u00e9s padl\u00f3al\u00e1t\u00e9t","item":"https:\/\/insulation.trocellen.com\/hu\/alkalmazasok\/parketta-es-padloalatet\/"},{"@type":"ListItem","position":4,"name":"Aplomb 22"}]},{"@type":"WebSite","@id":"https:\/\/insulation.trocellen.com\/hu\/#website","url":"https:\/\/insulation.trocellen.com\/hu\/","name":"Trocellen Insulation","description":"","potentialAction":[{"@type":"SearchAction","target":{"@type":"EntryPoint","urlTemplate":"https:\/\/insulation.trocellen.com\/hu\/?s={search_term_string}"},"query-input":{"@type":"PropertyValueSpecification","valueRequired":true,"valueName":"search_term_string"}}],"inLanguage":"hu"}]}},"_links":{"self":[{"href":"https:\/\/insulation.trocellen.com\/hu\/wp-json\/wp\/v2\/pages\/4154","targetHints":{"allow":["GET"]}}],"collection":[{"href":"https:\/\/insulation.trocellen.com\/hu\/wp-json\/wp\/v2\/pages"}],"about":[{"href":"https:\/\/insulation.trocellen.com\/hu\/wp-json\/wp\/v2\/types\/page"}],"author":[{"embeddable":true,"href":"https:\/\/insulation.trocellen.com\/hu\/wp-json\/wp\/v2\/users\/1"}],"replies":[{"embeddable":true,"href":"https:\/\/insulation.trocellen.com\/hu\/wp-json\/wp\/v2\/comments?post=4154"}],"version-history":[{"count":1,"href":"https:\/\/insulation.trocellen.com\/hu\/wp-json\/wp\/v2\/pages\/4154\/revisions"}],"predecessor-version":[{"id":9683,"href":"https:\/\/insulation.trocellen.com\/hu\/wp-json\/wp\/v2\/pages\/4154\/revisions\/9683"}],"up":[{"embeddable":true,"href":"https:\/\/insulation.trocellen.com\/hu\/wp-json\/wp\/v2\/pages\/4112"}],"wp:attachment":[{"href":"https:\/\/insulation.trocellen.com\/hu\/wp-json\/wp\/v2\/media?parent=4154"}],"curies":[{"name":"wp","href":"https:\/\/api.w.org\/{rel}","templated":true}]}}