{"id":4148,"date":"2013-12-12T17:19:36","date_gmt":"2013-12-12T17:19:36","guid":{"rendered":"https:\/\/insulation-new.trocellen.com\/trocellen-parkettaalatet\/"},"modified":"2023-07-10T08:52:16","modified_gmt":"2023-07-10T08:52:16","slug":"trocellen-parkettaalatet","status":"publish","type":"page","link":"https:\/\/insulation.trocellen.com\/hu\/alkalmazasok\/parketta-es-padloalatet\/trocellen-parkettaalatet\/","title":{"rendered":"Trocellen parkettaal\u00e1t\u00e9t"},"content":{"rendered":"<p>A Trocellen sz\u00e9les v\u00e1laszt\u00e9kban k\u00edn\u00e1lja hangszigetel\u0151 term\u00e9keit a legk\u00fcl\u00f6nf\u00e9l\u00e9bb alkalmaz\u00e1sokra, a komfort\u00e9rzet n\u00f6vel\u00e9s\u00e9re.<br \/>\nA parkettaal\u00e1t\u00e9t megold\u00e1saink az \u201c\u00fasztatott padl\u00f3\u201d elv megval\u00f3s\u00edt\u00e1s\u00e1t teszik lehet\u0151v\u00e9, \u00e9s egyben ide\u00e1lisak a kopog\u00f3hangok csillap\u00edt\u00e1s\u00e1ra.<\/p>\n<h2>Term\u00e9kv\u00e1laszt\u00e9k<\/h2>\n<p><img loading=\"lazy\" decoding=\"async\" class=\"size-full wp-image-179 alignright\" src=\"https:\/\/insulation.trocellen.com\/wp-content\/uploads\/sites\/6\/2013\/12\/parquet1.jpg\" alt=\"parquet1\" width=\"163\" height=\"104\"><\/p>\n<h3>Trocellen VN:<\/h3>\n<ul>\n<li>Fizikailag t\u00e9rh\u00e1l\u00f3s\u00edtott PE hab<\/li>\n<li>Tests\u0171r\u0171s\u00e9g: 30 kg\/m\u00b3<\/li>\n<\/ul>\n<h3>Trocellen AL:<\/h3>\n<ul>\n<li>K\u00e9miailag t\u00e9rh\u00e1l\u00f3s\u00edtott PE hab, pr\u00e9gelt fel\u00fclet\u0171, karc\u00e1ll\u00f3 f\u00e9mg\u0151z\u00f6lt f\u00f3li\u00e1val (30 micron) lamin\u00e1lva, sz\u00e9lszegetten<\/li>\n<li>Tests\u0171r\u0171s\u00e9g: 30 kg\/m\u00b3<\/li>\n<\/ul>\n<h2>Term\u00e9k jellemz\u0151k<\/h2>\n<table class=\"green-table\">\n<thead>\n<tr>\n<th class=\"green-table-first-cell\"><\/th>\n<th>Szabv\u00e1ny<\/th>\n<th>Egys\u00e9g<\/th>\n<th>Trocellen<br \/>\nVN<\/th>\n<th>&nbsp;Trocellen<br \/>\nAL<\/th>\n<\/tr>\n<\/thead>\n<tbody>\n<tr>\n<th>Vastags\u00e1g<\/th>\n<td>EN ISO 1923<\/td>\n<td>&nbsp;mm<\/td>\n<td>&nbsp;2-3<\/td>\n<td>&nbsp;2,5<\/td>\n<\/tr>\n<tr>\n<th>M\u00e9retstabilit\u00e1s (&lt;5%)<\/th>\n<td>ISO 2796<\/td>\n<td>\u00b0C<\/td>\n<td>90<\/td>\n<td>100<\/td>\n<\/tr>\n<tr>\n<th>H\u0151vezet\u00e9si t\u00e9nyez\u0151 10\u00b0C-on (\u03bb)<\/th>\n<td>EN 12667<\/td>\n<td>W\/mK<br \/>\nkcal\/mh\u00b0C<\/td>\n<td>0,0367<br \/>\n0,0317<\/td>\n<td>0,0367<br \/>\n0,0317<\/td>\n<\/tr>\n<tr>\n<th>L\u00e9p\u00e9s \u00e9s kopog\u00f3hangg\u00e1tl\u00e1s \u0394Lw<\/th>\n<td>EN ISO 140\/6-8<br \/>\nEN ISO 717\/2<\/td>\n<td>dB<\/td>\n<td>&nbsp;5 mm: 23,5<\/td>\n<td>NF S<br \/>\n31.053: 20<\/td>\n<\/tr>\n<\/tbody>\n<\/table>\n<h2>Alkalmaz\u00e1si el\u0151ny\u00f6k<\/h2>\n<ul>\n<li>V\u00e9di az eg\u00e9szs\u00e9g\u00e9t \u2013 nem m\u00e9rgez\u0151, allergi\u00e1t nem okoz, gombamentes, \u00fajrahasznos\u00edthat\u00f3<\/li>\n<li>K\u00f6rnyezetk\u00edm\u00e9l\u0151 \u2013 k\u00f6nny\u0171 \u2013 k\u00f6nnyen sz\u00e1ll\u00edthat\u00f3 \u00e9s mozgathat\u00f3<\/li>\n<li>Id\u0151megtakar\u00edt\u00e1s \u2013 rugalmas \u2013 k\u00f6nnyen szerelhet\u0151<\/li>\n<li>Komfort \u2013 kiv\u00e1l\u00f3 l\u00e9p\u00e9s- \u00e9s kopog\u00f3hang csillap\u00edt\u00e1s<\/li>\n<li>Kiv\u00e1l\u00f3 tehervisel\u00e9s. Padl\u00f3f\u0171t\u00e9shez is alkalmas<\/li>\n<li>V\u00e9di a padl\u00f3t \u2013 p\u00e1raz\u00e1r\u00f3 k\u00e9pess\u00e9g<\/li>\n<li>K\u00f6lts\u00e9gtakar\u00e9kos \u2013 hossz\u00fa \u00e9lettartam<\/li>\n<\/ul>\n","protected":false},"excerpt":{"rendered":"<p>A Trocellen sz\u00e9les v\u00e1laszt\u00e9kban k\u00edn\u00e1lja hangszigetel\u0151 term\u00e9keit a legk\u00fcl\u00f6nf\u00e9l\u00e9bb alkalmaz\u00e1sokra, a komfort\u00e9rzet n\u00f6vel\u00e9s\u00e9re. A parkettaal\u00e1t\u00e9t megold\u00e1saink az \u201c\u00fasztatott padl\u00f3\u201d elv megval\u00f3s\u00edt\u00e1s\u00e1t teszik lehet\u0151v\u00e9, \u00e9s egyben ide\u00e1lisak a kopog\u00f3hangok csillap\u00edt\u00e1s\u00e1ra. Term\u00e9kv\u00e1laszt\u00e9k Trocellen VN: Fizikailag t\u00e9rh\u00e1l\u00f3s\u00edtott PE hab Tests\u0171r\u0171s\u00e9g: 30 kg\/m\u00b3 Trocellen AL: K\u00e9miailag t\u00e9rh\u00e1l\u00f3s\u00edtott PE hab, pr\u00e9gelt fel\u00fclet\u0171, karc\u00e1ll\u00f3 f\u00e9mg\u0151z\u00f6lt f\u00f3li\u00e1val (30 micron) lamin\u00e1lva, sz\u00e9lszegetten Tests\u0171r\u0171s\u00e9g: [&hellip;]<\/p>\n","protected":false},"author":1,"featured_media":8862,"parent":4112,"menu_order":100,"comment_status":"open","ping_status":"closed","template":"templates\/applications.php","meta":{"_acf_changed":false,"footnotes":""},"class_list":["post-4148","page","type-page","status-publish","has-post-thumbnail","hentry"],"acf":[],"yoast_head":"<!-- This site is optimized with the Yoast SEO plugin v23.5 - https:\/\/yoast.com\/wordpress\/plugins\/seo\/ -->\n<title>A Trocellen professzion\u00e1lis parkettaal\u00e1t\u00e9t-megold\u00e1sa<\/title>\n<meta name=\"description\" content=\"A Trocellen parkettaal\u00e1t\u00e9t-megold\u00e1sait az \u201c\u00fasztatottpadl\u00f3\u201d-technik\u00e1val kell alkalmazni. Ide\u00e1lisak a kopog\u00f3hangok csillap\u00edt\u00e1s\u00e1ra.\" \/>\n<meta name=\"robots\" content=\"index, follow, max-snippet:-1, max-image-preview:large, max-video-preview:-1\" \/>\n<link rel=\"canonical\" href=\"https:\/\/insulation.trocellen.com\/hu\/alkalmazasok\/parketta-es-padloalatet\/trocellen-parkettaalatet\/\" \/>\n<meta property=\"og:locale\" content=\"hu_HU\" \/>\n<meta property=\"og:type\" content=\"article\" \/>\n<meta property=\"og:title\" content=\"A Trocellen professzion\u00e1lis parkettaal\u00e1t\u00e9t-megold\u00e1sa\" \/>\n<meta property=\"og:description\" content=\"A Trocellen parkettaal\u00e1t\u00e9t-megold\u00e1sait az \u201c\u00fasztatottpadl\u00f3\u201d-technik\u00e1val kell alkalmazni. Ide\u00e1lisak a kopog\u00f3hangok csillap\u00edt\u00e1s\u00e1ra.\" \/>\n<meta property=\"og:url\" content=\"https:\/\/insulation.trocellen.com\/hu\/alkalmazasok\/parketta-es-padloalatet\/trocellen-parkettaalatet\/\" \/>\n<meta property=\"og:site_name\" content=\"Trocellen Insulation\" \/>\n<meta property=\"article:modified_time\" content=\"2023-07-10T08:52:16+00:00\" \/>\n<meta property=\"og:image\" content=\"https:\/\/insulation.trocellen.com\/wp-content\/uploads\/sites\/6\/2023\/05\/parquet-underlay-fejlec.jpg\" \/>\n\t<meta property=\"og:image:width\" content=\"1920\" \/>\n\t<meta property=\"og:image:height\" content=\"300\" \/>\n\t<meta property=\"og:image:type\" content=\"image\/jpeg\" \/>\n<meta name=\"twitter:card\" content=\"summary_large_image\" \/>\n<meta name=\"twitter:label1\" content=\"Becs\u00fclt olvas\u00e1si id\u0151\" \/>\n\t<meta name=\"twitter:data1\" content=\"1 perc\" \/>\n<script type=\"application\/ld+json\" class=\"yoast-schema-graph\">{\"@context\":\"https:\/\/schema.org\",\"@graph\":[{\"@type\":\"WebPage\",\"@id\":\"https:\/\/insulation.trocellen.com\/hu\/alkalmazasok\/parketta-es-padloalatet\/trocellen-parkettaalatet\/\",\"url\":\"https:\/\/insulation.trocellen.com\/hu\/alkalmazasok\/parketta-es-padloalatet\/trocellen-parkettaalatet\/\",\"name\":\"A Trocellen professzion\u00e1lis parkettaal\u00e1t\u00e9t-megold\u00e1sa\",\"isPartOf\":{\"@id\":\"https:\/\/insulation.trocellen.com\/hu\/#website\"},\"primaryImageOfPage\":{\"@id\":\"https:\/\/insulation.trocellen.com\/hu\/alkalmazasok\/parketta-es-padloalatet\/trocellen-parkettaalatet\/#primaryimage\"},\"image\":{\"@id\":\"https:\/\/insulation.trocellen.com\/hu\/alkalmazasok\/parketta-es-padloalatet\/trocellen-parkettaalatet\/#primaryimage\"},\"thumbnailUrl\":\"https:\/\/insulation.trocellen.com\/wp-content\/uploads\/sites\/6\/2023\/05\/parquet-underlay-fejlec.jpg\",\"datePublished\":\"2013-12-12T17:19:36+00:00\",\"dateModified\":\"2023-07-10T08:52:16+00:00\",\"description\":\"A Trocellen parkettaal\u00e1t\u00e9t-megold\u00e1sait az \u201c\u00fasztatottpadl\u00f3\u201d-technik\u00e1val kell alkalmazni. Ide\u00e1lisak a kopog\u00f3hangok csillap\u00edt\u00e1s\u00e1ra.\",\"breadcrumb\":{\"@id\":\"https:\/\/insulation.trocellen.com\/hu\/alkalmazasok\/parketta-es-padloalatet\/trocellen-parkettaalatet\/#breadcrumb\"},\"inLanguage\":\"hu\",\"potentialAction\":[{\"@type\":\"ReadAction\",\"target\":[\"https:\/\/insulation.trocellen.com\/hu\/alkalmazasok\/parketta-es-padloalatet\/trocellen-parkettaalatet\/\"]}]},{\"@type\":\"ImageObject\",\"inLanguage\":\"hu\",\"@id\":\"https:\/\/insulation.trocellen.com\/hu\/alkalmazasok\/parketta-es-padloalatet\/trocellen-parkettaalatet\/#primaryimage\",\"url\":\"https:\/\/insulation.trocellen.com\/wp-content\/uploads\/sites\/6\/2023\/05\/parquet-underlay-fejlec.jpg\",\"contentUrl\":\"https:\/\/insulation.trocellen.com\/wp-content\/uploads\/sites\/6\/2023\/05\/parquet-underlay-fejlec.jpg\",\"width\":1920,\"height\":300},{\"@type\":\"BreadcrumbList\",\"@id\":\"https:\/\/insulation.trocellen.com\/hu\/alkalmazasok\/parketta-es-padloalatet\/trocellen-parkettaalatet\/#breadcrumb\",\"itemListElement\":[{\"@type\":\"ListItem\",\"position\":1,\"name\":\"Home\",\"item\":\"https:\/\/insulation.trocellen.com\/hu\/\"},{\"@type\":\"ListItem\",\"position\":2,\"name\":\"Alkalmaz\u00e1sok\",\"item\":\"https:\/\/insulation.trocellen.com\/hu\/alkalmazasok\/\"},{\"@type\":\"ListItem\",\"position\":3,\"name\":\"Parketta- \u00e9s padl\u00f3al\u00e1t\u00e9t\",\"item\":\"https:\/\/insulation.trocellen.com\/hu\/alkalmazasok\/parketta-es-padloalatet\/\"},{\"@type\":\"ListItem\",\"position\":4,\"name\":\"Trocellen parkettaal\u00e1t\u00e9t\"}]},{\"@type\":\"WebSite\",\"@id\":\"https:\/\/insulation.trocellen.com\/hu\/#website\",\"url\":\"https:\/\/insulation.trocellen.com\/hu\/\",\"name\":\"Trocellen Insulation\",\"description\":\"\",\"potentialAction\":[{\"@type\":\"SearchAction\",\"target\":{\"@type\":\"EntryPoint\",\"urlTemplate\":\"https:\/\/insulation.trocellen.com\/hu\/?s={search_term_string}\"},\"query-input\":{\"@type\":\"PropertyValueSpecification\",\"valueRequired\":true,\"valueName\":\"search_term_string\"}}],\"inLanguage\":\"hu\"}]}<\/script>\n<!-- \/ Yoast SEO plugin. -->","yoast_head_json":{"title":"A Trocellen professzion\u00e1lis parkettaal\u00e1t\u00e9t-megold\u00e1sa","description":"A Trocellen parkettaal\u00e1t\u00e9t-megold\u00e1sait az \u201c\u00fasztatottpadl\u00f3\u201d-technik\u00e1val kell alkalmazni. Ide\u00e1lisak a kopog\u00f3hangok csillap\u00edt\u00e1s\u00e1ra.","robots":{"index":"index","follow":"follow","max-snippet":"max-snippet:-1","max-image-preview":"max-image-preview:large","max-video-preview":"max-video-preview:-1"},"canonical":"https:\/\/insulation.trocellen.com\/hu\/alkalmazasok\/parketta-es-padloalatet\/trocellen-parkettaalatet\/","og_locale":"hu_HU","og_type":"article","og_title":"A Trocellen professzion\u00e1lis parkettaal\u00e1t\u00e9t-megold\u00e1sa","og_description":"A Trocellen parkettaal\u00e1t\u00e9t-megold\u00e1sait az \u201c\u00fasztatottpadl\u00f3\u201d-technik\u00e1val kell alkalmazni. Ide\u00e1lisak a kopog\u00f3hangok csillap\u00edt\u00e1s\u00e1ra.","og_url":"https:\/\/insulation.trocellen.com\/hu\/alkalmazasok\/parketta-es-padloalatet\/trocellen-parkettaalatet\/","og_site_name":"Trocellen Insulation","article_modified_time":"2023-07-10T08:52:16+00:00","og_image":[{"width":1920,"height":300,"url":"https:\/\/insulation.trocellen.com\/wp-content\/uploads\/sites\/6\/2023\/05\/parquet-underlay-fejlec.jpg","type":"image\/jpeg"}],"twitter_card":"summary_large_image","twitter_misc":{"Becs\u00fclt olvas\u00e1si id\u0151":"1 perc"},"schema":{"@context":"https:\/\/schema.org","@graph":[{"@type":"WebPage","@id":"https:\/\/insulation.trocellen.com\/hu\/alkalmazasok\/parketta-es-padloalatet\/trocellen-parkettaalatet\/","url":"https:\/\/insulation.trocellen.com\/hu\/alkalmazasok\/parketta-es-padloalatet\/trocellen-parkettaalatet\/","name":"A Trocellen professzion\u00e1lis parkettaal\u00e1t\u00e9t-megold\u00e1sa","isPartOf":{"@id":"https:\/\/insulation.trocellen.com\/hu\/#website"},"primaryImageOfPage":{"@id":"https:\/\/insulation.trocellen.com\/hu\/alkalmazasok\/parketta-es-padloalatet\/trocellen-parkettaalatet\/#primaryimage"},"image":{"@id":"https:\/\/insulation.trocellen.com\/hu\/alkalmazasok\/parketta-es-padloalatet\/trocellen-parkettaalatet\/#primaryimage"},"thumbnailUrl":"https:\/\/insulation.trocellen.com\/wp-content\/uploads\/sites\/6\/2023\/05\/parquet-underlay-fejlec.jpg","datePublished":"2013-12-12T17:19:36+00:00","dateModified":"2023-07-10T08:52:16+00:00","description":"A Trocellen parkettaal\u00e1t\u00e9t-megold\u00e1sait az \u201c\u00fasztatottpadl\u00f3\u201d-technik\u00e1val kell alkalmazni. Ide\u00e1lisak a kopog\u00f3hangok csillap\u00edt\u00e1s\u00e1ra.","breadcrumb":{"@id":"https:\/\/insulation.trocellen.com\/hu\/alkalmazasok\/parketta-es-padloalatet\/trocellen-parkettaalatet\/#breadcrumb"},"inLanguage":"hu","potentialAction":[{"@type":"ReadAction","target":["https:\/\/insulation.trocellen.com\/hu\/alkalmazasok\/parketta-es-padloalatet\/trocellen-parkettaalatet\/"]}]},{"@type":"ImageObject","inLanguage":"hu","@id":"https:\/\/insulation.trocellen.com\/hu\/alkalmazasok\/parketta-es-padloalatet\/trocellen-parkettaalatet\/#primaryimage","url":"https:\/\/insulation.trocellen.com\/wp-content\/uploads\/sites\/6\/2023\/05\/parquet-underlay-fejlec.jpg","contentUrl":"https:\/\/insulation.trocellen.com\/wp-content\/uploads\/sites\/6\/2023\/05\/parquet-underlay-fejlec.jpg","width":1920,"height":300},{"@type":"BreadcrumbList","@id":"https:\/\/insulation.trocellen.com\/hu\/alkalmazasok\/parketta-es-padloalatet\/trocellen-parkettaalatet\/#breadcrumb","itemListElement":[{"@type":"ListItem","position":1,"name":"Home","item":"https:\/\/insulation.trocellen.com\/hu\/"},{"@type":"ListItem","position":2,"name":"Alkalmaz\u00e1sok","item":"https:\/\/insulation.trocellen.com\/hu\/alkalmazasok\/"},{"@type":"ListItem","position":3,"name":"Parketta- \u00e9s padl\u00f3al\u00e1t\u00e9t","item":"https:\/\/insulation.trocellen.com\/hu\/alkalmazasok\/parketta-es-padloalatet\/"},{"@type":"ListItem","position":4,"name":"Trocellen parkettaal\u00e1t\u00e9t"}]},{"@type":"WebSite","@id":"https:\/\/insulation.trocellen.com\/hu\/#website","url":"https:\/\/insulation.trocellen.com\/hu\/","name":"Trocellen Insulation","description":"","potentialAction":[{"@type":"SearchAction","target":{"@type":"EntryPoint","urlTemplate":"https:\/\/insulation.trocellen.com\/hu\/?s={search_term_string}"},"query-input":{"@type":"PropertyValueSpecification","valueRequired":true,"valueName":"search_term_string"}}],"inLanguage":"hu"}]}},"_links":{"self":[{"href":"https:\/\/insulation.trocellen.com\/hu\/wp-json\/wp\/v2\/pages\/4148","targetHints":{"allow":["GET"]}}],"collection":[{"href":"https:\/\/insulation.trocellen.com\/hu\/wp-json\/wp\/v2\/pages"}],"about":[{"href":"https:\/\/insulation.trocellen.com\/hu\/wp-json\/wp\/v2\/types\/page"}],"author":[{"embeddable":true,"href":"https:\/\/insulation.trocellen.com\/hu\/wp-json\/wp\/v2\/users\/1"}],"replies":[{"embeddable":true,"href":"https:\/\/insulation.trocellen.com\/hu\/wp-json\/wp\/v2\/comments?post=4148"}],"version-history":[{"count":2,"href":"https:\/\/insulation.trocellen.com\/hu\/wp-json\/wp\/v2\/pages\/4148\/revisions"}],"predecessor-version":[{"id":9686,"href":"https:\/\/insulation.trocellen.com\/hu\/wp-json\/wp\/v2\/pages\/4148\/revisions\/9686"}],"up":[{"embeddable":true,"href":"https:\/\/insulation.trocellen.com\/hu\/wp-json\/wp\/v2\/pages\/4112"}],"wp:featuredmedia":[{"embeddable":true,"href":"https:\/\/insulation.trocellen.com\/hu\/wp-json\/wp\/v2\/media\/8862"}],"wp:attachment":[{"href":"https:\/\/insulation.trocellen.com\/hu\/wp-json\/wp\/v2\/media?parent=4148"}],"curies":[{"name":"wp","href":"https:\/\/api.w.org\/{rel}","templated":true}]}}