{"id":4142,"date":"2013-12-12T17:18:57","date_gmt":"2013-12-12T17:18:57","guid":{"rendered":"https:\/\/insulation-new.trocellen.com\/trosil-trosil-tech\/"},"modified":"2023-07-10T08:52:45","modified_gmt":"2023-07-10T08:52:45","slug":"trosil-trosil-tech","status":"publish","type":"page","link":"https:\/\/insulation.trocellen.com\/hu\/alkalmazasok\/usztatott-beton-alatet\/trosil-trosil-tech\/","title":{"rendered":"Trosil\u00ae, Trosil Tech\u00ae"},"content":{"rendered":"\n<div class=\"wp-block-columns is-layout-flex wp-container-core-columns-is-layout-9d6595d7 wp-block-columns-is-layout-flex\">\n<div class=\"wp-block-column is-layout-flow wp-block-column-is-layout-flow\"><div class=\"wp-block-image\">\n<figure class=\"aligncenter\"><a href=\"https:\/\/insulation.trocellen.com\/wp-content\/uploads\/sites\/6\/2013\/12\/Trocellen_Trosil_5_web.jpg\" rel=\"attachment wp-att-1008\"><img decoding=\"async\" src=\"https:\/\/insulation.trocellen.com\/wp-content\/uploads\/sites\/6\/2013\/12\/Trocellen_Trosil_5_web-300x200.jpg\" alt=\"Trocellen_Trosil_5_web\" class=\"wp-image-1008\"\/><\/a><figcaption class=\"wp-element-caption\">Trosil<\/figcaption><\/figure>\n<\/div><\/div>\n\n\n\n<div class=\"wp-block-column is-layout-flow wp-block-column-is-layout-flow\"><div class=\"wp-block-image\">\n<figure class=\"aligncenter\"><a href=\"https:\/\/insulation.trocellen.com\/wp-content\/uploads\/sites\/6\/2013\/12\/Trocellen_Trosil-Tech_web.jpg\" rel=\"attachment wp-att-1009\"><img decoding=\"async\" src=\"https:\/\/insulation.trocellen.com\/wp-content\/uploads\/sites\/6\/2013\/12\/Trocellen_Trosil-Tech_web-300x200.jpg\" alt=\"Trocellen_Trosil-Tech_web\" class=\"wp-image-1009\"\/><\/a><figcaption class=\"wp-element-caption\">Trosil Tech<\/figcaption><\/figure>\n<\/div><\/div>\n\n\n\n<div class=\"wp-block-column is-layout-flow wp-block-column-is-layout-flow\"><div class=\"wp-block-image\">\n<figure class=\"aligncenter\"><a href=\"https:\/\/insulation.trocellen.com\/wp-content\/uploads\/sites\/6\/2013\/12\/Trocellen_Trosil-Tech_5_web.jpg\" rel=\"attachment wp-att-1010\"><img decoding=\"async\" src=\"https:\/\/insulation.trocellen.com\/wp-content\/uploads\/sites\/6\/2013\/12\/Trocellen_Trosil-Tech_5_web-300x200.jpg\" alt=\"Trocellen_Trosil-Tech_5_web\" class=\"wp-image-1010\"\/><\/a><figcaption class=\"wp-element-caption\">Trosil, Trosil Tech<\/figcaption><\/figure>\n<\/div><\/div>\n<\/div>\n\n\n\n<p>A Trocellen a hangszigetel\u00e9si megold\u00e1sok sz\u00e9les sk\u00e1l\u00e1j\u00e1t k\u00edn\u00e1lja k\u00fcl\u00f6nf\u00e9le alkalmaz\u00e1si ter\u00fcleteken, n\u00f6velve az adott k\u00f6rnyezet k\u00e9nyelm\u00e9t.<\/p>\n\n\n\n<h2 class=\"wp-block-heading\">Term\u00e9ksk\u00e1la<\/h2>\n\n\n<div class=\"wp-block-image\">\n<figure class=\"alignright\"><a href=\"https:\/\/insulation.trocellen.com\/wp-content\/uploads\/sites\/6\/2013\/12\/image001.png\"><img decoding=\"async\" src=\"https:\/\/insulation.trocellen.com\/wp-content\/uploads\/sites\/6\/2013\/12\/image001-300x232.png\" alt=\"\" class=\"wp-image-1560\"\/><\/a><\/figure>\n<\/div>\n\n\n<h3 class=\"wp-block-heading\">Trosil:<\/h3>\n\n\n\n<ul class=\"wp-block-list\">\n<li>K\u00e9miailag t\u00e9rh\u00e1l\u00f3s\u00edtott PE hab<\/li>\n\n\n\n<li>S\u0171r\u0171s\u00e9g: 30 kg\/m\u00b3 (*)<\/li>\n<\/ul>\n\n\n\n<h3 class=\"wp-block-heading\">Trosil Tech:<\/h3>\n\n\n\n<ul class=\"wp-block-list\">\n<li>K\u00e9miai t\u00e9rh\u00e1l\u00f3s\u00edt\u00e1s\u00fa, z\u00e1rtcell\u00e1s, CFC-mentes polietil\u00e9n (PE) hab, nem-sz\u0151tt poli\u00e9szter text\u00edli\u00e1val lamin\u00e1lt<\/li>\n\n\n\n<li>S\u0171r\u0171s\u00e9g: 30 kg\/m\u00b3 (*)<\/li>\n<\/ul>\n\n\n\n<h2 class=\"wp-block-heading\">Jellemz\u0151k<\/h2>\n\n\n\n<figure class=\"wp-block-table\"><table><thead><tr><th>&nbsp;<\/th><th scope=\"col\">Szabv\u00e1ny<\/th><th scope=\"col\">M\u00e9rt\u00e9kegys\u00e9g<\/th><th scope=\"col\">Trosil<\/th><th scope=\"col\">Trosil Tech<\/th><\/tr><\/thead><tbody><tr><th scope=\"row\">Vastags\u00e1g<\/th><td>EN ISO 1923<\/td><td>mm<\/td><td>4-5-10<\/td><td>10<\/td><\/tr><tr><th scope=\"row\">M\u00e9rettart\u00f3s\u00e1g (&lt;5%)<\/th><td>ISO 2796<\/td><td><sup>\u00b0<\/sup>C<\/td><td>75<\/td><td>85<\/td><\/tr><tr><th scope=\"row\">H\u0151vezet\u00e9s 10\u00b0C-on (\u03bb)<\/th><td>EN 12667<\/td><td>W\/mK<br>kcal\/mh<sup>\u00b0<\/sup>C<\/td><td>0,0359<br>0,0317<\/td><td>\n<p>0,0359<sup>*<\/sup> <br>0,0317<sup>*<\/sup><\/p>\n<\/td><\/tr><tr><th scope=\"row\">Fizikai behat\u00e1s hangszigetel\u00e9se \u0394Lw<\/th><td>EN ISO 140\/6-8 EN ISO 717\/2<\/td><td>dB<\/td><td>4 mm: 28<br>5 mm: 28<br>10 mm: 36<\/td><td>10 mm: 33<\/td><\/tr><tr><th scope=\"row\">Dinamikus merevs\u00e9g s&#8217;t<\/th><td>EN 29052-1<\/td><td>MN\/m<sup>3<\/sup><\/td><td>4 mm: 73<br>5 mm: 52<br>10 mm: 19<\/td><td>10 mm: 9<\/td><\/tr><\/tbody><\/table><\/figure>\n\n\n\n<p class=\"has-text-align-center\">* PE habra vonatkoz\u00f3 \u00e9rt\u00e9kek<\/p>\n\n\n\n<h2 class=\"wp-block-heading\">El\u0151ny\u00f6k<\/h2>\n\n\n\n<ul class=\"wp-block-list\">\n<li>Eg\u00e9szs\u00e9g\u00fcnket v\u00e9di \u2013 nem m\u00e9rgez\u0151, nem allerg\u00e9n, pen\u00e9sz\u00e1ll\u00f3, \u00fajrahasznos\u00edthat\u00f3<\/li>\n\n\n\n<li>Er\u0151forr\u00e1s takar\u00e9kos \u2013 pehelyk\u00f6nny\u0171, k\u00f6nnyen sz\u00e1ll\u00edthat\u00f3, egyszer\u0171 kezelni<\/li>\n\n\n\n<li>Id\u0151takar\u00e9kos \u2013 rugalmas, k\u00f6nny\u0171 be\u00e9p\u00edteni<\/li>\n\n\n\n<li>P\u00e9nztakar\u00e9kos \u2013 nagyon tart\u00f3s<\/li>\n<\/ul>\n","protected":false},"excerpt":{"rendered":"<p>A Trocellen a hangszigetel\u00e9si megold\u00e1sok sz\u00e9les sk\u00e1l\u00e1j\u00e1t k\u00edn\u00e1lja k\u00fcl\u00f6nf\u00e9le alkalmaz\u00e1si ter\u00fcleteken, n\u00f6velve az adott k\u00f6rnyezet k\u00e9nyelm\u00e9t. Term\u00e9ksk\u00e1la Trosil: Trosil Tech: Jellemz\u0151k &nbsp; Szabv\u00e1ny M\u00e9rt\u00e9kegys\u00e9g Trosil Trosil Tech Vastags\u00e1g EN ISO 1923 mm 4-5-10 10 M\u00e9rettart\u00f3s\u00e1g (&lt;5%) ISO 2796 \u00b0C 75 85 H\u0151vezet\u00e9s 10\u00b0C-on (\u03bb) EN 12667 W\/mKkcal\/mh\u00b0C 0,03590,0317 0,0359* 0,0317* Fizikai behat\u00e1s hangszigetel\u00e9se \u0394Lw EN [&hellip;]<\/p>\n","protected":false},"author":1,"featured_media":8856,"parent":4106,"menu_order":100,"comment_status":"open","ping_status":"closed","template":"templates\/applications.php","meta":{"_acf_changed":false,"footnotes":""},"class_list":["post-4142","page","type-page","status-publish","has-post-thumbnail","hentry"],"acf":[],"yoast_head":"<!-- This site is optimized with the Yoast SEO plugin v23.5 - https:\/\/yoast.com\/wordpress\/plugins\/seo\/ -->\n<title>A Trosil \u00e9s a Trosil-Tech kiv\u00e1l\u00f3 \u201e\u00fasztatottpadl\u00f3\u201d-al\u00e1t\u00e9tek<\/title>\n<meta name=\"description\" content=\"A Trocellen \u00fasztatottal\u00e1t\u00e9t-megold\u00e1sai ide\u00e1lisak a kopog\u00f3hangok csillap\u00edt\u00e1s\u00e1ra. K\u00e9miailag t\u00e9rh\u00e1l\u00f3s\u00edtott PE habb\u00f3l k\u00e9sz\u00fcl\" \/>\n<meta name=\"robots\" content=\"index, follow, max-snippet:-1, max-image-preview:large, max-video-preview:-1\" \/>\n<link rel=\"canonical\" href=\"https:\/\/insulation.trocellen.com\/hu\/alkalmazasok\/usztatott-beton-alatet\/trosil-trosil-tech\/\" \/>\n<meta property=\"og:locale\" content=\"hu_HU\" \/>\n<meta property=\"og:type\" content=\"article\" \/>\n<meta property=\"og:title\" content=\"A Trosil \u00e9s a Trosil-Tech kiv\u00e1l\u00f3 \u201e\u00fasztatottpadl\u00f3\u201d-al\u00e1t\u00e9tek\" \/>\n<meta property=\"og:description\" content=\"A Trocellen \u00fasztatottal\u00e1t\u00e9t-megold\u00e1sai ide\u00e1lisak a kopog\u00f3hangok csillap\u00edt\u00e1s\u00e1ra. K\u00e9miailag t\u00e9rh\u00e1l\u00f3s\u00edtott PE habb\u00f3l k\u00e9sz\u00fcl\" \/>\n<meta property=\"og:url\" content=\"https:\/\/insulation.trocellen.com\/hu\/alkalmazasok\/usztatott-beton-alatet\/trosil-trosil-tech\/\" \/>\n<meta property=\"og:site_name\" content=\"Trocellen Insulation\" \/>\n<meta property=\"article:modified_time\" content=\"2023-07-10T08:52:45+00:00\" \/>\n<meta property=\"og:image\" content=\"https:\/\/insulation.trocellen.com\/wp-content\/uploads\/sites\/6\/2023\/05\/Trosil-install.jpg\" \/>\n\t<meta property=\"og:image:width\" content=\"1920\" \/>\n\t<meta property=\"og:image:height\" content=\"300\" \/>\n\t<meta property=\"og:image:type\" content=\"image\/jpeg\" \/>\n<meta name=\"twitter:card\" content=\"summary_large_image\" \/>\n<meta name=\"twitter:label1\" content=\"Becs\u00fclt olvas\u00e1si id\u0151\" \/>\n\t<meta name=\"twitter:data1\" content=\"2 perc\" \/>\n<script type=\"application\/ld+json\" class=\"yoast-schema-graph\">{\"@context\":\"https:\/\/schema.org\",\"@graph\":[{\"@type\":\"WebPage\",\"@id\":\"https:\/\/insulation.trocellen.com\/hu\/alkalmazasok\/usztatott-beton-alatet\/trosil-trosil-tech\/\",\"url\":\"https:\/\/insulation.trocellen.com\/hu\/alkalmazasok\/usztatott-beton-alatet\/trosil-trosil-tech\/\",\"name\":\"A Trosil \u00e9s a Trosil-Tech kiv\u00e1l\u00f3 \u201e\u00fasztatottpadl\u00f3\u201d-al\u00e1t\u00e9tek\",\"isPartOf\":{\"@id\":\"https:\/\/insulation.trocellen.com\/hu\/#website\"},\"primaryImageOfPage\":{\"@id\":\"https:\/\/insulation.trocellen.com\/hu\/alkalmazasok\/usztatott-beton-alatet\/trosil-trosil-tech\/#primaryimage\"},\"image\":{\"@id\":\"https:\/\/insulation.trocellen.com\/hu\/alkalmazasok\/usztatott-beton-alatet\/trosil-trosil-tech\/#primaryimage\"},\"thumbnailUrl\":\"https:\/\/insulation.trocellen.com\/wp-content\/uploads\/sites\/6\/2023\/05\/Trosil-install.jpg\",\"datePublished\":\"2013-12-12T17:18:57+00:00\",\"dateModified\":\"2023-07-10T08:52:45+00:00\",\"description\":\"A Trocellen \u00fasztatottal\u00e1t\u00e9t-megold\u00e1sai ide\u00e1lisak a kopog\u00f3hangok csillap\u00edt\u00e1s\u00e1ra. K\u00e9miailag t\u00e9rh\u00e1l\u00f3s\u00edtott PE habb\u00f3l k\u00e9sz\u00fcl\",\"breadcrumb\":{\"@id\":\"https:\/\/insulation.trocellen.com\/hu\/alkalmazasok\/usztatott-beton-alatet\/trosil-trosil-tech\/#breadcrumb\"},\"inLanguage\":\"hu\",\"potentialAction\":[{\"@type\":\"ReadAction\",\"target\":[\"https:\/\/insulation.trocellen.com\/hu\/alkalmazasok\/usztatott-beton-alatet\/trosil-trosil-tech\/\"]}]},{\"@type\":\"ImageObject\",\"inLanguage\":\"hu\",\"@id\":\"https:\/\/insulation.trocellen.com\/hu\/alkalmazasok\/usztatott-beton-alatet\/trosil-trosil-tech\/#primaryimage\",\"url\":\"https:\/\/insulation.trocellen.com\/wp-content\/uploads\/sites\/6\/2023\/05\/Trosil-install.jpg\",\"contentUrl\":\"https:\/\/insulation.trocellen.com\/wp-content\/uploads\/sites\/6\/2023\/05\/Trosil-install.jpg\",\"width\":1920,\"height\":300},{\"@type\":\"BreadcrumbList\",\"@id\":\"https:\/\/insulation.trocellen.com\/hu\/alkalmazasok\/usztatott-beton-alatet\/trosil-trosil-tech\/#breadcrumb\",\"itemListElement\":[{\"@type\":\"ListItem\",\"position\":1,\"name\":\"Home\",\"item\":\"https:\/\/insulation.trocellen.com\/hu\/\"},{\"@type\":\"ListItem\",\"position\":2,\"name\":\"Alkalmaz\u00e1sok\",\"item\":\"https:\/\/insulation.trocellen.com\/hu\/alkalmazasok\/\"},{\"@type\":\"ListItem\",\"position\":3,\"name\":\"\u00dasztatott beton al\u00e1t\u00e9t\",\"item\":\"https:\/\/insulation.trocellen.com\/hu\/alkalmazasok\/usztatott-beton-alatet\/\"},{\"@type\":\"ListItem\",\"position\":4,\"name\":\"Trosil\u00ae, Trosil Tech\u00ae\"}]},{\"@type\":\"WebSite\",\"@id\":\"https:\/\/insulation.trocellen.com\/hu\/#website\",\"url\":\"https:\/\/insulation.trocellen.com\/hu\/\",\"name\":\"Trocellen Insulation\",\"description\":\"\",\"potentialAction\":[{\"@type\":\"SearchAction\",\"target\":{\"@type\":\"EntryPoint\",\"urlTemplate\":\"https:\/\/insulation.trocellen.com\/hu\/?s={search_term_string}\"},\"query-input\":{\"@type\":\"PropertyValueSpecification\",\"valueRequired\":true,\"valueName\":\"search_term_string\"}}],\"inLanguage\":\"hu\"}]}<\/script>\n<!-- \/ Yoast SEO plugin. -->","yoast_head_json":{"title":"A Trosil \u00e9s a Trosil-Tech kiv\u00e1l\u00f3 \u201e\u00fasztatottpadl\u00f3\u201d-al\u00e1t\u00e9tek","description":"A Trocellen \u00fasztatottal\u00e1t\u00e9t-megold\u00e1sai ide\u00e1lisak a kopog\u00f3hangok csillap\u00edt\u00e1s\u00e1ra. K\u00e9miailag t\u00e9rh\u00e1l\u00f3s\u00edtott PE habb\u00f3l k\u00e9sz\u00fcl","robots":{"index":"index","follow":"follow","max-snippet":"max-snippet:-1","max-image-preview":"max-image-preview:large","max-video-preview":"max-video-preview:-1"},"canonical":"https:\/\/insulation.trocellen.com\/hu\/alkalmazasok\/usztatott-beton-alatet\/trosil-trosil-tech\/","og_locale":"hu_HU","og_type":"article","og_title":"A Trosil \u00e9s a Trosil-Tech kiv\u00e1l\u00f3 \u201e\u00fasztatottpadl\u00f3\u201d-al\u00e1t\u00e9tek","og_description":"A Trocellen \u00fasztatottal\u00e1t\u00e9t-megold\u00e1sai ide\u00e1lisak a kopog\u00f3hangok csillap\u00edt\u00e1s\u00e1ra. K\u00e9miailag t\u00e9rh\u00e1l\u00f3s\u00edtott PE habb\u00f3l k\u00e9sz\u00fcl","og_url":"https:\/\/insulation.trocellen.com\/hu\/alkalmazasok\/usztatott-beton-alatet\/trosil-trosil-tech\/","og_site_name":"Trocellen Insulation","article_modified_time":"2023-07-10T08:52:45+00:00","og_image":[{"width":1920,"height":300,"url":"https:\/\/insulation.trocellen.com\/wp-content\/uploads\/sites\/6\/2023\/05\/Trosil-install.jpg","type":"image\/jpeg"}],"twitter_card":"summary_large_image","twitter_misc":{"Becs\u00fclt olvas\u00e1si id\u0151":"2 perc"},"schema":{"@context":"https:\/\/schema.org","@graph":[{"@type":"WebPage","@id":"https:\/\/insulation.trocellen.com\/hu\/alkalmazasok\/usztatott-beton-alatet\/trosil-trosil-tech\/","url":"https:\/\/insulation.trocellen.com\/hu\/alkalmazasok\/usztatott-beton-alatet\/trosil-trosil-tech\/","name":"A Trosil \u00e9s a Trosil-Tech kiv\u00e1l\u00f3 \u201e\u00fasztatottpadl\u00f3\u201d-al\u00e1t\u00e9tek","isPartOf":{"@id":"https:\/\/insulation.trocellen.com\/hu\/#website"},"primaryImageOfPage":{"@id":"https:\/\/insulation.trocellen.com\/hu\/alkalmazasok\/usztatott-beton-alatet\/trosil-trosil-tech\/#primaryimage"},"image":{"@id":"https:\/\/insulation.trocellen.com\/hu\/alkalmazasok\/usztatott-beton-alatet\/trosil-trosil-tech\/#primaryimage"},"thumbnailUrl":"https:\/\/insulation.trocellen.com\/wp-content\/uploads\/sites\/6\/2023\/05\/Trosil-install.jpg","datePublished":"2013-12-12T17:18:57+00:00","dateModified":"2023-07-10T08:52:45+00:00","description":"A Trocellen \u00fasztatottal\u00e1t\u00e9t-megold\u00e1sai ide\u00e1lisak a kopog\u00f3hangok csillap\u00edt\u00e1s\u00e1ra. K\u00e9miailag t\u00e9rh\u00e1l\u00f3s\u00edtott PE habb\u00f3l k\u00e9sz\u00fcl","breadcrumb":{"@id":"https:\/\/insulation.trocellen.com\/hu\/alkalmazasok\/usztatott-beton-alatet\/trosil-trosil-tech\/#breadcrumb"},"inLanguage":"hu","potentialAction":[{"@type":"ReadAction","target":["https:\/\/insulation.trocellen.com\/hu\/alkalmazasok\/usztatott-beton-alatet\/trosil-trosil-tech\/"]}]},{"@type":"ImageObject","inLanguage":"hu","@id":"https:\/\/insulation.trocellen.com\/hu\/alkalmazasok\/usztatott-beton-alatet\/trosil-trosil-tech\/#primaryimage","url":"https:\/\/insulation.trocellen.com\/wp-content\/uploads\/sites\/6\/2023\/05\/Trosil-install.jpg","contentUrl":"https:\/\/insulation.trocellen.com\/wp-content\/uploads\/sites\/6\/2023\/05\/Trosil-install.jpg","width":1920,"height":300},{"@type":"BreadcrumbList","@id":"https:\/\/insulation.trocellen.com\/hu\/alkalmazasok\/usztatott-beton-alatet\/trosil-trosil-tech\/#breadcrumb","itemListElement":[{"@type":"ListItem","position":1,"name":"Home","item":"https:\/\/insulation.trocellen.com\/hu\/"},{"@type":"ListItem","position":2,"name":"Alkalmaz\u00e1sok","item":"https:\/\/insulation.trocellen.com\/hu\/alkalmazasok\/"},{"@type":"ListItem","position":3,"name":"\u00dasztatott beton al\u00e1t\u00e9t","item":"https:\/\/insulation.trocellen.com\/hu\/alkalmazasok\/usztatott-beton-alatet\/"},{"@type":"ListItem","position":4,"name":"Trosil\u00ae, Trosil Tech\u00ae"}]},{"@type":"WebSite","@id":"https:\/\/insulation.trocellen.com\/hu\/#website","url":"https:\/\/insulation.trocellen.com\/hu\/","name":"Trocellen Insulation","description":"","potentialAction":[{"@type":"SearchAction","target":{"@type":"EntryPoint","urlTemplate":"https:\/\/insulation.trocellen.com\/hu\/?s={search_term_string}"},"query-input":{"@type":"PropertyValueSpecification","valueRequired":true,"valueName":"search_term_string"}}],"inLanguage":"hu"}]}},"_links":{"self":[{"href":"https:\/\/insulation.trocellen.com\/hu\/wp-json\/wp\/v2\/pages\/4142","targetHints":{"allow":["GET"]}}],"collection":[{"href":"https:\/\/insulation.trocellen.com\/hu\/wp-json\/wp\/v2\/pages"}],"about":[{"href":"https:\/\/insulation.trocellen.com\/hu\/wp-json\/wp\/v2\/types\/page"}],"author":[{"embeddable":true,"href":"https:\/\/insulation.trocellen.com\/hu\/wp-json\/wp\/v2\/users\/1"}],"replies":[{"embeddable":true,"href":"https:\/\/insulation.trocellen.com\/hu\/wp-json\/wp\/v2\/comments?post=4142"}],"version-history":[{"count":3,"href":"https:\/\/insulation.trocellen.com\/hu\/wp-json\/wp\/v2\/pages\/4142\/revisions"}],"predecessor-version":[{"id":9687,"href":"https:\/\/insulation.trocellen.com\/hu\/wp-json\/wp\/v2\/pages\/4142\/revisions\/9687"}],"up":[{"embeddable":true,"href":"https:\/\/insulation.trocellen.com\/hu\/wp-json\/wp\/v2\/pages\/4106"}],"wp:featuredmedia":[{"embeddable":true,"href":"https:\/\/insulation.trocellen.com\/hu\/wp-json\/wp\/v2\/media\/8856"}],"wp:attachment":[{"href":"https:\/\/insulation.trocellen.com\/hu\/wp-json\/wp\/v2\/media?parent=4142"}],"curies":[{"name":"wp","href":"https:\/\/api.w.org\/{rel}","templated":true}]}}