{"id":4088,"date":"2013-12-12T17:09:09","date_gmt":"2013-12-12T17:09:09","guid":{"rendered":"https:\/\/insulation-new.trocellen.com\/technologia\/"},"modified":"2023-07-10T09:12:04","modified_gmt":"2023-07-10T09:12:04","slug":"technologia","status":"publish","type":"page","link":"https:\/\/insulation.trocellen.com\/hu\/technologia\/","title":{"rendered":"Technol\u00f3gia"},"content":{"rendered":"<p>A Trocellen a k\u00e9miailag \u00e9s fizikailag t\u00e9rh\u00e1l\u00f3s\u00edtott PO habok vezet\u0151 eur\u00f3pai gy\u00e1rt\u00f3ja. A hab-alap\u00fa term\u00e9kek sz\u00e9les sk\u00e1l\u00e1j\u00e1t k\u00edn\u00e1lva az \u00e9p\u00edt\u0151ipar \u00e9s \u00e9p\u00fcletg\u00e9p\u00e9szet sz\u00e1m\u00e1ra a v\u00e1llalat az ipar\u00e1g egyik legfontosabb szerepl\u0151j\u00e9v\u00e9 v\u00e1lt megb\u00edzhat\u00f3 szigetel\u00e9si megold\u00e1saival.<\/p>\n<p>A Trocellen \u00e1ltal gy\u00e1rtott habokat imm\u00e1r 40 v\u00e9ve haszn\u00e1lja az \u00e9p\u00edt\u0151ipar \u00e9s az \u00e9p\u00fcletg\u00e9p\u00e9szet. Valamennyi t\u00e9rh\u00e1l\u00f3s\u00edtott poliolefin (XLPO) hab-term\u00e9k\u00fcnkre jellemz\u0151ek a k\u00f6vetkez\u0151 tulajdons\u00e1gok: csek\u00e9ly s\u00faly, v\u00edzhatlans\u00e1g, magas mechanikai \u00e9s k\u00e9miai ellen\u00e1ll\u00f3s\u00e1g, h\u0151szigetel\u00e9s, k\u00f6nny\u0171 be\u00e9p\u00edthet\u0151s\u00e9g \u00e9s h\u0151form\u00e1zhat\u00f3s\u00e1g.<\/p>\n<p>Kiemelked\u0151 technol\u00f3giai h\u00e1tter\u00e9vel, valamint a m\u00falt tapasztalatain alapul\u00f3 hagyom\u00e1nyai mellett az \u00faj megold\u00e1sok ir\u00e1nti nyitotts\u00e1g\u00e1val a Trocellen az \u00d6n partnere a fejleszt\u00e9sben.<\/p>\n<h2>Trocellen habok<\/h2>\n<p><strong>Hagyom\u00e1nyos PE habok<\/strong> \u2013 a k\u00fcl\u00f6nf\u00e9le s\u0171r\u0171s\u00e9gek \u00e9s vastags\u00e1gok sz\u00e9les v\u00e1laszt\u00e9ka, t\u00f6k\u00e9letes megold\u00e1s szigetel\u00e9sre \u00e9s t\u00f6m\u00edt\u00e9sre<br \/>\n<strong>Kem\u00e9ny PE habok<\/strong> \u2013 megfelel\u0151 megold\u00e1s a nagyobb s\u0171r\u0171s\u00e9g\u0171 anyagok helyett, kiv\u00e1l\u00f3an h\u0151form\u00e1zhat\u00f3<br \/>\n<strong>Puha PE habok<\/strong> \u2013 sz\u00e9lesk\u00f6r\u0171 felhaszn\u00e1lhat\u00f3s\u00e1g, kiv\u00e1l\u00f3 komfort\u00e9rzet-n\u00f6vel\u0151 tulajdons\u00e1gokkal<br \/>\n<strong>Ultra puha PE habok<\/strong> \u2013 k\u00fcl\u00f6nleges felhaszn\u00e1l\u00e1si c\u00e9lokhoz kimagasl\u00f3 rugalmass\u00e1got biztos\u00edt, fokozott ellen\u00e1ll\u00f3 k\u00e9pess\u00e9g<br \/>\n<strong>PP habok<\/strong> \u2013 k\u00fcl\u00f6nf\u00e9le s\u0171r\u0171s\u00e9gben, vastags\u00e1gban \u00e9s anyagjellemz\u0151kkel t\u00f6k\u00e9letesen kiel\u00e9g\u00edtik a mai vev\u0151i ig\u00e9nyeket<br \/>\n<strong>Speci\u00e1lis adal\u00e9kokkal kevert habok<\/strong> \u2013 \u00e9g\u00e9sg\u00e1tolt \u00e9s \u00f6nkiolt\u00f3 habok a legmagasabb biztons\u00e1gi elv\u00e1r\u00e1sok kiel\u00e9g\u00edt\u00e9s\u00e9hez<\/p>\n<h2>A habokat megold\u00e1sokk\u00e1 konvert\u00e1ljuk<\/h2>\n<p>A habgy\u00e1rt\u00e1son fel\u00fcl a Trocellen kifejlesztett \u00e9s megv\u00e1s\u00e1rolt sz\u00e1mos feldolgoz\u00f3technol\u00f3gi\u00e1t, amelyekkel tov\u00e1bb tudjuk n\u00f6velni hab-term\u00e9keink hozz\u00e1adott \u00e9rt\u00e9k\u00e9t.<\/p>\n<ul>\n<li>K\u00fcl\u00f6nf\u00e9le lamin\u00e1l\u00e1si elj\u00e1r\u00e1saink (forr\u00f3leveg\u0151 bef\u00faj\u00e1sos, l\u00e1ng- vagy infrav\u00f6r\u00f6s lamin\u00e1l\u00e1s) lehet\u0151v\u00e9 teszik habjaink egy\u00e9b habokkal, filmr\u00e9tegekkel, textilanyagokkal az ipar\u00e1gi k\u00f6vetelm\u00e9nyeknek megfelel\u0151en<\/li>\n<li>Neh\u00e9zlemezek habbal val\u00f3 t\u00e1rs\u00edt\u00e1sa&nbsp;<\/li>\n<li>\u00d6ntapad\u00f3 bevonatok kialak\u00edt\u00e1sa &#8222;hot melt&#8221; \u00e9s transzfer\/PSA technol\u00f3gi\u00e1val<\/li>\n<li>Pr\u00e9sel\u00e9s, h\u0151form\u00e1z\u00e1s<\/li>\n<li>Lyukaszt\u00e1s \u00e9s pr\u00e9gel\u00e9s<\/li>\n<\/ul>\n<p>&nbsp;<\/p>\n","protected":false},"excerpt":{"rendered":"<p>A Trocellen a k\u00e9miailag \u00e9s fizikailag t\u00e9rh\u00e1l\u00f3s\u00edtott PO habok vezet\u0151 eur\u00f3pai gy\u00e1rt\u00f3ja. A hab-alap\u00fa term\u00e9kek sz\u00e9les sk\u00e1l\u00e1j\u00e1t k\u00edn\u00e1lva az \u00e9p\u00edt\u0151ipar \u00e9s \u00e9p\u00fcletg\u00e9p\u00e9szet sz\u00e1m\u00e1ra a v\u00e1llalat az ipar\u00e1g egyik legfontosabb szerepl\u0151j\u00e9v\u00e9 v\u00e1lt megb\u00edzhat\u00f3 szigetel\u00e9si megold\u00e1saival. A Trocellen \u00e1ltal gy\u00e1rtott habokat imm\u00e1r 40 v\u00e9ve haszn\u00e1lja az \u00e9p\u00edt\u0151ipar \u00e9s az \u00e9p\u00fcletg\u00e9p\u00e9szet. Valamennyi t\u00e9rh\u00e1l\u00f3s\u00edtott poliolefin (XLPO) hab-term\u00e9k\u00fcnkre jellemz\u0151ek a [&hellip;]<\/p>\n","protected":false},"author":1,"featured_media":9392,"parent":0,"menu_order":400,"comment_status":"open","ping_status":"closed","template":"","meta":{"_acf_changed":false,"footnotes":""},"class_list":["post-4088","page","type-page","status-publish","has-post-thumbnail","hentry"],"acf":[],"yoast_head":"<!-- This site is optimized with the Yoast SEO plugin v23.5 - https:\/\/yoast.com\/wordpress\/plugins\/seo\/ -->\n<title>A Trocellen habgy\u00e1rt\u00e1si technol\u00f3gi\u00e1ja<\/title>\n<meta name=\"description\" content=\"A Trocellen a mindk\u00e9t t\u00edpus\u00fa t\u00e9rh\u00e1l\u00f3s\u00edtott PO-hab vezet\u0151 eur\u00f3pai gy\u00e1rt\u00f3ja. Sz\u00e1mos habalap\u00fa term\u00e9ket k\u00edn\u00e1l az \u00e9p\u00edt\u0151ipar \u00e9s az \u00e9p\u00fcletg\u00e9p\u00e9szet sz\u00e1m\u00e1ra.\" \/>\n<meta name=\"robots\" content=\"index, follow, max-snippet:-1, max-image-preview:large, max-video-preview:-1\" \/>\n<link rel=\"canonical\" href=\"https:\/\/insulation.trocellen.com\/hu\/technologia\/\" \/>\n<meta property=\"og:locale\" content=\"hu_HU\" \/>\n<meta property=\"og:type\" content=\"article\" \/>\n<meta property=\"og:title\" content=\"A Trocellen habgy\u00e1rt\u00e1si technol\u00f3gi\u00e1ja\" \/>\n<meta property=\"og:description\" content=\"A Trocellen a mindk\u00e9t t\u00edpus\u00fa t\u00e9rh\u00e1l\u00f3s\u00edtott PO-hab vezet\u0151 eur\u00f3pai gy\u00e1rt\u00f3ja. Sz\u00e1mos habalap\u00fa term\u00e9ket k\u00edn\u00e1l az \u00e9p\u00edt\u0151ipar \u00e9s az \u00e9p\u00fcletg\u00e9p\u00e9szet sz\u00e1m\u00e1ra.\" \/>\n<meta property=\"og:url\" content=\"https:\/\/insulation.trocellen.com\/hu\/technologia\/\" \/>\n<meta property=\"og:site_name\" content=\"Trocellen Insulation\" \/>\n<meta property=\"article:modified_time\" content=\"2023-07-10T09:12:04+00:00\" \/>\n<meta property=\"og:image\" content=\"https:\/\/insulation.trocellen.com\/wp-content\/uploads\/sites\/6\/2023\/06\/fejlec-Technology.jpg\" \/>\n\t<meta property=\"og:image:width\" content=\"1920\" \/>\n\t<meta property=\"og:image:height\" content=\"300\" \/>\n\t<meta property=\"og:image:type\" content=\"image\/jpeg\" \/>\n<meta name=\"twitter:card\" content=\"summary_large_image\" \/>\n<meta name=\"twitter:label1\" content=\"Becs\u00fclt olvas\u00e1si id\u0151\" \/>\n\t<meta name=\"twitter:data1\" content=\"1 perc\" \/>\n<script type=\"application\/ld+json\" class=\"yoast-schema-graph\">{\"@context\":\"https:\/\/schema.org\",\"@graph\":[{\"@type\":\"WebPage\",\"@id\":\"https:\/\/insulation.trocellen.com\/hu\/technologia\/\",\"url\":\"https:\/\/insulation.trocellen.com\/hu\/technologia\/\",\"name\":\"A Trocellen habgy\u00e1rt\u00e1si technol\u00f3gi\u00e1ja\",\"isPartOf\":{\"@id\":\"https:\/\/insulation.trocellen.com\/hu\/#website\"},\"primaryImageOfPage\":{\"@id\":\"https:\/\/insulation.trocellen.com\/hu\/technologia\/#primaryimage\"},\"image\":{\"@id\":\"https:\/\/insulation.trocellen.com\/hu\/technologia\/#primaryimage\"},\"thumbnailUrl\":\"https:\/\/insulation.trocellen.com\/wp-content\/uploads\/sites\/6\/2023\/06\/fejlec-Technology.jpg\",\"datePublished\":\"2013-12-12T17:09:09+00:00\",\"dateModified\":\"2023-07-10T09:12:04+00:00\",\"description\":\"A Trocellen a mindk\u00e9t t\u00edpus\u00fa t\u00e9rh\u00e1l\u00f3s\u00edtott PO-hab vezet\u0151 eur\u00f3pai gy\u00e1rt\u00f3ja. Sz\u00e1mos habalap\u00fa term\u00e9ket k\u00edn\u00e1l az \u00e9p\u00edt\u0151ipar \u00e9s az \u00e9p\u00fcletg\u00e9p\u00e9szet sz\u00e1m\u00e1ra.\",\"breadcrumb\":{\"@id\":\"https:\/\/insulation.trocellen.com\/hu\/technologia\/#breadcrumb\"},\"inLanguage\":\"hu\",\"potentialAction\":[{\"@type\":\"ReadAction\",\"target\":[\"https:\/\/insulation.trocellen.com\/hu\/technologia\/\"]}]},{\"@type\":\"ImageObject\",\"inLanguage\":\"hu\",\"@id\":\"https:\/\/insulation.trocellen.com\/hu\/technologia\/#primaryimage\",\"url\":\"https:\/\/insulation.trocellen.com\/wp-content\/uploads\/sites\/6\/2023\/06\/fejlec-Technology.jpg\",\"contentUrl\":\"https:\/\/insulation.trocellen.com\/wp-content\/uploads\/sites\/6\/2023\/06\/fejlec-Technology.jpg\",\"width\":1920,\"height\":300},{\"@type\":\"BreadcrumbList\",\"@id\":\"https:\/\/insulation.trocellen.com\/hu\/technologia\/#breadcrumb\",\"itemListElement\":[{\"@type\":\"ListItem\",\"position\":1,\"name\":\"Home\",\"item\":\"https:\/\/insulation.trocellen.com\/hu\/\"},{\"@type\":\"ListItem\",\"position\":2,\"name\":\"Technol\u00f3gia\"}]},{\"@type\":\"WebSite\",\"@id\":\"https:\/\/insulation.trocellen.com\/hu\/#website\",\"url\":\"https:\/\/insulation.trocellen.com\/hu\/\",\"name\":\"Trocellen Insulation\",\"description\":\"\",\"potentialAction\":[{\"@type\":\"SearchAction\",\"target\":{\"@type\":\"EntryPoint\",\"urlTemplate\":\"https:\/\/insulation.trocellen.com\/hu\/?s={search_term_string}\"},\"query-input\":{\"@type\":\"PropertyValueSpecification\",\"valueRequired\":true,\"valueName\":\"search_term_string\"}}],\"inLanguage\":\"hu\"}]}<\/script>\n<!-- \/ Yoast SEO plugin. -->","yoast_head_json":{"title":"A Trocellen habgy\u00e1rt\u00e1si technol\u00f3gi\u00e1ja","description":"A Trocellen a mindk\u00e9t t\u00edpus\u00fa t\u00e9rh\u00e1l\u00f3s\u00edtott PO-hab vezet\u0151 eur\u00f3pai gy\u00e1rt\u00f3ja. Sz\u00e1mos habalap\u00fa term\u00e9ket k\u00edn\u00e1l az \u00e9p\u00edt\u0151ipar \u00e9s az \u00e9p\u00fcletg\u00e9p\u00e9szet sz\u00e1m\u00e1ra.","robots":{"index":"index","follow":"follow","max-snippet":"max-snippet:-1","max-image-preview":"max-image-preview:large","max-video-preview":"max-video-preview:-1"},"canonical":"https:\/\/insulation.trocellen.com\/hu\/technologia\/","og_locale":"hu_HU","og_type":"article","og_title":"A Trocellen habgy\u00e1rt\u00e1si technol\u00f3gi\u00e1ja","og_description":"A Trocellen a mindk\u00e9t t\u00edpus\u00fa t\u00e9rh\u00e1l\u00f3s\u00edtott PO-hab vezet\u0151 eur\u00f3pai gy\u00e1rt\u00f3ja. Sz\u00e1mos habalap\u00fa term\u00e9ket k\u00edn\u00e1l az \u00e9p\u00edt\u0151ipar \u00e9s az \u00e9p\u00fcletg\u00e9p\u00e9szet sz\u00e1m\u00e1ra.","og_url":"https:\/\/insulation.trocellen.com\/hu\/technologia\/","og_site_name":"Trocellen Insulation","article_modified_time":"2023-07-10T09:12:04+00:00","og_image":[{"width":1920,"height":300,"url":"https:\/\/insulation.trocellen.com\/wp-content\/uploads\/sites\/6\/2023\/06\/fejlec-Technology.jpg","type":"image\/jpeg"}],"twitter_card":"summary_large_image","twitter_misc":{"Becs\u00fclt olvas\u00e1si id\u0151":"1 perc"},"schema":{"@context":"https:\/\/schema.org","@graph":[{"@type":"WebPage","@id":"https:\/\/insulation.trocellen.com\/hu\/technologia\/","url":"https:\/\/insulation.trocellen.com\/hu\/technologia\/","name":"A Trocellen habgy\u00e1rt\u00e1si technol\u00f3gi\u00e1ja","isPartOf":{"@id":"https:\/\/insulation.trocellen.com\/hu\/#website"},"primaryImageOfPage":{"@id":"https:\/\/insulation.trocellen.com\/hu\/technologia\/#primaryimage"},"image":{"@id":"https:\/\/insulation.trocellen.com\/hu\/technologia\/#primaryimage"},"thumbnailUrl":"https:\/\/insulation.trocellen.com\/wp-content\/uploads\/sites\/6\/2023\/06\/fejlec-Technology.jpg","datePublished":"2013-12-12T17:09:09+00:00","dateModified":"2023-07-10T09:12:04+00:00","description":"A Trocellen a mindk\u00e9t t\u00edpus\u00fa t\u00e9rh\u00e1l\u00f3s\u00edtott PO-hab vezet\u0151 eur\u00f3pai gy\u00e1rt\u00f3ja. Sz\u00e1mos habalap\u00fa term\u00e9ket k\u00edn\u00e1l az \u00e9p\u00edt\u0151ipar \u00e9s az \u00e9p\u00fcletg\u00e9p\u00e9szet sz\u00e1m\u00e1ra.","breadcrumb":{"@id":"https:\/\/insulation.trocellen.com\/hu\/technologia\/#breadcrumb"},"inLanguage":"hu","potentialAction":[{"@type":"ReadAction","target":["https:\/\/insulation.trocellen.com\/hu\/technologia\/"]}]},{"@type":"ImageObject","inLanguage":"hu","@id":"https:\/\/insulation.trocellen.com\/hu\/technologia\/#primaryimage","url":"https:\/\/insulation.trocellen.com\/wp-content\/uploads\/sites\/6\/2023\/06\/fejlec-Technology.jpg","contentUrl":"https:\/\/insulation.trocellen.com\/wp-content\/uploads\/sites\/6\/2023\/06\/fejlec-Technology.jpg","width":1920,"height":300},{"@type":"BreadcrumbList","@id":"https:\/\/insulation.trocellen.com\/hu\/technologia\/#breadcrumb","itemListElement":[{"@type":"ListItem","position":1,"name":"Home","item":"https:\/\/insulation.trocellen.com\/hu\/"},{"@type":"ListItem","position":2,"name":"Technol\u00f3gia"}]},{"@type":"WebSite","@id":"https:\/\/insulation.trocellen.com\/hu\/#website","url":"https:\/\/insulation.trocellen.com\/hu\/","name":"Trocellen Insulation","description":"","potentialAction":[{"@type":"SearchAction","target":{"@type":"EntryPoint","urlTemplate":"https:\/\/insulation.trocellen.com\/hu\/?s={search_term_string}"},"query-input":{"@type":"PropertyValueSpecification","valueRequired":true,"valueName":"search_term_string"}}],"inLanguage":"hu"}]}},"_links":{"self":[{"href":"https:\/\/insulation.trocellen.com\/hu\/wp-json\/wp\/v2\/pages\/4088","targetHints":{"allow":["GET"]}}],"collection":[{"href":"https:\/\/insulation.trocellen.com\/hu\/wp-json\/wp\/v2\/pages"}],"about":[{"href":"https:\/\/insulation.trocellen.com\/hu\/wp-json\/wp\/v2\/types\/page"}],"author":[{"embeddable":true,"href":"https:\/\/insulation.trocellen.com\/hu\/wp-json\/wp\/v2\/users\/1"}],"replies":[{"embeddable":true,"href":"https:\/\/insulation.trocellen.com\/hu\/wp-json\/wp\/v2\/comments?post=4088"}],"version-history":[{"count":1,"href":"https:\/\/insulation.trocellen.com\/hu\/wp-json\/wp\/v2\/pages\/4088\/revisions"}],"predecessor-version":[{"id":9713,"href":"https:\/\/insulation.trocellen.com\/hu\/wp-json\/wp\/v2\/pages\/4088\/revisions\/9713"}],"wp:featuredmedia":[{"embeddable":true,"href":"https:\/\/insulation.trocellen.com\/hu\/wp-json\/wp\/v2\/media\/9392"}],"wp:attachment":[{"href":"https:\/\/insulation.trocellen.com\/hu\/wp-json\/wp\/v2\/media?parent=4088"}],"curies":[{"name":"wp","href":"https:\/\/api.w.org\/{rel}","templated":true}]}}